{"id":10168,"date":"2023-10-26T14:11:05","date_gmt":"2023-10-26T05:11:05","guid":{"rendered":"https:\/\/top-seiko.com\/technology\/diffusionsschweissens\/"},"modified":"2023-11-16T19:02:16","modified_gmt":"2023-11-16T10:02:16","slug":"tech05","status":"publish","type":"page","link":"https:\/\/top-seiko.com\/de\/technology\/tech05\/","title":{"rendered":"Diffusionsschwei\u00dfens"},"content":{"rendered":"<article class=\"m-tech04\">\n\t<!-- \u52a0\u5de5\u6280\u8853\u7d39\u4ecb --><\/p>\n<section class=\"technology\">\n<div class=\"container\">\n<h2 class=\"ttl01\"><span class=\"ja\">Diffusionsschwei\u00dfens<\/span><\/h2>\n<div class=\"contents_top box-shadow row\">\n<div class=\"contents_top_text col-sm-7\">\n<h4>Jetzt erreichbare Formen<\/h4>\n<p>Jedes Jahr w\u00e4chst die Nachfrage nach hochpr\u00e4zisen und komplexen bearbeiteten Formen weiter. Diese Formen sind entscheidend f\u00fcr die Verbesserung der Leistung der Ger\u00e4te, in die sie integriert werden. <\/p>\n<p>Zus\u00e4tzlich zu unseren traditionellen F\u00e4higkeiten in der Pr\u00e4zisionsbearbeitung entwickeln wir aktiv die Diffusionsschwei\u00dftechnologie, um der steigenden Nachfrage nach h\u00f6herer Leistung gerecht zu werden. Im Gegensatz zu Klebstoffen oder L\u00f6ten bietet die Diffusionsschwei\u00dftechnologie eine direkte Verbindung und beseitigt Bedenken hinsichtlich Unterschieden in der W\u00e4rmebest\u00e4ndigkeit oder den linearen Ausdehnungskoeffizienten. Diese Technologie erleichtert auch die Schaffung interner K\u00fchlmittel- und Gasflusswege und erm\u00f6glicht somit die Gestaltung innovativer Formen und L\u00f6sungen.<br \/>\n\t\t\t\t\t\t<br \/>\nDurch die Kombination unserer umfangreichen Erfahrung in der Pr\u00e4zisionsbearbeitung mit unserer neu eingef\u00fchrten Verbindungstechnologie sind wir nun in der Lage, Formen zu realisieren, die zuvor schwer zu erreichen waren, und tragen erheblich zur L\u00f6sung der technischen Herausforderungen unserer Kunden bei.<\/p>\n<\/p><\/div>\n<div class=\"contents_img img_frame col-sm-5 tC\">\n\t\t\t\t\t<img decoding=\"async\" src=\"\/img\/technology\/tech05\/tech05_img01.jpg\" alt=\"\"><\/p>\n<div class=\"frame\"><\/div>\n<\/p><\/div>\n<p>\t\t\t<!-- \/.contents_top --><\/div>\n<div class=\"detail_area_in box-shadow\">\n<table class=\"processing_table table-responsive2\">\n<tr>\n<th>Materialien<\/th>\n<td>\nRealisierte Diffusionen: Molybd\u00e4n, Nickel, Quarzglas, SiSiC, Aluminiumoxid, s\u00e4ulenf\u00f6rmiges Silizium&#8221;. (*Dies sind Diffusionen der gleichen Materialien).<br \/>\n<br \/>\n(*Wir experimentieren auch mit anderen Materialien).\n\t\t\t\t\t\t<\/td>\n<\/tr>\n<tr>\n<th>Helium-Leckrate<\/th>\n<td>\nUnterhalb von 1,0\u00d710^-9 [Pa\u00b7m^3\/sec] wurde mit Pr\u00fcfk\u00f6rpern f\u00fcr eines der oben genannten Materialien erreicht.[Pa\u00b7m^3\/sec]<br \/>\n(Helium-Lecksuchger\u00e4t installiert, in der Lage, bis zu 1,0\u00d710^-11 [Pa\u00b7m^3\/sec] zu messen)[Pa\u00b7m^3\/sec]\n\t\t\t\t\t\t<\/td>\n<\/tr>\n<\/table>\n<div class=\"processing_work\">\n<h3 class=\"ttl03\">Produktbeispiele<\/h3>\n<h4 class=\"ttl04 ml15\">Nickel<\/h4>\n<p class=\"ml15\">\u00f8310, 3 interne Flie\u00dfkan\u00e4le, Diffusionsschwei\u00dfen<\/p>\n<ul class=\"row\">\n<li class=\"col-sm-3 col-lg-3 col-xs-6\">\n\t\t\t\t\t\t\t<a href=\"\/img\/technology\/tech05\/case01.jpg\" data-lightbox=\"tech05\" data-title=\"\u52a0\u5de5\u4e8b\u4f8b\"><br \/>\n\t\t\t\t\t\t\t\t<img decoding=\"async\" src=\"\/img\/technology\/tech05\/case01.jpg\" alt=\"\"><br \/>\n\t\t\t\t\t\t\t<\/a>\n\t\t\t\t\t\t<\/li>\n<li class=\"col-sm-3 col-lg-3 col-xs-6\">\n\t\t\t\t\t\t\t<a href=\"\/img\/technology\/tech05\/case02.jpg\" data-lightbox=\"tech05\" data-title=\"\u52a0\u5de5\u4e8b\u4f8b\"><br \/>\n\t\t\t\t\t\t\t\t<img decoding=\"async\" src=\"\/img\/technology\/tech05\/case02.jpg\" alt=\"\"><br \/>\n\t\t\t\t\t\t\t<\/a>\n\t\t\t\t\t\t<\/li>\n<li class=\"col-sm-3 col-lg-3 col-xs-6\">\n\t\t\t\t\t\t\t<a href=\"\/img\/technology\/tech05\/case03.jpg\" data-lightbox=\"tech05\" data-title=\"\u52a0\u5de5\u4e8b\u4f8b\"><br \/>\n\t\t\t\t\t\t\t\t<img decoding=\"async\" src=\"\/img\/technology\/tech05\/case03.jpg\" alt=\"\"><br \/>\n\t\t\t\t\t\t\t<\/a>\n\t\t\t\t\t\t<\/li>\n<\/ul>\n<h4 class=\"ttl04 ml15\">SiSiC<\/h4>\n<p class=\"ml15\">\u03c6300mm, 3 St\u00fcck geschwei\u00dft, K\u00fchlschlitze, Seitenl\u00f6cher<\/p>\n<ul class=\"row\">\n<li class=\"col-sm-3 col-lg-3 col-xs-6\">\n\t\t\t\t\t\t\t<a href=\"\/img\/technology\/tech05\/case04.jpg\" data-lightbox=\"tech05\" data-title=\"\u52a0\u5de5\u4e8b\u4f8b\"><br \/>\n\t\t\t\t\t\t\t\t<img decoding=\"async\" src=\"\/img\/technology\/tech05\/case04.jpg\" alt=\"\"><br \/>\n\t\t\t\t\t\t\t<\/a>\n\t\t\t\t\t\t<\/li>\n<li class=\"col-sm-3 col-lg-3 col-xs-6\">\n\t\t\t\t\t\t\t<a href=\"\/img\/technology\/tech05\/case05.jpg\" data-lightbox=\"tech05\" data-title=\"\u52a0\u5de5\u4e8b\u4f8b\"><br \/>\n\t\t\t\t\t\t\t\t<img decoding=\"async\" src=\"\/img\/technology\/tech05\/case05.jpg\" alt=\"\"><br \/>\n\t\t\t\t\t\t\t<\/a>\n\t\t\t\t\t\t<\/li>\n<\/ul>\n<h4 class=\"ttl04 ml15\">Quarzglas<\/h4>\n<p class=\"ml15\">\u00f8390mm, 2 St\u00fcck kombiniert, interner Str\u00f6mungskanal, seitliche L\u00f6cher<\/p>\n<ul class=\"row\">\n<li class=\"col-sm-3 col-lg-3 col-xs-6\">\n\t\t\t\t\t\t\t<a href=\"\/img\/technology\/tech05\/case06.jpg\" data-lightbox=\"tech05\" data-title=\"\u52a0\u5de5\u4e8b\u4f8b\"><br \/>\n\t\t\t\t\t\t\t\t<img decoding=\"async\" src=\"\/img\/technology\/tech05\/case06.jpg\" alt=\"\"><br \/>\n\t\t\t\t\t\t\t<\/a>\n\t\t\t\t\t\t<\/li>\n<li class=\"col-sm-3 col-lg-3 col-xs-6\">\n\t\t\t\t\t\t\t<a href=\"\/img\/technology\/tech05\/case07.jpg\" data-lightbox=\"tech05\" data-title=\"\u52a0\u5de5\u4e8b\u4f8b\"><br \/>\n\t\t\t\t\t\t\t\t<img decoding=\"async\" src=\"\/img\/technology\/tech05\/case07.jpg\" alt=\"\"><br \/>\n\t\t\t\t\t\t\t<\/a>\n\t\t\t\t\t\t<\/li>\n<li class=\"col-sm-3 col-lg-3 col-xs-6\">\n\t\t\t\t\t\t\t<a href=\"\/img\/technology\/tech05\/case08.jpg\" data-lightbox=\"tech05\" data-title=\"\u52a0\u5de5\u4e8b\u4f8b\"><br \/>\n\t\t\t\t\t\t\t\t<img decoding=\"async\" src=\"\/img\/technology\/tech05\/case08.jpg\" alt=\"\"><br \/>\n\t\t\t\t\t\t\t<\/a>\n\t\t\t\t\t\t<\/li>\n<\/ul>\n<h4 class=\"ttl04 ml15\">SiSiC<\/h4>\n<p class=\"ml15\">\u03c6390mm, 2 St\u00fcck geschwei\u00dft, Innenkanal, Seitenl\u00f6cher. <br \/>*Ergebnis der Messung der Heliumleckage im Innenkanal: 6,0&#215;10-12Pa-m3\/sec oder weniger (Zielwert erreicht).<\/p>\n<ul class=\"row\">\n<li class=\"col-sm-3 col-lg-3 col-xs-6\">\n\t\t\t\t\t\t\t<a href=\"\/img\/technology\/tech05\/case09.jpg\" data-lightbox=\"tech05\" data-title=\"\u52a0\u5de5\u4e8b\u4f8b\"><br \/>\n\t\t\t\t\t\t\t\t<img decoding=\"async\" src=\"\/img\/technology\/tech05\/case09.jpg\" alt=\"\"><br \/>\n\t\t\t\t\t\t\t<\/a>\n\t\t\t\t\t\t<\/li>\n<li class=\"col-sm-3 col-lg-3 col-xs-6\">\n\t\t\t\t\t\t\t<a href=\"\/img\/technology\/tech05\/case10.jpg\" data-lightbox=\"tech05\" data-title=\"\u52a0\u5de5\u4e8b\u4f8b\"><br \/>\n\t\t\t\t\t\t\t\t<img decoding=\"async\" src=\"\/img\/technology\/tech05\/case10.jpg\" alt=\"\"><br \/>\n\t\t\t\t\t\t\t<\/a>\n\t\t\t\t\t\t<\/li>\n<li class=\"col-sm-3 col-lg-3 col-xs-6\">\n\t\t\t\t\t\t\t<a href=\"\/img\/technology\/tech05\/case11.jpg\" data-lightbox=\"tech05\" data-title=\"\u52a0\u5de5\u4e8b\u4f8b\"><br \/>\n\t\t\t\t\t\t\t\t<img decoding=\"async\" src=\"\/img\/technology\/tech05\/case11.jpg\" alt=\"\"><br \/>\n\t\t\t\t\t\t\t<\/a>\n\t\t\t\t\t\t<\/li>\n<\/ul>\n<h4 class=\"ttl04 ml15\">Aluminiumoxid<\/h4>\n<p class=\"ml15\">50x100mm, 2 St\u00fcck geschwei\u00dft, interne Str\u00f6mungskan\u00e4le<\/p>\n<ul class=\"row\">\n<li class=\"col-sm-3 col-lg-3 col-xs-6\">\n\t\t\t\t\t\t\t<a href=\"\/img\/technology\/tech05\/case12.jpg\" data-lightbox=\"tech05\" data-title=\"\u52a0\u5de5\u4e8b\u4f8b\"><br \/>\n\t\t\t\t\t\t\t\t<img decoding=\"async\" src=\"\/img\/technology\/tech05\/case12.jpg\" alt=\"\"><br \/>\n\t\t\t\t\t\t\t<\/a>\n\t\t\t\t\t\t<\/li>\n<li class=\"col-sm-3 col-lg-3 col-xs-6\">\n\t\t\t\t\t\t\t<a href=\"\/img\/technology\/tech05\/case13.jpg\" data-lightbox=\"tech05\" data-title=\"\u52a0\u5de5\u4e8b\u4f8b\"><br \/>\n\t\t\t\t\t\t\t\t<img decoding=\"async\" src=\"\/img\/technology\/tech05\/case13.jpg\" alt=\"\"><br \/>\n\t\t\t\t\t\t\t<\/a>\n\t\t\t\t\t\t<\/li>\n<li class=\"col-sm-3 col-lg-3 col-xs-6\">\n\t\t\t\t\t\t\t<a href=\"\/img\/technology\/tech05\/case14.jpg\" data-lightbox=\"tech05\" data-title=\"\u52a0\u5de5\u4e8b\u4f8b\"><br \/>\n\t\t\t\t\t\t\t\t<img decoding=\"async\" src=\"\/img\/technology\/tech05\/case14.jpg\" alt=\"\"><br \/>\n\t\t\t\t\t\t\t<\/a>\n\t\t\t\t\t\t<\/li>\n<\/ul>\n<h4 class=\"ttl04 ml15\">Molybd\u00e4n<\/h4>\n<p class=\"ml15\">\u03c6270mm, 2 St\u00fcck geschwei\u00dft, interne Str\u00f6mungskan\u00e4le. Ergebnis der Heliumleckagemessung in den internen Kan\u00e4len: 5,0&#215;10-11Pa-m3\/sec oder weniger (Zielwert erreicht).\n<\/p>\n<ul class=\"row\">\n<li class=\"col-sm-3 col-lg-3 col-xs-6\">\n\t\t\t\t\t\t\t<a href=\"\/img\/technology\/tech05\/case15.jpg\" data-lightbox=\"tech05\" data-title=\"\u52a0\u5de5\u4e8b\u4f8b\"><br \/>\n\t\t\t\t\t\t\t\t<img decoding=\"async\" src=\"\/img\/technology\/tech05\/case15.jpg\" alt=\"\"><br \/>\n\t\t\t\t\t\t\t<\/a>\n\t\t\t\t\t\t<\/li>\n<li class=\"col-sm-3 col-lg-3 col-xs-6\">\n\t\t\t\t\t\t\t<a href=\"\/img\/technology\/tech05\/case16.jpg\" data-lightbox=\"tech05\" data-title=\"\u52a0\u5de5\u4e8b\u4f8b\"><br \/>\n\t\t\t\t\t\t\t\t<img decoding=\"async\" src=\"\/img\/technology\/tech05\/case16.jpg\" alt=\"\"><br \/>\n\t\t\t\t\t\t\t<\/a>\n\t\t\t\t\t\t<\/li>\n<li class=\"col-sm-3 col-lg-3 col-xs-6\">\n\t\t\t\t\t\t\t<a href=\"\/img\/technology\/tech05\/case17.jpg\" data-lightbox=\"tech05\" data-title=\"\u52a0\u5de5\u4e8b\u4f8b\"><br \/>\n\t\t\t\t\t\t\t\t<img decoding=\"async\" src=\"\/img\/technology\/tech05\/case17.jpg\" alt=\"\"><br \/>\n\t\t\t\t\t\t\t<\/a>\n\t\t\t\t\t\t<\/li>\n<\/ul>\n<h4 class=\"ttl04 ml15\">Quarzglas<\/h4>\n<p class=\"ml15\">\u03c696mm, 3 St\u00fcck verschwei\u00dft, 2 Innenkan\u00e4le<\/p>\n<ul class=\"row\">\n<li class=\"col-sm-3 col-lg-3 col-xs-6\">\n\t\t\t\t\t\t\t<a href=\"\/img\/technology\/tech05\/case18.jpg\" data-lightbox=\"tech05\" data-title=\"\u52a0\u5de5\u4e8b\u4f8b\"><br \/>\n\t\t\t\t\t\t\t\t<img decoding=\"async\" src=\"\/img\/technology\/tech05\/case18.jpg\" alt=\"\"><br \/>\n\t\t\t\t\t\t\t<\/a>\n\t\t\t\t\t\t<\/li>\n<li class=\"col-sm-3 col-lg-3 col-xs-6\">\n\t\t\t\t\t\t\t<a href=\"\/img\/technology\/tech05\/case19.jpg\" data-lightbox=\"tech05\" data-title=\"\u52a0\u5de5\u4e8b\u4f8b\"><br \/>\n\t\t\t\t\t\t\t\t<img decoding=\"async\" src=\"\/img\/technology\/tech05\/case19.jpg\" alt=\"\"><br \/>\n\t\t\t\t\t\t\t<\/a>\n\t\t\t\t\t\t<\/li>\n<li class=\"col-sm-3 col-lg-3 col-xs-6\">\n\t\t\t\t\t\t\t<a href=\"\/img\/technology\/tech05\/case20.jpg\" data-lightbox=\"tech05\" data-title=\"\u52a0\u5de5\u4e8b\u4f8b\"><br \/>\n\t\t\t\t\t\t\t\t<img decoding=\"async\" src=\"\/img\/technology\/tech05\/case20.jpg\" alt=\"\"><br \/>\n\t\t\t\t\t\t\t<\/a>\n\t\t\t\t\t\t<\/li>\n<\/ul><\/div>\n<p>\t\t\t<!-- detail_area_in --><\/div>\n<\/p><\/div>\n<p>\t\t<!-- container --><\/div>\n<\/section>\n<\/article>\n","protected":false},"excerpt":{"rendered":"<p>Diffusionsschwei\u00dfens Jetzt erreichbare Formen Jedes Jahr w\u00e4chst die Nachfrage nach hochpr\u00e4zisen und komplexen bearbeiteten Formen weiter. Diese Formen sind entscheidend f\u00fcr die Verbesserung der Leistung der Ger\u00e4te, in die sie integriert werden. Zus\u00e4tzlich zu unseren traditionellen F\u00e4higkeiten in der Pr\u00e4zisionsbearbeitung entwickeln wir aktiv die Diffusionsschwei\u00dftechnologie, um der steigenden Nachfrage nach h\u00f6herer Leistung gerecht zu werden. Im Gegensatz zu Klebstoffen oder L\u00f6ten bietet die Diffusionsschwei\u00dftechnologie eine direkte Verbindung und beseitigt Bedenken hinsichtlich Unterschieden in der W\u00e4rmebest\u00e4ndigkeit oder den linearen Ausdehnungskoeffizienten. Diese Technologie erleichtert auch die Schaffung interner K\u00fchlmittel- und Gasflusswege und erm\u00f6glicht somit die Gestaltung innovativer Formen und L\u00f6sungen. Durch die Kombination unserer umfangreichen Erfahrung in der Pr\u00e4zisionsbearbeitung mit unserer neu [&hellip;]<\/p>\n","protected":false},"author":1,"featured_media":0,"parent":8571,"menu_order":0,"comment_status":"closed","ping_status":"closed","template":"","meta":{"om_disable_all_campaigns":false,"_monsterinsights_skip_tracking":false,"_monsterinsights_sitenote_active":false,"_monsterinsights_sitenote_note":"","_monsterinsights_sitenote_category":0,"footnotes":""},"aioseo_notices":[],"_links":{"self":[{"href":"https:\/\/top-seiko.com\/de\/wp-json\/wp\/v2\/pages\/10168"}],"collection":[{"href":"https:\/\/top-seiko.com\/de\/wp-json\/wp\/v2\/pages"}],"about":[{"href":"https:\/\/top-seiko.com\/de\/wp-json\/wp\/v2\/types\/page"}],"author":[{"embeddable":true,"href":"https:\/\/top-seiko.com\/de\/wp-json\/wp\/v2\/users\/1"}],"replies":[{"embeddable":true,"href":"https:\/\/top-seiko.com\/de\/wp-json\/wp\/v2\/comments?post=10168"}],"version-history":[{"count":2,"href":"https:\/\/top-seiko.com\/de\/wp-json\/wp\/v2\/pages\/10168\/revisions"}],"predecessor-version":[{"id":10173,"href":"https:\/\/top-seiko.com\/de\/wp-json\/wp\/v2\/pages\/10168\/revisions\/10173"}],"up":[{"embeddable":true,"href":"https:\/\/top-seiko.com\/de\/wp-json\/wp\/v2\/pages\/8571"}],"wp:attachment":[{"href":"https:\/\/top-seiko.com\/de\/wp-json\/wp\/v2\/media?parent=10168"}],"curies":[{"name":"wp","href":"https:\/\/api.w.org\/{rel}","templated":true}]}}