{"id":11638,"date":"2024-03-29T16:49:49","date_gmt":"2024-03-29T07:49:49","guid":{"rendered":"https:\/\/top-seiko.com\/?page_id=11638"},"modified":"2024-10-03T18:34:27","modified_gmt":"2024-10-03T09:34:27","slug":"test240401","status":"publish","type":"page","link":"https:\/\/top-seiko.com\/de\/","title":{"rendered":"Top Seiko &#8211; Pr\u00e4zisionsmechanik in Schwierigen Materialien"},"content":{"rendered":"<article class=\"m-index -innov\">\n<section class=\"section01\">\n<div class=\"container\">\n<div class=\"row\">\n<div class=\"img col-xs-12 col-sm-4 col-md-4 col-lg-4\"><img decoding=\"async\" src=\"https:\/\/top-seiko.com\/img\/en_innov\/body_img01.png\" srcset=\"https:\/\/top-seiko.com\/img\/en_innov\/body_img01.png 1x, https:\/\/top-seiko.com\/img\/en_innov\/body_img01@2x.png 2x\" alt=\"\"><\/div>\n<div class=\"text col-xs-12 col-sm-6 col-md-6 col-lg-6\">\n<h3>KRAFT DER KREATION<\/h3>\n<p>Wir sind stolz auf unsere technischen F\u00e4higkeiten, die unter den Herstellern von Keramik und hochschmelzenden Metallen sowohl in Bezug auf die Ma\u00dfgenauigkeit als auch auf die geometrische Genauigkeit f\u00fchrend sind. Die von unseren Kunden geforderte Pr\u00e4zision ist grenzenlos und wird mit dem Wandel der Zeit und der Technologie immer anspruchsvoller. Um mit diesen Anforderungen Schritt zu halten, streben wir st\u00e4ndig nach einer stabilen Hochpr\u00e4zisionsbearbeitung und f\u00fchren immer wieder Testbearbeitungen durch, um unsere technischen F\u00e4higkeiten weiter zu verbessern.  <\/p>\n<ul>\n<li>Au\u00dfendurchmesser\/Innendurchmesser-Bearbeitung<\/li>\n<li>Drehen<\/li>\n<li>Pr\u00e4zisionsschleifen<\/li>\n<li>Zylindrisches Schleifen<\/li>\n<li>3D-Bearbeitung von komplizierten Konturen<\/li>\n<li>Diffusionsschwei\u00dfen<\/li>\n<\/ul><\/div>\n<\/p><\/div>\n<div class=\"row -reverse\">\n<div class=\"img col-xs-12 col-sm-4 col-md-4 col-lg-4\"><img decoding=\"async\" src=\"https:\/\/top-seiko.com\/img\/en_innov\/body_img02.png\" srcset=\"https:\/\/top-seiko.com\/img\/en_innov\/body_img02.png 1x, https:\/\/top-seiko.com\/img\/en_innov\/body_img02@2x.png 2x\" alt=\"\"><\/div>\n<div class=\"text col-xs-12 col-sm-6 col-md-6 col-lg-6\">\n<h3>WISSEN TEILEN<\/h3>\n<p>Da wir kein Materialhersteller sind, k\u00f6nnen unsere Kunden von unserem unvoreingenommenen Wissen \u00fcber exotische harte Materialien profitieren, um das beste Material f\u00fcr ihre Anwendungen auszuw\u00e4hlen. Wir haben unsere Kunden bei der Ersetzung von Werkstoffen f\u00fcr ihre bestehenden Teile unterst\u00fctzt. Es gibt viele erfolgreiche F\u00e4lle, in denen unsere Kunden von der verbesserten Funktionalit\u00e4t ihrer Teile profitiert haben, die dazu f\u00fchrte, dass sie ihre Konkurrenten \u00fcbertrafen, oder von der l\u00e4ngeren Lebensdauer der Teile, die zu niedrigeren Kosten, geringerer Wartung und weniger Ausfallzeiten f\u00fchrte.  <\/p>\n<\/p><\/div>\n<\/p><\/div>\n<div class=\"imgC col-xs-12 col-sm-6 col-md-6 col-lg-6\"><img decoding=\"async\" src=\"https:\/\/top-seiko.com\/img\/en_innov\/body_img03.png\" srcset=\"https:\/\/top-seiko.com\/img\/en_innov\/body_img03.png 1x, https:\/\/top-seiko.com\/img\/en_innov\/body_img03@2x.png 2x\" alt=\"\"><\/div>\n<\/p><\/div>\n<\/section>\n<section class=\"section02\">\n<h3 class=\"ttl\">\u00dcBER UNS<\/h3>\n<div class=\"container\">\n<div class=\"youtube\">\n<div class=\"youtube__inner row\">\n<div class=\"text col-sm-7\">\n<p><span>Viele Pr\u00e4zisionsteile wurden aus herk\u00f6mmlichen metallischen Werkstoffen hergestellt. Aber wir bearbeiten exotische, harte Werkstoffe und stellen die gleichen Teile her.<\/span><br \/>\n Unter diesem Motto hat sich Top Seiko auf ultraharte Werkstoffe wie Hochleistungskeramik, Gl\u00e4ser, hochschmelzende Metalle und neu entwickelte Hochleistungswerkstoffe wie Verbundwerkstoffe spezialisiert. Auf der Grundlage der Zerspanungseigenschaften der einzelnen Materialien und der Komplexit\u00e4t der Form des Teils bestimmen wir die am besten geeignete Herstellungsmethode mit Hilfe physikalischer und chemischer Verfahren. <\/p>\n<p> Wir sind auch Experten f\u00fcr die Entwicklung von Bearbeitungswerkzeugen, die die Produktivit\u00e4t maximieren und gleichzeitig die h\u00f6chste Qualit\u00e4t der Produkte gew\u00e4hrleisten. Die meisten dieser Werkzeuge werden von Werkzeugherstellern nach unseren Vorgaben gefertigt. Wenn nicht, stellen wir sie selbst her.  <\/p>\n<p> Wir forschen und investieren st\u00e4ndig in neue Technologien, um unseren Kunden Bearbeitungsdienstleistungen von h\u00f6chster Qualit\u00e4t bieten zu k\u00f6nnen. Dar\u00fcber hinaus f\u00fchren wir regelm\u00e4\u00dfig Testbearbeitungen durch, um Daten zu sammeln und unsere F\u00e4higkeiten weiter auszubauen.\n                        <\/p>\n<\/p><\/div>\n<div class=\"movie col-sm-5\"><a href=\"https:\/\/youtu.be\/4XVhlnLyBkk?si=JAPZt-YRlHX0U0E4\" target=\"_blank\" rel=\"noopener noreferrer\"><img decoding=\"async\" src=\"https:\/\/top-seiko.com\/img\/index\/Top_Seiko-Youtube_Banner.png\" alt=\"youtube\"><\/a><\/div>\n<\/p><\/div>\n<\/p><\/div>\n<\/p><\/div>\n<div class=\"list\">\n<ul class=\"tech_kind row\">\n<li class=\"tech_kind_box col-xs-12 col-sm-6\">\n<div class=\"tech_kind_box_in row\">\n<div class=\"left col-sm-6\">\n<h4>Komplexe &amp; 3D-Bearbeitung<\/h4>\n<div>\n                            <img decoding=\"async\" src=\"https:\/\/top-seiko.com\/img\/index\/index_tech_img01.jpg\" alt=\"\">\n                        <\/div>\n<\/p><\/div>\n<div class=\"tech_kind_box_in2 col-sm-6\">\n<p>Mit modernster Technologie, wie z. B. Hochgeschwindigkeitsfr\u00e4szentren mit Linearmotorantrieb und 5-Achsen-Bearbeitungszentren, bietet Top Seiko Pr\u00e4zisionsbearbeitungsdienstleistungen f\u00fcr extrem harte Materialien an. Wir sind spezialisiert auf die komplexe und pr\u00e4zise Bearbeitung von komplizierten Konturen, Schlitzen, Nuten, Gr\u00e4ben, Stufen\/erh\u00f6hten Formen, Senkbohrungen, Gewinden, geraden\/konischen L\u00f6chern usw. in Keramik, Glas und feuerfesten Metallen. 3D-Bearbeitungsservice ist f\u00fcr Keramik und Molybd\u00e4n verf\u00fcgbar.  <\/p>\n<div class=\"detail_btn tC\">\n                            <a href=\"..\/technology\/tech01\/\"><\/a>\n                        <\/div>\n<\/p><\/div>\n<p>                <!-- \/.tech_kind_box_in --><\/div>\n<p>            <!-- \/.tech_kind_box.col-sm-3 --><\/li>\n<li class=\"tech_kind_box col-xs-12 col-sm-6\">\n<div class=\"tech_kind_box_in row\">\n<div class=\"left col-sm-6\">\n<h4>Hochpr\u00e4zisions-\/Mikrobearbeitung<\/h4>\n<div>\n                            <img decoding=\"async\" src=\"https:\/\/top-seiko.com\/img\/index\/index_tech_img02.jpg\" alt=\"\">\n                        <\/div>\n<\/p><\/div>\n<div class=\"tech_kind_box_in2 col-sm-6\">\n<p>Herausforderungen bei der Bearbeitung logisch mit physikalischen und chemischen Ans\u00e4tzen angehen ist unser Motto. <br \/>\n Als branchenf\u00fchrender Anbieter sind wir in der Lage, Hochpr\u00e4zisions- und Mikrobearbeitungsdienstleistungen f\u00fcr eine Vielzahl von exotischen Hartstoffen anzubieten. Mit unserem fundierten Wissen \u00fcber diese Werkstoffe, modernsten Pr\u00e4zisionsmaschinen und -werkzeugen, erfahrenen Ingenieuren und gut ausgebildeten Maschinenbedienern fertigen wir kundenspezifische Teile mit einer Genauigkeit im Mikrometerbereich. <br \/>\n Au\u00dferdem verf\u00fcgen wir \u00fcber Messger\u00e4te, mit denen wir die Ma\u00dfhaltigkeit jedes bearbeiteten Teils garantieren k\u00f6nnen. <\/p>\n<div class=\"detail_btn tC\">\n                            <a href=\"..\/technology\/tech02\/\"><\/a>\n                        <\/div>\n<\/p><\/div>\n<p>                <!-- \/.tech_kind_box_in --><\/div>\n<p>            <!-- \/.tech_kind_box.col-sm-3 --><\/li>\n<li class=\"tech_kind_box col-xs-12 col-sm-6\">\n<div class=\"tech_kind_box_in row\">\n<div class=\"left col-sm-6\">\n<h4>Bohren von L\u00f6chern<\/h4>\n<div>\n                            <img decoding=\"async\" src=\"https:\/\/top-seiko.com\/img\/index\/index_tech_img03.jpg\" alt=\"\">\n                        <\/div>\n<\/p><\/div>\n<div class=\"tech_kind_box_in2 col-sm-6\">\n<p>Das Bohren von L\u00f6chern in harten Materialien ist unsere Spezialit\u00e4t. Pr\u00e4zisionsbohrungen, Mikrobohrungen und Mehrfachbohrungen k\u00f6nnen in Keramik, Gl\u00e4sern und Refrakt\u00e4rmetallen wie Wolfram, Molybd\u00e4n und Tantal hergestellt werden.  <br \/>Wir konstruieren Bearbeitungswerkzeuge, um L\u00f6cher genau nach Ihren Anforderungen zu bohren. Teilen Sie uns einfach den Durchmesser, die Tiefe, die Toleranzen usw. der von Ihnen ben\u00f6tigten L\u00f6cher mit!  <\/p>\n<div class=\"detail_btn tC\">\n                            <a href=\"..\/technology\/tech03\/\"><\/a>\n                        <\/div>\n<\/p><\/div>\n<p>                <!-- \/.tech_kind_box_in --><\/div>\n<p>            <!-- \/.tech_kind_box --><\/li>\n<li class=\"tech_kind_box col-xs-12 col-sm-6\">\n<div class=\"tech_kind_box_in row\">\n<div class=\"left col-sm-6\">\n<h4>Tieflochbohren<\/h4>\n<div>\n                            <img decoding=\"async\" src=\"https:\/\/top-seiko.com\/img\/index\/index_tech_img04.jpg\" alt=\"\">\n                        <\/div>\n<\/p><\/div>\n<div class=\"tech_kind_box_in2 col-sm-6\">\n<p>Mit ma\u00dfgeschneiderten Bearbeitungswerkzeugen, die von unserem Ingenieurteam entwickelt wurden, sind wir stolz darauf, tiefe gerade L\u00f6cher und lange konische L\u00f6cher in ultraharte Materialien wie Hochleistungskeramik, Quarzglas, Molybd\u00e4n und Wolfram zu bohren. <br \/>\n Die Schl\u00fcssel zum Erfolg beim Tieflochbohren sind: 1. den Bohrer gerade halten, 2. die Sp\u00e4ne aus dem Loch sp\u00fclen und die Ansammlung von Sp\u00e4nen am Boden des Lochs vermeiden. Und wir wissen genau, wie man das macht!   <\/p>\n<div class=\"detail_btn tC\">\n                            <a href=\"..\/technology\/tech04\/\"><\/a>\n                        <\/div>\n<\/p><\/div>\n<p>                <!-- \/.tech_kind_box_in --><\/div>\n<p>            <!-- \/.tech_kind_box.col-sm-3 --><\/li>\n<li class=\"tech_kind_box col-xs-12 col-sm-6\">\n<div class=\"tech_kind_box_in row\">\n<div class=\"left col-sm-6\">\n<h4>Diffusionsschwei\u00dfen<\/h4>\n<div>\n                            <img decoding=\"async\" src=\"https:\/\/top-seiko.com\/img\/index\/index_tech_img05.jpg\" alt=\"\">\n                        <\/div>\n<\/p><\/div>\n<div class=\"tech_kind_box_in2 col-sm-6\">\n<p>Neben der konventionellen Pr\u00e4zisionsbearbeitung konzentrieren wir uns auf die Entwicklung des &#8220;Diffusionsbondens&#8221; als eine Technologie, die den Bedarf an h\u00f6herer Leistung erf\u00fcllt.<br \/>\n Durch die Kombination der Pr\u00e4zisionsbearbeitungstechnologie, die wir im Laufe der Jahre aufgebaut haben, mit unserer neu eingef\u00fchrten Verbindungstechnologie sind wir in der Lage, Formen zu erzielen, die in der Vergangenheit nur schwer zu erreichen waren, und zur L\u00f6sung der technischen Probleme unserer Kunden beizutragen.<\/p>\n<div class=\"detail_btn tC\">\n                            <a href=\"..\/technology\/tech05\/\"><\/a>\n                        <\/div>\n<\/p><\/div>\n<p>                <!-- \/.tech_kind_box_in --><\/div>\n<p>            <!-- \/.tech_kind_box.col-sm-3 --><\/li>\n<p>        <!-- \/.tech_kind --><\/ul>\n<p class=\"btn\"><a href=\"..\/technology\/\"><span>Erfahren Sie mehr<\/span><\/a><\/p>\n<\/p><\/div>\n<\/section>\n<section class=\"section03\">\n<div class=\"container\">\n<h3>UNSERE DIENSTLEISTUNGEN<\/h3>\n<div class=\"wrap\">\n<ul class=\"list\">\n<li class=\"col-xs-12 col-sm-4\">\n<h4>PR\u00c4ZISIONSBEARBEITUNG<\/h4>\n<p>                        <img decoding=\"async\" src=\"https:\/\/top-seiko.com\/img\/en_innov\/services01.png\" srcset=\"https:\/\/top-seiko.com\/img\/en_innov\/services01.png 1x, https:\/\/top-seiko.com\/img\/en_innov\/services01@2x.png 2x\" alt=\"\"><\/p>\n<p class=\"ttl\">FORMGEBUNG\/3D-BEARBEITUNG<\/p>\n<dl>\n<dt>Was auf Stahl bearbeitet werden kann, kann auf allen Materialien bearbeitet werden<\/dt>\n<dd>Mit Werkzeugmaschinen wie 3-Achsen-Fr\u00e4smaschinen und linearen Fr\u00e4smaschinen f\u00fchren wir eine Vielzahl von Bearbeitungen durch, wie z. B. die Bearbeitung von Au\u00dfenformen, Bohren, Unebenheiten, Nuten und Schrauben an schwer zu bearbeitenden Werkstoffen. Wir sind auch in der Lage, gekr\u00fcmmte Oberfl\u00e4chen und dreidimensionale Formen in 3D zu bearbeiten und L\u00f6cher in solche Sonderformen zu bohren. Dar\u00fcber hinaus sind wir auch auf Tieflochbohrungen auf der Seitenfl\u00e4che spezialisiert.  <\/dd>\n<\/dl>\n<\/li>\n<li class=\"col-xs-12 col-sm-4\">\n<h4>MATERIALL\u00d6SUNG<\/h4>\n<p>                        <img decoding=\"async\" src=\"https:\/\/top-seiko.com\/img\/en_innov\/services02.png\" srcset=\"https:\/\/top-seiko.com\/img\/en_innov\/services02.png 1x, https:\/\/top-seiko.com\/img\/en_innov\/services02@2x.png 2x\" alt=\"\"><\/p>\n<p class=\"ttl\">UNEINGESCHR\u00c4NKTES MATERIALWISSEN<\/p>\n<dl>\n<dt>Die richtige Wahl zu treffen kann den Unterschied ausmachen<\/dt>\n<dd>Top Seiko bietet Ihnen Unterst\u00fctzung bei der Materialauswahl, indem wir Ihnen Materialien auf der Grundlage der f\u00fcr Ihre Anwendung wichtigen Materialeigenschaften empfehlen. Da wir keine Materialien herstellen, k\u00f6nnen Sie sich auf unsere unvoreingenommene Materialkenntnis verlassen, um das am besten geeignete Material f\u00fcr Ihre Anwendung auszuw\u00e4hlen. Wir bieten nicht nur Werkstoffe von japanischen Herstellern, sondern auch von solchen au\u00dferhalb Japans an. Au\u00dferdem haben wir eine Vielzahl von Werkstoffen auf Lager, die wir schnell liefern k\u00f6nnen. Nutzen Sie unseren umfassenden Pr\u00e4zisionsbearbeitungsservice einschlie\u00dflich Unterst\u00fctzung bei der Materialauswahl und Materialbeschaffung f\u00fcr Ihre Produktentwicklungsprojekte! Dar\u00fcber hinaus gibt es viele erfolgreiche F\u00e4lle, in denen durch den Austausch von Werkstoffen die Qualit\u00e4t verbessert, die Lebensdauer verl\u00e4ngert und die Produktivit\u00e4t bzw. der Produktertrag gesteigert werden konnte. Lassen Sie uns auch Ihnen helfen!      <\/dd>\n<\/dl>\n<\/li>\n<li class=\"col-xs-12 col-sm-4\">\n<h4>UNTERST\u00dcTZUNG F&amp;E<\/h4>\n<p>                        <img decoding=\"async\" src=\"https:\/\/top-seiko.com\/img\/en_innov\/services03.png\" srcset=\"https:\/\/top-seiko.com\/img\/en_innov\/services03.png 1x, https:\/\/top-seiko.com\/img\/en_innov\/services03@2x.png 2x\" alt=\"\"><\/p>\n<p class=\"ttl\">UNTERST\u00dcTZUNG BEI DER ENTWICKLUNG<\/p>\n<dl>\n<dt>Bringen Sie Ihre aufregenden innovativen Produkte in die kommerzielle Realit\u00e4t<\/dt>\n<dd>Mit unseren neuesten Maschinen, verschiedenen Arten von Bearbeitungswerkzeugen auf Lager und erfahrenen Ingenieuren und Maschinenbedienern helfen wir unseren Kunden, ihre Produktentwicklungsprojekte so schnell wie m\u00f6glich zu starten. Sie k\u00f6nnen auf uns z\u00e4hlen, wenn es um die Bearbeitung von Prototypen in kleinen St\u00fcckzahlen oder um die Bearbeitung von Serienprodukten in gro\u00dfen St\u00fcckzahlen geht. F\u00fcr Ihren anspruchsvollen Bearbeitungsbedarf f\u00fchren wir Testbearbeitungen durch. Auf der Grundlage der Testergebnisse entscheiden wir \u00fcber die besten Bearbeitungsbedingungen, um Ihre h\u00f6chsten Anforderungen zu erf\u00fcllen und zu \u00fcbertreffen. Wir f\u00fchren sogar so lange Tests durch, bis die gew\u00fcnschten Ergebnisse erzielt werden.    <\/dd>\n<\/dl>\n<\/li>\n<\/ul><\/div>\n<\/p><\/div>\n<\/section>\n<section class=\"section04\">\n<h3 class=\"ttl\">LEITFADEN F\u00dcR BEARBEITUNGSMATERIALIEN<\/h3>\n<div class=\"container\">\n<div class=\"guide row\">\n<div class=\"col-sm-6 col-xs-12\">\n<h4 class=\"tC\">Suche nach Merkmalen<\/h4>\n<ul>\n<li class=\"tC\"><a href=\"..\/guide\/characteristic\/\">Materialien und Anwendungen<i class=\"fa fa-caret-right fr\" aria-hidden=\"true\"><\/i><\/a><\/li>\n<li class=\"tC\"><a href=\"..\/guide\/heat_resisting\/\">Hitzebest\u00e4ndiges Material<i class=\"fa fa-caret-right fr\" aria-hidden=\"true\"><\/i><\/a><\/li>\n<li class=\"tC\"><a href=\"..\/guide\/insulation\/\">Isolierendes Material <i class=\"fa fa-caret-right fr\" aria-hidden=\"true\"><\/i><\/a><\/li>\n<\/ul><\/div>\n<div class=\"col-sm-6 col-xs-12\">\n<h4 class=\"tC\">Suche nach Daten<\/h4>\n<ul>\n<li class=\"tC\"><a href=\"..\/guide\/graph\/\">Materialeigenschaften und Vergleichstabellen<i class=\"fa fa-caret-right fr\" aria-hidden=\"true\"><\/i><\/a><\/li>\n<li class=\"tC\"><a href=\"..\/guide\/hardness\/\">H\u00e4rte Materialien<i class=\"fa fa-caret-right fr\" aria-hidden=\"true\"><\/i><\/a><\/li>\n<li class=\"tC\"><a href=\"..\/guide\/unit\/\">Tabelle zur Einheitenumrechnung<i class=\"fa fa-caret-right fr\" aria-hidden=\"true\"><\/i><\/a><\/li>\n<\/ul><\/div>\n<\/p><\/div>\n<p class=\"btn\"><a href=\"..\/download\/\">Dokumente Download<\/a><\/p>\n<\/p><\/div>\n<\/section>\n<\/article>\n","protected":false},"excerpt":{"rendered":"<p>KRAFT DER KREATION Wir sind stolz auf unsere technischen F\u00e4higkeiten, die unter den Herstellern von Keramik und hochschmelzenden Metallen sowohl in Bezug auf die Ma\u00dfgenauigkeit als auch auf die geometrische Genauigkeit f\u00fchrend sind. Die von unseren Kunden geforderte Pr\u00e4zision ist grenzenlos und wird mit dem Wandel der Zeit und der Technologie immer anspruchsvoller. Um mit diesen Anforderungen Schritt zu halten, streben wir st\u00e4ndig nach einer stabilen Hochpr\u00e4zisionsbearbeitung und f\u00fchren immer wieder Testbearbeitungen durch, um unsere technischen F\u00e4higkeiten weiter zu verbessern. Au\u00dfendurchmesser\/Innendurchmesser-Bearbeitung Drehen Pr\u00e4zisionsschleifen Zylindrisches Schleifen 3D-Bearbeitung von komplizierten Konturen Diffusionsschwei\u00dfen WISSEN TEILEN Da wir kein Materialhersteller sind, k\u00f6nnen unsere Kunden von unserem unvoreingenommenen Wissen \u00fcber exotische harte Materialien profitieren, um [&hellip;]<\/p>\n","protected":false},"author":1,"featured_media":0,"parent":0,"menu_order":0,"comment_status":"closed","ping_status":"closed","template":"page-test.php","meta":{"om_disable_all_campaigns":false,"_monsterinsights_skip_tracking":false,"_monsterinsights_sitenote_active":false,"_monsterinsights_sitenote_note":"","_monsterinsights_sitenote_category":0,"footnotes":""},"aioseo_notices":[],"_links":{"self":[{"href":"https:\/\/top-seiko.com\/de\/wp-json\/wp\/v2\/pages\/11638"}],"collection":[{"href":"https:\/\/top-seiko.com\/de\/wp-json\/wp\/v2\/pages"}],"about":[{"href":"https:\/\/top-seiko.com\/de\/wp-json\/wp\/v2\/types\/page"}],"author":[{"embeddable":true,"href":"https:\/\/top-seiko.com\/de\/wp-json\/wp\/v2\/users\/1"}],"replies":[{"embeddable":true,"href":"https:\/\/top-seiko.com\/de\/wp-json\/wp\/v2\/comments?post=11638"}],"version-history":[{"count":11,"href":"https:\/\/top-seiko.com\/de\/wp-json\/wp\/v2\/pages\/11638\/revisions"}],"predecessor-version":[{"id":12622,"href":"https:\/\/top-seiko.com\/de\/wp-json\/wp\/v2\/pages\/11638\/revisions\/12622"}],"wp:attachment":[{"href":"https:\/\/top-seiko.com\/de\/wp-json\/wp\/v2\/media?parent=11638"}],"curies":[{"name":"wp","href":"https:\/\/api.w.org\/{rel}","templated":true}]}}