{"id":8519,"date":"2016-09-08T14:36:14","date_gmt":"2016-09-08T05:36:14","guid":{"rendered":"https:\/\/top-seiko.com\/company\/qualitaetspolitik-nach-iso-9001\/"},"modified":"2023-01-31T11:50:48","modified_gmt":"2023-01-31T02:50:48","slug":"iso","status":"publish","type":"page","link":"https:\/\/top-seiko.com\/de\/company\/iso\/","title":{"rendered":"Qualit\u00e4tspolitik nach ISO 9001"},"content":{"rendered":"<article class=\"m-iso\">\n<section class=\"iso\">\n<div class=\"container\">\n<h2 class=\"ttl02\"><span class=\"ja\">Qualit\u00e4tspolitik nach ISO 9001<\/span><\/h2>\n<div class=\"detail_area_in box-shadow\">\n<div class=\"iso_heading\">\n Im August 2006 erhielt Top Seiko die Zertifizierung nach ISO 9001:2000 und JISQ 9001:2000, zwei internationalen Standards f\u00fcr Qualit\u00e4tsmanagementsysteme, in einer gemeinsamen Anstrengung der Mitarbeiter mit dem Ziel, die Kundenzufriedenheit weiter zu verbessern und sichere und hochwertige Produkte zu liefern. Wir wollen auch in Zukunft unser Qualit\u00e4tsmanagementsystem effektiv betreiben und ein \u201eMaschinenbaukonzern\u201c sein, der von unseren Kunden gesch\u00e4tzt ist.\n        <\/div>\n<div class=\"basic\">\n<h3 class=\"ttl03\">Grundlegende Qualit\u00e4tspolitik<\/h3>\n<div class=\"basic_list\">\n<h4>Qualit\u00e4tspolitik<\/h4>\n<dl>\n<dt>1<\/dt>\n<dd>Der Fokus auf unsere Kunden ist der Grundpfeiler unseres Managements.<\/dd>\n<\/dl>\n<dl>\n<dt>2<\/dt>\n<dd>Wir entwickeln uns weiter und verbessern uns durch die effektive Anwendung unseres Managementsystems.<\/dd>\n<\/dl>\n<dl>\n<dt>3<\/dt>\n<dd>Wir handeln im Hinblick auf die Erhaltung der globalen Umwelt und der Gesundheit der Menschen.<\/dd>\n<\/dl>\n<p>          <!-- \/.basic_list --><\/div>\n<p>        <!-- \/.detail_area_in --><\/div>\n<p>      <!-- \/.basic --><\/div>\n<p>    <!-- container --><\/div>\n<p>  <!-- iso --><\/section>\n<\/article>\n","protected":false},"excerpt":{"rendered":"<p>Qualit\u00e4tspolitik nach ISO 9001 Im August 2006 erhielt Top Seiko die Zertifizierung nach ISO 9001:2000 und JISQ 9001:2000, zwei internationalen Standards f\u00fcr Qualit\u00e4tsmanagementsysteme, in einer gemeinsamen Anstrengung der Mitarbeiter mit dem Ziel, die Kundenzufriedenheit weiter zu verbessern und sichere und hochwertige Produkte zu liefern. Wir wollen auch in Zukunft unser Qualit\u00e4tsmanagementsystem effektiv betreiben und ein \u201eMaschinenbaukonzern\u201c sein, der von unseren Kunden gesch\u00e4tzt ist. Grundlegende Qualit\u00e4tspolitik Qualit\u00e4tspolitik 1 Der Fokus auf unsere Kunden ist der Grundpfeiler unseres Managements. 2 Wir entwickeln uns weiter und verbessern uns durch die effektive Anwendung unseres Managementsystems. 3 Wir handeln im Hinblick auf die Erhaltung der globalen Umwelt und der Gesundheit der Menschen.<\/p>\n","protected":false},"author":1,"featured_media":0,"parent":8511,"menu_order":0,"comment_status":"closed","ping_status":"closed","template":"page-child-company.php","meta":{"om_disable_all_campaigns":false,"_monsterinsights_skip_tracking":false,"_monsterinsights_sitenote_active":false,"_monsterinsights_sitenote_note":"","_monsterinsights_sitenote_category":0,"footnotes":""},"aioseo_notices":[],"_links":{"self":[{"href":"https:\/\/top-seiko.com\/de\/wp-json\/wp\/v2\/pages\/8519"}],"collection":[{"href":"https:\/\/top-seiko.com\/de\/wp-json\/wp\/v2\/pages"}],"about":[{"href":"https:\/\/top-seiko.com\/de\/wp-json\/wp\/v2\/types\/page"}],"author":[{"embeddable":true,"href":"https:\/\/top-seiko.com\/de\/wp-json\/wp\/v2\/users\/1"}],"replies":[{"embeddable":true,"href":"https:\/\/top-seiko.com\/de\/wp-json\/wp\/v2\/comments?post=8519"}],"version-history":[{"count":1,"href":"https:\/\/top-seiko.com\/de\/wp-json\/wp\/v2\/pages\/8519\/revisions"}],"predecessor-version":[{"id":8520,"href":"https:\/\/top-seiko.com\/de\/wp-json\/wp\/v2\/pages\/8519\/revisions\/8520"}],"up":[{"embeddable":true,"href":"https:\/\/top-seiko.com\/de\/wp-json\/wp\/v2\/pages\/8511"}],"wp:attachment":[{"href":"https:\/\/top-seiko.com\/de\/wp-json\/wp\/v2\/media?parent=8519"}],"curies":[{"name":"wp","href":"https:\/\/api.w.org\/{rel}","templated":true}]}}