{"id":8532,"date":"2016-09-08T14:34:39","date_gmt":"2016-09-08T05:34:39","guid":{"rendered":"https:\/\/top-seiko.com\/company\/lageplan\/"},"modified":"2023-10-23T09:56:12","modified_gmt":"2023-10-23T00:56:12","slug":"address","status":"publish","type":"page","link":"https:\/\/top-seiko.com\/de\/company\/address\/","title":{"rendered":"Lageplan"},"content":{"rendered":"<article class=\"m-address\">\n<section class=\"address\">\n<div class=\"container\">\n<h2 class=\"ttl02\"><span class=\"ja\">Lageplan<\/span><\/h2>\n<div class=\"detail_area_in box-shadow\">\n<h3 class=\"ttl03\">Japan<\/h3>\n<p><\/p>\n<div class=\"map\">\n          <iframe loading=\"lazy\" src=\"https:\/\/www.google.com\/maps\/embed?pb=!1m14!1m8!1m3!1d406.5762795495238!2d136.2431041!3d35.3901218!3m2!1i1024!2i768!4f100!3m3!1m2!1s0x6002285964fccea7%3A0xc11e22ca4b7cfd73!2zKOagqinjg4jjg4Pjg5fnsr7lt6UgLyBUb3AgU2Vpa28gQ28uLCBMdGQu!5e0!3m2!1sen!2sjp!4v1697620333202!5m2!1sen!2sjp\" width=\"100%\" height=\"400\" frameborder=\"0\" style=\"border:0\" allowfullscreen=\"\"><\/iframe><\/p>\n<p class=\"tR\"><a href=\"https:\/\/maps.app.goo.gl\/sJbq7QGWodt37Gu47\" target=\"new\" rel=\"noopener\">In Google Maps \u00f6ffnen<\/a><\/p>\n<div class=\"info\">\n<h4>Top Seiko Co., Ltd. (Hauptsitz und Fabrik)<\/h4>\n<ul>\n<li>1197-4 Hosoe-cho, Nagahama-Stadt, Shiga, 526-0105, Japan<\/li>\n<li>TEL\uff1a+81 (0)749-51-9021 \/ FAX\uff1a+81 (0)749-51-9022<\/li>\n<\/ul><\/div>\n<div class=\"transportation\">\n<ul class=\"row\">\n<li class=\"col-xs-12 col-sm-6 row\">\n<p class=\"col-sm-2\">\n              <span><i class=\"fa fa-train\" aria-hidden=\"true\"><\/i><\/span>\n              <\/p>\n<dl class=\"col-sm-10\">\n<dt>Mit \u00f6ffentlichen Verkehrsmitteln<\/dt>\n<dd>20 Minuten mit dem Auto von JR Maibara Sta. auf der Tokaido-Shinkansen-Linie <br \/>10 Minuten mit dem Auto vom JR Nagahama Sta. an der JR Hokuriku Main Line <\/dd>\n<\/dl>\n<\/li>\n<li class=\"col-xs-12 col-sm-6 row\">\n<p class=\"col-sm-2\">\n              <span><i class=\"fa fa-car\" aria-hidden=\"true\"><\/i><\/span>\n              <\/p>\n<dl class=\"col-sm-10\">\n<dt>Mit dem Auto<\/dt>\n<dd>10 Minuten von Nagahama IC auf dem Hokuriku Expressway.<br \/>15 Minuten (E8). von Maibara IC auf dem Hokuriku Expressway durch (E8) Maibara JC. \u00fcber die Meishin Schnellstra\u00dfe (E1)  <\/dd>\n<\/dl>\n<\/li>\n<\/ul><\/div>\n<div class=\"map\">\n          <iframe loading=\"lazy\" src=\"https:\/\/www.google.com\/maps\/embed?pb=!1m14!1m8!1m3!1d13009.097151687152!2d136.3093573!3d35.3984512!3m2!1i1024!2i768!4f10!3m3!1m2!1s0x60022ffc6a418081%3A0x5b9a21a270121d49!2zKOagqinjg4jjg4Pjg5fnsr7lt6Ug6KW_5LiK5Z2C5bel5aC0!5e0!3m2!1sja!2sjp!4v1697620802794!5m2!1sja!2sjp\" width=\"100%\" height=\"400\" frameborder=\"0\" style=\"border:0\" allowfullscreen=\"\"><\/iframe><\/p>\n<p class=\"tR\"><a href=\"https:\/\/maps.app.goo.gl\/gXNn3TZR7pqmeCzh9\" target=\"new\" rel=\"noopener\">In Google Maps \u00f6ffnen<\/a><\/p>\n<div class=\"info\">\n<h4>Top Seiko Co., Ltd. (Nishikozaka Fabrik)<\/h4>\n<ul>\n<li>189 Nishikozaka-cho, Nagahama Stadt, Shiga, 526-0803, Japan<\/li>\n<li>TEL\uff1a+81 (0)749-51-9114 \/ FAX\uff1a+81 (0)749-51-9115<\/li>\n<\/ul><\/div>\n<div class=\"transportation\">\n<ul class=\"row\">\n<li class=\"col-xs-12 col-sm-6 row\">\n<p class=\"col-sm-2\">\n              <span><i class=\"fa fa-train\" aria-hidden=\"true\"><\/i><\/span>\n              <\/p>\n<dl class=\"col-sm-10\">\n<dt>Mit \u00f6ffentlichen Verkehrsmitteln<\/dt>\n<dd>20 Minuten mit dem Auto von JR Maibara Sta. auf der Tokaido-Shinkansen-Linie <br \/>10 Minuten mit dem Auto vom JR Nagahama Sta. an der JR Hokuriku Main Line <\/dd>\n<\/dl>\n<\/li>\n<li class=\"col-xs-12 col-sm-6 row\">\n<p class=\"col-sm-2\">\n              <span><i class=\"fa fa-car\" aria-hidden=\"true\"><\/i><\/span>\n              <\/p>\n<dl class=\"col-sm-10\">\n<dt>Mit dem Auto<\/dt>\n<dd>5 Minuten von Nagahama IC an der Hokuriku-Schnellstra\u00dfe.<\/dd>\n<\/dl>\n<\/li>\n<\/ul><\/div>\n<p><\/p>\n<h3 class=\"ttl03\">Vereinigte Staaten<\/h3>\n<p><\/p>\n<div class=\"map\">\n          <iframe loading=\"lazy\" src=\"https:\/\/www.google.com\/maps\/embed?pb=!1m18!1m12!1m3!1d2963.813558136574!2d-88.03527202379566!3d42.02573187122605!2m3!1f0!2f0!3f0!3m2!1i1024!2i768!4f13.1!3m3!1m2!1s0x880fafb5c1c21da9%3A0x423a5c67706d0187!2zMTAgTiBNYXJ0aW5nYWxlIFJkICM0MDAsIFNjaGF1bWJ1cmcsIElMIDYwMTczIOOCouODoeODquOCq-WQiOihhuWbvQ!5e0!3m2!1sja!2sjp!4v1698019172298!5m2!1sja!2sjp\" width=\"100%\" height=\"400\" frameborder=\"0\" style=\"border:0\" allowfullscreen=\"\"><\/iframe><\/p>\n<p class=\"tR\"><a href=\"https:\/\/maps.app.goo.gl\/kXEqPkbWCZsgavrF8\" target=\"new\" rel=\"noopener\">In Google Maps \u00f6ffnen<\/a><\/p>\n<div class=\"info\">\n<h4>Spitze Seiko USA, Inc.<\/h4>\n<ul>\n<li>10 N. Martingale Road Suite 400 Schaumburg, IL 60173 USA\n<\/li>\n<li>TEL\uff1a+1 (224)-386-8700 <\/li>\n<\/ul><\/div>\n<p>      <!-- \/.detail_area_in --><\/div>\n<p>    <!-- container --><\/div>\n<p>  <!-- address --><\/section>\n<p><!-- m-address --><\/article>\n","protected":false},"excerpt":{"rendered":"<p>Lageplan Japan In Google Maps \u00f6ffnen Top Seiko Co., Ltd. (Hauptsitz und Fabrik) 1197-4 Hosoe-cho, Nagahama-Stadt, Shiga, 526-0105, Japan TEL\uff1a+81 (0)749-51-9021 \/ FAX\uff1a+81 (0)749-51-9022 Mit \u00f6ffentlichen Verkehrsmitteln 20 Minuten mit dem Auto von JR Maibara Sta. auf der Tokaido-Shinkansen-Linie 10 Minuten mit dem Auto vom JR Nagahama Sta. an der JR Hokuriku Main Line Mit dem Auto 10 Minuten von Nagahama IC auf dem Hokuriku Expressway.15 Minuten (E8). von Maibara IC auf dem Hokuriku Expressway durch (E8) Maibara JC. \u00fcber die Meishin Schnellstra\u00dfe (E1) In Google Maps \u00f6ffnen Top Seiko Co., Ltd. (Nishikozaka Fabrik) 189 Nishikozaka-cho, Nagahama Stadt, Shiga, 526-0803, Japan TEL\uff1a+81 (0)749-51-9114 \/ FAX\uff1a+81 (0)749-51-9115 Mit \u00f6ffentlichen Verkehrsmitteln 20 [&hellip;]<\/p>\n","protected":false},"author":1,"featured_media":0,"parent":8511,"menu_order":0,"comment_status":"closed","ping_status":"closed","template":"page-child-company.php","meta":{"om_disable_all_campaigns":false,"_monsterinsights_skip_tracking":false,"_monsterinsights_sitenote_active":false,"_monsterinsights_sitenote_note":"","_monsterinsights_sitenote_category":0,"footnotes":""},"aioseo_notices":[],"_links":{"self":[{"href":"https:\/\/top-seiko.com\/de\/wp-json\/wp\/v2\/pages\/8532"}],"collection":[{"href":"https:\/\/top-seiko.com\/de\/wp-json\/wp\/v2\/pages"}],"about":[{"href":"https:\/\/top-seiko.com\/de\/wp-json\/wp\/v2\/types\/page"}],"author":[{"embeddable":true,"href":"https:\/\/top-seiko.com\/de\/wp-json\/wp\/v2\/users\/1"}],"replies":[{"embeddable":true,"href":"https:\/\/top-seiko.com\/de\/wp-json\/wp\/v2\/comments?post=8532"}],"version-history":[{"count":2,"href":"https:\/\/top-seiko.com\/de\/wp-json\/wp\/v2\/pages\/8532\/revisions"}],"predecessor-version":[{"id":10030,"href":"https:\/\/top-seiko.com\/de\/wp-json\/wp\/v2\/pages\/8532\/revisions\/10030"}],"up":[{"embeddable":true,"href":"https:\/\/top-seiko.com\/de\/wp-json\/wp\/v2\/pages\/8511"}],"wp:attachment":[{"href":"https:\/\/top-seiko.com\/de\/wp-json\/wp\/v2\/media?parent=8532"}],"curies":[{"name":"wp","href":"https:\/\/api.w.org\/{rel}","templated":true}]}}