{"id":8539,"date":"2016-09-08T14:18:18","date_gmt":"2016-09-08T05:18:18","guid":{"rendered":"https:\/\/top-seiko.com\/service-zur-unterstuetzung-bei-der-materialauswahl\/"},"modified":"2023-01-31T15:36:20","modified_gmt":"2023-01-31T06:36:20","slug":"propose","status":"publish","type":"page","link":"https:\/\/top-seiko.com\/de\/propose\/","title":{"rendered":"Service zur Unterst\u00fctzung bei der Materialauswahl"},"content":{"rendered":"<article class=\"m-propose\">\n    <!-- \u52a0\u5de5\u6280\u8853\u7d39\u4ecb --><\/p>\n<section class=\"propose mb0\">\n<div class=\"container\">\n<h2 class=\"ttl01\">\n                <span class=\"ja\">Service zur Unterst\u00fctzung bei der Materialauswahl<\/span><br \/>\n            <\/h2>\n<div class=\"contents_top box-under-shadow row\">\n<div class=\"contents_top_text col-sm-7\">\n<h4>Als Anbieter von Materiall\u00f6sungen f\u00fcr ultraharte Materialien<\/h4>\n<p>bietet Top Seiko einen Service zur Unterst\u00fctzung bei der Materialauswahl, indem wir Ihnen<br \/>\n                        Materialien auf der Grundlage der f\u00fcr Ihre Anwendung wichtigen Werkstoffeigenschaften empfehlen.<br \/>\n                        Da wir keine Materialien herstellen, k\u00f6nnen Sie sich auf unsere unvoreingenommene<br \/>\n                        Materialkenntnis verlassen, um das am besten geeignete Material f\u00fcr Ihre Anwendung auszuw\u00e4hlen.<br \/>\n                        <br \/>\n                        Wir bieten nicht nur Materialien von japanischen Herstellern an, sondern auch von Lieferanten<br \/>\n                        au\u00dferhalb Japans. Au\u00dferdem haben wir eine gro\u00dfe Auswahl an Materialien auf Lager, die wir<br \/>\n                        schnell liefern k\u00f6nnen. <br \/>\n                        Nutzen Sie unseren umfassenden Pr\u00e4zisionsbearbeitungsservice, einschlie\u00dflich Unterst\u00fctzung bei<br \/>\n                        der Materialauswahl und Materialbeschaffung f\u00fcr Ihre Produktentwicklungsprojekte! <br \/>\n                        Dar\u00fcber hinaus gibt es viele erfolgreiche F\u00e4lle von Materialersatz, die zu einer Verbesserung<br \/>\n                        der Qualit\u00e4t, einer Verl\u00e4ngerung der Lebensdauer und einer Steigerung der<br \/>\n                        Produktivit\u00e4t\/Produktausbeute gef\u00fchrt haben. Lassen Sie uns auch Ihnen helfen! <\/p>\n<\/p><\/div>\n<div class=\"propose_img col-sm-5 tC\">\n                    <img decoding=\"async\" src=\"\/img\/propose\/propose_img01.jpg\" alt=\"\">\n                <\/div>\n<\/p><\/div>\n<div class=\"consultation\">\n<h3 class=\"ttl02\"><span class=\"ja\">H\u00e4ufig gestellte materialspezifische Fragen zur thermischen Leistung<br \/>\n                        von Materialien<\/span><\/h3>\n<div class=\"table_area box-shadow table-responsive\">\n<table>\n<tr>\n<th>Erforderliche Eigenschaft<\/th>\n<th class=\"tbl_orange\">Anwendungen und Probleme<\/th>\n<th>H\u00e4ufig verwendete Materialien<\/th>\n<th>Empfohlene Materialien<\/th>\n<\/tr>\n<tr>\n<td>Hohe Temperaturbest\u00e4ndigkeit<\/td>\n<td>\n                                \u30fbDas unter hohen Temperaturen eingesetzte Teil muss aufgrund seiner kurzen Lebensdauer<br \/>\n                                h\u00e4ufig ausgetauscht werden, was zu hohen Kosten und Ausfallzeiten f\u00fchrt.<br \/>\n                                \u30fbDas bei hohen Temperaturen verwendete Teil verzieht und verformt sich w\u00e4hrend des<br \/>\n                                Gebrauchs und diese thermischen Verformungen f\u00fchren zu einer Verringerung der<br \/>\n                                Formstabilit\u00e4t der hergestellten Endprodukte.\n                            <\/td>\n<td>\n                                Hitzebest\u00e4ndiges Material <br \/>\n                                Kunstharz\/Kunststoff<br \/>\n                                Aluminum Alloy Steel <br \/>\n                                Edelstahl\n                            <\/td>\n<td>\n                                Geschmolzene Kieselerde <br \/>\n                                Borosilikatglas <br \/>\n                                Aluminiumoxid <br \/>\n                                Zirconiumdioxid <br \/>\n                                Siliciumnitrid <br \/>\n                                Molybd\u00e4n \/ Molybd\u00e4n Alloy <br \/>\n                                Wolfram \/ Wolfram Alloy\n                            <\/td>\n<\/tr>\n<tr>\n<td>Geringe W\u00e4rmeausdehnung<\/td>\n<td>\n                                \u30fbAufgrund seiner geringen Formstabilit\u00e4t dehnt sich das Teil bei hohen Temperaturen aus,<br \/>\n                                was zu Problemen bei der Formgenauigkeit und Wiederholbarkeit der hergestellten<br \/>\n                                Endprodukte f\u00fchrt.<br \/>\n                                \u30fbEin Material mit geringer W\u00e4rmeausdehnung wird ben\u00f6tigt, um ein Teil herzustellen, das<br \/>\n                                seine Leistung und Formstabilit\u00e4t beibehalten kann, ohne durch st\u00e4ndige<br \/>\n                                Temperaturschwankungen beeintr\u00e4chtigt zu werden.\n                            <\/td>\n<td>\n                                Aluminum Alloy Steel <br \/>\n                                Edelstahl\n                            <\/td>\n<td>\n                                Aluminiumoxid <br \/>\n                                Aluminiumnitrid<br \/>\n                                SiC based MMC<br \/>\n                                Molybd\u00e4n<br \/>\n                                Wolfram\n                            <\/td>\n<\/tr>\n<tr>\n<td rowspan=\"2\">Hohe W\u00e4rmeleitf\u00e4higkeit<\/td>\n<td>\n                                \u30fbEin Material mit hoher W\u00e4rmeleitf\u00e4higkeit ist f\u00fcr den Einsatz bei schneller W\u00e4rmeabfuhr<br \/>\n                                und Hochtemperaturanwendungen erforderlich.<br \/>\n                                \u30fbAufgrund seiner geringen W\u00e4rmeleitf\u00e4higkeit bei hohen Temperaturen k\u00f6nnen die<br \/>\n                                kritischen Teile f\u00fcr das Kleben durch Thermokompression nicht gen\u00fcgend W\u00e4rme leiten, was<br \/>\n                                zu einer geringen Produktivit\u00e4t f\u00fchrt.\n                            <\/td>\n<td>\n                                Edelstahl <br \/>\n                                Heat-Resistant<br \/>\n                                Alloys<br \/>\n                                Keramik\n                            <\/td>\n<td>\n                                Molybd\u00e4n <br \/>\n                                Wolfram <br \/>\n                                Aluminiumnitrid <br \/>\n                                Siliciumcarbid <br \/>\n                                SiC based MMC\n                            <\/td>\n<\/tr>\n<tr>\n<td class=\"fcb\">\n                                \u30fbEs ist sehr schwer, ein Material zu finden, das alle Anforderungen erf\u00fcllt: hohe<br \/>\n                                Temperaturbest\u00e4ndigkeit, gute W\u00e4rmeleitf\u00e4higkeit und hervorragende elektrische<br \/>\n                                Isolierf\u00e4higkeit.\n                            <\/td>\n<td><\/td>\n<td>Aluminiumnitrid<\/td>\n<\/tr>\n<tr>\n<td>Hohe Temperaturwechselbest\u00e4ndigkeit<\/td>\n<td>\n                                \u30fbDie Verwendung von Materialien mit geringer Temperaturwechselbest\u00e4ndigkeit hindert die<br \/>\n                                Hersteller daran, ihre Produktivit\u00e4t zu steigern, was durch schnelles Aufheizen und<br \/>\n                                Abk\u00fchlen erreicht werden kann. Wenn beispielsweise das Formmaterial nicht ausreichend<br \/>\n                                temperaturwechselbest\u00e4ndig ist, f\u00fchren schnelle Temperaturschwankungen zu Verformungen<br \/>\n                                und Rissen in den Formen.\n                            <\/td>\n<td>\n                                Aluminum Alloy <br \/>\n                                Stahl <br \/>\n                                Edelstahl <br \/>\n                                Keramik\n                            <\/td>\n<td>\n                                Siliciumnitrid <br \/>\n                                Aluminiumnitrid <br \/>\n                                Aluminiumoxid <br \/>\n                                Molybd\u00e4n <br \/>\n                                Wolfram\n                            <\/td>\n<\/tr>\n<tr>\n<td>Niedrige W\u00e4rmeleitf\u00e4higkeit<\/td>\n<td>\n                                \u30fbDas bei hohen Temperaturen verwendete Teil verliert aufgrund seiner W\u00e4rmeleitf\u00e4higkeit<br \/>\n                                zu schnell W\u00e4rme. Dieser W\u00e4rmeverlust durch W\u00e4rmeleitung f\u00fchrt zu Qualit\u00e4tsschwankungen<br \/>\n                                bei den Produkten. <br \/>\n                                Um die Qualit\u00e4t zu stabilisieren, muss das derzeitige Material durch ein Material<br \/>\n                                ersetzt werden, das sowohl die W\u00e4rme l\u00e4nger speichern als auch hohen Temperaturen<br \/>\n                                standhalten kann.\n                            <\/td>\n<td>\n                                Keramik\n                            <\/td>\n<td>\n                                Zirconiumdioxid <br \/>\n                                Bearbeitbare Keramiken <br \/>\n                                Geschmolzene Kieselerde <br \/>\n                                Borosilikatglas\n                            <\/td>\n<\/tr>\n<tr>\n<td rowspan=\"2\">Hohe H\u00e4rte<br \/>Verschlei\u00dffestigkeit<br \/>Kratzfestigkeit<\/td>\n<td>\n                                \u30fbRascher Verschlei\u00df f\u00fchrt dazu, dass ein Teil seine Formgenauigkeit verliert, was einen<br \/>\n                                h\u00e4ufigen Austausch des Teils erforderlich macht.<br \/>\n                                \u30fbEine hohe Kratzfestigkeit ist erforderlich.\n                            <\/td>\n<td>\n                                Geh\u00e4rteter Stahl<br \/>\n                                Konventionelles Metall (nicht feuerfest)\n                            <\/td>\n<td>\n                                Aluminiumoxid<br \/>\n                                Zirconiumdioxid<br \/>\n                                Siliciumcarbid<br \/>\n                                Siliciumnitrid<br \/>\n                                Wolfram Carbide\n                            <\/td>\n<\/tr>\n<tr>\n<td class=\"fcb\">\u30fbDie optische Komponente kann nicht transparent bleiben, da die Oberfl\u00e4che<br \/>\n                                durch Kratzer und Abrieb w\u00e4hrend des Gebrauchs besch\u00e4digt wird. F\u00fcr die Herstellung<br \/>\n                                hochkratzfester optischer Komponenten wird ein extrem hartes, optisches Material<br \/>\n                                ben\u00f6tigt. <\/td>\n<td>\n                                Acrylic <br \/>\n                                Glas\n                            <\/td>\n<td>\n                                Geschmolzene Kieselerde <br \/>\n                                Aluminiumoxid\n                            <\/td>\n<\/tr>\n<tr>\n<td>Hohe Bruch- <br \/>z\u00e4higkeit <br \/>Widerstandsf\u00e4higkeit gegen\u00fcber Absplitterungen, Rissen und<br \/>\n                                Br\u00fcchen\n                            <\/td>\n<td>\n                                \u30fbAluminiumoxid ist ein beliebtes Material f\u00fcr pr\u00e4zisionsbearbeitete Teile. Es ist jedoch<br \/>\n                                spr\u00f6de und kann durch St\u00f6\u00dfe brechen, absplittern oder rissig werden. <br \/>\n                                Ein Werkstoff mit h\u00f6herer Bruchz\u00e4higkeit sollte als Alternative in Betracht gezogen<br \/>\n                                werden.\n                            <\/td>\n<td>\n                                Aluminiumoxid\n                            <\/td>\n<td>\n                                Zirconiumdioxid<br \/>Siliciumnitrid\n                            <\/td>\n<\/tr>\n<tr>\n<td>Elektrische Isolationseigenschaften bei hoher Temperatur<\/td>\n<td>\n                                \u30fbEin ideales Material f\u00fcr Anwendungen der elektrischen Hochtemperaturisolierung wird<br \/>\n                                ben\u00f6tigt, da die Teile eine h\u00f6here Hitzebest\u00e4ndigkeit als hitzebest\u00e4ndige Harze<br \/>\n                                erfordern.\n                            <\/td>\n<td>\n                                Hitzebest\u00e4ndiges Material Kunstharz\/Kunststoff\n                            <\/td>\n<td>\n                                Aluminiumoxid<br \/>\n                                Bearbeitbare Keramiken Biron Nitride\n                            <\/td>\n<\/tr>\n<tr>\n<td>Hohe elektrische Leitf\u00e4higkeit bei hoher Temperatur<\/td>\n<td>\n                                \u30fbEs wird ein elektrisch leitf\u00e4higes Material ben\u00f6tigt, das wesentlich<br \/>\n                                temperaturbest\u00e4ndiger ist als herk\u00f6mmliche Metalle, da diese der gro\u00dfen Hitze nicht<br \/>\n                                standhalten k\u00f6nnen.\n                            <\/td>\n<td>\n                                Kupfer<br \/>\n                                Andere konventionelle Metalle (nicht feuerfest)\n                            <\/td>\n<td>\n                                Molybd\u00e4n<br \/>Wolfram\n                            <\/td>\n<\/tr>\n<tr>\n<td>Hohe Dichte<\/td>\n<td>\n                                \u30fbUm die Kompaktheit des Produkts zu verbessern, ist ein Material mit hoher Dichte<br \/>\n                                erforderlich, das es erm\u00f6glicht, das Gewicht des Teils beizubehalten und gleichzeitig<br \/>\n                                seine Gr\u00f6\u00dfe zu verringern.\n                            <\/td>\n<td>\n                                Konventionelles Metall (nicht feuerfest)\n                            <\/td>\n<td>\n                                Wolfram<br \/>Wolfram Alloy\n                            <\/td>\n<\/tr>\n<tr>\n<td>Korrosionsbest\u00e4ndigkeit<br \/>\n                                Oxidationsbest\u00e4ndigkeit<br \/>\n                                Laugenbest\u00e4ndigkeit<\/td>\n<td>\n                                &#8220;\u30fbDas Teil rostet schnell, da es st\u00e4ndig Luft und Wasser ausgesetzt ist. Um das<br \/>\n                                Rostproblem zu l\u00f6sen, muss das metallische Material durch ein Material ersetzt werden,<br \/>\n                                das Oxidationsmitteln widerstehen kann. \u30fbUm die Lebensdauer eines Teils zu verl\u00e4ngern,<br \/>\n                                ist es entscheidend, einen Werkstoff zu finden, der in rauen und korrosiven Umgebungen<br \/>\n                                eingesetzt werden kann, f\u00fcr die sich Metalle nicht eignen.&#8221;<\/p>\n<\/td>\n<td>\n                                Konventionelles Metall (nicht feuerfest)\n                            <\/td>\n<td>\n                                Geschmolzene Kieselerde <br \/>Aluminiumoxid<br \/>Zirconiumdioxid<br \/>(Zirconium Oxide)\n                            <\/td>\n<\/tr>\n<tr>\n<td>Kosten<\/td>\n<td>\n                                \u30fbDie Kosten f\u00fcr Keramikteile mit feinen Merkmalen und komplexen Formen m\u00fcssen gesenkt<br \/>\n                                werden.<br \/>\n                                \u30fbHochpr\u00e4zise und komplexe Teile aus technischer Keramik sind zu teuer, um die<br \/>\n                                Kostenanforderungen zu erf\u00fcllen.\n                            <\/td>\n<td>\n                                Aluminiumoxid<br \/>\n                                Aluminiumnitrid<br \/>\n                                Siliciumnitrid<br \/>\n                                Siliciumcarbid\n                            <\/td>\n<td>\n                                Bearbeitbare Keramiken\n                            <\/td>\n<\/tr>\n<\/table><\/div>\n<div class=\"btn_area row\">\n<div class=\"success_btn btn_grad_blue col-sm-12 col-xs-12\">\n                        <a href=\"successful\/\">Beispiele f\u00fcr Materialersatz<i class=\"fa fa-caret-right\"\n                                aria-hidden=\"true\"><\/i><\/a>\n                    <\/div>\n<\/p><\/div>\n<\/p><\/div>\n<p>            <!-- \n\n<div class=\"sample\">\n\t\t\t\t\n\n<h3 class=\"ttl03\">\u25cf \u30b5\u30f3\u30d7\u30eb\u4f8b<\/h3>\n\n\n\t\t\t\t\n\n<ul class=\"five_col_list clearfix\">\n\t\t\t\t\t\n\n<li class=\"\">\n\t\t\t\t\t\t<a href=\"..\/img\/propose\/pro_sample01.jpg\" data-lightbox=\"propose\"><img decoding=\"async\" src=\"\/img\/propose\/pro_sample01.jpg\" alt=\"\"><\/a>\n\t\t\t\t\t<\/li>\n\n\n\t\t\t\t\t\n\n<li class=\"\">\n\t\t\t\t\t\t<a href=\"..\/img\/propose\/pro_sample02.jpg\" data-lightbox=\"propose\"><img decoding=\"async\" src=\"\/img\/propose\/pro_sample02.jpg\" alt=\"\"><\/a>\n\t\t\t\t\t<\/li>\n\n\n\t\t\t\t\t\n\n<li class=\"\">\n\t\t\t\t\t\t<a href=\"..\/img\/propose\/pro_sample03.jpg\" data-lightbox=\"propose\"><img decoding=\"async\" src=\"\/img\/propose\/pro_sample03.jpg\" alt=\"\"><\/a>\n\t\t\t\t\t<\/li>\n\n\n\t\t\t\t\t\n\n<li class=\"\">\n\t\t\t\t\t\t<a href=\"..\/img\/propose\/pro_sample04.jpg\" data-lightbox=\"propose\"><img decoding=\"async\" src=\"\/img\/propose\/pro_sample04.jpg\" alt=\"\"><\/a>\n\t\t\t\t\t<\/li>\n\n\n\t\t\t\t\t\n\n<li class=\"\">\n\t\t\t\t\t\t<a href=\"..\/img\/propose\/pro_sample05.jpg\" data-lightbox=\"propose\"><img decoding=\"async\" src=\"\/img\/propose\/pro_sample05.jpg\" alt=\"\"><\/a>\n\t\t\t\t\t<\/li>\n\n\n\t\t\t\t\t\n\n<li class=\"\">\n\t\t\t\t\t\t<a href=\"..\/img\/propose\/pro_sample06.jpg\" data-lightbox=\"propose\"><img decoding=\"async\" src=\"\/img\/propose\/pro_sample06.jpg\" alt=\"\"><\/a>\n\t\t\t\t\t<\/li>\n\n\n\t\t\t\t\t\n\n<li class=\"\">\n\t\t\t\t\t\t<a href=\"..\/img\/propose\/pro_sample07.jpg\" data-lightbox=\"propose\"><img decoding=\"async\" src=\"\/img\/propose\/pro_sample07.jpg\" alt=\"\"><\/a>\n\t\t\t\t\t<\/li>\n\n\n\t\t\t\t\t\n\n<li class=\"\">\n\t\t\t\t\t\t<a href=\"..\/img\/propose\/pro_sample08.jpg\" data-lightbox=\"propose\"><img decoding=\"async\" src=\"\/img\/propose\/pro_sample08.jpg\" alt=\"\"><\/a>\n\t\t\t\t\t<\/li>\n\n\n\t\t\t\t\t\n\n<li class=\"\">\n\t\t\t\t\t\t<a href=\"..\/img\/propose\/pro_sample09.jpg\" data-lightbox=\"propose\"><img decoding=\"async\" src=\"\/img\/propose\/pro_sample09.jpg\" alt=\"\"><\/a>\n\t\t\t\t\t<\/li>\n\n\n\t\t\t\t\t\n\n<li class=\"\">\n\t\t\t\t\t\t<a href=\"..\/img\/propose\/pro_sample10.jpg\" data-lightbox=\"propose\"><img decoding=\"async\" src=\"\/img\/propose\/pro_sample10.jpg\" alt=\"\"><\/a>\n\t\t\t\t\t<\/li>\n\n\n\t\t\t\t\t\n\n<li class=\"\">\n\t\t\t\t\t\t<a href=\"..\/img\/propose\/pro_sample11.jpg\" data-lightbox=\"propose\"><img decoding=\"async\" src=\"\/img\/propose\/pro_sample11.jpg\" alt=\"\"><\/a>\n\t\t\t\t\t<\/li>\n\n\n\t\t\t\t\t\n\n<li class=\"\">\n\t\t\t\t\t\t<a href=\"..\/img\/propose\/pro_sample12.jpg\" data-lightbox=\"propose\"><img decoding=\"async\" src=\"\/img\/propose\/pro_sample12.jpg\" alt=\"\"><\/a>\n\t\t\t\t\t<\/li>\n\n\n\t\t\t\t\t\n\n<li class=\"\">\n\t\t\t\t\t\t<a href=\"..\/img\/propose\/pro_sample13.jpg\" data-lightbox=\"propose\"><img decoding=\"async\" src=\"\/img\/propose\/pro_sample13.jpg\" alt=\"\"><\/a>\n\t\t\t\t\t<\/li>\n\n\n\t\t\t\t<\/ul>\n\n\n\t\t\t<\/div>\n\n\n--><\/p>\n<p>            <!-- container -->\n        <\/div>\n<\/section>\n<section class=\"common_area2\">\n<div class=\"common_area_top\">\n<div class=\"container\">\n<div class=\"contact_box\">\n<h3>Wir unterst\u00fctzen Ihre Forschung und Entwicklung gerne mit unserer hochpr\u00e4zisen<br \/>\n                        Bearbeitungstechnologie und unseren Materialvorschl\u00e4gen f\u00fcr ultraharte Materialien.<\/h3>\n<div class=\"row\">\n<div class=\"contact_box_l col-sm-6\">\n<div class=\"logo\"><img decoding=\"async\" src=\"\/common\/img\/ico\/common_logo_ico.png\" alt=\"\"><\/div>\n<div class=\"text_area\">\n<h4>Top Seiko Co., Ltd.<\/h4>\n<p>\n                                    1197-4, Hosoe-cho, Nagahama City,<br \/>Shiga Pref., 526-0105 Japan <br \/>\n                                    <a href=\"company\/address\/\" class=\"access_map_link\">[ Access Map ]<\/a>\n                                <\/p>\n<p>                                <!-- \/.text_area -->\n                            <\/div>\n<p>                            <!-- \/.contact_box_logo col-sm-6 -->\n                        <\/div>\n<div class=\"contact_box_r col-sm-6\">\n<div class=\"tel\">\n                                Phone.+81-(0)749-51-9021<br \/>\n                                <!-- \/.tel -->\n                            <\/div>\n<div class=\"fax\">\n                                FAX.+81-(0)749-51-9022<br \/>\n                                <!-- \/.fax -->\n                            <\/div>\n<div class=\"contact_btn btn_grad_blue2\">\n                                <a href=\"..\/contact\"> Inquiry<\/a><br \/>\n                                <!-- \/.contact_btn -->\n                            <\/div>\n<div class=\"contact_btn btn_grad_blue\">\n                                <a href=\"..\/download\">Documents Download<\/a><br \/>\n                                <!-- \/.contact_btn -->\n                            <\/div>\n<p>                            <!-- \/.contact_box_other -->\n                        <\/div>\n<p>                        <!-- \/.row -->\n                    <\/div>\n<p>                    <!-- \/.contact_box -->\n                <\/div>\n<p>                <!-- \/.container -->\n            <\/div>\n<p>            <!-- \/.common_area_top -->\n        <\/div>\n<p>        <!-- \/.common_area --><br \/>\n    <\/section>\n<\/article>\n","protected":false},"excerpt":{"rendered":"<p>Service zur Unterst\u00fctzung bei der Materialauswahl Als Anbieter von Materiall\u00f6sungen f\u00fcr ultraharte Materialien bietet Top Seiko einen Service zur Unterst\u00fctzung bei der Materialauswahl, indem wir Ihnen Materialien auf der Grundlage der f\u00fcr Ihre Anwendung wichtigen Werkstoffeigenschaften empfehlen. Da wir keine Materialien herstellen, k\u00f6nnen Sie sich auf unsere unvoreingenommene Materialkenntnis verlassen, um das am besten geeignete Material f\u00fcr Ihre Anwendung auszuw\u00e4hlen. Wir bieten nicht nur Materialien von japanischen Herstellern an, sondern auch von Lieferanten au\u00dferhalb Japans. Au\u00dferdem haben wir eine gro\u00dfe Auswahl an Materialien auf Lager, die wir schnell liefern k\u00f6nnen. Nutzen Sie unseren umfassenden Pr\u00e4zisionsbearbeitungsservice, einschlie\u00dflich Unterst\u00fctzung bei der Materialauswahl und Materialbeschaffung f\u00fcr Ihre Produktentwicklungsprojekte! Dar\u00fcber hinaus gibt es viele [&hellip;]<\/p>\n","protected":false},"author":1,"featured_media":0,"parent":0,"menu_order":0,"comment_status":"closed","ping_status":"closed","template":"","meta":{"om_disable_all_campaigns":false,"_monsterinsights_skip_tracking":false,"_monsterinsights_sitenote_active":false,"_monsterinsights_sitenote_note":"","_monsterinsights_sitenote_category":0,"footnotes":""},"aioseo_notices":[],"_links":{"self":[{"href":"https:\/\/top-seiko.com\/de\/wp-json\/wp\/v2\/pages\/8539"}],"collection":[{"href":"https:\/\/top-seiko.com\/de\/wp-json\/wp\/v2\/pages"}],"about":[{"href":"https:\/\/top-seiko.com\/de\/wp-json\/wp\/v2\/types\/page"}],"author":[{"embeddable":true,"href":"https:\/\/top-seiko.com\/de\/wp-json\/wp\/v2\/users\/1"}],"replies":[{"embeddable":true,"href":"https:\/\/top-seiko.com\/de\/wp-json\/wp\/v2\/comments?post=8539"}],"version-history":[{"count":2,"href":"https:\/\/top-seiko.com\/de\/wp-json\/wp\/v2\/pages\/8539\/revisions"}],"predecessor-version":[{"id":8802,"href":"https:\/\/top-seiko.com\/de\/wp-json\/wp\/v2\/pages\/8539\/revisions\/8802"}],"wp:attachment":[{"href":"https:\/\/top-seiko.com\/de\/wp-json\/wp\/v2\/media?parent=8539"}],"curies":[{"name":"wp","href":"https:\/\/api.w.org\/{rel}","templated":true}]}}