{"id":8558,"date":"2016-09-08T14:37:17","date_gmt":"2016-09-08T05:37:17","guid":{"rendered":"https:\/\/top-seiko.com\/unterstuetzung-der-produktentwicklung\/"},"modified":"2023-09-04T14:03:56","modified_gmt":"2023-09-04T05:03:56","slug":"cooperation","status":"publish","type":"page","link":"https:\/\/top-seiko.com\/de\/cooperation\/","title":{"rendered":"Unterst\u00fctzung der Produktentwicklung"},"content":{"rendered":"<article class=\"m-cooperation\">\n\t<!-- \u52a0\u5de5\u6280\u8853\u7d39\u4ecb --><\/p>\n<section class=\"cooperation\">\n<div class=\"container\">\n<h2 class=\"ttl01\">\n\t\t\t\t<span class=\"ja\">Unterst\u00fctzung der Produktentwicklung<\/span><br \/>\n\t\t\t<\/h2>\n<div class=\"contents_top box-shadow row\">\n<div class=\"contents_top_text col-sm-7\">\n<p>Mit unseren neuesten Maschinen, verschiedenen Arten von Bearbeitungswerkzeugen auf Lager und erfahrenen Ingenieuren und Maschinenbedienern helfen wir unseren Kunden, ihre Produktentwicklungsprojekte so schnell wie m\u00f6glich zu starten. <br \/>\n Sie k\u00f6nnen auf uns z\u00e4hlen, wenn es um die Bearbeitung von Prototypen in kleinen St\u00fcckzahlen oder um die Bearbeitung von Gro\u00dfserien geht. <\/p>\n<p>F\u00fcr Ihren anspruchsvollen Bearbeitungsanforderungen f\u00fchren wir Testbearbeitungen durch. Auf der Grundlage der Testergebnisse entscheiden wir \u00fcber die besten Bearbeitungsbedingungen, um selbst Ihre strengsten Anforderungen zu erf\u00fcllen und zu \u00fcbertreffen. Wir f\u00fchren sogar Tests durch, bis wir die gew\u00fcnschten Ergebnisse erzielen.<\/p>\n<p>Nutzen Sie die kombinierte St\u00e4rke unserer Werkstoffkenntnisse und unseres Know-hows im Rahmen der Bearbeitung und bringen Sie Ihre innovativen Produkte schnell zur Marktreife!<\/p>\n<\/p><\/div>\n<div class=\"contents_img col-sm-5 tC\">\n\t\t\t\t\t<img decoding=\"async\" src=\"..\/img\/cooperation\/cooperation_img01.jpg\" alt=\"\">\n\t\t\t\t<\/div>\n<\/p><\/div>\n<div class=\"flow\">\n<h3 class=\"ttl02\"><span class=\"ja\">Von der Anfrage bis zur Lieferung<\/span><\/h3>\n<div class=\"flow_box box-shadow\">\n<ul class=\"row\">\n<li class=\"box_border_only col-sm-6\u3000col-md-6 col-lg-6 mb30\">\n<h4 class=\"ttl_grad_blue box-shadow tC\">01. Anfrage<\/h4>\n<div class=\"list_in\">\n<div class=\"image\"><img decoding=\"async\" src=\"..\/img\/cooperation\/flow_img01.jpg\" alt=\"\"><\/div>\n<p>Um unseren Service in vollem Umfang zu nutzen, beschreiben Sie uns Ihre Anwendung des bearbeiteten Teils so genau wie m\u00f6glich. Wir helfen Ihnen dabei, die bestm\u00f6gliche L\u00f6sung f\u00fcr Ihre spezielle Anwendung zu finden, denn wir verf\u00fcgen \u00fcber ein umfassendes Wissen \u00fcber exotische harte Werkstoffe und umfangreiche Erfahrung in der Bearbeitung. <\/p>\n<dl>\n<dt>Auswahl des Materials<\/dt>\n<dd>Wir k\u00f6nnen Ihnen bei der Auswahl eines Materials mit den passenden Eigenschaften f\u00fcr Ihre Anwendung helfen.<\/dd>\n<\/dl>\n<p>\t\t\t\t\t\t\t<!-- \/.list_in --><\/div>\n<\/li>\n<li class=\"box_border_only col-sm-6\u3000col-md-6 col-lg-6 mb30\">\n<h4 class=\"ttl_grad_blue box-shadow tC\">02. Auswahl des Bearbeitungsverfahrens<\/h4>\n<div class=\"list_in\">\n<div class=\"image\"><img decoding=\"async\" src=\"..\/img\/cooperation\/flow_img02.jpg\" alt=\"\"><\/div>\n<dl>\n<dt>Bei der Auswahl des jeweiligen Bearbeitungsprozesses ber\u00fccksichtigen wir:<\/dt>\n<dd>1. die Anforderungen an Qualit\u00e4t (einschlie\u00dflich Ma\u00dftoleranzen, Komplexit\u00e4t der Form, Oberfl\u00e4cheng\u00fcte) und Menge sowie die Bearbeitungskosten.<\/dd>\n<dd>2. die physikalischen Eigenschaften des Materials, einschlie\u00dflich H\u00e4rte, Z\u00e4higkeit, Steifigkeit (Elastizit\u00e4tsmodul), W\u00e4rmeausdehnungskoeffizient, W\u00e4rmeleitf\u00e4higkeit und elektrische Eigenschaften.<\/dd>\n<dd>3. die chemische Zusammensetzung des Materials.<\/dd>\n<\/dl>\n<p>\t\t\t\t\t\t\t<!-- \/.list_in --><\/div>\n<\/li>\n<\/ul>\n<div class=\"box_border_only mb30\">\n<h4 class=\"ttl_grad_blue box-shadow tC\">03. Auftragsannahme<\/h4>\n<div class=\"list_in\">\n<div class=\"row\">\n<div class=\"col-sm-6\">\n<div class=\"image\"><img decoding=\"async\" src=\"..\/img\/cooperation\/flow_img03.jpg\" alt=\"\"><\/div>\n<p>Wir nehmen Ihre Auftr\u00e4ge gerne entgegen, wenn Sie unsere Serviceleistungen nutzen m\u00f6chten. Wir m\u00f6chten sicherstellen, dass unser Service am besten f\u00fcr Ihre Bearbeitungsanforderungen geeignet ist. <\/p>\n<dl>\n<dt>Vorstellung eines anderen Bearbeitungsunternehmens <\/dt>\n<dd>Falls Ihre Anforderungen ein spezielles Verfahren oder eine spezielle Behandlung erfordern, die wir nicht bieten, stellen wir Ihnen gerne andere Bearbeitungsspezialisten vor. Nachdem Sie die Kontaktdaten von uns erhalten haben, k\u00f6nnen Sie sich direkt mit diesen in Verbindung setzen.  <\/dd>\n<\/dl>\n<dl>\n<dt>Vorbereitung f\u00fcr Testbearbeitungen <\/dt>\n<dd>Falls eine Testbearbeitung erforderlich ist, entscheiden wir auf der Grundlage der Teilespezifikationen und der Anwendungsanforderungen \u00fcber den\/die Bearbeitungsprozess\/e, die Bearbeitungsausr\u00fcstung, die Bearbeitungswerkzeuge und die Bearbeitungsbedingungen. <br \/>\n Wir haben eine gro\u00dfe Auswahl an Bearbeitungswerkzeugen auf Lager. F\u00fcr Testbearbeitungen empfiehlt es sich, mit vorr\u00e4tigen Werkzeugen zu testen, um schnellere Ergebnisse und geringere Kosten zu erzielen. <\/dd>\n<\/dl>\n<p>\t\t\t\t\t\t\t\t<!-- \/.col-sm-6 --><\/div>\n<div class=\"col-sm-6\">\n<dl>\n<dt>Testbearbeitung<\/dt>\n<dd>Aus den verschiedenen Maschinentypen w\u00e4hlen wir die effizienteste Maschine aus, um die Testbearbeitung zeitnah durchzuf\u00fchren. Unser erfahrener Maschinenbediener \u00fcberwacht die Maschine w\u00e4hrend des Betriebs, um Probleme und Ger\u00e4usche zu erkennen, die z. B. durch zu hohe Bearbeitungslasten oder Vibrationen entstehen. Sobald dies festgestellt wird, werden Anpassungen vorgenommen, um einen optimalen Betrieb zu gew\u00e4hrleisten.   <\/dd>\n<\/dl>\n<dl>\n<dt>Auswertung der Ergebnisse<\/dt>\n<dd>Wir werten die Ergebnisse der Testbearbeitung aus. Wenn die Ergebnisse nicht zufriedenstellend sind, f\u00fchren wir weitere Tests durch, bis die gew\u00fcnschten Ergebnisse erreicht sind. Anschlie\u00dfend legen wir die Bearbeitungsprozesse, Werkzeuge und Bedingungen fest, um mit der Produktbearbeitung fortzufahren.  <\/dd>\n<\/dl>\n<p>\t\t\t\t\t\t\t\t<!-- \/.col-sm-6 --><\/div>\n<p>\t\t\t\t\t\t\t<!-- \/.row --><\/div>\n<p>\t\t\t\t\t\t<!-- \/.list_in --><\/div>\n<\/p><\/div>\n<ul class=\"row\">\n<li class=\"box_border_only col-sm-6\u3000col-md-6 col-lg-6\">\n<h4 class=\"ttl_grad_blue box-shadow tC\">04. Vorbereitung f\u00fcr die Bearbeitung des Produkts<\/h4>\n<div class=\"list_in\">\n<div class=\"image\"><img decoding=\"async\" src=\"..\/img\/cooperation\/flow_img04.jpg\" alt=\"\"><\/div>\n<p>Wenn f\u00fcr dieses Projekt speziell entwickelte Werkzeuge und Vorrichtungen erforderlich sind, werden diese in dieser Phase vorbereitet.<\/p>\n<dl>\n<dt>Bearbeitung des Produkts<\/dt>\n<dd>Es werden letzte Anpassungen vorgenommen, um sicherzustellen, dass alle Bearbeitungsprozesse unter optimalen Bedingungen durchgef\u00fchrt werden. <br \/>\n F\u00fcr jedes Projekt werden die Maschinen und Bediener sorgf\u00e4ltig ausgew\u00e4hlt, um sicherzustellen, dass wir Ihre Anforderungen erf\u00fcllen und m\u00f6glichst noch \u00fcbertreffen k\u00f6nnen. Bei Bedarf k\u00f6nnen Sie sogar die Bearbeitungsvorg\u00e4nge beobachten. Bitte melden Sie sich vor Ihrem Besuch an.  <\/dd>\n<\/dl>\n<dl>\n<dt>Inspektion\/Qualit\u00e4tssicherung<\/dt>\n<dd>Alle Produkte werden kontrolliert, um sicherzustellen, dass wir nur solche anbieten, die den Qualit\u00e4tsanforderungen entsprechen.<\/dd>\n<\/dl>\n<p>\t\t\t\t\t\t\t<!-- \/.list_in --><\/div>\n<\/li>\n<li class=\"box_border_only col-sm-6\u3000col-md-6 col-lg-6\">\n<h4 class=\"ttl_grad_blue box-shadow tC\">05. Lieferung<\/h4>\n<div class=\"list_in\">\n<div class=\"image\"><img decoding=\"async\" src=\"..\/img\/cooperation\/flow_img05.jpg\" alt=\"\"><\/div>\n<p>Alle Produkte werden mit Pr\u00fcfberichten geliefert. Informationen zu den Herstellungsverfahren k\u00f6nnen auf Anfrage zur Verf\u00fcgung gestellt werden.  <\/p>\n<p>\t\t\t\t\t\t\t<!-- \/.list_in --><\/div>\n<\/li>\n<\/ul>\n<p>\t\t\t\t<!-- \/.flow_box --><\/div>\n<\/p><\/div>\n<p>\t\t<!-- container --><\/div>\n<\/section>\n<section class=\"common_area2\">\n<div class=\"common_area_top\">\n<div class=\"container\">\n<div class=\"contact_box\">\n<h3>Wir unterst\u00fctzen Ihre Forschung und Entwicklung gerne mit unserer hochpr\u00e4zisen Bearbeitungstechnologie und unseren Materialvorschl\u00e4gen f\u00fcr ultraharte Materialien.<\/h3>\n<div class=\"row\">\n<div class=\"contact_box_l col-sm-6\">\n<div class=\"logo\"><img decoding=\"async\" src=\"..\/common\/img\/ico\/common_logo_ico.png\" alt=\"\"><\/div>\n<div class=\"text_area\">\n<h4>Top Seiko Co., Ltd.<\/h4>\n<p>\n 1197-4, Hosoe-cho, Nagahama City,<br \/>Shiga Pref., 526-0105 Japan <br \/>\n\t\t\t\t\t\t\t\t\t<a href=\"company\/address\/\" class=\"access_map_link\">[ Access Map ]<\/a>\n\t\t\t\t\t\t\t\t<\/p>\n<p>\t\t\t\t\t\t\t<!-- \/.text_area --><\/div>\n<p>\t\t\t\t\t\t<!-- \/.contact_box_logo col-sm-6 --><\/div>\n<div class=\"contact_box_r col-sm-6\">\n<div class=\"tel\">\n Phone.+81-(0)749-51-9021<br \/>\n\t\t\t\t\t\t\t<!-- \/.tel --><\/div>\n<div class=\"fax\">\n FAX.+81-(0)749-51-9022<br \/>\n\t\t\t\t\t\t\t<!-- \/.fax --><\/div>\n<div class=\"contact_btn btn_grad_blue2\">\n\t\t\t\t\t\t\t\t<a href=\"..\/contact\"> Inquiry<\/a><br \/>\n\t\t\t\t\t\t\t<!-- \/.contact_btn --><\/div>\n<div class=\"contact_btn btn_grad_blue\">\n\t\t\t\t\t\t\t\t<a href=\"..\/download\">Documents Download<\/a><br \/>\n\t\t\t\t\t\t\t<!-- \/.contact_btn --><\/div>\n<p>\t\t\t\t\t\t<!-- \/.contact_box_other --><\/div>\n<p>\t\t\t\t\t<!-- \/.row --><\/div>\n<p>\t\t\t\t<!-- \/.contact_box --><\/div>\n<p>\t\t\t<!-- \/.container --><\/div>\n<p>\t\t<!-- \/.common_area_top --><\/div>\n<p>\t<!-- \/.common_area --><\/section>\n<\/article>\n","protected":false},"excerpt":{"rendered":"<p>Unterst\u00fctzung der Produktentwicklung Mit unseren neuesten Maschinen, verschiedenen Arten von Bearbeitungswerkzeugen auf Lager und erfahrenen Ingenieuren und Maschinenbedienern helfen wir unseren Kunden, ihre Produktentwicklungsprojekte so schnell wie m\u00f6glich zu starten. Sie k\u00f6nnen auf uns z\u00e4hlen, wenn es um die Bearbeitung von Prototypen in kleinen St\u00fcckzahlen oder um die Bearbeitung von Gro\u00dfserien geht. F\u00fcr Ihren anspruchsvollen Bearbeitungsanforderungen f\u00fchren wir Testbearbeitungen durch. Auf der Grundlage der Testergebnisse entscheiden wir \u00fcber die besten Bearbeitungsbedingungen, um selbst Ihre strengsten Anforderungen zu erf\u00fcllen und zu \u00fcbertreffen. Wir f\u00fchren sogar Tests durch, bis wir die gew\u00fcnschten Ergebnisse erzielen. Nutzen Sie die kombinierte St\u00e4rke unserer Werkstoffkenntnisse und unseres Know-hows im Rahmen der Bearbeitung und bringen Sie Ihre [&hellip;]<\/p>\n","protected":false},"author":1,"featured_media":0,"parent":0,"menu_order":0,"comment_status":"closed","ping_status":"closed","template":"","meta":{"om_disable_all_campaigns":false,"_monsterinsights_skip_tracking":false,"_monsterinsights_sitenote_active":false,"_monsterinsights_sitenote_note":"","_monsterinsights_sitenote_category":0,"footnotes":""},"aioseo_notices":[],"_links":{"self":[{"href":"https:\/\/top-seiko.com\/de\/wp-json\/wp\/v2\/pages\/8558"}],"collection":[{"href":"https:\/\/top-seiko.com\/de\/wp-json\/wp\/v2\/pages"}],"about":[{"href":"https:\/\/top-seiko.com\/de\/wp-json\/wp\/v2\/types\/page"}],"author":[{"embeddable":true,"href":"https:\/\/top-seiko.com\/de\/wp-json\/wp\/v2\/users\/1"}],"replies":[{"embeddable":true,"href":"https:\/\/top-seiko.com\/de\/wp-json\/wp\/v2\/comments?post=8558"}],"version-history":[{"count":5,"href":"https:\/\/top-seiko.com\/de\/wp-json\/wp\/v2\/pages\/8558\/revisions"}],"predecessor-version":[{"id":9669,"href":"https:\/\/top-seiko.com\/de\/wp-json\/wp\/v2\/pages\/8558\/revisions\/9669"}],"wp:attachment":[{"href":"https:\/\/top-seiko.com\/de\/wp-json\/wp\/v2\/media?parent=8558"}],"curies":[{"name":"wp","href":"https:\/\/api.w.org\/{rel}","templated":true}]}}