{"id":8571,"date":"2016-09-08T14:01:12","date_gmt":"2016-09-08T05:01:12","guid":{"rendered":"https:\/\/top-seiko.com\/praezisionsbearbeitungsserviceleistungen-fuer-ultraharte-materialien\/"},"modified":"2023-10-23T18:10:41","modified_gmt":"2023-10-23T09:10:41","slug":"technology","status":"publish","type":"page","link":"https:\/\/top-seiko.com\/de\/technology\/","title":{"rendered":"Pr\u00e4zisionsbearbeitungsserviceleistungen f\u00fcr ultraharte Materialien"},"content":{"rendered":"<article class=\"m-technology\">\n\t<!-- \u52a0\u5de5\u6280\u8853\u7d39\u4ecb --><\/p>\n<section class=\"technology\">\n<div class=\"container\">\n<h2 class=\"ttl01\">\n\t\t\t\t<span class=\"ja\">Pr\u00e4zisionsbearbeitungsserviceleistungen f\u00fcr ultraharte Materialien<\/span><br \/>\n\t\t\t<\/h2>\n<div class=\"contents_top box-shadow row\">\n<div class=\"contents_top_text col-sm-7\">\n<p><strong>\u201eViele Pr\u00e4zisionsteile wurden aus herk\u00f6mmlichen metallischen Werkstoffen hergestellt. Aber wir bearbeiten exotische, harte Materialien und stellen die gleichen Teile her.\u201c<\/strong><br \/>\n Unter diesem Motto hat sich Top Seiko auf ultraharte Materialien wie Hochleistungskeramik, Glas, Refrakt\u00e4rmetalle und neu entwickelte Hochleistungsmaterialien wie Verbundwerkstoffe spezialisiert. Auf der Grundlage der Bearbeitungseigenschaften der einzelnen Werkstoffe und der Komplexit\u00e4t der Form des Werkst\u00fccks bestimmen wir die am besten geeignete Herstellungsmethode mit Hilfe physikalischer und chemischer Verfahren. <\/p>\n<p>Wir sind auch Experten f\u00fcr die Entwicklung von Bearbeitungswerkzeugen, die die Produktivit\u00e4t maximieren und gleichzeitig die h\u00f6chste Qualit\u00e4t der Produkte gew\u00e4hrleisten k\u00f6nnen. Die meisten dieser Werkzeuge werden von Werkzeugbaubetrieben nach unseren Vorgaben hergestellt. Wenn nicht, stellen wir sie selbst her.  <\/p>\n<p>Wir forschen und investieren kontinuierlich in neue Technologien, um unseren Kunden Bearbeitungsserviceleistungen von h\u00f6chster Qualit\u00e4t anbieten zu k\u00f6nnen. Dar\u00fcber hinaus f\u00fchren wir regelm\u00e4\u00dfig Testbearbeitungen durch, um Daten zu sammeln und unsere F\u00e4higkeiten noch weiter auszubauen. <\/p>\n<\/p><\/div>\n<div class=\"contents_img col-sm-5 tC\">\n\t\t\t\t\t<img decoding=\"async\" src=\"\/img\/technology\/technology_img01.jpg\" alt=\"\">\n\t\t\t\t<\/div>\n<p>\t\t\t<!-- \/.contents_top --><\/div>\n<ul class=\"tech_kind row\">\n<li class=\"tech_kind_box col-sm-6\">\n<div class=\"tech_kind_box_in row\">\n<div class=\"left col-sm-6\">\n<h4>Komplexe Bearbeitung und 3D-Bearbeitung<\/h4>\n<div><img decoding=\"async\" src=\"\/img\/index\/index_tech_img01.jpg\" alt=\"\"><\/div>\n<\/p><\/div>\n<div class=\"tech_kind_box_in2 col-sm-6\">\n<p>Mit modernster Technologie, wie z. B. Hochgeschwindigkeitsfr\u00e4szentren mit Linearmotorantrieb und 5-Achs-Bearbeitungszentren, bietet Top Seiko einen Pr\u00e4zisionsservice f\u00fcr die kundenspezifische Bearbeitung ultraharter Materialien. Wir sind spezialisiert auf die komplexe und pr\u00e4zise Bearbeitung von komplizierten Konturen, Schlitzen, Nuten, Rillen, Stufen, Senkungen, Gewinden, geraden\/konischen L\u00f6chern usw. in Keramik, Glas und feuerfesten Metallen. 3D-Bearbeitungsserviceleistungen sind f\u00fcr Keramik und Molybd\u00e4n verf\u00fcgbar.<\/p>\n<div class=\"detail_btn tC\">\n\t\t\t\t\t\t\t\t<a href=\"tech01\/\"><\/a>\n\t\t\t\t\t\t<\/div>\n<p>\t\t\t\t\t<!-- \/.tech_kind_box_in2 --><\/div>\n<p>\t\t\t\t<!-- \/.tech_kind_box_in --><\/div>\n<p>\t\t\t\t<!-- \/.tech_kind_box.col-sm-6 --><\/li>\n<li class=\"tech_kind_box col-sm-6\">\n<div class=\"tech_kind_box_in row\">\n<div class=\"left col-sm-6\">\n<h4>Hochpr\u00e4zisions-\/Mikrobearbeitung<\/h4>\n<div><img decoding=\"async\" src=\"\/img\/index\/index_tech_img02.jpg\" alt=\"\"><\/div>\n<\/p><\/div>\n<div class=\"tech_kind_box_in2 col-sm-6\">\n<p>Unser Motto lautet: \u201eDie Herausforderungen bei der Bearbeitung logisch mit physikalischen und chemischen Ans\u00e4tzen angehen\u201c. <br \/>\n\t\t\t\t\t\t\t\tAls branchenf\u00fchrender Anbieter sind wir in der Lage, Hochpr\u00e4zisions- und Mikrobearbeitungsserviceleistungen f\u00fcr eine Vielzahl exotischer harter Materialien anzubieten. Mit unserem fundierten Wissen \u00fcber diese Materialien, modernsten Pr\u00e4zisionsmaschinen und -werkzeugen, erfahrenen Ingenieuren und gut ausgebildeten Maschinenbedienern fertigen wir kundenspezifische Teile mit einer Genauigkeit im Mikrometerbereich. <br \/>\n\t\t\t\t\t\t\t\tAu\u00dferdem verf\u00fcgen wir \u00fcber Messger\u00e4te, mit denen wir die Formgenauigkeit jedes bearbeiteten Teils garantieren k\u00f6nnen.<\/p>\n<div class=\"detail_btn tC\">\n\t\t\t\t\t\t\t\t<a href=\"tech02\/\"><\/a>\n\t\t\t\t\t\t<\/div>\n<p>\t\t\t\t\t<!-- \/.tech_kind_box_in2 --><\/div>\n<p>\t\t\t\t<!-- \/.tech_kind_box_in --><\/div>\n<p>\t\t\t\t<!-- \/.tech_kind_box.col-sm-6 --><\/li>\n<li class=\"tech_kind_box col-sm-6\">\n<div class=\"tech_kind_box_in row\">\n<div class=\"left col-sm-6\">\n<h4>Bohren von L\u00f6chern<\/h4>\n<div><img decoding=\"async\" src=\"\/img\/index\/index_tech_img03.jpg\" alt=\"\"><\/div>\n<\/p><\/div>\n<div class=\"tech_kind_box_in2 col-sm-6\">\n<p>Das Bohren von L\u00f6chern in harten Materialien ist unsere Spezialit\u00e4t. Pr\u00e4zisionsl\u00f6cher, Mikrol\u00f6cher und Mehrfachl\u00f6cher k\u00f6nnen in Keramik, Glas und Refrakt\u00e4rmetallen wie Wolfram, Molybd\u00e4n und Tantal realisiert werden.  <br \/>Wir konstruieren Bearbeitungswerkzeuge, um L\u00f6cher genau nach Ihren Anforderungen zu bohren. Teilen Sie uns einfach den Durchmesser, die Tiefe, die Toleranzen usw. der von Ihnen ben\u00f6tigten L\u00f6cher mit!<\/p>\n<div class=\"detail_btn tC\">\n\t\t\t\t\t\t\t\t<a href=\"tech03\/\"><\/a>\n\t\t\t\t\t\t<\/div>\n<p>\t\t\t\t\t<!-- \/.tech_kind_box_in2 --><\/div>\n<p>\t\t\t\t<!-- \/.tech_kind_box_in --><\/div>\n<p>\t\t\t\t<!-- \/.tech_kind_box.col-sm-6 --><\/li>\n<li class=\"tech_kind_box col-sm-6\">\n<div class=\"tech_kind_box_in row\">\n<div class=\"left col-sm-6\">\n<h4>Tieflochbohren<\/h4>\n<div><img decoding=\"async\" src=\"\/img\/index\/index_tech_img04.jpg\" alt=\"\"><\/div>\n<\/p><\/div>\n<div class=\"tech_kind_box_in2 col-sm-6\">\n<p>Wir sind stolz darauf, mit ma\u00dfgeschneiderten Bearbeitungswerkzeugen, die von unserem Ingenieurteam entwickelt wurden, tiefe gerade L\u00f6cher und lange konische L\u00f6cher in ultraharte Materialien wie Hochleistungskeramik, Quarzglas, Molybd\u00e4n und Wolfram bohren zu k\u00f6nnen. <br \/>Die Schl\u00fcssel zum Erfolg beim Tieflochbohren sind: 1. Den Bohrer gerade halten, 2. Die Sp\u00e4ne aus dem Loch sp\u00fclen und eine Ansammlung von Sp\u00e4nen am Boden des Lochs vermeiden. Und wir wissen genau, wie man das macht!<\/p>\n<div class=\"detail_btn tC\">\n\t\t\t\t\t\t\t\t<a href=\"tech04\/\"><\/a>\n\t\t\t\t\t\t<\/div>\n<p>\t\t\t\t\t<!-- \/.tech_kind_box_in2 --><\/div>\n<p>\t\t\t\t<!-- \/.tech_kind_box_in --><\/div>\n<p>\t\t\t\t<!-- \/.tech_kind_box.col-sm-6 --><\/li>\n<p>\t\t\t<!-- \/.tech_kind --><\/ul>\n<div class=\"technology_bottom\">\n<ul class=\"technology_bottom_list\">\n<li class=\"col-sm-6 btn_grad_blue\"><a href=\"..\/works\/material-cat\/ceramics\/#comparison\">Prozessvergleich nach dem Sintern<i class=\"fa fa-caret-right\" aria-hidden=\"true\"><\/i><\/a><\/li>\n<p>\t\t\t\t\t<!--\n\n<li class=\"col-sm-6 btn_grad_blue\"><a href=\"..\/works\/material-cat\/ceramics\/\">\u7d20\u6750\u3054\u3068\u306e\u52a0\u5de5\u53ef\u80fd\u306a\u76ee\u5b89<i class=\"fa fa-caret-right\" aria-hidden=\"true\"><\/i><\/a><\/li>\n\n-->\n\t\t\t\t<\/ul>\n<\/p><\/div>\n<p>\t\t<!-- container --><\/div>\n<\/section>\n<\/article>\n","protected":false},"excerpt":{"rendered":"<p>Pr\u00e4zisionsbearbeitungsserviceleistungen f\u00fcr ultraharte Materialien \u201eViele Pr\u00e4zisionsteile wurden aus herk\u00f6mmlichen metallischen Werkstoffen hergestellt. Aber wir bearbeiten exotische, harte Materialien und stellen die gleichen Teile her.\u201c Unter diesem Motto hat sich Top Seiko auf ultraharte Materialien wie Hochleistungskeramik, Glas, Refrakt\u00e4rmetalle und neu entwickelte Hochleistungsmaterialien wie Verbundwerkstoffe spezialisiert. Auf der Grundlage der Bearbeitungseigenschaften der einzelnen Werkstoffe und der Komplexit\u00e4t der Form des Werkst\u00fccks bestimmen wir die am besten geeignete Herstellungsmethode mit Hilfe physikalischer und chemischer Verfahren. Wir sind auch Experten f\u00fcr die Entwicklung von Bearbeitungswerkzeugen, die die Produktivit\u00e4t maximieren und gleichzeitig die h\u00f6chste Qualit\u00e4t der Produkte gew\u00e4hrleisten k\u00f6nnen. Die meisten dieser Werkzeuge werden von Werkzeugbaubetrieben nach unseren Vorgaben hergestellt. Wenn nicht, stellen wir [&hellip;]<\/p>\n","protected":false},"author":1,"featured_media":0,"parent":0,"menu_order":0,"comment_status":"closed","ping_status":"closed","template":"","meta":{"om_disable_all_campaigns":false,"_monsterinsights_skip_tracking":false,"_monsterinsights_sitenote_active":false,"_monsterinsights_sitenote_note":"","_monsterinsights_sitenote_category":0,"footnotes":""},"aioseo_notices":[],"_links":{"self":[{"href":"https:\/\/top-seiko.com\/de\/wp-json\/wp\/v2\/pages\/8571"}],"collection":[{"href":"https:\/\/top-seiko.com\/de\/wp-json\/wp\/v2\/pages"}],"about":[{"href":"https:\/\/top-seiko.com\/de\/wp-json\/wp\/v2\/types\/page"}],"author":[{"embeddable":true,"href":"https:\/\/top-seiko.com\/de\/wp-json\/wp\/v2\/users\/1"}],"replies":[{"embeddable":true,"href":"https:\/\/top-seiko.com\/de\/wp-json\/wp\/v2\/comments?post=8571"}],"version-history":[{"count":4,"href":"https:\/\/top-seiko.com\/de\/wp-json\/wp\/v2\/pages\/8571\/revisions"}],"predecessor-version":[{"id":10040,"href":"https:\/\/top-seiko.com\/de\/wp-json\/wp\/v2\/pages\/8571\/revisions\/10040"}],"wp:attachment":[{"href":"https:\/\/top-seiko.com\/de\/wp-json\/wp\/v2\/media?parent=8571"}],"curies":[{"name":"wp","href":"https:\/\/api.w.org\/{rel}","templated":true}]}}