{"id":8589,"date":"2016-09-08T14:03:22","date_gmt":"2016-09-08T05:03:22","guid":{"rendered":"https:\/\/top-seiko.com\/technology\/komplexe-bearbeitung-und-3d-bearbeitung-von-exotischen-harten-materialien\/"},"modified":"2023-01-31T15:31:18","modified_gmt":"2023-01-31T06:31:18","slug":"tech01","status":"publish","type":"page","link":"https:\/\/top-seiko.com\/de\/technology\/tech01\/","title":{"rendered":"Komplexe Bearbeitung und 3D-Bearbeitung von exotischen harten Materialien"},"content":{"rendered":"<article class=\"m-tech01\">\n\t<!-- \u52a0\u5de5\u6280\u8853\u7d39\u4ecb --><\/p>\n<section class=\"technology\">\n<div class=\"container\">\n<h2 class=\"ttl01\"><span class=\"ja\">Komplexe Bearbeitung und 3D-Bearbeitung von exotischen harten Materialien<\/span><\/h2>\n<div class=\"contents_top box-shadow row\">\n<div class=\"contents_top_text col-sm-7\">\n<h4>\u201eViele Pr\u00e4zisionsteile wurden aus herk\u00f6mmlichen metallischen Werkstoffen hergestellt. Aber wir bearbeiten exotische, harte Materialien und stellen die gleichen Teile her.\u201c <\/h4>\n<p>Unter diesem Motto hat sich Top Seiko auf ultraharte Materialien wie Hochleistungskeramik, Glas, Refrakt\u00e4rmetalle und neu entwickelte Hochleistungsmaterialien wie Verbundwerkstoffe spezialisiert. <\/p>\n<div class=\"table-responsive2\">\n<table>\n<th>Unsere Bearbeitungsserviceleistungen umfassen:<\/th>\n<td>\u30fbCNC-Bearbeitung zur Herstellung einer Vielzahl von Formen und Merkmalen wie Schlitze, Nuten, Rillen, Stufen\/erh\u00f6hte Formen, Senkbohrungen, Gewinde, gerade\/konische L\u00f6cher usw. <br \/>\u30fbAu\u00dfendurchmesser-\/Innendurchmesser-Bearbeitung<br \/>\u30fbDrehen<br \/>\u30fbPr\u00e4zisionsschleifen<br \/>\u30fbRundschleifen<br \/>\u30fb3D-Bearbeitung von komplizierten konturierten Formen<\/td>\n<\/table>\n<p>\t\t\t\t\t<!-- \/.table-responsive2 --><\/div>\n<\/p><\/div>\n<div class=\"contents_img col-sm-5 tC\">\n\t\t\t\t\t<img decoding=\"async\" src=\"\/img\/technology\/tech01\/tech01_img01.jpg\" alt=\"\"><\/p>\n<div class=\"frame\"><\/div>\n<\/p><\/div>\n<p>\t\t\t<!-- \/.contents_top --><\/div>\n<div class=\"row\">\n<div class=\"contents_img col-sm-5 tC\">\n<iframe loading=\"lazy\" width=\"320\" height=\"180\" src=\"https:\/\/www.youtube.com\/embed\/7eZLxC-DGeQ?rel=0&amp;showinfo=0\" frameborder=\"0\" allowfullscreen=\"\"><\/iframe>\n\t\t\t\t<\/div>\n<div class=\"contents_top_text col-sm-7\">\n<p>Sehen Sie sich unseren Bearbeitungsfilm f\u00fcr ein 3D-Weinglasmuster aus Aluminiumoxid an, das mit der 5-Achs-CNC D300 bearbeitet wurde.<\/p>\n<\/p><\/div>\n<\/p><\/div>\n<ul class=\"shape_list row\">\n<li class=\"col-sm-6 col-md-6 col-lg-6\">\n<div class=\"list_in row\">\n\t\t\t\t\t\t<span class=\"image col-sm-4\"><img decoding=\"async\" src=\"\/img\/technology\/tech01\/shape_img01.jpg\" alt=\"\"><\/span><br \/>\n\t\t\t\t\t\t<span class=\"text col-sm-8\">Bearbeitung von Keramiken<\/span><br \/>\n\t\t\t\t\t\t<a href=\"shape#shape01\/\"><\/a><br \/>\n\t\t\t\t\t<!-- \/.list_in --><\/div>\n<\/li>\n<li class=\"col-sm-6 col-md-6 col-lg-6\">\n<div class=\"list_in row\">\n\t\t\t\t\t\t<span class=\"image col-sm-4\"><img decoding=\"async\" src=\"\/img\/technology\/tech01\/shape_img02.jpg\" alt=\"\"><\/span><br \/>\n\t\t\t\t\t\t<span class=\"text col-sm-8\">Bearbeitung von Wolfram<\/span><br \/>\n\t\t\t\t\t\t<a href=\"shape#shape02\/\"><\/a><br \/>\n\t\t\t\t\t<!-- \/.list_in --><\/div>\n<\/li>\n<li class=\"col-sm-6 col-md-6 col-lg-6\">\n<div class=\"list_in row\">\n\t\t\t\t\t\t<span class=\"image col-sm-4\"><img decoding=\"async\" src=\"\/img\/technology\/tech01\/shape_img03.jpg\" alt=\"\"><\/span><br \/>\n\t\t\t\t\t\t<span class=\"text col-sm-8\">Bearbeitung von Quarzglas und Silicium<\/span><br \/>\n\t\t\t\t\t\t<a href=\"shape#shape03\/\"><\/a><br \/>\n\t\t\t\t\t<!-- \/.list_in --><\/div>\n<\/li>\n<li class=\"col-sm-6 col-md-6 col-lg-6\">\n<div class=\"list_in row\">\n\t\t\t\t\t\t<span class=\"image col-sm-4\"><img decoding=\"async\" src=\"\/img\/technology\/tech01\/shape_img04.jpg\" alt=\"\"><\/span><br \/>\n\t\t\t\t\t\t<span class=\"text col-sm-8\">Bearbeitung von Tantal<\/span><br \/>\n\t\t\t\t\t\t<a href=\"shape#shape04\/\"><\/a><br \/>\n\t\t\t\t\t<!-- \/.list_in --><\/div>\n<\/li>\n<li class=\"col-sm-6 col-md-6 col-lg-6\">\n<div class=\"list_in row\">\n\t\t\t\t\t\t<span class=\"image col-sm-4\"><img decoding=\"async\" src=\"\/img\/technology\/tech01\/shape_img05.jpg\" alt=\"\"><\/span><br \/>\n\t\t\t\t\t\t<span class=\"text col-sm-8\">Bearbeitung von Molybd\u00e4n<\/span><br \/>\n\t\t\t\t\t\t<a href=\"shape#shape05\/\"><\/a><br \/>\n\t\t\t\t\t<!-- \/.list_in --><\/div>\n<\/li>\n<\/ul>\n<h3 class=\"ttl02\"><span class=\"ja\">3D-Bearbeitung von Keramiken, Glas, Wolfram und Molybd\u00e4n<\/span><\/h3>\n<div class=\"detail_area_in\">\n<div class=\"shape_detail_text\">\n<h4 class=\"ttl03 ttl_grad_blue\">3D-Bearbeitung von schwer zu schneidenden Materialien<\/h4>\n<p>Die 3D-Bearbeitung ultraharter Materialien erfordert sowohl die F\u00e4higkeit zur Bearbeitung schwer bearbeitbarer Materialien als auch die 3D-Bearbeitung. Zun\u00e4chst f\u00fchrt die Bearbeitung harter Materialien zu einem schnellen Werkzeugverschlei\u00df. Die 3D-Bearbeitung erfordert in der Regel eine lange Bearbeitungszeit, wodurch die Werkzeuge weiter besch\u00e4digt werden. Der Werkzeugverschlei\u00df wirkt sich direkt auf die Formgenauigkeit des bearbeiteten Teils aus.    <br \/>Es ist auch wichtig, die thermische Verschiebung eines Bearbeitungszentrums abzusch\u00e4tzen, die durch eine lange Bearbeitungszeit entsteht, und die notwendigen Anpassungen vorzunehmen. Geeignete Werkzeuge, Bearbeitungsmethoden und -bedingungen sind der Schl\u00fcssel zur erfolgreichen 3D-Bearbeitung harter Materialien. <\/p>\n<\/p><\/div>\n<div class=\"shape_detail_text\">\n<h4 class=\"ttl03 ttl_grad_blue\">Unsere 3D-Bearbeitung<\/h4>\n<p>Top Seiko bietet einen 3D-Bearbeitungsservice f\u00fcr ultraharte Materialien mit den folgenden Werkzeugen und Ger\u00e4ten an. <br \/>\n CAD\/CAM-Programme: hyperMILL\u00ae und Space-E.<br \/>\n Bearbeitungszentren: hochpr\u00e4zise vertikale 5-Achs-Bearbeitungszentren (Makino \/ DMG Mori) und Hochgeschwindigkeits-Bearbeitungszentren mit Linearmotor (Makino \/ Sodick).<br \/>\n Messger\u00e4te: Koordinatenmessmaschinen (Mitutoyo) und hochpr\u00e4zise CNC-Bildmessmaschine. <\/p>\n<p>Wir haben 3D-Teile und -Komponenten hergestellt, darunter Formen f\u00fcr die Herstellung von Kontaktlinsen aus Tempax-Glas (Borosilikatglas), Teile f\u00fcr Flugzeugtriebwerke aus CMC (Ceramic Matrix Composites), Komponenten f\u00fcr die Ionenimplantation aus Molybd\u00e4n und Wolfram und vieles mehr. <\/p>\n<p>Der Bedarf an 3D-Bearbeitungsdienstleistungen f\u00fcr ultraharte Materialien ist gr\u00f6\u00dfer als je zuvor. Kontaktieren Sie uns jetzt f\u00fcr Ihre Anforderungen im Rahmen der 3D-Bearbeitung! <\/p>\n<\/p><\/div>\n<p>\t\t\t<!-- \/.detail_area_in --><\/div>\n<p>\t\t<!-- container --><\/div>\n<\/section>\n<\/article>\n","protected":false},"excerpt":{"rendered":"<p>Komplexe Bearbeitung und 3D-Bearbeitung von exotischen harten Materialien \u201eViele Pr\u00e4zisionsteile wurden aus herk\u00f6mmlichen metallischen Werkstoffen hergestellt. Aber wir bearbeiten exotische, harte Materialien und stellen die gleichen Teile her.\u201c Unter diesem Motto hat sich Top Seiko auf ultraharte Materialien wie Hochleistungskeramik, Glas, Refrakt\u00e4rmetalle und neu entwickelte Hochleistungsmaterialien wie Verbundwerkstoffe spezialisiert. Unsere Bearbeitungsserviceleistungen umfassen: \u30fbCNC-Bearbeitung zur Herstellung einer Vielzahl von Formen und Merkmalen wie Schlitze, Nuten, Rillen, Stufen\/erh\u00f6hte Formen, Senkbohrungen, Gewinde, gerade\/konische L\u00f6cher usw. \u30fbAu\u00dfendurchmesser-\/Innendurchmesser-Bearbeitung\u30fbDrehen\u30fbPr\u00e4zisionsschleifen\u30fbRundschleifen\u30fb3D-Bearbeitung von komplizierten konturierten Formen Sehen Sie sich unseren Bearbeitungsfilm f\u00fcr ein 3D-Weinglasmuster aus Aluminiumoxid an, das mit der 5-Achs-CNC D300 bearbeitet wurde. Bearbeitung von Keramiken Bearbeitung von Wolfram Bearbeitung von Quarzglas und Silicium Bearbeitung von Tantal Bearbeitung [&hellip;]<\/p>\n","protected":false},"author":1,"featured_media":0,"parent":8571,"menu_order":0,"comment_status":"closed","ping_status":"closed","template":"page-tech.php","meta":{"om_disable_all_campaigns":false,"_monsterinsights_skip_tracking":false,"_monsterinsights_sitenote_active":false,"_monsterinsights_sitenote_note":"","_monsterinsights_sitenote_category":0,"footnotes":""},"aioseo_notices":[],"_links":{"self":[{"href":"https:\/\/top-seiko.com\/de\/wp-json\/wp\/v2\/pages\/8589"}],"collection":[{"href":"https:\/\/top-seiko.com\/de\/wp-json\/wp\/v2\/pages"}],"about":[{"href":"https:\/\/top-seiko.com\/de\/wp-json\/wp\/v2\/types\/page"}],"author":[{"embeddable":true,"href":"https:\/\/top-seiko.com\/de\/wp-json\/wp\/v2\/users\/1"}],"replies":[{"embeddable":true,"href":"https:\/\/top-seiko.com\/de\/wp-json\/wp\/v2\/comments?post=8589"}],"version-history":[{"count":2,"href":"https:\/\/top-seiko.com\/de\/wp-json\/wp\/v2\/pages\/8589\/revisions"}],"predecessor-version":[{"id":8799,"href":"https:\/\/top-seiko.com\/de\/wp-json\/wp\/v2\/pages\/8589\/revisions\/8799"}],"up":[{"embeddable":true,"href":"https:\/\/top-seiko.com\/de\/wp-json\/wp\/v2\/pages\/8571"}],"wp:attachment":[{"href":"https:\/\/top-seiko.com\/de\/wp-json\/wp\/v2\/media?parent=8589"}],"curies":[{"name":"wp","href":"https:\/\/api.w.org\/{rel}","templated":true}]}}