{"id":8604,"date":"2016-09-08T14:10:20","date_gmt":"2016-09-08T05:10:20","guid":{"rendered":"https:\/\/top-seiko.com\/technology\/hochpraezisions-mikrobearbeitungsdienstleistungen\/"},"modified":"2023-01-31T15:32:44","modified_gmt":"2023-01-31T06:32:44","slug":"tech02","status":"publish","type":"page","link":"https:\/\/top-seiko.com\/de\/technology\/tech02\/","title":{"rendered":"Hochpr\u00e4zisions-\/Mikrobearbeitungsdienstleistungen"},"content":{"rendered":"<article class=\"m-tech02\">\n\t<!-- \u52a0\u5de5\u6280\u8853\u7d39\u4ecb --><\/p>\n<section class=\"technology\">\n<div class=\"container\">\n<h2 class=\"ttl01\"><span class=\"ja\">Hochpr\u00e4zisions-\/Mikrobearbeitungsdienstleistungen<\/span><\/h2>\n<div class=\"contents_top box-shadow row\">\n<div class=\"contents_top_text col-sm-7\">\n<p>Top Seiko bietet Hochpr\u00e4zisions- und Mikrobearbeitungsdienstleistungen f\u00fcr eine Vielzahl exotischer harter Materialien. Unsere gut ausgestatteten und gepflegten Einrichtungen in Verbindung mit unserem fundierten Wissen und unserer umfangreichen Erfahrung in der Bearbeitung harter Materialien erm\u00f6glichen uns die Herstellung von kundenspezifischen Teilen h\u00f6chster Qualit\u00e4t. <\/p>\n<\/p><\/div>\n<div class=\"contents_img col-sm-5 tC\">\n\t\t\t\t\t<img decoding=\"async\" src=\"\/img\/technology\/tech02\/tech02_img.jpg\" alt=\"\"><\/p>\n<div class=\"frame\"><\/div>\n<\/p><\/div>\n<p>\t\t\t<!-- \/.contents_top --><\/div>\n<div class=\"detail_area_in box-shadow\">\n<table class=\"processing_table table-responsive2\">\n<tr>\n<th>Produktionsumgebung<\/th>\n<td>\n<ul>\n<li>Alle Prozesse werden in einer klimatisierten Umgebung durchgef\u00fchrt.<\/li>\n<li>F\u00fcr die Fu\u00dfb\u00f6den werden ersch\u00fctterungshemmende Ma\u00dfnahmen ergriffen.<\/li>\n<\/ul>\n<\/td>\n<\/tr>\n<tr>\n<th>Ausr\u00fcstung<\/th>\n<td>\n<ul>\n<li>Durch st\u00e4ndige Investitionen in Anlagen, Maschinen und Ausr\u00fcstung werden diese auf dem neuesten Stand gehalten. <\/li>\n<li>Um die Genauigkeit aufrechtzuerhalten, werden alle Maschinen t\u00e4glich kontrolliert und regelm\u00e4\u00dfig gewartet.<\/li>\n<li>Um die Genauigkeit aufrechtzuerhalten, werden alle Maschinen t\u00e4glich kontrolliert und regelm\u00e4\u00dfig gewartet.<\/li>\n<\/ul>\n<\/td>\n<\/tr>\n<tr>\n<th>Werkzeuge<\/th>\n<td>\n<ul>\n<li>Die Werkzeuge werden von Top Seiko entworfen und dann von Werkzeugherstellern nach Ma\u00df gefertigt oder von uns selbst hergestellt. <\/li>\n<li>Wir f\u00fchren Testbearbeitungen durch, um die Mechanismen des Schleifens und Schneidens zu kl\u00e4ren und die am besten geeigneten Werkzeuge zu entwickeln.<\/li>\n<\/ul>\n<\/td>\n<\/tr>\n<tr>\n<th>Vorrichtungen<\/th>\n<td>\n<ul>\n<li>Wir entwerfen und fertigen bei Bedarf Vorrichtungen an.<\/li>\n<\/ul>\n<\/td>\n<\/tr>\n<tr>\n<th>Personal<\/th>\n<td>\n<ul>\n<li>Wir haben viele hochqualifizierte und erfahrene Mitarbeiter.<\/li>\n<li>Unsere Aus- und Weiterbildungsprogramme zielen darauf ab, unser Personal kontinuierlich mit Wissen und Kompetenzen auszustatten.<\/li>\n<\/ul>\n<\/td>\n<\/tr>\n<tr>\n<th>Bearbeitungsbedingungen<\/th>\n<td>\n<ul>\n<li>Mit unseren gesammelten Bearbeitungsdaten k\u00f6nnen die optimalen Bearbeitungsbedingungen f\u00fcr jedes Projekt einfach und schnell bestimmt werden.<\/li>\n<li>Bei Bedarf f\u00fchren wir Testbearbeitungen durch und fahren dann mit der eigentlichen Produktion auf der Grundlage der bei den Tests gewonnenen Bearbeitungsdaten fort. <\/li>\n<\/ul>\n<\/td>\n<\/tr>\n<tr>\n<th>Kenntnisse \u00fcber Materialien<\/th>\n<td>\n<ul>\n<li>Als Experte f\u00fcr harte Werkstoffe sind wir st\u00e4ndig bestrebt, unser Wissen \u00fcber diese Art von Materialien zu erweitern, um unseren hochwertigen Pr\u00e4zisionsbearbeitungsservice aufrechtzuerhalten.<\/li>\n<\/ul>\n<\/td>\n<\/tr>\n<tr>\n<th>Zu den von uns bearbeiteten Materialien geh\u00f6ren<\/th>\n<td>\n<ul>\n<li>Hochleistungskeramik, Quarzglas, Glaskeramik, Tempax, Silicium, bearbeitbare Keramik, Metall-Keramik-Verbundwerkstoffe, Molybd\u00e4n, Wolfram, Tantal usw.<\/li>\n<\/ul>\n<\/td>\n<\/tr>\n<tr>\n<th>Qualit\u00e4tssicherung<\/th>\n<td>\n<ul>\n<li>Jedes Produkt wird von unseren gut ausgebildeten Mitarbeitern gepr\u00fcft, die sowohl \u00fcber die erforderlichen Kenntnisse als auch F\u00e4higkeiten verf\u00fcgen, um die Pr\u00fcfung ordnungsgem\u00e4\u00df durchzuf\u00fchren.<\/li>\n<li>Alle Pr\u00fcf- und Messger\u00e4te werden t\u00e4glich \u00fcberpr\u00fcft und regelm\u00e4\u00dfig kalibriert, um die Genauigkeit zu gew\u00e4hrleisten.<\/li>\n<li>F\u00fcr Ihren speziellen Pr\u00fcfbedarf sind auf Anfrage auch Pr\u00fcfungen durch externe Pr\u00fcforganisationen wie das Industrial Research Institute m\u00f6glich.<\/li>\n<\/ul>\n<\/td>\n<\/tr>\n<\/table>\n<div class=\"precision_table_area\">\n<h3 class=\"ttl03\">Bearbeitungstoleranzen f\u00fcr die Hochpr\u00e4zisions-\/Mikrobearbeitung von Teilen<\/h3>\n<div class=\"precision_table table-responsive\">\n<table>\n<tr>\n<th rowspan=\"2\">Eigenschaften<\/th>\n<td colspan=\"2\" class=\"border_bold\">Toleranzen (Einheit: mm)<\/td>\n<\/tr>\n<tr>\n<td>Normal<\/td>\n<td>Knapp<\/td>\n<\/tr>\n<tr class=\"border_bold\">\n<th>Abstand<\/th>\n<td>\u00b10.05<\/td>\n<td>\u00b10.003<\/td>\n<\/tr>\n<tr>\n<th>Innen-\/Au\u00dfendurchmesser<\/th>\n<td>\u00b10.05<\/td>\n<td>\u00b10.003<\/td>\n<\/tr>\n<tr class=\"border_bold\">\n<th>Dicke<\/th>\n<td>\u00b10.05<\/td>\n<td>\u00b10.002<\/td>\n<\/tr>\n<tr class=\"border_bold\">\n<th>H\u00f6he der Stufe \/ S\u00e4ule<\/th>\n<td>\u00b10.05<\/td>\n<td>\u00b10.003<\/td>\n<\/tr>\n<tr class=\"border_bold\">\n<th>Tiefe der Senkbohrung<\/th>\n<td>\u00b10.05<\/td>\n<td>\u00b10.003<\/td>\n<\/tr>\n<tr class=\"border_bold\">\n<th>Loch-Durchmesser<\/th>\n<td>\u00b10.1<\/td>\n<td>\u00b10.005<\/td>\n<\/tr>\n<tr>\n<th>Gewinde<\/th>\n<td>In Ordnung: mit einer Gewindelehre gepr\u00fcft<\/td>\n<td>Ausschusslehrdorn: Pr\u00fcfung mit einem Messstift in der Gr\u00f6\u00dfe der Vorbohrung<\/td>\n<\/tr>\n<tr>\n<th>Ebenheit<\/th>\n<td>0.05<\/td>\n<td>0.003<\/td>\n<\/tr>\n<tr class=\"border_bold\">\n<th>Parallelit\u00e4t<\/th>\n<td>0.05<\/td>\n<td>0.005<\/td>\n<\/tr>\n<tr class=\"border_bold\">\n<th>Rundheit<\/th>\n<td>0.05<\/td>\n<td>0.005<\/td>\n<\/tr>\n<tr>\n<th>Zylindrizit\u00e4t<\/th>\n<td>0.05\uff5e0.1<\/td>\n<td>0.005<\/td>\n<\/tr>\n<tr>\n<th>Oberfl\u00e4chenrauhigkeit<\/th>\n<td>Ra0.8<\/td>\n<td>Ra0.05<\/td>\n<\/tr>\n<\/table><\/div>\n<\/p><\/div>\n<div class=\"processing_work\">\n<h3 class=\"ttl03\">Bearbeitung von Proben<\/h3>\n<h4 class=\"ttl04 ml15\">Molybd\u00e4n &#8211; Kundenspezifisch bearbeitete Teile<\/h4>\n<p class=\"ml15\">Molybd\u00e4n &#8211; Kundenspezifisch bearbeitete Teile Dicke 0,05, Rahmenbreite: 0,05<\/p>\n<ul class=\"row\">\n<li class=\"col-sm-3 col-lg-3 col-xs-6\">\n\t\t\t\t\t\t\t<a href=\"..\/..\/img\/technology\/tech02\/case01.jpg\" data-lightbox=\"tech02\" data-title=\"Machining Example\"><br \/>\n\t\t\t\t\t\t\t\t<img decoding=\"async\" src=\"..\/..\/img\/technology\/tech02\/case01.jpg\" alt=\"\"><br \/>\n\t\t\t\t\t\t\t<\/a>\n\t\t\t\t\t\t<\/li>\n<li class=\"col-sm-3 col-lg-3 col-xs-6\">\n\t\t\t\t\t\t\t<a href=\"..\/..\/img\/technology\/tech02\/case02.jpg\" data-lightbox=\"tech02\" data-title=\"Machining Example\"><br \/>\n\t\t\t\t\t\t\t\t<img decoding=\"async\" src=\"..\/..\/img\/technology\/tech02\/case02.jpg\" alt=\"\"><br \/>\n\t\t\t\t\t\t\t<\/a>\n\t\t\t\t\t\t<\/li>\n<li class=\"col-sm-3 col-lg-3 col-xs-6\">\n\t\t\t\t\t\t\t<a href=\"..\/..\/img\/technology\/tech02\/case03.jpg\" data-lightbox=\"tech02\" data-title=\"Machining Example\"><br \/>\n\t\t\t\t\t\t\t\t<img decoding=\"async\" src=\"..\/..\/img\/technology\/tech02\/case03.jpg\" alt=\"\"><br \/>\n\t\t\t\t\t\t\t<\/a>\n\t\t\t\t\t\t<\/li>\n<\/ul>\n<h4 class=\"ttl04 ml15\">Sondenschutzvorrichtung<\/h4>\n<p class=\"ml15\">Sondenschutzvorrichtung: \u03c60,07 x 100 PL f\u00fcr bearbeitbare Keramiken<\/p>\n<ul class=\"row\">\n<li class=\"col-sm-3 col-lg-3 col-xs-6\">\n\t\t\t\t\t\t\t<a href=\"..\/..\/img\/technology\/tech02\/case04.jpg\" data-lightbox=\"tech02\" data-title=\"Machining Example\"><br \/>\n\t\t\t\t\t\t\t\t<img decoding=\"async\" src=\"..\/..\/img\/technology\/tech02\/case04.jpg\" alt=\"\"><br \/>\n\t\t\t\t\t\t\t<\/a>\n\t\t\t\t\t\t<\/li>\n<li class=\"col-sm-3 col-lg-3 col-xs-6\">\n\t\t\t\t\t\t\t<a href=\"..\/..\/img\/technology\/tech02\/case05.jpg\" data-lightbox=\"tech02\" data-title=\"Machining Example\"><br \/>\n\t\t\t\t\t\t\t\t<img decoding=\"async\" src=\"..\/..\/img\/technology\/tech02\/case05.jpg\" alt=\"\"><br \/>\n\t\t\t\t\t\t\t<\/a>\n\t\t\t\t\t\t<\/li>\n<li class=\"col-sm-3 col-lg-3 col-xs-6\">\n\t\t\t\t\t\t\t<a href=\"..\/..\/img\/technology\/tech02\/case06.jpg\" data-lightbox=\"tech02\" data-title=\"Machining Example\"><br \/>\n\t\t\t\t\t\t\t\t<img decoding=\"async\" src=\"..\/..\/img\/technology\/tech02\/case06.jpg\" alt=\"\"><br \/>\n\t\t\t\t\t\t\t<\/a>\n\t\t\t\t\t\t<\/li>\n<\/ul>\n<h4 class=\"ttl04 ml15\">Mikrobearbeitetes Produkt<\/h4>\n<p class=\"ml15\">\u03c6 Gr\u00f6\u00dfe: \u03c61 x Dicke 1 mm<br \/>\n  <br \/>\n Material: Schwarzes Aluminiumoxid<br \/>\n Die Rillenbreite und -tiefe betr\u00e4gt 0,07 mm.\n\t\t\t\t\t<\/p>\n<ul class=\"row\">\n<li class=\"col-sm-3 col-lg-3 col-xs-6\">\n\t\t\t\t\t\t\t<a href=\"..\/..\/img\/technology\/tech02\/case07.jpg\" data-lightbox=\"tech02\" data-title=\"Machining Example\"><br \/>\n\t\t\t\t\t\t\t\t<img decoding=\"async\" src=\"..\/..\/img\/technology\/tech02\/case07.jpg\" alt=\"\"><br \/>\n\t\t\t\t\t\t\t<\/a>\n\t\t\t\t\t\t<\/li>\n<li class=\"col-sm-3 col-lg-3 col-xs-6\">\n\t\t\t\t\t\t\t<a href=\"..\/..\/img\/technology\/tech02\/case08.jpg\" data-lightbox=\"tech02\" data-title=\"Machining Example\"><br \/>\n\t\t\t\t\t\t\t\t<img decoding=\"async\" src=\"..\/..\/img\/technology\/tech02\/case08.jpg\" alt=\"\"><br \/>\n\t\t\t\t\t\t\t<\/a>\n\t\t\t\t\t\t<\/li>\n<li class=\"col-sm-3 col-lg-3 col-xs-6\">\n\t\t\t\t\t\t\t<a href=\"..\/..\/img\/technology\/tech02\/case09.jpg\" data-lightbox=\"tech02\" data-title=\"Machining Example\"><br \/>\n\t\t\t\t\t\t\t\t<img decoding=\"async\" src=\"..\/..\/img\/technology\/tech02\/case09.jpg\" alt=\"\"><br \/>\n\t\t\t\t\t\t\t<\/a>\n\t\t\t\t\t\t<\/li>\n<\/ul><\/div>\n<p>\t\t\t<!-- container --><\/div>\n<p>\t\t<!-- detail_area_in --><\/div>\n<\/section>\n<\/article>\n","protected":false},"excerpt":{"rendered":"<p>Hochpr\u00e4zisions-\/Mikrobearbeitungsdienstleistungen Top Seiko bietet Hochpr\u00e4zisions- und Mikrobearbeitungsdienstleistungen f\u00fcr eine Vielzahl exotischer harter Materialien. Unsere gut ausgestatteten und gepflegten Einrichtungen in Verbindung mit unserem fundierten Wissen und unserer umfangreichen Erfahrung in der Bearbeitung harter Materialien erm\u00f6glichen uns die Herstellung von kundenspezifischen Teilen h\u00f6chster Qualit\u00e4t. Produktionsumgebung Alle Prozesse werden in einer klimatisierten Umgebung durchgef\u00fchrt. F\u00fcr die Fu\u00dfb\u00f6den werden ersch\u00fctterungshemmende Ma\u00dfnahmen ergriffen. Ausr\u00fcstung Durch st\u00e4ndige Investitionen in Anlagen, Maschinen und Ausr\u00fcstung werden diese auf dem neuesten Stand gehalten. Um die Genauigkeit aufrechtzuerhalten, werden alle Maschinen t\u00e4glich kontrolliert und regelm\u00e4\u00dfig gewartet. Um die Genauigkeit aufrechtzuerhalten, werden alle Maschinen t\u00e4glich kontrolliert und regelm\u00e4\u00dfig gewartet. Werkzeuge Die Werkzeuge werden von Top Seiko entworfen und dann von [&hellip;]<\/p>\n","protected":false},"author":1,"featured_media":0,"parent":8571,"menu_order":0,"comment_status":"closed","ping_status":"closed","template":"page-tech.php","meta":{"om_disable_all_campaigns":false,"_monsterinsights_skip_tracking":false,"_monsterinsights_sitenote_active":false,"_monsterinsights_sitenote_note":"","_monsterinsights_sitenote_category":0,"footnotes":""},"aioseo_notices":[],"_links":{"self":[{"href":"https:\/\/top-seiko.com\/de\/wp-json\/wp\/v2\/pages\/8604"}],"collection":[{"href":"https:\/\/top-seiko.com\/de\/wp-json\/wp\/v2\/pages"}],"about":[{"href":"https:\/\/top-seiko.com\/de\/wp-json\/wp\/v2\/types\/page"}],"author":[{"embeddable":true,"href":"https:\/\/top-seiko.com\/de\/wp-json\/wp\/v2\/users\/1"}],"replies":[{"embeddable":true,"href":"https:\/\/top-seiko.com\/de\/wp-json\/wp\/v2\/comments?post=8604"}],"version-history":[{"count":5,"href":"https:\/\/top-seiko.com\/de\/wp-json\/wp\/v2\/pages\/8604\/revisions"}],"predecessor-version":[{"id":8800,"href":"https:\/\/top-seiko.com\/de\/wp-json\/wp\/v2\/pages\/8604\/revisions\/8800"}],"up":[{"embeddable":true,"href":"https:\/\/top-seiko.com\/de\/wp-json\/wp\/v2\/pages\/8571"}],"wp:attachment":[{"href":"https:\/\/top-seiko.com\/de\/wp-json\/wp\/v2\/media?parent=8604"}],"curies":[{"name":"wp","href":"https:\/\/api.w.org\/{rel}","templated":true}]}}