{"id":8635,"date":"2016-09-08T14:10:51","date_gmt":"2016-09-08T05:10:51","guid":{"rendered":"https:\/\/top-seiko.com\/technology\/bohren-von-loechern\/"},"modified":"2023-01-31T15:34:40","modified_gmt":"2023-01-31T06:34:40","slug":"tech03","status":"publish","type":"page","link":"https:\/\/top-seiko.com\/de\/technology\/tech03\/","title":{"rendered":"Bohren von L\u00f6chern"},"content":{"rendered":"<article class=\"m-tech03\">\n\t<!-- \u52a0\u5de5\u6280\u8853\u7d39\u4ecb --><\/p>\n<section class=\"technology\">\n<div class=\"container\">\n<h2 class=\"ttl01\"><span class=\"ja\">Bohren von L\u00f6chern &#8211; Pr\u00e4zisions- und Mehrlochbohren <\/span><\/h2>\n<div class=\"contents_top box-shadow row\">\n<div class=\"contents_top_text col-sm-7\">\n<p>F\u00fcr viele Teile m\u00fcssen L\u00f6cher gebohrt werden. Es handelt sich um eines der h\u00e4ufigsten und grundlegendsten Bearbeitungsverfahren. Jedes gebohrte Loch spielt in der Regel eine wichtige Rolle f\u00fcr die Funktion des Teils und muss genau nach der Spezifikation hergestellt werden. Beim Bohren mehrerer L\u00f6cher in einem Teil ist es wichtig, die richtigen Bohrbedingungen festzulegen, um eine stabile Verarbeitung zu gew\u00e4hrleisten, da ein einziger Fehler in einem Loch das gesamte Teil zerst\u00f6ren kann.    <br \/>Wir bei Top Seiko quantifizieren die Bohrbelastung durch Messung der Werkzeugbelastung, um das am besten geeignete Bohrwerkzeug zu entwickeln und die optimalen Bearbeitungsbedingungen festzulegen. <\/p>\n<\/p><\/div>\n<div class=\"contents_img img_frame col-sm-5 tC\">\n\t\t\t\t\t<img decoding=\"async\" src=\"\/img\/technology\/tech03\/tech03_img01.jpg\" alt=\"\"><\/p>\n<div class=\"frame\"><\/div>\n<\/p><\/div>\n<p>\t\t\t<!-- \/.contents_top --><\/div>\n<div class=\"detail_area_in box-shadow\">\n<table class=\"processing_table table-responsive2\">\n<tr>\n<th>Materialien, die mit unseren Bohrdienstleistungen kompatibel sind<\/th>\n<td>Advanced Ceramics, Fused Silica Glass (Fused Quartz), Glass Ceramics, Borosilicate Glass (Tempax), Silicon, Machinable Ceramics, Metal Ceramic Composite Materials, Molybdenum, Tungsten, and Tantalum.\n\t\t\t\t\t\t<\/td>\n<\/tr>\n<tr>\n<th>F\u00e4higkeiten zum Bohren von L\u00f6chern<\/th>\n<td>\n Lochdurchmesser: Mikrol\u00f6cher, L\u00f6cher mit kleinem Durchmesser, mittlere und gro\u00dfe L\u00f6cher <br \/>\n Tiefe des Lochs: 0,05~400 mm<br \/>\n Bohrungsformen: gerade, konische, quadratische und Gewindel\u00f6cher<br \/>\n Lochdurchmesser Genauigkeit:\u00b10,005~0,1 mm<br \/>\n Anzahl der L\u00f6cher pro Teil: 1~5.000\n\t\t\t\t\t\t<\/td>\n<\/tr>\n<tr>\n<th>Verwendete Maschinen<\/th>\n<td>\n Bearbeitungszentren: 3-Achs-\/5-Achs-Bearbeitungszentren mit K\u00fchlmittelanlagen vom Typ Center-Through* <br \/>\n und Hochgeschwindigkeits-Bearbeitungszentren mit Linearmotor<br \/>\n Kombinierte Drehmaschinen<br \/>\n EDM-Maschine zum Bohren von L\u00f6chern<br \/>\n Drahterodiermaschine <br \/>\n *Das K\u00fchlmittelsystem vom Typ Center-Through versorgt die Werkzeugspitze durch die Bohrung in der Spindel und im Werkzeug mit Hochdruck-K\u00fchlmittel, um die Sp\u00e4ne effektiv zu sp\u00fclen, zu k\u00fchlen und die Lebensdauer des Werkzeugs zu verl\u00e4ngern.\n\t\t\t\t\t\t<\/td>\n<\/tr>\n<tr>\n<th>Materialien f\u00fcr Bohrwerkzeuge<\/th>\n<td>\n Wolframkarbid, Diamantk\u00f6rner, einkristalliner Diamant, Diamantbeschichtung und Kompax.\n\t\t\t\t\t\t<\/td>\n<\/tr>\n<\/table>\n<div class=\"indication\">\n<h3 class=\"ttl03\">Bearbeitungskapazit\u00e4ten f\u00fcr jedes Material von Top Seiko<\/h3>\n<div class=\"indication_area\">\n<h4 class=\"ttl04\">Bearbeitbare Keramiken<\/h4>\n<div class=\"table-responsive\">\n<table class=\"table_style2\">\n<tr>\n<th>Lochdurchmesser (mm)<\/th>\n<th>Maximales Tiefe-Durchmesser-Verh\u00e4ltnis (mm)<\/th>\n<th>Lochdurchmesser-Genauigkeit (mm)<\/th>\n<th>Maximale Anzahl von L\u00f6chern<\/th>\n<\/tr>\n<tr>\n<td>0.05~0.1<\/td>\n<td>10:1<\/td>\n<td>\u00b10.005~\u00b10.01<\/td>\n<td>100~5,000<\/td>\n<\/tr>\n<tr>\n<td>0.1~0.2<\/td>\n<td>10:1<\/td>\n<td>\u00b10.005~\u00b10.02<\/td>\n<td>5,000<\/td>\n<\/tr>\n<tr>\n<td>0.2~1.0<\/td>\n<td>20:1<\/td>\n<td>\u00b10.005~\u00b10.02<\/td>\n<td>5,000<\/td>\n<\/tr>\n<tr>\n<td>1.0~<\/td>\n<td>30:1<\/td>\n<td>\u00b10.005~\u00b10.05<\/td>\n<td>5,000<\/td>\n<\/tr>\n<\/table><\/div>\n<p>Aluminiumoxid ist wie andere Hochleistungskeramiken sehr hart und spr\u00f6de, was die Herstellung einiger Teile unm\u00f6glich oder zu teuer macht. Aufgrund ihrer hervorragenden Zerspanbarkeit k\u00f6nnen maschinell bearbeitbare Keramiken in der Regel ein hervorragender Ersatz f\u00fcr Aluminiumoxid oder andere harte Werkstoffe sein. Obwohl jede bearbeitbare Keramik einzigartige Eigenschaften hat, k\u00f6nnen Sie diejenige finden, die Ihren Anforderungen an Eigenschaften und Kosten entspricht. Es gibt viele erfolgreiche F\u00e4lle, in denen solche Materialien ersetzt wurden.   <\/p>\n<ul class=\"row\">\n<li class=\"col-sm-3\">\n\t\t\t\t\t\t\t\t<a href=\"\/img\/technology\/tech03\/tech03_img02.jpg\" data-lightbox=\"tech03\" data-title=\"Machining Example\" class=\"hover\"><br \/>\n\t\t\t\t\t\t\t\t\t<img decoding=\"async\" src=\"\/img\/technology\/tech03\/tech03_img02.jpg\" alt=\"\"><br \/>\n\t\t\t\t\t\t\t\t<\/a>\n\t\t\t\t\t\t\t<\/li>\n<\/ul><\/div>\n<div class=\"indication_area\">\n<h4 class=\"ttl04\">Geschmolzenes Quarzglas (Quarzglas), Borosilikatglas, Silicium<\/h4>\n<div class=\"table-responsive\">\n<table class=\"table_style2\">\n<tr>\n<th>Lochdurchmesser (mm)<\/th>\n<th>Maximales Tiefe-Durchmesser-Verh\u00e4ltnis (mm)<\/th>\n<th>Lochdurchmesser-Genauigkeit (mm)<\/th>\n<th>Maximale Anzahl von L\u00f6chern<\/th>\n<\/tr>\n<tr>\n<td>0.05~0.1<\/td>\n<td>10:1<\/td>\n<td>\u00b10.005\uff5e\u00b10.01<\/td>\n<td>10\uff5e200<\/td>\n<\/tr>\n<tr>\n<td>0.1\uff5e0.2<\/td>\n<td>10:1<\/td>\n<td>\u00b10.005~\u00b10.01<\/td>\n<td>200\uff5e500<\/td>\n<\/tr>\n<tr>\n<td>0.2\uff5e0.4<\/td>\n<td>20:1<\/td>\n<td>\u00b10.005~\u00b10.05<\/td>\n<td>500\uff5e2,000<\/td>\n<\/tr>\n<tr>\n<td>0.4\uff5e1.5<\/td>\n<td>30:1<\/td>\n<td>\u00b10.01\uff5e\u00b10.05<\/td>\n<td>2000\uff5e5,000<\/td>\n<\/tr>\n<tr>\n<td>1.5\uff5e<\/td>\n<td>30:1<\/td>\n<td>\u00b10.01\uff5e\u00b10.05<\/td>\n<td>5,000<\/td>\n<\/tr>\n<\/table><\/div>\n<ul class=\"row\">\n<li class=\"col-sm-3\">\n\t\t\t\t\t\t\t\t<a href=\"\/img\/technology\/tech03\/tech03_img03.jpg\" data-lightbox=\"tech03\" data-title=\"Machining Example\" class=\"hover\"><br \/>\n\t\t\t\t\t\t\t\t\t<img decoding=\"async\" src=\"\/img\/technology\/tech03\/tech03_img03.jpg\" alt=\"\"><br \/>\n\t\t\t\t\t\t\t\t<\/a>\n\t\t\t\t\t\t\t<\/li>\n<li class=\"col-sm-3\">\n\t\t\t\t\t\t\t\t<a href=\"\/img\/technology\/tech03\/tech03_img04.jpg\" data-lightbox=\"tech03\" data-title=\"Machining Example\" class=\"hover\"><br \/>\n\t\t\t\t\t\t\t\t\t<img decoding=\"async\" src=\"\/img\/technology\/tech03\/tech03_img04.jpg\" alt=\"\"><br \/>\n\t\t\t\t\t\t\t\t<\/a>\n\t\t\t\t\t\t\t<\/li>\n<\/ul><\/div>\n<div class=\"indication_area\">\n<h4 class=\"ttl04\">Aluminiumoxid, Aluminiumnitrid<\/h4>\n<div class=\"table-responsive\">\n<table class=\"table_style2\">\n<tr>\n<th>Lochdurchmesser (mm)<\/th>\n<th>Maximales Tiefe-Durchmesser-Verh\u00e4ltnis (mm)<\/th>\n<th>Lochdurchmesser-Genauigkeit (mm)<\/th>\n<th>Maximale Anzahl von L\u00f6chern<\/th>\n<\/tr>\n<tr>\n<td>0.05\uff5e0.1<\/td>\n<td>10:1<\/td>\n<td>\u00b10.005\uff5e\u00b10.01<\/td>\n<td>50<\/td>\n<\/tr>\n<tr>\n<td>0.1\uff5e0.2<\/td>\n<td>10:1<\/td>\n<td>\u00b10.005\uff5e\u00b10.02<\/td>\n<td>50\uff5e100<\/td>\n<\/tr>\n<tr>\n<td>0.2\uff5e0.4<\/td>\n<td>20:1<\/td>\n<td>\u00b10.005~\u00b10.05<\/td>\n<td>100\uff5e500<\/td>\n<\/tr>\n<tr>\n<td>0.4\uff5e1.5<\/td>\n<td>30:1<\/td>\n<td>\u00b10.005\uff5e\u00b10.05<\/td>\n<td>500\uff5e3,000<\/td>\n<\/tr>\n<tr>\n<td>1.5\uff5e<\/td>\n<td>30:1<\/td>\n<td>\u00b10.005\uff5e\u00b10.1<\/td>\n<td>500\uff5e3,000<\/td>\n<\/tr>\n<\/table><\/div>\n<ul class=\"row\">\n<li class=\"col-sm-3\">\n\t\t\t\t\t\t\t\t<a href=\"\/img\/technology\/tech03\/tech03_img05.jpg\" data-lightbox=\"tech03\" data-title=\"Machining Example\" class=\"hover\"><br \/>\n\t\t\t\t\t\t\t\t\t<img decoding=\"async\" src=\"\/img\/technology\/tech03\/tech03_img05.jpg\" alt=\"\"><br \/>\n\t\t\t\t\t\t\t\t<\/a>\n\t\t\t\t\t\t\t<\/li>\n<li class=\"col-sm-3\">\n\t\t\t\t\t\t\t\t<a href=\"\/img\/technology\/tech03\/tech03_img06.jpg\" data-lightbox=\"tech03\" data-title=\"Machining Example\" class=\"hover\"><br \/>\n\t\t\t\t\t\t\t\t\t<img decoding=\"async\" src=\"\/img\/technology\/tech03\/tech03_img06.jpg\" alt=\"\"><br \/>\n\t\t\t\t\t\t\t\t<\/a>\n\t\t\t\t\t\t\t<\/li>\n<\/ul><\/div>\n<div class=\"indication_area\">\n<h4 class=\"ttl04\">Siliciumcarbid, Zirconiumdioxid, Siliciumnitrid<\/h4>\n<div class=\"table-responsive\">\n<table class=\"table_style2\">\n<tr>\n<th>Lochdurchmesser (mm)<\/th>\n<th>Maximales Tiefe-Durchmesser-Verh\u00e4ltnis (mm)<\/th>\n<th>Lochdurchmesser-Genauigkeit (mm)<\/th>\n<th>Maximale Anzahl von L\u00f6chern<\/th>\n<\/tr>\n<tr>\n<td>0.1\uff5e0.3<\/td>\n<td>10:1<\/td>\n<td>\u00b10.01\uff5e\u00b10.05<\/td>\n<td>20<\/td>\n<\/tr>\n<tr>\n<td>0.3\uff5e0.5<\/td>\n<td>10:1<\/td>\n<td>\u00b10.01\uff5e\u00b10.05<\/td>\n<td>50<\/td>\n<\/tr>\n<tr>\n<td>0.5\uff5e1.5<\/td>\n<td>20:1<\/td>\n<td>\u00b10.01\uff5e\u00b10.05<\/td>\n<td>50\uff5e100<\/td>\n<\/tr>\n<tr>\n<td>1.5\uff5e<\/td>\n<td>20:1<\/td>\n<td>\u00b10.01\uff5e\u00b10.05<\/td>\n<td>200<\/td>\n<\/tr>\n<\/table><\/div>\n<ul class=\"row\">\n<li class=\"col-sm-3\">\n\t\t\t\t\t\t\t\t<a href=\"\/img\/technology\/tech03\/tech03_img07.jpg\" data-lightbox=\"tech03\" data-title=\"Machining Example\" class=\"hover\"><br \/>\n\t\t\t\t\t\t\t\t\t<img decoding=\"async\" src=\"\/img\/technology\/tech03\/tech03_img07.jpg\" alt=\"\"><br \/>\n\t\t\t\t\t\t\t\t<\/a>\n\t\t\t\t\t\t\t<\/li>\n<li class=\"col-sm-3\">\n\t\t\t\t\t\t\t\t<a href=\"\/img\/technology\/tech03\/tech03_img08.jpg\" data-lightbox=\"tech03\" data-title=\"Machining Example\" class=\"hover\"><br \/>\n\t\t\t\t\t\t\t\t\t<img decoding=\"async\" src=\"\/img\/technology\/tech03\/tech03_img08.jpg\" alt=\"\"><br \/>\n\t\t\t\t\t\t\t\t<\/a>\n\t\t\t\t\t\t\t<\/li>\n<li class=\"col-sm-3\">\n\t\t\t\t\t\t\t\t<a href=\"\/img\/technology\/tech03\/tech03_img09.jpg\" data-lightbox=\"tech03\" data-title=\"Machining Example\" class=\"hover\"><br \/>\n\t\t\t\t\t\t\t\t\t<img decoding=\"async\" src=\"\/img\/technology\/tech03\/tech03_img09.jpg\" alt=\"\"><br \/>\n\t\t\t\t\t\t\t\t<\/a>\n\t\t\t\t\t\t\t<\/li>\n<\/ul><\/div>\n<div class=\"indication_area\">\n<h4 class=\"ttl04\">Molybd\u00e4n, Tantal<\/h4>\n<div class=\"table-responsive\">\n<table class=\"table_style2\">\n<tr>\n<th>Lochdurchmesser (mm)<\/th>\n<th>Maximales Tiefe-Durchmesser-Verh\u00e4ltnis (mm)<\/th>\n<th>Lochdurchmesser-Genauigkeit (mm)<\/th>\n<th>Maximale Anzahl von L\u00f6chern<\/th>\n<\/tr>\n<tr>\n<td>0.05<\/td>\n<td>10:1<\/td>\n<td>\u00b10.005\uff5e\u00b10.01<\/td>\n<td>100<\/td>\n<\/tr>\n<tr>\n<td>0.05\uff5e0.2<\/td>\n<td>10:1<\/td>\n<td>\u00b10.005\uff5e\u00b10.01<\/td>\n<td>100\uff5e500<\/td>\n<\/tr>\n<tr>\n<td>0.2\uff5e2.0<\/td>\n<td>20:1<\/td>\n<td>\u00b10.01\uff5e\u00b10.05<\/td>\n<td>500\uff5e3,000<\/td>\n<\/tr>\n<tr>\n<td>2.0\uff5e<\/td>\n<td>30:1<\/td>\n<td>\u00b10.01\uff5e\u00b10.05<\/td>\n<td>3,000<\/td>\n<\/tr>\n<\/table><\/div>\n<ul class=\"row\">\n<li class=\"col-sm-3\">\n\t\t\t\t\t\t\t\t<a href=\"\/img\/technology\/tech03\/tech03_img10.jpg\" data-lightbox=\"tech03\" data-title=\"Machining Example\" class=\"hover\"><br \/>\n\t\t\t\t\t\t\t\t\t<img decoding=\"async\" src=\"\/img\/technology\/tech03\/tech03_img10.jpg\" alt=\"\"><br \/>\n\t\t\t\t\t\t\t\t<\/a>\n\t\t\t\t\t\t\t<\/li>\n<li class=\"col-sm-3\">\n\t\t\t\t\t\t\t\t<a href=\"\/img\/technology\/tech03\/tech03_img11.jpg\" data-lightbox=\"tech03\" data-title=\"Machining Example\" class=\"hover\"><br \/>\n\t\t\t\t\t\t\t\t\t<img decoding=\"async\" src=\"\/img\/technology\/tech03\/tech03_img11.jpg\" alt=\"\"><br \/>\n\t\t\t\t\t\t\t\t<\/a>\n\t\t\t\t\t\t\t<\/li>\n<\/ul><\/div>\n<div class=\"indication_area\">\n<h4 class=\"ttl04\">Wolfram<\/h4>\n<div class=\"table-responsive\">\n<table class=\"table_style2\">\n<tr>\n<th>Lochdurchmesser (mm)<\/th>\n<th>Maximales Tiefe-Durchmesser-Verh\u00e4ltnis (mm)<\/th>\n<th>Lochdurchmesser-Genauigkeit (mm)<\/th>\n<th>Maximale Anzahl von L\u00f6chern<\/th>\n<\/tr>\n<tr>\n<td>0.1\uff5e0.3<\/td>\n<td>10:1<\/td>\n<td>\u00b10.01\uff5e\u00b10.05<\/td>\n<td>20\uff5e300<\/td>\n<\/tr>\n<tr>\n<td>0.3\uff5e2.0<\/td>\n<td>20:1<\/td>\n<td>\u00b10.01\uff5e\u00b10.05<\/td>\n<td>20\uff5e300<\/td>\n<\/tr>\n<tr>\n<td>2.0\uff5e<\/td>\n<td>30:1<\/td>\n<td>\u00b10.01\uff5e\u00b10.05<\/td>\n<td>3,00<\/td>\n<\/tr>\n<\/table><\/div>\n<ul class=\"row\">\n<li class=\"col-sm-3\">\n\t\t\t\t\t\t\t\t<a href=\"\/img\/technology\/tech03\/tech03_img12.jpg\" data-lightbox=\"tech03\" data-title=\"Machining Example\" class=\"hover\"><br \/>\n\t\t\t\t\t\t\t\t\t<img decoding=\"async\" src=\"\/img\/technology\/tech03\/tech03_img12.jpg\" alt=\"\"><br \/>\n\t\t\t\t\t\t\t\t<\/a>\n\t\t\t\t\t\t\t<\/li>\n<\/ul><\/div>\n<\/p><\/div>\n<div class=\"processing_work\">\n<h3 class=\"ttl03\">Bearbeitungsbeispiele<\/h3>\n<h4 class=\"ttl04 ml15\">Shower Plate<\/h4>\n<p class=\"ml15\">Bearbeitungsbeispiel: \u03c60,1 x 1.000 PL f\u00fcr Macerite-SP<\/p>\n<ul class=\"row\">\n<li class=\"col-sm-3 col-lg-3 col-xs-6\">\n\t\t\t\t\t\t\t<a href=\"\/img\/technology\/tech03\/case01.jpg\" data-lightbox=\"tech03\" data-title=\"Machining Example\" class=\"hover\"><br \/>\n\t\t\t\t\t\t\t\t<img decoding=\"async\" src=\"\/img\/technology\/tech03\/case01.jpg\" alt=\"\"><br \/>\n\t\t\t\t\t\t\t<\/a>\n\t\t\t\t\t\t<\/li>\n<li class=\"col-sm-3 col-lg-3 col-xs-6\">\n\t\t\t\t\t\t\t<a href=\"\/img\/technology\/tech03\/case02.jpg\" data-lightbox=\"tech03\" data-title=\"Machining Example\" class=\"hover\"><br \/>\n\t\t\t\t\t\t\t\t<img decoding=\"async\" src=\"\/img\/technology\/tech03\/case02.jpg\" alt=\"\"><br \/>\n\t\t\t\t\t\t\t<\/a>\n\t\t\t\t\t\t<\/li>\n<li class=\"col-sm-3 col-lg-3 col-xs-6\">\n\t\t\t\t\t\t\t<a href=\"\/img\/technology\/tech03\/case03.jpg\" data-lightbox=\"tech03\" data-title=\"Machining Example\" class=\"hover\"><br \/>\n\t\t\t\t\t\t\t\t<img decoding=\"async\" src=\"\/img\/technology\/tech03\/case03.jpg\" alt=\"\"><br \/>\n\t\t\t\t\t\t\t<\/a>\n\t\t\t\t\t\t<\/li>\n<\/ul>\n<h4 class=\"ttl04 ml15\">Gasd\u00fcse<\/h4>\n<p class=\"ml15\">Bearbeitungsbeispiel: \u03c60.1 x 1,650 PL for Shapal Hi M-Soft<\/p>\n<ul class=\"row\">\n<li class=\"col-sm-3 col-lg-3 col-xs-6\">\n\t\t\t\t\t\t\t<a href=\"\/img\/technology\/tech03\/case04.jpg\" data-lightbox=\"tech03\" data-title=\"Machining Example\" class=\"hover\"><br \/>\n\t\t\t\t\t\t\t\t<img decoding=\"async\" src=\"\/img\/technology\/tech03\/case04.jpg\" alt=\"\"><br \/>\n\t\t\t\t\t\t\t<\/a>\n\t\t\t\t\t\t<\/li>\n<li class=\"col-sm-3 col-lg-3 col-xs-6\">\n\t\t\t\t\t\t\t<a href=\"\/img\/technology\/tech03\/case05.jpg\" data-lightbox=\"tech03\" data-title=\"Machining Example\" class=\"hover\"><br \/>\n\t\t\t\t\t\t\t\t<img decoding=\"async\" src=\"\/img\/technology\/tech03\/case05.jpg\" alt=\"\"><br \/>\n\t\t\t\t\t\t\t<\/a>\n\t\t\t\t\t\t<\/li>\n<li class=\"col-sm-3 col-lg-3 col-xs-6\">\n\t\t\t\t\t\t\t<a href=\"\/img\/technology\/tech03\/case06.jpg\" data-lightbox=\"tech03\" data-title=\"Machining Example\" class=\"hover\"><br \/>\n\t\t\t\t\t\t\t\t<img decoding=\"async\" src=\"\/img\/technology\/tech03\/case06.jpg\" alt=\"\"><br \/>\n\t\t\t\t\t\t\t<\/a>\n\t\t\t\t\t\t<\/li>\n<\/ul>\n<h4 class=\"ttl04 ml15\">Filter<\/h4>\n<p class=\"ml15\">Bearbeitungsbeispiel: \u03c60.1 x 1,650 PL for Shapal Hi M-Soft<\/p>\n<ul class=\"row\">\n<li class=\"col-sm-3 col-lg-3 col-xs-6\">\n\t\t\t\t\t\t\t<a href=\"\/img\/technology\/tech03\/case07.jpg\" data-lightbox=\"tech03\" data-title=\"Machining Example\" class=\"hover\"><br \/>\n\t\t\t\t\t\t\t\t<img decoding=\"async\" src=\"\/img\/technology\/tech03\/case07.jpg\" alt=\"\"><br \/>\n\t\t\t\t\t\t\t<\/a>\n\t\t\t\t\t\t<\/li>\n<li class=\"col-sm-3 col-lg-3 col-xs-6\">\n\t\t\t\t\t\t\t<a href=\"\/img\/technology\/tech03\/case08.jpg\" data-lightbox=\"tech03\" data-title=\"Machining Example\" class=\"hover\"><br \/>\n\t\t\t\t\t\t\t\t<img decoding=\"async\" src=\"\/img\/technology\/tech03\/case08.jpg\" alt=\"\"><br \/>\n\t\t\t\t\t\t\t<\/a>\n\t\t\t\t\t\t<\/li>\n<li class=\"col-sm-3 col-lg-3 col-xs-6\">\n\t\t\t\t\t\t\t<a href=\"\/img\/technology\/tech03\/case09.jpg\" data-lightbox=\"tech03\" data-title=\"Machining Example\" class=\"hover\"><br \/>\n\t\t\t\t\t\t\t\t<img decoding=\"async\" src=\"\/img\/technology\/tech03\/case09.jpg\" alt=\"\"><br \/>\n\t\t\t\t\t\t\t<\/a>\n\t\t\t\t\t\t<\/li>\n<\/ul>\n<h4 class=\"ttl04 ml15\">Beispiel f\u00fcr das Bohren von L\u00f6chern<\/h4>\n<p class=\"ml15\">Bohrung Beispiel: \u03c60,1~\u03c616,0 f\u00fcr Aluminiumoxid 99,5% Platte<\/p>\n<ul class=\"row\">\n<li class=\"col-sm-3 col-lg-3 col-xs-6\">\n\t\t\t\t\t\t\t<a href=\"\/img\/technology\/tech03\/case10.jpg\" data-lightbox=\"tech03\" data-title=\"Machining Example\" class=\"hover\"><br \/>\n\t\t\t\t\t\t\t\t<img decoding=\"async\" src=\"\/img\/technology\/tech03\/case10.jpg\" alt=\"\"><br \/>\n\t\t\t\t\t\t\t<\/a>\n\t\t\t\t\t\t<\/li>\n<li class=\"col-sm-3 col-lg-3 col-xs-6\">\n\t\t\t\t\t\t\t<a href=\"\/img\/technology\/tech03\/case11.jpg\" data-lightbox=\"tech03\" data-title=\"Machining Example\" class=\"hover\"><br \/>\n\t\t\t\t\t\t\t\t<img decoding=\"async\" src=\"\/img\/technology\/tech03\/case11.jpg\" alt=\"\"><br \/>\n\t\t\t\t\t\t\t<\/a>\n\t\t\t\t\t\t<\/li>\n<li class=\"col-sm-3 col-lg-3 col-xs-6\">\n\t\t\t\t\t\t\t<a href=\"\/img\/technology\/tech03\/case12.jpg\" data-lightbox=\"tech03\" data-title=\"Machining Example\" class=\"hover\"><br \/>\n\t\t\t\t\t\t\t\t<img decoding=\"async\" src=\"\/img\/technology\/tech03\/case12.jpg\" alt=\"\"><br \/>\n\t\t\t\t\t\t\t<\/a>\n\t\t\t\t\t\t<\/li>\n<\/ul>\n<h4 class=\"ttl04 ml15\">Beispiele f\u00fcr individuell bearbeitete Produkte<\/h4>\n<p class=\"ml15\">Bohren von Mikrol\u00f6chern: \u03c60,1 x 6.000 PL<\/p>\n<ul class=\"row\">\n<li class=\"col-sm-3 col-lg-3 col-xs-6\">\n\t\t\t\t\t\t\t<a href=\"\/img\/technology\/tech03\/case13.jpg\" data-lightbox=\"tech03\" data-title=\"Machining Example\" class=\"hover\"><br \/>\n\t\t\t\t\t\t\t\t<img decoding=\"async\" src=\"\/img\/technology\/tech03\/case13.jpg\" alt=\"\"><br \/>\n\t\t\t\t\t\t\t<\/a>\n\t\t\t\t\t\t<\/li>\n<li class=\"col-sm-3 col-lg-3 col-xs-6\">\n\t\t\t\t\t\t\t<a href=\"\/img\/technology\/tech03\/case14.jpg\" data-lightbox=\"tech03\" data-title=\"Machining Example\" class=\"hover\"><br \/>\n\t\t\t\t\t\t\t\t<img decoding=\"async\" src=\"\/img\/technology\/tech03\/case14.jpg\" alt=\"\"><br \/>\n\t\t\t\t\t\t\t<\/a>\n\t\t\t\t\t\t<\/li>\n<li class=\"col-sm-3 col-lg-3 col-xs-6\">\n\t\t\t\t\t\t\t<a href=\"\/img\/technology\/tech03\/case15.jpg\" data-lightbox=\"tech03\" data-title=\"Machining Example\" class=\"hover\"><br \/>\n\t\t\t\t\t\t\t\t<img decoding=\"async\" src=\"\/img\/technology\/tech03\/case15.jpg\" alt=\"\"><br \/>\n\t\t\t\t\t\t\t<\/a>\n\t\t\t\t\t\t<\/li>\n<\/ul>\n<p class=\"ml15\">Bohren von Mikrol\u00f6chern: \u03c60,1 x 3.000 PL<\/p>\n<ul class=\"row\">\n<li class=\"col-sm-3 col-lg-3 col-xs-6\">\n\t\t\t\t\t\t\t<a href=\"\/img\/technology\/tech03\/case16.jpg\" data-lightbox=\"tech03\" data-title=\"Machining Example\" class=\"hover\"><br \/>\n\t\t\t\t\t\t\t\t<img decoding=\"async\" src=\"\/img\/technology\/tech03\/case16.jpg\" alt=\"\"><br \/>\n\t\t\t\t\t\t\t<\/a>\n\t\t\t\t\t\t<\/li>\n<li class=\"col-sm-3 col-lg-3 col-xs-6\">\n\t\t\t\t\t\t\t<a href=\"\/img\/technology\/tech03\/case17.jpg\" data-lightbox=\"tech03\" data-title=\"Machining Example\" class=\"hover\"><br \/>\n\t\t\t\t\t\t\t\t<img decoding=\"async\" src=\"\/img\/technology\/tech03\/case17.jpg\" alt=\"\"><br \/>\n\t\t\t\t\t\t\t<\/a>\n\t\t\t\t\t\t<\/li>\n<li class=\"col-sm-3 col-lg-3 col-xs-6\">\n\t\t\t\t\t\t\t<a href=\"\/img\/technology\/tech03\/case18.jpg\" data-lightbox=\"tech03\" data-title=\"Machining Example\" class=\"hover\"><br \/>\n\t\t\t\t\t\t\t\t<img decoding=\"async\" src=\"\/img\/technology\/tech03\/case18.jpg\" alt=\"\"><br \/>\n\t\t\t\t\t\t<\/a>\n\t\t\t\t\t\t<\/li>\n<\/ul>\n<ul class=\"row\">\n<li class=\"col-sm-3 col-lg-3 col-xs-6\">\n\t\t\t\t\t\t\t<a href=\"\/img\/technology\/tech03\/case19.jpg\" data-lightbox=\"tech03\" data-title=\"Machining Example\" class=\"hover\"><br \/>\n\t\t\t\t\t\t\t\t<img decoding=\"async\" src=\"\/img\/technology\/tech03\/case19.jpg\" alt=\"\"><\/p>\n<p>Bearbeitung kugelf\u00f6rmiger Quarzglaskuppeln von sph\u00e4rischen Oberfl\u00e4chen, \u03c61,0 x 1.820 L\u00f6cher werden mit einem 5-Achs-CNC-Bearbeitungszentrum gebohrt<\/p>\n<p>\t\t\t\t\t\t\t<\/a>\n\t\t\t\t\t\t<\/li>\n<li class=\"col-sm-3 col-lg-3 col-xs-6\">\n\t\t\t\t\t\t\t<a href=\"\/img\/technology\/tech03\/case20.jpg\" data-lightbox=\"tech03\" data-title=\"Machining Example\" class=\"hover\"><br \/>\n\t\t\t\t\t\t\t\t<img decoding=\"async\" src=\"\/img\/technology\/tech03\/case20.jpg\" alt=\"\"><\/p>\n<p>Kuppelf\u00f6rmige Elektrode: \u03c61,5 x 1.820 PL<\/p>\n<p>\t\t\t\t\t\t\t<\/a>\n\t\t\t\t\t\t<\/li>\n<li class=\"col-sm-3 col-lg-3 col-xs-6\">\n\t\t\t\t\t\t\t<a href=\"\/img\/technology\/tech03\/case21.jpg\" data-lightbox=\"tech03\" data-title=\"Machining Example\" class=\"hover\"><br \/>\n\t\t\t\t\t\t\t\t<img decoding=\"async\" src=\"\/img\/technology\/tech03\/case21.jpg\" alt=\"\"><\/p>\n<p>Molybd\u00e4n-Elektrode: \u03c61,0 x 600 PL<\/p>\n<p>\t\t\t\t\t\t\t<\/a>\n\t\t\t\t\t\t<\/li>\n<\/ul><\/div>\n<p>\t\t\t<!-- detail_area_in --><\/div>\n<p>\t\t<!-- container --><\/div>\n<\/section>\n<\/article>\n","protected":false},"excerpt":{"rendered":"<p>Bohren von L\u00f6chern &#8211; Pr\u00e4zisions- und Mehrlochbohren F\u00fcr viele Teile m\u00fcssen L\u00f6cher gebohrt werden. Es handelt sich um eines der h\u00e4ufigsten und grundlegendsten Bearbeitungsverfahren. Jedes gebohrte Loch spielt in der Regel eine wichtige Rolle f\u00fcr die Funktion des Teils und muss genau nach der Spezifikation hergestellt werden. Beim Bohren mehrerer L\u00f6cher in einem Teil ist es wichtig, die richtigen Bohrbedingungen festzulegen, um eine stabile Verarbeitung zu gew\u00e4hrleisten, da ein einziger Fehler in einem Loch das gesamte Teil zerst\u00f6ren kann. Wir bei Top Seiko quantifizieren die Bohrbelastung durch Messung der Werkzeugbelastung, um das am besten geeignete Bohrwerkzeug zu entwickeln und die optimalen Bearbeitungsbedingungen festzulegen. Materialien, die mit unseren Bohrdienstleistungen kompatibel sind [&hellip;]<\/p>\n","protected":false},"author":1,"featured_media":0,"parent":8571,"menu_order":0,"comment_status":"closed","ping_status":"closed","template":"page-tech.php","meta":{"om_disable_all_campaigns":false,"_monsterinsights_skip_tracking":false,"_monsterinsights_sitenote_active":false,"_monsterinsights_sitenote_note":"","_monsterinsights_sitenote_category":0,"footnotes":""},"aioseo_notices":[],"_links":{"self":[{"href":"https:\/\/top-seiko.com\/de\/wp-json\/wp\/v2\/pages\/8635"}],"collection":[{"href":"https:\/\/top-seiko.com\/de\/wp-json\/wp\/v2\/pages"}],"about":[{"href":"https:\/\/top-seiko.com\/de\/wp-json\/wp\/v2\/types\/page"}],"author":[{"embeddable":true,"href":"https:\/\/top-seiko.com\/de\/wp-json\/wp\/v2\/users\/1"}],"replies":[{"embeddable":true,"href":"https:\/\/top-seiko.com\/de\/wp-json\/wp\/v2\/comments?post=8635"}],"version-history":[{"count":1,"href":"https:\/\/top-seiko.com\/de\/wp-json\/wp\/v2\/pages\/8635\/revisions"}],"predecessor-version":[{"id":8801,"href":"https:\/\/top-seiko.com\/de\/wp-json\/wp\/v2\/pages\/8635\/revisions\/8801"}],"up":[{"embeddable":true,"href":"https:\/\/top-seiko.com\/de\/wp-json\/wp\/v2\/pages\/8571"}],"wp:attachment":[{"href":"https:\/\/top-seiko.com\/de\/wp-json\/wp\/v2\/media?parent=8635"}],"curies":[{"name":"wp","href":"https:\/\/api.w.org\/{rel}","templated":true}]}}