{"id":8653,"date":"2016-09-08T14:11:11","date_gmt":"2016-09-08T05:11:11","guid":{"rendered":"https:\/\/top-seiko.com\/technology\/tieflochbohren\/"},"modified":"2023-01-18T19:03:38","modified_gmt":"2023-01-18T10:03:38","slug":"tech04","status":"publish","type":"page","link":"https:\/\/top-seiko.com\/de\/technology\/tech04\/","title":{"rendered":"Tieflochbohren"},"content":{"rendered":"<article class=\"m-tech04\">\n\t<!-- \u52a0\u5de5\u6280\u8853\u7d39\u4ecb --><\/p>\n<section class=\"technology\">\n<div class=\"container\">\n<h2 class=\"ttl01\"><span class=\"ja\">Tieflochbohren<\/span><\/h2>\n<div class=\"contents_top box-shadow row\">\n<div class=\"contents_top_text col-sm-7\">\n<h4>Tieflochbohren &#8211; Top Seiko fertigt tiefe, gerade\/konische L\u00f6cher in ultraharten Materialien.<\/h4>\n<p>Das Tieflochbohren erfordert mehr Augenmerk auf das Detail als andere Bearbeitungsverfahren. F\u00fcr ein erfolgreiches Tieflochbohren m\u00fcssen Sie sicherstellen, dass der Bohrer gerade gehalten wird und dass die Sp\u00e4ne aus dem Loch gesp\u00fclt werden.  <br \/>\n Da sich die Werkzeuggeometrie direkt auf die Spankontrolle auswirkt, konstruieren wir die Tieflochbohrwerkzeuge selbst und lassen diese dann entweder im eigenen Haus oder bei Werkzeugherstellern nach unseren Vorgaben fertigen.\n\t\t\t\t\t<\/p>\n<p>Wir verwenden keine Pistolenbohrmaschinen oder andere Spezialger\u00e4te, die nur f\u00fcr Tieflochbohrungen eingesetzt werden, da wir nicht mit herk\u00f6mmlichen Materialien arbeiten oder einfach nur tiefe L\u00f6cher bohren. Stattdessen f\u00fchren wir Tieflochbohrungen in harten exotischen Materialien mit Bearbeitungszentren, CNC-Drehmaschinen und EDM-Maschinen durch. Mit diesen Maschinen k\u00f6nnen wir in einem Arbeitsgang Tieflochbohrungen und andere erforderliche Bearbeitungen durchf\u00fchren. Profitieren Sie von unseren effizienten und pr\u00e4zisen Tiefbohrserviceleistungen f\u00fcr extrem harte Materialien!\n\t\t\t\t\t<\/p>\n<\/p><\/div>\n<div class=\"contents_img img_frame col-sm-5 tC\">\n\t\t\t\t\t<img decoding=\"async\" src=\"\/img\/technology\/tech04\/tech04_img01.jpg\" alt=\"\"><\/p>\n<div class=\"frame\"><\/div>\n<\/p><\/div>\n<p>\t\t\t<!-- \/.contents_top --><\/div>\n<div class=\"detail_area_in box-shadow\">\n<table class=\"processing_table table-responsive2\">\n<tr>\n<th>Materialien, die mit unseren Tiefbohrserviceleistungen kompatibel sind<\/th>\n<td>Hochleistungskeramik, Quarzglas (Fused Quartz), Borosilikatglas (Tempax), Glaskeramik, Silizium, maschinell bearbeitbare Keramik, Molybd\u00e4n, Wolfram, Tantal und mehr.\n\t\t\t\t\t\t<\/td>\n<\/tr>\n<tr>\n<th>Verwendete Maschinen<\/th>\n<td>\n Bearbeitungszentren: 3-Achs-\/5-Achs-Bearbeitungszentren mit K\u00fchlmittelanlagen vom Typ Center-Through*. <br \/>\n Kombinierte Drehmaschinen<br \/>\n EDM-Maschine zum Bohren von L\u00f6chern <br \/>\n *Das K\u00fchlmittelsystem vom Typ Center-Through versorgt die Werkzeugspitze durch die Bohrung in der Spindel und im Werkzeug mit Hochdruck-K\u00fchlmittel, um die Sp\u00e4ne effektiv zu sp\u00fclen, zu k\u00fchlen und die Lebensdauer des Werkzeugs zu verl\u00e4ngern.\n\t\t\t\t\t\t<\/td>\n<\/tr>\n<tr>\n<th>Materialien f\u00fcr Bohrwerkzeuge<\/th>\n<td>\n Wolframcarbid und Diamantk\u00f6rner\n\t\t\t\t\t\t<\/td>\n<\/tr>\n<\/table>\n<div class=\"indication\">\n<h3 class=\"ttl03\">F\u00e4higkeiten zum Tieflochbohren<\/h3>\n<div class=\"indication_area\">\n<h4 class=\"ttl04\">Aluminiumoxid, Aluminiumnitrid, Quarzglas, Borosilikatglas, Silizium, maschinell bearbeitbare Keramik\/Glaskeramik<\/h4>\n<div class=\"table-responsive\">\n<table class=\"table_style2\">\n<tr>\n<th>Lochdurchmesser (mm)<\/th>\n<th>Max. Bohrlochtiefe (mm) <\/th>\n<th>Lochdurchmesser-Genauigkeit (mm)<\/th>\n<th>Straightness(\u339c\uff09<\/th>\n<\/tr>\n<tr>\n<td>0.3\uff5e1.0<\/td>\n<td>15\uff5e50<\/td>\n<td>\u00b10.02\uff5e\u00b10.05<\/td>\n<td>0.1<\/td>\n<\/tr>\n<tr>\n<td>1.0\uff5e1.5<\/td>\n<td>50\uff5e100<\/td>\n<td>\u00b10.03\uff5e\u00b10.05<\/td>\n<td>0.2<\/td>\n<\/tr>\n<tr>\n<td>1.5\uff5e<\/td>\n<td>300<\/td>\n<td>\u00b10.03\uff5e\u00b10.1<\/td>\n<td>0.3<\/td>\n<\/tr>\n<\/table><\/div>\n<ul class=\"row\">\n<li class=\"col-xs-6 col-sm-3 col-md-3 col-lg-3\">\n\t\t\t\t\t\t\t\t<a href=\"\/img\/technology\/tech04\/case01.jpg\" data-lightbox=\"tech04\" data-title=\"\u52a0\u5de5\u4e8b\u4f8b\" class=\"hover\"><br \/>\n\t\t\t\t\t\t\t\t\t<img decoding=\"async\" src=\"\/img\/technology\/tech04\/case01.jpg\" alt=\"\"><br \/>\n\t\t\t\t\t\t\t\t<\/a>\n\t\t\t\t\t\t\t<\/li>\n<li class=\"col-xs-6 col-sm-3 col-md-3 col-lg-3\">\n\t\t\t\t\t\t\t\t<a href=\"\/img\/technology\/tech04\/case02.jpg\" data-lightbox=\"tech04\" data-title=\"\u52a0\u5de5\u4e8b\u4f8b\" class=\"hover\"><br \/>\n\t\t\t\t\t\t\t\t\t<img decoding=\"async\" src=\"\/img\/technology\/tech04\/case02.jpg\" alt=\"\"><br \/>\n\t\t\t\t\t\t\t\t<\/a>\n\t\t\t\t\t\t\t<\/li>\n<li class=\"col-xs-6 col-sm-3 col-md-3 col-lg-3\">\n\t\t\t\t\t\t\t\t<a href=\"\/img\/technology\/tech04\/case03.jpg\" data-lightbox=\"tech04\" data-title=\"\u52a0\u5de5\u4e8b\u4f8b\" class=\"hover\"><br \/>\n\t\t\t\t\t\t\t\t\t<img decoding=\"async\" src=\"\/img\/technology\/tech04\/case03.jpg\" alt=\"\"><br \/>\n\t\t\t\t\t\t\t\t<\/a>\n\t\t\t\t\t\t\t<\/li>\n<li class=\"col-xs-6 col-sm-3 col-md-3 col-lg-3\">\n\t\t\t\t\t\t\t\t<a href=\"\/img\/technology\/tech04\/case04.jpg\" data-lightbox=\"tech04\" data-title=\"\u52a0\u5de5\u4e8b\u4f8b\" class=\"hover\"><br \/>\n\t\t\t\t\t\t\t\t\t<img decoding=\"async\" src=\"\/img\/technology\/tech04\/case04.jpg\" alt=\"\"><br \/>\n\t\t\t\t\t\t\t\t<\/a>\n\t\t\t\t\t\t\t<\/li>\n<li class=\"col-xs-6 col-sm-3 col-md-3 col-lg-3\">\n\t\t\t\t\t\t\t\t<a href=\"\/img\/technology\/tech04\/case05.jpg\" data-lightbox=\"tech04\" data-title=\"\u52a0\u5de5\u4e8b\u4f8b\" class=\"hover\"><br \/>\n\t\t\t\t\t\t\t\t\t<img decoding=\"async\" src=\"\/img\/technology\/tech04\/case05.jpg\" alt=\"\"><br \/>\n\t\t\t\t\t\t\t\t<\/a>\n\t\t\t\t\t\t\t<\/li>\n<\/ul><\/div>\n<div class=\"indication_area\">\n<h4 class=\"ttl04\">Siliciumcarbid, Zirconiumdioxid, Siliciumnitrid<\/h4>\n<div class=\"table-responsive\">\n<table class=\"table_style2\">\n<tr>\n<th>Lochdurchmesser (mm)<\/th>\n<th>Max. Bohrlochtiefe (mm) <\/th>\n<th>Lochdurchmesser-Genauigkeit (mm)<\/th>\n<th>Straightness(\u339c\uff09<\/th>\n<\/tr>\n<tr>\n<td>0.5\uff5e1.5<\/td>\n<td>15\uff5e100<\/td>\n<td>\u00b10.05<\/td>\n<td>0.2<\/td>\n<\/tr>\n<tr>\n<td>1.5\uff5e<\/td>\n<td>150\uff5e300<\/td>\n<td>\u00b10.05\uff5e\u00b10.1<\/td>\n<td>0.3<\/td>\n<\/tr>\n<\/table><\/div>\n<ul class=\"row\">\n<li class=\"col-xs-6 col-sm-3 col-md-3 col-lg-3\">\n\t\t\t\t\t\t\t\t<a href=\"\/img\/technology\/tech04\/case06.jpg\" data-lightbox=\"tech04\" data-title=\"\u52a0\u5de5\u4e8b\u4f8b\" class=\"hover\"><br \/>\n\t\t\t\t\t\t\t\t\t<img decoding=\"async\" src=\"\/img\/technology\/tech04\/case06.jpg\" alt=\"\"><br \/>\n\t\t\t\t\t\t\t\t<\/a>\n\t\t\t\t\t\t\t<\/li>\n<li class=\"col-xs-6 col-sm-3 col-md-3 col-lg-3\">\n\t\t\t\t\t\t\t\t<a href=\"\/img\/technology\/tech04\/case07.jpg\" data-lightbox=\"tech04\" data-title=\"\u52a0\u5de5\u4e8b\u4f8b\" class=\"hover\"><br \/>\n\t\t\t\t\t\t\t\t\t<img decoding=\"async\" src=\"\/img\/technology\/tech04\/case07.jpg\" alt=\"\"><br \/>\n\t\t\t\t\t\t\t\t<\/a>\n\t\t\t\t\t\t\t<\/li>\n<\/ul><\/div>\n<div class=\"indication_area\">\n<h4 class=\"ttl04\">Molybd\u00e4n, Wolfram, Tantal<\/h4>\n<div class=\"table-responsive\">\n<table class=\"table_style2\">\n<tr>\n<th>Lochdurchmesser (mm)<\/th>\n<th>Max. Bohrlochtiefe (mm) <\/th>\n<th>Lochdurchmesser-Genauigkeit (mm)<\/th>\n<th>Straightness(\u339c\uff09<\/th>\n<\/tr>\n<tr>\n<td>0.5\uff5e1.5<\/td>\n<td>15\uff5e100<\/td>\n<td>\u00b10.02\uff5e\u00b10.05<\/td>\n<td>0.2<\/td>\n<\/tr>\n<tr>\n<td>1.5\uff5e<\/td>\n<td>300<\/td>\n<td>\u00b10.02\uff5e\u00b10.05<\/td>\n<td>0.3<\/td>\n<\/tr>\n<\/table><\/div>\n<ul class=\"row\">\n<li class=\"col-xs-6 col-sm-3 col-md-3 col-lg-3\">\n\t\t\t\t\t\t\t\t<a href=\"\/img\/technology\/tech04\/case08.jpg\" data-lightbox=\"tech04\" data-title=\"\u52a0\u5de5\u4e8b\u4f8b\" class=\"hover\"><br \/>\n\t\t\t\t\t\t\t\t\t<img decoding=\"async\" src=\"\/img\/technology\/tech04\/case08.jpg\" alt=\"\"><br \/>\n\t\t\t\t\t\t\t\t<\/a>\n\t\t\t\t\t\t\t<\/li>\n<li class=\"col-xs-6 col-sm-3 col-md-3 col-lg-3\">\n\t\t\t\t\t\t\t\t<a href=\"\/img\/technology\/tech04\/case09.jpg\" data-lightbox=\"tech04\" data-title=\"\u52a0\u5de5\u4e8b\u4f8b\" class=\"hover\"><br \/>\n\t\t\t\t\t\t\t\t\t<img decoding=\"async\" src=\"\/img\/technology\/tech04\/case09.jpg\" alt=\"\"><br \/>\n\t\t\t\t\t\t\t\t<\/a>\n\t\t\t\t\t\t\t<\/li>\n<\/ul><\/div>\n<\/p><\/div>\n<p>\t\t\t<!-- detail_area_in --><\/div>\n<\/p><\/div>\n<p>\t\t<!-- container --><\/div>\n<\/section>\n<\/article>\n","protected":false},"excerpt":{"rendered":"<p>Tieflochbohren Tieflochbohren &#8211; Top Seiko fertigt tiefe, gerade\/konische L\u00f6cher in ultraharten Materialien. Das Tieflochbohren erfordert mehr Augenmerk auf das Detail als andere Bearbeitungsverfahren. F\u00fcr ein erfolgreiches Tieflochbohren m\u00fcssen Sie sicherstellen, dass der Bohrer gerade gehalten wird und dass die Sp\u00e4ne aus dem Loch gesp\u00fclt werden. Da sich die Werkzeuggeometrie direkt auf die Spankontrolle auswirkt, konstruieren wir die Tieflochbohrwerkzeuge selbst und lassen diese dann entweder im eigenen Haus oder bei Werkzeugherstellern nach unseren Vorgaben fertigen. Wir verwenden keine Pistolenbohrmaschinen oder andere Spezialger\u00e4te, die nur f\u00fcr Tieflochbohrungen eingesetzt werden, da wir nicht mit herk\u00f6mmlichen Materialien arbeiten oder einfach nur tiefe L\u00f6cher bohren. Stattdessen f\u00fchren wir Tieflochbohrungen in harten exotischen Materialien mit Bearbeitungszentren, [&hellip;]<\/p>\n","protected":false},"author":1,"featured_media":0,"parent":8571,"menu_order":0,"comment_status":"closed","ping_status":"closed","template":"page-tech.php","meta":{"om_disable_all_campaigns":false,"_monsterinsights_skip_tracking":false,"_monsterinsights_sitenote_active":false,"_monsterinsights_sitenote_note":"","_monsterinsights_sitenote_category":0,"footnotes":""},"aioseo_notices":[],"_links":{"self":[{"href":"https:\/\/top-seiko.com\/de\/wp-json\/wp\/v2\/pages\/8653"}],"collection":[{"href":"https:\/\/top-seiko.com\/de\/wp-json\/wp\/v2\/pages"}],"about":[{"href":"https:\/\/top-seiko.com\/de\/wp-json\/wp\/v2\/types\/page"}],"author":[{"embeddable":true,"href":"https:\/\/top-seiko.com\/de\/wp-json\/wp\/v2\/users\/1"}],"replies":[{"embeddable":true,"href":"https:\/\/top-seiko.com\/de\/wp-json\/wp\/v2\/comments?post=8653"}],"version-history":[{"count":1,"href":"https:\/\/top-seiko.com\/de\/wp-json\/wp\/v2\/pages\/8653\/revisions"}],"predecessor-version":[{"id":8654,"href":"https:\/\/top-seiko.com\/de\/wp-json\/wp\/v2\/pages\/8653\/revisions\/8654"}],"up":[{"embeddable":true,"href":"https:\/\/top-seiko.com\/de\/wp-json\/wp\/v2\/pages\/8571"}],"wp:attachment":[{"href":"https:\/\/top-seiko.com\/de\/wp-json\/wp\/v2\/media?parent=8653"}],"curies":[{"name":"wp","href":"https:\/\/api.w.org\/{rel}","templated":true}]}}