{"id":8667,"date":"2016-09-08T14:35:56","date_gmt":"2016-09-08T05:35:56","guid":{"rendered":"https:\/\/top-seiko.com\/company\/ausruestungsliste\/"},"modified":"2023-01-19T18:33:51","modified_gmt":"2023-01-19T09:33:51","slug":"facility","status":"publish","type":"page","link":"https:\/\/top-seiko.com\/de\/company\/facility\/","title":{"rendered":"Ausr\u00fcstungsliste"},"content":{"rendered":"<article class=\"m-facility\">\n<div class=\"container\">\n<section class=\"facility_list\">\n<h2 class=\"ttl02\"><span class=\"ja\">Ausr\u00fcstungsliste<\/span><\/h2>\n<div class=\"detail_area_in box-shadow\">\n<p class=\"mb30\">Um die Genauigkeit zu gew\u00e4hrleisten, werden alle unsere Maschinen t\u00e4glich kontrolliert und regelm\u00e4\u00dfig gewartet.<\/p>\n<h3 class=\"ttl03 ttl_grad_blue\">CNC-Bearbeitungszentren<\/h3>\n<div class=\"list_box\">\n<ul class=\"machine_list row\">\n<li class=\"col-xs-6 col-sm-3 col-md-3 col-lg-3\"><img decoding=\"async\" src=\"\/img\/company\/facility_img01.jpg\" alt=\"5-Achs-Bearbeitungszentren\"><span>5-Achs-Bearbeitungszentren<\/span><\/li>\n<li class=\"col-xs-6 col-sm-3 col-md-3 col-lg-3\"><img decoding=\"async\" src=\"\/img\/company\/facility_img02.jpg\" alt=\"5-Achs-Bearbeitungszentren NMV5000DCG\"><span>5-Achs-Bearbeitungszentren NMV5000DCG<\/span><\/li>\n<li class=\"col-xs-6 col-sm-3 col-md-3 col-lg-3\"><img decoding=\"async\" src=\"\/img\/company\/facility_img03.jpg\" alt=\"5-Achs-Bearbeitungszentren ZV400\"><span>5-Achs-Bearbeitungszentren ZV400<\/span><\/li>\n<li class=\"col-xs-6 col-sm-3 col-md-3 col-lg-3\"><img decoding=\"async\" src=\"\/img\/company\/facility_img04.jpg\" alt=\"Hochgeschwindigkeits-Linearbearbeitungszentren HS650L\"><span>Hochgeschwindigkeits-Linearbearbeitungszentren HS650L<\/span><\/li>\n<li class=\"col-xs-6 col-sm-3 col-md-3 col-lg-3\"><img decoding=\"async\" src=\"\/img\/company\/facility_img05.jpg\" alt=\"Hochgeschwindigkeits-Linearbearbeitungszentren IQ300\"><span>Hochgeschwindigkeits-Linearbearbeitungszentren IQ300<\/span><\/li>\n<li class=\"col-xs-6 col-sm-3 col-md-3 col-lg-3\"><img decoding=\"async\" src=\"\/img\/company\/facility_img06.jpg\" alt=\"3-Achs-Bearbeitungszentren V56i\"><span>3-Achs-Bearbeitungszentren V56i<\/span><\/li>\n<li class=\"col-xs-6 col-sm-3 col-md-3 col-lg-3\"><img decoding=\"async\" src=\"\/img\/company\/facility_img07.jpg\" alt=\"3-Achs-Bearbeitungszentren V55\"><span>3-Achs-Bearbeitungszentren V55<\/span><\/li>\n<li class=\"col-xs-6 col-sm-3 col-md-3 col-lg-3\"><img decoding=\"async\" src=\"\/img\/company\/facility_img08.jpg\" alt=\"3-Achs-Bearbeitungszentren V33\"><span>3-Achs-Bearbeitungszentren V33<\/span><\/li>\n<li class=\"col-xs-6 col-sm-3 col-md-3 col-lg-3\"><img decoding=\"async\" src=\"\/img\/company\/facility_img09.jpg\" alt=\"3-Achs-Bearbeitungszentren NVX5100\"><span>3-Achs-Bearbeitungszentren NVX5100<\/span><\/li>\n<li class=\"col-xs-6 col-sm-3 col-md-3 col-lg-3\"><img decoding=\"async\" src=\"\/img\/company\/facility_img10.jpg\" alt=\"3-Achs-Bearbeitungszentren NVX5080\"><span>3-Achs-Bearbeitungszentren NVX5080<\/span><\/li>\n<li class=\"col-xs-6 col-sm-3 col-md-3 col-lg-3\"><img decoding=\"async\" src=\"\/img\/company\/facility_img11.jpg\" alt=\"3-Achs-Bearbeitungszentren NVX5100\"><span>3-Achs-Bearbeitungszentren NVX5100<\/span><\/li>\n<li class=\"col-xs-6 col-sm-3 col-md-3 col-lg-3\"><img decoding=\"async\" src=\"\/img\/company\/facility_img12.jpg\" alt=\"3-Achs-Bearbeitungszentren S500X1\"><span>3-Achs-Bearbeitungszentren S500X1<\/span><\/li>\n<\/ul>\n<div class=\"table-responsive\">\n<table>\n<tr>\n<th>CNC-Bearbeitungszentren<\/th>\n<th>Hersteller<\/th>\n<th>Name des Modells<\/th>\n<th>Anzahl der Maschinen<\/th>\n<th>X-Y-Z Hub<\/th>\n<th>Eigenschaften<\/th>\n<\/tr>\n<tr>\n<td rowspan=\"3\">5-Achs-Bearbeitungszentren<\/td>\n<td>MAKINO<\/td>\n<td>D300<\/td>\n<td>2<\/td>\n<td>300\u00d7500\u00d7350<\/td>\n<td rowspan=\"3\">Alle 5-Achs-Maschinen sind mit einem K\u00fchlmittel durch Spindel-System Typ Center-Through ausgestattet.<\/td>\n<\/tr>\n<tr>\n<td rowspan=\"2\">DMG MORI<\/td>\n<td>NMV5000DCG<\/td>\n<td>8<\/td>\n<td>730\u00d7510\u00d7510<\/td>\n<\/tr>\n<tr>\n<td>ZV400<\/td>\n<td>2<\/td>\n<td>600\u00d7425\u00d7450<\/td>\n<\/tr>\n<tr>\n<td rowspan=\"3\">Hochgeschwindigkeits-Linearbearbeitungszentren<\/td>\n<td rowspan=\"2\">MAKINO<\/td>\n<td>IQ300<\/td>\n<td>1<\/td>\n<td>400\u00d7350\u00d7200<\/td>\n<td rowspan=\"3\">Alle Maschinen mit Linearmotorantrieb sind mit einer Hochgeschwindigkeitsspindel ausgestattet, die sich ideal f\u00fcr die Feinbearbeitung von Details eignet.<\/td>\n<\/tr>\n<tr>\n<td>IQ500<\/td>\n<td>1<\/td>\n<td>500\u00d7450\u00d7300<\/td>\n<\/tr>\n<tr>\n<td>SODICK<\/td>\n<td>HS650L<\/td>\n<td>1<\/td>\n<td>625\u00d7500\u00d7300<\/td>\n<\/tr>\n<tr>\n<td rowspan=\"9\">3-Achs-Bearbeitungszentren<\/td>\n<td rowspan=\"3\">MAKINO<\/td>\n<td>V56i<\/td>\n<td>3<\/td>\n<td>900\u00d7550\u00d7450<\/td>\n<td rowspan=\"7\">K\u00fchlmittel durch Spindel-System Typ Center-Through.<\/td>\n<\/tr>\n<tr>\n<td>V55<\/td>\n<td>1<\/td>\n<td>900\u00d7500\u00d7450<\/td>\n<\/tr>\n<tr>\n<td>V33<\/td>\n<td>1<\/td>\n<td>600\u00d7400\u00d7350<\/td>\n<\/tr>\n<tr>\n<td rowspan=\"5\">DMG MORI<\/td>\n<td>NVX5100<\/td>\n<td>23<\/td>\n<td>1050\u00d7530\u00d75100<\/td>\n<\/tr>\n<tr>\n<td>NVX5080<\/td>\n<td>1<\/td>\n<td>800\u00d7530\u00d7510<\/td>\n<\/tr>\n<tr>\n<td>NV5000<\/td>\n<td>9<\/td>\n<td>800\u00d7510\u00d7510<\/td>\n<\/tr>\n<tr>\n<td>NV7000<\/td>\n<td>2<\/td>\n<td>1540\u00d7760\u00d7660<\/td>\n<\/tr>\n<tr>\n<td>CMX1100V<\/td>\n<td>12<\/td>\n<td>1100\u00d7560\u00d7510<\/td>\n<td>Einige sind mit Rotationstischen ausgestattet.<\/td>\n<\/tr>\n<tr>\n<td>BROTHER<\/td>\n<td>S500X1<\/td>\n<td>2<\/td>\n<td>500\u00d7400\u00d7300<\/td>\n<td><\/td>\n<\/tr>\n<\/table>\n<p>\t\t\t\t\t<!-- table-responsive --><\/div>\n<p>\t\t\t\t<!-- \/.list_box --><\/div>\n<div class=\"list_box\">\n<h3 class=\"ttl03 ttl_grad_blue\">CNC Turning Centers<\/h3>\n<ul class=\"machine_list row\">\n<li class=\"col-xs-6 col-sm-3 col-md-3 col-lg-3\"><img decoding=\"async\" src=\"\/img\/company\/facility_img13.jpg\" alt=\"CNC Lathes NL1500\"><span>CNC Lathes NL1500<\/span><\/li>\n<\/ul>\n<div class=\"table-responsive\">\n<table>\n<tr>\n<th>CNC Turning Centers<\/th>\n<th>Hersteller<\/th>\n<th>Name des Modells<\/th>\n<th>Anzahl der Maschinen<\/th>\n<th>X-Y-Z Hub<\/th>\n<th>Eigenschaften<\/th>\n<\/tr>\n<tr>\n<td rowspan=\"2\">CNC-Drehmaschinen<\/td>\n<td rowspan=\"2\">DMG MORI<\/td>\n<td>NL1500<\/td>\n<td>6<\/td>\n<td>260\u00d7590\u00d7100<\/td>\n<td>Mit der zweiten Spindel, die eine Fr\u00e4sfunktion hat.<\/td>\n<\/tr>\n<tr>\n<td>NLX1500<\/td>\n<td>1<\/td>\n<td>260\u00d7590\u00d7100<\/td>\n<td>Mit der zweiten Spindel, die eine Fr\u00e4sfunktion hat.<\/td>\n<\/tr>\n<tr>\n<td>5-Achs-CNC-Drehmaschinen<\/td>\n<td>DMG MORI<\/td>\n<td>NTX1000Ge2\/S<\/td>\n<td>1<\/td>\n<td>450\u00d7\u00b1105\u00d7800<\/td>\n<td>5-Achsen<\/td>\n<\/tr>\n<\/table>\n<p>\t\t\t\t\t<!-- \/.table-responsive --><\/div>\n<p>\t\t\t\t<!-- \/.list_box --><\/div>\n<div class=\"list_box\">\n<h3 class=\"ttl03 ttl_grad_blue\">Schleifmaschinen<\/h3>\n<ul class=\"machine_list row\">\n<li class=\"col-xs-6 col-sm-3 col-md-3 col-lg-3\"><img decoding=\"async\" src=\"\/img\/company\/facility_img14.jpg\" alt=\"Planschleifmaschine mit Rotationstisch SSR5\"><span>Planschleifmaschine mit Rotationstisch SSR5<\/span><\/li>\n<li class=\"col-xs-6 col-sm-3 col-md-3 col-lg-3\"><img decoding=\"async\" src=\"\/img\/company\/facility_img15.jpg\" alt=\"Planschleifmaschinen PSG-64EXB\"><span>Planschleifmaschinen PSG-64EXB<\/span><\/li>\n<li class=\"col-xs-6 col-sm-3 col-md-3 col-lg-3\"><img decoding=\"async\" src=\"\/img\/company\/facility_img16.jpg\" alt=\"Planschleifmaschine mit Rotationstisch SSR5 GSR-700\"><span>Planschleifmaschine mit Rotationstisch SSR5 GSR-700<\/span><\/li>\n<li class=\"col-xs-6 col-sm-3 col-md-3 col-lg-3\"><img decoding=\"async\" src=\"\/img\/company\/facility_img17.jpg\" alt=\"Rundschleifmaschinen GL4P\"><span>Rundschleifmaschinen GL4P<\/span><\/li>\n<\/ul>\n<div class=\"table-responsive\">\n<table>\n<tr>\n<th>Schleifmaschinen<\/th>\n<th>Hersteller<\/th>\n<th>Name des Modells<\/th>\n<th>Anzahl der Maschinen<\/th>\n<th>Tischabmessungen<\/th>\n<th>Z Hub<\/th>\n<th>Eigenschaften<\/th>\n<\/tr>\n<tr>\n<td rowspan=\"4\">Planschleifmaschine mit Rotationstisch<\/td>\n<td rowspan=\"4\">AMADA<\/td>\n<td>SSR5<\/td>\n<td>6<\/td>\n<td rowspan=\"4\">\u03c6500<\/td>\n<td rowspan=\"4\">125<\/td>\n<td rowspan=\"3\">Horizontaler Typ<\/td>\n<\/tr>\n<tr>\n<td>SS501N<\/td>\n<td>1<\/td>\n<\/tr>\n<tr>\n<td>SS501<\/td>\n<td>1<\/td>\n<\/tr>\n<tr>\n<td>SSR-5 UP<\/td>\n<td>3<\/td>\n<td>Hohe Steifigkeit<\/td>\n<\/tr>\n<tr>\n<td rowspan=\"3\">Planschleifmaschinen<\/td>\n<td rowspan=\"2\">AMADA<\/td>\n<td>TECHSTERD<\/td>\n<td>2<\/td>\n<td>600\u00d7400<\/td>\n<td>250<\/td>\n<td><\/td>\n<\/tr>\n<tr>\n<td>TECHSTER-52<\/td>\n<td>1<\/td>\n<td>\u03c655&#215;180<\/td>\n<td>250<\/td>\n<td>Spitzenlosschleifen<\/td>\n<\/tr>\n<tr>\n<td>OKAMOTO<\/td>\n<td>PSG-64EXB<\/td>\n<td>1<\/td>\n<td>600\u00d7400<\/td>\n<td>260<\/td>\n<td><\/td>\n<\/tr>\n<tr>\n<td>Planschleifmaschine mit Rotationstisch<\/td>\n<td>SAN-EI ENGINEERING<\/td>\n<td>GSR-700<\/td>\n<td>3<\/td>\n<td>\u03c6700<\/td>\n<td>150<\/td>\n<td>Vertikaler Typ<\/td>\n<\/tr>\n<tr>\n<td rowspan=\"3\">Rundschleifmaschinen<\/td>\n<td rowspan=\"2\">JTEKT<\/td>\n<td>GL4P<\/td>\n<td>1<\/td>\n<td>\u03c6300\uff08work size\uff09<\/td>\n<td>500\uff08length\uff09<\/td>\n<td><\/td>\n<\/tr>\n<tr>\n<td>GE3Pi<\/td>\n<td>1<\/td>\n<td>\u03c660<\/td>\n<td>250<\/td>\n<td><\/td>\n<\/tr>\n<tr>\n<td>TSUGAMI<\/td>\n<td>GU25<\/td>\n<td>1<\/td>\n<td>\u03c680<\/td>\n<td>250<\/td>\n<td><\/td>\n<\/tr>\n<\/table>\n<p>\t\t\t\t\t<!-- \/.table-responsive --><\/div>\n<p>\t\t\t\t<!-- \/.list_box --><\/div>\n<div class=\"list_box\">\n<h3 class=\"ttl03 ttl_grad_blue\">Trennschleifmaschinen<\/h3>\n<ul class=\"machine_list row\">\n<li class=\"col-xs-6 col-sm-3 col-md-3 col-lg-3\"><img decoding=\"async\" src=\"\/img\/company\/facility_img18.jpg\" alt=\"Trennschleifmaschinen TSN6030\"><span>Trennschleifmaschinen TSN6030<\/span><\/li>\n<\/ul>\n<div class=\"table-responsive\">\n<table>\n<tr>\n<th>Trennschleifmaschinen<\/th>\n<th>Hersteller<\/th>\n<th>Name des Modells<\/th>\n<th>Anzahl der Maschinen<\/th>\n<th>Tischabmessungen<\/th>\n<th>Z Hub<\/th>\n<\/tr>\n<tr>\n<td>Trennschleifmaschinen<\/td>\n<td>TOKYO SEIKI <\/td>\n<td>TSN6030<\/td>\n<td>2<\/td>\n<td>600\u00d7300<\/td>\n<td>200<\/td>\n<\/tr>\n<\/table>\n<p>\t\t\t\t\t<!-- \/.table-responsive --><\/div>\n<p>\t\t\t\t<!-- \/.list_box --><\/div>\n<div class=\"list_box\">\n<h3 class=\"ttl03 ttl_grad_blue\">EDM<\/h3>\n<ul class=\"machine_list row\">\n<li class=\"col-xs-6 col-sm-3 col-md-3 col-lg-3\"><img decoding=\"async\" src=\"\/img\/company\/facility_img19.jpg\" alt=\"Drahterodiermaschine FA20VSM\"><span>Drahterodiermaschine FA20VSM<\/span><\/li>\n<li class=\"col-xs-6 col-sm-3 col-md-3 col-lg-3\"><img decoding=\"async\" src=\"\/img\/company\/facility_img20.jpg\" alt=\"EDM Small Hole CT300FX\"><span>Drilling Machine CT300FX<\/span><\/li>\n<\/ul>\n<div class=\"table-responsive\">\n<table>\n<tr>\n<th>EDM <\/th>\n<th>Hersteller<\/th>\n<th>Name des Modells<\/th>\n<th>Anzahl der Maschinen<\/th>\n<th>X-Y-Z Hub<\/th>\n<\/tr>\n<tr>\n<td rowspan=\"3\">Drahterodiermaschine<\/td>\n<td rowspan=\"3\">MITSUBISHI<\/td>\n<td>FA20VSM<\/td>\n<td>1<\/td>\n<td>500\u00d7350\u00d7300<\/td>\n<\/tr>\n<tr>\n<td rowspan=\"2\">MV2400R<\/td>\n<td rowspan=\"2\">2<\/td>\n<td>600\u00d7400\u00d7425<\/td>\n<\/tr>\n<tr>\n<td>600\u00d7400\u00d7300<\/td>\n<\/tr>\n<tr>\n<td rowspan=\"3\">EDM-Bohrmaschine f\u00fcr kleine L\u00f6cher<\/td>\n<td rowspan=\"3\">ELENIX<\/td>\n<td>CT300FX<\/td>\n<td>1<\/td>\n<td>300\u00d7200\u00d7300<\/td>\n<\/tr>\n<tr>\n<td>CT500FX<\/td>\n<td>1<\/td>\n<td>550\u00d7380\u00d7400<\/td>\n<\/tr>\n<tr>\n<td>GT500FX<\/td>\n<td>1<\/td>\n<td>550\u00d7380\u00d7450<\/td>\n<\/tr>\n<\/table>\n<p>\t\t\t\t\t<!-- \/.table-responsive --><\/div>\n<p>\t\t\t\t<!-- \/.list_box --><\/div>\n<div class=\"list_box\">\n<h3 class=\"ttl03 ttl_grad_blue\">CAD-CAM-Software-Systeme<\/h3>\n<div class=\"table-responsive\">\n<table>\n<tr>\n<th>CAD-CAM Software Systems <\/th>\n<th>Hersteller<\/th>\n<th>Modells<\/th>\n<th>Anzahl<\/th>\n<th>Eigenschaften<\/th>\n<\/tr>\n<tr>\n<td rowspan=\"3\">CAD\/CAM<\/td>\n<td>GODO SOLUTION<\/td>\n<td>Nazca<\/td>\n<td>12<\/td>\n<td>2.5D<\/td>\n<\/tr>\n<tr>\n<td>NTT DATA ENGINEERING SYSTEMS <\/td>\n<td>Space-E<\/td>\n<td>1<\/td>\n<td>3D<\/td>\n<\/tr>\n<tr>\n<td>OPEN MIND<\/td>\n<td>hyperMILL<\/td>\n<td>1<\/td>\n<td>3D + 5-Achsen<\/td>\n<\/tr>\n<\/table>\n<p>\t\t\t\t\t<!-- \/.table-responsive --><\/div>\n<p>\t\t\t\t<!-- \/.list_box --><\/div>\n<div class=\"list_box\">\n<h3 class=\"ttl03 ttl_grad_blue\">Inspektionsger\u00e4te<\/h3>\n<ul class=\"machine_list row\">\n<li class=\"col-xs-6 col-sm-3 col-md-3 col-lg-3\"><img decoding=\"async\" src=\"\/img\/company\/facility_img21.jpg\" alt=\"CNC Coordinate Crysta Aspexc\"><span>Measuring Machine Crysta Aspexc<\/span><\/li>\n<li class=\"col-xs-6 col-sm-3 col-md-3 col-lg-3\"><img decoding=\"async\" src=\"\/img\/company\/facility_img22.jpg\" alt=\"CNC-Bildverarbeitungsmessger\u00e4t Quick Vision stream\"><span>CNC-Bildverarbeitungsmessger\u00e4t Quick Vision stream<\/span><\/li>\n<li class=\"col-xs-6 col-sm-3 col-md-3 col-lg-3\"><img decoding=\"async\" src=\"\/img\/company\/facility_img23.jpg\" alt=\"Bildgr\u00f6\u00dfenmessger\u00e4t IM-6225\"><span>Bildgr\u00f6\u00dfenmessger\u00e4t IM-6225<\/span><\/li>\n<li class=\"col-xs-6 col-sm-3 col-md-3 col-lg-3\"><img decoding=\"async\" src=\"\/img\/company\/facility_img24.jpg\" alt=\"3D-Laser-Scanning-Mikroskop VK-X100\"><span>3D-Laser-Scanning-Mikroskop VK-X100<\/span><\/li>\n<li class=\"col-xs-6 col-sm-3 col-md-3 col-lg-3\"><img decoding=\"async\" src=\"\/img\/company\/facility_img25.jpg\" alt=\"Digitales Mikroskop VHX-1000\"><span>Digitales Mikroskop VHX-1000<\/span><\/li>\n<li class=\"col-xs-6 col-sm-3 col-md-3 col-lg-3\"><img decoding=\"async\" src=\"\/img\/company\/facility_img26.jpg\" alt=\"Werkzeugmikroskop\"><span>Werkzeugmikroskop<\/span><\/li>\n<p>\t\t\t\t\t<!-- \/.machine_list --><\/ul>\n<div class=\"table-responsive\">\n<table>\n<tr>\n<th>Inspektionsger\u00e4te<\/th>\n<th>Hersteller<\/th>\n<th>Name des Modells<\/th>\n<th>Anzahl der Maschinen<\/th>\n<th>X-Y-Z Hub<\/th>\n<\/tr>\n<tr>\n<td rowspan=\"2\">CNC-Koordinatenmessger\u00e4t<\/td>\n<td rowspan=\"2\">MITUTOYO<\/td>\n<td>Crysta Aspexc<\/td>\n<td>3<\/td>\n<td>700\u00d7700\u00d7600<\/td>\n<\/tr>\n<tr>\n<td>STRATO-Apex 9106<\/td>\n<td>1<\/td>\n<td>900\u00d71000\u00d7600<\/td>\n<\/tr>\n<tr>\n<td>CNC-Bildverarbeitungsmessger\u00e4t<\/td>\n<td>MITUTOYO<\/td>\n<td>Quick Vision stream<\/td>\n<td>2<\/td>\n<td>400\u00d7400\u00d7250<\/td>\n<\/tr>\n<tr>\n<td rowspan=\"3\">Bildgr\u00f6\u00dfenmessger\u00e4t<\/td>\n<td rowspan=\"3\">KEYENCE<\/td>\n<td>IM-6225<\/td>\n<td>2<\/td>\n<td>100\u00d7200\u00d740<\/td>\n<\/tr>\n<tr>\n<td>IM-7020<\/td>\n<td>1<\/td>\n<td>90\u00d790\u00d730<\/td>\n<\/tr>\n<tr>\n<td>IM-8030<\/td>\n<td>1<\/td>\n<td>190\u00d790\u00d730<\/td>\n<\/tr>\n<tr>\n<td>Optisches 3D-Profilometer<\/td>\n<td>KEYENCE<\/td>\n<td>VR-6200<\/td>\n<td>1<\/td>\n<td>278x134x69<\/td>\n<\/tr>\n<tr>\n<td>3D-Laser-Scanning-Mikroskop<\/td>\n<td>KEYENCE<\/td>\n<td>VK-X100<\/td>\n<td>1<\/td>\n<td>100\uff5e16,000 (magnification)<\/td>\n<\/tr>\n<tr>\n<td>Digitales Mikroskop<\/td>\n<td>KEYENCE<\/td>\n<td>VHX-1000<\/td>\n<td>1<\/td>\n<td>100\uff5e16,000 (magnification)<\/td>\n<\/tr>\n<tr>\n<td>System zur Messung der H\u00f6henebenheit<\/td>\n<td>KEYENCE<\/td>\n<td>HM-1000<\/td>\n<td>1<\/td>\n<td>100\u00d7100\u00d775<\/td>\n<\/tr>\n<tr>\n<td>Optische Messsysteme<\/td>\n<td>MITUTOYO<\/td>\n<td>MF-UD1010D<\/td>\n<td>1<\/td>\n<td>300\u00d7170\u00d7220<\/td>\n<\/tr>\n<tr>\n<td>Werkzeugmikroskop<\/td>\n<td>MITUTOYO<\/td>\n<td>  &#8211;  <\/td>\n<td>1<\/td>\n<td>100\u00d7100\u00d7100<\/td>\n<\/tr>\n<tr>\n<td>Optischer Komparator<\/td>\n<td>Vision Engineering<\/td>\n<td>Lynx EVO<\/td>\n<td>1<\/td>\n<td>6x\uff5e60x(MAX 240x)<\/td>\n<\/tr>\n<tr>\n<td>Oberfl\u00e4chenrauheitsmessger\u00e4t<\/td>\n<td>MITUTOYO<\/td>\n<td>SJ-301<\/td>\n<td>2<\/td>\n<td>Oberfl\u00e4chenrauheitsmessung<\/td>\n<\/tr>\n<\/table>\n<p>\t\t\t\t\t<!-- \/.table-responsive --><\/div>\n<p>\t\t\t\t<!-- \/.list_box --><\/div>\n<p>\t\t\t<!-- \/.detail_area_in --><\/div>\n<p>\t\t<!-- major_facility --><\/section>\n<p>\t<!-- container --><\/div>\n<\/article>\n","protected":false},"excerpt":{"rendered":"<p>Ausr\u00fcstungsliste Um die Genauigkeit zu gew\u00e4hrleisten, werden alle unsere Maschinen t\u00e4glich kontrolliert und regelm\u00e4\u00dfig gewartet. CNC-Bearbeitungszentren 5-Achs-Bearbeitungszentren 5-Achs-Bearbeitungszentren NMV5000DCG 5-Achs-Bearbeitungszentren ZV400 Hochgeschwindigkeits-Linearbearbeitungszentren HS650L Hochgeschwindigkeits-Linearbearbeitungszentren IQ300 3-Achs-Bearbeitungszentren V56i 3-Achs-Bearbeitungszentren V55 3-Achs-Bearbeitungszentren V33 3-Achs-Bearbeitungszentren NVX5100 3-Achs-Bearbeitungszentren NVX5080 3-Achs-Bearbeitungszentren NVX5100 3-Achs-Bearbeitungszentren S500X1 CNC-Bearbeitungszentren Hersteller Name des Modells Anzahl der Maschinen X-Y-Z Hub Eigenschaften 5-Achs-Bearbeitungszentren MAKINO D300 2 300\u00d7500\u00d7350 Alle 5-Achs-Maschinen sind mit einem K\u00fchlmittel durch Spindel-System Typ Center-Through ausgestattet. DMG MORI NMV5000DCG 8 730\u00d7510\u00d7510 ZV400 2 600\u00d7425\u00d7450 Hochgeschwindigkeits-Linearbearbeitungszentren MAKINO IQ300 1 400\u00d7350\u00d7200 Alle Maschinen mit Linearmotorantrieb sind mit einer Hochgeschwindigkeitsspindel ausgestattet, die sich ideal f\u00fcr die Feinbearbeitung von Details eignet. IQ500 1 500\u00d7450\u00d7300 SODICK HS650L 1 625\u00d7500\u00d7300 3-Achs-Bearbeitungszentren MAKINO V56i 3 900\u00d7550\u00d7450 K\u00fchlmittel [&hellip;]<\/p>\n","protected":false},"author":1,"featured_media":0,"parent":8511,"menu_order":0,"comment_status":"closed","ping_status":"closed","template":"page-child-company.php","meta":{"om_disable_all_campaigns":false,"_monsterinsights_skip_tracking":false,"_monsterinsights_sitenote_active":false,"_monsterinsights_sitenote_note":"","_monsterinsights_sitenote_category":0,"footnotes":""},"aioseo_notices":[],"_links":{"self":[{"href":"https:\/\/top-seiko.com\/de\/wp-json\/wp\/v2\/pages\/8667"}],"collection":[{"href":"https:\/\/top-seiko.com\/de\/wp-json\/wp\/v2\/pages"}],"about":[{"href":"https:\/\/top-seiko.com\/de\/wp-json\/wp\/v2\/types\/page"}],"author":[{"embeddable":true,"href":"https:\/\/top-seiko.com\/de\/wp-json\/wp\/v2\/users\/1"}],"replies":[{"embeddable":true,"href":"https:\/\/top-seiko.com\/de\/wp-json\/wp\/v2\/comments?post=8667"}],"version-history":[{"count":2,"href":"https:\/\/top-seiko.com\/de\/wp-json\/wp\/v2\/pages\/8667\/revisions"}],"predecessor-version":[{"id":8669,"href":"https:\/\/top-seiko.com\/de\/wp-json\/wp\/v2\/pages\/8667\/revisions\/8669"}],"up":[{"embeddable":true,"href":"https:\/\/top-seiko.com\/de\/wp-json\/wp\/v2\/pages\/8511"}],"wp:attachment":[{"href":"https:\/\/top-seiko.com\/de\/wp-json\/wp\/v2\/media?parent=8667"}],"curies":[{"name":"wp","href":"https:\/\/api.w.org\/{rel}","templated":true}]}}