{"id":8682,"date":"2016-09-08T14:33:28","date_gmt":"2016-09-08T05:33:28","guid":{"rendered":"https:\/\/top-seiko.com\/company\/grusswort-des-ceo\/"},"modified":"2023-01-19T19:06:43","modified_gmt":"2023-01-19T10:06:43","slug":"greeting","status":"publish","type":"page","link":"https:\/\/top-seiko.com\/de\/company\/greeting\/","title":{"rendered":"Gru\u00dfwort des CEO"},"content":{"rendered":"<article class=\"m-greeting\">\n<section class=\"greeting\">\n<div class=\"container\">\n<h2 class=\"ttl02\"><span class=\"ja\">Gru\u00dfwort des CEO<\/span><\/h2>\n<div class=\"detail_area_in box-shadow\">\n<div class=\"contents_greeting\">\n<p class=\"greeting_img fr\"><img decoding=\"async\" src=\"\/img\/company\/greeting_img01.jpg\" alt=\"\"><\/p>\n<div class=\"greeting_text\">\n<h3>Gru\u00dfwort des CEO<\/h3>\n<p>In den Jahren seit der Gr\u00fcndung von Top Seiko im Jahr 2001 gab es Zeiten, in denen wir mit gro\u00dfen Herausforderungen konfrontiert waren. Dennoch ist es uns gelungen, in diesen schwierigen Zeiten zu \u00fcberleben und zu wachsen. Nat\u00fcrlich konnten wir das nicht allein schaffen. Ich m\u00f6chte all unseren Kunden, unseren Lieferanten und allen anderen Beteiligten f\u00fcr ihre Unterst\u00fctzung, Anleitung und Ermutigung danken.    <\/p>\n<h3>Das Ziel, die Besten zu sein<\/h3>\n<p>Wir haben unser Unternehmen \u201eTop Seiko\u201c genannt, um das Gesch\u00e4ftsziel auszudr\u00fccken, das weltweit f\u00fchrende Unternehmen f\u00fcr Pr\u00e4zisionsbearbeitung und -fertigung zu werden. \u201eSeiko\u201c ist ein japanisches Wort, das \u201ePr\u00e4zisionsbearbeitung\u201c bedeutet. Als neu gegr\u00fcndetes kleines Unternehmen mussten wir schnell feststellen, dass der Wettbewerb zwischen den Unternehmen, die g\u00e4ngige Industriematerialien bearbeiten, zu stark war, als dass wir h\u00e4tten \u00fcberleben k\u00f6nnen. Um unser Ziel zu erreichen, haben wir beschlossen, uns nur auf unser Spezialgebiet zu konzentrieren, n\u00e4mlich die Pr\u00e4zisionsbearbeitung von ultraharten und spr\u00f6den Materialien wie Glas, Keramik und Refrakt\u00e4rmetallen.\n\t\t\t\t\t\t<\/p>\n<h3>Erweiterung unserer Bearbeitungskapazit\u00e4ten<\/h3>\n<p>Diese exotischen, harten Materialien k\u00f6nnen im Vergleich zu anderen industriellen Werkstoffen eine gr\u00f6\u00dfere Herausforderung bei der Bearbeitung darstellen. Dennoch ist die Bearbeitung jedes dieser Materialien ein Ph\u00e4nomen, das einem physikalischen Gesetz unterliegt. Und ich bin der festen \u00dcberzeugung, dass selbst diese spr\u00f6den, abrasiven und schwer zu bearbeitenden Werkstoffe erfolgreich zu Pr\u00e4zisionsteilen verarbeitet werden k\u00f6nnen, wenn wir das Gesetz entdecken und befolgen. Es gibt keine Ausnahme. Es gibt immer physische Gr\u00fcnde f\u00fcr ein Scheitern, die wir ausfindig machen m\u00fcssen. Mit dieser \u00dcberzeugung haben wir uns den Herausforderungen gestellt und unsere Bearbeitungsm\u00f6glichkeiten weiter ausgebaut.\n\t\t\t\t\t\t<\/p>\n<h3>Weiteres Wachstum<\/h3>\n<p>Urspr\u00fcnglich haben wir mit der Herstellung von Komponenten f\u00fcr einige wenige Kunden aus der Halbleiter- und Elektronikindustrie begonnen, aber inzwischen beliefern wir Kunden aus einer Vielzahl von Branchen, darunter Luft- und Raumfahrt, Automobilbau, Luftfahrt, Medizintechnik sowie Mess- und Analysetechnik. Als L\u00f6sungsanbieter f\u00fcr unsere Kunden haben wir uns auf ihre individuellen Bed\u00fcrfnisse eingestellt. Dank der wachsenden Zahl von Kunden ist unser Werk voll ausgelastet. Um die Produktionskapazit\u00e4ten zu erh\u00f6hen und ein breiteres Spektrum an Anforderungen abzudecken, bauen wir derzeit ein neues Werk mit moderner Ausr\u00fcstung, das 2017 in Betrieb genommen werden soll. Wir werden uns gemeinsam bem\u00fchen, wettbewerbsf\u00e4hig zu bleiben und unseren Kunden auch in den kommenden Jahrhunderten L\u00f6sungen anzubieten.     <br \/>\n Wir m\u00f6chten uns noch einmal bei allen Beteiligten f\u00fcr ihre kontinuierliche Unterst\u00fctzung, Anleitung und Ermutigung bedanken.\n\t\t\t\t\t\t<\/p>\n<p class=\"tR\">Top Seiko Co., Ltd. <br \/>Yoichi Azai, CEO<\/p>\n<\/p><\/div>\n<p>\t\t\t\t<!-- contents_greeting --><\/div>\n<p>\t\t\t<!-- detail_area_in --><\/div>\n<p>\t\t<!-- container --><\/div>\n<\/section>\n<\/article>\n","protected":false},"excerpt":{"rendered":"<p>Gru\u00dfwort des CEO Gru\u00dfwort des CEO In den Jahren seit der Gr\u00fcndung von Top Seiko im Jahr 2001 gab es Zeiten, in denen wir mit gro\u00dfen Herausforderungen konfrontiert waren. Dennoch ist es uns gelungen, in diesen schwierigen Zeiten zu \u00fcberleben und zu wachsen. Nat\u00fcrlich konnten wir das nicht allein schaffen. Ich m\u00f6chte all unseren Kunden, unseren Lieferanten und allen anderen Beteiligten f\u00fcr ihre Unterst\u00fctzung, Anleitung und Ermutigung danken. Das Ziel, die Besten zu sein Wir haben unser Unternehmen \u201eTop Seiko\u201c genannt, um das Gesch\u00e4ftsziel auszudr\u00fccken, das weltweit f\u00fchrende Unternehmen f\u00fcr Pr\u00e4zisionsbearbeitung und -fertigung zu werden. \u201eSeiko\u201c ist ein japanisches Wort, das \u201ePr\u00e4zisionsbearbeitung\u201c bedeutet. Als neu gegr\u00fcndetes kleines Unternehmen mussten wir [&hellip;]<\/p>\n","protected":false},"author":1,"featured_media":0,"parent":8511,"menu_order":0,"comment_status":"closed","ping_status":"closed","template":"page-child-company.php","meta":{"om_disable_all_campaigns":false,"_monsterinsights_skip_tracking":false,"_monsterinsights_sitenote_active":false,"_monsterinsights_sitenote_note":"","_monsterinsights_sitenote_category":0,"footnotes":""},"aioseo_notices":[],"_links":{"self":[{"href":"https:\/\/top-seiko.com\/de\/wp-json\/wp\/v2\/pages\/8682"}],"collection":[{"href":"https:\/\/top-seiko.com\/de\/wp-json\/wp\/v2\/pages"}],"about":[{"href":"https:\/\/top-seiko.com\/de\/wp-json\/wp\/v2\/types\/page"}],"author":[{"embeddable":true,"href":"https:\/\/top-seiko.com\/de\/wp-json\/wp\/v2\/users\/1"}],"replies":[{"embeddable":true,"href":"https:\/\/top-seiko.com\/de\/wp-json\/wp\/v2\/comments?post=8682"}],"version-history":[{"count":1,"href":"https:\/\/top-seiko.com\/de\/wp-json\/wp\/v2\/pages\/8682\/revisions"}],"predecessor-version":[{"id":8683,"href":"https:\/\/top-seiko.com\/de\/wp-json\/wp\/v2\/pages\/8682\/revisions\/8683"}],"up":[{"embeddable":true,"href":"https:\/\/top-seiko.com\/de\/wp-json\/wp\/v2\/pages\/8511"}],"wp:attachment":[{"href":"https:\/\/top-seiko.com\/de\/wp-json\/wp\/v2\/media?parent=8682"}],"curies":[{"name":"wp","href":"https:\/\/api.w.org\/{rel}","templated":true}]}}