{"id":8693,"date":"2016-09-01T12:02:37","date_gmt":"2016-09-01T03:02:37","guid":{"rendered":"https:\/\/top-seiko.com\/anfrage\/"},"modified":"2023-01-20T17:58:36","modified_gmt":"2023-01-20T08:58:36","slug":"contact","status":"publish","type":"page","link":"https:\/\/top-seiko.com\/de\/contact\/","title":{"rendered":"Anfrage"},"content":{"rendered":"<article class=\"m-contact\">\n<div class=\"container\">\n<h2 class=\"ttl02\"><span class=\"ja\">Anfrage<\/span><\/h2>\n<div class=\"contactTel\">\n<p>F\u00fcr Bestellungen von einem Prototyp bis hin zur Massenproduktion k\u00f6nnen Sie uns jederzeit kontaktieren. Unser zust\u00e4ndiges Personal wird Ihre Anfragen schnell beantworten und in k\u00fcrzester Zeit auf Ihre Bed\u00fcrfnisse eingehen.\n<\/p>\n<p class=\"number\">Phone: +81-749-51-9021<br \/> (B\u00fcrozeiten: 9:00-16:00 Uhr au\u00dfer an Wochenenden und Feiertagen)<br \/>\nFax: +81-749-51-9022(24 Stunden Empfang)<br \/>Mail: info@top-seiko.co.jp<\/p>\n<p><!-- \/ .contactTel --><\/div>\n<p>[mwform_formkey key=&#8221;8732&#8243;]<\/p>\n<\/div>\n<p><!-- \/.m-contact --><\/article>\n","protected":false},"excerpt":{"rendered":"<p>Anfrage F\u00fcr Bestellungen von einem Prototyp bis hin zur Massenproduktion k\u00f6nnen Sie uns jederzeit kontaktieren. Unser zust\u00e4ndiges Personal wird Ihre Anfragen schnell beantworten und in k\u00fcrzester Zeit auf Ihre Bed\u00fcrfnisse eingehen. Phone: +81-749-51-9021 (B\u00fcrozeiten: 9:00-16:00 Uhr au\u00dfer an Wochenenden und Feiertagen) Fax: +81-749-51-9022(24 Stunden Empfang)Mail: info@top-seiko.co.jp [mwform_formkey key=&#8221;8732&#8243;]<\/p>\n","protected":false},"author":1,"featured_media":0,"parent":0,"menu_order":0,"comment_status":"closed","ping_status":"closed","template":"","meta":{"om_disable_all_campaigns":false,"_monsterinsights_skip_tracking":false,"_monsterinsights_sitenote_active":false,"_monsterinsights_sitenote_note":"","_monsterinsights_sitenote_category":0,"footnotes":""},"aioseo_notices":[],"_links":{"self":[{"href":"https:\/\/top-seiko.com\/de\/wp-json\/wp\/v2\/pages\/8693"}],"collection":[{"href":"https:\/\/top-seiko.com\/de\/wp-json\/wp\/v2\/pages"}],"about":[{"href":"https:\/\/top-seiko.com\/de\/wp-json\/wp\/v2\/types\/page"}],"author":[{"embeddable":true,"href":"https:\/\/top-seiko.com\/de\/wp-json\/wp\/v2\/users\/1"}],"replies":[{"embeddable":true,"href":"https:\/\/top-seiko.com\/de\/wp-json\/wp\/v2\/comments?post=8693"}],"version-history":[{"count":2,"href":"https:\/\/top-seiko.com\/de\/wp-json\/wp\/v2\/pages\/8693\/revisions"}],"predecessor-version":[{"id":8734,"href":"https:\/\/top-seiko.com\/de\/wp-json\/wp\/v2\/pages\/8693\/revisions\/8734"}],"wp:attachment":[{"href":"https:\/\/top-seiko.com\/de\/wp-json\/wp\/v2\/media?parent=8693"}],"curies":[{"name":"wp","href":"https:\/\/api.w.org\/{rel}","templated":true}]}}