{"id":8710,"date":"2016-09-01T12:03:48","date_gmt":"2016-09-01T03:03:48","guid":{"rendered":"https:\/\/top-seiko.com\/contact\/inquiry%e3%80%90complete%e3%80%91\/"},"modified":"2023-02-17T14:26:04","modified_gmt":"2023-02-17T05:26:04","slug":"complete","status":"publish","type":"page","link":"https:\/\/top-seiko.com\/de\/contact\/complete\/","title":{"rendered":"Anfrage\u3010Komplett\u3011"},"content":{"rendered":"<article class=\"m-contact\">\n<div class=\"container\">\n<h2 class=\"ttl02\"><span class=\"ja\">Anfrage<\/span><\/h2>\n<div class=\"contactComplete\">\n<h3 class=\"ttl04\"><span class=\"ja\">Einreichung abgeschlossen<\/span><\/h3>\n<p>Eine automatische Best\u00e4tigungs-E-Mail wird sofort versandt.<br \/> Wir werden Sie so schnell wie m\u00f6glich kontaktieren.<\/p>\n<p>* Wenn Sie keine Best\u00e4tigungs-E-Mail erhalten, f\u00fcllen Sie bitte das Formular erneut aus oder senden Sie uns direkt eine E-Mail &#8220;info@top-seiko.co.jp&#8221;.<\/p>\n<p class=\"tC\"><a href=\"https:\/\/top-seiko.com\/de\/\" class=\"returnTop\">R\u00fcckkehr oben<\/a><\/p>\n<p><!-- \/ .contactComplete --><\/div>\n<p>[mwform_formkey key=&#8221;8732&#8243;]\n<\/p><\/div>\n<p><!-- \/.m-contact --><\/article>\n","protected":false},"excerpt":{"rendered":"<p>Anfrage Einreichung abgeschlossen Eine automatische Best\u00e4tigungs-E-Mail wird sofort versandt. Wir werden Sie so schnell wie m\u00f6glich kontaktieren. * Wenn Sie keine Best\u00e4tigungs-E-Mail erhalten, f\u00fcllen Sie bitte das Formular erneut aus oder senden Sie uns direkt eine E-Mail &#8220;info@top-seiko.co.jp&#8221;. R\u00fcckkehr oben [mwform_formkey key=&#8221;8732&#8243;]<\/p>\n","protected":false},"author":1,"featured_media":0,"parent":8693,"menu_order":0,"comment_status":"closed","ping_status":"closed","template":"","meta":{"om_disable_all_campaigns":false,"_monsterinsights_skip_tracking":false,"_monsterinsights_sitenote_active":false,"_monsterinsights_sitenote_note":"","_monsterinsights_sitenote_category":0,"footnotes":""},"aioseo_notices":[],"_links":{"self":[{"href":"https:\/\/top-seiko.com\/de\/wp-json\/wp\/v2\/pages\/8710"}],"collection":[{"href":"https:\/\/top-seiko.com\/de\/wp-json\/wp\/v2\/pages"}],"about":[{"href":"https:\/\/top-seiko.com\/de\/wp-json\/wp\/v2\/types\/page"}],"author":[{"embeddable":true,"href":"https:\/\/top-seiko.com\/de\/wp-json\/wp\/v2\/users\/1"}],"replies":[{"embeddable":true,"href":"https:\/\/top-seiko.com\/de\/wp-json\/wp\/v2\/comments?post=8710"}],"version-history":[{"count":6,"href":"https:\/\/top-seiko.com\/de\/wp-json\/wp\/v2\/pages\/8710\/revisions"}],"predecessor-version":[{"id":8926,"href":"https:\/\/top-seiko.com\/de\/wp-json\/wp\/v2\/pages\/8710\/revisions\/8926"}],"up":[{"embeddable":true,"href":"https:\/\/top-seiko.com\/de\/wp-json\/wp\/v2\/pages\/8693"}],"wp:attachment":[{"href":"https:\/\/top-seiko.com\/de\/wp-json\/wp\/v2\/media?parent=8710"}],"curies":[{"name":"wp","href":"https:\/\/api.w.org\/{rel}","templated":true}]}}