{"id":9039,"date":"2016-09-08T21:14:50","date_gmt":"2016-09-08T12:14:50","guid":{"rendered":"https:\/\/top-seiko.com\/guide\/high-hardness-materials-high-wear-resistant-materials\/"},"modified":"2023-04-10T19:59:58","modified_gmt":"2023-04-10T10:59:58","slug":"hardness","status":"publish","type":"page","link":"https:\/\/top-seiko.com\/de\/guide\/hardness\/","title":{"rendered":"High Hardness Materials &amp; High Wear Resistant Materials"},"content":{"rendered":"<article class=\"m-hardness\">\n<div class=\"container\">\n<section class=\"hardness\">\n<h2 class=\"ttl02\"><span class=\"ja\">H\u00e4rte der Materialien<\/span><\/h2>\n<div class=\"detail_area_in box-shadow\">\n<h4 class=\"ttl03\">Umrechnungstabelle f\u00fcr H\u00e4rte<\/h4>\n<div class=\"tC\"><img decoding=\"async\" src=\"\/img\/guide\/toku\/koudo.gif\" alt=\"\"><\/div>\n<p>      <!-- \/.detail_area_in --><\/div>\n<\/section>\n<p>  <!-- container --><\/div>\n<\/article>\n","protected":false},"excerpt":{"rendered":"<p>H\u00e4rte der Materialien Umrechnungstabelle f\u00fcr H\u00e4rte<\/p>\n","protected":false},"author":1,"featured_media":0,"parent":9030,"menu_order":0,"comment_status":"closed","ping_status":"closed","template":"page-guide.php","meta":{"om_disable_all_campaigns":false,"_monsterinsights_skip_tracking":false,"_monsterinsights_sitenote_active":false,"_monsterinsights_sitenote_note":"","_monsterinsights_sitenote_category":0,"footnotes":""},"aioseo_notices":[],"_links":{"self":[{"href":"https:\/\/top-seiko.com\/de\/wp-json\/wp\/v2\/pages\/9039"}],"collection":[{"href":"https:\/\/top-seiko.com\/de\/wp-json\/wp\/v2\/pages"}],"about":[{"href":"https:\/\/top-seiko.com\/de\/wp-json\/wp\/v2\/types\/page"}],"author":[{"embeddable":true,"href":"https:\/\/top-seiko.com\/de\/wp-json\/wp\/v2\/users\/1"}],"replies":[{"embeddable":true,"href":"https:\/\/top-seiko.com\/de\/wp-json\/wp\/v2\/comments?post=9039"}],"version-history":[{"count":2,"href":"https:\/\/top-seiko.com\/de\/wp-json\/wp\/v2\/pages\/9039\/revisions"}],"predecessor-version":[{"id":9041,"href":"https:\/\/top-seiko.com\/de\/wp-json\/wp\/v2\/pages\/9039\/revisions\/9041"}],"up":[{"embeddable":true,"href":"https:\/\/top-seiko.com\/de\/wp-json\/wp\/v2\/pages\/9030"}],"wp:attachment":[{"href":"https:\/\/top-seiko.com\/de\/wp-json\/wp\/v2\/media?parent=9039"}],"curies":[{"name":"wp","href":"https:\/\/api.w.org\/{rel}","templated":true}]}}