{"id":9049,"date":"2016-09-08T21:04:04","date_gmt":"2016-09-08T12:04:04","guid":{"rendered":"https:\/\/top-seiko.com\/guide\/werkstoff-leitfaden-werkstoffe-und-anwendungen\/"},"modified":"2023-04-13T16:25:33","modified_gmt":"2023-04-13T07:25:33","slug":"characteristic","status":"publish","type":"page","link":"https:\/\/top-seiko.com\/de\/guide\/characteristic\/","title":{"rendered":"Werkstoff-Leitfaden &#8211; Werkstoffe und Anwendungen"},"content":{"rendered":"<article class=\"m-characteristic\">\n<div class=\"container\">\n<h2 class=\"ttl02\"><span class=\"ja\">Werkstoff-Leitfaden &#8211; Werkstoffe und Anwendungen<\/span><\/h2>\n<div class=\"detail_area_in box-shadow mb50\">\n<section class=\"high_melting\">\n<h3 class=\"ttl03\">Refrakt\u00e4rmetalle<\/h3>\n<div class=\"char_box\">\n<div class=\"row\">\n<h4 class=\"ttl04 col-sm-10 col-xs-8\">Wolfram<\/h4>\n<p class=\"symbol col-sm-2 col-xs-4 tC\">(W) Ordnungszahl: 74<\/p>\n<\/p><\/div>\n<div class=\"row mb20\">\n<div class=\"char_box_l col-sm-6\">\n<h5>Eigenschaft<\/h5>\n<h6>*Hohe Hitzebest\u00e4ndigkeit, hohe W\u00e4rmeleitf\u00e4higkeit, hohe relative Dichte<\/h6>\n<table class=\"table_style\" cellspacing=\"0\" cellpadding=\"0\">\n<tbody>\n<tr>\n<th class=\"skyblue\">Schmelzpunkt (\u2103)<\/th>\n<td>3387<\/td>\n<td class=\"noborder\"><small>h\u00f6chster unter allen Metallen<\/small><\/td>\n<\/tr>\n<tr>\n<th class=\"skyblue\">W\u00e4rmeleitf\u00e4higkeit (W\/(m\u30fbK))\n<\/th>\n<td>172  <\/td>\n<td class=\"noborder\">&nbsp;<\/td>\n<\/tr>\n<tr>\n<th class=\"skyblue\">W\u00e4rmeausdehnungskoeffizient (\u00d710<sup>-6<\/sup>)<\/th>\n<td>4.5<br \/>\n          <\/td>\n<td class=\"noborder\"><small>niedrigster unter allen Metallen<\/small><\/td>\n<\/tr>\n<tr>\n<th class=\"skyblue\">Relative Dichte<\/th>\n<td>19.3  <\/td>\n<td class=\"noborder\"><small>\u00e4hnlich wie Gold<\/small><\/td>\n<\/tr>\n<tr>\n<th class=\"skyblue\">Vickers-H\u00e4rte (Hv)(GPa)<\/th>\n<td>4.2<\/td>\n<td class=\"noborder\">&nbsp;<\/td>\n<\/tr>\n<tr>\n<th class=\"skyblue\">Elastizit\u00e4tsmodul (GPa)<\/th>\n<td>345<\/td>\n<td class=\"noborder\">&nbsp;<\/td>\n<\/tr>\n<\/tbody>\n<\/table><\/div>\n<div class=\"char_box_r col-sm-6\">\n<h5>Anwendungen<\/h5>\n<ul>\n<li>Gl\u00fchwendel, Schmelztiegel<\/li>\n<li>Heizeins\u00e4tze f\u00fcr Vakuum\u00f6fen<\/li>\n<li>Alle Arten von Elektroden f\u00fcr Entladungslampen, elektrische Kontakte<\/li>\n<li>W\u00e4rmeabschirmung, WIG-Schwei\u00dfelektroden<\/li>\n<li>Komponenten f\u00fcr Halbleiter-Ionen-Implantationsger\u00e4te<\/li>\n<li>Sputtertargets<\/li>\n<li>Ausgleichsgewicht<\/li>\n<\/ul><\/div>\n<\/p><\/div>\n<\/p><\/div>\n<div class=\"char_box\">\n<div class=\"row\">\n<h4 class=\"ttl04 col-sm-10 col-xs-8\">Molybd\u00e4n<\/h4>\n<p class=\"symbol col-sm-2 col-xs-4 tC\">(Mo) Ordnungszahl: 42<\/p>\n<\/p><\/div>\n<div class=\"row mb20\">\n<div class=\"char_box_l col-sm-6\">\n<h5>Eigenschaft<\/h5>\n<h6>*Hitzebest\u00e4ndig, hohe W\u00e4rmeleitf\u00e4higkeit<\/h6>\n<table class=\"table_style\" cellspacing=\"0\" cellpadding=\"0\">\n<tbody>\n<tr>\n<th class=\"skyblue\">Schmelzpunkt (\u2103)<\/th>\n<td>2623<\/td>\n<\/tr>\n<tr>\n<th class=\"skyblue\">W\u00e4rmeleitf\u00e4higkeit (W\/(m\u30fbK))\n<\/th>\n<td>142<\/td>\n<\/tr>\n<tr>\n<th class=\"skyblue\">W\u00e4rmeausdehnungskoeffizient (\u00d710<sup>-6<\/sup>)<\/th>\n<td>5.3<\/td>\n<\/tr>\n<tr>\n<th class=\"skyblue\">Relative Dichte<\/th>\n<td>10.2<\/td>\n<\/tr>\n<tr>\n<th class=\"skyblue\">Vickers-H\u00e4rte (Hv)(GPa)<\/th>\n<td>2.6<\/td>\n<\/tr>\n<tr>\n<th class=\"skyblue\">Elastizit\u00e4tsmodul (GPa)<\/th>\n<td>276<\/td>\n<\/tr>\n<\/tbody>\n<\/table><\/div>\n<div class=\"char_box_r col-sm-6\">\n<h5>Anwendungen<\/h5>\n<ul>\n<li>\n Beleuchtungselemente, Gl\u00fchdraht f\u00fcr Gl\u00fchbirnen<\/li>\n<li>Heizelemente f\u00fcr Hochtemperatur\u00f6fen und Abschirmungen<\/li>\n<li>Schmelztiegel, Sinterschiffchen<\/li>\n<li>Magnetronteile f\u00fcr Mikrowellen<\/li>\n<li>Magnetronteile, die in Mikrowellenherden verwendet werden<\/li>\n<li>Material f\u00fcr Sputtertargets<\/li>\n<\/ul><\/div>\n<\/p><\/div>\n<\/p><\/div>\n<div class=\"char_box\">\n<div class=\"row\">\n<h4 class=\"ttl04 col-sm-10 col-xs-8\">Tantal<\/h4>\n<p class=\"symbol col-sm-2 col-xs-4 tC\">(Ta) Ordnungszahl: 73<\/p>\n<\/p><\/div>\n<div class=\"row mb20\">\n<div class=\"char_box_l col-sm-6\">\n<h5>Eigenschaft<\/h5>\n<h6>*Hitzebest\u00e4ndig<\/h6>\n<table class=\"table_style\" cellspacing=\"0\" cellpadding=\"0\">\n<tbody>\n<tr>\n<th class=\"skyblue\">Schmelzpunkt (\u2103)<\/th>\n<td>2990<\/td>\n<\/tr>\n<tr>\n<th class=\"skyblue\">W\u00e4rmeleitf\u00e4higkeit (W\/(m\u30fbK))\n<\/th>\n<td>57.5<\/td>\n<\/tr>\n<tr>\n<th class=\"skyblue\">W\u00e4rmeausdehnungskoeffizient (\u00d710<sup>-6<\/sup>)<\/th>\n<td>6.3<\/td>\n<\/tr>\n<tr>\n<th class=\"skyblue\">Relative Dichte<\/th>\n<td>16.7<\/td>\n<\/tr>\n<tr>\n<th class=\"skyblue\">Vickers-H\u00e4rte (Hv)(GPa)<\/th>\n<td>0.7<\/td>\n<\/tr>\n<tr>\n<th class=\"skyblue\">Elastizit\u00e4tsmodul (GPa)<\/th>\n<td>185<\/td>\n<\/tr>\n<\/tbody>\n<\/table><\/div>\n<div class=\"char_box_r col-sm-6\">\n<h5>Anwendungen<\/h5>\n<ul>\n<li>\n Teile f\u00fcr W\u00e4rmetauscher<\/li>\n<li>Komponenten f\u00fcr Hochtemperaturreaktoren<\/li>\n<li>Quellenkomponenten f\u00fcr Halbleiter-Ionenimplantationsger\u00e4te <\/li>\n<\/ul>\n<p>Ionenimplantationsger\u00e4te <br \/>\n Pulver: Kondensatoren, Sputtertargets<br \/>\n Oxid: Additiv f\u00fcr optische Linsen<br \/>\n Carbid: Hartmetallwerkzeuge<\/p>\n<\/p><\/div>\n<\/p><\/div>\n<\/p><\/div>\n<div class=\"char_box\">\n<div class=\"row\">\n<h4 class=\"ttl04 col-sm-10 col-xs-8\">Niob<\/h4>\n<p class=\"symbol col-sm-2 col-xs-4 tC\">(Nb) Ordnungszahl: 41<\/p>\n<\/p><\/div>\n<div class=\"row mb20\">\n<div class=\"char_box_l col-sm-6\">\n<h5>Eigenschaft<\/h5>\n<h6>*Hitzebest\u00e4ndig<\/h6>\n<table class=\"table_style\" cellspacing=\"0\" cellpadding=\"0\">\n<tbody>\n<tr>\n<th class=\"skyblue\">Schmelzpunkt (\u2103)<\/th>\n<td>2415<\/td>\n<\/tr>\n<tr>\n<th class=\"skyblue\">W\u00e4rmeleitf\u00e4higkeit (W\/(m\u30fbK))<\/th>\n<td>54<\/td>\n<\/tr>\n<tr>\n<th class=\"skyblue\">W\u00e4rmeausdehnungskoeffizient (\u00d710<sup>-6<\/sup>)<\/th>\n<td>7.0<\/td>\n<\/tr>\n<tr>\n<th class=\"skyblue\">Relative Dichte<\/th>\n<td>8.6<\/td>\n<\/tr>\n<tr>\n<th class=\"skyblue\">Vickers-H\u00e4rte (Hv)(GPa)<\/th>\n<td>0.8<\/td>\n<\/tr>\n<tr>\n<th class=\"skyblue\">Elastizit\u00e4tsmodul (GPa)<\/th>\n<td>107<\/td>\n<\/tr>\n<\/tbody>\n<\/table><\/div>\n<div class=\"char_box_r col-sm-6\">\n<h5>Anwendungen<\/h5>\n<ul>\n<li>Zusatzstoff f\u00fcr Eisen und Stahl<\/li>\n<\/ul>\n<p>Carbid: Hartmetallwerkzeuge <br \/>\n Intermetallische Verbindungen: Supraleitender Magnet<br \/>\n Legierungen: Sputtertargets<\/p>\n<\/p><\/div>\n<\/p><\/div>\n<\/p><\/div>\n<div class=\"char_box\">\n<div class=\"row\">\n<h4 class=\"ttl04 col-sm-10 col-xs-8\">Silber<\/h4>\n<p class=\"symbol col-sm-2 col-xs-4 tC\">(Ag) Ordnungszahl: 47<\/p>\n<\/p><\/div>\n<div class=\"row mb20\">\n<div class=\"char_box_l col-sm-6\">\n<h5>Eigenschaft<\/h5>\n<h6>Hohe W\u00e4rmeleitf\u00e4higkeit, hohe elektrische Leitf\u00e4higkeit<\/h6>\n<table class=\"table_style\" cellspacing=\"0\" cellpadding=\"0\">\n<tbody>\n<tr>\n<th class=\"skyblue\">Schmelzpunkt (\u2103)<\/th>\n<td>960<\/td>\n<\/tr>\n<tr>\n<th class=\"skyblue\">W\u00e4rmeleitf\u00e4higkeit (W\/(m\u30fbK))\n<\/th>\n<td>420<\/td>\n<\/tr>\n<tr>\n<th class=\"skyblue\">W\u00e4rmeausdehnungskoeffizient (\u00d710<sup>-6<\/sup>)<\/th>\n<td>19.0<\/td>\n<\/tr>\n<tr>\n<th class=\"skyblue\">Relative Dichte<\/th>\n<td>10.5<\/td>\n<\/tr>\n<tr>\n<th class=\"skyblue\">Vickers-H\u00e4rte (Hv)(GPa)<\/th>\n<td>0.9<\/td>\n<\/tr>\n<tr>\n<th class=\"skyblue\">Elastizit\u00e4tsmodul (GPa)<\/th>\n<td>73<\/td>\n<\/tr>\n<\/tbody>\n<\/table><\/div>\n<div class=\"char_box_r col-sm-6\">\n<h5>Anwendungen<\/h5>\n<ul>\n<li>\n Elektrische Leiter (geringer elektrischer Widerstand)<\/li>\n<li>Audiokabel<\/li>\n<li>Hochfrequenzkabel<\/li>\n<li>Geschirr, Schmuck, Zahnmedizin<\/li>\n<li>Wasserreiniger (Desinfektion)<\/li>\n<\/ul>\n<p>Verwendung als Legierungsmaterial m\u00f6glich<\/p>\n<\/p><\/div>\n<\/p><\/div>\n<div class=\"char_box\">\n<div class=\"row\">\n<h4 class=\"ttl04 col-sm-10 col-xs-8\">Kupfer<\/h4>\n<p class=\"symbol col-sm-2 col-xs-4 tC\">(Cu) Ordnungszahl: 29<\/p>\n<\/p><\/div>\n<div class=\"row mb20\">\n<div class=\"char_box_l col-sm-6\">\n<h5>Eigenschaft<\/h5>\n<h6>*Hohe W\u00e4rmeleitf\u00e4higkeit, hohe elektrische Leitf\u00e4higkeit<\/h6>\n<table class=\"table_style\" cellspacing=\"0\" cellpadding=\"0\">\n<tbody>\n<tr>\n<th class=\"skyblue\">Schmelzpunkt (\u2103)<\/th>\n<td>1084<\/td>\n<\/tr>\n<tr>\n<th class=\"skyblue\">W\u00e4rmeleitf\u00e4higkeit (W\/(m\u30fbK))<\/th>\n<td>398<\/td>\n<\/tr>\n<tr>\n<th class=\"skyblue\">W\u00e4rmeausdehnungskoeffizient (\u00d710<sup>-6<\/sup>)<\/th>\n<td>16.6<\/td>\n<\/tr>\n<tr>\n<th class=\"skyblue\">Relative Dichte<\/th>\n<td>8.9<\/td>\n<\/tr>\n<tr>\n<th class=\"skyblue\">Vickers-H\u00e4rte (Hv)(GPa)<\/th>\n<td>0.8<\/td>\n<\/tr>\n<tr>\n<th class=\"skyblue\">Elastizit\u00e4tsmodul (GPa)<\/th>\n<td>130<\/td>\n<\/tr>\n<\/tbody>\n<\/table><\/div>\n<div class=\"char_box_r col-sm-6\">\n<h5>Anwendungen<\/h5>\n<ul>\n<li>\n Leiter in elektrischen Ger\u00e4ten<\/li>\n<li>Stromkabel (geringer elektrischer Widerstand und preiswerter als Silber)<\/li>\n<li>M\u00fcnzen, Baumaterialien<\/li>\n<\/ul>\n<p>Kann als Verbundwerkstoff f\u00fcr Messingprodukte usw. verwendet werden<\/p>\n<\/p><\/div>\n<\/p><\/div>\n<\/p><\/div>\n<div class=\"char_box\">\n<div class=\"row\">\n<h4 class=\"ttl04 col-sm-10 col-xs-8\">Aluminium<\/h4>\n<p class=\"symbol col-sm-2 col-xs-4 tC\">(Al) Ordnungszahl: 13<\/p>\n<\/p><\/div>\n<div class=\"row mb20\">\n<div class=\"char_box_l col-sm-6\">\n<h5>Eigenschaft<\/h5>\n<h6>*Leichtes Gewicht<\/h6>\n<table class=\"table_style\" cellspacing=\"0\" cellpadding=\"0\">\n<tbody>\n<tr>\n<th class=\"skyblue\">Schmelzpunkt (\u2103)<\/th>\n<td>660<\/td>\n<\/tr>\n<tr>\n<th class=\"skyblue\">W\u00e4rmeleitf\u00e4higkeit (W\/(m\u30fbK))<\/th>\n<td>237<\/td>\n<\/tr>\n<tr>\n<th class=\"skyblue\">W\u00e4rmeausdehnungskoeffizient (\u00d710<sup>-6<\/sup>)<\/th>\n<td>23.2<\/td>\n<\/tr>\n<tr>\n<th class=\"skyblue\">Relative Dichte<\/th>\n<td>2.7<\/td>\n<\/tr>\n<tr>\n<th class=\"skyblue\">Vickers-H\u00e4rte (Hv)(GPa)<\/th>\n<td>0.5<\/td>\n<\/tr>\n<tr>\n<th class=\"skyblue\">Elastizit\u00e4tsmodul (GPa)<\/th>\n<td>71<\/td>\n<\/tr>\n<\/tbody>\n<\/table><\/div>\n<div class=\"char_box_r col-sm-6\">\n<h5>Anwendungen<\/h5>\n<ul>\n<li>M\u00fcnzen, Getr\u00e4nkedosen, T\u00f6pfe und Pfannen<\/li>\n<li>Baumaterialien, Fahrzeugkomponenten<\/li>\n<li>Benzinmotoren<\/li>\n<li>Universelle Maschinenbauteile<\/li>\n<\/ul><\/div>\n<\/p><\/div>\n<\/p><\/div>\n<div class=\"char_box\">\n<div class=\"row\">\n<h4 class=\"ttl04 col-sm-10 col-xs-8\">Edelstahl<\/h4>\n<p class=\"symbol col-sm-2 col-xs-4 tC\">(SUS) legierter Stahl<\/p>\n<\/p><\/div>\n<div class=\"row mb20\">\n<div class=\"char_box_l col-sm-6\">\n<h5>Eigenschaft<\/h5>\n<h6>*Korrosionsbest\u00e4ndig<\/h6>\n<table class=\"table_style\" cellspacing=\"0\" cellpadding=\"0\">\n<tbody>\n<tr>\n<th class=\"skyblue\">Schmelzpunkt (\u2103)<\/th>\n<td>1450<\/td>\n<\/tr>\n<tr>\n<th class=\"skyblue\">W\u00e4rmeleitf\u00e4higkeit (W\/(m\u30fbK))<\/th>\n<td>16.3<\/td>\n<\/tr>\n<tr>\n<th class=\"skyblue\">W\u00e4rmeausdehnungskoeffizient (\u00d710<sup>-6<\/sup>)<\/th>\n<td>18.0<\/td>\n<\/tr>\n<tr>\n<th class=\"skyblue\">Relative Dichte<\/th>\n<td>7.9<\/td>\n<\/tr>\n<tr>\n<th class=\"skyblue\">Vickers-H\u00e4rte (Hv)(GPa)<\/th>\n<td>2.0<\/td>\n<\/tr>\n<tr>\n<th class=\"skyblue\">Elastizit\u00e4tsmodul (GPa)<\/th>\n<td>200<\/td>\n<\/tr>\n<\/tbody>\n<\/table><\/div>\n<div class=\"char_box_r col-sm-6\">\n<h5>Anwendungen<\/h5>\n<ul>\n<li>\n Austenit-Typ: <\/p>\n<ul>\n<li>K\u00fcchenger\u00e4te<\/li>\n<li>Geschirr<\/li>\n<li>Korrosionsbest\u00e4ndige Ausr\u00fcstung<\/li>\n<li>Universelle Maschinenbauteile <\/li>\n<\/ul>\n<\/li>\n<li>Martensit-Typ:\n<ul>\n<li>K\u00fcchenmesser<\/li>\n<li>Teile von Abschreckmaschinen mit hoher Lebensdauer<\/li>\n<\/ul>\n<\/li>\n<li>Ferrit-Typ\n<ul>\n<li>T\u00f6pfe f\u00fcr Induktionsherde<\/li>\n<\/ul>\n<\/li>\n<\/ul><\/div>\n<\/p><\/div>\n<\/p><\/div>\n<\/section>\n<section class=\"ceramics1\">\n<h3 class=\"ttl03\">Keramik<\/h3>\n<div class=\"char_box\">\n<div class=\"row\">\n<h4 class=\"ttl04 col-sm-10 col-xs-8\">Aluminiumoxid<\/h4>\n<p class=\"symbol col-sm-2 col-xs-4 tC\">(Aluminium Oxid) Al2O3<\/p>\n<\/p><\/div>\n<div class=\"row mb20\">\n<div class=\"char_box_l col-sm-6\">\n<h5>Eigenschaft<\/h5>\n<h6>*Hohe H\u00e4rte, abriebfest, hitzebest\u00e4ndig, korrosionsbest\u00e4ndig<\/h6>\n<table class=\"table_style\" cellspacing=\"0\" cellpadding=\"0\">\n<tbody>\n<tr>\n<th class=\"skyblue\">Schmelzpunkt (\u2103)<\/th>\n<td>2054<\/td>\n<\/tr>\n<tr>\n<th class=\"skyblue\">Temperaturwechselbest\u00e4ndigkeit<\/th>\n<td>200<\/td>\n<\/tr>\n<tr>\n<th class=\"skyblue\">W\u00e4rmeleitf\u00e4higkeit (W\/(m\u30fbK))<\/th>\n<td>30<\/td>\n<\/tr>\n<tr>\n<th class=\"skyblue\">W\u00e4rmeausdehnungskoeffizient (\u00d710<sup>-6<\/sup>)<\/th>\n<td>5.3<\/td>\n<\/tr>\n<tr>\n<th class=\"skyblue\">Relative Dichte<\/th>\n<td>3.9<\/td>\n<\/tr>\n<tr>\n<th class=\"skyblue\">Vickers-H\u00e4rte (Hv)(GPa)<\/th>\n<td>18<\/td>\n<\/tr>\n<\/tbody>\n<\/table><\/div>\n<div class=\"char_box_r col-sm-6\">\n<h5>Anwendungen<\/h5>\n<ul>\n<li>\n Elektrische Isolatoren<\/li>\n<li>Ofenw\u00e4nde, Ofenteile, Vorrichtungen<\/li>\n<li>D\u00fcsen, Walzen<\/li>\n<li>Reaktionstiegel, Reaktionsgef\u00e4\u00dfe<\/li>\n<li>Komponenten der Halbleiterindustrie<\/li>\n<li>Komponenten f\u00fcr die Fl\u00fcssigkeitskristallproduktion<\/li>\n<li>Elektronenr\u00f6hrenteile, Pumpen, Schleifmittel<\/li>\n<li>Tiegelauskleidungen <\/li>\n<\/ul><\/div>\n<\/p><\/div>\n<\/p><\/div>\n<div class=\"char_box\">\n<div class=\"row\">\n<h4 class=\"ttl04 col-sm-10 col-xs-8\">Aluminiumnitrid<\/h4>\n<p class=\"symbol col-sm-2 col-xs-4 tC\">AIN<\/p>\n<\/p><\/div>\n<div class=\"row mb20\">\n<div class=\"char_box_l col-sm-6\">\n<h5>Eigenschaft<\/h5>\n<h6>*Hohe W\u00e4rmeleitf\u00e4higkeit<\/h6>\n<table class=\"table_style\" cellspacing=\"0\" cellpadding=\"0\">\n<tbody>\n<tr>\n<th class=\"skyblue\">Schmelzpunkt (\u2103)<\/th>\n<td>2200<\/td>\n<\/tr>\n<tr>\n<th class=\"skyblue\">Temperaturwechselbest\u00e4ndigkeit<\/th>\n<td>400<\/td>\n<\/tr>\n<tr>\n<th class=\"skyblue\">W\u00e4rmeleitf\u00e4higkeit (W\/(m\u30fbK))<\/th>\n<td>170<\/td>\n<\/tr>\n<tr>\n<th class=\"skyblue\">W\u00e4rmeausdehnungskoeffizient (\u00d710<sup>-6<\/sup>)<\/th>\n<td>2.4<\/td>\n<\/tr>\n<tr>\n<th class=\"skyblue\">Relative Dichte<\/th>\n<td>3.3<\/td>\n<\/tr>\n<tr>\n<th class=\"skyblue\">Vickers-H\u00e4rte (Hv)(GPa)<\/th>\n<td>13<\/td>\n<\/tr>\n<\/tbody>\n<\/table><\/div>\n<div class=\"char_box_r col-sm-6\">\n<h5>Anwendungen<\/h5>\n<ul>\n<li>Schmelztiegel,<\/li>\n<li>Komponenten f\u00fcr K\u00fchlk\u00f6rper,<\/li>\n<li>hitzeresistente Platten,<\/li>\n<li>Komponenten f\u00fcr die Halbleiterfertigung:<\/li>\n<li>Heizelemente, elektrostatische Chucks,<\/li>\n<li>Dummy-Wafer,<\/li>\n<li>Suszeptor-Ringe,<\/li>\n<li>Duschplatten,<\/li>\n<li>Reaktionskammern,<\/li>\n<li>HF-Fenster<\/li>\n<\/ul><\/div>\n<\/p><\/div>\n<\/p><\/div>\n<div class=\"char_box\">\n<div class=\"row\">\n<h4 class=\"ttl04 col-sm-10 col-xs-8\">Siliciumnitrid<\/h4>\n<p class=\"symbol col-sm-2 col-xs-4 tC\">Si3N4<\/p>\n<\/p><\/div>\n<div class=\"row mb20\">\n<div class=\"char_box_l col-sm-6\">\n<h5>Eigenschaft<\/h5>\n<h6>*Hohe Festigkeit, abriebfest, temperaturwechselbest\u00e4ndig<\/h6>\n<table class=\"table_style\" cellspacing=\"0\" cellpadding=\"0\">\n<tbody>\n<tr>\n<th class=\"skyblue\">Schmelzpunkt (\u2103)<\/th>\n<td>1600<\/td>\n<\/tr>\n<tr>\n<th class=\"skyblue\">Temperaturwechselbest\u00e4ndigkeit<\/th>\n<td>650<\/td>\n<\/tr>\n<tr>\n<th class=\"skyblue\">W\u00e4rmeleitf\u00e4higkeit (W\/(m\u30fbK))<\/th>\n<td>13<\/td>\n<\/tr>\n<tr>\n<th class=\"skyblue\">W\u00e4rmeausdehnungskoeffizient (\u00d710<sup>-6<\/sup>)<\/th>\n<td>1.5<\/td>\n<\/tr>\n<tr>\n<th class=\"skyblue\">Relative Dichte<\/th>\n<td>3.2<\/td>\n<\/tr>\n<tr>\n<th class=\"skyblue\">Vickers-H\u00e4rte (Hv)(GPa)<\/th>\n<td>16<\/td>\n<\/tr>\n<\/tbody>\n<\/table><\/div>\n<div class=\"char_box_r col-sm-6\">\n<h5>Anwendungen<\/h5>\n<ul>\n<li>\n Motorenteile<\/li>\n<li>Komponenten f\u00fcr Gasturbinen<\/li>\n<li>Lager, F\u00fchrungsrollen<\/li>\n<li>Schneidewerkzeuge<\/li>\n<li>Schneidewerkzeuge<\/li>\n<li>Schleifteile, Mahlkugeln<\/li>\n<li>R\u00fchrbl\u00e4tter<\/li>\n<\/ul><\/div>\n<\/p><\/div>\n<\/p><\/div>\n<div class=\"char_box\">\n<div class=\"row\">\n<h4 class=\"ttl04 col-sm-10 col-xs-8\">Siliciumcarbid<\/h4>\n<p class=\"symbol col-sm-2 col-xs-4 tC\">SiC<\/p>\n<\/p><\/div>\n<div class=\"row mb20\">\n<div class=\"char_box_l col-sm-6\">\n<h5>Eigenschaft<\/h5>\n<h6>*Hohe Festigkeit, chemische Best\u00e4ndigkeit und Verschlei\u00dffestigkeit, hohe W\u00e4rmeleitf\u00e4higkeit<\/h6>\n<table class=\"table_style\" cellspacing=\"0\" cellpadding=\"0\">\n<tbody>\n<tr>\n<th class=\"skyblue\">Schmelzpunkt (\u2103)<\/th>\n<td>2730<\/td>\n<\/tr>\n<tr>\n<th class=\"skyblue\">Temperaturwechselbest\u00e4ndigkeit<\/th>\n<td>450<\/td>\n<\/tr>\n<tr>\n<th class=\"skyblue\">W\u00e4rmeleitf\u00e4higkeit (W\/(m\u30fbK))<\/th>\n<td>150<\/td>\n<\/tr>\n<tr>\n<th class=\"skyblue\">W\u00e4rmeausdehnungskoeffizient (\u00d710<sup>-6<\/sup>)<\/th>\n<td>2.9<\/td>\n<\/tr>\n<tr>\n<th class=\"skyblue\">Relative Dichte<\/th>\n<td>3.1<\/td>\n<\/tr>\n<tr>\n<th class=\"skyblue\">Vickers-H\u00e4rte (Hv)(GPa)<\/th>\n<td>24<\/td>\n<\/tr>\n<\/tbody>\n<\/table><\/div>\n<div class=\"char_box_r col-sm-6\">\n<h5>Anwendungen<\/h5>\n<ul>\n<li>Hochtemperatur-Komponenten<\/li>\n<li>Gleitteile:\n<ul>\n<li>Lager,<\/li>\n<li>Gleitringdichtungen<\/li>\n<\/ul>\n<\/li>\n<\/ul><\/div>\n<\/p><\/div>\n<\/p><\/div>\n<\/section>\n<section class=\"ceramics2\">\n<div class=\"char_box\">\n<div class=\"row\">\n<h4 class=\"ttl04 col-sm-10 col-xs-8\">Zirconiumdioxid<\/h4>\n<p class=\"symbol col-sm-2 col-xs-4 tC\">(Zirconium dioxide) ZrO2<\/p>\n<\/p><\/div>\n<div class=\"row mb20\">\n<div class=\"char_box_l col-sm-6\">\n<h5>Eigenschaft<\/h5>\n<h6>*Hohe Bruchz\u00e4higkeit, hohe Festigkeit, abriebfest<\/h6>\n<table class=\"table_style\" cellspacing=\"0\" cellpadding=\"0\">\n<tbody>\n<tr>\n<th class=\"skyblue\">Schmelzpunkt (\u2103)<\/th>\n<td>2715<\/td>\n<\/tr>\n<tr>\n<th class=\"skyblue\">Temperaturwechselbest\u00e4ndigkeit<\/th>\n<td>280<\/td>\n<\/tr>\n<tr>\n<th class=\"skyblue\">W\u00e4rmeleitf\u00e4higkeit (W\/(m\u30fbK))<\/th>\n<td>3<\/td>\n<\/tr>\n<tr>\n<th class=\"skyblue\">W\u00e4rmeausdehnungskoeffizient (\u00d710<sup>-6<\/sup>)<\/th>\n<td>7.7<\/td>\n<\/tr>\n<tr>\n<th class=\"skyblue\">Relative Dichte<\/th>\n<td>6.0<\/td>\n<\/tr>\n<tr>\n<th class=\"skyblue\">Vickers-H\u00e4rte (Hv)(GPa)<\/th>\n<td>13<\/td>\n<\/tr>\n<\/tbody>\n<\/table><\/div>\n<div class=\"char_box_r col-sm-6\">\n<h5>Anwendungen<\/h5>\n<ul>\n<li>Schneiden f\u00fcr Industrieanwendungen<\/li>\n<li>Scheren, K\u00fcchenmesser<\/li>\n<li>Pr\u00fcfmittel:\n<ul>\n<li>Pr\u00fcfstifte,<\/li>\n<li>Endma\u00dfe<\/li>\n<\/ul>\n<\/li>\n<li>Diverse verschlei\u00dffeste Bauteile<\/li>\n<\/ul><\/div>\n<\/p><\/div>\n<\/p><\/div>\n<div class=\"char_box\">\n<div class=\"row\">\n<h4 class=\"ttl04 col-sm-10 col-xs-8\">Bornitrid<\/h4>\n<p class=\"symbol col-sm-2 col-xs-4 tC\">BN<\/p>\n<\/p><\/div>\n<div class=\"row mb20\">\n<div class=\"char_box_l col-sm-6\">\n<h5>Eigenschaft<\/h5>\n<h6>*Ausgezeichneter elektrischer Widerstand bei hohen Temperaturen, temperaturwechselbest\u00e4ndig <\/h6>\n<table class=\"table_style\" cellspacing=\"0\" cellpadding=\"0\">\n<tbody>\n<tr>\n<th class=\"skyblue\">Schmelzpunkt (\u2103)<\/th>\n<td>2700<\/td>\n<\/tr>\n<tr>\n<th class=\"skyblue\">Temperaturwechselbest\u00e4ndigkeit<\/th>\n<td>1500<\/td>\n<\/tr>\n<tr>\n<th class=\"skyblue\">W\u00e4rmeleitf\u00e4higkeit (W\/(m\u30fbK))<\/th>\n<td>63<\/td>\n<\/tr>\n<tr>\n<th class=\"skyblue\">W\u00e4rmeausdehnungskoeffizient (\u00d710<sup>-6<\/sup>)<\/th>\n<td>1.4<\/td>\n<\/tr>\n<tr>\n<th class=\"skyblue\">Relative Dichte<\/th>\n<td>1.8<\/td>\n<\/tr>\n<tr>\n<th class=\"skyblue\">Vickers-H\u00e4rte (Hv)(GPa)<\/th>\n<td>0.8<\/td>\n<\/tr>\n<\/tbody>\n<\/table><\/div>\n<div class=\"char_box_r col-sm-6\">\n<h5>Anwendungen<\/h5>\n<ul>\n<li>\n Isolatoren f\u00fcr Hochtemperatur-Atmosph\u00e4ren\u00f6fen<\/li>\n<li>Diverse Komponenten f\u00fcr die Halbleiterfertigung<\/li>\n<li>Schmelztiegel f\u00fcr Verbindungshalbleiter<\/li>\n<li>Montagevorrichtungen f\u00fcr Elektronikbaugruppen<\/li>\n<li>K\u00fchlk\u00f6rper\n              <\/li>\n<\/ul>\n<p>Pulver: Schmiermittelzusatz bei hohen Temperaturen, Trennmittel, kosmetische Produkte<\/p>\n<\/p><\/div>\n<\/p><\/div>\n<\/p><\/div>\n<\/section>\n<section class=\"metalloid\">\n<h3 class=\"ttl03\">Halbmetall<\/h3>\n<div class=\"char_box\">\n<div class=\"row\">\n<h4 class=\"ttl04 col-sm-10 col-xs-8\">Silicium<\/h4>\n<p class=\"symbol col-sm-2 col-xs-4 tC\">(Si) Ordnungszahl 14<\/p>\n<\/p><\/div>\n<div class=\"row mb20\">\n<div class=\"char_box_l col-sm-6\">\n<h5>Eigenschaft<\/h5>\n<h6>*Hohe Bruchz\u00e4higkeit, hohe Festigkeit, abriebfest<\/h6>\n<table class=\"table_style\" cellspacing=\"0\" cellpadding=\"0\">\n<tbody>\n<tr>\n<th class=\"skyblue\">Schmelzpunkt (\u2103)<\/th>\n<td>1400<\/td>\n<\/tr>\n<tr>\n<th class=\"skyblue\">Temperaturwechselbest\u00e4ndigkeit<\/th>\n<td>\u2212<\/td>\n<\/tr>\n<tr>\n<th class=\"skyblue\">W\u00e4rmeleitf\u00e4higkeit (W\/(m\u30fbK))<\/th>\n<td>148<\/td>\n<\/tr>\n<tr>\n<th class=\"skyblue\">W\u00e4rmeausdehnungskoeffizient (\u00d710<sup>-6<\/sup>)<\/th>\n<td>4.2<\/td>\n<\/tr>\n<tr>\n<th class=\"skyblue\">Relative Dichte<\/th>\n<td>2.3<\/td>\n<\/tr>\n<tr>\n<th class=\"skyblue\">H\u00e4rte (Mohs)<\/th>\n<td>6.5<\/td>\n<\/tr>\n<\/tbody>\n<\/table><\/div>\n<div class=\"char_box_r col-sm-6\">\n<h5>Anwendungen<\/h5>\n<ul>\n<li>Halbleiterbauelemente<\/li>\n<li>Komponenten der Halbleitertechnik<\/li>\n<li>Solarzellen <\/li>\n<\/ul><\/div>\n<\/p><\/div>\n<\/p><\/div>\n<\/section>\n<section class=\"glass\">\n<h3 class=\"ttl03\">Glas<\/h3>\n<div class=\"char_box\">\n<div class=\"row\">\n<h4 class=\"ttl04 col-sm-10 col-xs-8\">Quarzglas<\/h4>\n<\/p><\/div>\n<div class=\"row mb20\">\n<div class=\"char_box_l col-sm-6\">\n<h5>Eigenschaft<\/h5>\n<h6>*Ausgezeichneter elektrischer Widerstand bei hohen Temperaturen, temperaturwechselbest\u00e4ndig<\/h6>\n<table class=\"table_style\" cellspacing=\"0\" cellpadding=\"0\">\n<tbody>\n<tr>\n<th class=\"skyblue\">Schmelzpunkt (\u2103)<\/th>\n<td>1700<\/td>\n<\/tr>\n<tr>\n<th class=\"skyblue\">Temperaturwechselbest\u00e4ndigkeit<\/th>\n<td>1000<\/td>\n<\/tr>\n<tr>\n<th class=\"skyblue\">W\u00e4rmeleitf\u00e4higkeit (W\/(m\u30fbK))<\/th>\n<td>1.4<\/td>\n<\/tr>\n<tr>\n<th class=\"skyblue\">W\u00e4rmeausdehnungskoeffizient (\u00d710<sup>-6<\/sup>)<\/th>\n<td>0.5<\/td>\n<\/tr>\n<tr>\n<th class=\"skyblue\">Relative Dichte<\/th>\n<td>2.2<\/td>\n<\/tr>\n<tr>\n<th class=\"skyblue\">Vickers-H\u00e4rte (Hv)(GPa)<\/th>\n<td>9<\/td>\n<\/tr>\n<\/tbody>\n<\/table><\/div>\n<div class=\"char_box_r col-sm-6\">\n<h5>Anwendungen<\/h5>\n<ul>\n<li>\n Optik:<\/p>\n<ul>\n<li>Optische Linse und Prismen<\/li>\n<li>Verschiedene Laserlinsen<br \/>\n                    \n                <\/li>\n<\/ul>\n<\/li>\n<li>Chemie:\n<ul>\n<li>Apparaturen zur L\u00f6sungsmitteldestillation<\/li>\n<li>Komponenten f\u00fcr chemische Laborger\u00e4te<\/li>\n<\/ul>\n<\/li>\n<li>Halbleiterindustrie:\n<ul>\n<li>CVD, diverse Rohre f\u00fcr Diffusionszwecke in Rohr\u00f6fen<\/li>\n<li>Fotomaske und etc.<br \/>\n                  \n                <\/li>\n<\/ul>\n<\/li>\n<\/ul><\/div>\n<\/p><\/div>\n<\/p><\/div>\n<\/section><\/div>\n<\/p><\/div>\n","protected":false},"excerpt":{"rendered":"<p>Werkstoff-Leitfaden &#8211; Werkstoffe und Anwendungen Refrakt\u00e4rmetalle Wolfram (W) Ordnungszahl: 74 Eigenschaft *Hohe Hitzebest\u00e4ndigkeit, hohe W\u00e4rmeleitf\u00e4higkeit, hohe relative Dichte Schmelzpunkt (\u2103) 3387 h\u00f6chster unter allen Metallen W\u00e4rmeleitf\u00e4higkeit (W\/(m\u30fbK)) 172 &nbsp; W\u00e4rmeausdehnungskoeffizient (\u00d710-6) 4.5 niedrigster unter allen Metallen Relative Dichte 19.3 \u00e4hnlich wie Gold Vickers-H\u00e4rte (Hv)(GPa) 4.2 &nbsp; Elastizit\u00e4tsmodul (GPa) 345 &nbsp; Anwendungen Gl\u00fchwendel, Schmelztiegel Heizeins\u00e4tze f\u00fcr Vakuum\u00f6fen Alle Arten von Elektroden f\u00fcr Entladungslampen, elektrische Kontakte W\u00e4rmeabschirmung, WIG-Schwei\u00dfelektroden Komponenten f\u00fcr Halbleiter-Ionen-Implantationsger\u00e4te Sputtertargets Ausgleichsgewicht Molybd\u00e4n (Mo) Ordnungszahl: 42 Eigenschaft *Hitzebest\u00e4ndig, hohe W\u00e4rmeleitf\u00e4higkeit Schmelzpunkt (\u2103) 2623 W\u00e4rmeleitf\u00e4higkeit (W\/(m\u30fbK)) 142 W\u00e4rmeausdehnungskoeffizient (\u00d710-6) 5.3 Relative Dichte 10.2 Vickers-H\u00e4rte (Hv)(GPa) 2.6 Elastizit\u00e4tsmodul (GPa) 276 Anwendungen Beleuchtungselemente, Gl\u00fchdraht f\u00fcr Gl\u00fchbirnen Heizelemente f\u00fcr Hochtemperatur\u00f6fen und Abschirmungen Schmelztiegel, Sinterschiffchen Magnetronteile [&hellip;]<\/p>\n","protected":false},"author":1,"featured_media":0,"parent":9030,"menu_order":0,"comment_status":"closed","ping_status":"closed","template":"page-guide.php","meta":{"om_disable_all_campaigns":false,"_monsterinsights_skip_tracking":false,"_monsterinsights_sitenote_active":false,"_monsterinsights_sitenote_note":"","_monsterinsights_sitenote_category":0,"footnotes":""},"aioseo_notices":[],"_links":{"self":[{"href":"https:\/\/top-seiko.com\/de\/wp-json\/wp\/v2\/pages\/9049"}],"collection":[{"href":"https:\/\/top-seiko.com\/de\/wp-json\/wp\/v2\/pages"}],"about":[{"href":"https:\/\/top-seiko.com\/de\/wp-json\/wp\/v2\/types\/page"}],"author":[{"embeddable":true,"href":"https:\/\/top-seiko.com\/de\/wp-json\/wp\/v2\/users\/1"}],"replies":[{"embeddable":true,"href":"https:\/\/top-seiko.com\/de\/wp-json\/wp\/v2\/comments?post=9049"}],"version-history":[{"count":1,"href":"https:\/\/top-seiko.com\/de\/wp-json\/wp\/v2\/pages\/9049\/revisions"}],"predecessor-version":[{"id":9050,"href":"https:\/\/top-seiko.com\/de\/wp-json\/wp\/v2\/pages\/9049\/revisions\/9050"}],"up":[{"embeddable":true,"href":"https:\/\/top-seiko.com\/de\/wp-json\/wp\/v2\/pages\/9030"}],"wp:attachment":[{"href":"https:\/\/top-seiko.com\/de\/wp-json\/wp\/v2\/media?parent=9049"}],"curies":[{"name":"wp","href":"https:\/\/api.w.org\/{rel}","templated":true}]}}