{"id":9092,"date":"2016-09-08T21:10:09","date_gmt":"2016-09-08T12:10:09","guid":{"rendered":"https:\/\/top-seiko.com\/guide\/materialeigenschaften-und-vergleichsdiagramme\/"},"modified":"2023-04-15T00:30:59","modified_gmt":"2023-04-14T15:30:59","slug":"graph","status":"publish","type":"page","link":"https:\/\/top-seiko.com\/de\/guide\/graph\/","title":{"rendered":"Materialeigenschaften und Vergleichsdiagramme"},"content":{"rendered":"<br \/>\n<article class=\"m-graph\">\n<div class=\"container\">\n<section class=\"graph\">\n<h2 class=\"ttl02\"><span class=\"ja\">Leitfaden f\u00fcr Materialien &#8211; Materialeigenschaften und Vergleichsdiagramme<\/span><\/h2>\n<div class=\"detail_area_in box-shadow\">\n<div class=\"graph_menu row\">\n<ul class=\"row\">\n<li class=\"col-sm-6 col-md-6 col-lg-6 btn_grad_blue\">\n                      <a href=\"..\/..\/common\/pdf\/toku01.pdf\" target=\"_blank\" rel=\"noopener\">Tabelle der Werkstoffeigenschaften von Metallen1<\/a>\n                    <\/li>\n<li class=\"col-sm-6 col-md-6 col-lg-6 btn_grad_blue\">\n                      <a href=\"..\/..\/common\/pdf\/toku02.pdf\" target=\"_blank\" rel=\"noopener\">Tabelle der Werkstoffeigenschaften von Metallen2<\/a>\n                    <\/li>\n<li class=\"col-sm-6 col-md-6 col-lg-6 btn_grad_blue\">\n                      <a href=\"..\/..\/common\/pdf\/toku03.pdf\" target=\"_blank\" rel=\"noopener\">Tabelle der Eigenschaften keramischer Werkstoffe1<\/a>\n                    <\/li>\n<li class=\"col-sm-6 col-md-6 col-lg-6 btn_grad_blue\">\n                      <a href=\"..\/..\/common\/pdf\/toku04.pdf\" target=\"_blank\" rel=\"noopener\">Tabelle der Eigenschaften keramischer Werkstoffe2<\/a>\n                    <\/li>\n<li class=\"col-sm-6 col-md-6 col-lg-6 btn_grad_blue\">\n                      <a href=\"..\/..\/common\/pdf\/toku05.pdf\" target=\"_blank\" rel=\"noopener\">Tabelle der Eigenschaften keramischer Werkstoffe3<\/a>\n                    <\/li>\n<li class=\"col-sm-6 col-md-6 col-lg-6 btn_grad_blue\">\n                      <a href=\"..\/..\/common\/pdf\/toku06.pdf\" target=\"_blank\" rel=\"noopener\">Tabelle der Eigenschaften keramischer Werkstoffe4<\/a>\n                    <\/li>\n<\/ul><\/div>\n<div class=\"specific_gravity mb50\">\n<h3 class=\"ttl03 ttl_grad_blue\">Relative Dichte<\/h3>\n<p>Das nachfolgende Diagramm veranschaulicht die relative Dichte (auch spezifische Dichte) unterschiedlicher Werkstoffe. Sie ergibt sich als die Dichte eines Stoffes im Verh\u00e4ltnis zur Dichte von Wasser. <br \/>\n Die relative Dichte von Keramiken ist weniger als halb so gro\u00df wie die von Metallen. Au\u00dferdem ist Wolfram schwerer als Blei und etwa so schwer wie Gold, was es zu einem ungew\u00f6hnlich dichten Material macht. Daher wird Wolfram zur Abschirmung gegen Strahlung verwendet.\n                  <\/p>\n<div class=\"graph_img\">\n<h5>Vergleichsdiagramm zur relativen Dichte<\/h5>\n<p>                    <img decoding=\"async\" src=\"\/img\/guide\/toku\/graf1.gif\" alt=\"\">\n                  <\/div>\n<\/p><\/div>\n<div class=\"specific_gravity mb50\">\n<h3 class=\"ttl03 ttl_grad_blue\">H\u00e4rte<\/h3>\n<p>Dieses Diagramm vergleicht die Vickers-H\u00e4rte unterschiedlicher Materialien. <br \/>\n Im Vergleich zu \u00fcblicherweise verwendeten Metallen verf\u00fcgen Keramiken \u00fcber eine h\u00f6here H\u00e4rte. Das bedeutet, sie haben eine h\u00f6here Verschlei\u00dffestigkeit und finden daher breite Anwendung als abriebfeste Materialien.\n                  <\/p>\n<div class=\"graph_img\">\n<h5>Vergleichsdiagramm zur H\u00e4rte<\/h5>\n<p>                    <img decoding=\"async\" src=\"\/img\/guide\/toku\/graf2.gif\" alt=\"\">\n                  <\/div>\n<\/p><\/div>\n<div class=\"specific_gravity mb50\">\n<h3 class=\"ttl03 ttl_grad_blue\">E-Modul<\/h3>\n<p>Je h\u00f6her der E-Modul eines Bauteils ist, desto steifer ist dieses und desto besser kann es auftretenden Spannungen standhalten. <br \/>\n Im Vergleich zu anderen Materialien haben Keramiken, Wolfram und Molybd\u00e4n einen hohen E-Modul.\n                  <\/p>\n<div class=\"graph_img\">\n<h5>Vergleichsdiagramm zum E-Modul<\/h5>\n<p>                    <img decoding=\"async\" src=\"\/img\/guide\/toku\/graf3.gif\" alt=\"\">\n                  <\/div>\n<\/p><\/div>\n<div class=\"specific_gravity mb50\">\n<h3 class=\"ttl03 ttl_grad_blue\">Bruchz\u00e4higkeit<\/h3>\n<p>Die Bruchz\u00e4higkeit kennzeichnet den Widerstand eines Materials gegen Risswachstum. <br \/>\n Im Allgemeinen sind Keramiken extrem spr\u00f6de. Zirconiumdioxid jedoch verf\u00fcgt \u00fcber einen vergleichsweise hohe Bruchz\u00e4higkeit und wird daher oft f\u00fcr die Herstellung von K\u00fcchenmessern, Scheren und Abrissbirnen verwendet.\n                  <\/p>\n<div class=\"graph_img\">\n<h5>Vergleichsdiagramm zur Bruchz\u00e4higkeit<\/h5>\n<p>                    <img decoding=\"async\" src=\"\/img\/guide\/toku\/graf4.gif\" alt=\"\">\n                  <\/div>\n<\/p><\/div>\n<div class=\"specific_gravity mb50\">\n<h3 class=\"ttl03 ttl_grad_blue\">Maximale Einsatztemperatur <\/h3>\n<p>Die maximale Einsatztemperatur bestimmt den Temperaturbereich, in dem ein Material verwendet werden kann. Sie variiert je nach Atmosph\u00e4re. Materialien mit einem hohen Schmelzpunkt, wie etwa Wolfram, Molybd\u00e4n und Keramiken, eignen sich f\u00fcr Anwendungen die eine hohe Hitzebest\u00e4ndigkeit ben\u00f6tigen. Zum Beispiel Ofenmaterialien, Tiegel und W\u00e4rmeabschirmungen.\n                  <\/p>\n<div class=\"graph_img\">\n<h5>Vergleichsdiagramm zur maximalen Einsatztemperatur<\/h5>\n<p>                    <img decoding=\"async\" src=\"\/img\/guide\/toku\/graf5.gif\" alt=\"\">\n                  <\/div>\n<\/p><\/div>\n<div class=\"specific_gravity mb50\">\n<h3 class=\"ttl03 ttl_grad_blue\">Temperaturwechselbest\u00e4ndigkeit<\/h3>\n<p>Sie gibt den Temperaturbereich an, in dem ein Werkstoff pl\u00f6tzlichen Temperaturschwankungen standhalten kann. Je h\u00f6her die Temperaturwechselbest\u00e4ndigkeit ist, desto geringer ist die Gefahr, dass ein Werkstoff aufgrund schneller Temperatur\u00e4nderungen versagt. Glas und Keramik brechen bei rapiden Temperaturschwankungen leicht. Bornitrid, Quarz und Siliziumnitrid verf\u00fcgen jedoch \u00fcber eine sehr hohe Temperaturwechselbest\u00e4ndigkeit. Diese Werkstoffe werden h\u00e4ufig in Bauteilen verwendet, die extremen Temperaturschwankungen ausgesetzt sind.\n                  <\/p>\n<div class=\"graph_img\">\n<h5>Vergleichsdiagramm zur Temperaturwechselbest\u00e4ndigkeit<\/h5>\n<p>                    <img decoding=\"async\" src=\"\/img\/guide\/toku\/graf6.gif\" alt=\"\">\n                  <\/div>\n<\/p><\/div>\n<div class=\"specific_gravity mb50\">\n<h3 class=\"ttl03 ttl_grad_blue\">W\u00e4rmeleitf\u00e4higkeit<\/h3>\n<p>Das folgende Diagramm veranschaulicht, wie gut W\u00e4rme durch unterschiedliche Materialien weitergeleitet werden kann. <br \/>\n Bestimmte Keramiken, wie Aluminiumnitrid und Siliciumcarbid besitzen eine hohe W\u00e4rmeleitf\u00e4higkeit, wohingegen andere keramische Werkstoffe wie Zirconiumdioxid eine geringe W\u00e4rmeleitf\u00e4higkeit aufweisen. Wolfram und Molybd\u00e4n leiten W\u00e4rme vergleichsweise gut.\n                  <\/p>\n<div class=\"graph_img\">\n<h5>Vergleichsdiagramm zur W\u00e4rmeleitf\u00e4higkeit<\/h5>\n<p>                    <img decoding=\"async\" src=\"\/img\/guide\/toku\/graf7.gif\" alt=\"\">\n                  <\/div>\n<\/p><\/div>\n<div class=\"specific_gravity mb50\">\n<h3 class=\"ttl03 ttl_grad_blue\">W\u00e4rmeausdehnungskoeffizient<\/h3>\n<p>Dies ist die Ausdehnungsrate eines Materials als Resultat einer Temperatur\u00e4nderung. <br \/>\n Da Keramiken, Wolfram und Molybd\u00e4n geringe W\u00e4rmeausdehnungskoeffizienten besitzen, hat eine Temperatur\u00e4nderung bei diesen Materialien nur eine geringe Formver\u00e4nderung zur Folge.\n                  <\/p>\n<div class=\"graph_img\">\n<h5>Vergleichsdiagramm zur W\u00e4rmeausdehnung<\/h5>\n<p>                    <img decoding=\"async\" src=\"\/img\/guide\/toku\/graf8.gif\" alt=\"\">\n                  <\/div>\n<\/p><\/div>\n<div class=\"specific_gravity mb50\">\n<h3 class=\"ttl03 ttl_grad_blue\">Spezifischer Widerstand<\/h3>\n<p>Der elektrische Widerstand, auch bekannt als Volumenwiderstand, ist die Eigenschaft, die erkl\u00e4rt, wie schwierig es f\u00fcr Elektrizit\u00e4t ist, ein Material zu durchdringen. Allgemein haben Keramiken einen hohen spezifischen Widerstand. Daher werden sie h\u00e4ufig als Isolatoren verwendet. Einige Keramiken, wie beispielsweise SiC, verf\u00fcgen jedoch \u00fcber elektrisch leitende Eigenschaften.\n                  <\/p>\n<div class=\"graph_img\">\n<h5>Vergleichsdiagramm zum spezifischen Widerstand<\/h5>\n<p>                    <img decoding=\"async\" src=\"\/img\/guide\/toku\/graf9.gif\" alt=\"\">\n                  <\/div>\n<\/p><\/div>\n<div class=\"specific_gravity mb50\">\n<h3 class=\"ttl03 ttl_grad_blue\">Relative Permittivit\u00e4t<\/h3>\n<p>Die Permittivit\u00e4t beschreibt, wie viel dielektrische Polarisation in einem Material auftritt, wenn auf dieses ein elektrisches Feld einwirkt. Die relative Permittivit\u00e4t (auch bekannt als Dielektrizit\u00e4tskonstante) ist die Permittivit\u00e4t eines Materials im Verh\u00e4ltnis zur Permittivit\u00e4t des Vakuums. Je kleiner die relative Permittivit\u00e4t ist, desto geringer ist die auftretende dielektrische Polarisation im Material. Somit wird das Material durch umliegende elektrische Felder kaum beeinflusst. Aus diesem Grund findet es breite Anwendung in Anlagen und Maschinen zur Herstellung von Halbleiterprodukten.    <\/p>\n<p>                <!-- \/.specific_gravity --><\/div>\n<div class=\"specific_gravity mb50\">\n<h3 class=\"ttl03 ttl_grad_blue\">Korrosionsbest\u00e4ndigkeit<\/h3>\n<p>Die Korrosionsbest\u00e4ndigkeit beschreibt, wie gut ein Material chemischen oder biologischen Einfl\u00fcssen standhalten kann, ohne dass seine Eigenschaften herabgesetzt oder seine Struktur besch\u00e4digt werden. Aufgrund ihrer hohen Korrosionsbest\u00e4ndigkeit, finden Keramiken Anwendung in Prothesen und diversen anderen korrosionsbest\u00e4ndigen Komponenten. Wolfram ist in \u00e4hnlicher Weise s\u00e4ure- und laugenbest\u00e4ndig wie Keramiken.  <\/p>\n<p>                <!-- \/.specific_gravity --><\/div>\n<div class=\"specific_gravity mb50\">\n<h3 class=\"ttl03 ttl_grad_blue\">Elektrische Leitf\u00e4higkeit<\/h3>\n<p>Die meisten Hochleistungskeramiken sind ausgezeichnete Isolatoren, welche den elektrischen Strom kaum leiten. Abh\u00e4ngig von Spannung und Temperatur k\u00f6nnen einige dieser Keramiken jedoch Halbleitereigenschaften erlangen. <\/p>\n<p>                <!-- \/.specific_gravity --><\/div>\n<div class=\"specific_gravity mb50\">\n<h3 class=\"ttl03 ttl_grad_blue\">Piezoelektrizit\u00e4t<\/h3>\n<p>In einigen Materialien kann durch mechanische Verformung elektrische Spannung entstehen. Umgekehrt, tritt ein inverser Piezoeffekt auf, wenn bei Anlegen einer elektrischen Spannung eine Verformung des Materials erfolgt. Piezoelektrische Keramiken haben eine polykristalline Struktur. Ein Beispiel f\u00fcr piezoelektrisches Material ist Blei-Zirkonat-Titanat (kurz PZT).   <\/p>\n<p>                <!-- \/.specific_gravity --><\/div>\n<\/section>\n<p>            <!-- \/.detail_area_in --><\/div>\n<p>          <!-- container --><\/div>\n<\/article>\n","protected":false},"excerpt":{"rendered":"<p>Leitfaden f\u00fcr Materialien &#8211; Materialeigenschaften und Vergleichsdiagramme Tabelle der Werkstoffeigenschaften von Metallen1 Tabelle der Werkstoffeigenschaften von Metallen2 Tabelle der Eigenschaften keramischer Werkstoffe1 Tabelle der Eigenschaften keramischer Werkstoffe2 Tabelle der Eigenschaften keramischer Werkstoffe3 Tabelle der Eigenschaften keramischer Werkstoffe4 Relative Dichte Das nachfolgende Diagramm veranschaulicht die relative Dichte (auch spezifische Dichte) unterschiedlicher Werkstoffe. Sie ergibt sich als die Dichte eines Stoffes im Verh\u00e4ltnis zur Dichte von Wasser. Die relative Dichte von Keramiken ist weniger als halb so gro\u00df wie die von Metallen. Au\u00dferdem ist Wolfram schwerer als Blei und etwa so schwer wie Gold, was es zu einem ungew\u00f6hnlich dichten Material macht. Daher wird Wolfram zur Abschirmung gegen Strahlung verwendet. Vergleichsdiagramm zur [&hellip;]<\/p>\n","protected":false},"author":1,"featured_media":0,"parent":9030,"menu_order":0,"comment_status":"closed","ping_status":"closed","template":"page-guide.php","meta":{"om_disable_all_campaigns":false,"_monsterinsights_skip_tracking":false,"_monsterinsights_sitenote_active":false,"_monsterinsights_sitenote_note":"","_monsterinsights_sitenote_category":0,"footnotes":""},"aioseo_notices":[],"_links":{"self":[{"href":"https:\/\/top-seiko.com\/de\/wp-json\/wp\/v2\/pages\/9092"}],"collection":[{"href":"https:\/\/top-seiko.com\/de\/wp-json\/wp\/v2\/pages"}],"about":[{"href":"https:\/\/top-seiko.com\/de\/wp-json\/wp\/v2\/types\/page"}],"author":[{"embeddable":true,"href":"https:\/\/top-seiko.com\/de\/wp-json\/wp\/v2\/users\/1"}],"replies":[{"embeddable":true,"href":"https:\/\/top-seiko.com\/de\/wp-json\/wp\/v2\/comments?post=9092"}],"version-history":[{"count":1,"href":"https:\/\/top-seiko.com\/de\/wp-json\/wp\/v2\/pages\/9092\/revisions"}],"predecessor-version":[{"id":9093,"href":"https:\/\/top-seiko.com\/de\/wp-json\/wp\/v2\/pages\/9092\/revisions\/9093"}],"up":[{"embeddable":true,"href":"https:\/\/top-seiko.com\/de\/wp-json\/wp\/v2\/pages\/9030"}],"wp:attachment":[{"href":"https:\/\/top-seiko.com\/de\/wp-json\/wp\/v2\/media?parent=9092"}],"curies":[{"name":"wp","href":"https:\/\/api.w.org\/{rel}","templated":true}]}}