{"id":9114,"date":"2016-09-08T14:34:22","date_gmt":"2016-09-08T05:34:22","guid":{"rendered":"https:\/\/top-seiko.com\/company\/company-profile\/"},"modified":"2025-04-07T17:57:14","modified_gmt":"2025-04-07T08:57:14","slug":"overview","status":"publish","type":"page","link":"https:\/\/top-seiko.com\/de\/company\/overview\/","title":{"rendered":"Unternehmensprofil"},"content":{"rendered":"<article class=\"m-overview\">\n<section class=\"overview\">\n<div class=\"container\">\n<h2 class=\"ttl02\"><span class=\"ja\">Unternehmensprofil<\/span><\/h2>\n<div class=\"detail_area_in box-shadow\">\n<div class=\"parent_image_area mb30\">\n\t\t\t\t\t<img decoding=\"async\" src=\"..\/..\/img\/company\/overview_img01.jpg\" alt=\"\"><\/p>\n<div class=\"frame\"><\/div>\n<p>\t\t\t\t<!-- \/.parent_image_area --><\/div>\n<table class=\"table-responsive2\">\n<tr>\n<th>Name des Unternehmens <\/th>\n<td>Top Seiko Co., Ltd.<\/td>\n<\/tr>\n<tr>\n<th>Gegr\u00fcndet <\/th>\n<td>14. September 2001<\/td>\n<\/tr>\n<tr>\n<th>Kapital<\/th>\n<td>\\20.000.000 JP Yen<\/td>\n<\/tr>\n<tr>\n<th>Standort und Kontaktinformationen<\/th>\n<td><u>Top Seiko Co., Ltd. (Hauptsitz und Fabrik) <\/u><br \/>\n Anschrift: 1197-4 Hosoe-cho, <br \/>\n Nagahama Stadt, Shiga, <br \/>\n 526-0105 Japan <br \/>\n TEL.: +81-(0)749-51-9021 <br \/>\n FAX: +81-(0)749-51-9022<\/p>\n<p>                                                <u>Top Seiko Co., Ltd. (Nishikozaka Fabrik) <\/u><br \/>\n Anschrift: 189 Nishikozaka-cho, <br \/>\n Nagahama Stadt, Shiga, <br \/>\n 526-0803, Japan <br \/>\n TEL.: +81-(0)749-51-9114 <br \/>\n FAX: +81-(0)749-51-9115 <\/td>\n<\/tr>\n<tr>\n<th>Verwaltung<\/th>\n<td>Pr\u00e4sident und CEO: Yoichi Azai<br \/>\n Vizepr\u00e4sident und COO: Takuya Yukawa<br \/>\n Betriebsleiter und CTO: Kazuyuki Nishikawa<br \/>\n Direktor und CFO: Hiromi Tachibana<br \/>\n Direktor (F&amp;E): Kazuya Hiro<br \/>\n Direktor (Vertrieb): Jun Gamo<br \/>\n Konzernrechnungspr\u00fcfer: Kohei Kawamura<\/td>\n<\/tr>\n<tr>\n<th>Mitarbeiter <\/th>\n<td>134 (April\uff0c2025)<\/td>\n<\/tr>\n<tr>\n<th>Gesch\u00e4ftsfeld<\/th>\n<td>Herstellung und Vertrieb von ma\u00dfgefertigten Pr\u00e4zisionsteilen aus ultraharten Materialien wie Glas, technischer Keramik und Refrakt\u00e4rmetallen.<\/td>\n<\/tr>\n<tr>\n<th>Bedeutende Kundenbranchen<\/th>\n<td>Halbleiter und Elektronik, Mess- und Analysetechnik, Medizintechnik, Industrie, Luft- und Raumfahrt, Automobilbau, Luftfahrt, Kernenergie und allgemeine Fertigung.<\/td>\n<\/tr>\n<p><div class=\"_df_thumb \" id=\"df_12145\"  _slug=\"our-brochure\" data-title=\"our-brochure\" wpoptions=\"true\" thumb=\"https:\/\/top-seiko.com\/wp\/wp-content\/uploads\/2024\/06\/company-brochure.png\" thumbtype=\"\" >Our Brochure<\/div><script class=\"df-shortcode-script\" type=\"application\/javascript\">window.option_df_12145 = {\"outline\":[],\"autoEnableOutline\":\"false\",\"autoEnableThumbnail\":\"false\",\"overwritePDFOutline\":\"false\",\"direction\":\"1\",\"pageSize\":\"0\",\"source\":\"https:\\\/\\\/top-seiko.com\\\/wp\\\/wp-content\\\/uploads\\\/2024\\\/06\\\/TOP_SEIKO_Brochure_Rev.1.pdf\",\"wpOptions\":\"true\"}; if(window.DFLIP && window.DFLIP.parseBooks){window.DFLIP.parseBooks();}<\/script><br \/>\n\t\t\t\t<\/table>\n<p>\t\t\t<!-- \/.detail_area_in --><\/div>\n<p>\t\t<!-- container --><\/div>\n<p>\t<!-- overview --><\/section>\n<\/article>\n","protected":false},"excerpt":{"rendered":"<p>Unternehmensprofil Name des Unternehmens Top Seiko Co., Ltd. Gegr\u00fcndet 14. September 2001 Kapital \\20.000.000 JP Yen Standort und Kontaktinformationen Top Seiko Co., Ltd. (Hauptsitz und Fabrik) Anschrift: 1197-4 Hosoe-cho, Nagahama Stadt, Shiga, 526-0105 Japan TEL.: +81-(0)749-51-9021 FAX: +81-(0)749-51-9022 Top Seiko Co., Ltd. (Nishikozaka Fabrik) Anschrift: 189 Nishikozaka-cho, Nagahama Stadt, Shiga, 526-0803, Japan TEL.: +81-(0)749-51-9114 FAX: +81-(0)749-51-9115 Verwaltung Pr\u00e4sident und CEO: Yoichi Azai Vizepr\u00e4sident und COO: Takuya Yukawa Betriebsleiter und CTO: Kazuyuki Nishikawa Direktor und CFO: Hiromi Tachibana Direktor (F&amp;E): Kazuya Hiro Direktor (Vertrieb): Jun Gamo Konzernrechnungspr\u00fcfer: Kohei Kawamura Mitarbeiter 134 (April\uff0c2025) Gesch\u00e4ftsfeld Herstellung und Vertrieb von ma\u00dfgefertigten Pr\u00e4zisionsteilen aus ultraharten Materialien wie Glas, technischer Keramik und Refrakt\u00e4rmetallen. Bedeutende Kundenbranchen Halbleiter [&hellip;]<\/p>\n","protected":false},"author":1,"featured_media":0,"parent":8511,"menu_order":0,"comment_status":"closed","ping_status":"closed","template":"page-child-company.php","meta":{"om_disable_all_campaigns":false,"_monsterinsights_skip_tracking":false,"_monsterinsights_sitenote_active":false,"_monsterinsights_sitenote_note":"","_monsterinsights_sitenote_category":0,"footnotes":""},"aioseo_notices":[],"_links":{"self":[{"href":"https:\/\/top-seiko.com\/de\/wp-json\/wp\/v2\/pages\/9114"}],"collection":[{"href":"https:\/\/top-seiko.com\/de\/wp-json\/wp\/v2\/pages"}],"about":[{"href":"https:\/\/top-seiko.com\/de\/wp-json\/wp\/v2\/types\/page"}],"author":[{"embeddable":true,"href":"https:\/\/top-seiko.com\/de\/wp-json\/wp\/v2\/users\/1"}],"replies":[{"embeddable":true,"href":"https:\/\/top-seiko.com\/de\/wp-json\/wp\/v2\/comments?post=9114"}],"version-history":[{"count":10,"href":"https:\/\/top-seiko.com\/de\/wp-json\/wp\/v2\/pages\/9114\/revisions"}],"predecessor-version":[{"id":13469,"href":"https:\/\/top-seiko.com\/de\/wp-json\/wp\/v2\/pages\/9114\/revisions\/13469"}],"up":[{"embeddable":true,"href":"https:\/\/top-seiko.com\/de\/wp-json\/wp\/v2\/pages\/8511"}],"wp:attachment":[{"href":"https:\/\/top-seiko.com\/de\/wp-json\/wp\/v2\/media?parent=9114"}],"curies":[{"name":"wp","href":"https:\/\/api.w.org\/{rel}","templated":true}]}}