{"id":9122,"date":"2016-09-09T16:59:36","date_gmt":"2016-09-09T07:59:36","guid":{"rendered":"https:\/\/top-seiko.com\/company\/company-history\/"},"modified":"2023-09-05T13:55:41","modified_gmt":"2023-09-05T04:55:41","slug":"history","status":"publish","type":"page","link":"https:\/\/top-seiko.com\/de\/company\/history\/","title":{"rendered":"Unternehmensgeschichte"},"content":{"rendered":"<article class=\"m-overview\">\n<section class=\"overview\">\n<div class=\"container\">\n<h2 class=\"ttl02\"><span class=\"ja\">Unternehmensgeschichte<\/span><\/h2>\n<div class=\"detail_area_in box-shadow\">\n<table class=\"table-responsive2\">\n<tr>\n<th>Sept. 2001<\/th>\n<td>Unternehmensgr\u00fcndung Top Seiko Co., Ltd.<\/td>\n<\/tr>\n<tr>\n<th>M\u00e4rz 2002<\/th>\n<td>Bau einer neuen Betriebsst\u00e4tte in Otsumicho, Nagahama Stadt, Pr\u00e4fektur Shiga<\/td>\n<\/tr>\n<tr>\n<th>Juni 2004<\/th>\n<td>Erweiterung des Firmengeb\u00e4udes<\/td>\n<\/tr>\n<tr>\n<th>Sept. 2005<\/th>\n<td>Vorbereitung der ISO 9001 Zertifizierung<\/td>\n<\/tr>\n<tr>\n<th>Aug. 2006<\/th>\n<td>Erneute Erweiterung des Firmengeb\u00e4udes<\/td>\n<\/tr>\n<tr>\n<th>Aug. 2006<\/th>\n<td>Top Seiko erh\u00e4lt die Zertifizierung ISO 9001:2000 \/ JISQ 9001:2000 Zertifizierung.<\/td>\n<\/tr>\n<tr>\n<th>Oct. 2008<\/th>\n<td>Neubau und Hauptsitzverlegung in das Werk in Hosoecho, Nagahama Stadt<\/td>\n<\/tr>\n<tr>\n<th>Mar. 2012<\/th>\n<td>Teilnahme am staatlichen F\u00f6rderprojekt f\u00fcr zukunftstr\u00e4chtige Unternehmen<\/td>\n<\/tr>\n<tr>\n<th>Sept. 2012<\/th>\n<td>Abschluss des staatlichen F\u00f6rderprojekts<\/td>\n<\/tr>\n<tr>\n<th>June 2013<\/th>\n<td>Erstmalige Teilnahme an der 17th Mechanical Components and Materials Technology Expo<\/td>\n<\/tr>\n<tr>\n<th>Mai 2015<\/th>\n<td>Auftritt in der NHK TV-Sendung \u201eChozetsu Sugo Waza! (Verbl\u00fcffende Techniken!)\u201c<\/td>\n<\/tr>\n<tr>\n<th>April 2017<\/th>\n<td>Erweiterung der Hauptniederlassung (Fl\u00e4che: ca. 3.000 \u33a1)<\/td>\n<\/tr>\n<tr>\n<th>Dez. 2018<\/th>\n<td>Erstmalige Teilnahme an der 3. Advanced Ceramics Expo (Makuhari Messe)<\/td>\n<\/tr>\n<tr>\n<th>Sept. 2021<\/th>\n<td>Erweiterung des Hauptsitzes und der Fabrik (2-st\u00f6ckiges Geb\u00e4ude mit einer Gesamtfl\u00e4che von 2.500 \u33a1)<\/td>\n<\/tr>\n<tr>\n<th>April. 2022<\/th>\n<td>Erh\u00f6hung der Zahl der Besch\u00e4ftigten auf 100<\/td>\n<\/tr>\n<tr>\n<th>Januar. 2023<\/th>\n<td>Gr\u00fcndung der Tochtergesellschaft &#8220;Top Seiko USA, Inc.&#8221; in den Vereinigten Staaten<\/td>\n<\/tr>\n<tr>\n<th>Oct. 2023<\/th>\n<td>Bau einer neuen Fabrik (2-st\u00f6ckiges Geb\u00e4ude mit einer Gesamtfl\u00e4che von 6.400 \u33a1)<\/td>\n<\/tr>\n<\/table>\n<p>\t\t\t<!-- \/.detail_area_in.box-shadow --><\/div>\n<p>\t\t<!-- container --><\/div>\n<p>\t<!-- overview --><\/section>\n<\/article>\n","protected":false},"excerpt":{"rendered":"<p>Unternehmensgeschichte Sept. 2001 Unternehmensgr\u00fcndung Top Seiko Co., Ltd. M\u00e4rz 2002 Bau einer neuen Betriebsst\u00e4tte in Otsumicho, Nagahama Stadt, Pr\u00e4fektur Shiga Juni 2004 Erweiterung des Firmengeb\u00e4udes Sept. 2005 Vorbereitung der ISO 9001 Zertifizierung Aug. 2006 Erneute Erweiterung des Firmengeb\u00e4udes Aug. 2006 Top Seiko erh\u00e4lt die Zertifizierung ISO 9001:2000 \/ JISQ 9001:2000 Zertifizierung. Oct. 2008 Neubau und Hauptsitzverlegung in das Werk in Hosoecho, Nagahama Stadt Mar. 2012 Teilnahme am staatlichen F\u00f6rderprojekt f\u00fcr zukunftstr\u00e4chtige Unternehmen Sept. 2012 Abschluss des staatlichen F\u00f6rderprojekts June 2013 Erstmalige Teilnahme an der 17th Mechanical Components and Materials Technology Expo Mai 2015 Auftritt in der NHK TV-Sendung \u201eChozetsu Sugo Waza! (Verbl\u00fcffende Techniken!)\u201c April 2017 Erweiterung der Hauptniederlassung (Fl\u00e4che: ca. [&hellip;]<\/p>\n","protected":false},"author":1,"featured_media":0,"parent":8511,"menu_order":0,"comment_status":"closed","ping_status":"closed","template":"page-child-company.php","meta":{"om_disable_all_campaigns":false,"_monsterinsights_skip_tracking":false,"_monsterinsights_sitenote_active":false,"_monsterinsights_sitenote_note":"","_monsterinsights_sitenote_category":0,"footnotes":""},"aioseo_notices":[],"_links":{"self":[{"href":"https:\/\/top-seiko.com\/de\/wp-json\/wp\/v2\/pages\/9122"}],"collection":[{"href":"https:\/\/top-seiko.com\/de\/wp-json\/wp\/v2\/pages"}],"about":[{"href":"https:\/\/top-seiko.com\/de\/wp-json\/wp\/v2\/types\/page"}],"author":[{"embeddable":true,"href":"https:\/\/top-seiko.com\/de\/wp-json\/wp\/v2\/users\/1"}],"replies":[{"embeddable":true,"href":"https:\/\/top-seiko.com\/de\/wp-json\/wp\/v2\/comments?post=9122"}],"version-history":[{"count":5,"href":"https:\/\/top-seiko.com\/de\/wp-json\/wp\/v2\/pages\/9122\/revisions"}],"predecessor-version":[{"id":9686,"href":"https:\/\/top-seiko.com\/de\/wp-json\/wp\/v2\/pages\/9122\/revisions\/9686"}],"up":[{"embeddable":true,"href":"https:\/\/top-seiko.com\/de\/wp-json\/wp\/v2\/pages\/8511"}],"wp:attachment":[{"href":"https:\/\/top-seiko.com\/de\/wp-json\/wp\/v2\/media?parent=9122"}],"curies":[{"name":"wp","href":"https:\/\/api.w.org\/{rel}","templated":true}]}}