{"id":10166,"date":"2023-10-26T14:11:05","date_gmt":"2023-10-26T05:11:05","guid":{"rendered":"https:\/\/top-seiko.com\/technology\/soldadura-por-difusion\/"},"modified":"2023-11-16T19:00:15","modified_gmt":"2023-11-16T10:00:15","slug":"tech05","status":"publish","type":"page","link":"https:\/\/top-seiko.com\/es\/technology\/tech05\/","title":{"rendered":"Soldadura por difusi\u00f3n"},"content":{"rendered":"<br \/>\n<article class=\"m-tech04\">\n\t\t\t\t\t<!-- \u52a0\u5de5\u6280\u8853\u7d39\u4ecb --><\/p>\n<section class=\"technology\">\n<div class=\"container\">\n<h2 class=\"ttl01\"><span class=\"ja\">Soldadura por difusi\u00f3n<\/span><\/h2>\n<div class=\"contents_top box-shadow row\">\n<div class=\"contents_top_text col-sm-7\">\n<h4>Convirtiendo formas imposibles en realidad.<\/h4>\n<p>Cada a\u00f1o, la demanda de formas mecanizadas altamente precisas y complejas sigue aumentando. Estas formas son esenciales para mejorar el rendimiento de los equipos en los que se integran. <\/p>\n<p> Adem\u00e1s de nuestras capacidades tradicionales de mecanizado de precisi\u00f3n, estamos desarrollando activamente la tecnolog\u00eda de soldadura por difusi\u00f3n para satisfacer la creciente demanda de un mayor rendimiento. A diferencia de los adhesivos o la soldadura fuerte, la soldadura por difusi\u00f3n ofrece una uni\u00f3n directa, eliminando preocupaciones sobre diferencias en la resistencia al calor o los coeficientes de expansi\u00f3n lineal. Esta tecnolog\u00eda tambi\u00e9n facilita la creaci\u00f3n de trayectorias internas para refrigerante y gases, lo que permite el dise\u00f1o de formas y soluciones innovadoras.<br \/>\n\t\t\t\t\t\t\t\t\t\t<br \/>\n Al combinar nuestra amplia experiencia en mecanizado de precisi\u00f3n con nuestra reci\u00e9n introducida tecnolog\u00eda de uni\u00f3n, ahora somos capaces de lograr formas que antes eran dif\u00edciles de realizar, contribuyendo significativamente a resolver los desaf\u00edos t\u00e9cnicos de nuestros clientes.<\/p>\n<\/p><\/div>\n<div class=\"contents_img img_frame col-sm-5 tC\">\n\t\t\t\t\t\t\t\t\t<img decoding=\"async\" src=\"\/img\/technology\/tech05\/tech05_img01.jpg\" alt=\"\"><\/p>\n<div class=\"frame\"><\/div>\n<\/p><\/div>\n<p>\t\t\t\t\t\t\t<!-- \/.contents_top --><\/div>\n<div class=\"detail_area_in box-shadow\">\n<table class=\"processing_table table-responsive2\">\n<tr>\n<th>Materiales<\/th>\n<td>\n &#8220;Difusiones realizadas: Molibdeno, N\u00edquel, Vidrio de Cuarzo, SiSiC, Al\u00famina, Silicio Columnar&#8217;. (*Son difusiones de los mismos materiales).<br \/>\n<br \/>\n(*Tambi\u00e9n estamos experimentando con otros materiales).&#8221;\n\t\t\t\t\t\t\t\t\t\t<\/td>\n<\/tr>\n<tr>\n<th>\u00cdndice de fuga de helio<\/th>\n<td>\n Por debajo de 1.0\u00d710^-9 [Pa\u00b7m^3\/sec], se ha logrado con piezas de prueba para cualquiera de los materiales mencionados anteriormente.[Pa\u00b7m^3\/sec]<br \/>\n(Detector de fugas de helio instalado, capaz de medir hasta 1.0\u00d710^-11 [Pa\u00b7m^3\/sec])[Pa\u00b7m^3\/sec]\n\t\t\t\t\t\t\t\t\t\t<\/td>\n<\/tr>\n<\/table>\n<div class=\"processing_work\">\n<h3 class=\"ttl03\">Ejemplos de productos<\/h3>\n<h4 class=\"ttl04 ml15\">N\u00edquel<\/h4>\n<p class=\"ml15\">N\u00edquel, \u00f8310, 3 canales de flujo internos, soldadura por difusi\u00f3n<\/p>\n<ul class=\"row\">\n<li class=\"col-sm-3 col-lg-3 col-xs-6\">\n\t\t\t\t\t\t\t\t\t\t\t<a href=\"\/img\/technology\/tech05\/case01.jpg\" data-lightbox=\"tech05\" data-title=\"\u52a0\u5de5\u4e8b\u4f8b\"><br \/>\n\t\t\t\t\t\t\t\t\t\t\t\t<img decoding=\"async\" src=\"\/img\/technology\/tech05\/case01.jpg\" alt=\"\"><br \/>\n\t\t\t\t\t\t\t\t\t\t\t<\/a>\n\t\t\t\t\t\t\t\t\t\t<\/li>\n<li class=\"col-sm-3 col-lg-3 col-xs-6\">\n\t\t\t\t\t\t\t\t\t\t\t<a href=\"\/img\/technology\/tech05\/case02.jpg\" data-lightbox=\"tech05\" data-title=\"\u52a0\u5de5\u4e8b\u4f8b\"><br \/>\n\t\t\t\t\t\t\t\t\t\t\t\t<img decoding=\"async\" src=\"\/img\/technology\/tech05\/case02.jpg\" alt=\"\"><br \/>\n\t\t\t\t\t\t\t\t\t\t\t<\/a>\n\t\t\t\t\t\t\t\t\t\t<\/li>\n<li class=\"col-sm-3 col-lg-3 col-xs-6\">\n\t\t\t\t\t\t\t\t\t\t\t<a href=\"\/img\/technology\/tech05\/case03.jpg\" data-lightbox=\"tech05\" data-title=\"\u52a0\u5de5\u4e8b\u4f8b\"><br \/>\n\t\t\t\t\t\t\t\t\t\t\t\t<img decoding=\"async\" src=\"\/img\/technology\/tech05\/case03.jpg\" alt=\"\"><br \/>\n\t\t\t\t\t\t\t\t\t\t\t<\/a>\n\t\t\t\t\t\t\t\t\t\t<\/li>\n<\/ul>\n<h4 class=\"ttl04 ml15\">SiSiC<\/h4>\n<p class=\"ml15\">\u03c6300mm, 3 piezas soldadas, ranuras de refrigeraci\u00f3n, agujeros laterales<\/p>\n<ul class=\"row\">\n<li class=\"col-sm-3 col-lg-3 col-xs-6\">\n\t\t\t\t\t\t\t\t\t\t\t<a href=\"\/img\/technology\/tech05\/case04.jpg\" data-lightbox=\"tech05\" data-title=\"\u52a0\u5de5\u4e8b\u4f8b\"><br \/>\n\t\t\t\t\t\t\t\t\t\t\t\t<img decoding=\"async\" src=\"\/img\/technology\/tech05\/case04.jpg\" alt=\"\"><br \/>\n\t\t\t\t\t\t\t\t\t\t\t<\/a>\n\t\t\t\t\t\t\t\t\t\t<\/li>\n<li class=\"col-sm-3 col-lg-3 col-xs-6\">\n\t\t\t\t\t\t\t\t\t\t\t<a href=\"\/img\/technology\/tech05\/case05.jpg\" data-lightbox=\"tech05\" data-title=\"\u52a0\u5de5\u4e8b\u4f8b\"><br \/>\n\t\t\t\t\t\t\t\t\t\t\t\t<img decoding=\"async\" src=\"\/img\/technology\/tech05\/case05.jpg\" alt=\"\"><br \/>\n\t\t\t\t\t\t\t\t\t\t\t<\/a>\n\t\t\t\t\t\t\t\t\t\t<\/li>\n<\/ul>\n<h4 class=\"ttl04 ml15\">Cristal de cuarzo<\/h4>\n<p class=\"ml15\">\u00f8390mm, 2 piezas combinadas, canal de flujo interno, orificios laterales<\/p>\n<ul class=\"row\">\n<li class=\"col-sm-3 col-lg-3 col-xs-6\">\n\t\t\t\t\t\t\t\t\t\t\t<a href=\"\/img\/technology\/tech05\/case06.jpg\" data-lightbox=\"tech05\" data-title=\"\u52a0\u5de5\u4e8b\u4f8b\"><br \/>\n\t\t\t\t\t\t\t\t\t\t\t\t<img decoding=\"async\" src=\"\/img\/technology\/tech05\/case06.jpg\" alt=\"\"><br \/>\n\t\t\t\t\t\t\t\t\t\t\t<\/a>\n\t\t\t\t\t\t\t\t\t\t<\/li>\n<li class=\"col-sm-3 col-lg-3 col-xs-6\">\n\t\t\t\t\t\t\t\t\t\t\t<a href=\"\/img\/technology\/tech05\/case07.jpg\" data-lightbox=\"tech05\" data-title=\"\u52a0\u5de5\u4e8b\u4f8b\"><br \/>\n\t\t\t\t\t\t\t\t\t\t\t\t<img decoding=\"async\" src=\"\/img\/technology\/tech05\/case07.jpg\" alt=\"\"><br \/>\n\t\t\t\t\t\t\t\t\t\t\t<\/a>\n\t\t\t\t\t\t\t\t\t\t<\/li>\n<li class=\"col-sm-3 col-lg-3 col-xs-6\">\n\t\t\t\t\t\t\t\t\t\t\t<a href=\"\/img\/technology\/tech05\/case08.jpg\" data-lightbox=\"tech05\" data-title=\"\u52a0\u5de5\u4e8b\u4f8b\"><br \/>\n\t\t\t\t\t\t\t\t\t\t\t\t<img decoding=\"async\" src=\"\/img\/technology\/tech05\/case08.jpg\" alt=\"\"><br \/>\n\t\t\t\t\t\t\t\t\t\t\t<\/a>\n\t\t\t\t\t\t\t\t\t\t<\/li>\n<\/ul>\n<h4 class=\"ttl04 ml15\">SiSiC<\/h4>\n<p class=\"ml15\">\u03c6390mm, 2 piezas soldadas, canal interior, orificios laterales. <br \/>*Resultado de la medici\u00f3n de fugas de helio en el canal interior: 6,0&#215;10-12Pa-m3\/seg o menos (valor objetivo alcanzado).<\/p>\n<ul class=\"row\">\n<li class=\"col-sm-3 col-lg-3 col-xs-6\">\n\t\t\t\t\t\t\t\t\t\t\t<a href=\"\/img\/technology\/tech05\/case09.jpg\" data-lightbox=\"tech05\" data-title=\"\u52a0\u5de5\u4e8b\u4f8b\"><br \/>\n\t\t\t\t\t\t\t\t\t\t\t\t<img decoding=\"async\" src=\"\/img\/technology\/tech05\/case09.jpg\" alt=\"\"><br \/>\n\t\t\t\t\t\t\t\t\t\t\t<\/a>\n\t\t\t\t\t\t\t\t\t\t<\/li>\n<li class=\"col-sm-3 col-lg-3 col-xs-6\">\n\t\t\t\t\t\t\t\t\t\t\t<a href=\"\/img\/technology\/tech05\/case10.jpg\" data-lightbox=\"tech05\" data-title=\"\u52a0\u5de5\u4e8b\u4f8b\"><br \/>\n\t\t\t\t\t\t\t\t\t\t\t\t<img decoding=\"async\" src=\"\/img\/technology\/tech05\/case10.jpg\" alt=\"\"><br \/>\n\t\t\t\t\t\t\t\t\t\t\t<\/a>\n\t\t\t\t\t\t\t\t\t\t<\/li>\n<li class=\"col-sm-3 col-lg-3 col-xs-6\">\n\t\t\t\t\t\t\t\t\t\t\t<a href=\"\/img\/technology\/tech05\/case11.jpg\" data-lightbox=\"tech05\" data-title=\"\u52a0\u5de5\u4e8b\u4f8b\"><br \/>\n\t\t\t\t\t\t\t\t\t\t\t\t<img decoding=\"async\" src=\"\/img\/technology\/tech05\/case11.jpg\" alt=\"\"><br \/>\n\t\t\t\t\t\t\t\t\t\t\t<\/a>\n\t\t\t\t\t\t\t\t\t\t<\/li>\n<\/ul>\n<h4 class=\"ttl04 ml15\">Alumina<\/h4>\n<p class=\"ml15\">50x100mm, 2 piezas soldadas, canales de flujo internos<\/p>\n<ul class=\"row\">\n<li class=\"col-sm-3 col-lg-3 col-xs-6\">\n\t\t\t\t\t\t\t\t\t\t\t<a href=\"\/img\/technology\/tech05\/case12.jpg\" data-lightbox=\"tech05\" data-title=\"\u52a0\u5de5\u4e8b\u4f8b\"><br \/>\n\t\t\t\t\t\t\t\t\t\t\t\t<img decoding=\"async\" src=\"\/img\/technology\/tech05\/case12.jpg\" alt=\"\"><br \/>\n\t\t\t\t\t\t\t\t\t\t\t<\/a>\n\t\t\t\t\t\t\t\t\t\t<\/li>\n<li class=\"col-sm-3 col-lg-3 col-xs-6\">\n\t\t\t\t\t\t\t\t\t\t\t<a href=\"\/img\/technology\/tech05\/case13.jpg\" data-lightbox=\"tech05\" data-title=\"\u52a0\u5de5\u4e8b\u4f8b\"><br \/>\n\t\t\t\t\t\t\t\t\t\t\t\t<img decoding=\"async\" src=\"\/img\/technology\/tech05\/case13.jpg\" alt=\"\"><br \/>\n\t\t\t\t\t\t\t\t\t\t\t<\/a>\n\t\t\t\t\t\t\t\t\t\t<\/li>\n<li class=\"col-sm-3 col-lg-3 col-xs-6\">\n\t\t\t\t\t\t\t\t\t\t\t<a href=\"\/img\/technology\/tech05\/case14.jpg\" data-lightbox=\"tech05\" data-title=\"\u52a0\u5de5\u4e8b\u4f8b\"><br \/>\n\t\t\t\t\t\t\t\t\t\t\t\t<img decoding=\"async\" src=\"\/img\/technology\/tech05\/case14.jpg\" alt=\"\"><br \/>\n\t\t\t\t\t\t\t\t\t\t\t<\/a>\n\t\t\t\t\t\t\t\t\t\t<\/li>\n<\/ul>\n<h4 class=\"ttl04 ml15\">Molibdeno<\/h4>\n<p class=\"ml15\">\u03c6270mm, 2 piezas soldadas, canales de flujo internos. Resultado de la medici\u00f3n de la fuga de helio en los canales internos: 5,0&#215;10-11Pa-m3\/seg o menos (valor objetivo alcanzado).\n <\/p>\n<ul class=\"row\">\n<li class=\"col-sm-3 col-lg-3 col-xs-6\">\n\t\t\t\t\t\t\t\t\t\t\t<a href=\"\/img\/technology\/tech05\/case15.jpg\" data-lightbox=\"tech05\" data-title=\"\u52a0\u5de5\u4e8b\u4f8b\"><br \/>\n\t\t\t\t\t\t\t\t\t\t\t\t<img decoding=\"async\" src=\"\/img\/technology\/tech05\/case15.jpg\" alt=\"\"><br \/>\n\t\t\t\t\t\t\t\t\t\t\t<\/a>\n\t\t\t\t\t\t\t\t\t\t<\/li>\n<li class=\"col-sm-3 col-lg-3 col-xs-6\">\n\t\t\t\t\t\t\t\t\t\t\t<a href=\"\/img\/technology\/tech05\/case16.jpg\" data-lightbox=\"tech05\" data-title=\"\u52a0\u5de5\u4e8b\u4f8b\"><br \/>\n\t\t\t\t\t\t\t\t\t\t\t\t<img decoding=\"async\" src=\"\/img\/technology\/tech05\/case16.jpg\" alt=\"\"><br \/>\n\t\t\t\t\t\t\t\t\t\t\t<\/a>\n\t\t\t\t\t\t\t\t\t\t<\/li>\n<li class=\"col-sm-3 col-lg-3 col-xs-6\">\n\t\t\t\t\t\t\t\t\t\t\t<a href=\"\/img\/technology\/tech05\/case17.jpg\" data-lightbox=\"tech05\" data-title=\"\u52a0\u5de5\u4e8b\u4f8b\"><br \/>\n\t\t\t\t\t\t\t\t\t\t\t\t<img decoding=\"async\" src=\"\/img\/technology\/tech05\/case17.jpg\" alt=\"\"><br \/>\n\t\t\t\t\t\t\t\t\t\t\t<\/a>\n\t\t\t\t\t\t\t\t\t\t<\/li>\n<\/ul>\n<h4 class=\"ttl04 ml15\">Cristal de cuarzo<\/h4>\n<p class=\"ml15\">\u03c696mm, 3 piezas soldadas, 2 canales internos<\/p>\n<ul class=\"row\">\n<li class=\"col-sm-3 col-lg-3 col-xs-6\">\n\t\t\t\t\t\t\t\t\t\t\t<a href=\"\/img\/technology\/tech05\/case18.jpg\" data-lightbox=\"tech05\" data-title=\"\u52a0\u5de5\u4e8b\u4f8b\"><br \/>\n\t\t\t\t\t\t\t\t\t\t\t\t<img decoding=\"async\" src=\"\/img\/technology\/tech05\/case18.jpg\" alt=\"\"><br \/>\n\t\t\t\t\t\t\t\t\t\t\t<\/a>\n\t\t\t\t\t\t\t\t\t\t<\/li>\n<li class=\"col-sm-3 col-lg-3 col-xs-6\">\n\t\t\t\t\t\t\t\t\t\t\t<a href=\"\/img\/technology\/tech05\/case19.jpg\" data-lightbox=\"tech05\" data-title=\"\u52a0\u5de5\u4e8b\u4f8b\"><br \/>\n\t\t\t\t\t\t\t\t\t\t\t\t<img decoding=\"async\" src=\"\/img\/technology\/tech05\/case19.jpg\" alt=\"\"><br \/>\n\t\t\t\t\t\t\t\t\t\t\t<\/a>\n\t\t\t\t\t\t\t\t\t\t<\/li>\n<li class=\"col-sm-3 col-lg-3 col-xs-6\">\n\t\t\t\t\t\t\t\t\t\t\t<a href=\"\/img\/technology\/tech05\/case20.jpg\" data-lightbox=\"tech05\" data-title=\"\u52a0\u5de5\u4e8b\u4f8b\"><br \/>\n\t\t\t\t\t\t\t\t\t\t\t\t<img decoding=\"async\" src=\"\/img\/technology\/tech05\/case20.jpg\" alt=\"\"><br \/>\n\t\t\t\t\t\t\t\t\t\t\t<\/a>\n\t\t\t\t\t\t\t\t\t\t<\/li>\n<\/ul><\/div>\n<p>\t\t\t\t\t\t\t<!-- detail_area_in --><\/div>\n<\/p><\/div>\n<p>\t\t\t\t\t\t<!-- container --><\/div>\n<\/section>\n<\/article>\n","protected":false},"excerpt":{"rendered":"<p>Soldadura por difusi\u00f3n Convirtiendo formas imposibles en realidad. Cada a\u00f1o, la demanda de formas mecanizadas altamente precisas y complejas sigue aumentando. Estas formas son esenciales para mejorar el rendimiento de los equipos en los que se integran. Adem\u00e1s de nuestras capacidades tradicionales de mecanizado de precisi\u00f3n, estamos desarrollando activamente la tecnolog\u00eda de soldadura por difusi\u00f3n para satisfacer la creciente demanda de un mayor rendimiento. A diferencia de los adhesivos o la soldadura fuerte, la soldadura por difusi\u00f3n ofrece una uni\u00f3n directa, eliminando preocupaciones sobre diferencias en la resistencia al calor o los coeficientes de expansi\u00f3n lineal. Esta tecnolog\u00eda tambi\u00e9n facilita la creaci\u00f3n de trayectorias internas para refrigerante y gases, lo [&hellip;]<\/p>\n","protected":false},"author":1,"featured_media":0,"parent":8564,"menu_order":0,"comment_status":"closed","ping_status":"closed","template":"","meta":{"om_disable_all_campaigns":false,"_monsterinsights_skip_tracking":false,"_monsterinsights_sitenote_active":false,"_monsterinsights_sitenote_note":"","_monsterinsights_sitenote_category":0,"footnotes":""},"aioseo_notices":[],"_links":{"self":[{"href":"https:\/\/top-seiko.com\/es\/wp-json\/wp\/v2\/pages\/10166"}],"collection":[{"href":"https:\/\/top-seiko.com\/es\/wp-json\/wp\/v2\/pages"}],"about":[{"href":"https:\/\/top-seiko.com\/es\/wp-json\/wp\/v2\/types\/page"}],"author":[{"embeddable":true,"href":"https:\/\/top-seiko.com\/es\/wp-json\/wp\/v2\/users\/1"}],"replies":[{"embeddable":true,"href":"https:\/\/top-seiko.com\/es\/wp-json\/wp\/v2\/comments?post=10166"}],"version-history":[{"count":3,"href":"https:\/\/top-seiko.com\/es\/wp-json\/wp\/v2\/pages\/10166\/revisions"}],"predecessor-version":[{"id":10171,"href":"https:\/\/top-seiko.com\/es\/wp-json\/wp\/v2\/pages\/10166\/revisions\/10171"}],"up":[{"embeddable":true,"href":"https:\/\/top-seiko.com\/es\/wp-json\/wp\/v2\/pages\/8564"}],"wp:attachment":[{"href":"https:\/\/top-seiko.com\/es\/wp-json\/wp\/v2\/media?parent=10166"}],"curies":[{"name":"wp","href":"https:\/\/api.w.org\/{rel}","templated":true}]}}