{"id":11655,"date":"2024-03-29T16:49:49","date_gmt":"2024-03-29T07:49:49","guid":{"rendered":"https:\/\/top-seiko.com\/test240401\/"},"modified":"2025-04-09T18:31:49","modified_gmt":"2025-04-09T09:31:49","slug":"test240401","status":"publish","type":"page","link":"https:\/\/top-seiko.com\/es\/","title":{"rendered":"Top Seiko &#8211; Mecanizado de Precisi\u00f3n en Materiales Dif\u00edciles"},"content":{"rendered":"<article class=\"m-index -innov\">\n<section class=\"section01\">\n<div class=\"container\">\n<div class=\"row\">\n<div class=\"img col-xs-12 col-sm-4 col-md-4 col-lg-4\"><img decoding=\"async\" src=\"https:\/\/top-seiko.com\/img\/en_innov\/body_img01.png\" srcset=\"https:\/\/top-seiko.com\/img\/en_innov\/body_img01.png 1x, https:\/\/top-seiko.com\/img\/en_innov\/body_img01@2x.png 2x\" alt=\"\"><\/div>\n<div class=\"text col-xs-12 col-sm-6 col-md-6 col-lg-6\">\n<h3>PODER DE CREACI\u00d3N<\/h3>\n<p>Estamos orgullosos de nuestras capacidades t\u00e9cnicas de primer nivel entre los fabricantes de cer\u00e1mica y metales de punto de fusi\u00f3n alto en t\u00e9rminos de precisi\u00f3n dimensional y geom\u00e9trica. No hay l\u00edmite para la precisi\u00f3n exigida por nuestros clientes, que se est\u00e1 volviendo cada vez m\u00e1s sofisticada a medida que cambian el tiempo y la tecnolog\u00eda. Para estar a la altura de tales demandas, estamos constantemente buscando un mecanizado de alta precisi\u00f3n estable y llevando a cabo repetidamente pruebas de mecanizado para mejorar a\u00fan m\u00e1s nuestras capacidades t\u00e9cnicas.  <\/p>\n<ul>\n<li>Mecanizado de Di\u00e1metro Exterior \/ Di\u00e1metro Interior<\/li>\n<li>Torner\u00eda<\/li>\n<li>Rectificado de Precisi\u00f3n<\/li>\n<li>Rectificado Cil\u00edndrico<\/li>\n<li>Mecanizado en 3D de formas contorneadas complicadas<\/li>\n<li>Uni\u00f3n por Difusi\u00f3n<\/li>\n<\/ul><\/div>\n<\/p><\/div>\n<div class=\"row -reverse\">\n<div class=\"img col-xs-12 col-sm-4 col-md-4 col-lg-4\"><img decoding=\"async\" src=\"https:\/\/top-seiko.com\/img\/en_innov\/body_img02.png\" srcset=\"https:\/\/top-seiko.com\/img\/en_innov\/body_img02.png 1x, https:\/\/top-seiko.com\/img\/en_innov\/body_img02@2x.png 2x\" alt=\"\"><\/div>\n<div class=\"text col-xs-12 col-sm-6 col-md-6 col-lg-6\">\n<h3>COMPARTIENDO CONOCIMIENTO<\/h3>\n<p>Como no somos fabricantes de materiales, nuestros clientes pueden aprovechar nuestro conocimiento imparcial de materiales duros ex\u00f3ticos para seleccionar el mejor material para sus aplicaciones. Hemos apoyado a nuestros clientes en la sustituci\u00f3n de materiales para sus piezas existentes. Hay muchos casos exitosos en los que nuestros clientes se han beneficiado a trav\u00e9s de una funcionalidad mejorada de sus piezas que ha llevado a superar a sus competidores, o una vida \u00fatil m\u00e1s larga de las piezas que ha resultado en costos m\u00e1s bajos, menos mantenimiento y menos tiempo de inactividad.  <\/p>\n<\/p><\/div>\n<\/p><\/div>\n<div class=\"imgC col-xs-12 col-sm-6 col-md-6 col-lg-6\"><img decoding=\"async\" src=\"https:\/\/top-seiko.com\/img\/en_innov\/body_img03.png\" srcset=\"https:\/\/top-seiko.com\/img\/en_innov\/body_img03.png 1x, https:\/\/top-seiko.com\/img\/en_innov\/body_img03@2x.png 2x\" alt=\"\"><\/div>\n<\/p><\/div>\n<\/section>\n<section class=\"section02\">\n<h3 class=\"ttl\">SOBRE NOSOTROS<\/h3>\n<div class=\"container\">\n<div class=\"youtube\">\n<div class=\"youtube__inner row\">\n<div class=\"text col-sm-7\">\n<p><span>Muchas piezas de precisi\u00f3n se han fabricado en materiales met\u00e1licos comunes. Pero nosotros mecanizamos materiales duros ex\u00f3ticos y hacemos las mismas piezas<\/span><br \/>\n Con ese lema, Top Seiko se ha especializado en materiales ultrarresistentes como cer\u00e1micas avanzadas, vidrios, metales refractarios y materiales de alto rendimiento reci\u00e9n desarrollados como materiales compuestos. Bas\u00e1ndonos en la caracter\u00edstica de mecanizado de cada material y la complejidad de la forma de la pieza, determinamos el m\u00e9todo de fabricaci\u00f3n m\u00e1s adecuado utilizando enfoques f\u00edsicos y qu\u00edmicos. <\/p>\n<p> Tambi\u00e9n somos expertos en dise\u00f1ar herramientas de mecanizado que pueden maximizar la productividad manteniendo la m\u00e1s alta calidad de los productos. La mayor\u00eda de estas herramientas son producidas por empresas fabricantes de herramientas seg\u00fan nuestras especificaciones. Si no, las fabricamos nosotros mismos.  <\/p>\n<p> Estamos investigando y invirtiendo continuamente en nuevas tecnolog\u00edas para ofrecer servicios de mecanizado de la m\u00e1s alta calidad a nuestros clientes. Adem\u00e1s, realizamos regularmente pruebas de mecanizado para recopilar datos y expandir a\u00fan m\u00e1s nuestras capacidades.\n                        <\/p>\n<\/p><\/div>\n<div class=\"movie col-sm-5\"><a href=\"https:\/\/youtu.be\/4XVhlnLyBkk?si=JAPZt-YRlHX0U0E4\" target=\"_blank\" rel=\"noopener noreferrer\"><img decoding=\"async\" src=\"https:\/\/top-seiko.com\/img\/index\/Top_Seiko-Youtube_Banner.png\" alt=\"youtube\"><\/a><\/div>\n<\/p><\/div>\n<\/p><\/div>\n<\/p><\/div>\n<div class=\"list\">\n<ul class=\"tech_kind row\">\n<li class=\"tech_kind_box col-xs-12 col-sm-6\">\n<div class=\"tech_kind_box_in row\">\n<div class=\"left col-sm-6\">\n<h4>Mecanizado Complejo y en 3D<\/h4>\n<div>\n                            <img decoding=\"async\" src=\"https:\/\/top-seiko.com\/img\/index\/index_tech_img01.jpg\" alt=\"\">\n                        <\/div>\n<\/p><\/div>\n<div class=\"tech_kind_box_in2 col-sm-6\">\n<p>Con tecnolog\u00eda de vanguardia como el Centro de Fresado de Alta Velocidad con Accionamiento de Motor Lineal y Centros de Mecanizado de 5 Ejes, Top Seiko ofrece un servicio de mecanizado personalizado de precisi\u00f3n para materiales ultrarresistentes. Nos especializamos en mecanizado complejo y de precisi\u00f3n de formas contorneadas complicadas, ranuras, surcos, trincheras, escalones\/formas elevadas, escariados, roscas, agujeros rectos\/c\u00f3nicos, etc. en Cer\u00e1micas, Vidrios y Metales Refractarios. El servicio de mecanizado en 3D est\u00e1 disponible para Cer\u00e1micas y Molibdeno.  <\/p>\n<div class=\"detail_btn tC\">\n                            <a href=\"..\/technology\/tech01\/\"><\/a>\n                        <\/div>\n<\/p><\/div>\n<p>                <!-- \/.tech_kind_box_in --><\/div>\n<p>            <!-- \/.tech_kind_box.col-sm-3 --><\/li>\n<li class=\"tech_kind_box col-xs-12 col-sm-6\">\n<div class=\"tech_kind_box_in row\">\n<div class=\"left col-sm-6\">\n<h4>Mecanizado de Alta Precisi\u00f3n \/ Micro Mecanizado<\/h4>\n<div>\n                            <img decoding=\"async\" src=\"https:\/\/top-seiko.com\/img\/index\/index_tech_img02.jpg\" alt=\"\">\n                        <\/div>\n<\/p><\/div>\n<div class=\"tech_kind_box_in2 col-sm-6\">\n<p>&#8220;Nos enfrentamos a desaf\u00edos de mecanizado de manera l\u00f3gica mediante enfoques f\u00edsicos y qu\u00edmicos.&#8221; es nuestro lema. <br \/>\n Como proveedor l\u00edder en la industria, podemos proporcionar servicios de mecanizado de alta precisi\u00f3n y micro mecanizado para una amplia variedad de materiales duros ex\u00f3ticos. Con nuestro profundo conocimiento sobre estos materiales, m\u00e1quinas y herramientas de precisi\u00f3n de vanguardia, ingenieros experimentados y operadores de m\u00e1quinas bien entrenados, fabricamos piezas mecanizadas personalizadas con precisi\u00f3n de micras. <br \/>\n Tambi\u00e9n contamos con equipos de medici\u00f3n que nos permiten garantizar la precisi\u00f3n dimensional de cada pieza mecanizada. <\/p>\n<div class=\"detail_btn tC\">\n                            <a href=\"..\/technology\/tech02\/\"><\/a>\n                        <\/div>\n<\/p><\/div>\n<p>                <!-- \/.tech_kind_box_in --><\/div>\n<p>            <!-- \/.tech_kind_box.col-sm-3 --><\/li>\n<li class=\"tech_kind_box col-xs-12 col-sm-6\">\n<div class=\"tech_kind_box_in row\">\n<div class=\"left col-sm-6\">\n<h4>Perforaci\u00f3n de Orificios<\/h4>\n<div>\n                            <img decoding=\"async\" src=\"https:\/\/top-seiko.com\/img\/index\/index_tech_img03.jpg\" alt=\"\">\n                        <\/div>\n<\/p><\/div>\n<div class=\"tech_kind_box_in2 col-sm-6\">\n<p>La perforaci\u00f3n de orificios en materiales duros es nuestra especialidad. Se pueden mecanizar orificios de precisi\u00f3n, micro orificios y m\u00faltiples orificios en cer\u00e1micas, vidrios y metales refractarios como tungsteno, molibdeno y tantalio.  <br \/>Dise\u00f1amos herramientas de mecanizado para perforar orificios con precisi\u00f3n seg\u00fan sus requisitos. \u00a1Solo av\u00edsenos el di\u00e1metro, la profundidad, las tolerancias, etc. de los orificios que necesita!  <\/p>\n<div class=\"detail_btn tC\">\n                            <a href=\"..\/technology\/tech03\/\"><\/a>\n                        <\/div>\n<\/p><\/div>\n<p>                <!-- \/.tech_kind_box_in --><\/div>\n<p>            <!-- \/.tech_kind_box --><\/li>\n<li class=\"tech_kind_box col-xs-12 col-sm-6\">\n<div class=\"tech_kind_box_in row\">\n<div class=\"left col-sm-6\">\n<h4>Perforaci\u00f3n de Orificios Profundos<\/h4>\n<div>\n                            <img decoding=\"async\" src=\"https:\/\/top-seiko.com\/img\/index\/index_tech_img04.jpg\" alt=\"\">\n                        <\/div>\n<\/p><\/div>\n<div class=\"tech_kind_box_in2 col-sm-6\">\n<p>Con herramientas de mecanizado dise\u00f1adas a medida por nuestro equipo de ingenieros, nos enorgullecemos de perforar orificios rectos profundos y orificios c\u00f3nicos largos en materiales ultrarresistentes como Cer\u00e1micas Avanzadas, Vidrio de S\u00edlice Fundido (Cuarzo Fundido) y Molibdeno y Tungsteno. <br \/>\n Las claves del \u00e9xito en la perforaci\u00f3n de orificios profundos son; 1. Mantener la broca recta, 2. Limpiar las virutas del orificio y evitar la acumulaci\u00f3n de virutas en el fondo del orificio. \u00a1Y sabemos exactamente c\u00f3mo hacerlo!   <\/p>\n<div class=\"detail_btn tC\">\n                            <a href=\"..\/technology\/tech04\/\"><\/a>\n                        <\/div>\n<\/p><\/div>\n<p>                <!-- \/.tech_kind_box_in --><\/div>\n<p>            <!-- \/.tech_kind_box.col-sm-3 --><\/li>\n<li class=\"tech_kind_box col-xs-12 col-sm-6\">\n<div class=\"tech_kind_box_in row\">\n<div class=\"left col-sm-6\">\n<h4>Uni\u00f3n por Difusi\u00f3n<\/h4>\n<div>\n                            <img decoding=\"async\" src=\"https:\/\/top-seiko.com\/img\/index\/index_tech_img05.jpg\" alt=\"\">\n                        <\/div>\n<\/p><\/div>\n<div class=\"tech_kind_box_in2 col-sm-6\">\n<p>Adem\u00e1s del mecanizado de precisi\u00f3n convencional, nos estamos centrando en y desarrollando la &#8220;soldadura por difusi\u00f3n&#8221; como una tecnolog\u00eda para satisfacer la necesidad de un mayor rendimiento.<br \/>\n Al combinar la tecnolog\u00eda de mecanizado de precisi\u00f3n que hemos acumulado a lo largo de los a\u00f1os con nuestra tecnolog\u00eda de uni\u00f3n reci\u00e9n introducida, podemos lograr formas que han sido dif\u00edciles de lograr en el pasado y contribuir a resolver los problemas t\u00e9cnicos de nuestros clientes.<\/p>\n<div class=\"detail_btn tC\">\n                            <a href=\"..\/technology\/tech05\/\"><\/a>\n                        <\/div>\n<\/p><\/div>\n<p>                <!-- \/.tech_kind_box_in --><\/div>\n<p>            <!-- \/.tech_kind_box.col-sm-3 --><\/li>\n<p>        <!-- \/.tech_kind --><\/ul>\n<p class=\"btn\"><a href=\"..\/technology\/\"><span>M\u00e1s informaci\u00f3n<\/span><\/a><\/p>\n<\/p><\/div>\n<\/section>\n<section class=\"section03\">\n<div class=\"container\">\n<h3>NUESTROS SERVICIOS<\/h3>\n<div class=\"wrap\">\n<ul class=\"list\">\n<li class=\"col-xs-12 col-sm-4\">\n<h4>MECANIZADO DE PRECISI\u00d3N<\/h4>\n<p>                        <img decoding=\"async\" src=\"https:\/\/top-seiko.com\/img\/en_innov\/services01.png\" srcset=\"https:\/\/top-seiko.com\/img\/en_innov\/services01.png 1x, https:\/\/top-seiko.com\/img\/en_innov\/services01@2x.png 2x\" alt=\"\"><\/p>\n<p class=\"ttl\">MECANIZADO DE FORMA\/MECANIZADO 3D<\/p>\n<dl>\n<dt>Lo que puede ser mecanizado en acero puede ser mecanizado en todos los materiales<\/dt>\n<dd>Utilizando m\u00e1quinas herramienta como fresadoras de 3 ejes y fresadoras de especificaci\u00f3n lineal, realizamos una variedad de operaciones de mecanizado como mecanizado de formas exteriores, perforaci\u00f3n, mecanizado de irregularidades, ranurado y mecanizado de tornillos en materiales dif\u00edciles de mecanizar. Tambi\u00e9n somos capaces de mecanizar en 3D superficies curvas y formas tridimensionales, as\u00ed como perforar agujeros en formas especiales. Adem\u00e1s, tambi\u00e9n nos especializamos en la perforaci\u00f3n de orificios profundos en la superficie lateral.  <\/dd>\n<\/dl>\n<\/li>\n<li class=\"col-xs-12 col-sm-4\">\n<h4>SOLUCI\u00d3N DE MATERIALES<\/h4>\n<p>                        <img decoding=\"async\" src=\"https:\/\/top-seiko.com\/img\/en_innov\/services02.png\" srcset=\"https:\/\/top-seiko.com\/img\/en_innov\/services02.png 1x, https:\/\/top-seiko.com\/img\/en_innov\/services02@2x.png 2x\" alt=\"\"><\/p>\n<p class=\"ttl\">CONOCIMIENTO ILIMITADO DE MATERIALES<\/p>\n<dl>\n<dt>Tomar la decisi\u00f3n correcta puede marcar la diferencia<\/dt>\n<dd>Top Seiko ofrece un servicio de asistencia en la selecci\u00f3n de materiales recomendando materiales en funci\u00f3n de la propiedad del material importante para su aplicaci\u00f3n. Dado que no producimos materiales, puede contar con nuestro conocimiento imparcial de materiales para elegir el material m\u00e1s adecuado para su aplicaci\u00f3n. Ofrecemos no solo materiales de fabricantes japoneses, sino tambi\u00e9n de aquellos fuera de Jap\u00f3n. Tambi\u00e9n tenemos una amplia variedad de materiales en stock para una entrega r\u00e1pida. \u00a1Puede aprovechar nuestro completo servicio de mecanizado de precisi\u00f3n que incluye asistencia en la selecci\u00f3n de materiales y b\u00fasqueda de materiales para sus proyectos de desarrollo de productos! Adem\u00e1s, hay muchos casos exitosos de reemplazo de materiales que resultaron en la mejora de la calidad, prolongaci\u00f3n de la vida \u00fatil y aumento de la productividad\/rendimiento del producto. \u00a1Perm\u00edtanos ayudarlo tambi\u00e9n!      <\/dd>\n<\/dl>\n<\/li>\n<li class=\"col-xs-12 col-sm-4\">\n<h4>APOYO R&amp;D<\/h4>\n<p>                        <img decoding=\"async\" src=\"https:\/\/top-seiko.com\/img\/en_innov\/services03.png\" srcset=\"https:\/\/top-seiko.com\/img\/en_innov\/services03.png 1x, https:\/\/top-seiko.com\/img\/en_innov\/services03@2x.png 2x\" alt=\"\"><\/p>\n<p class=\"ttl\">APOYO PARA EL DESARROLLO<\/p>\n<dl>\n<dt>Lleve sus emocionantes productos innovadores a la realidad comercial<\/dt>\n<dd>Con nuestras \u00faltimas m\u00e1quinas, varios tipos de herramientas de mecanizado en stock, y experimentados ingenieros y operadores de m\u00e1quinas, ayudamos a nuestros clientes a comenzar sus proyectos de desarrollo de productos lo m\u00e1s r\u00e1pido posible. Puedes contar con nosotros para tus necesidades de mecanizado de prototipos de bajo volumen y mecanizado de producci\u00f3n de alto volumen. Para tus necesidades de mecanizado desafiantes, llevamos a cabo pruebas de mecanizado. Bas\u00e1ndonos en los resultados de la prueba, decidimos las mejores condiciones de mecanizado para satisfacer y superar tus requisitos m\u00e1s exigentes. Incluso realizamos pruebas hasta obtener resultados deseables.    <\/dd>\n<\/dl>\n<\/li>\n<\/ul><\/div>\n<\/p><\/div>\n<\/section>\n<section class=\"section04\">\n<h3 class=\"ttl\">GU\u00cdA DE MATERIALES DE PROCESAMIENTO<\/h3>\n<div class=\"container\">\n<div class=\"guide row\">\n<div class=\"col-sm-6 col-xs-12\">\n<h4 class=\"tC\">Buscar por caracter\u00edstica<\/h4>\n<ul>\n<li class=\"tC\"><a href=\"..\/guide\/characteristic\/\">Materiales y aplicaciones<i class=\"fa fa-caret-right fr\" aria-hidden=\"true\"><\/i><\/a><\/li>\n<li class=\"tC\"><a href=\"..\/guide\/heat_resisting\/\">Material Resistente al Calor<i class=\"fa fa-caret-right fr\" aria-hidden=\"true\"><\/i><\/a><\/li>\n<li class=\"tC\"><a href=\"..\/guide\/insulation\/\">Material Aislante <i class=\"fa fa-caret-right fr\" aria-hidden=\"true\"><\/i><\/a><\/li>\n<\/ul><\/div>\n<div class=\"col-sm-6 col-xs-12\">\n<h4 class=\"tC\">B\u00fasqueda por datos<\/h4>\n<ul>\n<li class=\"tC\"><a href=\"..\/guide\/graph\/\">Propiedades de los materiales y tablas de comparaci\u00f3n<i class=\"fa fa-caret-right fr\" aria-hidden=\"true\"><\/i><\/a><\/li>\n<li class=\"tC\"><a href=\"..\/guide\/hardness\/\">Tabla de conversi\u00f3n de dureza<i class=\"fa fa-caret-right fr\" aria-hidden=\"true\"><\/i><\/a><\/li>\n<li class=\"tC\"><a href=\"..\/guide\/unit\/\">Tabla de conversi\u00f3n de unidades<i class=\"fa fa-caret-right fr\" aria-hidden=\"true\"><\/i><\/a><\/li>\n<\/ul><\/div>\n<\/p><\/div>\n<p class=\"btn\"><a href=\"..\/download\/\">Descargar Documentos<\/a><\/p>\n<\/p><\/div>\n<\/section>\n<\/article>\n","protected":false},"excerpt":{"rendered":"<p>PODER DE CREACI\u00d3N Estamos orgullosos de nuestras capacidades t\u00e9cnicas de primer nivel entre los fabricantes de cer\u00e1mica y metales de punto de fusi\u00f3n alto en t\u00e9rminos de precisi\u00f3n dimensional y geom\u00e9trica. No hay l\u00edmite para la precisi\u00f3n exigida por nuestros clientes, que se est\u00e1 volviendo cada vez m\u00e1s sofisticada a medida que cambian el tiempo y la tecnolog\u00eda. Para estar a la altura de tales demandas, estamos constantemente buscando un mecanizado de alta precisi\u00f3n estable y llevando a cabo repetidamente pruebas de mecanizado para mejorar a\u00fan m\u00e1s nuestras capacidades t\u00e9cnicas. Mecanizado de Di\u00e1metro Exterior \/ Di\u00e1metro Interior Torner\u00eda Rectificado de Precisi\u00f3n Rectificado Cil\u00edndrico Mecanizado en 3D de formas contorneadas complicadas [&hellip;]<\/p>\n","protected":false},"author":1,"featured_media":0,"parent":0,"menu_order":0,"comment_status":"closed","ping_status":"closed","template":"page-test.php","meta":{"om_disable_all_campaigns":false,"_monsterinsights_skip_tracking":false,"_monsterinsights_sitenote_active":false,"_monsterinsights_sitenote_note":"","_monsterinsights_sitenote_category":0,"footnotes":""},"aioseo_notices":[],"_links":{"self":[{"href":"https:\/\/top-seiko.com\/es\/wp-json\/wp\/v2\/pages\/11655"}],"collection":[{"href":"https:\/\/top-seiko.com\/es\/wp-json\/wp\/v2\/pages"}],"about":[{"href":"https:\/\/top-seiko.com\/es\/wp-json\/wp\/v2\/types\/page"}],"author":[{"embeddable":true,"href":"https:\/\/top-seiko.com\/es\/wp-json\/wp\/v2\/users\/1"}],"replies":[{"embeddable":true,"href":"https:\/\/top-seiko.com\/es\/wp-json\/wp\/v2\/comments?post=11655"}],"version-history":[{"count":17,"href":"https:\/\/top-seiko.com\/es\/wp-json\/wp\/v2\/pages\/11655\/revisions"}],"predecessor-version":[{"id":13479,"href":"https:\/\/top-seiko.com\/es\/wp-json\/wp\/v2\/pages\/11655\/revisions\/13479"}],"wp:attachment":[{"href":"https:\/\/top-seiko.com\/es\/wp-json\/wp\/v2\/media?parent=11655"}],"curies":[{"name":"wp","href":"https:\/\/api.w.org\/{rel}","templated":true}]}}