{"id":7941,"date":"2016-09-08T14:18:18","date_gmt":"2016-09-08T05:18:18","guid":{"rendered":"https:\/\/top-seiko.com\/servicio-de-asistencia-para-la-seleccion-de-materiales\/"},"modified":"2023-01-06T17:37:45","modified_gmt":"2023-01-06T08:37:45","slug":"propose","status":"publish","type":"page","link":"https:\/\/top-seiko.com\/es\/propose\/","title":{"rendered":"Servicio de asistencia para la selecci\u00f3n de materiales"},"content":{"rendered":"<article class=\"m-propose\">\n  <!-- \u52a0\u5de5\u6280\u8853\u7d39\u4ecb --><\/p>\n<section class=\"propose mb0\">\n<div class=\"container\">\n<h2 class=\"ttl01\">\n        <span class=\"ja\"\n          >Servicio de asistencia para la selecci\u00f3n de materiales<\/span\n        ><br \/>\n      <\/h2>\n<div class=\"contents_top box-under-shadow row\">\n<div class=\"contents_top_text col-sm-7\">\n<h4>Como proveedor de soluciones de materiales ultraduros,<\/h4>\n<p>\n            Top Seiko ofrece un servicio de asistencia para la selecci\u00f3n de<br \/>\n            materiales, recomendando materiales basados en las propiedades<br \/>\n            importantes para su aplicaci\u00f3n. <br \/>\n            No s\u00f3lo ofrecemos materiales de fabricantes japoneses, sino tambi\u00e9n<br \/>\n            de otros pa\u00edses. Adem\u00e1s, disponemos de una gran variedad de<br \/>\n            materiales en almac\u00e9n para una entrega r\u00e1pida. <br \/>\n            Puede aprovechar nuestro completo servicio de mecanizado de<br \/>\n            precisi\u00f3n, que incluye la asistencia en la selecci\u00f3n de materiales y<br \/>\n            la b\u00fasqueda de materiales para sus proyectos de desarrollo de<br \/>\n            productos. <br \/>\n            Adem\u00e1s, hay muchos casos de \u00e9xito de sustituci\u00f3n de materiales que<br \/>\n            han permitido mejorar la calidad, prolongar la vida \u00fatil y aumentar<br \/>\n            la productividad y el rendimiento del producto. Perm\u00edtanos ayudarle<br \/>\n            a usted tambi\u00e9n.\n          <\/p>\n<\/p><\/div>\n<div class=\"propose_img col-sm-5 tC\">\n          <img decoding=\"async\" src=\"\/img\/propose\/propose_img01.jpg\" alt=\"\" \/>\n        <\/div>\n<\/p><\/div>\n<div class=\"consultation\">\n<h3 class=\"ttl02\">\n          <span class=\"ja\"\n            >Preguntas frecuentes sobre el rendimiento t\u00e9rmico de los<br \/>\n            materiales<\/span\n          ><br \/>\n        <\/h3>\n<div class=\"table_area box-shadow table-responsive\">\n<table>\n<tr>\n<th>Propiedad requerida<\/th>\n<th class=\"tbl_orange\">Aplicaciones y problemas<\/th>\n<th>Materiales de uso com\u00fan<\/th>\n<th>Materiales recomendados<\/th>\n<\/tr>\n<tr>\n<td>Resistencia a las altas temperaturas<\/td>\n<td>\n                \u30fbLa pieza utilizada en un entorno de alta temperatura requiere<br \/>\n                un reemplazo frecuente debido a su corta vida \u00fatil, lo que<br \/>\n                resulta en un alto costo y tiempo de inactividad.<br \/>\n                \u30fbLa pieza utilizada a alta temperatura se deforma y distorsiona<br \/>\n                durante su uso, y estas deformaciones t\u00e9rmicas provocan<br \/>\n                disminuciones en la precisi\u00f3n dimensional de los productos<br \/>\n                finales que produce.\n              <\/td>\n<td>\n                Materiale resistente al calore <br \/>\n                Resina\/Pl\u00e1stico<br \/>\n                Aluminum Alloy Steel <br \/>\n                Acero inoxidable\n              <\/td>\n<td>\n                Vidrio de s\u00edlice fundido <br \/>\n                Vidrio de borosilicato <br \/>\n                Alumina <br \/>\n                Zirconia <br \/>\n                Nitruro de silicio <br \/>\n                Molibdeno \/ Molibdeno Alloy <br \/>\n                Tungsteno \/ Tungsteno Alloy\n              <\/td>\n<\/tr>\n<tr>\n<td>Baja expansi\u00f3n t\u00e9rmica<\/td>\n<td>\n                \u30fbDebido a su baja estabilidad dimensional, la pieza se expande<br \/>\n                a altas temperaturas, causando problemas en la precisi\u00f3n<br \/>\n                dimensional y la repetibilidad de los productos finales que<br \/>\n                produce.<br \/>\n                \u30fbSe necesita un material con baja expansi\u00f3n t\u00e9rmica para<br \/>\n                fabricar una pieza que pueda mantener su rendimiento y<br \/>\n                estabilidad dimensional sin verse afectada por los constantes<br \/>\n                cambios de temperatura.\n              <\/td>\n<td>\n                Aluminum Alloy Steel <br \/>\n                Acero inoxidable\n              <\/td>\n<td>\n                Alumina <br \/>\n                Nitruro de aluminio<br \/>\n                SiC based MMC<br \/>\n                Molibdeno<br \/>\n                Tungsteno\n              <\/td>\n<\/tr>\n<tr>\n<td rowspan=\"2\">Alta conductividad t\u00e9rmica<\/td>\n<td>\n                \u30fbEs necesario un material con alta conductividad t\u00e9rmica para<br \/>\n                el uso en aplicaciones de eliminaci\u00f3n r\u00e1pida del calor y de alta<br \/>\n                temperatura.<br \/>\n                Debido a su baja conductividad t\u00e9rmica a altas temperaturas, las<br \/>\n                partes cr\u00edticas para la uni\u00f3n por termocompresi\u00f3n no pueden<br \/>\n                conducir suficiente calor, lo que resulta en una baja<br \/>\n                productividad.\n              <\/td>\n<td>\n                Acero inoxidable <br \/>\n                Materiale resistente al calore<br \/>\n                Alloys<br \/>\n                Cer\u00e1mica\n              <\/td>\n<td>\n                Molibdeno <br \/>\n                Tungsteno <br \/>\n                Nitruro de aluminio <br \/>\n                Carburo de silicio <br \/>\n                SiC based MMC\n              <\/td>\n<\/tr>\n<tr>\n<td class=\"fcb\">\n                \u30fbEs muy dif\u00edcil encontrar un material que cumpla todos los<br \/>\n                requisitos: alta resistencia a la temperatura, buena<br \/>\n                conductividad t\u00e9rmica y excelente propiedad de aislamiento<br \/>\n                el\u00e9ctrico.\n              <\/td>\n<td><\/td>\n<td>Nitruro de aluminio<\/td>\n<\/tr>\n<tr>\n<td>Alta resistencia al choque t\u00e9rmico<\/td>\n<td>\n                \u30fbEl uso de materiales poco resistentes al choque t\u00e9rmico impide<br \/>\n                a los fabricantes mejorar su productividad, que puede lograrse<br \/>\n                mediante el calentamiento y el enfriamiento r\u00e1pidos. Por<br \/>\n                ejemplo, si el material del molde no es lo suficientemente<br \/>\n                resistente al choque t\u00e9rmico, los cambios r\u00e1pidos de temperatura<br \/>\n                provocar\u00e1n distorsiones y grietas en los moldes.\n              <\/td>\n<td>\n                Aluminum Alloy <br \/>\n                Acero <br \/>\n                Acero inoxidable <br \/>\n                Cer\u00e1mica\n              <\/td>\n<td>\n                Nitruro de silicio <br \/>\n                Nitruro de aluminio <br \/>\n                Alumina <br \/>\n                Molibdeno <br \/>\n                Tungsteno.\n              <\/td>\n<\/tr>\n<tr>\n<td>Baja conductividad t\u00e9rmica<\/td>\n<td>\n                \u30fbLa pieza que se opera a altas temperaturas pierde calor muy<br \/>\n                r\u00e1pidamente debido a su conductividad t\u00e9rmica. Esta p\u00e9rdida de<br \/>\n                calor por conducci\u00f3n provoca variaciones en la calidad de los<br \/>\n                productos. <br \/>\n                Se necesita un material que pueda tanto retener el calor durante<br \/>\n                m\u00e1s tiempo como soportar las altas temperaturas en sustituci\u00f3n<br \/>\n                al material actual para estabilizar la calidad.\n              <\/td>\n<td>Cer\u00e1mica<\/td>\n<td>\n                Zirconia <br \/>\n                Cer\u00e1mica mecanizable <br \/>\n                Vidrio de s\u00edlice fundido <br \/>\n                Vidrio de borosilicato\n              <\/td>\n<\/tr>\n<tr>\n<td rowspan=\"2\">\n                Alta dureza<br \/>Resistencia al desgaste<br \/>Resistencia a los<br \/>\n                ara\u00f1azos\n              <\/td>\n<td>\n                \u30fbEl desgaste r\u00e1pido hace que la pieza pierda su precisi\u00f3n<br \/>\n                dimensional, lo que obliga a sustituirla con frecuencia.<br \/>\n                \u30fbSe requiere una alta resistencia al rayado.\n              <\/td>\n<td>\n                Acero endurecido<br \/>\n                Metal convencional (no refractario)\n              <\/td>\n<td>\n                Alumina<br \/>\n                Zirconia<br \/>\n                Carburo de silicio<br \/>\n                Nitruro de silicio<br \/>\n                Tungsteno Carbide\n              <\/td>\n<\/tr>\n<tr>\n<td class=\"fcb\">\n                \u30fbEl componente \u00f3ptico no puede permanecer transparente debido a<br \/>\n                la superficie da\u00f1ada por los ara\u00f1azos y la abrasi\u00f3n durante el<br \/>\n                uso. Se necesita un material \u00f3ptico extremadamente duro para<br \/>\n                producir componentes \u00f3pticos muy resistentes a los ara\u00f1azos.\n              <\/td>\n<td>\n                Acrylic <br \/>\n                Glass\n              <\/td>\n<td>\n                Vidrio de s\u00edlice fundido <br \/>\n                Sapphire\n              <\/td>\n<\/tr>\n<tr>\n<td>\n                Elevada resistencia a la fractura <br \/>Tenacidad<br \/>\n                <br \/>Resistance to Chipping, Cracking and Breaking\n              <\/td>\n<td>\n                La al\u00famina es un material popular para las piezas mecanizadas de<br \/>\n                precisi\u00f3n. Sin embargo, es fr\u00e1gil y susceptible de romperse,<br \/>\n                astillarse o agrietarse debido al impacto. <br \/>\n                Debe considerarse como material alternativo un material con<br \/>\n                mayor resistencia a la fractura.\n              <\/td>\n<td>Alumina<\/td>\n<td>Zirconia<br \/>Nitruro de silicio<\/td>\n<\/tr>\n<tr>\n<td>Electrical Insulation Properties at High Temperature<\/td>\n<td>\n                \u30fbSe necesita un material ideal para aplicaciones de aislamiento<br \/>\n                el\u00e9ctrico a alta temperatura, ya que las piezas requieren una<br \/>\n                mayor resistencia al calor que las resinas resistentes al calor.\n              <\/td>\n<td>Materiale resistente al calore Resina\/Pl\u00e1stico<\/td>\n<td>\n                Alumina<br \/>\n                Cer\u00e1mica mecanizable Biron Nitride\n              <\/td>\n<\/tr>\n<tr>\n<td>Alta conductividad el\u00e9ctrica a alta temperatura<\/td>\n<td>\n                \u30fbSe necesita un material conductor de la electricidad mucho m\u00e1s<br \/>\n                resistente a la temperatura que los metales convencionales, ya<br \/>\n                que \u00e9stos no pueden soportar el calor intenso.\n              <\/td>\n<td>\n                Copper<br \/>\n                Otros metales convencionales (no refractarios)\n              <\/td>\n<td>Molibdeno<br \/>Tungsteno<\/td>\n<\/tr>\n<tr>\n<td>Alta densidad<\/td>\n<td>\n                \u30fbUn material de alta densidad que permita mantener el peso de<br \/>\n                la pieza reduciendo su tama\u00f1o es necesario para mejorar la<br \/>\n                solidez del producto.\n              <\/td>\n<td>Metal convencional (no refractario)<\/td>\n<td>Tungsteno<br \/>Tungsteno Alloy<\/td>\n<\/tr>\n<tr>\n<td>\n                Resistencia a la corrosi\u00f3n<br \/>\n                Resistencia a la oxidaci\u00f3n<br \/>\n                Resistencia a los \u00e1lcalis\n              <\/td>\n<td>\n                \u30fbLa pieza se oxida r\u00e1pidamente debido a su constante exposici\u00f3n<br \/>\n                al aire y al agua. Sustituir el material met\u00e1lico por un<br \/>\n                material que pueda resistir a los oxidantes es esencial para<br \/>\n                acabar con el problema de la oxidaci\u00f3n. \u30fbPara prolongar la vida<br \/>\n                \u00fatil de una pieza, es fundamental encontrar un material que<br \/>\n                pueda utilizarse en entornos duros y corrosivos a los que los<br \/>\n                metales no pueden sobrevivir.\n              <\/td>\n<td>Metal convencional (no refractario)<\/td>\n<td>\n                Vidrio de s\u00edlice fundido<br \/>\n                <br \/>Alumina<br \/>Zirconia<br \/>(Zirconium Oxide)\n              <\/td>\n<\/tr>\n<tr>\n<td>Costo<\/td>\n<td>\n                \u30fbSe necesita reducir el coste de las piezas de cer\u00e1mica con<br \/>\n                caracter\u00edsticas finas y formas complejas.<br \/>\n                \u30fbLas piezas de alta precisi\u00f3n y complejas en cer\u00e1mica de<br \/>\n                ingenier\u00eda son demasiado caras para cumplir los requisitos de<br \/>\n                coste.\n              <\/td>\n<td>\n                Alumina<br \/>\n                Nitruro de aluminio<br \/>\n                Nitruro de silicio<br \/>\n                Carburo de silicio\n              <\/td>\n<td>Cer\u00e1mica mecanizable<\/td>\n<\/tr>\n<\/table><\/div>\n<div class=\"btn_area row\">\n<div class=\"success_btn btn_grad_blue col-sm-12 col-xs-12\">\n            <a href=\"successful\/\"\n              >Ejemplos de sustituci\u00f3n de material<i\n                class=\"fa fa-caret-right\"\n                aria-hidden=\"true\"\n              ><\/i\n            ><\/a>\n          <\/div>\n<\/p><\/div>\n<\/p><\/div>\n<p>      <!-- \n\n<div class=\"sample\">\n\t\t\t\t\n\n<h3 class=\"ttl03\">\u25cf \u30b5\u30f3\u30d7\u30eb\u4f8b<\/h3>\n\n\n\t\t\t\t\n\n<ul class=\"five_col_list clearfix\">\n\t\t\t\t\t\n\n<li class=\"\">\n\t\t\t\t\t\t<a href=\"..\/img\/propose\/pro_sample01.jpg\" data-lightbox=\"propose\"><img decoding=\"async\" src=\"..\/img\/propose\/pro_sample01.jpg\" alt=\"\"><\/a>\n\t\t\t\t\t<\/li>\n\n\n\t\t\t\t\t\n\n<li class=\"\">\n\t\t\t\t\t\t<a href=\"..\/img\/propose\/pro_sample02.jpg\" data-lightbox=\"propose\"><img decoding=\"async\" src=\"..\/img\/propose\/pro_sample02.jpg\" alt=\"\"><\/a>\n\t\t\t\t\t<\/li>\n\n\n\t\t\t\t\t\n\n<li class=\"\">\n\t\t\t\t\t\t<a href=\"..\/img\/propose\/pro_sample03.jpg\" data-lightbox=\"propose\"><img decoding=\"async\" src=\"..\/img\/propose\/pro_sample03.jpg\" alt=\"\"><\/a>\n\t\t\t\t\t<\/li>\n\n\n\t\t\t\t\t\n\n<li class=\"\">\n\t\t\t\t\t\t<a href=\"..\/img\/propose\/pro_sample04.jpg\" data-lightbox=\"propose\"><img decoding=\"async\" src=\"..\/img\/propose\/pro_sample04.jpg\" alt=\"\"><\/a>\n\t\t\t\t\t<\/li>\n\n\n\t\t\t\t\t\n\n<li class=\"\">\n\t\t\t\t\t\t<a href=\"..\/img\/propose\/pro_sample05.jpg\" data-lightbox=\"propose\"><img decoding=\"async\" src=\"..\/img\/propose\/pro_sample05.jpg\" alt=\"\"><\/a>\n\t\t\t\t\t<\/li>\n\n\n\t\t\t\t\t\n\n<li class=\"\">\n\t\t\t\t\t\t<a href=\"..\/img\/propose\/pro_sample06.jpg\" data-lightbox=\"propose\"><img decoding=\"async\" src=\"..\/img\/propose\/pro_sample06.jpg\" alt=\"\"><\/a>\n\t\t\t\t\t<\/li>\n\n\n\t\t\t\t\t\n\n<li class=\"\">\n\t\t\t\t\t\t<a href=\"..\/img\/propose\/pro_sample07.jpg\" data-lightbox=\"propose\"><img decoding=\"async\" src=\"..\/img\/propose\/pro_sample07.jpg\" alt=\"\"><\/a>\n\t\t\t\t\t<\/li>\n\n\n\t\t\t\t\t\n\n<li class=\"\">\n\t\t\t\t\t\t<a href=\"..\/img\/propose\/pro_sample08.jpg\" data-lightbox=\"propose\"><img decoding=\"async\" src=\"..\/img\/propose\/pro_sample08.jpg\" alt=\"\"><\/a>\n\t\t\t\t\t<\/li>\n\n\n\t\t\t\t\t\n\n<li class=\"\">\n\t\t\t\t\t\t<a href=\"..\/img\/propose\/pro_sample09.jpg\" data-lightbox=\"propose\"><img decoding=\"async\" src=\"..\/img\/propose\/pro_sample09.jpg\" alt=\"\"><\/a>\n\t\t\t\t\t<\/li>\n\n\n\t\t\t\t\t\n\n<li class=\"\">\n\t\t\t\t\t\t<a href=\"..\/img\/propose\/pro_sample10.jpg\" data-lightbox=\"propose\"><img decoding=\"async\" src=\"..\/img\/propose\/pro_sample10.jpg\" alt=\"\"><\/a>\n\t\t\t\t\t<\/li>\n\n\n\t\t\t\t\t\n\n<li class=\"\">\n\t\t\t\t\t\t<a href=\"..\/img\/propose\/pro_sample11.jpg\" data-lightbox=\"propose\"><img decoding=\"async\" src=\"..\/img\/propose\/pro_sample11.jpg\" alt=\"\"><\/a>\n\t\t\t\t\t<\/li>\n\n\n\t\t\t\t\t\n\n<li class=\"\">\n\t\t\t\t\t\t<a href=\"..\/img\/propose\/pro_sample12.jpg\" data-lightbox=\"propose\"><img decoding=\"async\" src=\"..\/img\/propose\/pro_sample12.jpg\" alt=\"\"><\/a>\n\t\t\t\t\t<\/li>\n\n\n\t\t\t\t\t\n\n<li class=\"\">\n\t\t\t\t\t\t<a href=\"..\/img\/propose\/pro_sample13.jpg\" data-lightbox=\"propose\"><img decoding=\"async\" src=\"..\/img\/propose\/pro_sample13.jpg\" alt=\"\"><\/a>\n\t\t\t\t\t<\/li>\n\n\n\t\t\t\t<\/ul>\n\n\n\t\t\t<\/div>\n\n\n--><\/p>\n<p>      <!-- container -->\n    <\/div>\n<\/section>\n<section class=\"common_area2\">\n<div class=\"common_area_top\">\n<div class=\"container\">\n<div class=\"contact_box\">\n<h3>\n            Nos complace ayudar a su I+D con nuestra tecnolog\u00eda de mecanizado de<br \/>\n            alta precisi\u00f3n y nuestra sugerencia de materiales ultraduros.<br \/>\n          <\/h3>\n<div class=\"row\">\n<div class=\"contact_box_l col-sm-6\">\n<div class=\"logo\">\n                <img decoding=\"async\" src=\"\/common\/img\/ico\/common_logo_ico.png\" alt=\"\" \/>\n              <\/div>\n<div class=\"text_area\">\n<h4>Top Seiko Co., Ltd.<\/h4>\n<p>\n                  1197-4, Hosoe-cho, Nagahama City,<br \/>Shiga Pref., 526-0105<br \/>\n                  Japan <br \/>\n                  <a href=\"company\/address\/\" class=\"access_map_link\"\n                    >[ Access Map ]<\/a\n                  >\n                <\/p>\n<p>                <!-- \/.text_area -->\n              <\/div>\n<p>              <!-- \/.contact_box_logo col-sm-6 -->\n            <\/div>\n<div class=\"contact_box_r col-sm-6\">\n<div class=\"tel\">\n                Phone.+81-(0)749-51-9021<br \/>\n                <!-- \/.tel -->\n              <\/div>\n<div class=\"fax\">\n                FAX.+81-(0)749-51-9022<br \/>\n                <!-- \/.fax -->\n              <\/div>\n<div class=\"contact_btn btn_grad_blue2\">\n                <a href=\"..\/contact\"> Inquiry<\/a><br \/>\n                <!-- \/.contact_btn -->\n              <\/div>\n<div class=\"contact_btn btn_grad_blue\">\n                <a href=\"..\/download\">Documents Download<\/a><br \/>\n                <!-- \/.contact_btn -->\n              <\/div>\n<p>              <!-- \/.contact_box_other -->\n            <\/div>\n<p>            <!-- \/.row -->\n          <\/div>\n<p>          <!-- \/.contact_box -->\n        <\/div>\n<p>        <!-- \/.container -->\n      <\/div>\n<p>      <!-- \/.common_area_top -->\n    <\/div>\n<p>    <!-- \/.common_area --><br \/>\n  <\/section>\n<\/article>\n","protected":false},"excerpt":{"rendered":"<p>Servicio de asistencia para la selecci\u00f3n de materiales Como proveedor de soluciones de materiales ultraduros, Top Seiko ofrece un servicio de asistencia para la selecci\u00f3n de materiales, recomendando materiales basados en las propiedades importantes para su aplicaci\u00f3n. No s\u00f3lo ofrecemos materiales de fabricantes japoneses, sino tambi\u00e9n de otros pa\u00edses. Adem\u00e1s, disponemos de una gran variedad de materiales en almac\u00e9n para una entrega r\u00e1pida. Puede aprovechar nuestro completo servicio de mecanizado de precisi\u00f3n, que incluye la asistencia en la selecci\u00f3n de materiales y la b\u00fasqueda de materiales para sus proyectos de desarrollo de productos. Adem\u00e1s, hay muchos casos de \u00e9xito de sustituci\u00f3n de materiales que han permitido mejorar la calidad, prolongar [&hellip;]<\/p>\n","protected":false},"author":1,"featured_media":0,"parent":0,"menu_order":0,"comment_status":"closed","ping_status":"closed","template":"","meta":{"om_disable_all_campaigns":false,"_monsterinsights_skip_tracking":false,"_monsterinsights_sitenote_active":false,"_monsterinsights_sitenote_note":"","_monsterinsights_sitenote_category":0,"footnotes":""},"aioseo_notices":[],"_links":{"self":[{"href":"https:\/\/top-seiko.com\/es\/wp-json\/wp\/v2\/pages\/7941"}],"collection":[{"href":"https:\/\/top-seiko.com\/es\/wp-json\/wp\/v2\/pages"}],"about":[{"href":"https:\/\/top-seiko.com\/es\/wp-json\/wp\/v2\/types\/page"}],"author":[{"embeddable":true,"href":"https:\/\/top-seiko.com\/es\/wp-json\/wp\/v2\/users\/1"}],"replies":[{"embeddable":true,"href":"https:\/\/top-seiko.com\/es\/wp-json\/wp\/v2\/comments?post=7941"}],"version-history":[{"count":2,"href":"https:\/\/top-seiko.com\/es\/wp-json\/wp\/v2\/pages\/7941\/revisions"}],"predecessor-version":[{"id":7943,"href":"https:\/\/top-seiko.com\/es\/wp-json\/wp\/v2\/pages\/7941\/revisions\/7943"}],"wp:attachment":[{"href":"https:\/\/top-seiko.com\/es\/wp-json\/wp\/v2\/media?parent=7941"}],"curies":[{"name":"wp","href":"https:\/\/api.w.org\/{rel}","templated":true}]}}