{"id":7944,"date":"2016-09-08T14:28:22","date_gmt":"2016-09-08T05:28:22","guid":{"rendered":"https:\/\/top-seiko.com\/propose\/ejemplos-de-sustitucion-de-material\/"},"modified":"2023-01-06T18:17:05","modified_gmt":"2023-01-06T09:17:05","slug":"successful","status":"publish","type":"page","link":"https:\/\/top-seiko.com\/es\/propose\/successful\/","title":{"rendered":"Ejemplos de sustituci\u00f3n de material"},"content":{"rendered":"<article class=\"m-propose\">\n  <!-- \u52a0\u5de5\u6280\u8853\u7d39\u4ecb --><\/p>\n<section class=\"successful mb0\">\n<div class=\"container\">\n<h2 class=\"ttl01\">\n        <span class=\"ja\">Ejemplos de sustituci\u00f3n de material<\/span><br \/>\n      <\/h2>\n<div class=\"contents_top box-shadow row\">\n<div class=\"contents_top_text col-sm-7\">\n<p>\n            Top Seiko tiene una gran experiencia en el mecanizado de precisi\u00f3n<br \/>\n            de materiales ultraduros, como la cer\u00e1mica avanzada, el vidrio de<br \/>\n            s\u00edlice fundido y el vidrio de borosilicato, as\u00ed como metales<br \/>\n            refractarios como el tungsteno, el molibdeno y el t\u00e1ntalo. Como<br \/>\n            parte de nuestro servicio integral de mecanizado, ofrecemos<br \/>\n            asistencia en la selecci\u00f3n de materiales para ayudar a nuestros<br \/>\n            clientes a elegir el mejor material que se adapte a su prop\u00f3sito y<br \/>\n            se ajuste a su presupuesto.\n          <\/p>\n<p>\n            Los pl\u00e1sticos y los metales tradicionales\/convencionales, como el<br \/>\n            hierro, el aluminio o el acero inoxidable, pueden sustituirse por<br \/>\n            cer\u00e1micas o metales refractarios para obtener un rendimiento<br \/>\n            superior, como, por ejemplo: mayor resistencia al calor, mayor o<br \/>\n            menor conductividad t\u00e9rmica, mejor resistencia al desgaste, mayor<br \/>\n            estabilidad dimensional bajo el calor y otras ventajas. <br \/>\n            Somos expertos en el mecanizado de estos materiales ultraduros de<br \/>\n            alto rendimiento con tolerancias muy estrictas. <br \/>\n            A continuaci\u00f3n, se muestra una selecci\u00f3n de casos reales de<br \/>\n            sustituci\u00f3n de materiales con \u00e9xito.\n          <\/p>\n<\/p><\/div>\n<div class=\"contents_img col-sm-5 tC\">\n          <img decoding=\"async\" src=\"\/img\/technology\/tech04\/tech04_img01.jpg\" alt=\"\" \/>\n        <\/div>\n<\/p><\/div>\n<h3 class=\"ttl02\"><span class=\"ja\">Caso 1<\/span><\/h3>\n<div class=\"detail_area_in box-shadow mb50\">\n<h4>\n          Problema de marcas de quemaduras resuelto mediante el uso de cuarzo<br \/>\n          fundido como material de los componentes.<br \/>\n        <\/h4>\n<dl>\n<dt>Problema:<\/dt>\n<dd>\n            Nuestro cliente ten\u00eda problemas con las marcas de quemaduras que se<br \/>\n            produc\u00edan en la superficie del componente acr\u00edlico que transmit\u00eda el<br \/>\n            l\u00e1ser durante el proceso de soldadura l\u00e1ser. Dado que las marcas de<br \/>\n            quemaduras provocaban la reducci\u00f3n de la transmisi\u00f3n del l\u00e1ser, el<br \/>\n            componente ten\u00eda que ser esmerilado dos veces por semana para<br \/>\n            eliminarlas.\n          <\/dd>\n<\/dl>\n<dl>\n<dt>Soluci\u00f3n:<\/dt>\n<dd>\n            Nuestros ingenieros ayudaron a nuestro cliente a sustituir el<br \/>\n            material del componente de acr\u00edlico a cuarzo fundido por sus<br \/>\n            excelentes propiedades t\u00e9rmicas y \u00f3pticas.\n          <\/dd>\n<\/dl>\n<dl>\n<dt>Resultado:<\/dt>\n<dd>\n            Gracias a la gran resistencia al calor del cuarzo fundido, ya no es<br \/>\n            necesario rectificar. Adem\u00e1s, como ya no hay p\u00e9rdida de<br \/>\n            transmitancia del l\u00e1ser causada por las marcas de quemaduras, la<br \/>\n            potencia de salida del l\u00e1ser se reduce.\n          <\/dd>\n<\/dl>\n<p>        <!-- \/.detail_area_in box-shadow -->\n      <\/div>\n<h3 class=\"ttl02\"><span class=\"ja\">Caso 2<\/span><\/h3>\n<div class=\"detail_area_in box-shadow mb50\">\n<h4>\n          Problema de deformaci\u00f3n t\u00e9rmica resuelto con cer\u00e1mica mecanizable.<br \/>\n        <\/h4>\n<dl>\n<dt>Problema:<\/dt>\n<dd>\n            Los accesorios de uni\u00f3n t\u00e9rmica de aluminio se deformaban a una<br \/>\n            temperatura de trabajo de 250\u2103, y como resultado se produc\u00eda una<br \/>\n            mala calidad de uni\u00f3n y\/o productos defectuosos.\n          <\/dd>\n<\/dl>\n<dl>\n<dt>Soluci\u00f3n:<\/dt>\n<dd>\n            Nuestros ingenieros recomendaron sustituir el material de aluminio<br \/>\n            por cer\u00e1mica mecanizable.\n          <\/dd>\n<\/dl>\n<dl>\n<dt>Resultado:<\/dt>\n<dd>\n            Gracias a la mayor estabilidad t\u00e9rmica de la cer\u00e1mica mecanizable,<br \/>\n            las piezas de fijaci\u00f3n ya no se deforman y el rendimiento de la<br \/>\n            uni\u00f3n ha mejorado en aproximadamente un 20%.\n          <\/dd>\n<\/dl>\n<p>        <!-- \/.detail_area_in box-shadow -->\n      <\/div>\n<h3 class=\"ttl02\"><span class=\"ja\">Caso 3<\/span><\/h3>\n<div class=\"detail_area_in box-shadow mb50\">\n<h4>\n          El uso de circonio como material de la herramienta de corte aument\u00f3 la<br \/>\n          vida \u00fatil de la herramienta.<br \/>\n        <\/h4>\n<dl>\n<dt>Problema:<\/dt>\n<dd>\n            Para el mecanizado de metales se utilizaban herramientas de corte de<br \/>\n            acero para herramientas. El calor generado durante el mecanizado<br \/>\n            provocaba un desgaste excesivo de la herramienta. Por lo tanto,<br \/>\n            hab\u00eda que cambiar la herramienta con frecuencia, lo que provocaba un<br \/>\n            tiempo de inactividad cada vez. El cliente se quejaba de que esto<br \/>\n            era muy costoso y le hac\u00eda perder tiempo.\n          <\/dd>\n<\/dl>\n<dl>\n<dt>Soluci\u00f3n:<\/dt>\n<dd>\n            Dado que el circonio tiene una excelente resistencia al desgaste,<br \/>\n            decidimos fabricar la herramienta de corte en circonio.\n          <\/dd>\n<\/dl>\n<dl>\n<dt>Resultado:<\/dt>\n<dd>\n            La zirconia mejor\u00f3 significativamente la calidad del desgaste en<br \/>\n            comparaci\u00f3n con el acero para herramientas. &#8220;Y lo que es m\u00e1s<br \/>\n            importante, ahora podemos mecanizar metales con menos tiempo de<br \/>\n            inactividad&#8221;, apreci\u00f3 nuestro cliente.\n          <\/dd>\n<\/dl>\n<p>        <!-- \/.detail_area_in box-shadow -->\n      <\/div>\n<h3 class=\"ttl02\"><span class=\"ja\">Caso 4<\/span><\/h3>\n<div class=\"detail_area_in box-shadow mb50\">\n<h4>\n          El tungsteno de alta pureza proporciona un rendimiento superior de<br \/>\n          blindaje contra la radiaci\u00f3n para las c\u00e1maras gamma.<br \/>\n        <\/h4>\n<dl>\n<dt>Problema:<\/dt>\n<dd>\n            El metal pesado se utilizaba como material de blindaje para<br \/>\n            protegerse de la radiaci\u00f3n de alto nivel. Sin embargo, el<br \/>\n            insuficiente blindaje contra la radiaci\u00f3n hac\u00eda que las c\u00e1maras<br \/>\n            gamma se estropearan con facilidad.\n          <\/dd>\n<\/dl>\n<dl>\n<dt>Soluci\u00f3n:<\/dt>\n<dd>\n            Para mejorar la capacidad de blindaje contra la radiaci\u00f3n,<br \/>\n            recomendamos sustituir el material de blindaje de metal pesado por<br \/>\n            tungsteno de alta pureza.\n          <\/dd>\n<\/dl>\n<dl>\n<dt>Resultado:<\/dt>\n<dd>\n            Gracias a su alta densidad, el tungsteno de alta pureza proporcion\u00f3<br \/>\n            un blindaje eficaz contra la radiaci\u00f3n. Como resultado, la c\u00e1mara<br \/>\n            gamma con blindaje de tungsteno se puso en producci\u00f3n.\n          <\/dd>\n<\/dl>\n<p>        <!-- \/.detail_area_in box-shadow -->\n      <\/div>\n<h3 class=\"ttl02\"><span class=\"ja\">Caso 5<\/span><\/h3>\n<div class=\"detail_area_in box-shadow mb50\">\n<h4>\n          El uso de aleaciones de metales pesados de tungsteno para una fijaci\u00f3n<br \/>\n          de posicionamiento crucial en la fabricaci\u00f3n de componentes el\u00e9ctricos<br \/>\n          para autom\u00f3viles ha logrado reducir el tama\u00f1o de la fijaci\u00f3n, con el<br \/>\n          mismo peso requerido.<br \/>\n        <\/h4>\n<dl>\n<dt>Problema:<\/dt>\n<dd>\n            La fabricaci\u00f3n del accesorio en acero inoxidable no cumpl\u00eda los<br \/>\n            requisitos de tama\u00f1o. Para reducir el tama\u00f1o con el mismo peso, era<br \/>\n            imprescindible un material con un peso espec\u00edfico superior a 17,5<br \/>\n            \/cm3. Adem\u00e1s, el accesorio necesitaba una mayor resistencia al cloro<br \/>\n            y al azufre para aumentar su vida \u00fatil.\n          <\/dd>\n<\/dl>\n<dl>\n<dt>Soluci\u00f3n:<\/dt>\n<dd>\n            Se recomend\u00f3 el uso de aleaciones de metales pesados de tungsteno<br \/>\n            para sustituir al acero inoxidable, por su elevado peso espec\u00edfico<br \/>\n            (18g\/cm3) y su excelente resistencia a la corrosi\u00f3n.\n          <\/dd>\n<\/dl>\n<dl>\n<dt>Resultado:<\/dt>\n<dd>\n            El accesorio pas\u00f3 a tener un tama\u00f1o compacto y una vida \u00fatil<br \/>\n            prolongada.\n          <\/dd>\n<\/dl>\n<p>        <!-- \/.detail_area_in box-shadow -->\n      <\/div>\n<h3 class=\"ttl02\"><span class=\"ja\">Caso 6<\/span><\/h3>\n<div class=\"detail_area_in box-shadow mb50\">\n<h4>\n          El uso de al\u00famina de alta pureza mejor\u00f3 la resistencia al calor de los<br \/>\n          moldes y aument\u00f3 considerablemente la productividad.<br \/>\n        <\/h4>\n<dl>\n<dt>Problema:<\/dt>\n<dd>\n            Los moldes de resina resistente al calor se utilizaban para fabricar<br \/>\n            carb\u00f3n activado para el sistema de purificaci\u00f3n de agua. Sin<br \/>\n            embargo, su insuficiente resistencia al calor para la aplicaci\u00f3n del<br \/>\n            molde era una de las principales causas de la baja productividad.\n          <\/dd>\n<\/dl>\n<dl>\n<dt>Soluci\u00f3n:<\/dt>\n<dd>\n            Dado que la al\u00famina de alta pureza puede soportar altas temperaturas<br \/>\n            de hasta 1.300\u2103, y es relativamente barata en comparaci\u00f3n con otras<br \/>\n            cer\u00e1micas, recomendamos a nuestro cliente que fabricara los moldes<br \/>\n            en al\u00famina al 99,5%.\n          <\/dd>\n<\/dl>\n<dl>\n<dt>Resultado:<\/dt>\n<dd>\n            &#8220;La sustituci\u00f3n del material de los moldes, que son resistentes al<br \/>\n            calor, por la al\u00famina de alta pureza ha mejorado significativamente<br \/>\n            la productividad&#8221;, nos dijo nuestro cliente con satisfacci\u00f3n.\n          <\/dd>\n<\/dl>\n<p>        <!-- \/.detail_area_in box-shadow -->\n      <\/div>\n<h3 class=\"ttl02\"><span class=\"ja\">Caso 7<\/span><\/h3>\n<div class=\"detail_area_in box-shadow mb50\">\n<h4>\n          Los compuestos de matriz met\u00e1lica (MMC) proporcionan un rendimiento<br \/>\n          t\u00e9rmico \u00f3ptimo para las boquillas de soldadura.<br \/>\n        <\/h4>\n<dl>\n<dt>Problema:<\/dt>\n<dd>\n            Un fabricante de m\u00e1quinas de soldar necesitaba boquillas de<br \/>\n            soldadura que no se deformaran a altas temperaturas y que pudieran<br \/>\n            conducir suficiente calor. Ten\u00edan problemas con sus boquillas de<br \/>\n            soldadura de cobre, que se deformaban debido al calor generado<br \/>\n            durante el funcionamiento, lo que provocaba una mala calidad de la<br \/>\n            soldadura.\n          <\/dd>\n<\/dl>\n<dl>\n<dt>Soluci\u00f3n:<\/dt>\n<dd>\n            Propusimos sustituir el cobre por MMC (compuestos de matriz<br \/>\n            met\u00e1lica) por sus excelentes propiedades mec\u00e1nicas y t\u00e9rmicas, como<br \/>\n            su gran durabilidad, baja expansi\u00f3n t\u00e9rmica y alta conductividad<br \/>\n            t\u00e9rmica.\n          <\/dd>\n<\/dl>\n<dl>\n<dt>Resultado:<\/dt>\n<dd>\n            Las boquillas de soldadura de MMC conducen suficiente calor sin<br \/>\n            deformaci\u00f3n t\u00e9rmica, mejorando la calidad de la soldadura de forma<br \/>\n            significativa. Este cliente es ahora uno de los principales<br \/>\n            fabricantes de m\u00e1quinas de soldar que atienden principalmente a la<br \/>\n            industria del autom\u00f3vil.\n          <\/dd>\n<\/dl>\n<p>        <!-- \/.detail_area_in box-shadow -->\n      <\/div>\n<h3 class=\"ttl02\"><span class=\"ja\">Caso 8<\/span><\/h3>\n<div class=\"detail_area_in box-shadow mb50\">\n<h4>\n          Problema de recubrimiento desigual resuelto con las boquillas<br \/>\n          dispensadoras de productos qu\u00edmicos de s\u00edlice fundida.<br \/>\n        <\/h4>\n<dl>\n<dt>Problema:<\/dt>\n<dd>\n            Las boquillas de acero inoxidable se deformaban durante el<br \/>\n            funcionamiento, lo que provocaba un recubrimiento desigual del<br \/>\n            producto qu\u00edmico.\n          <\/dd>\n<\/dl>\n<dl>\n<dt>Soluci\u00f3n:<\/dt>\n<dd>\n            Las boquillas de acero inoxidable se deformaban durante el<br \/>\n            funcionamiento, lo que provocaba un recubrimiento desigual del<br \/>\n            producto qu\u00edmico.\n          <\/dd>\n<\/dl>\n<dl>\n<dt>Resultado:<\/dt>\n<dd>\n            Nuestro cliente est\u00e1 muy satisfecho con las boquillas sin alabeo que<br \/>\n            proporcionan un recubrimiento uniforme. Este cambio tambi\u00e9n aument\u00f3<br \/>\n            la vida \u00fatil de las boquillas.\n          <\/dd>\n<\/dl>\n<p>        <!-- \/.detail_area_in box-shadow -->\n      <\/div>\n<h3 class=\"ttl02\"><span class=\"ja\">Caso 9<\/span><\/h3>\n<div class=\"detail_area_in box-shadow mb50\">\n<h4>\n          Las plantillas de tungsteno s\u00faper duraderas mejoraron la<br \/>\n          productividad.<br \/>\n        <\/h4>\n<dl>\n<dt>Problema:<\/dt>\n<dd>\n            Las plantillas de al\u00famina no pod\u00edan soportar el intenso calor<br \/>\n            provocado durante el proceso de tratamiento t\u00e9rmico y se agrietaban<br \/>\n            o romp\u00edan con frecuencia.\n          <\/dd>\n<\/dl>\n<dl>\n<dt>Soluci\u00f3n:<\/dt>\n<dd>\n            Se recomend\u00f3 el tungsteno para sustituir a la al\u00famina por su<br \/>\n            excepcional resistencia a temperaturas muy elevadas.\n          <\/dd>\n<\/dl>\n<dl>\n<dt>Resultado:<\/dt>\n<dd>\n            Al ser extremadamente duraderas, las plantillas de tungsteno<br \/>\n            permitieron un procesamiento estable y mejoraron significativamente<br \/>\n            la productividad.\n          <\/dd>\n<\/dl>\n<p>        <!-- \/.detail_area_in box-shadow -->\n      <\/div>\n<h3 class=\"ttl02\"><span class=\"ja\">Caso 10<\/span><\/h3>\n<div class=\"detail_area_in box-shadow mb50\">\n<h4>\n          El uso de molibdeno como material de transferencia de calor ha<br \/>\n          mejorado incre\u00edblemente la calidad de la uni\u00f3n de un dispositivo de<br \/>\n          uni\u00f3n por termocompresi\u00f3n.<br \/>\n        <\/h4>\n<dl>\n<dt>Problema:<\/dt>\n<dd>\n            Un dispositivo de uni\u00f3n por termocompresi\u00f3n ten\u00eda un problema con su<br \/>\n            etapa de calentamiento, que no pod\u00eda conducir el calor suficiente<br \/>\n            para que un termopar midiera la temperatura con precisi\u00f3n. La etapa<br \/>\n            estaba hecha de acero inoxidable, un metal con una conductividad<br \/>\n            t\u00e9rmica relativamente baja. La medici\u00f3n imprecisa de la temperatura<br \/>\n            imped\u00eda que el sistema de control de la temperatura funcionara<br \/>\n            correctamente, lo que provocaba una mala calidad de pegado.\n          <\/dd>\n<\/dl>\n<dl>\n<dt>Soluci\u00f3n:<\/dt>\n<dd>\n            Dado que el molibdeno tiene una conductividad t\u00e9rmica<br \/>\n            aproximadamente 9 veces superior a la del acero inoxidable, nuestros<br \/>\n            ingenieros recomendaron fabricar la etapa de calentamiento en<br \/>\n            molibdeno de alta pureza.\n          <\/dd>\n<\/dl>\n<dl>\n<dt>Resultado:<\/dt>\n<dd>\n            &#8220;La etapa de calentamiento de molibdeno permiti\u00f3 un control correcto<br \/>\n            de la temperatura, lo que mejor\u00f3 la calidad de la uni\u00f3n de forma<br \/>\n            espectacular&#8221;, nos dijo nuestro cliente.\n          <\/dd>\n<\/dl>\n<p>        <!-- \/.detail_area_in box-shadow -->\n      <\/div>\n<h3 class=\"ttl02\"><span class=\"ja\">Caso 11<\/span><\/h3>\n<div class=\"detail_area_in box-shadow mb50\">\n<h4>\n          Problema de alabeo resuelto con el material cer\u00e1mico compuesto de<br \/>\n          matriz met\u00e1lica de silicio &#8211; carburo de silicio<br \/>\n        <\/h4>\n<dl>\n<dt>Problema:<\/dt>\n<dd>\n            La placa de silicio se deforma durante el tratamiento t\u00e9rmico de las<br \/>\n            obleas de semiconductores.\n          <\/dd>\n<\/dl>\n<dl>\n<dt>Soluci\u00f3n:<\/dt>\n<dd>\n            Recomendamos sustituir el silicio por material cer\u00e1mico compuesto de<br \/>\n            matriz met\u00e1lica Si50 \/ SiC50 para aumentar las propiedades<br \/>\n            estructurales y t\u00e9rmicas de la placa de tratamiento t\u00e9rmico.\n          <\/dd>\n<\/dl>\n<dl>\n<dt>Resultado:<\/dt>\n<dd>\n            Gracias al aumento de la rigidez y a la reducci\u00f3n de la expansi\u00f3n<br \/>\n            t\u00e9rmica, la placa ya no tiene problemas de alabeo.\n          <\/dd>\n<\/dl>\n<p>        <!-- \/.detail_area_in box-shadow -->\n      <\/div>\n<h3 class=\"ttl02\"><span class=\"ja\">Caso 12<\/span><\/h3>\n<div class=\"detail_area_in box-shadow mb50\">\n<h4>\n          La sustituci\u00f3n del invar por el vidrio de s\u00edlice fundido para mejorar<br \/>\n          la estabilidad t\u00e9rmica permiti\u00f3 un an\u00e1lisis de gases fiable, preciso y<br \/>\n          estable.<br \/>\n        <\/h4>\n<dl>\n<dt>Problema:<\/dt>\n<dd>\n            El instrumento analizador de gases ten\u00eda un problema con su<br \/>\n            componente cr\u00edtico hecho de invar que se expand\u00eda con el aumento de<br \/>\n            la temperatura y causaba una medici\u00f3n de gas inestable.\n          <\/dd>\n<\/dl>\n<dl>\n<dt>Soluci\u00f3n:<\/dt>\n<dd>\n            Debido a su gran estabilidad t\u00e9rmica y excelente resistencia a la<br \/>\n            corrosi\u00f3n, se recomend\u00f3 sustituir el invar por vidrio de s\u00edlice<br \/>\n            fundido.\n          <\/dd>\n<\/dl>\n<dl>\n<dt>Resultado:<\/dt>\n<dd>\n            Gracias a la muy baja expansi\u00f3n t\u00e9rmica de la s\u00edlice fundida, el<br \/>\n            componente se volvi\u00f3 t\u00e9rmicamente estable, lo que permiti\u00f3 que el<br \/>\n            instrumento analizador de gases midiera de forma fiable, precisa y<br \/>\n            estable incluso a altas temperaturas.\n          <\/dd>\n<\/dl>\n<p>        <!-- \/.detail_area_in box-shadow -->\n      <\/div>\n<\/p><\/div>\n<\/section>\n<\/article>\n","protected":false},"excerpt":{"rendered":"<p>Ejemplos de sustituci\u00f3n de material Top Seiko tiene una gran experiencia en el mecanizado de precisi\u00f3n de materiales ultraduros, como la cer\u00e1mica avanzada, el vidrio de s\u00edlice fundido y el vidrio de borosilicato, as\u00ed como metales refractarios como el tungsteno, el molibdeno y el t\u00e1ntalo. Como parte de nuestro servicio integral de mecanizado, ofrecemos asistencia en la selecci\u00f3n de materiales para ayudar a nuestros clientes a elegir el mejor material que se adapte a su prop\u00f3sito y se ajuste a su presupuesto. Los pl\u00e1sticos y los metales tradicionales\/convencionales, como el hierro, el aluminio o el acero inoxidable, pueden sustituirse por cer\u00e1micas o metales refractarios para obtener un rendimiento superior, como, [&hellip;]<\/p>\n","protected":false},"author":1,"featured_media":0,"parent":7941,"menu_order":0,"comment_status":"closed","ping_status":"closed","template":"","meta":{"om_disable_all_campaigns":false,"_monsterinsights_skip_tracking":false,"_monsterinsights_sitenote_active":false,"_monsterinsights_sitenote_note":"","_monsterinsights_sitenote_category":0,"footnotes":""},"aioseo_notices":[],"_links":{"self":[{"href":"https:\/\/top-seiko.com\/es\/wp-json\/wp\/v2\/pages\/7944"}],"collection":[{"href":"https:\/\/top-seiko.com\/es\/wp-json\/wp\/v2\/pages"}],"about":[{"href":"https:\/\/top-seiko.com\/es\/wp-json\/wp\/v2\/types\/page"}],"author":[{"embeddable":true,"href":"https:\/\/top-seiko.com\/es\/wp-json\/wp\/v2\/users\/1"}],"replies":[{"embeddable":true,"href":"https:\/\/top-seiko.com\/es\/wp-json\/wp\/v2\/comments?post=7944"}],"version-history":[{"count":4,"href":"https:\/\/top-seiko.com\/es\/wp-json\/wp\/v2\/pages\/7944\/revisions"}],"predecessor-version":[{"id":7948,"href":"https:\/\/top-seiko.com\/es\/wp-json\/wp\/v2\/pages\/7944\/revisions\/7948"}],"up":[{"embeddable":true,"href":"https:\/\/top-seiko.com\/es\/wp-json\/wp\/v2\/pages\/7941"}],"wp:attachment":[{"href":"https:\/\/top-seiko.com\/es\/wp-json\/wp\/v2\/media?parent=7944"}],"curies":[{"name":"wp","href":"https:\/\/api.w.org\/{rel}","templated":true}]}}