{"id":8502,"date":"2016-09-08T14:32:40","date_gmt":"2016-09-08T05:32:40","guid":{"rendered":"https:\/\/top-seiko.com\/acerca-de-nosotros\/"},"modified":"2023-01-12T17:58:39","modified_gmt":"2023-01-12T08:58:39","slug":"company","status":"publish","type":"page","link":"https:\/\/top-seiko.com\/es\/company\/","title":{"rendered":"Acerca de nosotros"},"content":{"rendered":"<article class=\"m-company\">\n<section class=\"company\">\n<div class=\"container\">\n<h2 class=\"ttl01\"><span class=\"ja\">Acerca de nosotros<\/span><\/h2>\n<ul class=\"company_list row\">\n<li class=\"col-xs-12 col-sm-4 col-md-4 col-lg-4 row\">\n<div class=\"list_in\">\n<div class=\"col-sm-6 list_l\"><a href=\"overview\/\"><img decoding=\"async\" src=\"\/img\/company\/company_overview.jpg\" alt=\"Perfile de la empresa \"><\/a><\/div>\n<div class=\"col-sm-6 list_r\">\n<h4>Perfile de la empresa <\/h4>\n<p>\t\t\t\t\t\t\t<a href=\"overview\/\"><\/a>\n\t\t\t\t\t\t<\/div>\n<p>\t\t\t\t\t<!-- \/.list_in --><\/div>\n<\/li>\n<li class=\"col-xs-12 col-sm-4 col-md-4 col-lg-4 row\">\n<div class=\"list_in\">\n<div class=\"col-sm-6 list_l\"><a href=\"history\/\"><img decoding=\"async\" src=\"\/img\/company\/company_history.jpg\" alt=\"Historia de la empresa \"><\/a><\/div>\n<div class=\"col-sm-6 list_r\">\n<h4>Historia de la empresa <\/h4>\n<p>\t\t\t\t\t\t\t<a href=\"history\/\"><\/a>\n\t\t\t\t\t\t<\/div>\n<p>\t\t\t\t\t<!-- \/.list_in --><\/div>\n<\/li>\n<li class=\"col-xs-12 col-sm-4 col-md-4 col-lg-4 row\">\n<div class=\"list_in\">\n<div class=\"col-sm-6 list_l\"><a href=\"facility\/\"><img decoding=\"async\" src=\"\/img\/company\/company_facility.jpg\" alt=\"Lista de equipo \"><\/a><\/div>\n<div class=\"col-sm-6 list_r\">\n<h4>Lista de equipo<br \/>\u3000 <\/h4>\n<p>\t\t\t\t\t\t\t<a href=\"facility\/\"><\/a>\n\t\t\t\t\t\t<\/div>\n<p>\t\t\t\t\t<!-- \/.list_in --><\/div>\n<\/li>\n<li class=\"col-xs-12 col-sm-4 col-md-4 col-lg-4 row\">\n<div class=\"list_in\">\n<div class=\"col-sm-6 list_l\"><a href=\"address\/\"><img decoding=\"async\" src=\"\/img\/company\/company_address.jpg\" alt=\"Ubicaci\u00f3n \"><\/a><\/div>\n<div class=\"col-sm-6 list_r\">\n<h4>Ubicaci\u00f3n <\/h4>\n<p>\t\t\t\t\t\t\t<a href=\"address\/\"><\/a>\n\t\t\t\t\t\t<\/div>\n<p>\t\t\t\t\t<!-- \/.list_in --><\/div>\n<\/li>\n<li class=\"col-xs-12 col-sm-4 col-md-4 col-lg-4 row\">\n<div class=\"list_in\">\n<div class=\"col-sm-6 list_l\"><a href=\"greeting\/\"><img decoding=\"async\" src=\"\/img\/company\/company_greeting.jpg\" alt=\"Mensaje del Director General \"><\/a><\/div>\n<div class=\"col-sm-6 list_r\">\n<h4>Mensaje del Director General <\/h4>\n<p>\t\t\t\t\t\t\t<a href=\"greeting\/\"><\/a>\n\t\t\t\t\t\t<\/div>\n<p>\t\t\t\t\t<!-- \/.list_in --><\/div>\n<\/li>\n<li class=\"col-xs-12 col-sm-4 col-md-4 col-lg-4 row\">\n<div class=\"list_in\">\n<div class=\"col-sm-6 list_l\"><a href=\"philosophy\/\"><img decoding=\"async\" src=\"\/img\/company\/company_philosophy.jpg\" alt=\"Filosof\u00eda de la empresa\"><\/a><\/div>\n<div class=\"col-sm-6 list_r\">\n<h4>Corporate Philosophy <\/h4>\n<p>\t\t\t\t\t\t\t<a href=\"philosophy\/\"><\/a>\n\t\t\t\t\t\t<\/div>\n<p>\t\t\t\t\t<!-- \/.list_in --><\/div>\n<\/li>\n<li class=\"col-xs-12 col-sm-4 col-md-4 col-lg-4 row\">\n<div class=\"list_in\">\n<div class=\"col-sm-6 list_l\"><a href=\"iso\/\"><img decoding=\"async\" src=\"\/img\/company\/company_iso.jpg\" alt=\"Certificaci\u00f3n ISO \"><\/a><\/div>\n<div class=\"col-sm-6 list_r\">\n<h4>Certificaci\u00f3n ISO <\/h4>\n<p>\t\t\t\t\t\t\t<a href=\"iso\/\"><\/a>\n\t\t\t\t\t\t<\/div>\n<p>\t\t\t\t\t<!-- \/.list_in --><\/div>\n<\/li>\n<li class=\"col-xs-12 col-sm-4 col-md-4 col-lg-4 row\">\n<div class=\"list_in\">\n<div class=\"col-sm-6 list_l\"><a href=\"..\/news\/\"><img decoding=\"async\" src=\"\/img\/company\/company_news.jpg\" alt=\"News\"><\/a><\/div>\n<div class=\"col-sm-6 list_r\">\n<h4>News<\/h4>\n<p>\t\t\t\t\t\t\t<a href=\"..\/news\/\"><\/a>\n\t\t\t\t\t\t<\/div>\n<p>\t\t\t\t\t<!-- \/.list_in --><\/div>\n<\/li>\n<li class=\"col-xs-12 col-sm-4 col-md-4 col-lg-4 row\">\n<div class=\"list_in\">\n<div class=\"col-sm-6 list_l\"><a href=\"\/common\/pdf\/Top_Seiko_Terms_and_Conditions_of_Sales.pdf\" target=\"new\" rel=\"noopener\"><img decoding=\"async\" src=\"\/img\/company\/company_recruit.jpg\" alt=\"Condiciones generales\"><\/a><\/div>\n<div class=\"col-sm-6 list_r\">\n<h4>Condiciones generales<\/h4>\n<p>\t\t\t\t\t\t\t<a href=\"\/common\/pdf\/Top_Seiko_Terms_and_Conditions_of_Sales.pdf\" target=\"new\" rel=\"noopener\"><\/a>\n\t\t\t\t\t\t<\/div>\n<p>\t\t\t\t\t<!-- \/.list_in --><\/div>\n<\/li>\n<\/ul>\n<div class=\"news\">\n<h2 class=\"ttl02\"><span class=\"ja\">News <\/span><\/h2>\n<div class=\"news_table_area box-shadow\">\n<table class=\"table_style3 table-responsive2\">\n\t\t\t\t\t\t<tr>\n\t<th><time>2025.08.29<\/time><\/th>\n\t<td><a href=\"https:\/\/top-seiko.com\/es\/news\/13805\/\">Prototipado r\u00e1pido y materiales para semiconductores<\/a><\/td>\n<\/tr><tr>\n\t<th><time>2025.08.08<\/time><\/th>\n\t<td><a href=\"https:\/\/top-seiko.com\/es\/news\/13750\/\">\u00bfPara qu\u00e9 sirven los componentes unidos por difusi\u00f3n?<\/a><\/td>\n<\/tr><tr>\n\t<th><time>2025.06.06<\/time><\/th>\n\t<td><a href=\"https:\/\/top-seiko.com\/es\/news\/13641\/\">\u00bfPor qu\u00e9 el mecanizado de precisi\u00f3n es m\u00e1s caro?<\/a><\/td>\n<\/tr><br \/>\n\t\t\t\t\t<\/table>\n<\/p><\/div>\n<div class=\"all_news\">\n\t\t\t\t\t<a href=\"..\/news\/\">News List<i class=\"fa fa-caret-right\" aria-hidden=\"true\"><\/i><\/a>\n\t\t\t\t<\/div>\n<p>\t\t\t<!-- \/.news --><\/div>\n<p>\t\t<!-- container --><\/div>\n<\/section>\n<\/article>\n","protected":false},"excerpt":{"rendered":"<p>Acerca de nosotros Perfile de la empresa Historia de la empresa Lista de equipo\u3000 Ubicaci\u00f3n Mensaje del Director General Corporate Philosophy Certificaci\u00f3n ISO News Condiciones generales News News List<\/p>\n","protected":false},"author":1,"featured_media":0,"parent":0,"menu_order":0,"comment_status":"closed","ping_status":"closed","template":"","meta":{"om_disable_all_campaigns":false,"_monsterinsights_skip_tracking":false,"_monsterinsights_sitenote_active":false,"_monsterinsights_sitenote_note":"","_monsterinsights_sitenote_category":0,"footnotes":""},"aioseo_notices":[],"_links":{"self":[{"href":"https:\/\/top-seiko.com\/es\/wp-json\/wp\/v2\/pages\/8502"}],"collection":[{"href":"https:\/\/top-seiko.com\/es\/wp-json\/wp\/v2\/pages"}],"about":[{"href":"https:\/\/top-seiko.com\/es\/wp-json\/wp\/v2\/types\/page"}],"author":[{"embeddable":true,"href":"https:\/\/top-seiko.com\/es\/wp-json\/wp\/v2\/users\/1"}],"replies":[{"embeddable":true,"href":"https:\/\/top-seiko.com\/es\/wp-json\/wp\/v2\/comments?post=8502"}],"version-history":[{"count":4,"href":"https:\/\/top-seiko.com\/es\/wp-json\/wp\/v2\/pages\/8502\/revisions"}],"predecessor-version":[{"id":8506,"href":"https:\/\/top-seiko.com\/es\/wp-json\/wp\/v2\/pages\/8502\/revisions\/8506"}],"wp:attachment":[{"href":"https:\/\/top-seiko.com\/es\/wp-json\/wp\/v2\/media?parent=8502"}],"curies":[{"name":"wp","href":"https:\/\/api.w.org\/{rel}","templated":true}]}}