{"id":8521,"date":"2016-09-08T14:36:14","date_gmt":"2016-09-08T05:36:14","guid":{"rendered":"https:\/\/top-seiko.com\/company\/politica-de-calidad-iso-9001\/"},"modified":"2023-01-12T19:23:34","modified_gmt":"2023-01-12T10:23:34","slug":"iso","status":"publish","type":"page","link":"https:\/\/top-seiko.com\/es\/company\/iso\/","title":{"rendered":"Pol\u00edtica de calidad ISO 9001"},"content":{"rendered":"<article class=\"m-iso\">\n<section class=\"iso\">\n<div class=\"container\">\n<h2 class=\"ttl02\"><span class=\"ja\">Pol\u00edtica de calidad ISO 9001<\/span><\/h2>\n<div class=\"detail_area_in box-shadow\">\n<div class=\"iso_heading\">\n En agosto de 2006, Top Seiko obtuvo la certificaci\u00f3n ISO 9001:2000 y JISQ 9001:2000, dos normas internacionales de sistemas de gesti\u00f3n de calidad, en un esfuerzo conjunto de los empleados por mejorar a\u00fan m\u00e1s la satisfacci\u00f3n de los clientes y ofrecer productos seguros y de alta calidad. Queremos seguir garantizando la eficacia de nuestro sistema de gesti\u00f3n de la calidad en el futuro y convertirnos en un &#8220;grupo de ingenier\u00eda&#8221; que siga siendo querido por los clientes.\n        <\/div>\n<div class=\"basic\">\n<h3 class=\"ttl03\">Pol\u00edtica b\u00e1sica de la calidad<\/h3>\n<div class=\"basic_list\">\n<h4>Pol\u00edtica de la calidad<\/h4>\n<dl>\n<dt>1<\/dt>\n<dd>La importancia de los clientes es la piedra angular de nuestra gesti\u00f3n.<\/dd>\n<\/dl>\n<dl>\n<dt>2<\/dt>\n<dd>Seguimos desarroll\u00e1ndonos y mejorando mediante la aplicaci\u00f3n eficaz de nuestro sistema de gesti\u00f3n.<\/dd>\n<\/dl>\n<dl>\n<dt>3<\/dt>\n<dd>Actuamos pensando en la protecci\u00f3n del medio ambiente mundial y la salud de las personas.<\/dd>\n<\/dl>\n<p>          <!-- \/.basic_list --><\/div>\n<p>        <!-- \/.detail_area_in --><\/div>\n<p>      <!-- \/.basic --><\/div>\n<p>    <!-- container --><\/div>\n<p>  <!-- iso --><\/section>\n<\/article>\n","protected":false},"excerpt":{"rendered":"<p>Pol\u00edtica de calidad ISO 9001 En agosto de 2006, Top Seiko obtuvo la certificaci\u00f3n ISO 9001:2000 y JISQ 9001:2000, dos normas internacionales de sistemas de gesti\u00f3n de calidad, en un esfuerzo conjunto de los empleados por mejorar a\u00fan m\u00e1s la satisfacci\u00f3n de los clientes y ofrecer productos seguros y de alta calidad. Queremos seguir garantizando la eficacia de nuestro sistema de gesti\u00f3n de la calidad en el futuro y convertirnos en un &#8220;grupo de ingenier\u00eda&#8221; que siga siendo querido por los clientes. Pol\u00edtica b\u00e1sica de la calidad Pol\u00edtica de la calidad 1 La importancia de los clientes es la piedra angular de nuestra gesti\u00f3n. 2 Seguimos desarroll\u00e1ndonos y mejorando mediante [&hellip;]<\/p>\n","protected":false},"author":1,"featured_media":0,"parent":8502,"menu_order":0,"comment_status":"closed","ping_status":"closed","template":"page-child-company.php","meta":{"om_disable_all_campaigns":false,"_monsterinsights_skip_tracking":false,"_monsterinsights_sitenote_active":false,"_monsterinsights_sitenote_note":"","_monsterinsights_sitenote_category":0,"footnotes":""},"aioseo_notices":[],"_links":{"self":[{"href":"https:\/\/top-seiko.com\/es\/wp-json\/wp\/v2\/pages\/8521"}],"collection":[{"href":"https:\/\/top-seiko.com\/es\/wp-json\/wp\/v2\/pages"}],"about":[{"href":"https:\/\/top-seiko.com\/es\/wp-json\/wp\/v2\/types\/page"}],"author":[{"embeddable":true,"href":"https:\/\/top-seiko.com\/es\/wp-json\/wp\/v2\/users\/1"}],"replies":[{"embeddable":true,"href":"https:\/\/top-seiko.com\/es\/wp-json\/wp\/v2\/comments?post=8521"}],"version-history":[{"count":1,"href":"https:\/\/top-seiko.com\/es\/wp-json\/wp\/v2\/pages\/8521\/revisions"}],"predecessor-version":[{"id":8522,"href":"https:\/\/top-seiko.com\/es\/wp-json\/wp\/v2\/pages\/8521\/revisions\/8522"}],"up":[{"embeddable":true,"href":"https:\/\/top-seiko.com\/es\/wp-json\/wp\/v2\/pages\/8502"}],"wp:attachment":[{"href":"https:\/\/top-seiko.com\/es\/wp-json\/wp\/v2\/media?parent=8521"}],"curies":[{"name":"wp","href":"https:\/\/api.w.org\/{rel}","templated":true}]}}