{"id":8550,"date":"2016-09-08T14:37:17","date_gmt":"2016-09-08T05:37:17","guid":{"rendered":"https:\/\/top-seiko.com\/asistencia-para-el-desarrollo-de-productos\/"},"modified":"2023-01-13T15:58:35","modified_gmt":"2023-01-13T06:58:35","slug":"cooperation","status":"publish","type":"page","link":"https:\/\/top-seiko.com\/es\/cooperation\/","title":{"rendered":"Asistencia para el desarrollo de productos"},"content":{"rendered":"<article class=\"m-cooperation\">\n\t<!-- \u52a0\u5de5\u6280\u8853\u7d39\u4ecb --><\/p>\n<section class=\"cooperation\">\n<div class=\"container\">\n<h2 class=\"ttl01\">\n\t\t\t\t<span class=\"ja\">Asistencia para el desarrollo de productos<\/span><br \/>\n\t\t\t<\/h2>\n<div class=\"contents_top box-shadow row\">\n<div class=\"contents_top_text col-sm-7\">\n<p>Con nuestras m\u00e1quinas m\u00e1s modernas, varios tipos de herramientas de mecanizado en almac\u00e9n, e ingenieros y operarios de m\u00e1quinas experimentados, ayudamos a nuestros clientes a iniciar sus proyectos de desarrollo de productos lo antes posible. <br \/>\n Puede contar con nosotros para sus necesidades de mecanizado de prototipos de bajo volumen y de producci\u00f3n de alto volumen. <\/p>\n<p>Para sus necesidades de mecanizado m\u00e1s exigentes, llevamos a cabo mecanizados de prueba. En funci\u00f3n de los resultados de la prueba, decidimos las mejores condiciones de mecanizado para cumplir y superar sus requisitos m\u00e1s exigentes. Incluso realizamos pruebas hasta obtener los resultados deseados.  <\/p>\n<p>Aproveche la fuerza combinada de nuestro conocimiento de los materiales y el saber hacer del mecanizado, y haga realidad sus interesantes e innovadores productos en el momento oportuno.<\/p>\n<\/p><\/div>\n<div class=\"contents_img col-sm-5 tC\">\n\t\t\t\t\t<img decoding=\"async\" src=\"\/img\/cooperation\/cooperation_img01.jpg\" alt=\"\">\n\t\t\t\t<\/div>\n<\/p><\/div>\n<div class=\"flow\">\n<h3 class=\"ttl02\"><span class=\"ja\">De la consulta a la entrega<\/span><\/h3>\n<div class=\"flow_box box-shadow\">\n<ul class=\"row\">\n<li class=\"box_border_only col-sm-6\u3000col-md-6 col-lg-6 mb30\">\n<h4 class=\"ttl_grad_blue box-shadow tC\">01. Consulta<\/h4>\n<div class=\"list_in\">\n<div class=\"image\"><img decoding=\"async\" src=\"\/img\/cooperation\/flow_img01.jpg\" alt=\"\"><\/div>\n<p>Puede aprovechar al m\u00e1ximo nuestro servicio si nos indica su aplicaci\u00f3n de la pieza mecanizada de la forma m\u00e1s espec\u00edfica posible. Le ayudaremos a encontrar la mejor soluci\u00f3n posible para su aplicaci\u00f3n \u00fanica gracias a nuestro profundo conocimiento de los materiales duros ex\u00f3ticos y a nuestra amplia experiencia en el mecanizado. <\/p>\n<dl>\n<dt>Selecci\u00f3n de materiales<\/dt>\n<dd>Podemos ayudarle a seleccionar un material con las propiedades adecuadas para su aplicaci\u00f3n.<\/dd>\n<\/dl>\n<p>\t\t\t\t\t\t\t<!-- \/.list_in --><\/div>\n<\/li>\n<li class=\"box_border_only col-sm-6\u3000col-md-6 col-lg-6 mb30\">\n<h4 class=\"ttl_grad_blue box-shadow tC\">02. Selecci\u00f3n del proceso de mecanizado<\/h4>\n<div class=\"list_in\">\n<div class=\"image\"><img decoding=\"async\" src=\"\/img\/cooperation\/flow_img02.jpg\" alt=\"\"><\/div>\n<dl>\n<dt>Para seleccionar el(los) proceso(s) de mecanizado, tenemos en cuenta:<\/dt>\n<dd>1.Los requisitos de calidad (incluidas las tolerancias dimensionales, la complejidad de la forma y el acabado superficial) y de cantidad, as\u00ed como el coste del mecanizado.<\/dd>\n<dd>2. Las propiedades f\u00edsicas del material, como la dureza, la tenacidad, la rigidez (m\u00f3dulo de Young), el coeficiente de expansi\u00f3n t\u00e9rmica, la conductividad t\u00e9rmica y las caracter\u00edsticas el\u00e9ctricas.<\/dd>\n<dd>3.Composici\u00f3n qu\u00edmica del material.<\/dd>\n<\/dl>\n<p>\t\t\t\t\t\t\t<!-- \/.list_in --><\/div>\n<\/li>\n<\/ul>\n<div class=\"box_border_only mb30\">\n<h4 class=\"ttl_grad_blue box-shadow tC\">03.Aceptaci\u00f3n del pedido<\/h4>\n<div class=\"list_in\">\n<div class=\"row\">\n<div class=\"col-sm-6\">\n<div class=\"image\"><img decoding=\"async\" src=\"\/img\/cooperation\/flow_img03.jpg\" alt=\"\"><\/div>\n<p>Estaremos encantados de aceptar sus pedidos cuando considere que nuestro servicio es beneficioso para usted. Queremos asegurarnos de que nuestro servicio es el m\u00e1s adecuado para sus necesidades de mecanizado. <\/p>\n<dl>\n<dt>Presentaci\u00f3n de otra empresa de mecanizado <\/dt>\n<dd>En caso de que sus necesidades impliquen un proceso o tratamiento especial que no manejemos, estaremos encantados de presentarle a otro especialista en mecanizado. Despu\u00e9s de recibir nuestros datos de contacto, puede ponerse en contacto con ellos directamente.  <\/dd>\n<\/dl>\n<dl>\n<dt>Preparaci\u00f3n para el mecanizado de prueba <\/dt>\n<dd>En caso de que sea necesario un mecanizado de prueba, decidiremos el\/los proceso(s) de mecanizado, el equipo de mecanizado, las herramientas de mecanizado y las condiciones de mecanizado en funci\u00f3n de las especificaciones de la pieza y los requisitos de la aplicaci\u00f3n. <br \/>\n Disponemos de una amplia variedad de herramientas de mecanizado en stock. Para el mecanizado de prueba, se recomienda probar con las herramientas en stock para obtener un resultado m\u00e1s r\u00e1pido y un menor coste. <\/dd>\n<\/dl>\n<p>\t\t\t\t\t\t\t\t<!-- \/.col-sm-6 --><\/div>\n<div class=\"col-sm-6\">\n<dl>\n<dt>Mecanizado de prueba<\/dt>\n<dd>De entre varios tipos de m\u00e1quinas, elegimos la m\u00e1s eficiente para llevar a cabo el mecanizado de prueba en el momento oportuno. Nuestro experto maquinista supervisar\u00e1 la m\u00e1quina durante su funcionamiento para detectar problemas y ruidos, como los producidos por cargas de mecanizado excesivas o vibraciones. Una vez detectados, se realizar\u00e1n ajustes para garantizar un funcionamiento \u00f3ptimo.   <\/dd>\n<\/dl>\n<dl>\n<dt>Evaluaci\u00f3n de los resultados<\/dt>\n<dd>Evaluamos los resultados del mecanizado de prueba. Si los resultados no son satisfactorios, seguiremos probando hasta conseguir los resultados deseados. A continuaci\u00f3n, finalizaremos el\/los proceso\/s de mecanizado, las herramientas y las condiciones para proceder al mecanizado del producto.  <\/dd>\n<\/dl>\n<p>\t\t\t\t\t\t\t\t<!-- \/.col-sm-6 --><\/div>\n<p>\t\t\t\t\t\t\t<!-- \/.row --><\/div>\n<p>\t\t\t\t\t\t<!-- \/.list_in --><\/div>\n<\/p><\/div>\n<ul class=\"row\">\n<li class=\"box_border_only col-sm-6\u3000col-md-6 col-lg-6\">\n<h4 class=\"ttl_grad_blue box-shadow tC\">04. Preparaci\u00f3n para el mecanizado del producto<\/h4>\n<div class=\"list_in\">\n<div class=\"image\"><img decoding=\"async\" src=\"\/img\/cooperation\/flow_img04.jpg\" alt=\"\"><\/div>\n<p>Si el proyecto requiere de herramientas y plantillas\/fixturas espec\u00edficamente dise\u00f1adas, se preparar\u00e1n en esta fase.<\/p>\n<dl>\n<dt>Mecanizado del producto<\/dt>\n<dd>Se realizar\u00e1n los ajustes finales para garantizar que todos los procesos de mecanizado se lleven a cabo en condiciones \u00f3ptimas. <br \/>\n Para cada proyecto, las m\u00e1quinas y los operadores se eligen cuidadosamente para asegurarse de que podemos cumplir y superar sus requisitos. Incluso puede observar las operaciones de mecanizado si es necesario. Aseg\u00farese de hacer una reserva antes de su visita.  <\/dd>\n<\/dl>\n<dl>\n<dt>Inspecci\u00f3n \/ Garant\u00eda de calidad<\/dt>\n<dd>Todos los productos pasan por una inspecci\u00f3n para garantizar que s\u00f3lo suministramos los que cumplen los requisitos de calidad.<\/dd>\n<\/dl>\n<p>\t\t\t\t\t\t\t<!-- \/.list_in --><\/div>\n<\/li>\n<li class=\"box_border_only col-sm-6\u3000col-md-6 col-lg-6\">\n<h4 class=\"ttl_grad_blue box-shadow tC\">05. Entrega<\/h4>\n<div class=\"list_in\">\n<div class=\"image\"><img decoding=\"async\" src=\"\/img\/cooperation\/flow_img05.jpg\" alt=\"\"><\/div>\n<p>Todos los productos se entregan con informes de inspecci\u00f3n. Si lo solicita, podemos facilitarle informaci\u00f3n sobre los procesos de fabricaci\u00f3n.  <\/p>\n<p>\t\t\t\t\t\t\t<!-- \/.list_in --><\/div>\n<\/li>\n<\/ul>\n<p>\t\t\t\t<!-- \/.flow_box --><\/div>\n<\/p><\/div>\n<p>\t\t<!-- container --><\/div>\n<\/section>\n<section class=\"common_area2\">\n<div class=\"common_area_top\">\n<div class=\"container\">\n<div class=\"contact_box\">\n<h3>Nos complace ayudar a su I+D con nuestra tecnolog\u00eda de mecanizado de alta precisi\u00f3n y nuestra sugerencia de materiales ultraduros.<\/h3>\n<div class=\"row\">\n<div class=\"contact_box_l col-sm-6\">\n<div class=\"logo\"><img decoding=\"async\" src=\"\/common\/img\/ico\/common_logo_ico.png\" alt=\"\"><\/div>\n<div class=\"text_area\">\n<h4>Top Seiko Co., Ltd.<\/h4>\n<p>\n 1197-4, Hosoe-cho, Nagahama City,<br \/>Shiga Pref., 526-0105 Japan <br \/>\n\t\t\t\t\t\t\t\t\t<a href=\"company\/address\/\" class=\"access_map_link\">[ Access Map ]<\/a>\n\t\t\t\t\t\t\t\t<\/p>\n<p>\t\t\t\t\t\t\t<!-- \/.text_area --><\/div>\n<p>\t\t\t\t\t\t<!-- \/.contact_box_logo col-sm-6 --><\/div>\n<div class=\"contact_box_r col-sm-6\">\n<div class=\"tel\">\n Phone.+81-(0)749-51-9021<br \/>\n\t\t\t\t\t\t\t<!-- \/.tel --><\/div>\n<div class=\"fax\">\n FAX.+81-(0)749-51-9022<br \/>\n\t\t\t\t\t\t\t<!-- \/.fax --><\/div>\n<div class=\"contact_btn btn_grad_blue2\">\n\t\t\t\t\t\t\t\t<a href=\"..\/contact\"> Inquiry<\/a><br \/>\n\t\t\t\t\t\t\t<!-- \/.contact_btn --><\/div>\n<div class=\"contact_btn btn_grad_blue\">\n\t\t\t\t\t\t\t\t<a href=\"..\/download\">Documents Download<\/a><br \/>\n\t\t\t\t\t\t\t<!-- \/.contact_btn --><\/div>\n<p>\t\t\t\t\t\t<!-- \/.contact_box_other --><\/div>\n<p>\t\t\t\t\t<!-- \/.row --><\/div>\n<p>\t\t\t\t<!-- \/.contact_box --><\/div>\n<p>\t\t\t<!-- \/.container --><\/div>\n<p>\t\t<!-- \/.common_area_top --><\/div>\n<p>\t<!-- \/.common_area --><\/section>\n<\/article>\n","protected":false},"excerpt":{"rendered":"<p>Asistencia para el desarrollo de productos Con nuestras m\u00e1quinas m\u00e1s modernas, varios tipos de herramientas de mecanizado en almac\u00e9n, e ingenieros y operarios de m\u00e1quinas experimentados, ayudamos a nuestros clientes a iniciar sus proyectos de desarrollo de productos lo antes posible. Puede contar con nosotros para sus necesidades de mecanizado de prototipos de bajo volumen y de producci\u00f3n de alto volumen. Para sus necesidades de mecanizado m\u00e1s exigentes, llevamos a cabo mecanizados de prueba. En funci\u00f3n de los resultados de la prueba, decidimos las mejores condiciones de mecanizado para cumplir y superar sus requisitos m\u00e1s exigentes. Incluso realizamos pruebas hasta obtener los resultados deseados. Aproveche la fuerza combinada de nuestro [&hellip;]<\/p>\n","protected":false},"author":1,"featured_media":0,"parent":0,"menu_order":0,"comment_status":"closed","ping_status":"closed","template":"","meta":{"om_disable_all_campaigns":false,"_monsterinsights_skip_tracking":false,"_monsterinsights_sitenote_active":false,"_monsterinsights_sitenote_note":"","_monsterinsights_sitenote_category":0,"footnotes":""},"aioseo_notices":[],"_links":{"self":[{"href":"https:\/\/top-seiko.com\/es\/wp-json\/wp\/v2\/pages\/8550"}],"collection":[{"href":"https:\/\/top-seiko.com\/es\/wp-json\/wp\/v2\/pages"}],"about":[{"href":"https:\/\/top-seiko.com\/es\/wp-json\/wp\/v2\/types\/page"}],"author":[{"embeddable":true,"href":"https:\/\/top-seiko.com\/es\/wp-json\/wp\/v2\/users\/1"}],"replies":[{"embeddable":true,"href":"https:\/\/top-seiko.com\/es\/wp-json\/wp\/v2\/comments?post=8550"}],"version-history":[{"count":2,"href":"https:\/\/top-seiko.com\/es\/wp-json\/wp\/v2\/pages\/8550\/revisions"}],"predecessor-version":[{"id":8552,"href":"https:\/\/top-seiko.com\/es\/wp-json\/wp\/v2\/pages\/8550\/revisions\/8552"}],"wp:attachment":[{"href":"https:\/\/top-seiko.com\/es\/wp-json\/wp\/v2\/media?parent=8550"}],"curies":[{"name":"wp","href":"https:\/\/api.w.org\/{rel}","templated":true}]}}