{"id":8564,"date":"2016-09-08T14:01:12","date_gmt":"2016-09-08T05:01:12","guid":{"rendered":"https:\/\/top-seiko.com\/servicios-de-mecanizado-de-precision-para-materiales-ultraduros\/"},"modified":"2023-10-23T18:23:45","modified_gmt":"2023-10-23T09:23:45","slug":"technology","status":"publish","type":"page","link":"https:\/\/top-seiko.com\/es\/technology\/","title":{"rendered":"Servicios de mecanizado de precisi\u00f3n para materiales ultraduros"},"content":{"rendered":"<article class=\"m-technology\">\n\t<!-- \u52a0\u5de5\u6280\u8853\u7d39\u4ecb --><\/p>\n<section class=\"technology\">\n<div class=\"container\">\n<h2 class=\"ttl01\">\n\t\t\t\t<span class=\"ja\">Precision Machining Services for Ultra-Hard Materials<\/span><br \/>\n\t\t\t<\/h2>\n<div class=\"contents_top box-shadow row\">\n<div class=\"contents_top_text col-sm-7\">\n<p><strong>&#8220;Muchas piezas de precisi\u00f3n se fabricaban con materiales met\u00e1licos comunes. Pero trabajamos con materiales ex\u00f3ticos y duros y fabricamos las mismas piezas&#8221;.<\/strong><br \/>\n Con este lema, Top Seiko se especializa en materiales ultraduros como la cer\u00e1mica avanzada, el vidrio, los metales refractarios y los nuevos materiales de alto rendimiento, como los materiales compuestos. En funci\u00f3n de las caracter\u00edsticas de procesabilidad de cada material y de la complejidad de la forma de la pieza, determinamos el m\u00e9todo de producci\u00f3n m\u00e1s adecuado utilizando enfoques f\u00edsicos y qu\u00edmicos. <\/p>\n<p>Tambi\u00e9n somos expertos en el dise\u00f1o de herramientas de mecanizado que maximizan la productividad manteniendo la m\u00e1xima calidad del producto. La mayor\u00eda de estas herramientas son producidas por empresas de herramientas seg\u00fan nuestras especificaciones. Si no, los fabricamos nosotros mismos.  <\/p>\n<p>Investigamos e invertimos continuamente en nuevas tecnolog\u00edas para ofrecer a nuestros clientes servicios de mecanizado de la m\u00e1xima calidad. Adem\u00e1s, realizamos peri\u00f3dicamente pruebas de mecanizado para recopilar datos y seguir ampliando nuestras capacidades. <\/p>\n<\/p><\/div>\n<div class=\"contents_img col-sm-5 tC\">\n\t\t\t\t\t<img decoding=\"async\" src=\"\/img\/technology\/technology_img01.jpg\" alt=\"\">\n\t\t\t\t<\/div>\n<p>\t\t\t<!-- \/.contents_top --><\/div>\n<ul class=\"tech_kind row\">\n<li class=\"tech_kind_box col-sm-6\">\n<div class=\"tech_kind_box_in row\">\n<div class=\"left col-sm-6\">\n<h4>Mecanizado complejo y 3D de materiales duros ex\u00f3ticos<\/h4>\n<div><img decoding=\"async\" src=\"\/img\/index\/index_tech_img01.jpg\" alt=\"\"><\/div>\n<\/p><\/div>\n<div class=\"tech_kind_box_in2 col-sm-6\">\n<p>Con las \u00faltimas tecnolog\u00edas, como el centro de fresado de alta velocidad con accionamiento de motor lineal y los centros de mecanizado de 5 ejes, Top Seiko ofrece un servicio de mecanizado de precisi\u00f3n personalizado para materiales ultra duros. Estamos especializados en el mecanizado de precisi\u00f3n de formas de contorno complicadas, ranuras, zanjas, escalones\/formas elevadas, contra perforaciones, roscas, agujeros rectos\/c\u00f3nicos, etc., en cer\u00e1mica, vidrio y metales refractarios. El servicio de mecanizado 3D est\u00e1 disponible para la cer\u00e1mica y el molibdeno.<\/p>\n<div class=\"detail_btn tC\">\n\t\t\t\t\t\t\t\t\t<a href=\"tech01\/\"><\/a>\n\t\t\t\t\t\t\t\t<\/div>\n<p>\t\t\t\t\t\t<!-- \/.tech_kind_box_in2 --><\/div>\n<p>\t\t\t\t\t<!-- \/.tech_kind_box_in --><\/div>\n<p>\t\t\t<!-- \/.tech_kind_box.col-sm-6 --><\/li>\n<li class=\"tech_kind_box col-sm-6\">\n<div class=\"tech_kind_box_in row\">\n<div class=\"left col-sm-6\">\n<h4>Alta precisi\u00f3n y micromecanizado<\/h4>\n<div><img decoding=\"async\" src=\"\/img\/index\/index_tech_img02.jpg\" alt=\"\"><\/div>\n<\/p><\/div>\n<div class=\"tech_kind_box_in2 col-sm-6\">\n<p>Nuestro lema es &#8220;Abordar los retos del mecanizado de forma l\u00f3gica con enfoques f\u00edsicos y qu\u00edmicos&#8221;. <br \/>\n\t\t\t\t\t\t\t\tComo proveedor l\u00edder, podemos ofrecer servicios de micro mecanizado de alta precisi\u00f3n para una amplia variedad de materiales duros ex\u00f3ticos. Gracias a nuestro profundo conocimiento de estos materiales, a las m\u00e1quinas y herramientas de precisi\u00f3n m\u00e1s modernas, a los ingenieros experimentados y a los operarios de m\u00e1quinas bien formados, producimos piezas mecanizadas a medida con una precisi\u00f3n de micras. <br \/>\n\t\t\t\t\t\t\t\tTambi\u00e9n disponemos de instrumentos de medici\u00f3n que nos permiten garantizar la precisi\u00f3n dimensional de cada pieza mecanizada.<\/p>\n<div class=\"detail_btn tC\">\n\t\t\t\t\t\t\t\t\t<a href=\"tech02\/\"><\/a>\n\t\t\t\t\t\t\t\t<\/div>\n<p>\t\t\t\t\t\t<!-- \/.tech_kind_box_in2 --><\/div>\n<p>\t\t\t\t\t<!-- \/.tech_kind_box_in --><\/div>\n<p>\t\t\t<!-- \/.tech_kind_box.col-sm-6 --><\/li>\n<li class=\"tech_kind_box col-sm-6\">\n<div class=\"tech_kind_box_in row\">\n<div class=\"left col-sm-6\">\n<h4>Perforaci\u00f3n<\/h4>\n<div><img decoding=\"async\" src=\"\/img\/index\/index_tech_img03.jpg\" alt=\"\"><\/div>\n<\/p><\/div>\n<div class=\"tech_kind_box_in2 col-sm-6\">\n<p>La perforaci\u00f3n de materiales duros es nuestra especialidad. Se pueden mecanizar agujeros de precisi\u00f3n, microagujeros y agujeros m\u00faltiples en cer\u00e1mica, vidrio y metales refractarios como el tungsteno, el molibdeno y el t\u00e1ntalo.  <br \/>Dise\u00f1amos herramientas de mecanizado para perforar agujeros precisos seg\u00fan sus necesidades; \u00a1s\u00f3lo tiene que indicarnos el di\u00e1metro, la profundidad, las tolerancias u otras caracter\u00edsticas de los agujeros que necesita!<\/p>\n<div class=\"detail_btn tC\">\n\t\t\t\t\t\t\t\t\t<a href=\"tech03\/\"><\/a>\n\t\t\t\t\t\t\t\t<\/div>\n<p>\t\t\t\t\t\t<!-- \/.tech_kind_box_in2 --><\/div>\n<p>\t\t\t\t\t<!-- \/.tech_kind_box_in --><\/div>\n<p>\t\t\t<!-- \/.tech_kind_box.col-sm-6 --><\/li>\n<li class=\"tech_kind_box col-sm-6\">\n<div class=\"tech_kind_box_in row\">\n<div class=\"left col-sm-6\">\n<h4>Taladrado profundo<\/h4>\n<div><img decoding=\"async\" src=\"\/img\/index\/index_tech_img04.jpg\" alt=\"\"><\/div>\n<\/p><\/div>\n<div class=\"tech_kind_box_in2 col-sm-6\">\n<p>Con herramientas de mecanizado a medida dise\u00f1adas por nuestro equipo de ingenieros, estamos orgullosos de perforar agujeros rectos profundos y agujeros c\u00f3nicos largos en materiales ultra duros como cer\u00e1mica avanzada, vidrio de s\u00edlice fundido (cuarzo fundido), molibdeno y tungsteno. <br \/>\n\t\t\t\t\t\t\t\tLas claves del \u00e9xito en la perforaci\u00f3n de agujeros profundos son: 1. Mantener la broca recta, 2. Sacar las virutas del agujero y evitar la acumulaci\u00f3n de virutas en el fondo del agujero. Y sabemos exactamente c\u00f3mo hacerlo.<\/p>\n<div class=\"detail_btn tC\">\n\t\t\t\t\t\t\t\t\t<a href=\"tech03\/\"><\/a>\n\t\t\t\t\t\t\t\t<\/div>\n<p>\t\t\t\t\t\t<!-- \/.tech_kind_box_in2 --><\/div>\n<p>\t\t\t\t\t<!-- \/.tech_kind_box_in --><\/div>\n<p>\t\t\t<!-- \/.tech_kind_box.col-sm-6 --><\/li>\n<p>\t\t\t<!-- \/.tech_kind --><\/ul>\n<div class=\"technology_bottom\">\n<ul class=\"technology_bottom_list\">\n<li class=\"col-sm-6 btn_grad_blue\"><a href=\"..\/works\/material-cat\/ceramics\/#comparison\">Comparaci\u00f3n del proceso despu\u00e9s de la sinterizaci\u00f3n<i class=\"fa fa-caret-right\" aria-hidden=\"true\"><\/i><\/a><\/li>\n<p>\t\t\t\t\t<!--\n\n<li class=\"col-sm-6 btn_grad_blue\"><a href=\"..\/works\/material-cat\/ceramics\/\">\u7d20\u6750\u3054\u3068\u306e\u52a0\u5de5\u53ef\u80fd\u306a\u76ee\u5b89<i class=\"fa fa-caret-right\" aria-hidden=\"true\"><\/i><\/a><\/li>\n\n-->\n\t\t\t\t<\/ul>\n<\/p><\/div>\n<p>\t\t<!-- container --><\/div>\n<\/section>\n<\/article>\n","protected":false},"excerpt":{"rendered":"<p>Precision Machining Services for Ultra-Hard Materials &#8220;Muchas piezas de precisi\u00f3n se fabricaban con materiales met\u00e1licos comunes. Pero trabajamos con materiales ex\u00f3ticos y duros y fabricamos las mismas piezas&#8221;. Con este lema, Top Seiko se especializa en materiales ultraduros como la cer\u00e1mica avanzada, el vidrio, los metales refractarios y los nuevos materiales de alto rendimiento, como los materiales compuestos. En funci\u00f3n de las caracter\u00edsticas de procesabilidad de cada material y de la complejidad de la forma de la pieza, determinamos el m\u00e9todo de producci\u00f3n m\u00e1s adecuado utilizando enfoques f\u00edsicos y qu\u00edmicos. Tambi\u00e9n somos expertos en el dise\u00f1o de herramientas de mecanizado que maximizan la productividad manteniendo la m\u00e1xima calidad del producto. [&hellip;]<\/p>\n","protected":false},"author":1,"featured_media":0,"parent":0,"menu_order":0,"comment_status":"closed","ping_status":"closed","template":"","meta":{"om_disable_all_campaigns":false,"_monsterinsights_skip_tracking":false,"_monsterinsights_sitenote_active":false,"_monsterinsights_sitenote_note":"","_monsterinsights_sitenote_category":0,"footnotes":""},"aioseo_notices":[],"_links":{"self":[{"href":"https:\/\/top-seiko.com\/es\/wp-json\/wp\/v2\/pages\/8564"}],"collection":[{"href":"https:\/\/top-seiko.com\/es\/wp-json\/wp\/v2\/pages"}],"about":[{"href":"https:\/\/top-seiko.com\/es\/wp-json\/wp\/v2\/types\/page"}],"author":[{"embeddable":true,"href":"https:\/\/top-seiko.com\/es\/wp-json\/wp\/v2\/users\/1"}],"replies":[{"embeddable":true,"href":"https:\/\/top-seiko.com\/es\/wp-json\/wp\/v2\/comments?post=8564"}],"version-history":[{"count":4,"href":"https:\/\/top-seiko.com\/es\/wp-json\/wp\/v2\/pages\/8564\/revisions"}],"predecessor-version":[{"id":10044,"href":"https:\/\/top-seiko.com\/es\/wp-json\/wp\/v2\/pages\/8564\/revisions\/10044"}],"wp:attachment":[{"href":"https:\/\/top-seiko.com\/es\/wp-json\/wp\/v2\/media?parent=8564"}],"curies":[{"name":"wp","href":"https:\/\/api.w.org\/{rel}","templated":true}]}}