{"id":8579,"date":"2016-09-08T14:03:22","date_gmt":"2016-09-08T05:03:22","guid":{"rendered":"https:\/\/top-seiko.com\/technology\/mecanizado-complejo-y-3d-de-materiales-duros-exoticos\/"},"modified":"2023-01-13T18:10:59","modified_gmt":"2023-01-13T09:10:59","slug":"tech01","status":"publish","type":"page","link":"https:\/\/top-seiko.com\/es\/technology\/tech01\/","title":{"rendered":"Mecanizado complejo y 3D de materiales duros ex\u00f3ticos"},"content":{"rendered":"<article class=\"m-tech01\">\n\t<!-- \u52a0\u5de5\u6280\u8853\u7d39\u4ecb --><\/p>\n<section class=\"technology\">\n<div class=\"container\">\n<h2 class=\"ttl01\"><span class=\"ja\">Mecanizado complejo y 3D de materiales duros ex\u00f3ticos<\/span><\/h2>\n<div class=\"contents_top box-shadow row\">\n<div class=\"contents_top_text col-sm-7\">\n<h4>&#8220;Muchas piezas de precisi\u00f3n se fabricaban con materiales met\u00e1licos comunes. Pero mecanizamos materiales ex\u00f3ticos y duros produciendo las mismas piezas&#8221;. <\/h4>\n<p>Con este lema, Top Seiko se ha especializado en materiales ultraduros como la cer\u00e1mica avanzada, el vidrio, los metales refractarios y los materiales de alto rendimiento recientemente desarrollados, como los materiales compuestos. <\/p>\n<div class=\"table-responsive2\">\n<table>\n<th>Nuestros servicios de procesamiento incluyen<\/th>\n<td>&#8220;\u2022 &#8211; Mecanizado CNC para formar una variedad de formas y caracter\u00edsticas como ranuras, zanjas, escalones\/formas elevadas, contraperforaciones, roscas, agujeros rectos\/cortes, y m\u00e1s.&#8221; <br \/>&#8220;\u2022 &#8211; Mecanizado del di\u00e1metro interior\/exterior&#8221;<br \/>\u2022Turning<br \/>&#8220;\u2022 &#8211; Rectificado de precisi\u00f3n&#8221;<br \/>\u2022Rectificado cil\u00edndrico<br \/>&#8220;\u2022 &#8211; Mecanizado 3D de formas de contornos complicados&#8221;<\/td>\n<\/table>\n<p>\t\t\t\t\t<!-- \/.table-responsive2 --><\/div>\n<\/p><\/div>\n<div class=\"contents_img col-sm-5 tC\">\n\t\t\t\t\t<img decoding=\"async\" src=\"\/img\/technology\/tech01\/tech01_img01.jpg\" alt=\"\"><\/p>\n<div class=\"frame\"><\/div>\n<\/p><\/div>\n<p>\t\t\t<!-- \/.contents_top --><\/div>\n<div class=\"row\">\n<div class=\"contents_img col-sm-5 tC\">\n<iframe loading=\"lazy\" width=\"320\" height=\"180\" src=\"https:\/\/www.youtube.com\/embed\/7eZLxC-DGeQ?rel=0&amp;showinfo=0\" frameborder=\"0\" allowfullscreen=\"\"><\/iframe>\n\t\t\t\t<\/div>\n<div class=\"contents_top_text col-sm-7\">\n<p>Check our processing movie for alumina 3D wine glass sample machined by 5-Axis CNC D300.<\/p>\n<\/p><\/div>\n<\/p><\/div>\n<ul class=\"shape_list row\">\n<li class=\"col-sm-6 col-md-6 col-lg-6\">\n<div class=\"list_in row\">\n\t\t\t\t\t\t<span class=\"image col-sm-4\"><img decoding=\"async\" src=\"\/img\/technology\/tech01\/shape_img01.jpg\" alt=\"\"><\/span><br \/>\n\t\t\t\t\t\t<span class=\"text col-sm-8\">Mecanizado de la cer\u00e1mica<\/span><br \/>\n\t\t\t\t\t\t<a href=\"shape#shape01\/\"><\/a><br \/>\n\t\t\t\t\t<!-- \/.list_in --><\/div>\n<\/li>\n<li class=\"col-sm-6 col-md-6 col-lg-6\">\n<div class=\"list_in row\">\n\t\t\t\t\t\t<span class=\"image col-sm-4\"><img decoding=\"async\" src=\"\/img\/technology\/tech01\/shape_img02.jpg\" alt=\"\"><\/span><br \/>\n\t\t\t\t\t\t<span class=\"text col-sm-8\">Mecanizado del tungsteno<\/span><br \/>\n\t\t\t\t\t\t<a href=\"shape#shape02\/\"><\/a><br \/>\n\t\t\t\t\t<!-- \/.list_in --><\/div>\n<\/li>\n<li class=\"col-sm-6 col-md-6 col-lg-6\">\n<div class=\"list_in row\">\n\t\t\t\t\t\t<span class=\"image col-sm-4\"><img decoding=\"async\" src=\"\/img\/technology\/tech01\/shape_img03.jpg\" alt=\"\"><\/span><br \/>\n\t\t\t\t\t\t<span class=\"text col-sm-8\">Mecanizado de vidrio de s\u00edlice fundido y silicio<\/span><br \/>\n\t\t\t\t\t\t<a href=\"shape#shape03\/\"><\/a><br \/>\n\t\t\t\t\t<!-- \/.list_in --><\/div>\n<\/li>\n<li class=\"col-sm-6 col-md-6 col-lg-6\">\n<div class=\"list_in row\">\n\t\t\t\t\t\t<span class=\"image col-sm-4\"><img decoding=\"async\" src=\"\/img\/technology\/tech01\/shape_img04.jpg\" alt=\"\"><\/span><br \/>\n\t\t\t\t\t\t<span class=\"text col-sm-8\">Mecanizado del tantalio<\/span><br \/>\n\t\t\t\t\t\t<a href=\"shape#shape04\/\"><\/a><br \/>\n\t\t\t\t\t<!-- \/.list_in --><\/div>\n<\/li>\n<li class=\"col-sm-6 col-md-6 col-lg-6\">\n<div class=\"list_in row\">\n\t\t\t\t\t\t<span class=\"image col-sm-4\"><img decoding=\"async\" src=\"\/img\/technology\/tech01\/shape_img05.jpg\" alt=\"\"><\/span><br \/>\n\t\t\t\t\t\t<span class=\"text col-sm-8\">Mecanizado del molibdeno<\/span><br \/>\n\t\t\t\t\t\t<a href=\"shape#shape05\/\"><\/a><br \/>\n\t\t\t\t\t<!-- \/.list_in --><\/div>\n<\/li>\n<\/ul>\n<h3 class=\"ttl02\"><span class=\"ja\">Mecanizado 3D de cer\u00e1mica, vidrio, tungsteno y molibdeno<\/span><\/h3>\n<div class=\"detail_area_in\">\n<div class=\"shape_detail_text\">\n<h4 class=\"ttl03 ttl_grad_blue\">Procesamiento 3D de materiales dif\u00edciles de cortar<\/h4>\n<p>El mecanizado 3D de materiales ultraduros requiere tanto la capacidad de mecanizar materiales duros como el mecanizado 3D. Para empezar, el mecanizado de materiales duros provoca un r\u00e1pido desgaste de las herramientas. El mecanizado en 3D suele requerir un largo tiempo de mecanizado, lo que provoca un mayor deterioro de las herramientas. El desgaste de las herramientas afecta directamente a la precisi\u00f3n dimensional de la pieza mecanizada.    <br \/>Tambi\u00e9n es importante estimar el desplazamiento t\u00e9rmico de un centro de mecanizado que se produce debido al largo tiempo de mecanizado y realizar los ajustes necesarios. Las herramientas, los m\u00e9todos y las condiciones de mecanizado adecuados son la clave del \u00e9xito del mecanizado 3D de materiales duros. <\/p>\n<\/p><\/div>\n<div class=\"shape_detail_text\">\n<h4 class=\"ttl03 ttl_grad_blue\">Nuestro procesamiento 3D<\/h4>\n<p>Top Seiko ofrece un servicio de mecanizado 3D para materiales ultraduros con las siguientes herramientas y equipos. <br \/>\n Software CAD\/CAM: hyperMILL\u00ae y Space-E.<br \/>\n Centros de mecanizado: centros de mecanizado vertical de alta precisi\u00f3n con control de 5 ejes (Makino \/ DMG Mori) y centros de mecanizado con motor lineal de alta velocidad (Makino \/ Sodick).<br \/>\n Equipos de medici\u00f3n: m\u00e1quinas de medici\u00f3n por coordenadas (Mitutoyo) y m\u00e1quinas de medici\u00f3n CNC de alta precisi\u00f3n. <\/p>\n<p>Hemos producido piezas y componentes en 3D, entre ellos: moldes de lentes de contacto de vidrio Tempax (vidrio de borosilicato), piezas de motores a reacci\u00f3n de CMC (compuestos de matriz cer\u00e1mica), componentes de implantes de iones de molibdeno y tungsteno y muchos otros. <\/p>\n<p>La necesidad de servicios de mecanizado 3D para materiales ultraduros ha aumentado m\u00e1s que nunca. P\u00f3ngase en contacto con nosotros para sus necesidades de mecanizado en 3D. <\/p>\n<\/p><\/div>\n<p>\t\t\t<!-- \/.detail_area_in --><\/div>\n<p>\t\t<!-- container --><\/div>\n<\/section>\n<\/article>\n","protected":false},"excerpt":{"rendered":"<p>Mecanizado complejo y 3D de materiales duros ex\u00f3ticos &#8220;Muchas piezas de precisi\u00f3n se fabricaban con materiales met\u00e1licos comunes. Pero mecanizamos materiales ex\u00f3ticos y duros produciendo las mismas piezas&#8221;. Con este lema, Top Seiko se ha especializado en materiales ultraduros como la cer\u00e1mica avanzada, el vidrio, los metales refractarios y los materiales de alto rendimiento recientemente desarrollados, como los materiales compuestos. Nuestros servicios de procesamiento incluyen &#8220;\u2022 &#8211; Mecanizado CNC para formar una variedad de formas y caracter\u00edsticas como ranuras, zanjas, escalones\/formas elevadas, contraperforaciones, roscas, agujeros rectos\/cortes, y m\u00e1s.&#8221; &#8220;\u2022 &#8211; Mecanizado del di\u00e1metro interior\/exterior&#8221;\u2022Turning&#8220;\u2022 &#8211; Rectificado de precisi\u00f3n&#8221;\u2022Rectificado cil\u00edndrico&#8220;\u2022 &#8211; Mecanizado 3D de formas de contornos complicados&#8221; Check our processing [&hellip;]<\/p>\n","protected":false},"author":1,"featured_media":0,"parent":8564,"menu_order":0,"comment_status":"closed","ping_status":"closed","template":"page-tech.php","meta":{"om_disable_all_campaigns":false,"_monsterinsights_skip_tracking":false,"_monsterinsights_sitenote_active":false,"_monsterinsights_sitenote_note":"","_monsterinsights_sitenote_category":0,"footnotes":""},"aioseo_notices":[],"_links":{"self":[{"href":"https:\/\/top-seiko.com\/es\/wp-json\/wp\/v2\/pages\/8579"}],"collection":[{"href":"https:\/\/top-seiko.com\/es\/wp-json\/wp\/v2\/pages"}],"about":[{"href":"https:\/\/top-seiko.com\/es\/wp-json\/wp\/v2\/types\/page"}],"author":[{"embeddable":true,"href":"https:\/\/top-seiko.com\/es\/wp-json\/wp\/v2\/users\/1"}],"replies":[{"embeddable":true,"href":"https:\/\/top-seiko.com\/es\/wp-json\/wp\/v2\/comments?post=8579"}],"version-history":[{"count":3,"href":"https:\/\/top-seiko.com\/es\/wp-json\/wp\/v2\/pages\/8579\/revisions"}],"predecessor-version":[{"id":8582,"href":"https:\/\/top-seiko.com\/es\/wp-json\/wp\/v2\/pages\/8579\/revisions\/8582"}],"up":[{"embeddable":true,"href":"https:\/\/top-seiko.com\/es\/wp-json\/wp\/v2\/pages\/8564"}],"wp:attachment":[{"href":"https:\/\/top-seiko.com\/es\/wp-json\/wp\/v2\/media?parent=8579"}],"curies":[{"name":"wp","href":"https:\/\/api.w.org\/{rel}","templated":true}]}}