{"id":8594,"date":"2016-09-08T14:10:20","date_gmt":"2016-09-08T05:10:20","guid":{"rendered":"https:\/\/top-seiko.com\/technology\/servicios-de-micromecanizado-de-alta-precision\/"},"modified":"2023-01-31T17:08:43","modified_gmt":"2023-01-31T08:08:43","slug":"tech02","status":"publish","type":"page","link":"https:\/\/top-seiko.com\/es\/technology\/tech02\/","title":{"rendered":"Servicios de micromecanizado de alta precisi\u00f3n"},"content":{"rendered":"<article class=\"m-tech02\">\n\t<!-- \u52a0\u5de5\u6280\u8853\u7d39\u4ecb --><\/p>\n<section class=\"technology\">\n<div class=\"container\">\n<h2 class=\"ttl01\"><span class=\"ja\">Servicios de micromecanizado de alta precisi\u00f3n<\/span><\/h2>\n<div class=\"contents_top box-shadow row\">\n<div class=\"contents_top_text col-sm-7\">\n<p>Top Seiko ofrece servicios de micromecanizado de alta precisi\u00f3n para una amplia variedad de materiales duros ex\u00f3ticos. Nuestras instalaciones bien equipadas y mantenidas, combinadas con nuestro profundo conocimiento y amplia experiencia en el mecanizado de materiales duros, nos permiten producir piezas mecanizadas a medida de la m\u00e1s alta calidad. <\/p>\n<\/p><\/div>\n<div class=\"contents_img col-sm-5 tC\">\n\t\t\t\t\t<img decoding=\"async\" src=\"\/img\/technology\/tech02\/tech02_img.jpg\" alt=\"\"><\/p>\n<div class=\"frame\"><\/div>\n<\/p><\/div>\n<p>\t\t\t<!-- \/.contents_top --><\/div>\n<div class=\"detail_area_in box-shadow\">\n<table class=\"processing_table table-responsive2\">\n<tr>\n<th>Entorno de producci\u00f3n<\/th>\n<td>\n<ul>\n<li>Todos los procesos se llevan a cabo en un entorno de clima controlado.<\/li>\n<li>Se adoptan medidas antivibratorias para los suelos.<\/li>\n<\/ul>\n<\/td>\n<\/tr>\n<tr>\n<th>Equipo<\/th>\n<td>\n<ul>\n<li>Con una inversi\u00f3n continua en instalaciones, las m\u00e1quinas y los equipos se mantienen actualizados. <\/li>\n<li>Para mantener la precisi\u00f3n, todas las m\u00e1quinas se comprueban diariamente y se mantienen con regularidad.<\/li>\n<li>Para mantener la precisi\u00f3n, todas las m\u00e1quinas se comprueban diariamente y se mantienen con regularidad.<\/li>\n<\/ul>\n<\/td>\n<\/tr>\n<tr>\n<th>Herramientas<\/th>\n<td>\n<ul>\n<li>Las herramientas son dise\u00f1adas por Top Seiko y luego hechas a medida por fabricantes de herramientas o producidas por nosotros mismos. <\/li>\n<li>Realizamos pruebas de mecanizado para dilucidar los mecanismos de rectificado y corte, y para desarrollar las herramientas m\u00e1s adecuadas.<\/li>\n<\/ul>\n<\/td>\n<\/tr>\n<tr>\n<th>Equipos de fijaci\u00f3n \/ m\u00e1scaras<\/th>\n<td>\n<ul>\n<li>Dise\u00f1amos y fabricamos dispositivos \/ plantillas si es necesario.<\/li>\n<\/ul>\n<\/td>\n<\/tr>\n<tr>\n<th>El personal<\/th>\n<td>\n<ul>\n<li>Contamos con un personal altamente cualificado y experimentado.<\/li>\n<li>Nuestros programas de educaci\u00f3n y formaci\u00f3n tienen como objetivo dotar continuamente a nuestro personal de conocimientos y habilidades.<\/li>\n<\/ul>\n<\/td>\n<\/tr>\n<tr>\n<th>Condiciones de procesamiento<\/th>\n<td>\n<ul>\n<li>Con nuestros datos de mecanizado acumulados, se pueden decidir f\u00e1cil y r\u00e1pidamente las condiciones \u00f3ptimas de mecanizado para cada proyecto.<\/li>\n<li>Si es necesario, realizamos un mecanizado de prueba, y luego procedemos a la producci\u00f3n real bas\u00e1ndonos en los datos de mecanizado adquiridos en la prueba. <\/li>\n<\/ul>\n<\/td>\n<\/tr>\n<tr>\n<th>Conocimiento de los materiales<\/th>\n<td>\n<ul>\n<li>Como expertos en materiales duros, buscamos constantemente ampliar los conocimientos sobre materiales duros esenciales para mantener nuestro servicio de mecanizado de precisi\u00f3n de alta calidad.<\/li>\n<\/ul>\n<\/td>\n<\/tr>\n<tr>\n<th>Los materiales que procesamos incluyen<\/th>\n<td>\n<ul>\n<li>Cer\u00e1mica avanzada, vidrio de cuarzo, vitrocer\u00e1mica, Tempax, silicio, cer\u00e1mica mecanizable, materiales compuestos de metal y cer\u00e1mica, molibdeno, tungsteno, t\u00e1ntalo, etc.<\/li>\n<\/ul>\n<\/td>\n<\/tr>\n<tr>\n<th>Garant\u00eda de calidad<\/th>\n<td>\n<ul>\n<li>Cada producto se somete a una inspecci\u00f3n por parte de nuestro personal bien formado, que tiene tanto los conocimientos como las habilidades necesarias para llevar a cabo la inspecci\u00f3n correctamente.<\/li>\n<li>Todos los equipos de inspecci\u00f3n y medici\u00f3n se comprueban diariamente y se calibran con regularidad para mantener la precisi\u00f3n.<\/li>\n<li>Para sus necesidades de inspecci\u00f3n especiales, tambi\u00e9n se pueden realizar inspecciones por parte de organizaciones de inspecci\u00f3n externas, como el Instituto de Investigaci\u00f3n Industrial, previa solicitud.<\/li>\n<\/ul>\n<\/td>\n<\/tr>\n<\/table>\n<div class=\"precision_table_area\">\n<h3 class=\"ttl03\">Tolerancias de mecanizado para piezas de alta precisi\u00f3n \/ micromecanizado<\/h3>\n<div class=\"precision_table table-responsive\">\n<table>\n<tr>\n<th rowspan=\"2\">Caracteristicas<\/th>\n<td colspan=\"2\" class=\"border_bold\">Tolerancias (unidad: mm)<\/td>\n<\/tr>\n<tr>\n<td>Normal<\/td>\n<td>Estrecho<\/td>\n<\/tr>\n<tr class=\"border_bold\">\n<th>Paso<\/th>\n<td>\u00b10.05<\/td>\n<td>\u00b10.003<\/td>\n<\/tr>\n<tr>\n<th>Diametro interior\/exterior<\/th>\n<td>\u00b10.05<\/td>\n<td>\u00b10.003<\/td>\n<\/tr>\n<tr class=\"border_bold\">\n<th>Espesor<\/th>\n<td>\u00b10.05<\/td>\n<td>\u00b10.002<\/td>\n<\/tr>\n<tr class=\"border_bold\">\n<th>Altura del escalon \/ columna<\/th>\n<td>\u00b10.05<\/td>\n<td>\u00b10.003<\/td>\n<\/tr>\n<tr class=\"border_bold\">\n<th>Profundidad del agujero<\/th>\n<td>\u00b10.05<\/td>\n<td>\u00b10.003<\/td>\n<\/tr>\n<tr class=\"border_bold\">\n<th>Diametro del agujero<\/th>\n<td>\u00b10.1<\/td>\n<td>\u00b10.005<\/td>\n<\/tr>\n<tr>\n<th>Thread<\/th>\n<td>Go: inspeccionado con un calibrador de rosca<\/td>\n<td>No pasa: inspeccionado con un calibre del tama\u00f1o del agujero piloto<\/td>\n<\/tr>\n<tr>\n<th>Planicidad<\/th>\n<td>0.05<\/td>\n<td>0.003<\/td>\n<\/tr>\n<tr class=\"border_bold\">\n<th>Paralelismo<\/th>\n<td>0.05<\/td>\n<td>0.005<\/td>\n<\/tr>\n<tr class=\"border_bold\">\n<th>Redondez<\/th>\n<td>0.05<\/td>\n<td>0.005<\/td>\n<\/tr>\n<tr>\n<th>Cilindricidad<\/th>\n<td>0.05\uff5e0.1<\/td>\n<td>0.005<\/td>\n<\/tr>\n<tr>\n<th>Rugosidad de la superficie<\/th>\n<td>Ra0.8<\/td>\n<td>Ra0.05<\/td>\n<\/tr>\n<\/table><\/div>\n<\/p><\/div>\n<div class=\"processing_work\">\n<h3 class=\"ttl03\">Ejemplosde de mecanizado<\/h3>\n<h4 class=\"ttl04 ml15\">Ejemplo de mecanizado de molibdeno a medida<\/h4>\n<p class=\"ml15\">Ejemplo de mecanizado de molibdeno a medida: Espesor 0,05, Anchura del marco: 0,05<\/p>\n<ul class=\"row\">\n<li class=\"col-sm-3 col-lg-3 col-xs-6\">\n\t\t\t\t\t\t\t<a href=\"\/img\/technology\/tech02\/case01.jpg\" data-lightbox=\"tech02\" data-title=\"Machining Example\"><br \/>\n\t\t\t\t\t\t\t\t<img decoding=\"async\" src=\"\/img\/technology\/tech02\/case01.jpg\" alt=\"\"><br \/>\n\t\t\t\t\t\t\t<\/a>\n\t\t\t\t\t\t<\/li>\n<li class=\"col-sm-3 col-lg-3 col-xs-6\">\n\t\t\t\t\t\t\t<a href=\"\/img\/technology\/tech02\/case02.jpg\" data-lightbox=\"tech02\" data-title=\"Machining Example\"><br \/>\n\t\t\t\t\t\t\t\t<img decoding=\"async\" src=\"\/img\/technology\/tech02\/case02.jpg\" alt=\"\"><br \/>\n\t\t\t\t\t\t\t<\/a>\n\t\t\t\t\t\t<\/li>\n<li class=\"col-sm-3 col-lg-3 col-xs-6\">\n\t\t\t\t\t\t\t<a href=\"\/img\/technology\/tech02\/case03.jpg\" data-lightbox=\"tech02\" data-title=\"Machining Example\"><br \/>\n\t\t\t\t\t\t\t\t<img decoding=\"async\" src=\"\/img\/technology\/tech02\/case03.jpg\" alt=\"\"><br \/>\n\t\t\t\t\t\t\t<\/a>\n\t\t\t\t\t\t<\/li>\n<\/ul>\n<h4 class=\"ttl04 ml15\">Plantilla de protecci\u00f3n de la sonda<\/h4>\n<p class=\"ml15\">Plantilla de protecci\u00f3n de la sonda: \u03c60,07 x 100 PL para cer\u00e1mica mecanizable<\/p>\n<ul class=\"row\">\n<li class=\"col-sm-3 col-lg-3 col-xs-6\">\n\t\t\t\t\t\t\t<a href=\"\/img\/technology\/tech02\/case04.jpg\" data-lightbox=\"tech02\" data-title=\"Machining Example\"><br \/>\n\t\t\t\t\t\t\t\t<img decoding=\"async\" src=\"\/img\/technology\/tech02\/case04.jpg\" alt=\"\"><br \/>\n\t\t\t\t\t\t\t<\/a>\n\t\t\t\t\t\t<\/li>\n<li class=\"col-sm-3 col-lg-3 col-xs-6\">\n\t\t\t\t\t\t\t<a href=\"\/img\/technology\/tech02\/case05.jpg\" data-lightbox=\"tech02\" data-title=\"Machining Example\"><br \/>\n\t\t\t\t\t\t\t\t<img decoding=\"async\" src=\"\/img\/technology\/tech02\/case05.jpg\" alt=\"\"><br \/>\n\t\t\t\t\t\t\t<\/a>\n\t\t\t\t\t\t<\/li>\n<li class=\"col-sm-3 col-lg-3 col-xs-6\">\n\t\t\t\t\t\t\t<a href=\"\/img\/technology\/tech02\/case06.jpg\" data-lightbox=\"tech02\" data-title=\"Machining Example\"><br \/>\n\t\t\t\t\t\t\t\t<img decoding=\"async\" src=\"\/img\/technology\/tech02\/case06.jpg\" alt=\"\"><br \/>\n\t\t\t\t\t\t\t<\/a>\n\t\t\t\t\t\t<\/li>\n<\/ul>\n<h4 class=\"ttl04 ml15\">Producto micromecanizado<\/h4>\n<p class=\"ml15\">Tama\u00f1o: \u03c61 x espesor 1mm<br \/>\n  <br \/>\n Material: Al\u00famina negra<br \/>\n La anchura y la profundidad de la ranura son de 0,07 mm.\n\t\t\t\t\t<\/p>\n<ul class=\"row\">\n<li class=\"col-sm-3 col-lg-3 col-xs-6\">\n\t\t\t\t\t\t\t<a href=\"\/img\/technology\/tech02\/case07.jpg\" data-lightbox=\"tech02\" data-title=\"Machining Example\"><br \/>\n\t\t\t\t\t\t\t\t<img decoding=\"async\" src=\"\/img\/technology\/tech02\/case07.jpg\" alt=\"\"><br \/>\n\t\t\t\t\t\t\t<\/a>\n\t\t\t\t\t\t<\/li>\n<li class=\"col-sm-3 col-lg-3 col-xs-6\">\n\t\t\t\t\t\t\t<a href=\"\/img\/technology\/tech02\/case08.jpg\" data-lightbox=\"tech02\" data-title=\"Machining Example\"><br \/>\n\t\t\t\t\t\t\t\t<img decoding=\"async\" src=\"\/img\/technology\/tech02\/case08.jpg\" alt=\"\"><br \/>\n\t\t\t\t\t\t\t<\/a>\n\t\t\t\t\t\t<\/li>\n<li class=\"col-sm-3 col-lg-3 col-xs-6\">\n\t\t\t\t\t\t\t<a href=\"\/img\/technology\/tech02\/case09.jpg\" data-lightbox=\"tech02\" data-title=\"Machining Example\"><br \/>\n\t\t\t\t\t\t\t\t<img decoding=\"async\" src=\"\/img\/technology\/tech02\/case09.jpg\" alt=\"\"><br \/>\n\t\t\t\t\t\t\t<\/a>\n\t\t\t\t\t\t<\/li>\n<\/ul><\/div>\n<p>\t\t\t<!-- container --><\/div>\n<p>\t\t<!-- detail_area_in --><\/div>\n<\/section>\n<\/article>\n","protected":false},"excerpt":{"rendered":"<p>Servicios de micromecanizado de alta precisi\u00f3n Top Seiko ofrece servicios de micromecanizado de alta precisi\u00f3n para una amplia variedad de materiales duros ex\u00f3ticos. Nuestras instalaciones bien equipadas y mantenidas, combinadas con nuestro profundo conocimiento y amplia experiencia en el mecanizado de materiales duros, nos permiten producir piezas mecanizadas a medida de la m\u00e1s alta calidad. Entorno de producci\u00f3n Todos los procesos se llevan a cabo en un entorno de clima controlado. Se adoptan medidas antivibratorias para los suelos. Equipo Con una inversi\u00f3n continua en instalaciones, las m\u00e1quinas y los equipos se mantienen actualizados. Para mantener la precisi\u00f3n, todas las m\u00e1quinas se comprueban diariamente y se mantienen con regularidad. Para mantener [&hellip;]<\/p>\n","protected":false},"author":1,"featured_media":0,"parent":8564,"menu_order":0,"comment_status":"closed","ping_status":"closed","template":"page-tech.php","meta":{"om_disable_all_campaigns":false,"_monsterinsights_skip_tracking":false,"_monsterinsights_sitenote_active":false,"_monsterinsights_sitenote_note":"","_monsterinsights_sitenote_category":0,"footnotes":""},"aioseo_notices":[],"_links":{"self":[{"href":"https:\/\/top-seiko.com\/es\/wp-json\/wp\/v2\/pages\/8594"}],"collection":[{"href":"https:\/\/top-seiko.com\/es\/wp-json\/wp\/v2\/pages"}],"about":[{"href":"https:\/\/top-seiko.com\/es\/wp-json\/wp\/v2\/types\/page"}],"author":[{"embeddable":true,"href":"https:\/\/top-seiko.com\/es\/wp-json\/wp\/v2\/users\/1"}],"replies":[{"embeddable":true,"href":"https:\/\/top-seiko.com\/es\/wp-json\/wp\/v2\/comments?post=8594"}],"version-history":[{"count":6,"href":"https:\/\/top-seiko.com\/es\/wp-json\/wp\/v2\/pages\/8594\/revisions"}],"predecessor-version":[{"id":8809,"href":"https:\/\/top-seiko.com\/es\/wp-json\/wp\/v2\/pages\/8594\/revisions\/8809"}],"up":[{"embeddable":true,"href":"https:\/\/top-seiko.com\/es\/wp-json\/wp\/v2\/pages\/8564"}],"wp:attachment":[{"href":"https:\/\/top-seiko.com\/es\/wp-json\/wp\/v2\/media?parent=8594"}],"curies":[{"name":"wp","href":"https:\/\/api.w.org\/{rel}","templated":true}]}}