{"id":8628,"date":"2016-09-08T14:10:51","date_gmt":"2016-09-08T05:10:51","guid":{"rendered":"https:\/\/top-seiko.com\/technology\/taladrado\/"},"modified":"2023-01-17T19:28:27","modified_gmt":"2023-01-17T10:28:27","slug":"tech03","status":"publish","type":"page","link":"https:\/\/top-seiko.com\/es\/technology\/tech03\/","title":{"rendered":"Taladrado"},"content":{"rendered":"<article class=\"m-tech03\">\n\t<!-- \u52a0\u5de5\u6280\u8853\u7d39\u4ecb --><\/p>\n<section class=\"technology\">\n<div class=\"container\">\n<h2 class=\"ttl01\"><span class=\"ja\">Taladrado &#8211; Taladrado de precisi\u00f3n y de varios agujeros <\/span><\/h2>\n<div class=\"contents_top box-shadow row\">\n<div class=\"contents_top_text col-sm-7\">\n<p>Muchas piezas requieren un proceso de perforaci\u00f3n. Es uno de los procesos de mecanizado m\u00e1s comunes y b\u00e1sicos. Cada orificio perforado suele desempe\u00f1ar un papel importante en la funci\u00f3n de la pieza y debe producirse exactamente seg\u00fan las especificaciones. Cuando se perforan varios agujeros en una pieza, es importante establecer unas condiciones de perforaci\u00f3n adecuadas para mantener un mecanizado estable, ya que un solo error en un agujero puede arruinar toda la pieza.    <br \/>En Top Seiko, cuantificamos la carga de taladrado midiendo la carga de la herramienta para desarrollar la herramienta de taladrado m\u00e1s adecuada y establecer las condiciones \u00f3ptimas de mecanizado. <\/p>\n<\/p><\/div>\n<div class=\"contents_img img_frame col-sm-5 tC\">\n\t\t\t\t\t<img decoding=\"async\" src=\"\/img\/technology\/tech03\/tech03_img01.jpg\" alt=\"\"><\/p>\n<div class=\"frame\"><\/div>\n<\/p><\/div>\n<p>\t\t\t<!-- \/.contents_top --><\/div>\n<div class=\"detail_area_in box-shadow\">\n<table class=\"processing_table table-responsive2\">\n<tr>\n<th>Materiales compatibles con nuestros servicios de perforaci\u00f3n<\/th>\n<td>Advanced Ceramics, Fused Silica Glass (Fused Quartz), Glass Ceramics, Borosilicate Glass (Tempax), Silicon, Machinable Ceramics, Metal Ceramic Composite Materials, Molybdenum, Tungsten, and Tantalum.\n\t\t\t\t\t\t<\/td>\n<\/tr>\n<tr>\n<th>Capacidad de taladrado<\/th>\n<td>\n Di\u00e1metro de los agujeros: microagujeros, agujeros de peque\u00f1o di\u00e1metro, agujeros medianos y grandes <br \/>\n Profundidad del agujero: 0,05~400 mm<br \/>\n Formas de agujeros: rectos, c\u00f3nicos, cuadrados y roscados<br \/>\n Precisi\u00f3n del di\u00e1metro del agujero: \u00b10,005~0,1 mm<br \/>\n N\u00famero de agujeros por pieza: 1~5.000\n\t\t\t\t\t\t<\/td>\n<\/tr>\n<tr>\n<th>Las m\u00e1quinas que utilizamos<\/th>\n<td>\n Centros de mecanizado: centros de mecanizado de 3 y 5 ejes con sistemas de refrigeraci\u00f3n central*, <br \/>\n y centros de mecanizado de motor lineal de alta velocidad<br \/>\n Tornos combinados<br \/>\n M\u00e1quina de perforaci\u00f3n por electroerosi\u00f3n<br \/>\n M\u00e1quina de electroerosi\u00f3n por hilo <br \/>\n *El sistema de refrigeraci\u00f3n de tipo central suministra refrigerante de alta presi\u00f3n a la punta de la herramienta a trav\u00e9s del orificio del husillo y de la herramienta para una eficaz evacuaci\u00f3n de la viruta, refrigeraci\u00f3n y prolongaci\u00f3n de la vida \u00fatil de la herramienta.\n\t\t\t\t\t\t<\/td>\n<\/tr>\n<tr>\n<th>Materiales de las herramientas de perforaci\u00f3n<\/th>\n<td>\n carburo de tungsteno, granos de diamante, diamante monocristalino, revestimiento de diamante y compax.\n\t\t\t\t\t\t<\/td>\n<\/tr>\n<\/table>\n<div class=\"indication\">\n<h3 class=\"ttl03\">La mejor capacidad de mecanizado de Seiko para todos los materiales<\/h3>\n<div class=\"indication_area\">\n<h4 class=\"ttl04\">Cer\u00e1mica mecanizable<\/h4>\n<div class=\"table-responsive\">\n<table class=\"table_style2\">\n<tr>\n<th>Diametro del agujero (mm)<\/th>\n<th>Relacion maxima profunidad \/ diamtro (mm)<\/th>\n<th>Precision del diametro del agujero (mm)<\/th>\n<th>Numero maximo de agujeros<\/th>\n<\/tr>\n<tr>\n<td>0.05~0.1<\/td>\n<td>10:1<\/td>\n<td>\u00b10.005~\u00b10.01<\/td>\n<td>100~5,000<\/td>\n<\/tr>\n<tr>\n<td>0.1~0.2<\/td>\n<td>10:1<\/td>\n<td>\u00b10.005~\u00b10.02<\/td>\n<td>5,000<\/td>\n<\/tr>\n<tr>\n<td>0.2~1.0<\/td>\n<td>20:1<\/td>\n<td>\u00b10.005~\u00b10.02<\/td>\n<td>5,000<\/td>\n<\/tr>\n<tr>\n<td>1.0~<\/td>\n<td>30:1<\/td>\n<td>\u00b10.005~\u00b10.05<\/td>\n<td>5,000<\/td>\n<\/tr>\n<\/table><\/div>\n<p>La al\u00famina, al igual que otras cer\u00e1micas avanzadas, es muy dura y quebradiza, lo que hace que la producci\u00f3n de algunas piezas sea imposible o demasiado cara. Debido a su mayor capacidad de trabajo, la cer\u00e1mica mecanizable puede ser un excelente sustituto de la al\u00famina u otros materiales duros. Aunque cada cer\u00e1mica mecanizable tiene propiedades \u00fanicas, es posible encontrar una que cumpla los requisitos en cuanto a propiedades y coste. Hay muchos casos de \u00e9xito en la sustituci\u00f3n de estos materiales.   <\/p>\n<ul class=\"row\">\n<li class=\"col-sm-3\">\n\t\t\t\t\t\t\t\t<a href=\"\/img\/technology\/tech03\/tech03_img02.jpg\" data-lightbox=\"tech03\" data-title=\"Machining Example\" class=\"hover\"><br \/>\n\t\t\t\t\t\t\t\t\t<img decoding=\"async\" src=\"\/img\/technology\/tech03\/tech03_img02.jpg\" alt=\"\"><br \/>\n\t\t\t\t\t\t\t\t<\/a>\n\t\t\t\t\t\t\t<\/li>\n<\/ul><\/div>\n<div class=\"indication_area\">\n<h4 class=\"ttl04\">Vidrio de s\u00edlice fundido (cuarzo fundido), vidrio de borosilicato, silicona<\/h4>\n<div class=\"table-responsive\">\n<table class=\"table_style2\">\n<tr>\n<th>Diametro del agujero (mm)<\/th>\n<th>Relacion maxima profunidad \/ diamtro (mm)<\/th>\n<th>Precision del diametro del agujero (mm)<\/th>\n<th>Numero maximo de agujeros<\/th>\n<\/tr>\n<tr>\n<td>0.05~0.1<\/td>\n<td>10:1<\/td>\n<td>\u00b10.005\uff5e\u00b10.01<\/td>\n<td>10\uff5e200<\/td>\n<\/tr>\n<tr>\n<td>0.1\uff5e0.2<\/td>\n<td>10:1<\/td>\n<td>\u00b10.005~\u00b10.01<\/td>\n<td>200\uff5e500<\/td>\n<\/tr>\n<tr>\n<td>0.2\uff5e0.4<\/td>\n<td>20:1<\/td>\n<td>\u00b10.005~\u00b10.05<\/td>\n<td>500\uff5e2,000<\/td>\n<\/tr>\n<tr>\n<td>0.4\uff5e1.5<\/td>\n<td>30:1<\/td>\n<td>\u00b10.01\uff5e\u00b10.05<\/td>\n<td>2000\uff5e5,000<\/td>\n<\/tr>\n<tr>\n<td>1.5\uff5e<\/td>\n<td>30:1<\/td>\n<td>\u00b10.01\uff5e\u00b10.05<\/td>\n<td>5,000<\/td>\n<\/tr>\n<\/table><\/div>\n<ul class=\"row\">\n<li class=\"col-sm-3\">\n\t\t\t\t\t\t\t\t<a href=\"\/img\/technology\/tech03\/tech03_img03.jpg\" data-lightbox=\"tech03\" data-title=\"Machining Example\" class=\"hover\"><br \/>\n\t\t\t\t\t\t\t\t\t<img decoding=\"async\" src=\"\/img\/technology\/tech03\/tech03_img03.jpg\" alt=\"\"><br \/>\n\t\t\t\t\t\t\t\t<\/a>\n\t\t\t\t\t\t\t<\/li>\n<li class=\"col-sm-3\">\n\t\t\t\t\t\t\t\t<a href=\"\/img\/technology\/tech03\/tech03_img04.jpg\" data-lightbox=\"tech03\" data-title=\"Machining Example\" class=\"hover\"><br \/>\n\t\t\t\t\t\t\t\t\t<img decoding=\"async\" src=\"\/img\/technology\/tech03\/tech03_img04.jpg\" alt=\"\"><br \/>\n\t\t\t\t\t\t\t\t<\/a>\n\t\t\t\t\t\t\t<\/li>\n<\/ul><\/div>\n<div class=\"indication_area\">\n<h4 class=\"ttl04\">Alumine, Nitruro de aluminio<\/h4>\n<div class=\"table-responsive\">\n<table class=\"table_style2\">\n<tr>\n<th>Diametro del agujero (mm)<\/th>\n<th>Relacion maxima profunidad \/ diamtro (mm)<\/th>\n<th>Precision del diametro del agujero (mm)<\/th>\n<th>Numero maximo de agujeros<\/th>\n<\/tr>\n<tr>\n<td>0.05\uff5e0.1<\/td>\n<td>10:1<\/td>\n<td>\u00b10.005\uff5e\u00b10.01<\/td>\n<td>50<\/td>\n<\/tr>\n<tr>\n<td>0.1\uff5e0.2<\/td>\n<td>10:1<\/td>\n<td>\u00b10.005\uff5e\u00b10.02<\/td>\n<td>50\uff5e100<\/td>\n<\/tr>\n<tr>\n<td>0.2\uff5e0.4<\/td>\n<td>20:1<\/td>\n<td>\u00b10.005~\u00b10.05<\/td>\n<td>100\uff5e500<\/td>\n<\/tr>\n<tr>\n<td>0.4\uff5e1.5<\/td>\n<td>30:1<\/td>\n<td>\u00b10.005\uff5e\u00b10.05<\/td>\n<td>500\uff5e3,000<\/td>\n<\/tr>\n<tr>\n<td>1.5\uff5e<\/td>\n<td>30:1<\/td>\n<td>\u00b10.005\uff5e\u00b10.1<\/td>\n<td>500\uff5e3,000<\/td>\n<\/tr>\n<\/table><\/div>\n<ul class=\"row\">\n<li class=\"col-sm-3\">\n\t\t\t\t\t\t\t\t<a href=\"\/img\/technology\/tech03\/tech03_img05.jpg\" data-lightbox=\"tech03\" data-title=\"Machining Example\" class=\"hover\"><br \/>\n\t\t\t\t\t\t\t\t\t<img decoding=\"async\" src=\"\/img\/technology\/tech03\/tech03_img05.jpg\" alt=\"\"><br \/>\n\t\t\t\t\t\t\t\t<\/a>\n\t\t\t\t\t\t\t<\/li>\n<li class=\"col-sm-3\">\n\t\t\t\t\t\t\t\t<a href=\"\/img\/technology\/tech03\/tech03_img06.jpg\" data-lightbox=\"tech03\" data-title=\"Machining Example\" class=\"hover\"><br \/>\n\t\t\t\t\t\t\t\t\t<img decoding=\"async\" src=\"\/img\/technology\/tech03\/tech03_img06.jpg\" alt=\"\"><br \/>\n\t\t\t\t\t\t\t\t<\/a>\n\t\t\t\t\t\t\t<\/li>\n<\/ul><\/div>\n<div class=\"indication_area\">\n<h4 class=\"ttl04\">Carburo de silicio, Zirconia, Silicon nitride<\/h4>\n<div class=\"table-responsive\">\n<table class=\"table_style2\">\n<tr>\n<th>Diametro del agujero (mm)<\/th>\n<th>Relacion maxima profunidad \/ diamtro (mm)<\/th>\n<th>Precision del diametro del agujero (mm)<\/th>\n<th>Numero maximo de agujeros<\/th>\n<\/tr>\n<tr>\n<td>0.1\uff5e0.3<\/td>\n<td>10:1<\/td>\n<td>\u00b10.01\uff5e\u00b10.05<\/td>\n<td>20<\/td>\n<\/tr>\n<tr>\n<td>0.3\uff5e0.5<\/td>\n<td>10:1<\/td>\n<td>\u00b10.01\uff5e\u00b10.05<\/td>\n<td>50<\/td>\n<\/tr>\n<tr>\n<td>0.5\uff5e1.5<\/td>\n<td>20:1<\/td>\n<td>\u00b10.01\uff5e\u00b10.05<\/td>\n<td>50\uff5e100<\/td>\n<\/tr>\n<tr>\n<td>1.5\uff5e<\/td>\n<td>20:1<\/td>\n<td>\u00b10.01\uff5e\u00b10.05<\/td>\n<td>200<\/td>\n<\/tr>\n<\/table><\/div>\n<ul class=\"row\">\n<li class=\"col-sm-3\">\n\t\t\t\t\t\t\t\t<a href=\"\/img\/technology\/tech03\/tech03_img07.jpg\" data-lightbox=\"tech03\" data-title=\"Machining Example\" class=\"hover\"><br \/>\n\t\t\t\t\t\t\t\t\t<img decoding=\"async\" src=\"\/img\/technology\/tech03\/tech03_img07.jpg\" alt=\"\"><br \/>\n\t\t\t\t\t\t\t\t<\/a>\n\t\t\t\t\t\t\t<\/li>\n<li class=\"col-sm-3\">\n\t\t\t\t\t\t\t\t<a href=\"\/img\/technology\/tech03\/tech03_img08.jpg\" data-lightbox=\"tech03\" data-title=\"Machining Example\" class=\"hover\"><br \/>\n\t\t\t\t\t\t\t\t\t<img decoding=\"async\" src=\"\/img\/technology\/tech03\/tech03_img08.jpg\" alt=\"\"><br \/>\n\t\t\t\t\t\t\t\t<\/a>\n\t\t\t\t\t\t\t<\/li>\n<li class=\"col-sm-3\">\n\t\t\t\t\t\t\t\t<a href=\"\/img\/technology\/tech03\/tech03_img09.jpg\" data-lightbox=\"tech03\" data-title=\"Machining Example\" class=\"hover\"><br \/>\n\t\t\t\t\t\t\t\t\t<img decoding=\"async\" src=\"\/img\/technology\/tech03\/tech03_img09.jpg\" alt=\"\"><br \/>\n\t\t\t\t\t\t\t\t<\/a>\n\t\t\t\t\t\t\t<\/li>\n<\/ul><\/div>\n<div class=\"indication_area\">\n<h4 class=\"ttl04\">Molibdeno, Tantalio<\/h4>\n<div class=\"table-responsive\">\n<table class=\"table_style2\">\n<tr>\n<th>Diametro del agujero (mm)<\/th>\n<th>Relacion maxima profunidad \/ diamtro (mm)<\/th>\n<th>Precision del diametro del agujero (mm)<\/th>\n<th>Numero maximo de agujeros<\/th>\n<\/tr>\n<tr>\n<td>0.05<\/td>\n<td>10:1<\/td>\n<td>\u00b10.005\uff5e\u00b10.01<\/td>\n<td>100<\/td>\n<\/tr>\n<tr>\n<td>0.05\uff5e0.2<\/td>\n<td>10:1<\/td>\n<td>\u00b10.005\uff5e\u00b10.01<\/td>\n<td>100\uff5e500<\/td>\n<\/tr>\n<tr>\n<td>0.2\uff5e2.0<\/td>\n<td>20:1<\/td>\n<td>\u00b10.01\uff5e\u00b10.05<\/td>\n<td>500\uff5e3,000<\/td>\n<\/tr>\n<tr>\n<td>2.0\uff5e<\/td>\n<td>30:1<\/td>\n<td>\u00b10.01\uff5e\u00b10.05<\/td>\n<td>3,000<\/td>\n<\/tr>\n<\/table><\/div>\n<ul class=\"row\">\n<li class=\"col-sm-3\">\n\t\t\t\t\t\t\t\t<a href=\"\/img\/technology\/tech03\/tech03_img10.jpg\" data-lightbox=\"tech03\" data-title=\"Machining Example\" class=\"hover\"><br \/>\n\t\t\t\t\t\t\t\t\t<img decoding=\"async\" src=\"\/img\/technology\/tech03\/tech03_img10.jpg\" alt=\"\"><br \/>\n\t\t\t\t\t\t\t\t<\/a>\n\t\t\t\t\t\t\t<\/li>\n<li class=\"col-sm-3\">\n\t\t\t\t\t\t\t\t<a href=\"\/img\/technology\/tech03\/tech03_img11.jpg\" data-lightbox=\"tech03\" data-title=\"Machining Example\" class=\"hover\"><br \/>\n\t\t\t\t\t\t\t\t\t<img decoding=\"async\" src=\"\/img\/technology\/tech03\/tech03_img11.jpg\" alt=\"\"><br \/>\n\t\t\t\t\t\t\t\t<\/a>\n\t\t\t\t\t\t\t<\/li>\n<\/ul><\/div>\n<div class=\"indication_area\">\n<h4 class=\"ttl04\">Tungsteno<\/h4>\n<div class=\"table-responsive\">\n<table class=\"table_style2\">\n<tr>\n<th>Diametro del agujero (mm)<\/th>\n<th>Relacion maxima profunidad \/ diamtro (mm)<\/th>\n<th>Precision del diametro del agujero (mm)<\/th>\n<th>Numero maximo de agujeros<\/th>\n<\/tr>\n<tr>\n<td>0.1\uff5e0.3<\/td>\n<td>10:1<\/td>\n<td>\u00b10.01\uff5e\u00b10.05<\/td>\n<td>20\uff5e300<\/td>\n<\/tr>\n<tr>\n<td>0.3\uff5e2.0<\/td>\n<td>20:1<\/td>\n<td>\u00b10.01\uff5e\u00b10.05<\/td>\n<td>20\uff5e300<\/td>\n<\/tr>\n<tr>\n<td>2.0\uff5e<\/td>\n<td>30:1<\/td>\n<td>\u00b10.01\uff5e\u00b10.05<\/td>\n<td>3,00<\/td>\n<\/tr>\n<\/table><\/div>\n<ul class=\"row\">\n<li class=\"col-sm-3\">\n\t\t\t\t\t\t\t\t<a href=\"\/img\/technology\/tech03\/tech03_img12.jpg\" data-lightbox=\"tech03\" data-title=\"Machining Example\" class=\"hover\"><br \/>\n\t\t\t\t\t\t\t\t\t<img decoding=\"async\" src=\"\/img\/technology\/tech03\/tech03_img12.jpg\" alt=\"\"><br \/>\n\t\t\t\t\t\t\t\t<\/a>\n\t\t\t\t\t\t\t<\/li>\n<\/ul><\/div>\n<\/p><\/div>\n<div class=\"processing_work\">\n<h3 class=\"ttl03\">Ejemplo de mecanizado<\/h3>\n<h4 class=\"ttl04 ml15\">Shower Plate<\/h4>\n<p class=\"ml15\">Ejemplo de mecanizado: \u03c60,1 x 1.000 PL para Macerite SP<\/p>\n<ul class=\"row\">\n<li class=\"col-sm-3 col-lg-3 col-xs-6\">\n\t\t\t\t\t\t\t<a href=\"\/img\/technology\/tech03\/case01.jpg\" data-lightbox=\"tech03\" data-title=\"Machining Example\" class=\"hover\"><br \/>\n\t\t\t\t\t\t\t\t<img decoding=\"async\" src=\"\/img\/technology\/tech03\/case01.jpg\" alt=\"\"><br \/>\n\t\t\t\t\t\t\t<\/a>\n\t\t\t\t\t\t<\/li>\n<li class=\"col-sm-3 col-lg-3 col-xs-6\">\n\t\t\t\t\t\t\t<a href=\"\/img\/technology\/tech03\/case02.jpg\" data-lightbox=\"tech03\" data-title=\"Machining Example\" class=\"hover\"><br \/>\n\t\t\t\t\t\t\t\t<img decoding=\"async\" src=\"\/img\/technology\/tech03\/case02.jpg\" alt=\"\"><br \/>\n\t\t\t\t\t\t\t<\/a>\n\t\t\t\t\t\t<\/li>\n<li class=\"col-sm-3 col-lg-3 col-xs-6\">\n\t\t\t\t\t\t\t<a href=\"\/img\/technology\/tech03\/case03.jpg\" data-lightbox=\"tech03\" data-title=\"Machining Example\" class=\"hover\"><br \/>\n\t\t\t\t\t\t\t\t<img decoding=\"async\" src=\"\/img\/technology\/tech03\/case03.jpg\" alt=\"\"><br \/>\n\t\t\t\t\t\t\t<\/a>\n\t\t\t\t\t\t<\/li>\n<\/ul>\n<h4 class=\"ttl04 ml15\">Boquilla de gas<\/h4>\n<p class=\"ml15\">Machining Example: \u03c60.1 x 1,650 PL for Shapal Hi M-Soft<\/p>\n<ul class=\"row\">\n<li class=\"col-sm-3 col-lg-3 col-xs-6\">\n\t\t\t\t\t\t\t<a href=\"\/img\/technology\/tech03\/case04.jpg\" data-lightbox=\"tech03\" data-title=\"Machining Example\" class=\"hover\"><br \/>\n\t\t\t\t\t\t\t\t<img decoding=\"async\" src=\"\/img\/technology\/tech03\/case04.jpg\" alt=\"\"><br \/>\n\t\t\t\t\t\t\t<\/a>\n\t\t\t\t\t\t<\/li>\n<li class=\"col-sm-3 col-lg-3 col-xs-6\">\n\t\t\t\t\t\t\t<a href=\"\/img\/technology\/tech03\/case05.jpg\" data-lightbox=\"tech03\" data-title=\"Machining Example\" class=\"hover\"><br \/>\n\t\t\t\t\t\t\t\t<img decoding=\"async\" src=\"\/img\/technology\/tech03\/case05.jpg\" alt=\"\"><br \/>\n\t\t\t\t\t\t\t<\/a>\n\t\t\t\t\t\t<\/li>\n<li class=\"col-sm-3 col-lg-3 col-xs-6\">\n\t\t\t\t\t\t\t<a href=\"\/img\/technology\/tech03\/case06.jpg\" data-lightbox=\"tech03\" data-title=\"Machining Example\" class=\"hover\"><br \/>\n\t\t\t\t\t\t\t\t<img decoding=\"async\" src=\"\/img\/technology\/tech03\/case06.jpg\" alt=\"\"><br \/>\n\t\t\t\t\t\t\t<\/a>\n\t\t\t\t\t\t<\/li>\n<\/ul>\n<h4 class=\"ttl04 ml15\">Filter<\/h4>\n<p class=\"ml15\">Machining Example: \u03c60.05 x 6,000 PL for Machinable Ceramics<\/p>\n<ul class=\"row\">\n<li class=\"col-sm-3 col-lg-3 col-xs-6\">\n\t\t\t\t\t\t\t<a href=\"\/img\/technology\/tech03\/case07.jpg\" data-lightbox=\"tech03\" data-title=\"Machining Example\" class=\"hover\"><br \/>\n\t\t\t\t\t\t\t\t<img decoding=\"async\" src=\"\/img\/technology\/tech03\/case07.jpg\" alt=\"\"><br \/>\n\t\t\t\t\t\t\t<\/a>\n\t\t\t\t\t\t<\/li>\n<li class=\"col-sm-3 col-lg-3 col-xs-6\">\n\t\t\t\t\t\t\t<a href=\"\/img\/technology\/tech03\/case08.jpg\" data-lightbox=\"tech03\" data-title=\"Machining Example\" class=\"hover\"><br \/>\n\t\t\t\t\t\t\t\t<img decoding=\"async\" src=\"\/img\/technology\/tech03\/case08.jpg\" alt=\"\"><br \/>\n\t\t\t\t\t\t\t<\/a>\n\t\t\t\t\t\t<\/li>\n<li class=\"col-sm-3 col-lg-3 col-xs-6\">\n\t\t\t\t\t\t\t<a href=\"\/img\/technology\/tech03\/case09.jpg\" data-lightbox=\"tech03\" data-title=\"Machining Example\" class=\"hover\"><br \/>\n\t\t\t\t\t\t\t\t<img decoding=\"async\" src=\"\/img\/technology\/tech03\/case09.jpg\" alt=\"\"><br \/>\n\t\t\t\t\t\t\t<\/a>\n\t\t\t\t\t\t<\/li>\n<\/ul>\n<h4 class=\"ttl04 ml15\">Ejemplo de taladrado<\/h4>\n<p class=\"ml15\">Ejemplo de taladraci\u00f3n: \u03c60.1\uff5e\u03c616.0 para la hoja de al\u00famina del 99,5%.<\/p>\n<ul class=\"row\">\n<li class=\"col-sm-3 col-lg-3 col-xs-6\">\n\t\t\t\t\t\t\t<a href=\"\/img\/technology\/tech03\/case10.jpg\" data-lightbox=\"tech03\" data-title=\"Machining Example\" class=\"hover\"><br \/>\n\t\t\t\t\t\t\t\t<img decoding=\"async\" src=\"\/img\/technology\/tech03\/case10.jpg\" alt=\"\"><br \/>\n\t\t\t\t\t\t\t<\/a>\n\t\t\t\t\t\t<\/li>\n<li class=\"col-sm-3 col-lg-3 col-xs-6\">\n\t\t\t\t\t\t\t<a href=\"\/img\/technology\/tech03\/case11.jpg\" data-lightbox=\"tech03\" data-title=\"Machining Example\" class=\"hover\"><br \/>\n\t\t\t\t\t\t\t\t<img decoding=\"async\" src=\"\/img\/technology\/tech03\/case11.jpg\" alt=\"\"><br \/>\n\t\t\t\t\t\t\t<\/a>\n\t\t\t\t\t\t<\/li>\n<li class=\"col-sm-3 col-lg-3 col-xs-6\">\n\t\t\t\t\t\t\t<a href=\"\/img\/technology\/tech03\/case12.jpg\" data-lightbox=\"tech03\" data-title=\"Machining Example\" class=\"hover\"><br \/>\n\t\t\t\t\t\t\t\t<img decoding=\"async\" src=\"\/img\/technology\/tech03\/case12.jpg\" alt=\"\"><br \/>\n\t\t\t\t\t\t\t<\/a>\n\t\t\t\t\t\t<\/li>\n<\/ul>\n<h4 class=\"ttl04 ml15\">Ejemplos de productos mecanizados a medida<\/h4>\n<p class=\"ml15\">Taladrado de microagujeros: \u03c60,1 x 6.000 PL<\/p>\n<ul class=\"row\">\n<li class=\"col-sm-3 col-lg-3 col-xs-6\">\n\t\t\t\t\t\t\t<a href=\"\/img\/technology\/tech03\/case13.jpg\" data-lightbox=\"tech03\" data-title=\"Machining Example\" class=\"hover\"><br \/>\n\t\t\t\t\t\t\t\t<img decoding=\"async\" src=\"\/img\/technology\/tech03\/case13.jpg\" alt=\"\"><br \/>\n\t\t\t\t\t\t\t<\/a>\n\t\t\t\t\t\t<\/li>\n<li class=\"col-sm-3 col-lg-3 col-xs-6\">\n\t\t\t\t\t\t\t<a href=\"\/img\/technology\/tech03\/case14.jpg\" data-lightbox=\"tech03\" data-title=\"Machining Example\" class=\"hover\"><br \/>\n\t\t\t\t\t\t\t\t<img decoding=\"async\" src=\"\/img\/technology\/tech03\/case14.jpg\" alt=\"\"><br \/>\n\t\t\t\t\t\t\t<\/a>\n\t\t\t\t\t\t<\/li>\n<li class=\"col-sm-3 col-lg-3 col-xs-6\">\n\t\t\t\t\t\t\t<a href=\"\/img\/technology\/tech03\/case15.jpg\" data-lightbox=\"tech03\" data-title=\"Machining Example\" class=\"hover\"><br \/>\n\t\t\t\t\t\t\t\t<img decoding=\"async\" src=\"\/img\/technology\/tech03\/case15.jpg\" alt=\"\"><br \/>\n\t\t\t\t\t\t\t<\/a>\n\t\t\t\t\t\t<\/li>\n<\/ul>\n<p class=\"ml15\">Taladrado de microagujeros: \u03c60,1 x 3.000 PL<\/p>\n<ul class=\"row\">\n<li class=\"col-sm-3 col-lg-3 col-xs-6\">\n\t\t\t\t\t\t\t<a href=\"\/img\/technology\/tech03\/case16.jpg\" data-lightbox=\"tech03\" data-title=\"Machining Example\" class=\"hover\"><br \/>\n\t\t\t\t\t\t\t\t<img decoding=\"async\" src=\"\/img\/technology\/tech03\/case16.jpg\" alt=\"\"><br \/>\n\t\t\t\t\t\t\t<\/a>\n\t\t\t\t\t\t<\/li>\n<li class=\"col-sm-3 col-lg-3 col-xs-6\">\n\t\t\t\t\t\t\t<a href=\"\/img\/technology\/tech03\/case17.jpg\" data-lightbox=\"tech03\" data-title=\"Machining Example\" class=\"hover\"><br \/>\n\t\t\t\t\t\t\t\t<img decoding=\"async\" src=\"\/img\/technology\/tech03\/case17.jpg\" alt=\"\"><br \/>\n\t\t\t\t\t\t\t<\/a>\n\t\t\t\t\t\t<\/li>\n<li class=\"col-sm-3 col-lg-3 col-xs-6\">\n\t\t\t\t\t\t\t<a href=\"\/img\/technology\/tech03\/case18.jpg\" data-lightbox=\"tech03\" data-title=\"Machining Example\" class=\"hover\"><br \/>\n\t\t\t\t\t\t\t\t<img decoding=\"async\" src=\"\/img\/technology\/tech03\/case18.jpg\" alt=\"\"><br \/>\n\t\t\t\t\t\t<\/a>\n\t\t\t\t\t\t<\/li>\n<\/ul>\n<ul class=\"row\">\n<li class=\"col-sm-3 col-lg-3 col-xs-6\">\n\t\t\t\t\t\t\t<a href=\"\/img\/technology\/tech03\/case19.jpg\" data-lightbox=\"tech03\" data-title=\"Machining Example\" class=\"hover\"><br \/>\n\t\t\t\t\t\t\t\t<img decoding=\"async\" src=\"\/img\/technology\/tech03\/case19.jpg\" alt=\"\"><\/p>\n<p>C\u00fapula esf\u00e9rica en vidrio de cuarzo Mecanizado de la superficie esf\u00e9rica, \u03c61,0 x 1.820 agujeros son perforados por el centro de mecanizado CNC de 5 ejes.<\/p>\n<p>\t\t\t\t\t\t\t<\/a>\n\t\t\t\t\t\t<\/li>\n<li class=\"col-sm-3 col-lg-3 col-xs-6\">\n\t\t\t\t\t\t\t<a href=\"\/img\/technology\/tech03\/case20.jpg\" data-lightbox=\"tech03\" data-title=\"Machining Example\" class=\"hover\"><br \/>\n\t\t\t\t\t\t\t\t<img decoding=\"async\" src=\"\/img\/technology\/tech03\/case20.jpg\" alt=\"\"><\/p>\n<p>&#8220;Electrodo en forma de c\u00fapula: \u03c61,5 x 1.820 PL &#8220;<\/p>\n<p>\t\t\t\t\t\t\t<\/a>\n\t\t\t\t\t\t<\/li>\n<li class=\"col-sm-3 col-lg-3 col-xs-6\">\n\t\t\t\t\t\t\t<a href=\"\/img\/technology\/tech03\/case21.jpg\" data-lightbox=\"tech03\" data-title=\"Machining Example\" class=\"hover\"><br \/>\n\t\t\t\t\t\t\t\t<img decoding=\"async\" src=\"\/img\/technology\/tech03\/case21.jpg\" alt=\"\"><\/p>\n<p>Electrodo de molibdeno: \u03c61,0 x 600 PL<\/p>\n<p>\t\t\t\t\t\t\t<\/a>\n\t\t\t\t\t\t<\/li>\n<\/ul><\/div>\n<p>\t\t\t<!-- detail_area_in --><\/div>\n<p>\t\t<!-- container --><\/div>\n<\/section>\n<\/article>\n","protected":false},"excerpt":{"rendered":"<p>Taladrado &#8211; Taladrado de precisi\u00f3n y de varios agujeros Muchas piezas requieren un proceso de perforaci\u00f3n. Es uno de los procesos de mecanizado m\u00e1s comunes y b\u00e1sicos. Cada orificio perforado suele desempe\u00f1ar un papel importante en la funci\u00f3n de la pieza y debe producirse exactamente seg\u00fan las especificaciones. Cuando se perforan varios agujeros en una pieza, es importante establecer unas condiciones de perforaci\u00f3n adecuadas para mantener un mecanizado estable, ya que un solo error en un agujero puede arruinar toda la pieza. En Top Seiko, cuantificamos la carga de taladrado midiendo la carga de la herramienta para desarrollar la herramienta de taladrado m\u00e1s adecuada y establecer las condiciones \u00f3ptimas de [&hellip;]<\/p>\n","protected":false},"author":1,"featured_media":0,"parent":8564,"menu_order":0,"comment_status":"closed","ping_status":"closed","template":"page-tech.php","meta":{"om_disable_all_campaigns":false,"_monsterinsights_skip_tracking":false,"_monsterinsights_sitenote_active":false,"_monsterinsights_sitenote_note":"","_monsterinsights_sitenote_category":0,"footnotes":""},"aioseo_notices":[],"_links":{"self":[{"href":"https:\/\/top-seiko.com\/es\/wp-json\/wp\/v2\/pages\/8628"}],"collection":[{"href":"https:\/\/top-seiko.com\/es\/wp-json\/wp\/v2\/pages"}],"about":[{"href":"https:\/\/top-seiko.com\/es\/wp-json\/wp\/v2\/types\/page"}],"author":[{"embeddable":true,"href":"https:\/\/top-seiko.com\/es\/wp-json\/wp\/v2\/users\/1"}],"replies":[{"embeddable":true,"href":"https:\/\/top-seiko.com\/es\/wp-json\/wp\/v2\/comments?post=8628"}],"version-history":[{"count":2,"href":"https:\/\/top-seiko.com\/es\/wp-json\/wp\/v2\/pages\/8628\/revisions"}],"predecessor-version":[{"id":8630,"href":"https:\/\/top-seiko.com\/es\/wp-json\/wp\/v2\/pages\/8628\/revisions\/8630"}],"up":[{"embeddable":true,"href":"https:\/\/top-seiko.com\/es\/wp-json\/wp\/v2\/pages\/8564"}],"wp:attachment":[{"href":"https:\/\/top-seiko.com\/es\/wp-json\/wp\/v2\/media?parent=8628"}],"curies":[{"name":"wp","href":"https:\/\/api.w.org\/{rel}","templated":true}]}}