{"id":8647,"date":"2016-09-08T14:11:11","date_gmt":"2016-09-08T05:11:11","guid":{"rendered":"https:\/\/top-seiko.com\/technology\/taladrado-profundo\/"},"modified":"2023-01-18T18:52:05","modified_gmt":"2023-01-18T09:52:05","slug":"tech04","status":"publish","type":"page","link":"https:\/\/top-seiko.com\/es\/technology\/tech04\/","title":{"rendered":"Taladrado profundo"},"content":{"rendered":"<article class=\"m-tech04\">\n\t<!-- \u52a0\u5de5\u6280\u8853\u7d39\u4ecb --><\/p>\n<section class=\"technology\">\n<div class=\"container\">\n<h2 class=\"ttl01\"><span class=\"ja\">Taladrado profundo<\/span><\/h2>\n<div class=\"contents_top box-shadow row\">\n<div class=\"contents_top_text col-sm-7\">\n<h4>Taladrado profundo &#8211; Top Seiko produce agujeros profundos, rectos y c\u00f3nicos en materiales ultraduros.<\/h4>\n<p>El taladrado profundo requiere m\u00e1s atenci\u00f3n a los detalles que otros procesos de mecanizado. Para que la perforaci\u00f3n profunda tenga \u00e9xito, es necesario garantizar que la broca se mantenga recta y que las virutas sean expulsadas del agujero.  <br \/>\n Dado que la geometr\u00eda de la herramienta influye directamente en el control de la viruta, dise\u00f1amos nosotros mismos las herramientas de perforaci\u00f3n de agujeros profundos, que luego son producidas en la empresa o por fabricantes de herramientas seg\u00fan nuestras especificaciones.\n\t\t\t\t\t<\/p>\n<p>No utilizamos m\u00e1quinas de perforaci\u00f3n de pistolas ni ning\u00fan equipo especializado utilizado \u00fanicamente para aplicaciones de perforaci\u00f3n profunda, ya que no trabajamos con materiales comunes ni nos limitamos a perforar agujeros profundos. En cambio, perforamos agujeros profundos en materiales ex\u00f3ticos y duros con centros de mecanizado, tornos CNC y m\u00e1quinas de electroerosi\u00f3n. Con estas m\u00e1quinas, podemos realizar el taladrado profundo y el mecanizado de otras caracter\u00edsticas necesarias en una sola operaci\u00f3n. Aproveche nuestro eficaz y preciso servicio de perforaci\u00f3n profunda para materiales ultraduros!\n\t\t\t\t\t<\/p>\n<\/p><\/div>\n<div class=\"contents_img img_frame col-sm-5 tC\">\n\t\t\t\t\t<img decoding=\"async\" src=\"\/img\/technology\/tech04\/tech04_img01.jpg\" alt=\"\"><\/p>\n<div class=\"frame\"><\/div>\n<\/p><\/div>\n<p>\t\t\t<!-- \/.contents_top --><\/div>\n<div class=\"detail_area_in box-shadow\">\n<table class=\"processing_table table-responsive2\">\n<tr>\n<th>Materiales compatibles con nuestros servicios de taladrado profundo<\/th>\n<td>Cer\u00e1mica avanzada, vidrio de s\u00edlice fundida (cuarzo fundido), vidrio de borosilicato (Tempax), vitrocer\u00e1mica, silicio, cer\u00e1mica mecanizable, molibdeno, tungsteno, t\u00e1ntalo y mucho m\u00e1s.\n\t\t\t\t\t\t<\/td>\n<\/tr>\n<tr>\n<th>M\u00e1quinas que utilizamos<\/th>\n<td>\n Centros de mecanizado: centros de mecanizado de 3 y 5 ejes con sistemas de refrigeraci\u00f3n central*. <br \/>\n Tornos combinados<br \/>\n M\u00e1quina de perforaci\u00f3n por electroerosi\u00f3n <br \/>\n *El sistema de refrigeraci\u00f3n centralizada suministra refrigerante a alta presi\u00f3n a la punta de la herramienta a trav\u00e9s del orificio del husillo y la herramienta para una eficaz evacuaci\u00f3n de la viruta, refrigeraci\u00f3n y mayor vida \u00fatil de la herramienta.\n\t\t\t\t\t\t<\/td>\n<\/tr>\n<tr>\n<th>Materiales de las herramientas de perforaci\u00f3n<\/th>\n<td>\n Carburo de tungsteno y granos de diamante\n\t\t\t\t\t\t<\/td>\n<\/tr>\n<\/table>\n<div class=\"indication\">\n<h3 class=\"ttl03\">Capacidades del taladrado profundo<\/h3>\n<div class=\"indication_area\">\n<h4 class=\"ttl04\">Al\u00famina, nitruro de aluminio, vidrio de s\u00edlice fundido, vidrio de borosilicato, silicio, cer\u00e1mica mecanizable\/vidrio<\/h4>\n<div class=\"table-responsive\">\n<table class=\"table_style2\">\n<tr>\n<th>Diametro del agujero (mm)<\/th>\n<th>Profundidad maxima del agujero (mm) <\/th>\n<th>Precision del diametro del agujero (mm)<\/th>\n<th>Rectitud (mm)<\/th>\n<\/tr>\n<tr>\n<td>0.3\uff5e1.0<\/td>\n<td>15\uff5e50<\/td>\n<td>\u00b10.02\uff5e\u00b10.05<\/td>\n<td>0.1<\/td>\n<\/tr>\n<tr>\n<td>1.0\uff5e1.5<\/td>\n<td>50\uff5e100<\/td>\n<td>\u00b10.03\uff5e\u00b10.05<\/td>\n<td>0.2<\/td>\n<\/tr>\n<tr>\n<td>1.5\uff5e<\/td>\n<td>300<\/td>\n<td>\u00b10.03\uff5e\u00b10.1<\/td>\n<td>0.3<\/td>\n<\/tr>\n<\/table><\/div>\n<ul class=\"row\">\n<li class=\"col-xs-6 col-sm-3 col-md-3 col-lg-3\">\n\t\t\t\t\t\t\t\t<a href=\"\/img\/technology\/tech04\/case01.jpg\" data-lightbox=\"tech04\" data-title=\"\u52a0\u5de5\u4e8b\u4f8b\" class=\"hover\"><br \/>\n\t\t\t\t\t\t\t\t\t<img decoding=\"async\" src=\"\/img\/technology\/tech04\/case01.jpg\" alt=\"\"><br \/>\n\t\t\t\t\t\t\t\t<\/a>\n\t\t\t\t\t\t\t<\/li>\n<li class=\"col-xs-6 col-sm-3 col-md-3 col-lg-3\">\n\t\t\t\t\t\t\t\t<a href=\"\/img\/technology\/tech04\/case02.jpg\" data-lightbox=\"tech04\" data-title=\"\u52a0\u5de5\u4e8b\u4f8b\" class=\"hover\"><br \/>\n\t\t\t\t\t\t\t\t\t<img decoding=\"async\" src=\"\/img\/technology\/tech04\/case02.jpg\" alt=\"\"><br \/>\n\t\t\t\t\t\t\t\t<\/a>\n\t\t\t\t\t\t\t<\/li>\n<li class=\"col-xs-6 col-sm-3 col-md-3 col-lg-3\">\n\t\t\t\t\t\t\t\t<a href=\"\/img\/technology\/tech04\/case03.jpg\" data-lightbox=\"tech04\" data-title=\"\u52a0\u5de5\u4e8b\u4f8b\" class=\"hover\"><br \/>\n\t\t\t\t\t\t\t\t\t<img decoding=\"async\" src=\"\/img\/technology\/tech04\/case03.jpg\" alt=\"\"><br \/>\n\t\t\t\t\t\t\t\t<\/a>\n\t\t\t\t\t\t\t<\/li>\n<li class=\"col-xs-6 col-sm-3 col-md-3 col-lg-3\">\n\t\t\t\t\t\t\t\t<a href=\"\/img\/technology\/tech04\/case04.jpg\" data-lightbox=\"tech04\" data-title=\"\u52a0\u5de5\u4e8b\u4f8b\" class=\"hover\"><br \/>\n\t\t\t\t\t\t\t\t\t<img decoding=\"async\" src=\"\/img\/technology\/tech04\/case04.jpg\" alt=\"\"><br \/>\n\t\t\t\t\t\t\t\t<\/a>\n\t\t\t\t\t\t\t<\/li>\n<li class=\"col-xs-6 col-sm-3 col-md-3 col-lg-3\">\n\t\t\t\t\t\t\t\t<a href=\"\/img\/technology\/tech04\/case05.jpg\" data-lightbox=\"tech04\" data-title=\"\u52a0\u5de5\u4e8b\u4f8b\" class=\"hover\"><br \/>\n\t\t\t\t\t\t\t\t\t<img decoding=\"async\" src=\"\/img\/technology\/tech04\/case05.jpg\" alt=\"\"><br \/>\n\t\t\t\t\t\t\t\t<\/a>\n\t\t\t\t\t\t\t<\/li>\n<\/ul><\/div>\n<div class=\"indication_area\">\n<h4 class=\"ttl04\">Carburo de silicio, Zirconia, Silicon nitride<\/h4>\n<div class=\"table-responsive\">\n<table class=\"table_style2\">\n<tr>\n<th>Diametro del agujero (mm)<\/th>\n<th>Profundidad maxima del agujero (mm) <\/th>\n<th>Precision del diametro del agujero (mm)<\/th>\n<th>Rectitud (mm)<\/th>\n<\/tr>\n<tr>\n<td>0.5\uff5e1.5<\/td>\n<td>15\uff5e100<\/td>\n<td>\u00b10.05<\/td>\n<td>0.2<\/td>\n<\/tr>\n<tr>\n<td>1.5\uff5e<\/td>\n<td>150\uff5e300<\/td>\n<td>\u00b10.05\uff5e\u00b10.1<\/td>\n<td>0.3<\/td>\n<\/tr>\n<\/table><\/div>\n<ul class=\"row\">\n<li class=\"col-xs-6 col-sm-3 col-md-3 col-lg-3\">\n\t\t\t\t\t\t\t\t<a href=\"\/img\/technology\/tech04\/case06.jpg\" data-lightbox=\"tech04\" data-title=\"\u52a0\u5de5\u4e8b\u4f8b\" class=\"hover\"><br \/>\n\t\t\t\t\t\t\t\t\t<img decoding=\"async\" src=\"\/img\/technology\/tech04\/case06.jpg\" alt=\"\"><br \/>\n\t\t\t\t\t\t\t\t<\/a>\n\t\t\t\t\t\t\t<\/li>\n<li class=\"col-xs-6 col-sm-3 col-md-3 col-lg-3\">\n\t\t\t\t\t\t\t\t<a href=\"\/img\/technology\/tech04\/case07.jpg\" data-lightbox=\"tech04\" data-title=\"\u52a0\u5de5\u4e8b\u4f8b\" class=\"hover\"><br \/>\n\t\t\t\t\t\t\t\t\t<img decoding=\"async\" src=\"\/img\/technology\/tech04\/case07.jpg\" alt=\"\"><br \/>\n\t\t\t\t\t\t\t\t<\/a>\n\t\t\t\t\t\t\t<\/li>\n<\/ul><\/div>\n<div class=\"indication_area\">\n<h4 class=\"ttl04\">Molibdeno, Tungsteno, Tantalio<\/h4>\n<div class=\"table-responsive\">\n<table class=\"table_style2\">\n<tr>\n<th>Diametro del agujero (mm)<\/th>\n<th>Profundidad maxima del agujero (mm) <\/th>\n<th>Precision del diametro del agujero (mm)<\/th>\n<th>Rectitud (mm)<\/th>\n<\/tr>\n<tr>\n<td>0.5\uff5e1.5<\/td>\n<td>15\uff5e100<\/td>\n<td>\u00b10.02\uff5e\u00b10.05<\/td>\n<td>0.2<\/td>\n<\/tr>\n<tr>\n<td>1.5\uff5e<\/td>\n<td>300<\/td>\n<td>\u00b10.02\uff5e\u00b10.05<\/td>\n<td>0.3<\/td>\n<\/tr>\n<\/table><\/div>\n<ul class=\"row\">\n<li class=\"col-xs-6 col-sm-3 col-md-3 col-lg-3\">\n\t\t\t\t\t\t\t\t<a href=\"\/img\/technology\/tech04\/case08.jpg\" data-lightbox=\"tech04\" data-title=\"\u52a0\u5de5\u4e8b\u4f8b\" class=\"hover\"><br \/>\n\t\t\t\t\t\t\t\t\t<img decoding=\"async\" src=\"\/img\/technology\/tech04\/case08.jpg\" alt=\"\"><br \/>\n\t\t\t\t\t\t\t\t<\/a>\n\t\t\t\t\t\t\t<\/li>\n<li class=\"col-xs-6 col-sm-3 col-md-3 col-lg-3\">\n\t\t\t\t\t\t\t\t<a href=\"\/img\/technology\/tech04\/case09.jpg\" data-lightbox=\"tech04\" data-title=\"\u52a0\u5de5\u4e8b\u4f8b\" class=\"hover\"><br \/>\n\t\t\t\t\t\t\t\t\t<img decoding=\"async\" src=\"\/img\/technology\/tech04\/case09.jpg\" alt=\"\"><br \/>\n\t\t\t\t\t\t\t\t<\/a>\n\t\t\t\t\t\t\t<\/li>\n<\/ul><\/div>\n<\/p><\/div>\n<p>\t\t\t<!-- detail_area_in --><\/div>\n<\/p><\/div>\n<p>\t\t<!-- container --><\/div>\n<\/section>\n<\/article>\n","protected":false},"excerpt":{"rendered":"<p>Taladrado profundo Taladrado profundo &#8211; Top Seiko produce agujeros profundos, rectos y c\u00f3nicos en materiales ultraduros. El taladrado profundo requiere m\u00e1s atenci\u00f3n a los detalles que otros procesos de mecanizado. Para que la perforaci\u00f3n profunda tenga \u00e9xito, es necesario garantizar que la broca se mantenga recta y que las virutas sean expulsadas del agujero. Dado que la geometr\u00eda de la herramienta influye directamente en el control de la viruta, dise\u00f1amos nosotros mismos las herramientas de perforaci\u00f3n de agujeros profundos, que luego son producidas en la empresa o por fabricantes de herramientas seg\u00fan nuestras especificaciones. No utilizamos m\u00e1quinas de perforaci\u00f3n de pistolas ni ning\u00fan equipo especializado utilizado \u00fanicamente para aplicaciones de [&hellip;]<\/p>\n","protected":false},"author":1,"featured_media":0,"parent":8564,"menu_order":0,"comment_status":"closed","ping_status":"closed","template":"page-tech.php","meta":{"om_disable_all_campaigns":false,"_monsterinsights_skip_tracking":false,"_monsterinsights_sitenote_active":false,"_monsterinsights_sitenote_note":"","_monsterinsights_sitenote_category":0,"footnotes":""},"aioseo_notices":[],"_links":{"self":[{"href":"https:\/\/top-seiko.com\/es\/wp-json\/wp\/v2\/pages\/8647"}],"collection":[{"href":"https:\/\/top-seiko.com\/es\/wp-json\/wp\/v2\/pages"}],"about":[{"href":"https:\/\/top-seiko.com\/es\/wp-json\/wp\/v2\/types\/page"}],"author":[{"embeddable":true,"href":"https:\/\/top-seiko.com\/es\/wp-json\/wp\/v2\/users\/1"}],"replies":[{"embeddable":true,"href":"https:\/\/top-seiko.com\/es\/wp-json\/wp\/v2\/comments?post=8647"}],"version-history":[{"count":2,"href":"https:\/\/top-seiko.com\/es\/wp-json\/wp\/v2\/pages\/8647\/revisions"}],"predecessor-version":[{"id":8649,"href":"https:\/\/top-seiko.com\/es\/wp-json\/wp\/v2\/pages\/8647\/revisions\/8649"}],"up":[{"embeddable":true,"href":"https:\/\/top-seiko.com\/es\/wp-json\/wp\/v2\/pages\/8564"}],"wp:attachment":[{"href":"https:\/\/top-seiko.com\/es\/wp-json\/wp\/v2\/media?parent=8647"}],"curies":[{"name":"wp","href":"https:\/\/api.w.org\/{rel}","templated":true}]}}