{"id":8658,"date":"2016-09-08T14:35:56","date_gmt":"2016-09-08T05:35:56","guid":{"rendered":"https:\/\/top-seiko.com\/company\/lista-de-equipos\/"},"modified":"2023-01-19T16:44:48","modified_gmt":"2023-01-19T07:44:48","slug":"facility","status":"publish","type":"page","link":"https:\/\/top-seiko.com\/es\/company\/facility\/","title":{"rendered":"Lista de equipos"},"content":{"rendered":"<article class=\"m-facility\">\n<div class=\"container\">\n<section class=\"facility_list\">\n<h2 class=\"ttl02\"><span class=\"ja\">Lista de equipos<\/span><\/h2>\n<div class=\"detail_area_in box-shadow\">\n<p class=\"mb30\">Para mantener la precisi\u00f3n, todas nuestras m\u00e1quinas se comprueban a diario y se revisan con regularidad.<\/p>\n<h3 class=\"ttl03 ttl_grad_blue\">Macchine CNC<\/h3>\n<div class=\"list_box\">\n<ul class=\"machine_list row\">\n<li class=\"col-xs-6 col-sm-3 col-md-3 col-lg-3\"><img decoding=\"async\" src=\"\/img\/company\/facility_img01.jpg\" alt=\"M\u00e1quinas de 5 ejes\"><span>M\u00e1quinas de 5 ejes<\/span><\/li>\n<li class=\"col-xs-6 col-sm-3 col-md-3 col-lg-3\"><img decoding=\"async\" src=\"\/img\/company\/facility_img02.jpg\" alt=\"M\u00e1quinas de 5 ejes NMV5000DCG\"><span>M\u00e1quinas de 5 ejes NMV5000DCG<\/span><\/li>\n<li class=\"col-xs-6 col-sm-3 col-md-3 col-lg-3\"><img decoding=\"async\" src=\"\/img\/company\/facility_img03.jpg\" alt=\"M\u00e1quinas de 5 ejes ZV400\"><span>M\u00e1quinas de 5 ejes ZV400<\/span><\/li>\n<li class=\"col-xs-6 col-sm-3 col-md-3 col-lg-3\"><img decoding=\"async\" src=\"\/img\/company\/facility_img04.jpg\" alt=\"Centros de mecanizado lineal de alta velocidad HS650L\"><span>Centros de mecanizado lineal de alta velocidad HS650L<\/span><\/li>\n<li class=\"col-xs-6 col-sm-3 col-md-3 col-lg-3\"><img decoding=\"async\" src=\"\/img\/company\/facility_img05.jpg\" alt=\"Centros de mecanizado lineal de alta velocidad IQ300\"><span>Centros de mecanizado lineal de alta velocidad IQ300<\/span><\/li>\n<li class=\"col-xs-6 col-sm-3 col-md-3 col-lg-3\"><img decoding=\"async\" src=\"\/img\/company\/facility_img06.jpg\" alt=\"Maquinaria de 3 ejes V56i\"><span>Maquinaria de 3 ejes V56i<\/span><\/li>\n<li class=\"col-xs-6 col-sm-3 col-md-3 col-lg-3\"><img decoding=\"async\" src=\"\/img\/company\/facility_img07.jpg\" alt=\"Maquinaria de 3 ejes V55\"><span>Maquinaria de 3 ejes V55<\/span><\/li>\n<li class=\"col-xs-6 col-sm-3 col-md-3 col-lg-3\"><img decoding=\"async\" src=\"\/img\/company\/facility_img08.jpg\" alt=\"Maquinaria de 3 ejes V33\"><span>Maquinaria de 3 ejes V33<\/span><\/li>\n<li class=\"col-xs-6 col-sm-3 col-md-3 col-lg-3\"><img decoding=\"async\" src=\"\/img\/company\/facility_img09.jpg\" alt=\"Maquinaria de 3 ejes NVX5100\"><span>Maquinaria de 3 ejes NVX5100<\/span><\/li>\n<li class=\"col-xs-6 col-sm-3 col-md-3 col-lg-3\"><img decoding=\"async\" src=\"\/img\/company\/facility_img10.jpg\" alt=\"Maquinaria de 3 ejes NVX5080\"><span>Maquinaria de 3 ejes NVX5080<\/span><\/li>\n<li class=\"col-xs-6 col-sm-3 col-md-3 col-lg-3\"><img decoding=\"async\" src=\"\/img\/company\/facility_img11.jpg\" alt=\"Maquinaria de 3 ejes NV7000\"><span>Maquinaria de 3 ejes NV7000<\/span><\/li>\n<li class=\"col-xs-6 col-sm-3 col-md-3 col-lg-3\"><img decoding=\"async\" src=\"\/img\/company\/facility_img12.jpg\" alt=\"Maquinaria de 3 ejes S500X1\"><span>Maquinaria de 3 ejes S500X1<\/span><\/li>\n<\/ul>\n<div class=\"table-responsive\">\n<table>\n<tr>\n<th>Macchine CNC<\/th>\n<th>Fabricante<\/th>\n<th>Nombre del modelo<\/th>\n<th>N\u00famero de m\u00e1quinas<\/th>\n<th>Recorrido X-Y-Z<\/th>\n<th>Caracteristicas<\/th>\n<\/tr>\n<tr>\n<td rowspan=\"3\">M\u00e1quinas de 5 ejes<\/td>\n<td>MAKINO<\/td>\n<td>D300<\/td>\n<td>2<\/td>\n<td>300\u00d7500\u00d7350<\/td>\n<td rowspan=\"3\">Todas las m\u00e1quinas de 5 ejes est\u00e1n instaladas con un sistema de refrigeraci\u00f3n de centro a trav\u00e9s del husillo.<\/td>\n<\/tr>\n<tr>\n<td rowspan=\"2\">DMG MORI<\/td>\n<td>NMV5000DCG<\/td>\n<td>8<\/td>\n<td>730\u00d7510\u00d7510<\/td>\n<\/tr>\n<tr>\n<td>ZV400<\/td>\n<td>2<\/td>\n<td>600\u00d7425\u00d7450<\/td>\n<\/tr>\n<tr>\n<td rowspan=\"3\">Centros de mecanizado lineal de alta velocidad<\/td>\n<td rowspan=\"2\">MAKINO<\/td>\n<td>IQ300<\/td>\n<td>1<\/td>\n<td>400\u00d7350\u00d7200<\/td>\n<td rowspan=\"3\">Todas las m\u00e1quinas de motor lineal tienen husillos de alta velocidad que son ideales para el mecanizado de detalles finos.<\/td>\n<\/tr>\n<tr>\n<td>IQ500<\/td>\n<td>1<\/td>\n<td>500\u00d7450\u00d7300<\/td>\n<\/tr>\n<tr>\n<td>SODICK<\/td>\n<td>HS650L<\/td>\n<td>1<\/td>\n<td>625\u00d7500\u00d7300<\/td>\n<\/tr>\n<tr>\n<td rowspan=\"9\">3-Axis Machining Centers<\/td>\n<td rowspan=\"3\">MAKINO<\/td>\n<td>V56i<\/td>\n<td>3<\/td>\n<td>900\u00d7550\u00d7450<\/td>\n<td rowspan=\"7\">Sistema de refrigeraci\u00f3n a trav\u00e9s del husillo central.<\/td>\n<\/tr>\n<tr>\n<td>V55<\/td>\n<td>1<\/td>\n<td>900\u00d7500\u00d7450<\/td>\n<\/tr>\n<tr>\n<td>V33<\/td>\n<td>1<\/td>\n<td>600\u00d7400\u00d7350<\/td>\n<\/tr>\n<tr>\n<td rowspan=\"5\">DMG MORI<\/td>\n<td>NVX5100<\/td>\n<td>23<\/td>\n<td>1050\u00d7530\u00d75100<\/td>\n<\/tr>\n<tr>\n<td>NVX5080<\/td>\n<td>1<\/td>\n<td>800\u00d7530\u00d7510<\/td>\n<\/tr>\n<tr>\n<td>NV5000<\/td>\n<td>9<\/td>\n<td>800\u00d7510\u00d7510<\/td>\n<\/tr>\n<tr>\n<td>NV7000<\/td>\n<td>2<\/td>\n<td>1540\u00d7760\u00d7660<\/td>\n<\/tr>\n<tr>\n<td>CMX1100V<\/td>\n<td>12<\/td>\n<td>1100\u00d7560\u00d7510<\/td>\n<td>Algunos se instalan con una mesa rotativa<\/td>\n<\/tr>\n<tr>\n<td>BROTHER<\/td>\n<td>S500X1<\/td>\n<td>2<\/td>\n<td>500\u00d7400\u00d7300<\/td>\n<td><\/td>\n<\/tr>\n<\/table>\n<p>\t\t\t\t\t<!-- table-responsive --><\/div>\n<p>\t\t\t\t<!-- \/.list_box --><\/div>\n<div class=\"list_box\">\n<h3 class=\"ttl03 ttl_grad_blue\">Maquinaria de torneado CNC<\/h3>\n<ul class=\"machine_list row\">\n<li class=\"col-xs-6 col-sm-3 col-md-3 col-lg-3\"><img decoding=\"async\" src=\"\/img\/company\/facility_img13.jpg\" alt=\"Tornos CNC NL1500\"><span>Tornos CNC NL1500<\/span><\/li>\n<\/ul>\n<div class=\"table-responsive\">\n<table>\n<tr>\n<th>Maquinaria de torneado CNC<\/th>\n<th>Fabricante<\/th>\n<th>Nombre del modelo<\/th>\n<th>N\u00famero de m\u00e1quinas<\/th>\n<th>Recorrido X-Y-Z<\/th>\n<th>Caracteristicas<\/th>\n<\/tr>\n<tr>\n<td rowspan=\"2\">Tornos CNC<\/td>\n<td rowspan=\"2\">DMG MORI<\/td>\n<td>NL1500<\/td>\n<td>6<\/td>\n<td>260\u00d7590\u00d7100<\/td>\n<td>Con el segundo husillo que tiene funci\u00f3n de fresado.<\/td>\n<\/tr>\n<tr>\n<td>NLX1500<\/td>\n<td>1<\/td>\n<td>260\u00d7590\u00d7100<\/td>\n<td>Con el segundo husillo que tiene funci\u00f3n de fresado.<\/td>\n<\/tr>\n<tr>\n<td>5-Axis CNC Lathes<\/td>\n<td>DMG MORI<\/td>\n<td>NTX1000Ge2\/S<\/td>\n<td>1<\/td>\n<td>450\u00d7\u00b1105\u00d7800<\/td>\n<td>5-axis<\/td>\n<\/tr>\n<\/table>\n<p>\t\t\t\t\t<!-- \/.table-responsive --><\/div>\n<p>\t\t\t\t<!-- \/.list_box --><\/div>\n<div class=\"list_box\">\n<h3 class=\"ttl03 ttl_grad_blue\">Rectificadoras<\/h3>\n<ul class=\"machine_list row\">\n<li class=\"col-xs-6 col-sm-3 col-md-3 col-lg-3\"><img decoding=\"async\" src=\"\/img\/company\/facility_img14.jpg\" alt=\"Rectificadoras de superficies rotativas SSR5\"><span>Rectificadoras de superficies rotativas SSR5<\/span><\/li>\n<li class=\"col-xs-6 col-sm-3 col-md-3 col-lg-3\"><img decoding=\"async\" src=\"\/img\/company\/facility_img15.jpg\" alt=\"Rectificadoras de superficies PSG-64EXB\"><span>Rectificadoras de superficies PSG-64EXB<\/span><\/li>\n<li class=\"col-xs-6 col-sm-3 col-md-3 col-lg-3\"><img decoding=\"async\" src=\"\/img\/company\/facility_img16.jpg\" alt=\"Rectificadoras de superficies rotativas SSR5 GSR-700\"><span>Rectificadoras de superficies rotativas SSR5 GSR-700<\/span><\/li>\n<li class=\"col-xs-6 col-sm-3 col-md-3 col-lg-3\"><img decoding=\"async\" src=\"\/img\/company\/facility_img17.jpg\" alt=\"Rectificadoras cil\u00edndricas GL4P\"><span>Rectificadoras cil\u00edndricas GL4P<\/span><\/li>\n<\/ul>\n<div class=\"table-responsive\">\n<table>\n<tr>\n<th>Rectificadoras<\/th>\n<th>Fabricante<\/th>\n<th>Nombre del modelo<\/th>\n<th>N\u00famero de m\u00e1quinas<\/th>\n<th>Tama\u00f1o de la tabla<\/th>\n<th>Recorrido eje Z<\/th>\n<th>Caracteristicas<\/th>\n<\/tr>\n<tr>\n<td rowspan=\"4\">Rectificadoras de superficies rotativas<\/td>\n<td rowspan=\"4\">AMADA<\/td>\n<td>SSR5<\/td>\n<td>6<\/td>\n<td rowspan=\"4\">\u03c6500<\/td>\n<td rowspan=\"4\">125<\/td>\n<td rowspan=\"3\">Modelo horizontal<\/td>\n<\/tr>\n<tr>\n<td>SS501N<\/td>\n<td>1<\/td>\n<\/tr>\n<tr>\n<td>SS501<\/td>\n<td>1<\/td>\n<\/tr>\n<tr>\n<td>SSR-5 UP<\/td>\n<td>3<\/td>\n<td>Alta rigidez<\/td>\n<\/tr>\n<tr>\n<td rowspan=\"3\">Rectificadoras de superficies<\/td>\n<td rowspan=\"2\">AMADA<\/td>\n<td>TECHSTERD<\/td>\n<td>2<\/td>\n<td>600\u00d7400<\/td>\n<td>250<\/td>\n<td><\/td>\n<\/tr>\n<tr>\n<td>TECHSTER-52<\/td>\n<td>1<\/td>\n<td>\u03c655&#215;180<\/td>\n<td>250<\/td>\n<td>Rectificado sin centro<\/td>\n<\/tr>\n<tr>\n<td>OKAMOTO<\/td>\n<td>PSG-64EXB<\/td>\n<td>1<\/td>\n<td>600\u00d7400<\/td>\n<td>260<\/td>\n<td><\/td>\n<\/tr>\n<tr>\n<td>Rectificadoras de superficies rotativas<\/td>\n<td>SAN-EI ENGINEERING<\/td>\n<td>GSR-700<\/td>\n<td>3<\/td>\n<td>\u03c6700<\/td>\n<td>150<\/td>\n<td>Modelo vertical<\/td>\n<\/tr>\n<tr>\n<td rowspan=\"3\">Rectificadoras cil\u00edndricas<\/td>\n<td rowspan=\"2\">JTEKT<\/td>\n<td>GL4P<\/td>\n<td>1<\/td>\n<td>\u03c6300\uff08work size\uff09<\/td>\n<td>500\uff08length\uff09<\/td>\n<td><\/td>\n<\/tr>\n<tr>\n<td>GE3Pi<\/td>\n<td>1<\/td>\n<td>\u03c660<\/td>\n<td>250<\/td>\n<td><\/td>\n<\/tr>\n<tr>\n<td>TSUGAMI<\/td>\n<td>GU25<\/td>\n<td>1<\/td>\n<td>\u03c680<\/td>\n<td>250<\/td>\n<td><\/td>\n<\/tr>\n<\/table>\n<p>\t\t\t\t\t<!-- \/.table-responsive --><\/div>\n<p>\t\t\t\t<!-- \/.list_box --><\/div>\n<div class=\"list_box\">\n<h3 class=\"ttl03 ttl_grad_blue\">M\u00e1quinas de corte<\/h3>\n<ul class=\"machine_list row\">\n<li class=\"col-xs-6 col-sm-3 col-md-3 col-lg-3\"><img decoding=\"async\" src=\"\/img\/company\/facility_img18.jpg\" alt=\"M\u00e1quinas de corte TSN6030\"><span>M\u00e1quinas de corte TSN6030<\/span><\/li>\n<\/ul>\n<div class=\"table-responsive\">\n<table>\n<tr>\n<th>M\u00e1quinas de corte<\/th>\n<th>Fabricante<\/th>\n<th>Nombre del modelo<\/th>\n<th>N\u00famero de m\u00e1quinas<\/th>\n<th>Tama\u00f1o de la tabla<\/th>\n<th>Recorrido eje Z<\/th>\n<\/tr>\n<tr>\n<td>M\u00e1quinas de corte<\/td>\n<td>TOKYO SEIKI <\/td>\n<td>TSN6030<\/td>\n<td>2<\/td>\n<td>600\u00d7300<\/td>\n<td>200<\/td>\n<\/tr>\n<\/table>\n<p>\t\t\t\t\t<!-- \/.table-responsive --><\/div>\n<p>\t\t\t\t<!-- \/.list_box --><\/div>\n<div class=\"list_box\">\n<h3 class=\"ttl03 ttl_grad_blue\">EDM<\/h3>\n<ul class=\"machine_list row\">\n<li class=\"col-xs-6 col-sm-3 col-md-3 col-lg-3\"><img decoding=\"async\" src=\"\/img\/company\/facility_img19.jpg\" alt=\"M\u00e1quina de electroerosi\u00f3n por hilo FA20VSM\"><span>M\u00e1quina de electroerosi\u00f3n por hilo FA20VSM<\/span><\/li>\n<li class=\"col-xs-6 col-sm-3 col-md-3 col-lg-3\"><img decoding=\"async\" src=\"\/img\/company\/facility_img20.jpg\" alt=\"EDM Small Hole CT300FX\"><span>Drilling Machine CT300FX<\/span><\/li>\n<\/ul>\n<div class=\"table-responsive\">\n<table>\n<tr>\n<th>EDM <\/th>\n<th>Fabricante<\/th>\n<th>Nombre del modelo<\/th>\n<th>N\u00famero de m\u00e1quinas<\/th>\n<th>Recorrido X-Y-Z<\/th>\n<\/tr>\n<tr>\n<td rowspan=\"3\">M\u00e1quina de electroerosi\u00f3n por hilo<\/td>\n<td rowspan=\"3\">MITSUBISHI<\/td>\n<td>FA20VSM<\/td>\n<td>1<\/td>\n<td>500\u00d7350\u00d7300<\/td>\n<\/tr>\n<tr>\n<td rowspan=\"2\">MV2400R<\/td>\n<td rowspan=\"2\">2<\/td>\n<td>600\u00d7400\u00d7425<\/td>\n<\/tr>\n<tr>\n<td>600\u00d7400\u00d7300<\/td>\n<\/tr>\n<tr>\n<td rowspan=\"3\">M\u00e1quina de perforaci\u00f3n EDM de agujeros peque\u00f1os<\/td>\n<td rowspan=\"3\">ELENIX<\/td>\n<td>CT300FX<\/td>\n<td>1<\/td>\n<td>300\u00d7200\u00d7300<\/td>\n<\/tr>\n<tr>\n<td>CT500FX<\/td>\n<td>1<\/td>\n<td>550\u00d7380\u00d7400<\/td>\n<\/tr>\n<tr>\n<td>GT500FX<\/td>\n<td>1<\/td>\n<td>550\u00d7380\u00d7450<\/td>\n<\/tr>\n<\/table>\n<p>\t\t\t\t\t<!-- \/.table-responsive --><\/div>\n<p>\t\t\t\t<!-- \/.list_box --><\/div>\n<div class=\"list_box\">\n<h3 class=\"ttl03 ttl_grad_blue\">Sistema de software CAD-CAM<\/h3>\n<div class=\"table-responsive\">\n<table>\n<tr>\n<th>CAD-CAM Software Systems <\/th>\n<th>Fabricante<\/th>\n<th>Model<\/th>\n<th>N\u00famero<\/th>\n<th>Caracteristicas<\/th>\n<\/tr>\n<tr>\n<td rowspan=\"3\">CAD\/CAM<\/td>\n<td>GODO SOLUTION<\/td>\n<td>Nazca<\/td>\n<td>12<\/td>\n<td>2.5D<\/td>\n<\/tr>\n<tr>\n<td>NTT DATA ENGINEERING SYSTEMS <\/td>\n<td>Space-E<\/td>\n<td>1<\/td>\n<td>3D<\/td>\n<\/tr>\n<tr>\n<td>OPEN MIND<\/td>\n<td>hyperMILL<\/td>\n<td>1<\/td>\n<td>3D + 5-Axis<\/td>\n<\/tr>\n<\/table>\n<p>\t\t\t\t\t<!-- \/.table-responsive --><\/div>\n<p>\t\t\t\t<!-- \/.list_box --><\/div>\n<div class=\"list_box\">\n<h3 class=\"ttl03 ttl_grad_blue\">Equipo de inspecci\u00f3n<\/h3>\n<ul class=\"machine_list row\">\n<li class=\"col-xs-6 col-sm-3 col-md-3 col-lg-3\"><img decoding=\"async\" src=\"\/img\/company\/facility_img21.jpg\" alt=\"CNC Coordinate Crysta Aspexc\"><span>Measuring Machine Crysta Aspexc<\/span><\/li>\n<li class=\"col-xs-6 col-sm-3 col-md-3 col-lg-3\"><img decoding=\"async\" src=\"\/img\/company\/facility_img22.jpg\" alt=\"Sistema de medici\u00f3n por visi\u00f3n CNC Quick Vision stream\"><span>Sistema de medici\u00f3n por visi\u00f3n CNC Quick Vision stream<\/span><\/li>\n<li class=\"col-xs-6 col-sm-3 col-md-3 col-lg-3\"><img decoding=\"async\" src=\"\/img\/company\/facility_img23.jpg\" alt=\"Sistema de medici\u00f3n del tama\u00f1o de la imagen IM-6225\"><span>Sistema de medici\u00f3n del tama\u00f1o de la imagen IM-6225<\/span><\/li>\n<li class=\"col-xs-6 col-sm-3 col-md-3 col-lg-3\"><img decoding=\"async\" src=\"\/img\/company\/facility_img24.jpg\" alt=\"Microscopio de escaneo l\u00e1ser 3D VK-X100\"><span>Microscopio de escaneo l\u00e1ser 3D VK-X100<\/span><\/li>\n<li class=\"col-xs-6 col-sm-3 col-md-3 col-lg-3\"><img decoding=\"async\" src=\"\/img\/company\/facility_img25.jpg\" alt=\"Microscopio digital VHX-1000\"><span>Microscopio digital VHX-1000<\/span><\/li>\n<li class=\"col-xs-6 col-sm-3 col-md-3 col-lg-3\"><img decoding=\"async\" src=\"\/img\/company\/facility_img26.jpg\" alt=\"Microscopio para fabricantes de herramientas\"><span>Microscopio para fabricantes de herramientas<\/span><\/li>\n<p>\t\t\t\t\t<!-- \/.machine_list --><\/ul>\n<div class=\"table-responsive\">\n<table>\n<tr>\n<th>Equipo de inspecci\u00f3n<\/th>\n<th>Fabricante<\/th>\n<th>Nombre del modelo<\/th>\n<th>N\u00famero de m\u00e1quinas<\/th>\n<th>Recorrido X-Y-Z<\/th>\n<\/tr>\n<tr>\n<td rowspan=\"2\">M\u00e1quina de medici\u00f3n por coordenadas CNC<\/td>\n<td rowspan=\"2\">MITUTOYO<\/td>\n<td>Crysta Aspexc<\/td>\n<td>3<\/td>\n<td>700\u00d7700\u00d7600<\/td>\n<\/tr>\n<tr>\n<td>STRATO-Apex 9106<\/td>\n<td>1<\/td>\n<td>900\u00d71000\u00d7600<\/td>\n<\/tr>\n<tr>\n<td>Sistema de medici\u00f3n por visi\u00f3n CNC<\/td>\n<td>MITUTOYO<\/td>\n<td>Quick Vision stream<\/td>\n<td>2<\/td>\n<td>400\u00d7400\u00d7250<\/td>\n<\/tr>\n<tr>\n<td rowspan=\"3\">Image Dimension Measurement System<\/td>\n<td rowspan=\"3\">KEYENCE<\/td>\n<td>IM-6225<\/td>\n<td>2<\/td>\n<td>100\u00d7200\u00d740<\/td>\n<\/tr>\n<tr>\n<td>IM-7020<\/td>\n<td>1<\/td>\n<td>90\u00d790\u00d730<\/td>\n<\/tr>\n<tr>\n<td>IM-8030<\/td>\n<td>1<\/td>\n<td>190\u00d790\u00d730<\/td>\n<\/tr>\n<tr>\n<td>3D Optical Profilometer<\/td>\n<td>KEYENCE<\/td>\n<td>VR-6200<\/td>\n<td>1<\/td>\n<td>278x134x69<\/td>\n<\/tr>\n<tr>\n<td>Microscopio de escaneo l\u00e1ser 3D<\/td>\n<td>KEYENCE<\/td>\n<td>VK-X100<\/td>\n<td>1<\/td>\n<td>100\uff5e16,000 (magnification)<\/td>\n<\/tr>\n<tr>\n<td>Microscopio digital<\/td>\n<td>KEYENCE<\/td>\n<td>VHX-1000<\/td>\n<td>1<\/td>\n<td>100\uff5e16,000 (magnification)<\/td>\n<\/tr>\n<tr>\n<td>Sistema de medici\u00f3n de la planicidad de la altura<\/td>\n<td>KEYENCE<\/td>\n<td>HM-1000<\/td>\n<td>1<\/td>\n<td>100\u00d7100\u00d775<\/td>\n<\/tr>\n<tr>\n<td>Sistema de medici\u00f3n \u00f3ptica<\/td>\n<td>MITUTOYO<\/td>\n<td>MF-UD1010D<\/td>\n<td>1<\/td>\n<td>300\u00d7170\u00d7220<\/td>\n<\/tr>\n<tr>\n<td>Microscopio para fabricantes de herramientas<\/td>\n<td>MITUTOYO<\/td>\n<td>  &#8211;  <\/td>\n<td>1<\/td>\n<td>100\u00d7100\u00d7100<\/td>\n<\/tr>\n<tr>\n<td>Comparador \u00f3ptico<\/td>\n<td>Vision Engineering<\/td>\n<td>Lynx EVO<\/td>\n<td>1<\/td>\n<td>6x\uff5e60x(MAX 240x)<\/td>\n<\/tr>\n<tr>\n<td>M\u00e1quinas para medir la rugosidad de las superficies<\/td>\n<td>MITUTOYO<\/td>\n<td>SJ-301<\/td>\n<td>2<\/td>\n<td>Medici\u00f3n de la rugosidad de una superficie plana<\/td>\n<\/tr>\n<\/table>\n<p>\t\t\t\t\t<!-- \/.table-responsive --><\/div>\n<p>\t\t\t\t<!-- \/.list_box --><\/div>\n<p>\t\t\t<!-- \/.detail_area_in --><\/div>\n<p>\t\t<!-- major_facility --><\/section>\n<p>\t<!-- container --><\/div>\n<\/article>\n","protected":false},"excerpt":{"rendered":"<p>Lista de equipos Para mantener la precisi\u00f3n, todas nuestras m\u00e1quinas se comprueban a diario y se revisan con regularidad. Macchine CNC M\u00e1quinas de 5 ejes M\u00e1quinas de 5 ejes NMV5000DCG M\u00e1quinas de 5 ejes ZV400 Centros de mecanizado lineal de alta velocidad HS650L Centros de mecanizado lineal de alta velocidad IQ300 Maquinaria de 3 ejes V56i Maquinaria de 3 ejes V55 Maquinaria de 3 ejes V33 Maquinaria de 3 ejes NVX5100 Maquinaria de 3 ejes NVX5080 Maquinaria de 3 ejes NV7000 Maquinaria de 3 ejes S500X1 Macchine CNC Fabricante Nombre del modelo N\u00famero de m\u00e1quinas Recorrido X-Y-Z Caracteristicas M\u00e1quinas de 5 ejes MAKINO D300 2 300\u00d7500\u00d7350 Todas las m\u00e1quinas de [&hellip;]<\/p>\n","protected":false},"author":1,"featured_media":0,"parent":8502,"menu_order":0,"comment_status":"closed","ping_status":"closed","template":"page-child-company.php","meta":{"om_disable_all_campaigns":false,"_monsterinsights_skip_tracking":false,"_monsterinsights_sitenote_active":false,"_monsterinsights_sitenote_note":"","_monsterinsights_sitenote_category":0,"footnotes":""},"aioseo_notices":[],"_links":{"self":[{"href":"https:\/\/top-seiko.com\/es\/wp-json\/wp\/v2\/pages\/8658"}],"collection":[{"href":"https:\/\/top-seiko.com\/es\/wp-json\/wp\/v2\/pages"}],"about":[{"href":"https:\/\/top-seiko.com\/es\/wp-json\/wp\/v2\/types\/page"}],"author":[{"embeddable":true,"href":"https:\/\/top-seiko.com\/es\/wp-json\/wp\/v2\/users\/1"}],"replies":[{"embeddable":true,"href":"https:\/\/top-seiko.com\/es\/wp-json\/wp\/v2\/comments?post=8658"}],"version-history":[{"count":2,"href":"https:\/\/top-seiko.com\/es\/wp-json\/wp\/v2\/pages\/8658\/revisions"}],"predecessor-version":[{"id":8660,"href":"https:\/\/top-seiko.com\/es\/wp-json\/wp\/v2\/pages\/8658\/revisions\/8660"}],"up":[{"embeddable":true,"href":"https:\/\/top-seiko.com\/es\/wp-json\/wp\/v2\/pages\/8502"}],"wp:attachment":[{"href":"https:\/\/top-seiko.com\/es\/wp-json\/wp\/v2\/media?parent=8658"}],"curies":[{"name":"wp","href":"https:\/\/api.w.org\/{rel}","templated":true}]}}