{"id":8673,"date":"2016-09-08T14:33:28","date_gmt":"2016-09-08T05:33:28","guid":{"rendered":"https:\/\/top-seiko.com\/company\/mensaje-del-director-general\/"},"modified":"2023-01-19T18:53:28","modified_gmt":"2023-01-19T09:53:28","slug":"greeting","status":"publish","type":"page","link":"https:\/\/top-seiko.com\/es\/company\/greeting\/","title":{"rendered":"Mensaje del Director General"},"content":{"rendered":"<article class=\"m-greeting\">\n<section class=\"greeting\">\n<div class=\"container\">\n<h2 class=\"ttl02\"><span class=\"ja\">Mensaje del Director General<\/span><\/h2>\n<div class=\"detail_area_in box-shadow\">\n<div class=\"contents_greeting\">\n<p class=\"greeting_img fr\"><img decoding=\"async\" src=\"\/img\/company\/greeting_img01.jpg\" alt=\"\"><\/p>\n<div class=\"greeting_text\">\n<h3>Mensaje del Director General<\/h3>\n<p>En los a\u00f1os transcurridos desde la fundaci\u00f3n de Top Seiko en 2001, ha habido momentos en los que nos hemos enfrentado a grandes retos. Sin embargo, hemos conseguido sobrevivir y crecer en estos tiempos dif\u00edciles. Por supuesto, no pod\u00edamos conseguirlo solos. Me gustar\u00eda agradecer a todos nuestros clientes, proveedores y otras partes interesadas por su apoyo, gu\u00eda y est\u00edmulo.    <\/p>\n<h3>El objetivo es ser el mejor<\/h3>\n<p>Nuestra empresa recibi\u00f3 el nombre de &#8220;Top Seiko&#8221; para expresar nuestro objetivo corporativo de convertirnos en la mejor empresa de mecanizado y fabricaci\u00f3n de precisi\u00f3n del mundo. Seiko&#8221; es una palabra japonesa que significa &#8220;mecanizado de precisi\u00f3n&#8221;. Como peque\u00f1a empresa reci\u00e9n fundada, pronto nos dimos cuenta de que la competencia entre las empresas que procesan materiales industriales comunes era demasiado intensa para que pudi\u00e9ramos siquiera sobrevivir. Para lograr nuestro objetivo, decidimos centrarnos \u00fanicamente en nuestra especialidad, el mecanizado de precisi\u00f3n de materiales ultraduros y fr\u00e1giles como el vidrio, la cer\u00e1mica y los metales refractarios.\n\t\t\t\t\t\t<\/p>\n<h3>Ampliaci\u00f3n de nuestras capacidades de mecanizado.<\/h3>\n<p>Estos materiales ex\u00f3ticos y duros pueden ser m\u00e1s dif\u00edciles de mecanizar que otros materiales industriales. Sin embargo, la transformaci\u00f3n de cada uno de estos materiales es un fen\u00f3meno regido por una ley f\u00edsica. Creo firmemente que si podemos descubrir y seguir esta ley, incluso estos materiales fr\u00e1giles, abrasivos y dif\u00edciles de mecanizar pueden convertirse en piezas de precisi\u00f3n. No hay excepciones. Siempre hay razones f\u00edsicas para el fracaso, que tenemos que encontrar. Con esta convicci\u00f3n, hemos afrontado los retos y hemos ampliado nuestras capacidades de mecanizado.\n\t\t\t\t\t\t<\/p>\n<h3>Crecimiento constante<\/h3>\n<p>Empezamos produciendo componentes para unos pocos clientes de la industria de los semiconductores y la electr\u00f3nica, pero ahora servimos a clientes de una amplia gama de sectores, como el aeroespacial, el de la automoci\u00f3n, el de la aviaci\u00f3n, el m\u00e9dico y el de la medici\u00f3n y el an\u00e1lisis. Como proveedor de soluciones para nuestros clientes, hemos respondido a sus necesidades espec\u00edficas. Afortunadamente, con el aumento del n\u00famero de clientes, nuestra planta ha funcionado a pleno rendimiento. Para aumentar la capacidad de producci\u00f3n y responder a una gama m\u00e1s amplia de necesidades, estamos construyendo unas nuevas instalaciones que incluyen equipos de \u00faltima generaci\u00f3n y que est\u00e1 previsto que entren en funcionamiento en 2017. Haremos un esfuerzo colectivo para seguir siendo competitivos y continuar ofreciendo soluciones a nuestros clientes durante siglos.     <br \/>\n Una vez m\u00e1s, nos gustar\u00eda dar las gracias a todas las partes interesadas por su continuo apoyo, gu\u00eda y est\u00edmulo.\n\t\t\t\t\t\t<\/p>\n<p class=\"tR\">Top Seiko Co., Ltd. <br \/>Yoichi Azai Director General<\/p>\n<\/p><\/div>\n<p>\t\t\t\t<!-- contents_greeting --><\/div>\n<p>\t\t\t<!-- detail_area_in --><\/div>\n<p>\t\t<!-- container --><\/div>\n<\/section>\n<\/article>\n","protected":false},"excerpt":{"rendered":"<p>Mensaje del Director General Mensaje del Director General En los a\u00f1os transcurridos desde la fundaci\u00f3n de Top Seiko en 2001, ha habido momentos en los que nos hemos enfrentado a grandes retos. Sin embargo, hemos conseguido sobrevivir y crecer en estos tiempos dif\u00edciles. Por supuesto, no pod\u00edamos conseguirlo solos. Me gustar\u00eda agradecer a todos nuestros clientes, proveedores y otras partes interesadas por su apoyo, gu\u00eda y est\u00edmulo. El objetivo es ser el mejor Nuestra empresa recibi\u00f3 el nombre de &#8220;Top Seiko&#8221; para expresar nuestro objetivo corporativo de convertirnos en la mejor empresa de mecanizado y fabricaci\u00f3n de precisi\u00f3n del mundo. Seiko&#8221; es una palabra japonesa que significa &#8220;mecanizado de precisi\u00f3n&#8221;. [&hellip;]<\/p>\n","protected":false},"author":1,"featured_media":0,"parent":8502,"menu_order":0,"comment_status":"closed","ping_status":"closed","template":"page-child-company.php","meta":{"om_disable_all_campaigns":false,"_monsterinsights_skip_tracking":false,"_monsterinsights_sitenote_active":false,"_monsterinsights_sitenote_note":"","_monsterinsights_sitenote_category":0,"footnotes":""},"aioseo_notices":[],"_links":{"self":[{"href":"https:\/\/top-seiko.com\/es\/wp-json\/wp\/v2\/pages\/8673"}],"collection":[{"href":"https:\/\/top-seiko.com\/es\/wp-json\/wp\/v2\/pages"}],"about":[{"href":"https:\/\/top-seiko.com\/es\/wp-json\/wp\/v2\/types\/page"}],"author":[{"embeddable":true,"href":"https:\/\/top-seiko.com\/es\/wp-json\/wp\/v2\/users\/1"}],"replies":[{"embeddable":true,"href":"https:\/\/top-seiko.com\/es\/wp-json\/wp\/v2\/comments?post=8673"}],"version-history":[{"count":2,"href":"https:\/\/top-seiko.com\/es\/wp-json\/wp\/v2\/pages\/8673\/revisions"}],"predecessor-version":[{"id":8675,"href":"https:\/\/top-seiko.com\/es\/wp-json\/wp\/v2\/pages\/8673\/revisions\/8675"}],"up":[{"embeddable":true,"href":"https:\/\/top-seiko.com\/es\/wp-json\/wp\/v2\/pages\/8502"}],"wp:attachment":[{"href":"https:\/\/top-seiko.com\/es\/wp-json\/wp\/v2\/media?parent=8673"}],"curies":[{"name":"wp","href":"https:\/\/api.w.org\/{rel}","templated":true}]}}