{"id":8690,"date":"2016-09-01T12:02:37","date_gmt":"2016-09-01T03:02:37","guid":{"rendered":"https:\/\/top-seiko.com\/solicitud-de-informacion\/"},"modified":"2023-01-20T17:20:11","modified_gmt":"2023-01-20T08:20:11","slug":"contact","status":"publish","type":"page","link":"https:\/\/top-seiko.com\/es\/contact\/","title":{"rendered":"Solicitud de informaci\u00f3n"},"content":{"rendered":"<article class=\"m-contact\">\n<div class=\"container\">\n<h2 class=\"ttl02\"><span class=\"ja\">Solicitud de informaci\u00f3n<\/span><\/h2>\n<div class=\"contactTel\">\n<p>Para pedidos desde un prototipo hasta la producci\u00f3n en serie, no dude en ponerse en contacto con nosotros para cualquier asunto. Nuestro personal encargado responder\u00e1 r\u00e1pidamente a sus consultas y a sus necesidades en un breve plazo de tiempo.\n<\/p>\n<p class=\"number\">Phone: +81-749-51-9021<br \/> (horario de oficina: 9:00-16:00 excepto fines de semana y festivos)<br \/>\nFax: +81-749-51-9022(recepci\u00f3n 24 horas)<br \/>Mail: info@top-seiko.co.jp<\/p>\n<p><!-- \/ .contactTel --><\/div>\n<p>[mwform_formkey key=&#8221;8723&#8243;]<\/p>\n<\/div>\n<p><!-- \/.m-contact --><\/article>\n","protected":false},"excerpt":{"rendered":"<p>Solicitud de informaci\u00f3n Para pedidos desde un prototipo hasta la producci\u00f3n en serie, no dude en ponerse en contacto con nosotros para cualquier asunto. Nuestro personal encargado responder\u00e1 r\u00e1pidamente a sus consultas y a sus necesidades en un breve plazo de tiempo. Phone: +81-749-51-9021 (horario de oficina: 9:00-16:00 excepto fines de semana y festivos) Fax: +81-749-51-9022(recepci\u00f3n 24 horas)Mail: info@top-seiko.co.jp [mwform_formkey key=&#8221;8723&#8243;]<\/p>\n","protected":false},"author":1,"featured_media":0,"parent":0,"menu_order":0,"comment_status":"closed","ping_status":"closed","template":"","meta":{"om_disable_all_campaigns":false,"_monsterinsights_skip_tracking":false,"_monsterinsights_sitenote_active":false,"_monsterinsights_sitenote_note":"","_monsterinsights_sitenote_category":0,"footnotes":""},"aioseo_notices":[],"_links":{"self":[{"href":"https:\/\/top-seiko.com\/es\/wp-json\/wp\/v2\/pages\/8690"}],"collection":[{"href":"https:\/\/top-seiko.com\/es\/wp-json\/wp\/v2\/pages"}],"about":[{"href":"https:\/\/top-seiko.com\/es\/wp-json\/wp\/v2\/types\/page"}],"author":[{"embeddable":true,"href":"https:\/\/top-seiko.com\/es\/wp-json\/wp\/v2\/users\/1"}],"replies":[{"embeddable":true,"href":"https:\/\/top-seiko.com\/es\/wp-json\/wp\/v2\/comments?post=8690"}],"version-history":[{"count":2,"href":"https:\/\/top-seiko.com\/es\/wp-json\/wp\/v2\/pages\/8690\/revisions"}],"predecessor-version":[{"id":8724,"href":"https:\/\/top-seiko.com\/es\/wp-json\/wp\/v2\/pages\/8690\/revisions\/8724"}],"wp:attachment":[{"href":"https:\/\/top-seiko.com\/es\/wp-json\/wp\/v2\/media?parent=8690"}],"curies":[{"name":"wp","href":"https:\/\/api.w.org\/{rel}","templated":true}]}}