{"id":9028,"date":"2016-09-08T14:29:04","date_gmt":"2016-09-08T05:29:04","guid":{"rendered":"https:\/\/top-seiko.com\/materials-properties\/"},"modified":"2023-04-10T19:24:04","modified_gmt":"2023-04-10T10:24:04","slug":"guide","status":"publish","type":"page","link":"https:\/\/top-seiko.com\/es\/guide\/","title":{"rendered":"Materials &amp; Properties"},"content":{"rendered":"<br \/>\n<article class=\"m-flow\">\n<section class=\"flow\">\n<div class=\"container\">\n<h2 class=\"ttl01\"><span class=\"ja\">Gu\u00eda de materiales<\/span><\/h2>\n<div class=\"contents_top box-shadow\">\n<p>\n Conozca los materiales de las m\u00e1quinas Top Seiko y las propiedades de los materiales a trav\u00e9s de la Gu\u00eda f\u00e1cil de materiales, especialmente dise\u00f1ada para ayudar a nuestros clientes en la selecci\u00f3n de materiales.<br \/>\n\u00a1Haga clic en los siguientes enlaces!\n\t\t\t\t\t\t\t\t<\/p>\n<p>\t\t\t\t\t\t\t<!-- \/.contents_top --><\/div>\n<p>\t\t\t\t\t\t<!-- container --><\/div>\n<\/section>\n<\/article>\n","protected":false},"excerpt":{"rendered":"<p>Gu\u00eda de materiales Conozca los materiales de las m\u00e1quinas Top Seiko y las propiedades de los materiales a trav\u00e9s de la Gu\u00eda f\u00e1cil de materiales, especialmente dise\u00f1ada para ayudar a nuestros clientes en la selecci\u00f3n de materiales. \u00a1Haga clic en los siguientes enlaces!<\/p>\n","protected":false},"author":1,"featured_media":0,"parent":0,"menu_order":0,"comment_status":"closed","ping_status":"closed","template":"page-guide.php","meta":{"om_disable_all_campaigns":false,"_monsterinsights_skip_tracking":false,"_monsterinsights_sitenote_active":false,"_monsterinsights_sitenote_note":"","_monsterinsights_sitenote_category":0,"footnotes":""},"aioseo_notices":[],"_links":{"self":[{"href":"https:\/\/top-seiko.com\/es\/wp-json\/wp\/v2\/pages\/9028"}],"collection":[{"href":"https:\/\/top-seiko.com\/es\/wp-json\/wp\/v2\/pages"}],"about":[{"href":"https:\/\/top-seiko.com\/es\/wp-json\/wp\/v2\/types\/page"}],"author":[{"embeddable":true,"href":"https:\/\/top-seiko.com\/es\/wp-json\/wp\/v2\/users\/1"}],"replies":[{"embeddable":true,"href":"https:\/\/top-seiko.com\/es\/wp-json\/wp\/v2\/comments?post=9028"}],"version-history":[{"count":1,"href":"https:\/\/top-seiko.com\/es\/wp-json\/wp\/v2\/pages\/9028\/revisions"}],"predecessor-version":[{"id":9029,"href":"https:\/\/top-seiko.com\/es\/wp-json\/wp\/v2\/pages\/9028\/revisions\/9029"}],"wp:attachment":[{"href":"https:\/\/top-seiko.com\/es\/wp-json\/wp\/v2\/media?parent=9028"}],"curies":[{"name":"wp","href":"https:\/\/api.w.org\/{rel}","templated":true}]}}