{"id":9046,"date":"2016-09-08T21:04:04","date_gmt":"2016-09-08T12:04:04","guid":{"rendered":"https:\/\/top-seiko.com\/guide\/guia-de-las-caracteristicas-y-aplicaciones-de-los-materiales\/"},"modified":"2023-04-11T19:40:05","modified_gmt":"2023-04-11T10:40:05","slug":"characteristic","status":"publish","type":"page","link":"https:\/\/top-seiko.com\/es\/guide\/characteristic\/","title":{"rendered":"Gu\u00eda de las caracter\u00edsticas y aplicaciones de los materiales"},"content":{"rendered":"<article class=\"m-characteristic\">\n<div class=\"container\">\n<h2 class=\"ttl02\"><span class=\"ja\">Gu\u00eda de las caracter\u00edsticas y aplicaciones de los materiales<\/span><\/h2>\n<div class=\"detail_area_in box-shadow mb50\">\n<section class=\"high_melting\">\n<h3 class=\"ttl03\">Metales refractarios<\/h3>\n<div class=\"char_box\">\n<div class=\"row\">\n<h4 class=\"ttl04 col-sm-10 col-xs-8\">Tungsteno<\/h4>\n<p class=\"symbol col-sm-2 col-xs-4 tC\">(W) N\u00famero at\u00f3mico: 74<\/p>\n<\/p><\/div>\n<div class=\"row mb20\">\n<div class=\"char_box_l col-sm-6\">\n<h5>Propiedades<\/h5>\n<h6>*Alta resistencia al calor, alta conductividad t\u00e9rmica, alto peso espec\u00edfico<\/h6>\n<table class=\"table_style\" cellspacing=\"0\" cellpadding=\"0\">\n<tbody>\n<tr>\n<th class=\"skyblue\">Punto de fusi\u00f3n(\u00b0C )<\/th>\n<td>3387<\/td>\n<td class=\"noborder\"><small>el m\u00e1s alto de todos los metales<\/small><\/td>\n<\/tr>\n<tr>\n<th class=\"skyblue\">Conductividad t\u00e9rmica (W\/(m\u30fbK))\n<\/th>\n<td>172  <\/td>\n<td class=\"noborder\">&nbsp;<\/td>\n<\/tr>\n<tr>\n<th class=\"skyblue\">Coeficiente de expansi\u00f3n t\u00e9rmica (\u00d710<sup>-6<\/sup>)<\/th>\n<td>4.5<br \/>\n          <\/td>\n<td class=\"noborder\"><small>el m\u00e1s bajo entre todos los metales<\/small><\/td>\n<\/tr>\n<tr>\n<th class=\"skyblue\">Peso espec\u00edfico<\/th>\n<td>19.3  <\/td>\n<td class=\"noborder\"><small>igual al oro<\/small><\/td>\n<\/tr>\n<tr>\n<th class=\"skyblue\">Dureza Vickers (GPa)<\/th>\n<td>4.2<\/td>\n<td class=\"noborder\">&nbsp;<\/td>\n<\/tr>\n<tr>\n<th class=\"skyblue\">M\u00f3dulo de Young (GPa)<\/th>\n<td>345<\/td>\n<td class=\"noborder\">&nbsp;<\/td>\n<\/tr>\n<\/tbody>\n<\/table><\/div>\n<div class=\"char_box_r col-sm-6\">\n<h5>Aplicaciones<\/h5>\n<ul>\n<li>Filamentos de iluminaci\u00f3n, crisol<\/li>\n<li>Calentador para hornos de vac\u00edo<\/li>\n<li>Todo tipo de electrodos para l\u00e1mparas de descarga, contactos el\u00e9ctricos<\/li>\n<li>Material de protecci\u00f3n t\u00e9rmica, electrodos de soldadura TIG<\/li>\n<li>Componentes para dispositivos de implantaci\u00f3n i\u00f3nica de semiconductores<\/li>\n<li>C\u00e1todos para sputtering<\/li>\n<li>Peso de equilibrio<\/li>\n<\/ul><\/div>\n<\/p><\/div>\n<\/p><\/div>\n<div class=\"char_box\">\n<div class=\"row\">\n<h4 class=\"ttl04 col-sm-10 col-xs-8\">Molibdeno<\/h4>\n<p class=\"symbol col-sm-2 col-xs-4 tC\">(Mo) N\u00famero at\u00f3mico: 42<\/p>\n<\/p><\/div>\n<div class=\"row mb20\">\n<div class=\"char_box_l col-sm-6\">\n<h5>Propiedades<\/h5>\n<h6>*Resistente al calor, alta conductividad t\u00e9rmica<\/h6>\n<table class=\"table_style\" cellspacing=\"0\" cellpadding=\"0\">\n<tbody>\n<tr>\n<th class=\"skyblue\">Punto de fusi\u00f3n (\u2103)<\/th>\n<td>2623<\/td>\n<\/tr>\n<tr>\n<th class=\"skyblue\">Conductividad t\u00e9rmica (W\/(m\u30fbK))\n<\/th>\n<td>142<\/td>\n<\/tr>\n<tr>\n<th class=\"skyblue\">Coeficiente de expansi\u00f3n t\u00e9rmica(\u00d710<sup>-6<\/sup>)<\/th>\n<td>5.3<\/td>\n<\/tr>\n<tr>\n<th class=\"skyblue\">Peso espec\u00edfico<\/th>\n<td>10.2<\/td>\n<\/tr>\n<tr>\n<th class=\"skyblue\">Dureza Vickers (GPa)<\/th>\n<td>2.6<\/td>\n<\/tr>\n<tr>\n<th class=\"skyblue\">M\u00f3dulo de Young (GPa)<\/th>\n<td>276<\/td>\n<\/tr>\n<\/tbody>\n<\/table><\/div>\n<div class=\"char_box_r col-sm-6\">\n<h5>Aplicaciones<\/h5>\n<ul>\n<li>\n Componentes de iluminaci\u00f3n, cable de filamento para bombillas<\/li>\n<li>Calentadores utilizados en hornos de alta temperatura y blindaje<\/li>\n<li>Crisol, tabla de sinterizaci\u00f3n<\/li>\n<li>Piezas para dispositivos de potencia<\/li>\n<li>Piezas del magnetr\u00f3n utilizadas en los hornos microondas<\/li>\n<li>Material del c\u00e1todo para sputtering<\/li>\n<\/ul><\/div>\n<\/p><\/div>\n<\/p><\/div>\n<div class=\"char_box\">\n<div class=\"row\">\n<h4 class=\"ttl04 col-sm-10 col-xs-8\">Tantalio<\/h4>\n<p class=\"symbol col-sm-2 col-xs-4 tC\">(Ta) N\u00famero at\u00f3mico: 73<\/p>\n<\/p><\/div>\n<div class=\"row mb20\">\n<div class=\"char_box_l col-sm-6\">\n<h5>Propiedades<\/h5>\n<h6>*Resistente al calor<\/h6>\n<table class=\"table_style\" cellspacing=\"0\" cellpadding=\"0\">\n<tbody>\n<tr>\n<th class=\"skyblue\">Punto de fusi\u00f3n (\u2103)<\/th>\n<td>2990<\/td>\n<\/tr>\n<tr>\n<th class=\"skyblue\">Conductividad t\u00e9rmica (W\/(m\u30fbK))\n<\/th>\n<td>57.5<\/td>\n<\/tr>\n<tr>\n<th class=\"skyblue\">Coeficiente de expansi\u00f3n t\u00e9rmica (\u00d710<sup>-6<\/sup>)<\/th>\n<td>6.3<\/td>\n<\/tr>\n<tr>\n<th class=\"skyblue\">Peso espec\u00edfico<\/th>\n<td>16.7<\/td>\n<\/tr>\n<tr>\n<th class=\"skyblue\">Dureza Vickers (GPa)<\/th>\n<td>0.7<\/td>\n<\/tr>\n<tr>\n<th class=\"skyblue\">M\u00f3dulo de Young (GPa)<\/th>\n<td>185<\/td>\n<\/tr>\n<\/tbody>\n<\/table><\/div>\n<div class=\"char_box_r col-sm-6\">\n<h5>Aplicaciones<\/h5>\n<ul>\n<li>\n Piezas para intercambiadores de calor<\/li>\n<li>Componentes del reactor de alta temperatura<\/li>\n<li>Componentes fuente para dispositivos de implantaci\u00f3n de iones semiconductores <\/li>\n<\/ul>\n<p>Dispositivos de implantaci\u00f3n de iones <br \/>\n Polvo: condensador, materiales de destino<br \/>\n \u00d3xido: aditivo para lentes \u00f3pticas<br \/>\n Carburo: herramienta de carburo cementado<\/p>\n<\/p><\/div>\n<\/p><\/div>\n<\/p><\/div>\n<div class=\"char_box\">\n<div class=\"row\">\n<h4 class=\"ttl04 col-sm-10 col-xs-8\">Niobio<\/h4>\n<p class=\"symbol col-sm-2 col-xs-4 tC\">(Nb) N\u00famero at\u00f3mico: 41<\/p>\n<\/p><\/div>\n<div class=\"row mb20\">\n<div class=\"char_box_l col-sm-6\">\n<h5>Propiedades<\/h5>\n<h6>*Resistente al calor<\/h6>\n<table class=\"table_style\" cellspacing=\"0\" cellpadding=\"0\">\n<tbody>\n<tr>\n<th class=\"skyblue\">Punto de fusi\u00f3n (\u2103)<\/th>\n<td>2415<\/td>\n<\/tr>\n<tr>\n<th class=\"skyblue\">Conductividad t\u00e9rmica (W\/(m\u30fbK))<\/th>\n<td>54<\/td>\n<\/tr>\n<tr>\n<th class=\"skyblue\">Coeficiente de expansi\u00f3n t\u00e9rmica (\u00d710<sup>-6<\/sup>)<\/th>\n<td>7.0<\/td>\n<\/tr>\n<tr>\n<th class=\"skyblue\">Peso espec\u00edfico<\/th>\n<td>8.6<\/td>\n<\/tr>\n<tr>\n<th class=\"skyblue\">Dureza Vickers (GPa)<\/th>\n<td>0.8<\/td>\n<\/tr>\n<tr>\n<th class=\"skyblue\">M\u00f3dulo de Young (GPa)<\/th>\n<td>107<\/td>\n<\/tr>\n<\/tbody>\n<\/table><\/div>\n<div class=\"char_box_r col-sm-6\">\n<h5>Aplicaciones<\/h5>\n<ul>\n<li>Aditivo para el hierro y el acero<\/li>\n<\/ul>\n<p>Carburo: herramienta de carburo cementado <br \/>\n Compuesto intermet\u00e1lico: im\u00e1n superconductor<br \/>\n Metal compuesto: material para c\u00e1todos de sputtering<\/p>\n<\/p><\/div>\n<\/p><\/div>\n<\/p><\/div>\n<div class=\"char_box\">\n<div class=\"row\">\n<h4 class=\"ttl04 col-sm-10 col-xs-8\">Plata<\/h4>\n<p class=\"symbol col-sm-2 col-xs-4 tC\">(Ag) N\u00famero at\u00f3mico: 47<\/p>\n<\/p><\/div>\n<div class=\"row mb20\">\n<div class=\"char_box_l col-sm-6\">\n<h5>Propiedades<\/h5>\n<h6>Alta conductividad t\u00e9rmica, alta conductividad el\u00e9ctrica<\/h6>\n<table class=\"table_style\" cellspacing=\"0\" cellpadding=\"0\">\n<tbody>\n<tr>\n<th class=\"skyblue\">Punto de fusi\u00f3n (\u2103)<\/th>\n<td>960<\/td>\n<\/tr>\n<tr>\n<th class=\"skyblue\">Conductividad t\u00e9rmica (W\/(m\u30fbK))\n<\/th>\n<td>420<\/td>\n<\/tr>\n<tr>\n<th class=\"skyblue\">Coeficiente de expansi\u00f3n t\u00e9rmica (\u00d710<sup>-6<\/sup>)<\/th>\n<td>19.0<\/td>\n<\/tr>\n<tr>\n<th class=\"skyblue\">Peso espec\u00edfico<\/th>\n<td>10.5<\/td>\n<\/tr>\n<tr>\n<th class=\"skyblue\">Dureza Vickers (GPa)<\/th>\n<td>0.9<\/td>\n<\/tr>\n<tr>\n<th class=\"skyblue\">M\u00f3dulo de Young (GPa)<\/th>\n<td>73<\/td>\n<\/tr>\n<\/tbody>\n<\/table><\/div>\n<div class=\"char_box_r col-sm-6\">\n<h5>Aplicaciones<\/h5>\n<ul>\n<li>\n L\u00edneas el\u00e9ctricas (baja resistencia el\u00e9ctrica)<\/li>\n<li>Cables de audio<\/li>\n<li>Cableado de alta frecuencia<\/li>\n<li>Vajillas, joyas, tratamientos dentales<\/li>\n<li>Purificadores de agua (esterilizaci\u00f3n)<\/li>\n<\/ul>\n<p>Puede utilizarse como metal compuesto Cobre<\/p>\n<\/p><\/div>\n<\/p><\/div>\n<div class=\"char_box\">\n<div class=\"row\">\n<h4 class=\"ttl04 col-sm-10 col-xs-8\">Copper<\/h4>\n<p class=\"symbol col-sm-2 col-xs-4 tC\">(Cu) N\u00famero at\u00f3mico: 29<\/p>\n<\/p><\/div>\n<div class=\"row mb20\">\n<div class=\"char_box_l col-sm-6\">\n<h5>Propiedades<\/h5>\n<h6>Alta conductividad t\u00e9rmica, alta conductividad el\u00e9ctrica<\/h6>\n<table class=\"table_style\" cellspacing=\"0\" cellpadding=\"0\">\n<tbody>\n<tr>\n<th class=\"skyblue\">Punto de fusi\u00f3n (\u2103)<\/th>\n<td>1084<\/td>\n<\/tr>\n<tr>\n<th class=\"skyblue\">Conductividad t\u00e9rmica (W\/(m\u30fbK))<\/th>\n<td>398<\/td>\n<\/tr>\n<tr>\n<th class=\"skyblue\">Coeficiente de expansi\u00f3n t\u00e9rmica (\u00d710<sup>-6<\/sup>)<\/th>\n<td>16.6<\/td>\n<\/tr>\n<tr>\n<th class=\"skyblue\">Peso espec\u00edfico<\/th>\n<td>8.9<\/td>\n<\/tr>\n<tr>\n<th class=\"skyblue\">Dureza Vickers (GPa)<\/th>\n<td>0.8<\/td>\n<\/tr>\n<tr>\n<th class=\"skyblue\">M\u00f3dulo de Young (GPa)<\/th>\n<td>130<\/td>\n<\/tr>\n<\/tbody>\n<\/table><\/div>\n<div class=\"char_box_r col-sm-6\">\n<h5>Aplicaciones<\/h5>\n<ul>\n<li>\n Materiales de cableado para equipos el\u00e9ctricos<\/li>\n<li>L\u00edneas el\u00e9ctricas (la resistencia el\u00e9ctrica es baja y es m\u00e1s barata que la plata)<\/li>\n<li>Monedas, materiales de construcci\u00f3n<\/li>\n<\/ul>\n<p>Puede utilizarse como metal compuesto para productos de lat\u00f3n, etc.<\/p>\n<\/p><\/div>\n<\/p><\/div>\n<\/p><\/div>\n<div class=\"char_box\">\n<div class=\"row\">\n<h4 class=\"ttl04 col-sm-10 col-xs-8\">Aluminio<\/h4>\n<p class=\"symbol col-sm-2 col-xs-4 tC\">(Al) N\u00famero at\u00f3mico: 13<\/p>\n<\/p><\/div>\n<div class=\"row mb20\">\n<div class=\"char_box_l col-sm-6\">\n<h5>Propiedades<\/h5>\n<h6>*Peso ligero<\/h6>\n<table class=\"table_style\" cellspacing=\"0\" cellpadding=\"0\">\n<tbody>\n<tr>\n<th class=\"skyblue\">Punto de fusi\u00f3n (\u2103)<\/th>\n<td>660<\/td>\n<\/tr>\n<tr>\n<th class=\"skyblue\">Conductividad t\u00e9rmica (W\/(m\u30fbK))<\/th>\n<td>237<\/td>\n<\/tr>\n<tr>\n<th class=\"skyblue\">Coeficiente de expansi\u00f3n t\u00e9rmica (\u00d710<sup>-6<\/sup>)<\/th>\n<td>23.2<\/td>\n<\/tr>\n<tr>\n<th class=\"skyblue\">Peso espec\u00edfico<\/th>\n<td>2.7<\/td>\n<\/tr>\n<tr>\n<th class=\"skyblue\">Dureza Vickers (GPa)<\/th>\n<td>0.5<\/td>\n<\/tr>\n<tr>\n<th class=\"skyblue\">M\u00f3dulo de Young (GPa)<\/th>\n<td>71<\/td>\n<\/tr>\n<\/tbody>\n<\/table><\/div>\n<div class=\"char_box_r col-sm-6\">\n<h5>Aplicaciones<\/h5>\n<ul>\n<li>Monedas, latas de bebidas, ollas y sartenes<\/li>\n<li>Materiales de construcci\u00f3n, piezas de autom\u00f3vil<\/li>\n<li>Motores de gasolina<\/li>\n<li>Piezas de m\u00e1quinas universales<\/li>\n<\/ul><\/div>\n<\/p><\/div>\n<\/p><\/div>\n<div class=\"char_box\">\n<div class=\"row\">\n<h4 class=\"ttl04 col-sm-10 col-xs-8\">Acero inoxidable<\/h4>\n<p class=\"symbol col-sm-2 col-xs-4 tC\">Aleaci\u00f3n de acero inoxidable (SUS)<\/p>\n<\/p><\/div>\n<div class=\"row mb20\">\n<div class=\"char_box_l col-sm-6\">\n<h5>Propiedades<\/h5>\n<h6>*Resistente a la corrosi\u00f3n<\/h6>\n<table class=\"table_style\" cellspacing=\"0\" cellpadding=\"0\">\n<tbody>\n<tr>\n<th class=\"skyblue\">Punto de fusi\u00f3n (\u2103)<\/th>\n<td>1450<\/td>\n<\/tr>\n<tr>\n<th class=\"skyblue\">Conductividad t\u00e9rmica (W\/(m\u30fbK))<\/th>\n<td>16.3<\/td>\n<\/tr>\n<tr>\n<th class=\"skyblue\">Coeficiente de expansi\u00f3n t\u00e9rmica (\u00d710<sup>-6<\/sup>)<\/th>\n<td>18.0<\/td>\n<\/tr>\n<tr>\n<th class=\"skyblue\">Peso espec\u00edfico<\/th>\n<td>7.9<\/td>\n<\/tr>\n<tr>\n<th class=\"skyblue\">Dureza Vickers (GPa)<\/th>\n<td>2.0<\/td>\n<\/tr>\n<tr>\n<th class=\"skyblue\">M\u00f3dulo de Young (GPa)<\/th>\n<td>200<\/td>\n<\/tr>\n<\/tbody>\n<\/table><\/div>\n<div class=\"char_box_r col-sm-6\">\n<h5>Aplicaciones<\/h5>\n<ul>\n<li>\n Tipo de austenita: <\/p>\n<ul>\n<li>Equipo de cocina<\/li>\n<li>Vajilla<\/li>\n<li>Equipos resistentes a la corrosi\u00f3n<\/li>\n<li>Piezas de m\u00e1quinas universales <\/li>\n<\/ul>\n<\/li>\n<li>Tipo de martensita:\n<ul>\n<li>Cuchillos de cocina<\/li>\n<li>Piezas de la m\u00e1quina de extinci\u00f3n de alta durabilidad<\/li>\n<\/ul>\n<\/li>\n<li>Tipo de ferrita\n<ul>\n<li>Ollas utilizadas por las cocinas electromagn\u00e9ticas<\/li>\n<\/ul>\n<\/li>\n<\/ul><\/div>\n<\/p><\/div>\n<\/p><\/div>\n<\/section>\n<section class=\"ceramics1\">\n<h3 class=\"ttl03\">Cer\u00e1micas<\/h3>\n<div class=\"char_box\">\n<div class=\"row\">\n<h4 class=\"ttl04 col-sm-10 col-xs-8\">Alumina<\/h4>\n<p class=\"symbol col-sm-2 col-xs-4 tC\">(Aluminio \u00d3xido) Al2O3<\/p>\n<\/p><\/div>\n<div class=\"row mb20\">\n<div class=\"char_box_l col-sm-6\">\n<h5>Propiedades<\/h5>\n<h6>*Alta dureza, resistencia a la abrasi\u00f3n, resistencia al calor, resistencia a la corrosi\u00f3n<\/h6>\n<table class=\"table_style\" cellspacing=\"0\" cellpadding=\"0\">\n<tbody>\n<tr>\n<th class=\"skyblue\">Punto de fusi\u00f3n (\u2103)<\/th>\n<td>2054<\/td>\n<\/tr>\n<tr>\n<th class=\"skyblue\">Resistencia al choque t\u00e9rmico<\/th>\n<td>200<\/td>\n<\/tr>\n<tr>\n<th class=\"skyblue\">Conductividad t\u00e9rmica (W\/(m\u30fbK))<\/th>\n<td>30<\/td>\n<\/tr>\n<tr>\n<th class=\"skyblue\">Coeficiente de expansi\u00f3n t\u00e9rmica (\u00d710<sup>-6<\/sup>)<\/th>\n<td>5.3<\/td>\n<\/tr>\n<tr>\n<th class=\"skyblue\">Peso espec\u00edfico<\/th>\n<td>3.9<\/td>\n<\/tr>\n<tr>\n<th class=\"skyblue\">Dureza Vickers (GPa)<\/th>\n<td>18<\/td>\n<\/tr>\n<\/tbody>\n<\/table><\/div>\n<div class=\"char_box_r col-sm-6\">\n<h5>Aplicaciones<\/h5>\n<ul>\n<li>\n Piezas de aislamiento el\u00e9ctrico<\/li>\n<li>Paredes de hornos, piezas de hornos, plantillas<\/li>\n<li>Boquillas, tubos giratorios<\/li>\n<li>Crisol de reacci\u00f3n, recipientes de reacci\u00f3n<\/li>\n<li>Componentes de semiconductores<\/li>\n<li>Piezas para la producci\u00f3n de cristal l\u00edquido<\/li>\n<li>Piezas de tubos electr\u00f3nicos, bombas, materiales de molienda<\/li>\n<li>Revestimientos para crisoles <\/li>\n<\/ul><\/div>\n<\/p><\/div>\n<\/p><\/div>\n<div class=\"char_box\">\n<div class=\"row\">\n<h4 class=\"ttl04 col-sm-10 col-xs-8\">Nitruro de aluminio<\/h4>\n<p class=\"symbol col-sm-2 col-xs-4 tC\">AIN<\/p>\n<\/p><\/div>\n<div class=\"row mb20\">\n<div class=\"char_box_l col-sm-6\">\n<h5>Propiedades<\/h5>\n<h6>*Alta conductividad t\u00e9rmica<\/h6>\n<table class=\"table_style\" cellspacing=\"0\" cellpadding=\"0\">\n<tbody>\n<tr>\n<th class=\"skyblue\">Punto de fusi\u00f3n (\u2103)<\/th>\n<td>2200<\/td>\n<\/tr>\n<tr>\n<th class=\"skyblue\">Resistencia al choque t\u00e9rmico<\/th>\n<td>400<\/td>\n<\/tr>\n<tr>\n<th class=\"skyblue\">Conductividad t\u00e9rmica (W\/(m\u30fbK))<\/th>\n<td>170<\/td>\n<\/tr>\n<tr>\n<th class=\"skyblue\">Coeficiente de expansi\u00f3n t\u00e9rmica (\u00d710<sup>-6<\/sup>)<\/th>\n<td>2.4<\/td>\n<\/tr>\n<tr>\n<th class=\"skyblue\">Peso espec\u00edfico<\/th>\n<td>3.3<\/td>\n<\/tr>\n<tr>\n<th class=\"skyblue\">Dureza Vickers (GPa)<\/th>\n<td>13<\/td>\n<\/tr>\n<\/tbody>\n<\/table><\/div>\n<div class=\"char_box_r col-sm-6\">\n<h5>Aplicaciones<\/h5>\n<ul>\n<li>Crisol,<\/li>\n<li>Componentes del disipador de calor,<\/li>\n<li>hojas resistentes al calor,<\/li>\n<li>Piezas de dispositivos semiconductores:<\/li>\n<li>calentadores, ESC,<\/li>\n<li>obleas ficticias<\/li>\n<li>anillos de protecci\u00f3n,<\/li>\n<li>platos de ducha,<\/li>\n<li>c\u00e1maras,<\/li>\n<li>ventanas RF<\/li>\n<\/ul><\/div>\n<\/p><\/div>\n<\/p><\/div>\n<div class=\"char_box\">\n<div class=\"row\">\n<h4 class=\"ttl04 col-sm-10 col-xs-8\">Nitruro de silicio<\/h4>\n<p class=\"symbol col-sm-2 col-xs-4 tC\">Si3N4<\/p>\n<\/p><\/div>\n<div class=\"row mb20\">\n<div class=\"char_box_l col-sm-6\">\n<h5>Propiedades<\/h5>\n<h6>*Alta tenacidad a la fractura, alta resistencia, resistente a la abrasi\u00f3n<\/h6>\n<table class=\"table_style\" cellspacing=\"0\" cellpadding=\"0\">\n<tbody>\n<tr>\n<th class=\"skyblue\">Punto de fusi\u00f3n (\u2103)<\/th>\n<td>1600<\/td>\n<\/tr>\n<tr>\n<th class=\"skyblue\">Resistencia al choque t\u00e9rmico<\/th>\n<td>650<\/td>\n<\/tr>\n<tr>\n<th class=\"skyblue\">Conductividad t\u00e9rmica (W\/(m\u30fbK))<\/th>\n<td>13<\/td>\n<\/tr>\n<tr>\n<th class=\"skyblue\">Coeficiente de expansi\u00f3n t\u00e9rmica (\u00d710<sup>-6<\/sup>)<\/th>\n<td>1.5<\/td>\n<\/tr>\n<tr>\n<th class=\"skyblue\">Peso espec\u00edfico<\/th>\n<td>3.2<\/td>\n<\/tr>\n<tr>\n<th class=\"skyblue\">Dureza Vickers (GPa)<\/th>\n<td>16<\/td>\n<\/tr>\n<\/tbody>\n<\/table><\/div>\n<div class=\"char_box_r col-sm-6\">\n<h5>Aplicaciones<\/h5>\n<ul>\n<li>\n Piezas de motor<\/li>\n<li>Piezas de turbina de gas<\/li>\n<li>Rodamientos, rodillos gu\u00eda<\/li>\n<li>Herramientas de corte<\/li>\n<li>Piezas para atomizadores<\/li>\n<li>Piezas para quemadores de gas<\/li>\n<li>Cuchillas mezcladoras<\/li>\n<\/ul><\/div>\n<\/p><\/div>\n<\/p><\/div>\n<div class=\"char_box\">\n<div class=\"row\">\n<h4 class=\"ttl04 col-sm-10 col-xs-8\">Carburo de silicio<\/h4>\n<p class=\"symbol col-sm-2 col-xs-4 tC\">SiC<\/p>\n<\/p><\/div>\n<div class=\"row mb20\">\n<div class=\"char_box_l col-sm-6\">\n<h5>Propiedades<\/h5>\n<h6>*Alta solidez, resistencia qu\u00edmica y al desgaste, alta conductividad t\u00e9rmica<\/h6>\n<table class=\"table_style\" cellspacing=\"0\" cellpadding=\"0\">\n<tbody>\n<tr>\n<th class=\"skyblue\">Punto de fusi\u00f3n (\u2103)<\/th>\n<td>2730<\/td>\n<\/tr>\n<tr>\n<th class=\"skyblue\">Resistencia al choque t\u00e9rmico<\/th>\n<td>450<\/td>\n<\/tr>\n<tr>\n<th class=\"skyblue\">Conductividad t\u00e9rmica (W\/(m\u30fbK))<\/th>\n<td>150<\/td>\n<\/tr>\n<tr>\n<th class=\"skyblue\">Coeficiente de expansi\u00f3n t\u00e9rmica (\u00d710<sup>-6<\/sup>)<\/th>\n<td>2.9<\/td>\n<\/tr>\n<tr>\n<th class=\"skyblue\">Peso espec\u00edfico<\/th>\n<td>3.1<\/td>\n<\/tr>\n<tr>\n<th class=\"skyblue\">Dureza Vickers (GPa)<\/th>\n<td>24<\/td>\n<\/tr>\n<\/tbody>\n<\/table><\/div>\n<div class=\"char_box_r col-sm-6\">\n<h5>Aplicaciones<\/h5>\n<ul>\n<li>Componentes utilizados a alta temperatura<\/li>\n<li>Piezas deslizantes:\n<ul>\n<li>Rodamientos,<\/li>\n<li>Cierres mec\u00e1nicos<\/li>\n<\/ul>\n<\/li>\n<\/ul><\/div>\n<\/p><\/div>\n<\/p><\/div>\n<\/section>\n<section class=\"ceramics2\">\n<div class=\"char_box\">\n<div class=\"row\">\n<h4 class=\"ttl04 col-sm-10 col-xs-8\">Zirconia<\/h4>\n<p class=\"symbol col-sm-2 col-xs-4 tC\">(Zirconium dioxide) ZrO2<\/p>\n<\/p><\/div>\n<div class=\"row mb20\">\n<div class=\"char_box_l col-sm-6\">\n<h5>Propiedades<\/h5>\n<h6>*R\u00e9sistance \u00e9lev\u00e9e \u00e0 la rupture, haute r\u00e9sistance, r\u00e9sistance \u00e0 l&#8217;abrasion<\/h6>\n<table class=\"table_style\" cellspacing=\"0\" cellpadding=\"0\">\n<tbody>\n<tr>\n<th class=\"skyblue\">Punto de fusi\u00f3n (\u2103)<\/th>\n<td>2715<\/td>\n<\/tr>\n<tr>\n<th class=\"skyblue\">Resistencia al choque t\u00e9rmico<\/th>\n<td>280<\/td>\n<\/tr>\n<tr>\n<th class=\"skyblue\">Conductividad t\u00e9rmica (W\/(m\u30fbK))<\/th>\n<td>3<\/td>\n<\/tr>\n<tr>\n<th class=\"skyblue\">Coeficiente de expansi\u00f3n t\u00e9rmica (\u00d710<sup>-6<\/sup>)<\/th>\n<td>7.7<\/td>\n<\/tr>\n<tr>\n<th class=\"skyblue\">Peso espec\u00edfico<\/th>\n<td>6.0<\/td>\n<\/tr>\n<tr>\n<th class=\"skyblue\">Dureza Vickers (GPa)<\/th>\n<td>13<\/td>\n<\/tr>\n<\/tbody>\n<\/table><\/div>\n<div class=\"char_box_r col-sm-6\">\n<h5>Aplicaciones<\/h5>\n<ul>\n<li>Cubiertos para uso industrial<\/li>\n<li>Tijeras, cuchillos de cocina<\/li>\n<li>Calibradores:\n<ul>\n<li>Calibrador de sujeci\u00f3n,<\/li>\n<li>Calibrador de bloques<\/li>\n<\/ul>\n<\/li>\n<li>Varias piezas resistentes al desgaste<\/li>\n<\/ul><\/div>\n<\/p><\/div>\n<\/p><\/div>\n<div class=\"char_box\">\n<div class=\"row\">\n<h4 class=\"ttl04 col-sm-10 col-xs-8\">Nitruro de boro<\/h4>\n<p class=\"symbol col-sm-2 col-xs-4 tC\">BN<\/p>\n<\/p><\/div>\n<div class=\"row mb20\">\n<div class=\"char_box_l col-sm-6\">\n<h5>Propiedades<\/h5>\n<h6>*Excelente resistencia el\u00e9ctrica a altas temperaturas, resistente al choque t\u00e9rmico. <\/h6>\n<table class=\"table_style\" cellspacing=\"0\" cellpadding=\"0\">\n<tbody>\n<tr>\n<th class=\"skyblue\">Punto de fusi\u00f3n (\u2103)<\/th>\n<td>2700<\/td>\n<\/tr>\n<tr>\n<th class=\"skyblue\">Resistencia al choque t\u00e9rmico<\/th>\n<td>1500<\/td>\n<\/tr>\n<tr>\n<th class=\"skyblue\">Conductividad t\u00e9rmica (W\/(m\u30fbK))<\/th>\n<td>63<\/td>\n<\/tr>\n<tr>\n<th class=\"skyblue\">Coeficiente de expansi\u00f3n t\u00e9rmica (\u00d710<sup>-6<\/sup>)<\/th>\n<td>1.4<\/td>\n<\/tr>\n<tr>\n<th class=\"skyblue\">Peso espec\u00edfico<\/th>\n<td>1.8<\/td>\n<\/tr>\n<tr>\n<th class=\"skyblue\">Dureza Vickers (GPa)<\/th>\n<td>0.8<\/td>\n<\/tr>\n<\/tbody>\n<\/table><\/div>\n<div class=\"char_box_r col-sm-6\">\n<h5>Aplicaciones<\/h5>\n<ul>\n<li>\n Aislamiento para hornos atmosf\u00e9ricos de alta temperatura<\/li>\n<li>Componentes diversos para equipos de procesamiento de semiconductores<\/li>\n<li>Crisoles de semiconductores compuestos<\/li>\n<li>Plantillas de montaje para piezas el\u00e9ctricas<\/li>\n<li>Disipadores de calor\n              <\/li>\n<\/ul>\n<p>Polvo: aditivo de lubricaci\u00f3n a alta temperatura, agente desmoldante para cosm\u00e9ticos<\/p>\n<\/p><\/div>\n<\/p><\/div>\n<\/p><\/div>\n<\/section>\n<section class=\"metalloid\">\n<h3 class=\"ttl03\">Semimetal<\/h3>\n<div class=\"char_box\">\n<div class=\"row\">\n<h4 class=\"ttl04 col-sm-10 col-xs-8\">Silicio<\/h4>\n<p class=\"symbol col-sm-2 col-xs-4 tC\">(Si) N\u00famero at\u00f3mico 14<\/p>\n<\/p><\/div>\n<div class=\"row mb20\">\n<div class=\"char_box_l col-sm-6\">\n<h5>Propiedades<\/h5>\n<h6>*R\u00e9sistance \u00e9lev\u00e9e \u00e0 la rupture, haute r\u00e9sistance, r\u00e9sistance \u00e0 l&#8217;abrasion<\/h6>\n<table class=\"table_style\" cellspacing=\"0\" cellpadding=\"0\">\n<tbody>\n<tr>\n<th class=\"skyblue\">Punto de fusi\u00f3n (\u2103)<\/th>\n<td>1400<\/td>\n<\/tr>\n<tr>\n<th class=\"skyblue\">Resistencia al choque t\u00e9rmico<\/th>\n<td>\u2212<\/td>\n<\/tr>\n<tr>\n<th class=\"skyblue\">Conductividad t\u00e9rmica (W\/(m\u30fbK))<\/th>\n<td>148<\/td>\n<\/tr>\n<tr>\n<th class=\"skyblue\">Coeficiente de expansi\u00f3n t\u00e9rmica (\u00d710<sup>-6<\/sup>)<\/th>\n<td>4.2<\/td>\n<\/tr>\n<tr>\n<th class=\"skyblue\">Peso espec\u00edfico<\/th>\n<td>2.3<\/td>\n<\/tr>\n<tr>\n<th class=\"skyblue\">Dureza Vickers (Mohs)<\/th>\n<td>6.5<\/td>\n<\/tr>\n<\/tbody>\n<\/table><\/div>\n<div class=\"char_box_r col-sm-6\">\n<h5>Aplicaciones<\/h5>\n<ul>\n<li>Piezas de semiconductores<\/li>\n<li>Piezas de equipos de fabricaci\u00f3n de semiconductores<\/li>\n<li>Bater\u00eda solar <\/li>\n<\/ul><\/div>\n<\/p><\/div>\n<\/p><\/div>\n<\/section>\n<section class=\"glass\">\n<h3 class=\"ttl03\">Vidrio<\/h3>\n<div class=\"char_box\">\n<div class=\"row\">\n<h4 class=\"ttl04 col-sm-10 col-xs-8\">Cuarzo fundido<\/h4>\n<\/p><\/div>\n<div class=\"row mb20\">\n<div class=\"char_box_l col-sm-6\">\n<h5>Propiedades<\/h5>\n<h6>*Excelente resistencia el\u00e9ctrica a altas temperaturas, resistente a los choques t\u00e9rmicos.<\/h6>\n<table class=\"table_style\" cellspacing=\"0\" cellpadding=\"0\">\n<tbody>\n<tr>\n<th class=\"skyblue\">Punto de fusi\u00f3n (\u2103)<\/th>\n<td>1700<\/td>\n<\/tr>\n<tr>\n<th class=\"skyblue\">Resistencia al choque t\u00e9rmico<\/th>\n<td>1000<\/td>\n<\/tr>\n<tr>\n<th class=\"skyblue\">Conductividad t\u00e9rmica (W\/(m\u30fbK))<\/th>\n<td>1.4<\/td>\n<\/tr>\n<tr>\n<th class=\"skyblue\">Coeficiente de expansi\u00f3n t\u00e9rmica (\u00d710<sup>-6<\/sup>)<\/th>\n<td>0.5<\/td>\n<\/tr>\n<tr>\n<th class=\"skyblue\">Peso espec\u00edfico<\/th>\n<td>2.2<\/td>\n<\/tr>\n<tr>\n<th class=\"skyblue\">Dureza Vickers (GPa)<\/th>\n<td>9<\/td>\n<\/tr>\n<\/tbody>\n<\/table><\/div>\n<div class=\"char_box_r col-sm-6\">\n<h5>Aplicaciones<\/h5>\n<ul>\n<li>\n \u00d3ptica:<\/p>\n<ul>\n<li>Lentes y prismas \u00f3pticos<\/li>\n<li>Varias lentes l\u00e1ser<br \/>\n                    \n                <\/li>\n<\/ul>\n<\/li>\n<li>Qu\u00edmica:\n<ul>\n<li>Recipiente para la destilaci\u00f3n de disolventes<\/li>\n<li>Equipo para experimentos qu\u00edmicos<\/li>\n<\/ul>\n<\/li>\n<li>Semiconductores para usos industriales:\n<ul>\n<li>CVD, todo tipo de tubos para hornos de difusi\u00f3n<\/li>\n<li>Fotom\u00e1scaras, etc.<br \/>\n                  \n                <\/li>\n<\/ul>\n<\/li>\n<\/ul><\/div>\n<\/p><\/div>\n<\/p><\/div>\n<\/section><\/div>\n<\/p><\/div>\n","protected":false},"excerpt":{"rendered":"<p>Gu\u00eda de las caracter\u00edsticas y aplicaciones de los materiales Metales refractarios Tungsteno (W) N\u00famero at\u00f3mico: 74 Propiedades *Alta resistencia al calor, alta conductividad t\u00e9rmica, alto peso espec\u00edfico Punto de fusi\u00f3n(\u00b0C ) 3387 el m\u00e1s alto de todos los metales Conductividad t\u00e9rmica (W\/(m\u30fbK)) 172 &nbsp; Coeficiente de expansi\u00f3n t\u00e9rmica (\u00d710-6) 4.5 el m\u00e1s bajo entre todos los metales Peso espec\u00edfico 19.3 igual al oro Dureza Vickers (GPa) 4.2 &nbsp; M\u00f3dulo de Young (GPa) 345 &nbsp; Aplicaciones Filamentos de iluminaci\u00f3n, crisol Calentador para hornos de vac\u00edo Todo tipo de electrodos para l\u00e1mparas de descarga, contactos el\u00e9ctricos Material de protecci\u00f3n t\u00e9rmica, electrodos de soldadura TIG Componentes para dispositivos de implantaci\u00f3n i\u00f3nica de semiconductores [&hellip;]<\/p>\n","protected":false},"author":1,"featured_media":0,"parent":9028,"menu_order":0,"comment_status":"closed","ping_status":"closed","template":"page-guide.php","meta":{"om_disable_all_campaigns":false,"_monsterinsights_skip_tracking":false,"_monsterinsights_sitenote_active":false,"_monsterinsights_sitenote_note":"","_monsterinsights_sitenote_category":0,"footnotes":""},"aioseo_notices":[],"_links":{"self":[{"href":"https:\/\/top-seiko.com\/es\/wp-json\/wp\/v2\/pages\/9046"}],"collection":[{"href":"https:\/\/top-seiko.com\/es\/wp-json\/wp\/v2\/pages"}],"about":[{"href":"https:\/\/top-seiko.com\/es\/wp-json\/wp\/v2\/types\/page"}],"author":[{"embeddable":true,"href":"https:\/\/top-seiko.com\/es\/wp-json\/wp\/v2\/users\/1"}],"replies":[{"embeddable":true,"href":"https:\/\/top-seiko.com\/es\/wp-json\/wp\/v2\/comments?post=9046"}],"version-history":[{"count":1,"href":"https:\/\/top-seiko.com\/es\/wp-json\/wp\/v2\/pages\/9046\/revisions"}],"predecessor-version":[{"id":9047,"href":"https:\/\/top-seiko.com\/es\/wp-json\/wp\/v2\/pages\/9046\/revisions\/9047"}],"up":[{"embeddable":true,"href":"https:\/\/top-seiko.com\/es\/wp-json\/wp\/v2\/pages\/9028"}],"wp:attachment":[{"href":"https:\/\/top-seiko.com\/es\/wp-json\/wp\/v2\/media?parent=9046"}],"curies":[{"name":"wp","href":"https:\/\/api.w.org\/{rel}","templated":true}]}}