{"id":9055,"date":"2016-09-08T21:17:29","date_gmt":"2016-09-08T12:17:29","guid":{"rendered":"https:\/\/top-seiko.com\/guide\/material-resistente-al-calor\/"},"modified":"2023-04-13T18:10:24","modified_gmt":"2023-04-13T09:10:24","slug":"heat_resisting","status":"publish","type":"page","link":"https:\/\/top-seiko.com\/es\/guide\/heat_resisting\/","title":{"rendered":"Material resistente al calor"},"content":{"rendered":"<br \/>\n<article class=\"m-heat_resisting\">\n<div class=\"container\">\n<section class=\"heat_resisting\">\n<h2 class=\"ttl02\"><span class=\"ja\">Material resistente al calor<\/span><\/h2>\n<div class=\"detail_area_in box-shadow\">\n<div class=\"table-responsive\">\n<table class=\"table_style2\" id=\"guidehyou\" cellspacing=\"0\" cellpadding=\"0\">\n<tbody>\n<tr class=\"yellow\">\n<th colspan=\"3\"><\/th>\n<th class=\"center\">Temp. m\u00e1xima de uso atmosf\u00e9rico \/ \u2103\n <\/th>\n<th class=\"center\">Temperatura atmosf\u00e9rica de funcionamiento continuo\/ \u2103\n <\/th>\n<\/tr>\n<tr class=\"left\">\n<td rowspan=\"32\" valign=\"top\">Cer\u00e1micas<\/td>\n<td rowspan=\"11\" valign=\"top\">Cer\u00e1mica avanzada\n <\/td>\n<td>Alumina<\/td>\n<td class=\"center\">1300 ~1600<\/td>\n<td class=\"center\">&#8211;<\/td>\n<\/tr>\n<tr>\n<td>Zirconia<\/td>\n<td class=\"center\">1000<\/td>\n<td class=\"center\"><span><span><span><span><span><span>&#8211;<\/span><\/span><\/span><\/span><\/span><\/span><\/td>\n<\/tr>\n<tr>\n<td>Nitruro de silicio<\/td>\n<td class=\"center\">1200<\/td>\n<td class=\"center\"><span><span><span><span><span><span>&#8211;<\/span><\/span><\/span><\/span><\/span><\/span><\/td>\n<\/tr>\n<tr>\n<td>Nitruro de aluminio<\/td>\n<td class=\"center\">900<\/td>\n<td class=\"center\"><span><span><span><span><span><span>&#8211;<\/span><\/span><\/span><\/span><\/span><\/span><\/td>\n<\/tr>\n<tr>\n<td>Carburo de silicio<\/td>\n<td class=\"center\">1500<\/td>\n<td class=\"center\"><span><span><span><span><span><span>&#8211;<\/span><\/span><\/span><\/span><\/span><\/span><\/td>\n<\/tr>\n<tr>\n<td>Cordierite<\/td>\n<td class=\"center\"><span><span><span><span><span><span>1200<\/span><\/span><\/span><\/span><\/span><\/span><\/td>\n<td class=\"center\"><span><span><span><span><span><span>&#8211;<\/span><\/span><\/span><\/span><\/span><\/span><\/td>\n<\/tr>\n<tr>\n<td><span><span><span><span><span><span>Mullite<\/span><\/span><\/span><\/span><\/span><\/span><\/td>\n<td class=\"center\"><span><span><span><span><span><span>1200<\/span><\/span><\/span><\/span><\/span><\/span><\/td>\n<td class=\"center\"><span><span><span><span><span><span>&#8211;<\/span><\/span><\/span><\/span><\/span><\/span><\/td>\n<\/tr>\n<tr>\n<td><span><span><span><span><span><span>Esteatita<\/span><\/span><\/span><\/span><\/span><\/span><\/td>\n<td class=\"center\"><span><span><span><span><span><span>1000<\/span><\/span><\/span><\/span><\/span><\/span><\/td>\n<td class=\"center\"><span><span><span><span><span><span>&#8211;<\/span><\/span><\/span><\/span><\/span><\/span><\/td>\n<\/tr>\n<tr>\n<td>\u00d3xido de calcio<\/td>\n<td class=\"center\">1800<\/td>\n<td class=\"center\"><span><span><span><span><span><span>&#8211;<\/span><\/span><\/span><\/span><\/span><\/span><\/td>\n<\/tr>\n<tr>\n<td>\u00d3xido de magnesio<\/td>\n<td class=\"center\">1700<\/td>\n<td class=\"center\"><span><span><span><span><span><span>&#8211;<\/span><\/span><\/span><\/span><\/span><\/span><\/td>\n<\/tr>\n<tr>\n<td><span><span><span><span><span><span>Sialon<\/span><\/span><\/span><\/span><\/span><\/span><\/td>\n<td class=\"center\">1300<\/td>\n<td class=\"center\"><span><span><span><span><span><span>&#8211;<\/span><\/span><\/span><\/span><\/span><\/span><\/td>\n<\/tr>\n<tr>\n<td rowspan=\"9\" valign=\"top\">Cer\u00e1mica mecanizable\n <\/td>\n<td><span><span><span><span><span><span>Macerite HSP<\/span><\/span><\/span><\/span><\/span><\/span><\/td>\n<td class=\"center\">700<\/td>\n<td class=\"center\"><span><span><span><span><span><span>&#8211;<\/span><\/span><\/span><\/span><\/span><\/span><\/td>\n<\/tr>\n<tr>\n<td>Photoveel \u2161<\/td>\n<td class=\"center\"><span><span><span><span><span><span>1000<\/span><\/span><\/span><\/span><\/span><\/span><\/td>\n<td class=\"center\"><span><span><span><span><span><span>&#8211;<\/span><\/span><\/span><\/span><\/span><\/span><\/td>\n<\/tr>\n<tr>\n<td>Photoveel \u2161-S<\/td>\n<td class=\"center\"><span><span><span><span><span><span>1000<\/span><\/span><\/span><\/span><\/span><\/span><\/td>\n<td class=\"center\"><span><span><span><span><span><span>&#8211;<\/span><\/span><\/span><\/span><\/span><\/span><\/td>\n<\/tr>\n<tr>\n<td>M-soft<\/td>\n<td class=\"center\"><span><span><span><span><span><span>1000<\/span><\/span><\/span><\/span><\/span><\/span><\/td>\n<td class=\"center\"><span><span><span><span><span><span>&#8211;<\/span><\/span><\/span><\/span><\/span><\/span><\/td>\n<\/tr>\n<tr>\n<td><span><span><span><span><span><span>BN HC<\/span><\/span><\/span><\/span><\/span><\/span><\/td>\n<td class=\"center\">950<\/td>\n<td class=\"center\"><span><span><span><span><span><span>&#8211;<\/span><\/span><\/span><\/span><\/span><\/span><\/td>\n<\/tr>\n<tr>\n<td><span><span><span><span><span><span>BN N-1<\/span><\/span><\/span><\/span><\/span><\/span><\/td>\n<td class=\"center\"><span><span><span><span><span><span>950<\/span><\/span><\/span><\/span><\/span><\/span><\/td>\n<td class=\"center\"><span><span><span><span><span><span>&#8211;<\/span><\/span><\/span><\/span><\/span><\/span><\/td>\n<\/tr>\n<tr>\n<td>NB<\/td>\n<td class=\"center\"><span><span><span><span><span><span>950<\/span><\/span><\/span><\/span><\/span><\/span><\/td>\n<td class=\"center\"><span><span><span><span><span><span>&#8211;<\/span><\/span><\/span><\/span><\/span><\/span><\/td>\n<\/tr>\n<tr>\n<td><span><span><span><span><span><span>BA<\/span><\/span><\/span><\/span><\/span><\/span><\/td>\n<td class=\"center\"><span><span><span><span><span><span>950<\/span><\/span><\/span><\/span><\/span><\/span><\/td>\n<td class=\"center\"><span><span><span><span><span><span>&#8211;<\/span><\/span><\/span><\/span><\/span><\/span><\/td>\n<\/tr>\n<tr>\n<td>SBN<\/td>\n<td class=\"center\"><span><span><span><span><span><span>950<\/span><\/span><\/span><\/span><\/span><\/span><\/td>\n<td class=\"center\"><span><span><span><span><span><span>&#8211;<\/span><\/span><\/span><\/span><\/span><\/span><\/td>\n<\/tr>\n<tr class=\"left\">\n<td rowspan=\"7\">Vidrio<\/td>\n<td>Vidrio universal<\/td>\n<td class=\"center\">380<\/td>\n<td class=\"center\">110<\/td>\n<\/tr>\n<tr>\n<td>Vidrio templado<\/td>\n<td class=\"center\">250<\/td>\n<td class=\"center\">230<\/td>\n<\/tr>\n<tr>\n<td>Tempax,<br \/>\n Pyrex<\/td>\n<td class=\"center\">500<\/td>\n<td class=\"center\"><span><span><span><span><span><span>230<\/span><\/span><\/span><\/span><\/span><\/span><\/td>\n<\/tr>\n<tr>\n<td><span><span><span><span><span><span>Neoceram<\/span><\/span><\/span><\/span><\/span><\/span><\/td>\n<td class=\"center\">800<\/td>\n<td class=\"center\">750<\/td>\n<\/tr>\n<tr>\n<td>Cuarzo fundido<\/td>\n<td class=\"center\"><span><span><span><span><span><span>1200<\/span><\/span><\/span><\/span><\/span><\/span><\/td>\n<td class=\"center\"><span><span><span><span><span><span>900<\/span><\/span><\/span><\/span><\/span><\/span><\/td>\n<\/tr>\n<tr>\n<td><span><span><span><span><span><span>Baycol<\/span><\/span><\/span><\/span><\/span><\/span><\/td>\n<td class=\"center\"><span><span><span><span><span><span>1200<\/span><\/span><\/span><\/span><\/span><\/span><\/td>\n<td class=\"center\"><span><span><span><span><span><span>900<\/span><\/span><\/span><\/span><\/span><\/span><\/td>\n<\/tr>\n<tr>\n<td>Zafiro<\/td>\n<td class=\"center\">1850<\/td>\n<td class=\"center\"><span><span><span><span><span><span>&#8211;<\/span><\/span><\/span><\/span><\/span><\/span><\/td>\n<\/tr>\n<tr>\n<td rowspan=\"3\">Ladrillo<\/td>\n<td>Ladrillo ordinario<\/td>\n<td class=\"center\"><span><span><span><span><span><span>500<\/span><\/span><\/span><\/span><\/span><\/span><\/td>\n<td class=\"center\"><span><span><span><span><span><span>&#8211;<\/span><\/span><\/span><\/span><\/span><\/span><\/td>\n<\/tr>\n<tr>\n<td>Material para hornos de uso general (uso en techos)\n <\/td>\n<td class=\"center\">1300 ~ 1500<\/td>\n<td class=\"center\"><span><span><span><span><span><span>&#8211;<\/span><\/span><\/span><\/span><\/span><\/span><\/td>\n<\/tr>\n<tr>\n<td>Material para hornos de uso general (ladrillo aislante)\n <\/td>\n<td class=\"center\">900 ~ 1400<\/td>\n<td class=\"center\"><span><span><span><span><span><span>&#8211;<\/span><\/span><\/span><\/span><\/span><\/span><\/td>\n<\/tr>\n<tr>\n<td rowspan=\"2\">Cemento<\/td>\n<td>Cemento universal<\/td>\n<td class=\"center\">&lt;  500<\/td>\n<td class=\"center\"><span><span><span><span><span><span>&#8211;<\/span><\/span><\/span><\/span><\/span><\/span><\/td>\n<\/tr>\n<tr>\n<td>Cemento ign\u00edfugo<\/td>\n<td class=\"center\">1100<\/td>\n<td class=\"center\"><span><span><span><span><span><span>&#8211;<\/span><\/span><\/span><\/span><\/span><\/span><\/td>\n<\/tr>\n<\/tbody>\n<\/table><\/div>\n<div class=\"table-responsive\">\n<table class=\"table_style2\" id=\"guidehyou\" cellspacing=\"0\" cellpadding=\"0\">\n<tbody>\n<tr class=\"yellow\">\n<th colspan=\"3\"><\/th>\n<th class=\"center\">Temperatura m\u00e1xima de uso del gas no vol\u00e1til\/ \u2103\n <\/th>\n<th class=\"center\">Temperatura de funcionamiento continuo gas no vol\u00e1til\/ \u2103\n <\/th>\n<th class=\"center\">Temperatura de fusi\u00f3n \u2103\n <\/th>\n<th class=\"center\">Temperatura de recristalizaci\u00f3n \u2103\n <\/th>\n<\/tr>\n<tr>\n<td rowspan=\"12\" valign=\"top\">Metales<\/td>\n<td rowspan=\"4\" valign=\"top\">Metales de alto punto de fusi\u00f3n<\/td>\n<td>Tungsteno<\/td>\n<td class=\"center\"><span><span><span><span><span><span>&#8211;<\/span><\/span><\/span><\/span><\/span><\/span><\/td>\n<td class=\"center\"><span><span><span><span><span><span>&#8211;<\/span><\/span><\/span><\/span><\/span><\/span><\/td>\n<td class=\"center\">3387<\/td>\n<td class=\"center\">1100 ~ 1300<\/td>\n<\/tr>\n<tr>\n<td>Molibdeno<\/td>\n<td class=\"center\"><span><span><span><span><span><span>&#8211;<\/span><\/span><\/span><\/span><\/span><\/span><\/td>\n<td class=\"center\"><span><span><span><span><span><span>&#8211;<\/span><\/span><\/span><\/span><\/span><\/span><\/td>\n<td class=\"center\">2623<\/td>\n<td class=\"center\">800 ~ 1200<\/td>\n<\/tr>\n<tr>\n<td>Tantalio<\/td>\n<td class=\"center\"><span><span><span><span><span><span>&#8211;<\/span><\/span><\/span><\/span><\/span><\/span><\/td>\n<td class=\"center\"><span><span><span><span><span><span>&#8211;<\/span><\/span><\/span><\/span><\/span><\/span><\/td>\n<td class=\"center\">2990<\/td>\n<td class=\"center\">900 ~ 1450<\/td>\n<\/tr>\n<tr>\n<td>Niobio<\/td>\n<td class=\"center\"><span><span><span><span><span><span>&#8211;<\/span><\/span><\/span><\/span><\/span><\/span><\/td>\n<td class=\"center\"><span><span><span><span><span><span>&#8211;<\/span><\/span><\/span><\/span><\/span><\/span><\/td>\n<td class=\"center\">2415<\/td>\n<td class=\"center\">850 ~ 1300<\/td>\n<\/tr>\n<tr>\n<td rowspan=\"3\" valign=\"top\">Metal resistente al calor<\/td>\n<td><span><span><span><span><span><span>SUS310S<\/span><\/span><\/span><\/span><\/span><\/span><\/td>\n<td class=\"center\">1150<\/td>\n<td class=\"center\"><span><span><span><span><span><span>900<\/span><\/span><\/span><\/span><\/span><\/span><\/td>\n<td class=\"center\"><span><span><span><span><span><span>&#8211;<\/span><\/span><\/span><\/span><\/span><\/span><\/td>\n<td class=\"center\"><span><span><span><span><span><span>&#8211;<\/span><\/span><\/span><\/span><\/span><\/span><\/td>\n<\/tr>\n<tr>\n<td>SUH445<\/td>\n<td class=\"center\"><span><span><span><span><span><span>1200<\/span><\/span><\/span><\/span><\/span><\/span><\/td>\n<td class=\"center\"><span><span><span><span><span><span>1000<\/span><\/span><\/span><\/span><\/span><\/span><\/td>\n<td class=\"center\"><span><span><span><span><span><span>&#8211;<\/span><\/span><\/span><\/span><\/span><\/span><\/td>\n<td class=\"center\"><span><span><span><span><span><span>&#8211;<\/span><\/span><\/span><\/span><\/span><\/span><\/td>\n<\/tr>\n<tr>\n<td><span><span><span><span><span><span>Inconel600<\/span><\/span><\/span><\/span><\/span><\/span><\/td>\n<td class=\"center\">1050<\/td>\n<td class=\"center\"><span><span><span><span><span><span>1050<\/span><\/span><\/span><\/span><\/span><\/span><\/td>\n<td class=\"center\"><span><span><span><span><span><span>&#8211;<\/span><\/span><\/span><\/span><\/span><\/span><\/td>\n<td class=\"center\"><span><span><span><span><span><span>&#8211;<\/span><\/span><\/span><\/span><\/span><\/span><\/td>\n<\/tr>\n<tr>\n<td rowspan=\"5\" valign=\"top\">Metales comunes<\/td>\n<td><span><span><span><span><span><span>SUS316<\/span><\/span><\/span><\/span><\/span><\/span><\/td>\n<td class=\"center\"><span><span><span><span><span><span>1000<\/span><\/span><\/span><\/span><\/span><\/span><\/td>\n<td class=\"center\"><span><span><span><span><span><span>700<\/span><\/span><\/span><\/span><\/span><\/span><\/td>\n<td class=\"center\"><span><span><span><span><span><span>&#8211;<\/span><\/span><\/span><\/span><\/span><\/span><\/td>\n<td class=\"center\"><span><span><span><span><span><span>&#8211;<\/span><\/span><\/span><\/span><\/span><\/span><\/td>\n<\/tr>\n<tr>\n<td><span><span><span><span><span><span>SUS304<\/span><\/span><\/span><\/span><\/span><\/span><\/td>\n<td class=\"center\"><span><span><span><span><span><span>1000<\/span><\/span><\/span><\/span><\/span><\/span><\/td>\n<td class=\"center\"><span><span><span><span><span><span>700<\/span><\/span><\/span><\/span><\/span><\/span><\/td>\n<td class=\"center\"><span><span><span><span><span><span>&#8211;<\/span><\/span><\/span><\/span><\/span><\/span><\/td>\n<td class=\"center\"><span><span><span><span><span><span>&#8211;<\/span><\/span><\/span><\/span><\/span><\/span><\/td>\n<\/tr>\n<tr>\n<td>Hierro<\/td>\n<td class=\"center\">550<\/td>\n<td class=\"center\"><span><span><span><span><span><span>&#8211;<\/span><\/span><\/span><\/span><\/span><\/span><\/td>\n<td class=\"center\"><span><span><span><span><span><span>&#8211;<\/span><\/span><\/span><\/span><\/span><\/span><\/td>\n<td class=\"center\"><span><span><span><span><span><span>&#8211;<\/span><\/span><\/span><\/span><\/span><\/span><\/td>\n<\/tr>\n<tr>\n<td>Aluminio<\/td>\n<td class=\"center\">400<\/td>\n<td class=\"center\"><span><span><span><span><span><span>&#8211;<\/span><\/span><\/span><\/span><\/span><\/span><\/td>\n<td class=\"center\"><span><span><span><span><span><span>&#8211;<\/span><\/span><\/span><\/span><\/span><\/span><\/td>\n<td class=\"center\"><span><span><span><span><span><span>&#8211;<\/span><\/span><\/span><\/span><\/span><\/span><\/td>\n<\/tr>\n<tr>\n<td>Copper<\/td>\n<td class=\"center\"><span><span><span><span><span><span>400<\/span><\/span><\/span><\/span><\/span><\/span><\/td>\n<td class=\"center\"><span><span><span><span><span><span>&#8211;<\/span><\/span><\/span><\/span><\/span><\/span><\/td>\n<td class=\"center\"><span><span><span><span><span><span>&#8211;<\/span><\/span><\/span><\/span><\/span><\/span><\/td>\n<td class=\"center\"><span><span><span><span><span><span>&#8211;<\/span><\/span><\/span><\/span><\/span><\/span><\/td>\n<\/tr>\n<\/tbody>\n<\/table><\/div>\n<div class=\"table-responsive\">\n<table class=\"table_style2\" id=\"guidehyou\" cellspacing=\"0\" cellpadding=\"0\">\n<tbody>\n<tr class=\"yellow\">\n<th colspan=\"3\"><\/th>\n<th class=\"center\"><span><span><span><span><span><span>Temp. m\u00e1xima de uso <\/span><\/span><\/span><\/span><\/span><\/span><br \/>\n                    <span><span><span><span><span><span> atmosf\u00e9rico \/ \u2103<\/span><\/span><\/span><\/span><\/span><\/span><\/th>\n<th class=\"center\"><span><span><span><span><span><span>Temperatura atmosf\u00e9rica de funcionamiento continuo\/ \u2103<\/span><\/span><\/span><\/span><\/span><\/span><br \/>\n                    <span><span><span><span><span><span> atmosphere \/ \u00b0C<\/span><\/span><\/span><\/span><\/span><\/span><\/th>\n<\/tr>\n<tr>\n<td rowspan=\"16\" valign=\"top\">Pl\u00e1sticos<\/td>\n<td rowspan=\"10\" valign=\"top\">Pl\u00e1sticos t\u00e9cnicos<\/td>\n<td>Poliimida (PI)<\/td>\n<td class=\"center\"><span><span><span><span><span><span>&#8211;<\/span><\/span><\/span><\/span><\/span><\/span><\/td>\n<td class=\"center\">300<\/td>\n<\/tr>\n<tr>\n<td>Polibenc Imidazol (PBI)<\/td>\n<td class=\"center\"><span><span><span><span><span><span>&#8211;<\/span><\/span><\/span><\/span><\/span><\/span><\/td>\n<td class=\"center\">310<\/td>\n<\/tr>\n<tr>\n<td><span><span><span><span><span><span>Polimida-imida (PAI)<\/span><\/span><\/span><\/span><\/span><\/span><\/td>\n<td class=\"center\"><span><span><span><span><span><span>&#8211;<\/span><\/span><\/span><\/span><\/span><\/span><\/td>\n<td class=\"center\"><span><span><span><span><span><span>250<\/span><\/span><\/span><\/span><\/span><\/span><\/td>\n<\/tr>\n<tr>\n<td>Polietileno de imida (PEI)<\/td>\n<td class=\"center\"><span><span><span><span><span><span>&#8211;<\/span><\/span><\/span><\/span><\/span><\/span><\/td>\n<td class=\"center\">170<\/td>\n<\/tr>\n<tr>\n<td><span><span><span><span><span><span>Poliacetal (POM)<\/span><\/span><\/span><\/span><\/span><\/span><\/td>\n<td class=\"center\"><span><span><span><span><span><span>&#8211;<\/span><\/span><\/span><\/span><\/span><\/span><\/td>\n<td class=\"center\">80<\/td>\n<\/tr>\n<tr>\n<td>Sulfuro de polifenileno (PPS)<\/td>\n<td class=\"center\"><span><span><span><span><span><span>&#8211;<\/span><\/span><\/span><\/span><\/span><\/span><\/td>\n<td class=\"center\">220<\/td>\n<\/tr>\n<tr>\n<td>Polietileno \u00e9ter cetona (PEEK)<\/td>\n<td class=\"center\"><span><span><span><span><span><span>&#8211;<\/span><\/span><\/span><\/span><\/span><\/span><\/td>\n<td class=\"center\"><span><span><span><span><span><span>250<\/span><\/span><\/span><\/span><\/span><\/span><\/td>\n<\/tr>\n<tr>\n<td>Politetrafluoroetileno (PTFE)<\/td>\n<td class=\"center\"><span><span><span><span><span><span>&#8211;<\/span><\/span><\/span><\/span><\/span><\/span><\/td>\n<td class=\"center\">260<\/td>\n<\/tr>\n<tr>\n<td><span><span><span><span><span><span>Polimida 6 (PA6)<\/span><\/span><\/span><\/span><\/span><\/span><\/td>\n<td class=\"center\"><span><span><span><span><span><span>&#8211;<\/span><\/span><\/span><\/span><\/span><\/span><\/td>\n<td class=\"center\">110 ~ 120<\/td>\n<\/tr>\n<tr>\n<td>Polietileno de peso molecular ultra alto (UHMWPE)\n <\/td>\n<td class=\"center\"><span><span><span><span><span><span>&#8211;<\/span><\/span><\/span><\/span><\/span><\/span><\/td>\n<td class=\"center\"><span><span><span><span><span><span>80<\/span><\/span><\/span><\/span><\/span><\/span><\/td>\n<\/tr>\n<tr>\n<td rowspan=\"6\" valign=\"top\">Pl\u00e1sticos comunes<\/td>\n<td><span><span><span><span><span><span>Polietileno (PE)<\/span><\/span><\/span><\/span><\/span><\/span><\/td>\n<td class=\"center\"><span><span><span><span><span><span>&#8211;<\/span><\/span><\/span><\/span><\/span><\/span><\/td>\n<td class=\"center\">80 ~ 90<\/td>\n<\/tr>\n<tr>\n<td>Polipropileno (PP)<\/td>\n<td class=\"center\"><span><span><span><span><span><span>&#8211;<\/span><\/span><\/span><\/span><\/span><\/span><\/td>\n<td class=\"center\">100 ~ 140<\/td>\n<\/tr>\n<tr>\n<td>Resina de cloruro de vinilo (VC)<\/td>\n<td class=\"center\"><span><span><span><span><span><span>&#8211;<\/span><\/span><\/span><\/span><\/span><\/span><\/td>\n<td class=\"center\">60 ~ 80<\/td>\n<\/tr>\n<tr>\n<td>Poliestireno (PS)<\/td>\n<td class=\"center\"><span><span><span><span><span><span>&#8211;<\/span><\/span><\/span><\/span><\/span><\/span><\/td>\n<td class=\"center\"><span><span><span><span><span><span>80 ~ 90<\/span><\/span><\/span><\/span><\/span><\/span><\/td>\n<\/tr>\n<tr>\n<td>Polietileno-teleftalato (PET)<\/td>\n<td class=\"center\"><span><span><span><span><span><span>&#8211;<\/span><\/span><\/span><\/span><\/span><\/span><\/td>\n<td class=\"center\">85 ~ 100<\/td>\n<\/tr>\n<tr>\n<td>Acrilonitrilo butadieno (ABS)<\/td>\n<td class=\"center\"><span><span><span><span><span><span>&#8211;<\/span><\/span><\/span><\/span><\/span><\/span><\/td>\n<td class=\"center\">70 ~ 100<\/td>\n<\/tr>\n<\/tbody>\n<\/table><\/div>\n<p>*Los datos presentados son s\u00f3lo para el valor de referencia.<\/p>\n<p>              <!-- \/.detail_area_in --><\/div>\n<\/section>\n<p>          <!-- container --><\/div>\n<\/article>\n","protected":false},"excerpt":{"rendered":"<p>Material resistente al calor Temp. m\u00e1xima de uso atmosf\u00e9rico \/ \u2103 Temperatura atmosf\u00e9rica de funcionamiento continuo\/ \u2103 Cer\u00e1micas Cer\u00e1mica avanzada Alumina 1300 ~1600 &#8211; Zirconia 1000 &#8211; Nitruro de silicio 1200 &#8211; Nitruro de aluminio 900 &#8211; Carburo de silicio 1500 &#8211; Cordierite 1200 &#8211; Mullite 1200 &#8211; Esteatita 1000 &#8211; \u00d3xido de calcio 1800 &#8211; \u00d3xido de magnesio 1700 &#8211; Sialon 1300 &#8211; Cer\u00e1mica mecanizable Macerite HSP 700 &#8211; Photoveel \u2161 1000 &#8211; Photoveel \u2161-S 1000 &#8211; M-soft 1000 &#8211; BN HC 950 &#8211; BN N-1 950 &#8211; NB 950 &#8211; BA 950 &#8211; SBN 950 &#8211; Vidrio Vidrio universal 380 110 Vidrio templado 250 230 Tempax, Pyrex 500 [&hellip;]<\/p>\n","protected":false},"author":1,"featured_media":0,"parent":9028,"menu_order":0,"comment_status":"closed","ping_status":"closed","template":"page-guide.php","meta":{"om_disable_all_campaigns":false,"_monsterinsights_skip_tracking":false,"_monsterinsights_sitenote_active":false,"_monsterinsights_sitenote_note":"","_monsterinsights_sitenote_category":0,"footnotes":""},"aioseo_notices":[],"_links":{"self":[{"href":"https:\/\/top-seiko.com\/es\/wp-json\/wp\/v2\/pages\/9055"}],"collection":[{"href":"https:\/\/top-seiko.com\/es\/wp-json\/wp\/v2\/pages"}],"about":[{"href":"https:\/\/top-seiko.com\/es\/wp-json\/wp\/v2\/types\/page"}],"author":[{"embeddable":true,"href":"https:\/\/top-seiko.com\/es\/wp-json\/wp\/v2\/users\/1"}],"replies":[{"embeddable":true,"href":"https:\/\/top-seiko.com\/es\/wp-json\/wp\/v2\/comments?post=9055"}],"version-history":[{"count":1,"href":"https:\/\/top-seiko.com\/es\/wp-json\/wp\/v2\/pages\/9055\/revisions"}],"predecessor-version":[{"id":9056,"href":"https:\/\/top-seiko.com\/es\/wp-json\/wp\/v2\/pages\/9055\/revisions\/9056"}],"up":[{"embeddable":true,"href":"https:\/\/top-seiko.com\/es\/wp-json\/wp\/v2\/pages\/9028"}],"wp:attachment":[{"href":"https:\/\/top-seiko.com\/es\/wp-json\/wp\/v2\/media?parent=9055"}],"curies":[{"name":"wp","href":"https:\/\/api.w.org\/{rel}","templated":true}]}}