{"id":9071,"date":"2016-09-08T21:19:31","date_gmt":"2016-09-08T12:19:31","guid":{"rendered":"https:\/\/top-seiko.com\/guide\/materiales-aislantes\/"},"modified":"2023-04-13T19:18:27","modified_gmt":"2023-04-13T10:18:27","slug":"insulation","status":"publish","type":"page","link":"https:\/\/top-seiko.com\/es\/guide\/insulation\/","title":{"rendered":"Materiales aislantes"},"content":{"rendered":"<article class=\"m-insulation\">\n<div class=\"container\">\n<section class=\"insulation\">\n<h2 class=\"ttl02\"><span class=\"ja\">Materiales aislantes<\/span><\/h2>\n<div class=\"detail_area_in box-shadow\">\n<div class=\"table-responsive\">\n<table class=\"table_style2\" id=\"guidehyou\" cellspacing=\"0\" cellpadding=\"0\">\n<tbody>\n<tr class=\"yellow\">\n<th colspan=\"3\"><\/th>\n<th class=\"center\">Resistencia diel\u00e9ctrica (kV\/mm)<\/th>\n<th class=\"center\">Resistividad el\u00e9ctrica (\u03a9\uff65cm)<\/th>\n<\/tr>\n<tr class=\"left\">\n<td rowspan=\"32\" valign=\"top\">Cer\u00e1micas<\/td>\n<td rowspan=\"11\" valign=\"top\">Cer\u00e1mica avanzada\n <\/td>\n<td>Alumina<\/td>\n<td class=\"center\">&gt;10<\/td>\n<td class=\"center\">&gt;10<sup>14<\/sup><\/td>\n<\/tr>\n<tr>\n<td>Zirconia<\/td>\n<td class=\"center\">&gt;10<\/td>\n<td class=\"center\">&gt;10<sup>12<\/sup><\/td>\n<\/tr>\n<tr>\n<td>Nitruro de silicio<\/td>\n<td class=\"center\">&gt;14<\/td>\n<td class=\"center\">&gt;10<sup>14<\/sup><\/td>\n<\/tr>\n<tr>\n<td>Nitruro de aluminio<\/td>\n<td class=\"center\">&gt;15<\/td>\n<td class=\"center\">&gt;10<sup>14<\/sup><\/td>\n<\/tr>\n<tr>\n<td>Carburo de silicio<\/td>\n<td class=\"center\">&#8211;<\/td>\n<td class=\"center\">&gt;10<sup>6<\/sup><\/td>\n<\/tr>\n<tr>\n<td>Cordierite<\/td>\n<td class=\"center\">7<\/td>\n<td class=\"center\">10<sup>13<\/sup><\/td>\n<\/tr>\n<tr>\n<td>Mullite<\/td>\n<td class=\"center\">&gt;10<\/td>\n<td class=\"center\">10<sup>14<\/sup><\/td>\n<\/tr>\n<tr>\n<td>Esteatita<\/td>\n<td class=\"center\">18<\/td>\n<td class=\"center\">10<sup>14<\/sup><\/td>\n<\/tr>\n<tr>\n<td>\u00d3xido de calcio<\/td>\n<td class=\"center\">&#8211;<\/td>\n<td class=\"center\">&#8211;<\/td>\n<\/tr>\n<tr>\n<td>\u00d3xido de magnesio<\/td>\n<td class=\"center\">&#8211;<\/td>\n<td class=\"center\">&gt;10<sup>14<\/sup><\/td>\n<\/tr>\n<tr>\n<td>Sialon<\/td>\n<td class=\"center\">&gt;15<\/td>\n<td class=\"center\">&gt;10<sup>15<\/sup><\/td>\n<\/tr>\n<tr>\n<td rowspan=\"9\" valign=\"top\">Cer\u00e1mica mecanizable<\/td>\n<td>Macerite HSP<\/td>\n<td class=\"center\">&gt;10<\/td>\n<td class=\"center\">5\u00d710<sup>15<\/sup><\/td>\n<\/tr>\n<tr>\n<td>Photoveel II<\/td>\n<td class=\"center\">35<\/td>\n<td class=\"center\">2.2\u00d710<sup>15<\/sup><\/td>\n<\/tr>\n<tr>\n<td>Photoveel II-S<\/td>\n<td class=\"center\">30<\/td>\n<td class=\"center\">10<sup>14<\/sup><\/td>\n<\/tr>\n<tr>\n<td>M-soft<\/td>\n<td class=\"center\">40<\/td>\n<td class=\"center\">10<sup>12<\/sup><\/td>\n<\/tr>\n<tr>\n<td>BN HC<\/td>\n<td class=\"center\">25<\/td>\n<td class=\"center\">10<sup>15<\/sup><\/td>\n<\/tr>\n<tr>\n<td>BN N-1<\/td>\n<td class=\"center\">25<\/td>\n<td class=\"center\">10<sup>15<\/sup><\/td>\n<\/tr>\n<tr>\n<td>BN NB-1000<\/td>\n<td class=\"center\">22<\/td>\n<td class=\"center\">10<sup>15<\/sup><\/td>\n<\/tr>\n<tr>\n<td>BA<\/td>\n<td class=\"center\">21<\/td>\n<td class=\"center\">10<sup>14<\/sup><\/td>\n<\/tr>\n<tr>\n<td>SBN<\/td>\n<td class=\"center\">27<\/td>\n<td class=\"center\">10<sup>14<\/sup><\/td>\n<\/tr>\n<tr class=\"left\">\n<td rowspan=\"7\">Vidrio<\/td>\n<td>Vidrio universal<\/td>\n<td class=\"center\">&#8211;<\/td>\n<td class=\"center\">&#8211;<\/td>\n<\/tr>\n<tr>\n<td>Vidrio templado<\/td>\n<td class=\"center\">&#8211;<\/td>\n<td class=\"center\">&#8211;<\/td>\n<\/tr>\n<tr>\n<td>Tempax, Pyrex<\/td>\n<td class=\"center\">&#8211;<\/td>\n<td class=\"center\">10<sup>15<\/sup><\/td>\n<\/tr>\n<tr>\n<td>Neoceram<\/td>\n<td class=\"center\">&#8211;<\/td>\n<td class=\"center\">&gt;10<sup>13<\/sup><\/td>\n<\/tr>\n<tr>\n<td>Cuarzo fundido<\/td>\n<td class=\"center\">&gt;10<\/td>\n<td class=\"center\">&gt;10<sup>14<\/sup><\/td>\n<\/tr>\n<tr>\n<td>Baycol<\/td>\n<td class=\"center\">&#8211;<\/td>\n<td class=\"center\">10<sup>17<\/sup><\/td>\n<\/tr>\n<tr>\n<td>Zafiro<\/td>\n<td class=\"center\">&gt;10<\/td>\n<td class=\"center\">&gt;10<sup>14<\/sup><\/td>\n<\/tr>\n<tr>\n<td rowspan=\"3\">Ladrillo<\/td>\n<td>Ladrillo ordinario<\/td>\n<td class=\"center\">&#8211;<\/td>\n<td class=\"center\">&#8211;<\/td>\n<\/tr>\n<tr>\n<td>Material para hornos de uso general (uso en techos)<\/td>\n<td class=\"center\">&#8211;<\/td>\n<td class=\"center\">&#8211;<\/td>\n<\/tr>\n<tr>\n<td>Material para hornos de uso general (ladrillo aislante)<\/td>\n<td class=\"center\">&#8211;<\/td>\n<td class=\"center\">&#8211;<\/td>\n<\/tr>\n<tr>\n<td rowspan=\"2\">Cemento<\/td>\n<td>Cemento universal<\/td>\n<td class=\"center\">&#8211;<\/td>\n<td class=\"center\">&#8211;<\/td>\n<\/tr>\n<tr>\n<td>Cemento ign\u00edfugo<\/td>\n<td class=\"center\">&#8211;<\/td>\n<td class=\"center\">&#8211;<\/td>\n<\/tr>\n<\/tbody>\n<\/table><\/div>\n<div class=\"table-responsive\">\n<table class=\"table_style2\" id=\"guidehyou\" cellspacing=\"0\" cellpadding=\"0\">\n<tbody>\n<tr class=\"yellow\">\n<th colspan=\"3\"><\/th>\n<th class=\"center\">Resistencia diel\u00e9ctrica (kV\/mm)<\/th>\n<th class=\"center\">Resistividad el\u00e9ctrica (\u03a9\uff65cm)<\/th>\n<\/tr>\n<tr>\n<td rowspan=\"12\" valign=\"top\">Metales<\/td>\n<td rowspan=\"4\" valign=\"top\">Metales de alto punto de fusi\u00f3n<\/td>\n<td>Tungsteno<\/td>\n<td class=\"center\">&#8211;<\/td>\n<td class=\"center\">5.5\u00d710<sup>-6<\/sup><\/td>\n<\/tr>\n<tr>\n<td>Molibdeno<\/td>\n<td class=\"center\">&#8211;<\/td>\n<td class=\"center\">5.7\u00d710<sup>-6<\/sup><\/td>\n<\/tr>\n<tr>\n<td>Tantalio<\/td>\n<td class=\"center\">&#8211;<\/td>\n<td class=\"center\">12.4\u00d710<sup>-6<\/sup><\/td>\n<\/tr>\n<tr>\n<td>Niobio<\/td>\n<td class=\"center\">&#8211;<\/td>\n<td class=\"center\">&#8211;<\/td>\n<\/tr>\n<tr>\n<td rowspan=\"3\" valign=\"top\">Metal resistente al calor<\/td>\n<td>SUS310S<\/td>\n<td class=\"center\">&#8211;<\/td>\n<td class=\"center\">90\u00d710<sup>-6<\/sup><\/td>\n<\/tr>\n<tr>\n<td>SUH445<\/td>\n<td class=\"center\">&#8211;<\/td>\n<td class=\"center\">60\u00d710<sup>-6<\/sup><\/td>\n<\/tr>\n<tr>\n<td>Inconel 600<\/td>\n<td class=\"center\">&#8211;<\/td>\n<td class=\"center\">103\u00d710<sup>-6<\/sup><\/td>\n<\/tr>\n<tr>\n<td rowspan=\"5\" valign=\"top\">Metales comunes<\/td>\n<td>SUS316<\/td>\n<td class=\"center\">&#8211;<\/td>\n<td class=\"center\">74\u00d710<sup>-6<\/sup><\/td>\n<\/tr>\n<tr>\n<td>SUS304<\/td>\n<td class=\"center\">&#8211;<\/td>\n<td class=\"center\">71\u00d710<sup>-6<\/sup><\/td>\n<\/tr>\n<tr>\n<td>Hierro<\/td>\n<td class=\"center\">&#8211;<\/td>\n<td class=\"center\">19.5\u00d710<sup>-6<\/sup><\/td>\n<\/tr>\n<tr>\n<td>Aluminio<\/td>\n<td class=\"center\">&#8211;<\/td>\n<td class=\"center\">2.7\u00d710<sup>-6<\/sup><\/td>\n<\/tr>\n<tr>\n<td>Copper<\/td>\n<td class=\"center\">&#8211;<\/td>\n<td class=\"center\">1.7\u00d710<sup>-6<\/sup><\/td>\n<\/tr>\n<\/tbody>\n<\/table><\/div>\n<div class=\"table-responsive\">\n<table class=\"table_style2\" id=\"guidehyou\" cellspacing=\"0\" cellpadding=\"0\">\n<tbody>\n<tr class=\"yellow\">\n<th colspan=\"3\"><\/th>\n<th class=\"center\">Resistencia diel\u00e9ctrica (kV\/mm)<\/th>\n<th class=\"center\">Resistividad el\u00e9ctrica (\u03a9\uff65cm)<\/th>\n<\/tr>\n<tr>\n<td rowspan=\"16\" valign=\"top\">Pl\u00e1sticos<\/td>\n<td rowspan=\"10\" valign=\"top\">Pl\u00e1sticos t\u00e9cnicos<\/td>\n<td>Poliimida (PI)<\/td>\n<td class=\"center\">23<\/td>\n<td class=\"center\">&gt;10<sup>14<\/sup><\/td>\n<\/tr>\n<tr>\n<td>Polibenc Imidazol (PBI)<\/td>\n<td class=\"center\">23<\/td>\n<td class=\"center\">2\u00d710<sup>15<\/sup><\/td>\n<\/tr>\n<tr>\n<td>Polimida-imida (PAI)<\/td>\n<td class=\"center\">23<\/td>\n<td class=\"center\">2\u00d710<sup>15<\/sup><\/td>\n<\/tr>\n<tr>\n<td>Polietileno de imida (PEI)<\/td>\n<td class=\"center\">24<\/td>\n<td class=\"center\">10<sup>17<\/sup><\/td>\n<\/tr>\n<tr>\n<td>Poliacetal (POM)<\/td>\n<td class=\"center\">20<\/td>\n<td class=\"center\">1\u00d710<sup>14<\/sup><\/td>\n<\/tr>\n<tr>\n<td>Sulfuro de polifenileno (PPS)<\/td>\n<td class=\"center\">15<\/td>\n<td class=\"center\">1.6\u00d710<sup>16<\/sup><\/td>\n<\/tr>\n<tr>\n<td>Polietileno \u00e9ter cetona (PEEK)<\/td>\n<td class=\"center\">19<\/td>\n<td class=\"center\">10<sup>16<\/sup><\/td>\n<\/tr>\n<tr>\n<td>Politetrafluoroetileno (PTFE)<\/td>\n<td class=\"center\">19<\/td>\n<td class=\"center\">&lt;10<sup>18<\/sup><\/td>\n<\/tr>\n<tr>\n<td>Polimida 6 (PA6)<\/td>\n<td class=\"center\">31<\/td>\n<td class=\"center\">10<sup>14<\/sup><\/td>\n<\/tr>\n<tr>\n<td>Polietileno de peso molecular ultra alto (UHMWPE)<\/td>\n<td class=\"center\">&#8211;<\/td>\n<td class=\"center\">&gt;10<sup>13<\/sup><\/td>\n<\/tr>\n<tr>\n<td rowspan=\"6\" valign=\"top\">Common plastics<\/td>\n<td>Polietileno (PE)<\/td>\n<td class=\"center\">40 ~ 50<\/td>\n<td class=\"center\">6\u00d710<sup>18<\/sup><\/td>\n<\/tr>\n<tr>\n<td>Polipropileno (PP)<\/td>\n<td class=\"center\">31<\/td>\n<td class=\"center\">&gt;10<sup>16<\/sup><\/td>\n<\/tr>\n<tr>\n<td>Resina de cloruro de vinilo (VC)<\/td>\n<td class=\"center\">37.5<\/td>\n<td class=\"center\">&gt;10<sup>16<\/sup><\/td>\n<\/tr>\n<tr>\n<td>Poliestireno (PS)<\/td>\n<td class=\"center\">20 ~ 28<\/td>\n<td class=\"center\">&#8211;<\/td>\n<\/tr>\n<tr>\n<td>Polietileno-teleftalato (PET)<\/td>\n<td class=\"center\">22<\/td>\n<td class=\"center\">&gt;10<sup>16<\/sup><\/td>\n<\/tr>\n<tr>\n<td>Acrilonitrilo butadieno (ABS)<\/td>\n<td class=\"center\">14 ~ 20<\/td>\n<td class=\"center\">1 ~ 4.8\u00d710<sup>14<\/sup><\/td>\n<\/tr>\n<\/tbody>\n<\/table><\/div>\n<p>\u203bLos datos presentados son s\u00f3lo para el valor de referencia.<\/p>\n<p>      <!-- \/.detail_area_in box-shadow --><\/div>\n<\/section>\n<p>  <!-- container --><\/div>\n<\/article>\n","protected":false},"excerpt":{"rendered":"<p>Materiales aislantes Resistencia diel\u00e9ctrica (kV\/mm) Resistividad el\u00e9ctrica (\u03a9\uff65cm) Cer\u00e1micas Cer\u00e1mica avanzada Alumina &gt;10 &gt;1014 Zirconia &gt;10 &gt;1012 Nitruro de silicio &gt;14 &gt;1014 Nitruro de aluminio &gt;15 &gt;1014 Carburo de silicio &#8211; &gt;106 Cordierite 7 1013 Mullite &gt;10 1014 Esteatita 18 1014 \u00d3xido de calcio &#8211; &#8211; \u00d3xido de magnesio &#8211; &gt;1014 Sialon &gt;15 &gt;1015 Cer\u00e1mica mecanizable Macerite HSP &gt;10 5\u00d71015 Photoveel II 35 2.2\u00d71015 Photoveel II-S 30 1014 M-soft 40 1012 BN HC 25 1015 BN N-1 25 1015 BN NB-1000 22 1015 BA 21 1014 SBN 27 1014 Vidrio Vidrio universal &#8211; &#8211; Vidrio templado &#8211; &#8211; Tempax, Pyrex &#8211; 1015 Neoceram &#8211; &gt;1013 Cuarzo fundido &gt;10 &gt;1014 Baycol [&hellip;]<\/p>\n","protected":false},"author":1,"featured_media":0,"parent":9028,"menu_order":0,"comment_status":"closed","ping_status":"closed","template":"","meta":{"om_disable_all_campaigns":false,"_monsterinsights_skip_tracking":false,"_monsterinsights_sitenote_active":false,"_monsterinsights_sitenote_note":"","_monsterinsights_sitenote_category":0,"footnotes":""},"aioseo_notices":[],"_links":{"self":[{"href":"https:\/\/top-seiko.com\/es\/wp-json\/wp\/v2\/pages\/9071"}],"collection":[{"href":"https:\/\/top-seiko.com\/es\/wp-json\/wp\/v2\/pages"}],"about":[{"href":"https:\/\/top-seiko.com\/es\/wp-json\/wp\/v2\/types\/page"}],"author":[{"embeddable":true,"href":"https:\/\/top-seiko.com\/es\/wp-json\/wp\/v2\/users\/1"}],"replies":[{"embeddable":true,"href":"https:\/\/top-seiko.com\/es\/wp-json\/wp\/v2\/comments?post=9071"}],"version-history":[{"count":1,"href":"https:\/\/top-seiko.com\/es\/wp-json\/wp\/v2\/pages\/9071\/revisions"}],"predecessor-version":[{"id":9072,"href":"https:\/\/top-seiko.com\/es\/wp-json\/wp\/v2\/pages\/9071\/revisions\/9072"}],"up":[{"embeddable":true,"href":"https:\/\/top-seiko.com\/es\/wp-json\/wp\/v2\/pages\/9028"}],"wp:attachment":[{"href":"https:\/\/top-seiko.com\/es\/wp-json\/wp\/v2\/media?parent=9071"}],"curies":[{"name":"wp","href":"https:\/\/api.w.org\/{rel}","templated":true}]}}