{"id":9090,"date":"2016-09-08T21:10:09","date_gmt":"2016-09-08T12:10:09","guid":{"rendered":"https:\/\/top-seiko.com\/guide\/propiedades-de-los-materiales-y-tablas-de-comparacion\/"},"modified":"2023-04-15T00:23:28","modified_gmt":"2023-04-14T15:23:28","slug":"graph","status":"publish","type":"page","link":"https:\/\/top-seiko.com\/es\/guide\/graph\/","title":{"rendered":"propiedades de los materiales y tablas de comparaci\u00f3n"},"content":{"rendered":"<br \/>\n<article class=\"m-graph\">\n<div class=\"container\">\n<section class=\"graph\">\n<h2 class=\"ttl02\"><span class=\"ja\">Gu\u00edas de materiales: propiedades de los materiales y tablas de comparaci\u00f3n<\/span><\/h2>\n<div class=\"detail_area_in box-shadow\">\n<div class=\"graph_menu row\">\n<ul class=\"row\">\n<li class=\"col-sm-6 col-md-6 col-lg-6 btn_grad_blue\">\n                      <a href=\"..\/..\/common\/pdf\/toku01.pdf\" target=\"_blank\" rel=\"noopener\">Tabla de propiedades de los materiales met\u00e1licos1<\/a>\n                    <\/li>\n<li class=\"col-sm-6 col-md-6 col-lg-6 btn_grad_blue\">\n                      <a href=\"..\/..\/common\/pdf\/toku02.pdf\" target=\"_blank\" rel=\"noopener\">Tabla de propiedades de los materiales met\u00e1licos2<\/a>\n                    <\/li>\n<li class=\"col-sm-6 col-md-6 col-lg-6 btn_grad_blue\">\n                      <a href=\"..\/..\/common\/pdf\/toku03.pdf\" target=\"_blank\" rel=\"noopener\">Tabla de propiedades de los materiales cer\u00e1micos1<\/a>\n                    <\/li>\n<li class=\"col-sm-6 col-md-6 col-lg-6 btn_grad_blue\">\n                      <a href=\"..\/..\/common\/pdf\/toku04.pdf\" target=\"_blank\" rel=\"noopener\">Tabla de propiedades de los materiales cer\u00e1micos2<\/a>\n                    <\/li>\n<li class=\"col-sm-6 col-md-6 col-lg-6 btn_grad_blue\">\n                      <a href=\"..\/..\/common\/pdf\/toku05.pdf\" target=\"_blank\" rel=\"noopener\">Tabla de propiedades de los materiales cer\u00e1micos3<\/a>\n                    <\/li>\n<li class=\"col-sm-6 col-md-6 col-lg-6 btn_grad_blue\">\n                      <a href=\"..\/..\/common\/pdf\/toku06.pdf\" target=\"_blank\" rel=\"noopener\">Tabla de propiedades de los materiales cer\u00e1micos4<\/a>\n                    <\/li>\n<\/ul><\/div>\n<div class=\"specific_gravity mb50\">\n<h3 class=\"ttl03 ttl_grad_blue\">Peso espec\u00edfico<\/h3>\n<p>Esta tabla muestra la gravedad espec\u00edfica de los materiales, es decir, la densidad de un material en relaci\u00f3n con la densidad del agua. <br \/>\n En comparaci\u00f3n con los metales, la cer\u00e1mica tiende a tener menos de la mitad de la densidad. Adem\u00e1s, el tungsteno es m\u00e1s pesado que el plomo y tiene aproximadamente el mismo peso que el oro, lo que lo convierte en un material inusualmente denso. Por esta raz\u00f3n, el tungsteno se usa a menudo como blindaje contra la radiaci\u00f3n.\n                  <\/p>\n<div class=\"graph_img\">\n<h5>Gr\u00e1fico comparativo del peso especifico<\/h5>\n<p>                    <img decoding=\"async\" src=\"\/img\/guide\/toku\/graf1.gif\" alt=\"\">\n                  <\/div>\n<\/p><\/div>\n<div class=\"specific_gravity mb50\">\n<h3 class=\"ttl03 ttl_grad_blue\">Dureza<\/h3>\n<p>Este gr\u00e1fico muestra la dureza de varios materiales medida por la dureza Vickers. <br \/>\n La cer\u00e1mica suele ser mucho m\u00e1s dura que los metales de uso com\u00fan. Esto significa que tienen una mayor resistencia al desgaste y son ampliamente utilizados como materiales resistentes a la abrasi\u00f3n.\n                  <\/p>\n<div class=\"graph_img\">\n<h5>Gr\u00e1fico comparativo de dureza<\/h5>\n<p>                    <img decoding=\"async\" src=\"\/img\/guide\/toku\/graf2.gif\" alt=\"\">\n                  <\/div>\n<\/p><\/div>\n<div class=\"specific_gravity mb50\">\n<h3 class=\"ttl03 ttl_grad_blue\">M\u00f3dulo de Young<\/h3>\n<p>Cuanto mayor sea el m\u00f3dulo de Young de un determinado material, m\u00e1s r\u00edgido es y mejor puede soportar las tensiones. <br \/>\n En comparaci\u00f3n con otros materiales, la cer\u00e1mica, el tungsteno y el molibdeno tienen un m\u00f3dulo de Young muy alto.\n                  <\/p>\n<div class=\"graph_img\">\n<h5>Gr\u00e1fico comparativo del m\u00f3dulo de Young<\/h5>\n<p>                    <img decoding=\"async\" src=\"\/img\/guide\/toku\/graf3.gif\" alt=\"\">\n                  <\/div>\n<\/p><\/div>\n<div class=\"specific_gravity mb50\">\n<h3 class=\"ttl03 ttl_grad_blue\">Tenacidad a la fractura<\/h3>\n<p>La tenacidad a la fractura se puede definir como la resistencia al crecimiento de grietas. <br \/>\n En general, las cer\u00e1micas son extremadamente fr\u00e1giles. Sin embargo, entre ellas, el \u00f3xido de circonio tiene una alta resistencia a la fractura y se usa a menudo en cuchillos de cocina, tijeras y bolas de demolici\u00f3n.\n                  <\/p>\n<div class=\"graph_img\">\n<h5>Gr\u00e1fico comparativo de tenacidad a la fractura<\/h5>\n<p>                    <img decoding=\"async\" src=\"\/img\/guide\/toku\/graf4.gif\" alt=\"\">\n                  <\/div>\n<\/p><\/div>\n<div class=\"specific_gravity mb50\">\n<h3 class=\"ttl03 ttl_grad_blue\">Temperatura m\u00e1xima de uso <\/h3>\n<p>La temperatura m\u00e1xima de uso determina el rango de temperatura en el que se puede utilizar un material. Var\u00eda seg\u00fan el ambiente. Los materiales con un punto de fusi\u00f3n elevado, como el tungsteno, el molibdeno y la cer\u00e1mica, tienen diversas aplicaciones que requieren una gran resistencia al calor. Por ejemplo, materiales para hornos, crisoles y escudos t\u00e9rmicos.\n                  <\/p>\n<div class=\"graph_img\">\n<h5>Gr\u00e1fico comparativo de la temperatura m\u00e1xima de uso<\/h5>\n<p>                    <img decoding=\"async\" src=\"\/img\/guide\/toku\/graf5.gif\" alt=\"\">\n                  <\/div>\n<\/p><\/div>\n<div class=\"specific_gravity mb50\">\n<h3 class=\"ttl03 ttl_grad_blue\">Resistencia a los choques t\u00e9rmicos<\/h3>\n<p>Rango de temperatura en el que un material puede soportar cambios r\u00e1pidos de temperatura. Cuanto mayor sea la resistencia al choque t\u00e9rmico, menor ser\u00e1 el riesgo de que el material se rompa debido a cambios bruscos de temperatura. El vidrio y la cer\u00e1mica se rompen con facilidad en caso de cambios bruscos de temperatura. Sin embargo, el nitruro de boro, el cuarzo y el nitruro de silicio tienen una resistencia al choque t\u00e9rmico muy alta. Estos materiales se utilizan a menudo en componentes que deben soportar fluctuaciones extremas de temperatura.\n                  <\/p>\n<div class=\"graph_img\">\n<h5>Gr\u00e1fico comparativo de resistencia al choque t\u00e9rmico<\/h5>\n<p>                    <img decoding=\"async\" src=\"\/img\/guide\/toku\/graf6.gif\" alt=\"\">\n                  <\/div>\n<\/p><\/div>\n<div class=\"specific_gravity mb50\">\n<h3 class=\"ttl03 ttl_grad_blue\">Conductividad t\u00e9rmica<\/h3>\n<p>Este gr\u00e1fico muestra la capacidad de los diferentes materiales para transferir el calor. <br \/>\n Algunas cer\u00e1micas, como el nitruro de aluminio y el carburo de silicio, tienen una conductividad t\u00e9rmica alta, mientras que otras, como la zirconio, tienen una conductividad muy baja. El tungsteno y el molibdeno conducen bien el calor.\n                  <\/p>\n<div class=\"graph_img\">\n<h5>Cuadro comparativo de conductividad t\u00e9rmica<\/h5>\n<p>                    <img decoding=\"async\" src=\"\/img\/guide\/toku\/graf7.gif\" alt=\"\">\n                  <\/div>\n<\/p><\/div>\n<div class=\"specific_gravity mb50\">\n<h3 class=\"ttl03 ttl_grad_blue\">Coeficiente de termoexpansi\u00f3n<\/h3>\n<p>Coeficiente de expansi\u00f3n del material en respuesta a un cambio de temperatura. <br \/>\n Dado que la cer\u00e1mica, el tungsteno y el molibdeno tienen un bajo coeficiente de expansi\u00f3n t\u00e9rmica, el cambio de forma en respuesta al cambio de temperatura es m\u00ednimo.\n                  <\/p>\n<div class=\"graph_img\">\n<h5>Gr\u00e1fico comparativo del coeficiente de dilataci\u00f3n t\u00e9rmica<\/h5>\n<p>                    <img decoding=\"async\" src=\"\/img\/guide\/toku\/graf8.gif\" alt=\"\">\n                  <\/div>\n<\/p><\/div>\n<div class=\"specific_gravity mb50\">\n<h3 class=\"ttl03 ttl_grad_blue\">Resistividad el\u00e9ctrica<\/h3>\n<p>La resistividad el\u00e9ctrica, tambi\u00e9n conocida como resistividad volum\u00e9trica, es una propiedad que explica lo dif\u00edcil que es para la electricidad pasar a trav\u00e9s de un material. La cer\u00e1mica en general tiene una alta resistividad el\u00e9ctrica. Por lo tanto, se utilizan com\u00fanmente como materiales aislantes. Algunas cer\u00e1micas tienen propiedades electro conductoras, como el Sic.\n                  <\/p>\n<div class=\"graph_img\">\n<h5>Gr\u00e1fico de resistividad el\u00e9ctrica<\/h5>\n<p>                    <img decoding=\"async\" src=\"\/img\/guide\/toku\/graf9.gif\" alt=\"\">\n                  <\/div>\n<\/p><\/div>\n<div class=\"specific_gravity mb50\">\n<h3 class=\"ttl03 ttl_grad_blue\">Permeabilidad relativa<\/h3>\n<p>La permitividad describe la polarizaci\u00f3n diel\u00e9ctrica que se genera en un material cuando se le aplica un campo el\u00e9ctrico. La permitividad relativa (tambi\u00e9n conocida como constante diel\u00e9ctrica) es la permitividad de un material en relaci\u00f3n con la permitividad del vac\u00edo. Cuanto menor sea la permitividad relativa, menor ser\u00e1 la polarizaci\u00f3n diel\u00e9ctrica que se establece en un material. Por lo tanto, el material apenas se ve afectado por los campos el\u00e9ctricos circundantes. Por ello, su aplicaci\u00f3n m\u00e1s extendida es en los equipos de procesamiento de semiconductores.    <\/p>\n<p>                <!-- \/.specific_gravity --><\/div>\n<div class=\"specific_gravity mb50\">\n<h3 class=\"ttl03 ttl_grad_blue\">Resistencia a la corrosi\u00f3n<\/h3>\n<p>La resistencia a la corrosi\u00f3n describe la capacidad de un material para resistir los efectos qu\u00edmicos o biol\u00f3gicos sin degradar sus propiedades o estructura. Dado que la cer\u00e1mica tiene una alta resistencia a la corrosi\u00f3n, puede utilizarse en pr\u00f3tesis y otras piezas resistentes a la corrosi\u00f3n. El tungsteno resiste los \u00e1cidos y los \u00e1lcalis de forma similar a la cer\u00e1mica.  <\/p>\n<p>                <!-- \/.specific_gravity --><\/div>\n<div class=\"specific_gravity mb50\">\n<h3 class=\"ttl03 ttl_grad_blue\">Conductibilidad el\u00e9ctrica<\/h3>\n<p>En general, las cer\u00e1micas avanzadas son materiales aislantes que no conducen la electricidad. Dependiendo del voltaje o la temperatura, algunos de ellos pueden convertirse en semiconductores. <\/p>\n<p>                <!-- \/.specific_gravity --><\/div>\n<div class=\"specific_gravity mb50\">\n<h3 class=\"ttl03 ttl_grad_blue\">Piezoelectricidad<\/h3>\n<p>Tras aplicar una tensi\u00f3n mec\u00e1nica a los materiales, algunos de ellos generan carga el\u00e9ctrica. Por el contrario, el efecto piezoel\u00e9ctrico inverso se produce cuando se aplica un campo el\u00e9ctrico y se genera una deformaci\u00f3n del material. Los materiales cer\u00e1micos piezoel\u00e9ctricos tienen una estructura policristalina. Un ejemplo de material piezoel\u00e9ctrico es el titanato de plomo y circonio (PTZ).   <\/p>\n<p>                <!-- \/.specific_gravity --><\/div>\n<\/section>\n<p>            <!-- \/.detail_area_in --><\/div>\n<p>          <!-- container --><\/div>\n<\/article>\n","protected":false},"excerpt":{"rendered":"<p>Gu\u00edas de materiales: propiedades de los materiales y tablas de comparaci\u00f3n Tabla de propiedades de los materiales met\u00e1licos1 Tabla de propiedades de los materiales met\u00e1licos2 Tabla de propiedades de los materiales cer\u00e1micos1 Tabla de propiedades de los materiales cer\u00e1micos2 Tabla de propiedades de los materiales cer\u00e1micos3 Tabla de propiedades de los materiales cer\u00e1micos4 Peso espec\u00edfico Esta tabla muestra la gravedad espec\u00edfica de los materiales, es decir, la densidad de un material en relaci\u00f3n con la densidad del agua. En comparaci\u00f3n con los metales, la cer\u00e1mica tiende a tener menos de la mitad de la densidad. Adem\u00e1s, el tungsteno es m\u00e1s pesado que el plomo y tiene aproximadamente el mismo peso [&hellip;]<\/p>\n","protected":false},"author":1,"featured_media":0,"parent":9028,"menu_order":0,"comment_status":"closed","ping_status":"closed","template":"page-guide.php","meta":{"om_disable_all_campaigns":false,"_monsterinsights_skip_tracking":false,"_monsterinsights_sitenote_active":false,"_monsterinsights_sitenote_note":"","_monsterinsights_sitenote_category":0,"footnotes":""},"aioseo_notices":[],"_links":{"self":[{"href":"https:\/\/top-seiko.com\/es\/wp-json\/wp\/v2\/pages\/9090"}],"collection":[{"href":"https:\/\/top-seiko.com\/es\/wp-json\/wp\/v2\/pages"}],"about":[{"href":"https:\/\/top-seiko.com\/es\/wp-json\/wp\/v2\/types\/page"}],"author":[{"embeddable":true,"href":"https:\/\/top-seiko.com\/es\/wp-json\/wp\/v2\/users\/1"}],"replies":[{"embeddable":true,"href":"https:\/\/top-seiko.com\/es\/wp-json\/wp\/v2\/comments?post=9090"}],"version-history":[{"count":1,"href":"https:\/\/top-seiko.com\/es\/wp-json\/wp\/v2\/pages\/9090\/revisions"}],"predecessor-version":[{"id":9091,"href":"https:\/\/top-seiko.com\/es\/wp-json\/wp\/v2\/pages\/9090\/revisions\/9091"}],"up":[{"embeddable":true,"href":"https:\/\/top-seiko.com\/es\/wp-json\/wp\/v2\/pages\/9028"}],"wp:attachment":[{"href":"https:\/\/top-seiko.com\/es\/wp-json\/wp\/v2\/media?parent=9090"}],"curies":[{"name":"wp","href":"https:\/\/api.w.org\/{rel}","templated":true}]}}