{"id":9102,"date":"2016-09-08T21:20:25","date_gmt":"2016-09-08T12:20:25","guid":{"rendered":"https:\/\/top-seiko.com\/guide\/tabla-de-conversion-de-unidades\/"},"modified":"2023-04-15T01:05:08","modified_gmt":"2023-04-14T16:05:08","slug":"unit","status":"publish","type":"page","link":"https:\/\/top-seiko.com\/es\/guide\/unit\/","title":{"rendered":"Tabla de conversi\u00f3n de unidades"},"content":{"rendered":"<article class=\"m-unit\">\n<div class=\"container\">\n<section class=\"unit\">\n<h2 class=\"ttl02\"><span class=\"ja\">Tabla de conversi\u00f3n de unidades<\/span><\/h2>\n<div class=\"detail_area_in box-shadow\">\n<div class=\"table_area\">\n<h3 class=\"ttl03\">Tensi\u00f3n mec\u00e1nica<\/h3>\n<div class=\"table-responsive\">\n<table class=\"table_style2 tC\">\n<tr>\n<th>GPa<\/th>\n<th>MPa or N\/mm\u00b2<\/th>\n<th>kgf\/mm\u00b2<\/th>\n<th>kgf\/cm\u00b2<\/th>\n<th>10\u00b3lb\/in\u00b2<\/th>\n<\/tr>\n<tr>\n<td>1<\/td>\n<td>1X10\u00b3<\/td>\n<td>1.0197X10\u00b2<\/td>\n<td>1.0197X10\u2074<\/td>\n<td>1.45X10\u00b2<\/td>\n<\/tr>\n<tr>\n<td>1X10-\u00b3<\/td>\n<td>1<\/td>\n<td>1.0197X10-\u00b9<\/td>\n<td>1.0197X10<\/td>\n<td>1.45X10-\u00b9<\/td>\n<\/tr>\n<tr>\n<td>9.807X10-\u00b3<\/td>\n<td>9.807<\/td>\n<td>1<\/td>\n<td>1X10\u00b2<\/td>\n<td>1.422<\/td>\n<\/tr>\n<tr>\n<td>9.807X10-\u2075<\/td>\n<td>9.807X10-\u00b2<\/td>\n<td>1X10-\u00b2<\/td>\n<td>1<\/td>\n<td>1.422X10-\u00b2<\/td>\n<\/tr>\n<tr>\n<td>6.895X10-\u00b3<\/td>\n<td>6.895<\/td>\n<td>7.03X10-\u00b9<\/td>\n<td>7.03X10<\/td>\n<td>1<\/td>\n<\/tr>\n<\/table><\/div>\n<\/p><\/div>\n<div class=\"table_area\">\n<h3 class=\"ttl03\">Conductividad t\u00e9rmica<\/h3>\n<div class=\"table-responsive\">\n<table class=\"table_style2 tC\">\n<tr>\n<th>W\/(m\u30fbK)<\/th>\n<th>kcal\/(h\u30fbm\u30fb\u2103)<\/th>\n<th>cal\/(sec\u30fbcm\u30fb\u2103)<\/th>\n<\/tr>\n<tr>\n<td>1<\/td>\n<td>0.86<\/td>\n<td>2.39\u00d710-\u00b3<\/td>\n<\/tr>\n<tr>\n<td>1.163<\/td>\n<td>1<\/td>\n<td>2.78X10-\u00b3<\/td>\n<\/tr>\n<tr>\n<td>4.187X10\u00b2<\/td>\n<td>3.6X10\u00b2<\/td>\n<td>1<\/td>\n<\/tr>\n<\/table><\/div>\n<\/p><\/div>\n<div class=\"table_area\">\n<h3 class=\"ttl03\">Calor espec\u00edfico<\/h3>\n<div class=\"table-responsive\">\n<table class=\"table_style2 tC\">\n<tr>\n<th>J \/(kg\u30fbK)<\/th>\n<th>kcal \/(kg\u30fbK)<\/th>\n<th>Btu \/(lb\u30fb\u00b0R)<\/th>\n<th>kgf\u30fbm \/(kg\u30fbK)<\/th>\n<th>ft-lbf \/(lb\u30fb\u00b0R)<\/th>\n<\/tr>\n<tr>\n<td>1<\/td>\n<td>2.39X10-\u2074<\/td>\n<td>2.39X10-\u2074<\/td>\n<td>1.0197X10-\u00b9<\/td>\n<td>1.8586X10-\u00b9<\/td>\n<\/tr>\n<tr>\n<td>4.1868X10\u00b3<\/td>\n<td>1<\/td>\n<td>1<\/td>\n<td>4.26935X10\u00b2<\/td>\n<td>7.78169X10\u00b2<\/td>\n<\/tr>\n<tr>\n<td>9.80665<\/td>\n<td>2.342X10-\u00b3<\/td>\n<td>2.342X10-\u00b3<\/td>\n<td>1<\/td>\n<td>1.82269<\/td>\n<\/tr>\n<tr>\n<td>5.38032<\/td>\n<td>1.285X10-\u00b3<\/td>\n<td>1.285X10-\u00b3<\/td>\n<td>5.4864X10-\u00b9<\/td>\n<td>1<\/td>\n<\/tr>\n<tr>\n            <\/table>\n<\/p><\/div>\n<\/p><\/div>\n<div class=\"table_area\">\n<h3 class=\"ttl03\">Densidad<\/h3>\n<div class=\"table-responsive\">\n<table class=\"table_style2 tC\">\n<tr>\n<th>g\/cm\u00b3<\/th>\n<th>Kg\/m\u00b3<\/th>\n<\/tr>\n<tr>\n<td>1<\/td>\n<td>1\u00d710\u00b3<\/td>\n<\/tr>\n<tr>\n<td>10-\u00b3<\/td>\n<td>1<\/td>\n<\/tr>\n<\/table><\/div>\n<\/p><\/div>\n<div class=\"table_area\">\n<h3 class=\"ttl03\">Resistividad el\u00e9ctrica<\/h3>\n<div class=\"table-responsive\">\n<table class=\"table_style2 tC\">\n<tr>\n<th>\u03a9.cm<\/th>\n<th>\u03bc\u03a9.cm<\/th>\n<\/tr>\n<tr>\n<td>1<\/td>\n<td>1\u00d710\u2076<\/td>\n<\/tr>\n<tr>\n<td>1\u00d710-\u2076<\/td>\n<td>1<\/td>\n<\/tr>\n<\/table>\n<p>          <!-- \/.table-responsive --><\/div>\n<p>        <!-- \/.table-area --><\/div>\n<p>\u203bLos datos presentados son s\u00f3lo para el valor de referencia.<\/p>\n<p>      <!-- \/.detail_area_in --><\/div>\n<\/section>\n<p>  <!-- container --><\/div>\n<\/article>\n","protected":false},"excerpt":{"rendered":"<p>Tabla de conversi\u00f3n de unidades Tensi\u00f3n mec\u00e1nica GPa MPa or N\/mm\u00b2 kgf\/mm\u00b2 kgf\/cm\u00b2 10\u00b3lb\/in\u00b2 1 1X10\u00b3 1.0197X10\u00b2 1.0197X10\u2074 1.45X10\u00b2 1X10-\u00b3 1 1.0197X10-\u00b9 1.0197X10 1.45X10-\u00b9 9.807X10-\u00b3 9.807 1 1X10\u00b2 1.422 9.807X10-\u2075 9.807X10-\u00b2 1X10-\u00b2 1 1.422X10-\u00b2 6.895X10-\u00b3 6.895 7.03X10-\u00b9 7.03X10 1 Conductividad t\u00e9rmica W\/(m\u30fbK) kcal\/(h\u30fbm\u30fb\u2103) cal\/(sec\u30fbcm\u30fb\u2103) 1 0.86 2.39\u00d710-\u00b3 1.163 1 2.78X10-\u00b3 4.187X10\u00b2 3.6X10\u00b2 1 Calor espec\u00edfico J \/(kg\u30fbK) kcal \/(kg\u30fbK) Btu \/(lb\u30fb\u00b0R) kgf\u30fbm \/(kg\u30fbK) ft-lbf \/(lb\u30fb\u00b0R) 1 2.39X10-\u2074 2.39X10-\u2074 1.0197X10-\u00b9 1.8586X10-\u00b9 4.1868X10\u00b3 1 1 4.26935X10\u00b2 7.78169X10\u00b2 9.80665 2.342X10-\u00b3 2.342X10-\u00b3 1 1.82269 5.38032 1.285X10-\u00b3 1.285X10-\u00b3 5.4864X10-\u00b9 1 Densidad g\/cm\u00b3 Kg\/m\u00b3 1 1\u00d710\u00b3 10-\u00b3 1 Resistividad el\u00e9ctrica \u03a9.cm \u03bc\u03a9.cm 1 1\u00d710\u2076 1\u00d710-\u2076 1 \u203bLos datos presentados son s\u00f3lo para el valor de referencia.<\/p>\n","protected":false},"author":1,"featured_media":0,"parent":9028,"menu_order":0,"comment_status":"closed","ping_status":"closed","template":"page-guide.php","meta":{"om_disable_all_campaigns":false,"_monsterinsights_skip_tracking":false,"_monsterinsights_sitenote_active":false,"_monsterinsights_sitenote_note":"","_monsterinsights_sitenote_category":0,"footnotes":""},"aioseo_notices":[],"_links":{"self":[{"href":"https:\/\/top-seiko.com\/es\/wp-json\/wp\/v2\/pages\/9102"}],"collection":[{"href":"https:\/\/top-seiko.com\/es\/wp-json\/wp\/v2\/pages"}],"about":[{"href":"https:\/\/top-seiko.com\/es\/wp-json\/wp\/v2\/types\/page"}],"author":[{"embeddable":true,"href":"https:\/\/top-seiko.com\/es\/wp-json\/wp\/v2\/users\/1"}],"replies":[{"embeddable":true,"href":"https:\/\/top-seiko.com\/es\/wp-json\/wp\/v2\/comments?post=9102"}],"version-history":[{"count":1,"href":"https:\/\/top-seiko.com\/es\/wp-json\/wp\/v2\/pages\/9102\/revisions"}],"predecessor-version":[{"id":9103,"href":"https:\/\/top-seiko.com\/es\/wp-json\/wp\/v2\/pages\/9102\/revisions\/9103"}],"up":[{"embeddable":true,"href":"https:\/\/top-seiko.com\/es\/wp-json\/wp\/v2\/pages\/9028"}],"wp:attachment":[{"href":"https:\/\/top-seiko.com\/es\/wp-json\/wp\/v2\/media?parent=9102"}],"curies":[{"name":"wp","href":"https:\/\/api.w.org\/{rel}","templated":true}]}}