{"id":9113,"date":"2016-09-08T14:34:22","date_gmt":"2016-09-08T05:34:22","guid":{"rendered":"https:\/\/top-seiko.com\/company\/company-profile\/"},"modified":"2025-04-07T17:56:02","modified_gmt":"2025-04-07T08:56:02","slug":"overview","status":"publish","type":"page","link":"https:\/\/top-seiko.com\/es\/company\/overview\/","title":{"rendered":"Perfil de la empresa"},"content":{"rendered":"<article class=\"m-overview\">\n<section class=\"overview\">\n<div class=\"container\">\n<h2 class=\"ttl02\"><span class=\"ja\">Perfil de la empresa<\/span><\/h2>\n<div class=\"detail_area_in box-shadow\">\n<div class=\"parent_image_area mb30\">\n\t\t\t\t\t<img decoding=\"async\" src=\"..\/..\/img\/company\/overview_img01.jpg\" alt=\"\"><\/p>\n<div class=\"frame\"><\/div>\n<p>\t\t\t\t<!-- \/.parent_image_area --><\/div>\n<table class=\"table-responsive2\">\n<tr>\n<th>Nombre de la empresa <\/th>\n<td>Top Seiko Co<\/td>\n<\/tr>\n<tr>\n<th>Fundada <\/th>\n<td>14 de septiembre de 2001<\/td>\n<\/tr>\n<tr>\n<th>Capital<\/th>\n<td>20.000.000 JP Yen<\/td>\n<\/tr>\n<tr>\n<th>Ubicaci\u00f3n y contactos<\/th>\n<td><u>Top Seiko Co., Ltd. (Sede central y f\u00e1brica) <\/u><br \/>\n Direcci\u00f3n: 1197-4 Hosoe-cho, <br \/>\n Ciudad de Nagahama, Shiga, <br \/>\n 526-0105 Japan <br \/>\n TEL: +81-(0)749-51-9021 <br \/>\n FAX: +81-(0)749-51-9022<\/p>\n<p>                                                <u>Top Seiko Co., Ltd. (F\u00e1brica de Nishikozaka) <\/u><br \/>\n Direcci\u00f3n: 189 Nishikozaka-cho, <br \/>\n Ciudad de Nagahama, Shiga, <br \/>\n 526-0803, Jap\u00f3n <br \/>\n TEL: +81-(0)749-51-9114 <br \/>\n FAX: +81-(0)749-51-9115 <\/td>\n<\/tr>\n<tr>\n<th>Ejecutivos<\/th>\n<td>Presidente y director general: Yoichi Azai<br \/>\n Vicepresidente y Director de Operaciones: Takuya Yukawa<br \/>\n Director de planta y CTO: Kazuyuki Nishikawa<br \/>\n Director y Director Financiero: Hiromi Tachibana<br \/>\n Director (I+D): Kazuya Hiro<br \/>\n Director (Ventas): Jun Gamo<br \/>\n Auditor corporativo: Kohei Kawamura<\/td>\n<\/tr>\n<tr>\n<th>Empleados <\/th>\n<td>134 (Abril\uff0c2025)<\/td>\n<\/tr>\n<tr>\n<th>Servicios<\/th>\n<td>Producci\u00f3n y venta de piezas mecanizadas de precisi\u00f3n de materiales ultraduros como el vidrio, la cer\u00e1mica t\u00e9cnica y los metales refractarios.<\/td>\n<\/tr>\n<tr>\n<th>Sectores cubiertos<\/th>\n<td>&#8220;Semiconductores y electr\u00f3nica, medici\u00f3n y an\u00e1lisis, medicina, industria, aeroespacial, automoci\u00f3n, aviaci\u00f3n, nuclear y fabricaci\u00f3n en general. &#8220;<\/td>\n<\/tr>\n<p><div class=\"_df_thumb \" id=\"df_12145\"  _slug=\"our-brochure\" data-title=\"our-brochure\" wpoptions=\"true\" thumb=\"https:\/\/top-seiko.com\/wp\/wp-content\/uploads\/2024\/06\/company-brochure.png\" thumbtype=\"\" >Our Brochure<\/div><script class=\"df-shortcode-script\" type=\"application\/javascript\">window.option_df_12145 = {\"outline\":[],\"autoEnableOutline\":\"false\",\"autoEnableThumbnail\":\"false\",\"overwritePDFOutline\":\"false\",\"direction\":\"1\",\"pageSize\":\"0\",\"source\":\"https:\\\/\\\/top-seiko.com\\\/wp\\\/wp-content\\\/uploads\\\/2024\\\/06\\\/TOP_SEIKO_Brochure_Rev.1.pdf\",\"wpOptions\":\"true\"}; if(window.DFLIP && window.DFLIP.parseBooks){window.DFLIP.parseBooks();}<\/script><br \/>\n\t\t\t\t<\/table>\n<p>\t\t\t<!-- \/.detail_area_in --><\/div>\n<p>\t\t<!-- container --><\/div>\n<p>\t<!-- overview --><\/section>\n<\/article>\n","protected":false},"excerpt":{"rendered":"<p>Perfil de la empresa Nombre de la empresa Top Seiko Co Fundada 14 de septiembre de 2001 Capital 20.000.000 JP Yen Ubicaci\u00f3n y contactos Top Seiko Co., Ltd. (Sede central y f\u00e1brica) Direcci\u00f3n: 1197-4 Hosoe-cho, Ciudad de Nagahama, Shiga, 526-0105 Japan TEL: +81-(0)749-51-9021 FAX: +81-(0)749-51-9022 Top Seiko Co., Ltd. (F\u00e1brica de Nishikozaka) Direcci\u00f3n: 189 Nishikozaka-cho, Ciudad de Nagahama, Shiga, 526-0803, Jap\u00f3n TEL: +81-(0)749-51-9114 FAX: +81-(0)749-51-9115 Ejecutivos Presidente y director general: Yoichi Azai Vicepresidente y Director de Operaciones: Takuya Yukawa Director de planta y CTO: Kazuyuki Nishikawa Director y Director Financiero: Hiromi Tachibana Director (I+D): Kazuya Hiro Director (Ventas): Jun Gamo Auditor corporativo: Kohei Kawamura Empleados 134 (Abril\uff0c2025) Servicios Producci\u00f3n y [&hellip;]<\/p>\n","protected":false},"author":1,"featured_media":0,"parent":8502,"menu_order":0,"comment_status":"closed","ping_status":"closed","template":"page-child-company.php","meta":{"om_disable_all_campaigns":false,"_monsterinsights_skip_tracking":false,"_monsterinsights_sitenote_active":false,"_monsterinsights_sitenote_note":"","_monsterinsights_sitenote_category":0,"footnotes":""},"aioseo_notices":[],"_links":{"self":[{"href":"https:\/\/top-seiko.com\/es\/wp-json\/wp\/v2\/pages\/9113"}],"collection":[{"href":"https:\/\/top-seiko.com\/es\/wp-json\/wp\/v2\/pages"}],"about":[{"href":"https:\/\/top-seiko.com\/es\/wp-json\/wp\/v2\/types\/page"}],"author":[{"embeddable":true,"href":"https:\/\/top-seiko.com\/es\/wp-json\/wp\/v2\/users\/1"}],"replies":[{"embeddable":true,"href":"https:\/\/top-seiko.com\/es\/wp-json\/wp\/v2\/comments?post=9113"}],"version-history":[{"count":8,"href":"https:\/\/top-seiko.com\/es\/wp-json\/wp\/v2\/pages\/9113\/revisions"}],"predecessor-version":[{"id":13467,"href":"https:\/\/top-seiko.com\/es\/wp-json\/wp\/v2\/pages\/9113\/revisions\/13467"}],"up":[{"embeddable":true,"href":"https:\/\/top-seiko.com\/es\/wp-json\/wp\/v2\/pages\/8502"}],"wp:attachment":[{"href":"https:\/\/top-seiko.com\/es\/wp-json\/wp\/v2\/media?parent=9113"}],"curies":[{"name":"wp","href":"https:\/\/api.w.org\/{rel}","templated":true}]}}