{"id":9121,"date":"2016-09-09T16:59:36","date_gmt":"2016-09-09T07:59:36","guid":{"rendered":"https:\/\/top-seiko.com\/company\/company-history\/"},"modified":"2023-09-05T13:51:01","modified_gmt":"2023-09-05T04:51:01","slug":"history","status":"publish","type":"page","link":"https:\/\/top-seiko.com\/es\/company\/history\/","title":{"rendered":"Historia de la empresa"},"content":{"rendered":"<article class=\"m-overview\">\n<section class=\"overview\">\n<div class=\"container\">\n<h2 class=\"ttl02\"><span class=\"ja\">Historia de la empresa<\/span><\/h2>\n<div class=\"detail_area_in box-shadow\">\n<table class=\"table-responsive2\">\n<tr>\n<th>Sept. 2001<\/th>\n<td>Fundada Top Seiko Co., Ltd.<\/td>\n<\/tr>\n<tr>\n<th>Marzo de 2002<\/th>\n<td>Nueva f\u00e1brica construida en Otsumicho, ciudad de Nagahama, prefectura de Shiga<\/td>\n<\/tr>\n<tr>\n<th>Junio de 2004<\/th>\n<td>Ampliaci\u00f3n de la sede de la empresa<\/td>\n<\/tr>\n<tr>\n<th>Sept. 2005<\/th>\n<td>Adquisici\u00f3n de la certificaci\u00f3n ISO 9001<\/td>\n<\/tr>\n<tr>\n<th>Ago. 2006<\/th>\n<td>Ampliaci\u00f3n de los locales de la empresa<\/td>\n<\/tr>\n<tr>\n<th>Ago. 2006<\/th>\n<td>Adquisici\u00f3n de la certificaci\u00f3n ISO 9001:2000 \/ JISQ 9001:2000.<\/td>\n<\/tr>\n<tr>\n<th>Oct. 2008<\/th>\n<td>Construcci\u00f3n y reubicaci\u00f3n en la sede de Hosoecho, en la ciudad de Nagahama.<\/td>\n<\/tr>\n<tr>\n<th>Mar. 2012<\/th>\n<td>Selecci\u00f3n para el programa de subvenciones del gobierno para empresas innovadoras<\/td>\n<\/tr>\n<tr>\n<th>Sept. 2012<\/th>\n<td>Completado el procedimiento anterior<\/td>\n<\/tr>\n<tr>\n<th>Jun. 2013<\/th>\n<td>Primera exposici\u00f3n en la 17\u00aa feria de componentes mec\u00e1nicos y tecnolog\u00eda de materiales<\/td>\n<\/tr>\n<tr>\n<th>Mayo de 2015<\/th>\n<td>Apareci\u00f3 en el programa de televisi\u00f3n de la NHK &#8220;Chozetsu Sugo Waza!&#8221; (\u00a1T\u00e9cnicas s\u00faper sorprendentes!).<\/td>\n<\/tr>\n<tr>\n<th>Abr. 2017<\/th>\n<td>Ampliaci\u00f3n del edificio de la sede (superficie: aprox. 3.000 \u33a1)<\/td>\n<\/tr>\n<tr>\n<th>Dec. 2018<\/th>\n<td>Expuesto por primera vez en la 3\u00aa Exposici\u00f3n de Cer\u00e1mica Avanzada (Makuhari Messe)<\/td>\n<\/tr>\n<tr>\n<th>Sept. 2021<\/th>\n<td>Ampliaci\u00f3n de la sede y la f\u00e1brica (edificio de 2 plantas con una superficie total de 2.500 \u33a1)<\/td>\n<\/tr>\n<tr>\n<th>Abr. 2022<\/th>\n<td>Aumento del n\u00famero de empleados a 100<\/td>\n<\/tr>\n<tr>\n<th>Enero 2023<\/th>\n<td>Fundaci\u00f3n de la filial &#8220;Top Seiko USA, Inc.&#8221; en Estados Unidos<\/td>\n<\/tr>\n<tr>\n<th>Sept. 2021<\/th>\n<td>Construcci\u00f3n de una nueva f\u00e1brica (edificio de 2 plantas con una superficie total de 6.400 \u33a1)<\/td>\n<\/tr>\n<\/table>\n<p>\t\t\t<!-- \/.detail_area_in.box-shadow --><\/div>\n<p>\t\t<!-- container --><\/div>\n<p>\t<!-- overview --><\/section>\n<\/article>\n","protected":false},"excerpt":{"rendered":"<p>Historia de la empresa Sept. 2001 Fundada Top Seiko Co., Ltd. Marzo de 2002 Nueva f\u00e1brica construida en Otsumicho, ciudad de Nagahama, prefectura de Shiga Junio de 2004 Ampliaci\u00f3n de la sede de la empresa Sept. 2005 Adquisici\u00f3n de la certificaci\u00f3n ISO 9001 Ago. 2006 Ampliaci\u00f3n de los locales de la empresa Ago. 2006 Adquisici\u00f3n de la certificaci\u00f3n ISO 9001:2000 \/ JISQ 9001:2000. Oct. 2008 Construcci\u00f3n y reubicaci\u00f3n en la sede de Hosoecho, en la ciudad de Nagahama. Mar. 2012 Selecci\u00f3n para el programa de subvenciones del gobierno para empresas innovadoras Sept. 2012 Completado el procedimiento anterior Jun. 2013 Primera exposici\u00f3n en la 17\u00aa feria de componentes mec\u00e1nicos y tecnolog\u00eda [&hellip;]<\/p>\n","protected":false},"author":1,"featured_media":0,"parent":8502,"menu_order":0,"comment_status":"closed","ping_status":"closed","template":"page-child-company.php","meta":{"om_disable_all_campaigns":false,"_monsterinsights_skip_tracking":false,"_monsterinsights_sitenote_active":false,"_monsterinsights_sitenote_note":"","_monsterinsights_sitenote_category":0,"footnotes":""},"aioseo_notices":[],"_links":{"self":[{"href":"https:\/\/top-seiko.com\/es\/wp-json\/wp\/v2\/pages\/9121"}],"collection":[{"href":"https:\/\/top-seiko.com\/es\/wp-json\/wp\/v2\/pages"}],"about":[{"href":"https:\/\/top-seiko.com\/es\/wp-json\/wp\/v2\/types\/page"}],"author":[{"embeddable":true,"href":"https:\/\/top-seiko.com\/es\/wp-json\/wp\/v2\/users\/1"}],"replies":[{"embeddable":true,"href":"https:\/\/top-seiko.com\/es\/wp-json\/wp\/v2\/comments?post=9121"}],"version-history":[{"count":4,"href":"https:\/\/top-seiko.com\/es\/wp-json\/wp\/v2\/pages\/9121\/revisions"}],"predecessor-version":[{"id":9680,"href":"https:\/\/top-seiko.com\/es\/wp-json\/wp\/v2\/pages\/9121\/revisions\/9680"}],"up":[{"embeddable":true,"href":"https:\/\/top-seiko.com\/es\/wp-json\/wp\/v2\/pages\/8502"}],"wp:attachment":[{"href":"https:\/\/top-seiko.com\/es\/wp-json\/wp\/v2\/media?parent=9121"}],"curies":[{"name":"wp","href":"https:\/\/api.w.org\/{rel}","templated":true}]}}