{"id":10167,"date":"2023-10-26T14:11:05","date_gmt":"2023-10-26T05:11:05","guid":{"rendered":"https:\/\/top-seiko.com\/technology\/soudage-par-diffusion\/"},"modified":"2023-11-16T19:03:35","modified_gmt":"2023-11-16T10:03:35","slug":"tech05","status":"publish","type":"page","link":"https:\/\/top-seiko.com\/fr\/technology\/tech05\/","title":{"rendered":"Soudage par diffusion"},"content":{"rendered":"<article class=\"m-tech04\">\n\t<!-- \u52a0\u5de5\u6280\u8853\u7d39\u4ecb --><\/p>\n<section class=\"technology\">\n<div class=\"container\">\n<h2 class=\"ttl01\"><span class=\"ja\">Soudage par diffusion<\/span><\/h2>\n<div class=\"contents_top box-shadow row\">\n<div class=\"contents_top_text col-sm-7\">\n<h4>Repousser les limites de la forme.<\/h4>\n<p>Chaque ann\u00e9e, la demande de formes usin\u00e9es hautement pr\u00e9cises et complexes ne cesse de cro\u00eetre. Ces formes sont essentielles pour am\u00e9liorer les performances de l&#8217;\u00e9quipement dans lequel elles sont int\u00e9gr\u00e9es. <\/p>\n<p>En plus de nos capacit\u00e9s traditionnelles d&#8217;usinage de pr\u00e9cision, nous d\u00e9veloppons activement la technologie de soudage par diffusion pour r\u00e9pondre \u00e0 la demande croissante de performances accrues. Contrairement aux adh\u00e9sifs ou au brasage, la soudure par diffusion offre une liaison directe, \u00e9liminant ainsi les pr\u00e9occupations li\u00e9es aux diff\u00e9rences de r\u00e9sistance \u00e0 la chaleur ou aux coefficients de dilatation lin\u00e9aire. Cette technologie simplifie \u00e9galement la cr\u00e9ation de canaux internes pour le fluide de refroidissement et les gaz, permettant ainsi la conception de formes et de solutions innovantes.<br \/>\n\t\t\t\t\t\t<br \/>\nEn combinant notre vaste exp\u00e9rience dans l&#8217;usinage de pr\u00e9cision avec notre technologie de jonction r\u00e9cemment introduite, nous sommes d\u00e9sormais en mesure de r\u00e9aliser des formes qui \u00e9taient auparavant difficiles \u00e0 obtenir, contribuant ainsi de mani\u00e8re significative \u00e0 r\u00e9soudre les d\u00e9fis techniques de nos clients.<\/p>\n<\/p><\/div>\n<div class=\"contents_img img_frame col-sm-5 tC\">\n\t\t\t\t\t<img decoding=\"async\" src=\"\/img\/technology\/tech05\/tech05_img01.jpg\" alt=\"\"><\/p>\n<div class=\"frame\"><\/div>\n<\/p><\/div>\n<p>\t\t\t<!-- \/.contents_top --><\/div>\n<div class=\"detail_area_in box-shadow\">\n<table class=\"processing_table table-responsive2\">\n<tr>\n<th>Mat\u00e9riaux<\/th>\n<td>\nDiffusions r\u00e9alis\u00e9es : Molybd\u00e8ne, Nickel, Verre de quartz, SiSiC, Alumine, Silicium en colonne&#8217;. (*Il s&#8217;agit de diffusions des m\u00eames mat\u00e9riaux).<br \/>\n<br \/>\n(*Nous exp\u00e9rimentons \u00e9galement d&#8217;autres mat\u00e9riaux).\n\t\t\t\t\t\t<\/td>\n<\/tr>\n<tr>\n<th>Taux de fuite de l&#8217;h\u00e9lium<\/th>\n<td>\nEn dessous de 1.0\u00d710^-9 [Pa\u00b7m^3\/sec], la r\u00e9alisation a \u00e9t\u00e9 atteinte avec des pi\u00e8ces d&#8217;essai pour l&#8217;un quelconque des mat\u00e9riaux mentionn\u00e9s ci-dessus.[Pa\u00b7m^3\/sec]<br \/>\n(D\u00e9tecteur de fuite d&#8217;h\u00e9lium install\u00e9, capable de mesurer jusqu&#8217;\u00e0 1.0\u00d710^-11 [Pa\u00b7m^3\/sec])[Pa\u00b7m^3\/sec]\n\t\t\t\t\t\t<\/td>\n<\/tr>\n<\/table>\n<div class=\"processing_work\">\n<h3 class=\"ttl03\">Exemples de produits<\/h3>\n<h4 class=\"ttl04 ml15\">Nickel<\/h4>\n<p class=\"ml15\">\u00f8310, 3 canaux d&#8217;\u00e9coulement internes, soudage par diffusion<\/p>\n<ul class=\"row\">\n<li class=\"col-sm-3 col-lg-3 col-xs-6\">\n\t\t\t\t\t\t\t<a href=\"\/img\/technology\/tech05\/case01.jpg\" data-lightbox=\"tech05\" data-title=\"\u52a0\u5de5\u4e8b\u4f8b\"><br \/>\n\t\t\t\t\t\t\t\t<img decoding=\"async\" src=\"\/img\/technology\/tech05\/case01.jpg\" alt=\"\"><br \/>\n\t\t\t\t\t\t\t<\/a>\n\t\t\t\t\t\t<\/li>\n<li class=\"col-sm-3 col-lg-3 col-xs-6\">\n\t\t\t\t\t\t\t<a href=\"\/img\/technology\/tech05\/case02.jpg\" data-lightbox=\"tech05\" data-title=\"\u52a0\u5de5\u4e8b\u4f8b\"><br \/>\n\t\t\t\t\t\t\t\t<img decoding=\"async\" src=\"\/img\/technology\/tech05\/case02.jpg\" alt=\"\"><br \/>\n\t\t\t\t\t\t\t<\/a>\n\t\t\t\t\t\t<\/li>\n<li class=\"col-sm-3 col-lg-3 col-xs-6\">\n\t\t\t\t\t\t\t<a href=\"\/img\/technology\/tech05\/case03.jpg\" data-lightbox=\"tech05\" data-title=\"\u52a0\u5de5\u4e8b\u4f8b\"><br \/>\n\t\t\t\t\t\t\t\t<img decoding=\"async\" src=\"\/img\/technology\/tech05\/case03.jpg\" alt=\"\"><br \/>\n\t\t\t\t\t\t\t<\/a>\n\t\t\t\t\t\t<\/li>\n<\/ul>\n<h4 class=\"ttl04 ml15\">SiSiC<\/h4>\n<p class=\"ml15\">\u03c6300mm, 3 pi\u00e8ces soud\u00e9es, fentes de refroidissement, trous lat\u00e9raux<\/p>\n<ul class=\"row\">\n<li class=\"col-sm-3 col-lg-3 col-xs-6\">\n\t\t\t\t\t\t\t<a href=\"\/img\/technology\/tech05\/case04.jpg\" data-lightbox=\"tech05\" data-title=\"\u52a0\u5de5\u4e8b\u4f8b\"><br \/>\n\t\t\t\t\t\t\t\t<img decoding=\"async\" src=\"\/img\/technology\/tech05\/case04.jpg\" alt=\"\"><br \/>\n\t\t\t\t\t\t\t<\/a>\n\t\t\t\t\t\t<\/li>\n<li class=\"col-sm-3 col-lg-3 col-xs-6\">\n\t\t\t\t\t\t\t<a href=\"\/img\/technology\/tech05\/case05.jpg\" data-lightbox=\"tech05\" data-title=\"\u52a0\u5de5\u4e8b\u4f8b\"><br \/>\n\t\t\t\t\t\t\t\t<img decoding=\"async\" src=\"\/img\/technology\/tech05\/case05.jpg\" alt=\"\"><br \/>\n\t\t\t\t\t\t\t<\/a>\n\t\t\t\t\t\t<\/li>\n<\/ul>\n<h4 class=\"ttl04 ml15\">Verre de quartz<\/h4>\n<p class=\"ml15\">\u00f8390mm, 2 pi\u00e8ces combin\u00e9es, canal d&#8217;\u00e9coulement interne, trous lat\u00e9raux<\/p>\n<ul class=\"row\">\n<li class=\"col-sm-3 col-lg-3 col-xs-6\">\n\t\t\t\t\t\t\t<a href=\"\/img\/technology\/tech05\/case06.jpg\" data-lightbox=\"tech05\" data-title=\"\u52a0\u5de5\u4e8b\u4f8b\"><br \/>\n\t\t\t\t\t\t\t\t<img decoding=\"async\" src=\"\/img\/technology\/tech05\/case06.jpg\" alt=\"\"><br \/>\n\t\t\t\t\t\t\t<\/a>\n\t\t\t\t\t\t<\/li>\n<li class=\"col-sm-3 col-lg-3 col-xs-6\">\n\t\t\t\t\t\t\t<a href=\"\/img\/technology\/tech05\/case07.jpg\" data-lightbox=\"tech05\" data-title=\"\u52a0\u5de5\u4e8b\u4f8b\"><br \/>\n\t\t\t\t\t\t\t\t<img decoding=\"async\" src=\"\/img\/technology\/tech05\/case07.jpg\" alt=\"\"><br \/>\n\t\t\t\t\t\t\t<\/a>\n\t\t\t\t\t\t<\/li>\n<li class=\"col-sm-3 col-lg-3 col-xs-6\">\n\t\t\t\t\t\t\t<a href=\"\/img\/technology\/tech05\/case08.jpg\" data-lightbox=\"tech05\" data-title=\"\u52a0\u5de5\u4e8b\u4f8b\"><br \/>\n\t\t\t\t\t\t\t\t<img decoding=\"async\" src=\"\/img\/technology\/tech05\/case08.jpg\" alt=\"\"><br \/>\n\t\t\t\t\t\t\t<\/a>\n\t\t\t\t\t\t<\/li>\n<\/ul>\n<h4 class=\"ttl04 ml15\">SiSiC<\/h4>\n<p class=\"ml15\">\u03c6390mm, 2 pi\u00e8ces soud\u00e9es, canal int\u00e9rieur, trous lat\u00e9raux. <br \/>*R\u00e9sultat de la mesure de la fuite d&#8217;h\u00e9lium dans le canal int\u00e9rieur : 6,0&#215;10-12Pa-m3\/sec ou moins (valeur cible atteinte).<\/p>\n<ul class=\"row\">\n<li class=\"col-sm-3 col-lg-3 col-xs-6\">\n\t\t\t\t\t\t\t<a href=\"\/img\/technology\/tech05\/case09.jpg\" data-lightbox=\"tech05\" data-title=\"\u52a0\u5de5\u4e8b\u4f8b\"><br \/>\n\t\t\t\t\t\t\t\t<img decoding=\"async\" src=\"\/img\/technology\/tech05\/case09.jpg\" alt=\"\"><br \/>\n\t\t\t\t\t\t\t<\/a>\n\t\t\t\t\t\t<\/li>\n<li class=\"col-sm-3 col-lg-3 col-xs-6\">\n\t\t\t\t\t\t\t<a href=\"\/img\/technology\/tech05\/case10.jpg\" data-lightbox=\"tech05\" data-title=\"\u52a0\u5de5\u4e8b\u4f8b\"><br \/>\n\t\t\t\t\t\t\t\t<img decoding=\"async\" src=\"\/img\/technology\/tech05\/case10.jpg\" alt=\"\"><br \/>\n\t\t\t\t\t\t\t<\/a>\n\t\t\t\t\t\t<\/li>\n<li class=\"col-sm-3 col-lg-3 col-xs-6\">\n\t\t\t\t\t\t\t<a href=\"\/img\/technology\/tech05\/case11.jpg\" data-lightbox=\"tech05\" data-title=\"\u52a0\u5de5\u4e8b\u4f8b\"><br \/>\n\t\t\t\t\t\t\t\t<img decoding=\"async\" src=\"\/img\/technology\/tech05\/case11.jpg\" alt=\"\"><br \/>\n\t\t\t\t\t\t\t<\/a>\n\t\t\t\t\t\t<\/li>\n<\/ul>\n<h4 class=\"ttl04 ml15\">Alumine<\/h4>\n<p class=\"ml15\">50x100mm, 2 pi\u00e8ces soud\u00e9es, canaux d&#8217;\u00e9coulement internes<\/p>\n<ul class=\"row\">\n<li class=\"col-sm-3 col-lg-3 col-xs-6\">\n\t\t\t\t\t\t\t<a href=\"\/img\/technology\/tech05\/case12.jpg\" data-lightbox=\"tech05\" data-title=\"\u52a0\u5de5\u4e8b\u4f8b\"><br \/>\n\t\t\t\t\t\t\t\t<img decoding=\"async\" src=\"\/img\/technology\/tech05\/case12.jpg\" alt=\"\"><br \/>\n\t\t\t\t\t\t\t<\/a>\n\t\t\t\t\t\t<\/li>\n<li class=\"col-sm-3 col-lg-3 col-xs-6\">\n\t\t\t\t\t\t\t<a href=\"\/img\/technology\/tech05\/case13.jpg\" data-lightbox=\"tech05\" data-title=\"\u52a0\u5de5\u4e8b\u4f8b\"><br \/>\n\t\t\t\t\t\t\t\t<img decoding=\"async\" src=\"\/img\/technology\/tech05\/case13.jpg\" alt=\"\"><br \/>\n\t\t\t\t\t\t\t<\/a>\n\t\t\t\t\t\t<\/li>\n<li class=\"col-sm-3 col-lg-3 col-xs-6\">\n\t\t\t\t\t\t\t<a href=\"\/img\/technology\/tech05\/case14.jpg\" data-lightbox=\"tech05\" data-title=\"\u52a0\u5de5\u4e8b\u4f8b\"><br \/>\n\t\t\t\t\t\t\t\t<img decoding=\"async\" src=\"\/img\/technology\/tech05\/case14.jpg\" alt=\"\"><br \/>\n\t\t\t\t\t\t\t<\/a>\n\t\t\t\t\t\t<\/li>\n<\/ul>\n<h4 class=\"ttl04 ml15\">Molybd\u00e8ne<\/h4>\n<p class=\"ml15\">\u03c6270mm, 2 pi\u00e8ces soud\u00e9es, canaux d&#8217;\u00e9coulement internes. R\u00e9sultat de la mesure de la fuite d&#8217;h\u00e9lium dans les canaux internes : 5,0&#215;10-11Pa-m3\/sec ou moins (valeur cible atteinte).\n<\/p>\n<ul class=\"row\">\n<li class=\"col-sm-3 col-lg-3 col-xs-6\">\n\t\t\t\t\t\t\t<a href=\"\/img\/technology\/tech05\/case15.jpg\" data-lightbox=\"tech05\" data-title=\"\u52a0\u5de5\u4e8b\u4f8b\"><br \/>\n\t\t\t\t\t\t\t\t<img decoding=\"async\" src=\"\/img\/technology\/tech05\/case15.jpg\" alt=\"\"><br \/>\n\t\t\t\t\t\t\t<\/a>\n\t\t\t\t\t\t<\/li>\n<li class=\"col-sm-3 col-lg-3 col-xs-6\">\n\t\t\t\t\t\t\t<a href=\"\/img\/technology\/tech05\/case16.jpg\" data-lightbox=\"tech05\" data-title=\"\u52a0\u5de5\u4e8b\u4f8b\"><br \/>\n\t\t\t\t\t\t\t\t<img decoding=\"async\" src=\"\/img\/technology\/tech05\/case16.jpg\" alt=\"\"><br \/>\n\t\t\t\t\t\t\t<\/a>\n\t\t\t\t\t\t<\/li>\n<li class=\"col-sm-3 col-lg-3 col-xs-6\">\n\t\t\t\t\t\t\t<a href=\"\/img\/technology\/tech05\/case17.jpg\" data-lightbox=\"tech05\" data-title=\"\u52a0\u5de5\u4e8b\u4f8b\"><br \/>\n\t\t\t\t\t\t\t\t<img decoding=\"async\" src=\"\/img\/technology\/tech05\/case17.jpg\" alt=\"\"><br \/>\n\t\t\t\t\t\t\t<\/a>\n\t\t\t\t\t\t<\/li>\n<\/ul>\n<h4 class=\"ttl04 ml15\">Verre de quartz<\/h4>\n<p class=\"ml15\">\u03c696mm, 3 pi\u00e8ces soud\u00e9es, 2 canaux internes<\/p>\n<ul class=\"row\">\n<li class=\"col-sm-3 col-lg-3 col-xs-6\">\n\t\t\t\t\t\t\t<a href=\"\/img\/technology\/tech05\/case18.jpg\" data-lightbox=\"tech05\" data-title=\"\u52a0\u5de5\u4e8b\u4f8b\"><br \/>\n\t\t\t\t\t\t\t\t<img decoding=\"async\" src=\"\/img\/technology\/tech05\/case18.jpg\" alt=\"\"><br \/>\n\t\t\t\t\t\t\t<\/a>\n\t\t\t\t\t\t<\/li>\n<li class=\"col-sm-3 col-lg-3 col-xs-6\">\n\t\t\t\t\t\t\t<a href=\"\/img\/technology\/tech05\/case19.jpg\" data-lightbox=\"tech05\" data-title=\"\u52a0\u5de5\u4e8b\u4f8b\"><br \/>\n\t\t\t\t\t\t\t\t<img decoding=\"async\" src=\"\/img\/technology\/tech05\/case19.jpg\" alt=\"\"><br \/>\n\t\t\t\t\t\t\t<\/a>\n\t\t\t\t\t\t<\/li>\n<li class=\"col-sm-3 col-lg-3 col-xs-6\">\n\t\t\t\t\t\t\t<a href=\"\/img\/technology\/tech05\/case20.jpg\" data-lightbox=\"tech05\" data-title=\"\u52a0\u5de5\u4e8b\u4f8b\"><br \/>\n\t\t\t\t\t\t\t\t<img decoding=\"async\" src=\"\/img\/technology\/tech05\/case20.jpg\" alt=\"\"><br \/>\n\t\t\t\t\t\t\t<\/a>\n\t\t\t\t\t\t<\/li>\n<\/ul><\/div>\n<p>\t\t\t<!-- detail_area_in --><\/div>\n<\/p><\/div>\n<p>\t\t<!-- container --><\/div>\n<\/section>\n<\/article>\n","protected":false},"excerpt":{"rendered":"<p>Soudage par diffusion Repousser les limites de la forme. Chaque ann\u00e9e, la demande de formes usin\u00e9es hautement pr\u00e9cises et complexes ne cesse de cro\u00eetre. Ces formes sont essentielles pour am\u00e9liorer les performances de l&#8217;\u00e9quipement dans lequel elles sont int\u00e9gr\u00e9es. En plus de nos capacit\u00e9s traditionnelles d&#8217;usinage de pr\u00e9cision, nous d\u00e9veloppons activement la technologie de soudage par diffusion pour r\u00e9pondre \u00e0 la demande croissante de performances accrues. Contrairement aux adh\u00e9sifs ou au brasage, la soudure par diffusion offre une liaison directe, \u00e9liminant ainsi les pr\u00e9occupations li\u00e9es aux diff\u00e9rences de r\u00e9sistance \u00e0 la chaleur ou aux coefficients de dilatation lin\u00e9aire. Cette technologie simplifie \u00e9galement la cr\u00e9ation de canaux internes pour le fluide [&hellip;]<\/p>\n","protected":false},"author":1,"featured_media":0,"parent":8567,"menu_order":0,"comment_status":"closed","ping_status":"closed","template":"","meta":{"om_disable_all_campaigns":false,"_monsterinsights_skip_tracking":false,"_monsterinsights_sitenote_active":false,"_monsterinsights_sitenote_note":"","_monsterinsights_sitenote_category":0,"footnotes":""},"aioseo_notices":[],"_links":{"self":[{"href":"https:\/\/top-seiko.com\/fr\/wp-json\/wp\/v2\/pages\/10167"}],"collection":[{"href":"https:\/\/top-seiko.com\/fr\/wp-json\/wp\/v2\/pages"}],"about":[{"href":"https:\/\/top-seiko.com\/fr\/wp-json\/wp\/v2\/types\/page"}],"author":[{"embeddable":true,"href":"https:\/\/top-seiko.com\/fr\/wp-json\/wp\/v2\/users\/1"}],"replies":[{"embeddable":true,"href":"https:\/\/top-seiko.com\/fr\/wp-json\/wp\/v2\/comments?post=10167"}],"version-history":[{"count":2,"href":"https:\/\/top-seiko.com\/fr\/wp-json\/wp\/v2\/pages\/10167\/revisions"}],"predecessor-version":[{"id":10175,"href":"https:\/\/top-seiko.com\/fr\/wp-json\/wp\/v2\/pages\/10167\/revisions\/10175"}],"up":[{"embeddable":true,"href":"https:\/\/top-seiko.com\/fr\/wp-json\/wp\/v2\/pages\/8567"}],"wp:attachment":[{"href":"https:\/\/top-seiko.com\/fr\/wp-json\/wp\/v2\/media?parent=10167"}],"curies":[{"name":"wp","href":"https:\/\/api.w.org\/{rel}","templated":true}]}}