{"id":11640,"date":"2024-03-29T16:49:49","date_gmt":"2024-03-29T07:49:49","guid":{"rendered":"https:\/\/top-seiko.com\/_test240329-2\/"},"modified":"2024-10-03T18:32:39","modified_gmt":"2024-10-03T09:32:39","slug":"test240401","status":"publish","type":"page","link":"https:\/\/top-seiko.com\/fr\/","title":{"rendered":"Top Seiko &#8211; Usinage de Pr\u00e9cision"},"content":{"rendered":"<article class=\"m-index -innov\">\n<section class=\"section01\">\n<div class=\"container\">\n<div class=\"row\">\n<div class=\"img col-xs-12 col-sm-4 col-md-4 col-lg-4\"><img decoding=\"async\" src=\"https:\/\/top-seiko.com\/img\/en_innov\/body_img01.png\" srcset=\"https:\/\/top-seiko.com\/img\/en_innov\/body_img01.png 1x, https:\/\/top-seiko.com\/img\/en_innov\/body_img01@2x.png 2x\" alt=\"\"><\/div>\n<div class=\"text col-xs-12 col-sm-6 col-md-6 col-lg-6\">\n<h3>PUISSANCE DE LA CR\u00c9ATION<\/h3>\n<p>Nous sommes fiers de nos capacit\u00e9s techniques de premier ordre parmi les fabricants de c\u00e9ramiques et de m\u00e9taux \u00e0 point de fusion \u00e9lev\u00e9 en termes de pr\u00e9cision dimensionnelle et g\u00e9om\u00e9trique. Il n&#8217;y a pas de limite \u00e0 la pr\u00e9cision exig\u00e9e par nos clients, qui devient de plus en plus sophistiqu\u00e9e avec le temps et la technologie. Afin de r\u00e9pondre \u00e0 de telles exigences, nous poursuivons constamment un usinage de haute pr\u00e9cision stable et effectuons r\u00e9guli\u00e8rement des essais d&#8217;usinage pour renforcer davantage nos capacit\u00e9s techniques.  <\/p>\n<ul>\n<li>Usinage du Diam\u00e8tre Ext\u00e9rieur\/Diam\u00e8tre Int\u00e9rieur<\/li>\n<li>Tournage<\/li>\n<li>Rectification de Pr\u00e9cision<\/li>\n<li>Rectification Cylindrique<\/li>\n<li>Usinage 3D de formes contour\u00e9es compliqu\u00e9es<\/li>\n<li>Soudage par Diffusion<\/li>\n<\/ul><\/div>\n<\/p><\/div>\n<div class=\"row -reverse\">\n<div class=\"img col-xs-12 col-sm-4 col-md-4 col-lg-4\"><img decoding=\"async\" src=\"https:\/\/top-seiko.com\/img\/en_innov\/body_img02.png\" srcset=\"https:\/\/top-seiko.com\/img\/en_innov\/body_img02.png 1x, https:\/\/top-seiko.com\/img\/en_innov\/body_img02@2x.png 2x\" alt=\"\"><\/div>\n<div class=\"text col-xs-12 col-sm-6 col-md-6 col-lg-6\">\n<h3>PARTAGE DE CONNAISSANCES<\/h3>\n<p>\u00c9tant donn\u00e9 que nous ne sommes pas un fabricant de mat\u00e9riaux, nos clients peuvent profiter de notre connaissance impartiale des mat\u00e9riaux durs exotiques pour s\u00e9lectionner le meilleur mat\u00e9riau pour leurs applications. Nous avons soutenu nos clients dans le remplacement de mat\u00e9riaux pour leurs pi\u00e8ces existantes. De nombreux cas de succ\u00e8s ont \u00e9t\u00e9 enregistr\u00e9s o\u00f9 nos clients ont b\u00e9n\u00e9fici\u00e9 d&#8217;une fonctionnalit\u00e9 am\u00e9lior\u00e9e de leurs pi\u00e8ces, ce qui les a amen\u00e9s \u00e0 surpasser leurs concurrents, ou d&#8217;une dur\u00e9e de vie plus longue des pi\u00e8ces, ce qui a entra\u00een\u00e9 des co\u00fbts plus bas, une maintenance r\u00e9duite et moins de temps d&#8217;arr\u00eat.  <\/p>\n<\/p><\/div>\n<\/p><\/div>\n<div class=\"imgC col-xs-12 col-sm-6 col-md-6 col-lg-6\"><img decoding=\"async\" src=\"https:\/\/top-seiko.com\/img\/en_innov\/body_img03.png\" srcset=\"https:\/\/top-seiko.com\/img\/en_innov\/body_img03.png 1x, https:\/\/top-seiko.com\/img\/en_innov\/body_img03@2x.png 2x\" alt=\"\"><\/div>\n<\/p><\/div>\n<\/section>\n<section class=\"section02\">\n<h3 class=\"ttl\">\u00c0 PROPOS DE NOUS<\/h3>\n<div class=\"container\">\n<div class=\"youtube\">\n<div class=\"youtube__inner row\">\n<div class=\"text col-sm-7\">\n<p><span>De nombreuses pi\u00e8ces de pr\u00e9cision ont \u00e9t\u00e9 fabriqu\u00e9es dans des mat\u00e9riaux m\u00e9talliques courants. Mais nous usinons des mat\u00e9riaux durs exotiques et fabriquons les m\u00eames pi\u00e8ces.<\/span><br \/>\n Avec cette devise, Top Seiko s&#8217;est sp\u00e9cialis\u00e9 dans les mat\u00e9riaux ultra-durs tels que les c\u00e9ramiques avanc\u00e9es, les verres, les m\u00e9taux r\u00e9fractaires et les mat\u00e9riaux haute performance nouvellement d\u00e9velopp\u00e9s comme les mat\u00e9riaux composites. En fonction des caract\u00e9ristiques d&#8217;usinabilit\u00e9 de chaque mat\u00e9riau et de la complexit\u00e9 de la forme de la pi\u00e8ce, nous d\u00e9terminons la m\u00e9thode de fabrication la plus adapt\u00e9e en utilisant des approches physiques et chimiques. <\/p>\n<p> Nous sommes \u00e9galement experts dans la conception d&#8217;outils d&#8217;usinage permettant de maximiser la productivit\u00e9 tout en maintenant la plus haute qualit\u00e9 des produits. La plupart de ces outils sont fabriqu\u00e9s par des entreprises de fabrication d&#8217;outils selon nos sp\u00e9cifications. Sinon, nous les fabriquons nous-m\u00eames.  <\/p>\n<p> Nous investissons continuellement dans de nouvelles technologies afin de fournir \u00e0 nos clients des services d&#8217;usinage de la plus haute qualit\u00e9. De plus, nous effectuons r\u00e9guli\u00e8rement des tests d&#8217;usinage pour recueillir des donn\u00e9es afin d&#8217;\u00e9largir encore davantage nos capacit\u00e9s.\n                        <\/p>\n<\/p><\/div>\n<div class=\"movie col-sm-5\"><a href=\"https:\/\/youtu.be\/4XVhlnLyBkk?si=JAPZt-YRlHX0U0E4\" target=\"_blank\" rel=\"noopener noreferrer\"><img decoding=\"async\" src=\"https:\/\/top-seiko.com\/img\/index\/Top_Seiko-Youtube_Banner.png\" alt=\"youtube\"><\/a><\/div>\n<\/p><\/div>\n<\/p><\/div>\n<\/p><\/div>\n<div class=\"list\">\n<ul class=\"tech_kind row\">\n<li class=\"tech_kind_box col-xs-12 col-sm-6\">\n<div class=\"tech_kind_box_in row\">\n<div class=\"left col-sm-6\">\n<h4>Usinage complexe et en 3D<\/h4>\n<div>\n                            <img decoding=\"async\" src=\"https:\/\/top-seiko.com\/img\/index\/index_tech_img01.jpg\" alt=\"\">\n                        <\/div>\n<\/p><\/div>\n<div class=\"tech_kind_box_in2 col-sm-6\">\n<p>Avec des technologies de pointe telles que le centre de fraisage \u00e0 grande vitesse \u00e0 entra\u00eenement par moteur lin\u00e9aire et les centres d&#8217;usinage 5 axes, Top Seiko propose un service d&#8217;usinage sur mesure de pr\u00e9cision pour les mat\u00e9riaux ultra-durs. Nous sommes sp\u00e9cialis\u00e9s dans l&#8217;usinage complexe et de pr\u00e9cision de formes profil\u00e9es compliqu\u00e9es, de fentes, de rainures, de tranch\u00e9es, d&#8217;escaliers\/formes sur\u00e9lev\u00e9es, d&#8217;al\u00e9sages, de filetages, de trous droits\/coniques, etc. dans les c\u00e9ramiques, les verres et les m\u00e9taux r\u00e9fractaires. Le service d&#8217;usinage 3D est disponible pour les c\u00e9ramiques et le molybd\u00e8ne.  <\/p>\n<div class=\"detail_btn tC\">\n                            <a href=\"..\/technology\/tech01\/\"><\/a>\n                        <\/div>\n<\/p><\/div>\n<p>                <!-- \/.tech_kind_box_in --><\/div>\n<p>            <!-- \/.tech_kind_box.col-sm-3 --><\/li>\n<li class=\"tech_kind_box col-xs-12 col-sm-6\">\n<div class=\"tech_kind_box_in row\">\n<div class=\"left col-sm-6\">\n<h4>Usinage de haute pr\u00e9cision\/micro-usinage<\/h4>\n<div>\n                            <img decoding=\"async\" src=\"https:\/\/top-seiko.com\/img\/index\/index_tech_img02.jpg\" alt=\"\">\n                        <\/div>\n<\/p><\/div>\n<div class=\"tech_kind_box_in2 col-sm-6\">\n<p>Aborder logiquement les d\u00e9fis d&#8217;usinage par des approches physiques et chimiques. est notre devise. <br \/>\n En tant que fournisseur leader de l&#8217;industrie, nous sommes en mesure de fournir des services d&#8217;usinage de haute pr\u00e9cision et de micro-usinage pour une grande vari\u00e9t\u00e9 de mat\u00e9riaux durs exotiques. Avec notre connaissance approfondie de ces mat\u00e9riaux, des machines et outils de pr\u00e9cision de pointe, des ing\u00e9nieurs exp\u00e9riment\u00e9s et des op\u00e9rateurs de machines bien form\u00e9s, nous fabriquons des pi\u00e8ces usin\u00e9es sur mesure avec une pr\u00e9cision micronique. <br \/>\n Nous disposons \u00e9galement d&#8217;\u00e9quipements de mesure nous permettant de garantir la pr\u00e9cision dimensionnelle de chaque pi\u00e8ce usin\u00e9e. <\/p>\n<div class=\"detail_btn tC\">\n                            <a href=\"..\/technology\/tech02\/\"><\/a>\n                        <\/div>\n<\/p><\/div>\n<p>                <!-- \/.tech_kind_box_in --><\/div>\n<p>            <!-- \/.tech_kind_box.col-sm-3 --><\/li>\n<li class=\"tech_kind_box col-xs-12 col-sm-6\">\n<div class=\"tech_kind_box_in row\">\n<div class=\"left col-sm-6\">\n<h4>Per\u00e7age de trous<\/h4>\n<div>\n                            <img decoding=\"async\" src=\"https:\/\/top-seiko.com\/img\/index\/index_tech_img03.jpg\" alt=\"\">\n                        <\/div>\n<\/p><\/div>\n<div class=\"tech_kind_box_in2 col-sm-6\">\n<p>Le per\u00e7age de trous dans des mat\u00e9riaux durs est notre sp\u00e9cialit\u00e9. Des trous de pr\u00e9cision, des micro-trous et des trous multiples peuvent \u00eatre usin\u00e9s dans des c\u00e9ramiques, des verres et des m\u00e9taux r\u00e9fractaires tels que le tungst\u00e8ne, le molybd\u00e8ne et le tantale.  <br \/>Nous concevons des outils d&#8217;usinage pour percer des trous avec pr\u00e9cision selon vos besoins. Faites-nous simplement part du diam\u00e8tre, de la profondeur, des tol\u00e9rances, etc. des trous dont vous avez besoin !  <\/p>\n<div class=\"detail_btn tC\">\n                            <a href=\"..\/technology\/tech03\/\"><\/a>\n                        <\/div>\n<\/p><\/div>\n<p>                <!-- \/.tech_kind_box_in --><\/div>\n<p>            <!-- \/.tech_kind_box --><\/li>\n<li class=\"tech_kind_box col-xs-12 col-sm-6\">\n<div class=\"tech_kind_box_in row\">\n<div class=\"left col-sm-6\">\n<h4>Per\u00e7age de trous profonds<\/h4>\n<div>\n                            <img decoding=\"async\" src=\"https:\/\/top-seiko.com\/img\/index\/index_tech_img04.jpg\" alt=\"\">\n                        <\/div>\n<\/p><\/div>\n<div class=\"tech_kind_box_in2 col-sm-6\">\n<p>Avec des outils d&#8217;usinage sur mesure con\u00e7us par notre \u00e9quipe d&#8217;ing\u00e9nieurs, nous sommes fiers de percer des trous droits profonds et des trous coniques longs dans des mat\u00e9riaux ultra-durs tels que les c\u00e9ramiques avanc\u00e9es, le verre de silice fondue (quartz fondu), le molybd\u00e8ne et le tungst\u00e8ne. <br \/>\n Les cl\u00e9s du succ\u00e8s dans le per\u00e7age de trous profonds sont ; 1. Garder le foret droit, 2. \u00c9vacuer les copeaux du trou et \u00e9viter l&#8217;accumulation de copeaux au fond du trou. Et nous savons exactement comment les faire !   <\/p>\n<div class=\"detail_btn tC\">\n                            <a href=\"..\/technology\/tech04\/\"><\/a>\n                        <\/div>\n<\/p><\/div>\n<p>                <!-- \/.tech_kind_box_in --><\/div>\n<p>            <!-- \/.tech_kind_box.col-sm-3 --><\/li>\n<li class=\"tech_kind_box col-xs-12 col-sm-6\">\n<div class=\"tech_kind_box_in row\">\n<div class=\"left col-sm-6\">\n<h4>Soudage par Diffusion<\/h4>\n<div>\n                            <img decoding=\"async\" src=\"https:\/\/top-seiko.com\/img\/index\/index_tech_img05.jpg\" alt=\"\">\n                        <\/div>\n<\/p><\/div>\n<div class=\"tech_kind_box_in2 col-sm-6\">\n<p>En plus de l&#8217;usinage de pr\u00e9cision conventionnel, nous nous concentrons sur et d\u00e9veloppons &#8220;l&#8217;assemblage par diffusion&#8221; comme une technologie r\u00e9pondant au besoin de performances accrues.<br \/>\n En combinant la technologie d&#8217;usinage de pr\u00e9cision que nous avons d\u00e9velopp\u00e9e au fil des ans avec notre technologie de jointure nouvellement introduite, nous sommes en mesure d&#8217;atteindre des formes qui \u00e9taient difficiles \u00e0 obtenir dans le pass\u00e9, et de contribuer \u00e0 r\u00e9soudre les probl\u00e8mes techniques de nos clients.<\/p>\n<div class=\"detail_btn tC\">\n                            <a href=\"..\/technology\/tech05\/\"><\/a>\n                        <\/div>\n<\/p><\/div>\n<p>                <!-- \/.tech_kind_box_in --><\/div>\n<p>            <!-- \/.tech_kind_box.col-sm-3 --><\/li>\n<p>        <!-- \/.tech_kind --><\/ul>\n<p class=\"btn\"><a href=\"..\/technology\/\"><span>En savoir plus<\/span><\/a><\/p>\n<\/p><\/div>\n<\/section>\n<section class=\"section03\">\n<div class=\"container\">\n<h3>NOS SERVICES<\/h3>\n<div class=\"wrap\">\n<ul class=\"list\">\n<li class=\"col-xs-12 col-sm-4\">\n<h4>USINAGE DE PR\u00c9CISION<\/h4>\n<p>                        <img decoding=\"async\" src=\"https:\/\/top-seiko.com\/img\/en_innov\/services01.png\" srcset=\"https:\/\/top-seiko.com\/img\/en_innov\/services01.png 1x, https:\/\/top-seiko.com\/img\/en_innov\/services01@2x.png 2x\" alt=\"\"><\/p>\n<p class=\"ttl\">USINAGE DE FORMES\/USINAGE 3D<\/p>\n<dl>\n<dt>Ce qui peut \u00eatre usin\u00e9 sur l&#8217;acier peut \u00eatre usin\u00e9 sur tous les mat\u00e9riaux<\/dt>\n<dd>\u00c0 l&#8217;aide de machines-outils telles que des fraiseuses \u00e0 trois axes et des fraiseuses \u00e0 sp\u00e9cification lin\u00e9aire, nous r\u00e9alisons diverses op\u00e9rations d&#8217;usinage telles que l&#8217;usinage de formes ext\u00e9rieures, le per\u00e7age, l&#8217;usinage des asp\u00e9rit\u00e9s, le rainurage et le vissage sur des mat\u00e9riaux difficiles \u00e0 usiner. Nous sommes \u00e9galement capables d&#8217;usiner en 3D des surfaces courbes et des formes tridimensionnelles, ainsi que de percer des trous dans ces formes sp\u00e9ciales. En outre, nous sommes \u00e9galement sp\u00e9cialis\u00e9s dans le per\u00e7age de trous profonds sur la surface lat\u00e9rale.  <\/dd>\n<\/dl>\n<\/li>\n<li class=\"col-xs-12 col-sm-4\">\n<h4>SOLUTION MAT\u00c9RIELLE<\/h4>\n<p>                        <img decoding=\"async\" src=\"https:\/\/top-seiko.com\/img\/en_innov\/services02.png\" srcset=\"https:\/\/top-seiko.com\/img\/en_innov\/services02.png 1x, https:\/\/top-seiko.com\/img\/en_innov\/services02@2x.png 2x\" alt=\"\"><\/p>\n<p class=\"ttl\">UNE CONNAISSANCE ILLIMIT\u00c9E DES MAT\u00c9RIAUX<\/p>\n<dl>\n<dt>Faire le bon choix peut faire toute la diff\u00e9rence<\/dt>\n<dd>Top Seiko propose un service d&#8217;assistance \u00e0 la s\u00e9lection des mat\u00e9riaux en recommandant des mat\u00e9riaux sur la base de leurs propri\u00e9t\u00e9s importantes pour votre application. Comme nous ne produisons pas de mat\u00e9riaux, vous pouvez compter sur notre connaissance impartiale des mat\u00e9riaux pour choisir le mat\u00e9riau le mieux adapt\u00e9 \u00e0 votre application. Nous proposons non seulement des mat\u00e9riaux provenant de fabricants japonais, mais aussi de fabricants \u00e9trangers. Nous disposons \u00e9galement d&#8217;une grande vari\u00e9t\u00e9 de mat\u00e9riaux en stock pour une livraison rapide. Vous pouvez profiter de notre service complet d&#8217;usinage de pr\u00e9cision, y compris l&#8217;aide \u00e0 la s\u00e9lection des mat\u00e9riaux et l&#8217;approvisionnement en mat\u00e9riaux pour vos projets de d\u00e9veloppement de produits ! De plus, il existe de nombreux cas de remplacement de mat\u00e9riaux qui ont permis d&#8217;am\u00e9liorer la qualit\u00e9, de prolonger la dur\u00e9e de vie et d&#8217;augmenter la productivit\u00e9 et le rendement des produits. Laissez-nous vous aider !      <\/dd>\n<\/dl>\n<\/li>\n<li class=\"col-xs-12 col-sm-4\">\n<h4>SOUTENIR LA R&amp;D<\/h4>\n<p>                        <img decoding=\"async\" src=\"https:\/\/top-seiko.com\/img\/en_innov\/services03.png\" srcset=\"https:\/\/top-seiko.com\/img\/en_innov\/services03.png 1x, https:\/\/top-seiko.com\/img\/en_innov\/services03@2x.png 2x\" alt=\"\"><\/p>\n<p class=\"ttl\">SOUTIEN AU D\u00c9VELOPPEMENT<\/p>\n<dl>\n<dt>Transformez vos produits innovants en r\u00e9alit\u00e9 commerciale<\/dt>\n<dd>Gr\u00e2ce \u00e0 nos machines les plus r\u00e9centes, \u00e0 nos diff\u00e9rents types d&#8217;outils d&#8217;usinage en stock et \u00e0 nos ing\u00e9nieurs et op\u00e9rateurs de machines exp\u00e9riment\u00e9s, nous aidons nos clients \u00e0 lancer leurs projets de d\u00e9veloppement de produits le plus rapidement possible. Vous pouvez compter sur nous pour vos besoins en mati\u00e8re d&#8217;usinage de prototypes \u00e0 faible volume et d&#8217;usinage de production \u00e0 grand volume. Pour vos besoins d&#8217;usinage difficiles, nous r\u00e9alisons des essais d&#8217;usinage. En fonction des r\u00e9sultats de l&#8217;essai, nous d\u00e9cidons des meilleures conditions d&#8217;usinage pour r\u00e9pondre \u00e0 vos exigences les plus strictes, voire les d\u00e9passer. Nous effectuons m\u00eame des essais jusqu&#8217;\u00e0 ce que les r\u00e9sultats souhait\u00e9s soient obtenus.    <\/dd>\n<\/dl>\n<\/li>\n<\/ul><\/div>\n<\/p><\/div>\n<\/section>\n<section class=\"section04\">\n<h3 class=\"ttl\">GUIDE DES MAT\u00c9RIAUX DE TRANSFORMATION<\/h3>\n<div class=\"container\">\n<div class=\"guide row\">\n<div class=\"col-sm-6 col-xs-12\">\n<h4 class=\"tC\">Recherche par caract\u00e9ristiques<\/h4>\n<ul>\n<li class=\"tC\"><a href=\"..\/guide\/characteristic\/\">Mat\u00e9riaux et applications<i class=\"fa fa-caret-right fr\" aria-hidden=\"true\"><\/i><\/a><\/li>\n<li class=\"tC\"><a href=\"..\/guide\/heat_resisting\/\">Mat\u00e9riaux r\u00e9sistants \u00e0 la chaleur<i class=\"fa fa-caret-right fr\" aria-hidden=\"true\"><\/i><\/a><\/li>\n<li class=\"tC\"><a href=\"..\/guide\/insulation\/\">Mat\u00e9riaux d&#8217;isolation <i class=\"fa fa-caret-right fr\" aria-hidden=\"true\"><\/i><\/a><\/li>\n<\/ul><\/div>\n<div class=\"col-sm-6 col-xs-12\">\n<h4 class=\"tC\">Recherche par donn\u00e9es<\/h4>\n<ul>\n<li class=\"tC\"><a href=\"..\/guide\/graph\/\">Propri\u00e9t\u00e9s des mat\u00e9riaux et tableaux de comparaison<i class=\"fa fa-caret-right fr\" aria-hidden=\"true\"><\/i><\/a><\/li>\n<li class=\"tC\"><a href=\"..\/guide\/hardness\/\">Duret\u00e9 des mat\u00e9riaux<i class=\"fa fa-caret-right fr\" aria-hidden=\"true\"><\/i><\/a><\/li>\n<li class=\"tC\"><a href=\"..\/guide\/unit\/\">Tableau de conversion des unit\u00e9s<i class=\"fa fa-caret-right fr\" aria-hidden=\"true\"><\/i><\/a><\/li>\n<\/ul><\/div>\n<\/p><\/div>\n<p class=\"btn\"><a href=\"..\/download\/\">Documents T\u00e9l\u00e9charger<\/a><\/p>\n<\/p><\/div>\n<\/section>\n<\/article>\n","protected":false},"excerpt":{"rendered":"<p>PUISSANCE DE LA CR\u00c9ATION Nous sommes fiers de nos capacit\u00e9s techniques de premier ordre parmi les fabricants de c\u00e9ramiques et de m\u00e9taux \u00e0 point de fusion \u00e9lev\u00e9 en termes de pr\u00e9cision dimensionnelle et g\u00e9om\u00e9trique. Il n&#8217;y a pas de limite \u00e0 la pr\u00e9cision exig\u00e9e par nos clients, qui devient de plus en plus sophistiqu\u00e9e avec le temps et la technologie. Afin de r\u00e9pondre \u00e0 de telles exigences, nous poursuivons constamment un usinage de haute pr\u00e9cision stable et effectuons r\u00e9guli\u00e8rement des essais d&#8217;usinage pour renforcer davantage nos capacit\u00e9s techniques. Usinage du Diam\u00e8tre Ext\u00e9rieur\/Diam\u00e8tre Int\u00e9rieur Tournage Rectification de Pr\u00e9cision Rectification Cylindrique Usinage 3D de formes contour\u00e9es compliqu\u00e9es Soudage par Diffusion PARTAGE DE [&hellip;]<\/p>\n","protected":false},"author":1,"featured_media":0,"parent":0,"menu_order":0,"comment_status":"closed","ping_status":"closed","template":"page-test.php","meta":{"om_disable_all_campaigns":false,"_monsterinsights_skip_tracking":false,"_monsterinsights_sitenote_active":false,"_monsterinsights_sitenote_note":"","_monsterinsights_sitenote_category":0,"footnotes":""},"aioseo_notices":[],"_links":{"self":[{"href":"https:\/\/top-seiko.com\/fr\/wp-json\/wp\/v2\/pages\/11640"}],"collection":[{"href":"https:\/\/top-seiko.com\/fr\/wp-json\/wp\/v2\/pages"}],"about":[{"href":"https:\/\/top-seiko.com\/fr\/wp-json\/wp\/v2\/types\/page"}],"author":[{"embeddable":true,"href":"https:\/\/top-seiko.com\/fr\/wp-json\/wp\/v2\/users\/1"}],"replies":[{"embeddable":true,"href":"https:\/\/top-seiko.com\/fr\/wp-json\/wp\/v2\/comments?post=11640"}],"version-history":[{"count":23,"href":"https:\/\/top-seiko.com\/fr\/wp-json\/wp\/v2\/pages\/11640\/revisions"}],"predecessor-version":[{"id":12620,"href":"https:\/\/top-seiko.com\/fr\/wp-json\/wp\/v2\/pages\/11640\/revisions\/12620"}],"wp:attachment":[{"href":"https:\/\/top-seiko.com\/fr\/wp-json\/wp\/v2\/media?parent=11640"}],"curies":[{"name":"wp","href":"https:\/\/api.w.org\/{rel}","templated":true}]}}