{"id":3315,"date":"2016-09-08T21:17:29","date_gmt":"2016-09-08T12:17:29","guid":{"rendered":"http:\/\/top-seiko.co.com\/test\/?page_id=3315"},"modified":"2023-04-13T19:00:20","modified_gmt":"2023-04-13T10:00:20","slug":"heat_resisting","status":"publish","type":"page","link":"https:\/\/top-seiko.com\/fr\/guide\/heat_resisting\/","title":{"rendered":"Heat Resistant Material"},"content":{"rendered":"<br \/>\n<article class=\"m-heat_resisting\">\n<div class=\"container\">\n<section class=\"heat_resisting\">\n<h2 class=\"ttl02\"><span class=\"ja\">Mat\u00e9riaux r\u00e9sistants \u00e0 la chaleur<\/span><\/h2>\n<div class=\"detail_area_in box-shadow\">\n<div class=\"table-responsive\">\n<table class=\"table_style2\" id=\"guidehyou\" cellspacing=\"0\" cellpadding=\"0\">\n<tbody>\n<tr class=\"yellow\">\n<th colspan=\"3\"><\/th>\n<th class=\"center\">Temp\u00e9rature d&#8217;utilisation maximale atmosph\u00e8re \/ \u00b0C<\/th>\n<th class=\"center\">Temp\u00e9rature d&#8217;utilisation continue atmosph\u00e8re\/ \u00b0C<\/th>\n<\/tr>\n<tr class=\"left\">\n<td rowspan=\"32\" valign=\"top\">C\u00e9ramiques<\/td>\n<td rowspan=\"11\" valign=\"top\">C\u00e9ramiques avanc\u00e9es<\/td>\n<td>Alumine<\/td>\n<td class=\"center\">1300 ~1600<\/td>\n<td class=\"center\">&#8211;<\/td>\n<\/tr>\n<tr>\n<td>Zircone<\/td>\n<td class=\"center\">1000<\/td>\n<td class=\"center\"><span><span><span><span><span><span>&#8211;<\/span><\/span><\/span><\/span><\/span><\/span><\/td>\n<\/tr>\n<tr>\n<td>Nitrure d&#8217;aluminium<\/td>\n<td class=\"center\">1200<\/td>\n<td class=\"center\"><span><span><span><span><span><span>&#8211;<\/span><\/span><\/span><\/span><\/span><\/span><\/td>\n<\/tr>\n<tr>\n<td>Nitrure d&#8217;aluminium<\/td>\n<td class=\"center\">900<\/td>\n<td class=\"center\"><span><span><span><span><span><span>&#8211;<\/span><\/span><\/span><\/span><\/span><\/span><\/td>\n<\/tr>\n<tr>\n<td>Carbure de silicium<\/td>\n<td class=\"center\">1500<\/td>\n<td class=\"center\"><span><span><span><span><span><span>&#8211;<\/span><\/span><\/span><\/span><\/span><\/span><\/td>\n<\/tr>\n<tr>\n<td>Cordi\u00e9rite<\/td>\n<td class=\"center\"><span><span><span><span><span><span>1200<\/span><\/span><\/span><\/span><\/span><\/span><\/td>\n<td class=\"center\"><span><span><span><span><span><span>&#8211;<\/span><\/span><\/span><\/span><\/span><\/span><\/td>\n<\/tr>\n<tr>\n<td><span><span><span><span><span><span>Mullite<\/span><\/span><\/span><\/span><\/span><\/span><\/td>\n<td class=\"center\"><span><span><span><span><span><span>1200<\/span><\/span><\/span><\/span><\/span><\/span><\/td>\n<td class=\"center\"><span><span><span><span><span><span>&#8211;<\/span><\/span><\/span><\/span><\/span><\/span><\/td>\n<\/tr>\n<tr>\n<td><span><span><span><span><span><span>St\u00e9atite<\/span><\/span><\/span><\/span><\/span><\/span><\/td>\n<td class=\"center\"><span><span><span><span><span><span>1000<\/span><\/span><\/span><\/span><\/span><\/span><\/td>\n<td class=\"center\"><span><span><span><span><span><span>&#8211;<\/span><\/span><\/span><\/span><\/span><\/span><\/td>\n<\/tr>\n<tr>\n<td>Oxyde de calcium<\/td>\n<td class=\"center\">1800<\/td>\n<td class=\"center\"><span><span><span><span><span><span>&#8211;<\/span><\/span><\/span><\/span><\/span><\/span><\/td>\n<\/tr>\n<tr>\n<td>Oxyde de magn\u00e9sium<\/td>\n<td class=\"center\">1700<\/td>\n<td class=\"center\"><span><span><span><span><span><span>&#8211;<\/span><\/span><\/span><\/span><\/span><\/span><\/td>\n<\/tr>\n<tr>\n<td><span><span><span><span><span><span>Sialon<\/span><\/span><\/span><\/span><\/span><\/span><\/td>\n<td class=\"center\">1300<\/td>\n<td class=\"center\"><span><span><span><span><span><span>&#8211;<\/span><\/span><\/span><\/span><\/span><\/span><\/td>\n<\/tr>\n<tr>\n<td rowspan=\"9\" valign=\"top\">C\u00e9ramiques usinables<\/td>\n<td><span><span><span><span><span><span>Macerite HSP<\/span><\/span><\/span><\/span><\/span><\/span><\/td>\n<td class=\"center\">700<\/td>\n<td class=\"center\"><span><span><span><span><span><span>&#8211;<\/span><\/span><\/span><\/span><\/span><\/span><\/td>\n<\/tr>\n<tr>\n<td>Photoveel \u2161<\/td>\n<td class=\"center\"><span><span><span><span><span><span>1000<\/span><\/span><\/span><\/span><\/span><\/span><\/td>\n<td class=\"center\"><span><span><span><span><span><span>&#8211;<\/span><\/span><\/span><\/span><\/span><\/span><\/td>\n<\/tr>\n<tr>\n<td>Photoveel \u2161-S<\/td>\n<td class=\"center\"><span><span><span><span><span><span>1000<\/span><\/span><\/span><\/span><\/span><\/span><\/td>\n<td class=\"center\"><span><span><span><span><span><span>&#8211;<\/span><\/span><\/span><\/span><\/span><\/span><\/td>\n<\/tr>\n<tr>\n<td>M-soft<\/td>\n<td class=\"center\"><span><span><span><span><span><span>1000<\/span><\/span><\/span><\/span><\/span><\/span><\/td>\n<td class=\"center\"><span><span><span><span><span><span>&#8211;<\/span><\/span><\/span><\/span><\/span><\/span><\/td>\n<\/tr>\n<tr>\n<td><span><span><span><span><span><span>BN HC<\/span><\/span><\/span><\/span><\/span><\/span><\/td>\n<td class=\"center\">950<\/td>\n<td class=\"center\"><span><span><span><span><span><span>&#8211;<\/span><\/span><\/span><\/span><\/span><\/span><\/td>\n<\/tr>\n<tr>\n<td><span><span><span><span><span><span>BN N-1<\/span><\/span><\/span><\/span><\/span><\/span><\/td>\n<td class=\"center\"><span><span><span><span><span><span>950<\/span><\/span><\/span><\/span><\/span><\/span><\/td>\n<td class=\"center\"><span><span><span><span><span><span>&#8211;<\/span><\/span><\/span><\/span><\/span><\/span><\/td>\n<\/tr>\n<tr>\n<td>NB<\/td>\n<td class=\"center\"><span><span><span><span><span><span>950<\/span><\/span><\/span><\/span><\/span><\/span><\/td>\n<td class=\"center\"><span><span><span><span><span><span>&#8211;<\/span><\/span><\/span><\/span><\/span><\/span><\/td>\n<\/tr>\n<tr>\n<td><span><span><span><span><span><span>BA<\/span><\/span><\/span><\/span><\/span><\/span><\/td>\n<td class=\"center\"><span><span><span><span><span><span>950<\/span><\/span><\/span><\/span><\/span><\/span><\/td>\n<td class=\"center\"><span><span><span><span><span><span>&#8211;<\/span><\/span><\/span><\/span><\/span><\/span><\/td>\n<\/tr>\n<tr>\n<td>SBN<\/td>\n<td class=\"center\"><span><span><span><span><span><span>950<\/span><\/span><\/span><\/span><\/span><\/span><\/td>\n<td class=\"center\"><span><span><span><span><span><span>&#8211;<\/span><\/span><\/span><\/span><\/span><\/span><\/td>\n<\/tr>\n<tr class=\"left\">\n<td rowspan=\"7\">Verre<\/td>\n<td>Verre universel<\/td>\n<td class=\"center\">380<\/td>\n<td class=\"center\">110<\/td>\n<\/tr>\n<tr>\n<td>Verre tremp\u00e9<\/td>\n<td class=\"center\">250<\/td>\n<td class=\"center\">230<\/td>\n<\/tr>\n<tr>\n<td>Tempax,<br \/>\n                    Pyrex<\/td>\n<td class=\"center\">500<\/td>\n<td class=\"center\"><span><span><span><span><span><span>230<\/span><\/span><\/span><\/span><\/span><\/span><\/td>\n<\/tr>\n<tr>\n<td><span><span><span><span><span><span>Neoceram<\/span><\/span><\/span><\/span><\/span><\/span><\/td>\n<td class=\"center\">800<\/td>\n<td class=\"center\">750<\/td>\n<\/tr>\n<tr>\n<td>Quartz fondu<\/td>\n<td class=\"center\"><span><span><span><span><span><span>1200<\/span><\/span><\/span><\/span><\/span><\/span><\/td>\n<td class=\"center\"><span><span><span><span><span><span>900<\/span><\/span><\/span><\/span><\/span><\/span><\/td>\n<\/tr>\n<tr>\n<td><span><span><span><span><span><span>Baycol<\/span><\/span><\/span><\/span><\/span><\/span><\/td>\n<td class=\"center\"><span><span><span><span><span><span>1200<\/span><\/span><\/span><\/span><\/span><\/span><\/td>\n<td class=\"center\"><span><span><span><span><span><span>900<\/span><\/span><\/span><\/span><\/span><\/span><\/td>\n<\/tr>\n<tr>\n<td>Saphir<\/td>\n<td class=\"center\">1850<\/td>\n<td class=\"center\"><span><span><span><span><span><span>&#8211;<\/span><\/span><\/span><\/span><\/span><\/span><\/td>\n<\/tr>\n<tr>\n<td rowspan=\"3\">Brique<\/td>\n<td>Brique ordinaire<\/td>\n<td class=\"center\"><span><span><span><span><span><span>500<\/span><\/span><\/span><\/span><\/span><\/span><\/td>\n<td class=\"center\"><span><span><span><span><span><span>&#8211;<\/span><\/span><\/span><\/span><\/span><\/span><\/td>\n<\/tr>\n<tr>\n<td>Mat\u00e9riau de four \u00e0 usage g\u00e9n\u00e9ral (utilisation au plafond)<\/td>\n<td class=\"center\">1300 ~ 1500<\/td>\n<td class=\"center\"><span><span><span><span><span><span>&#8211;<\/span><\/span><\/span><\/span><\/span><\/span><\/td>\n<\/tr>\n<tr>\n<td>Mat\u00e9riau de four d&#8217;usage g\u00e9n\u00e9ral (brique d&#8217;isolation)<\/td>\n<td class=\"center\">900 ~ 1400<\/td>\n<td class=\"center\"><span><span><span><span><span><span>&#8211;<\/span><\/span><\/span><\/span><\/span><\/span><\/td>\n<\/tr>\n<tr>\n<td rowspan=\"2\">Ciment<\/td>\n<td>Ciment universel<\/td>\n<td class=\"center\">&lt; 500<\/td>\n<td class=\"center\"><span><span><span><span><span><span>&#8211;<\/span><\/span><\/span><\/span><\/span><\/span><\/td>\n<\/tr>\n<tr>\n<td>Ciment ignifuge<\/td>\n<td class=\"center\">1100<\/td>\n<td class=\"center\"><span><span><span><span><span><span>&#8211;<\/span><\/span><\/span><\/span><\/span><\/span><\/td>\n<\/tr>\n<\/tbody>\n<\/table><\/div>\n<div class=\"table-responsive\">\n<table class=\"table_style2\" id=\"guidehyou\" cellspacing=\"0\" cellpadding=\"0\">\n<tbody>\n<tr class=\"yellow\">\n<th colspan=\"3\"><\/th>\n<th class=\"center\">Temp\u00e9rature maximale d&#8217;utilisation gaz non volatile\/ \u00b0C<\/th>\n<th class=\"center\">Temp\u00e9rature d&#8217;utilisation continue des gaz non volatils\/ \u00b0C<\/th>\n<th class=\"center\">Temp\u00e9rature de fusion \u00b0C<\/th>\n<th class=\"center\">Temp\u00e9rature de recristallisation \u00b0C<\/th>\n<\/tr>\n<tr>\n<td rowspan=\"12\" valign=\"top\">M\u00e9taux<\/td>\n<td rowspan=\"4\" valign=\"top\">M\u00e9taux \u00e0 point de fusion \u00e9lev\u00e9<\/td>\n<td>Tungst\u00e8ne<\/td>\n<td class=\"center\"><span><span><span><span><span><span>&#8211;<\/span><\/span><\/span><\/span><\/span><\/span><\/td>\n<td class=\"center\"><span><span><span><span><span><span>&#8211;<\/span><\/span><\/span><\/span><\/span><\/span><\/td>\n<td class=\"center\">3387<\/td>\n<td class=\"center\">1100 ~ 1300<\/td>\n<\/tr>\n<tr>\n<td>Molybd\u00e8ne<\/td>\n<td class=\"center\"><span><span><span><span><span><span>&#8211;<\/span><\/span><\/span><\/span><\/span><\/span><\/td>\n<td class=\"center\"><span><span><span><span><span><span>&#8211;<\/span><\/span><\/span><\/span><\/span><\/span><\/td>\n<td class=\"center\">2623<\/td>\n<td class=\"center\">800 ~ 1200<\/td>\n<\/tr>\n<tr>\n<td>Tantale<\/td>\n<td class=\"center\"><span><span><span><span><span><span>&#8211;<\/span><\/span><\/span><\/span><\/span><\/span><\/td>\n<td class=\"center\"><span><span><span><span><span><span>&#8211;<\/span><\/span><\/span><\/span><\/span><\/span><\/td>\n<td class=\"center\">2990<\/td>\n<td class=\"center\">900 ~ 1450<\/td>\n<\/tr>\n<tr>\n<td>Niobium<\/td>\n<td class=\"center\"><span><span><span><span><span><span>&#8211;<\/span><\/span><\/span><\/span><\/span><\/span><\/td>\n<td class=\"center\"><span><span><span><span><span><span>&#8211;<\/span><\/span><\/span><\/span><\/span><\/span><\/td>\n<td class=\"center\">2415<\/td>\n<td class=\"center\">850 ~ 1300<\/td>\n<\/tr>\n<tr>\n<td rowspan=\"3\" valign=\"top\">M\u00e9tal r\u00e9sistant \u00e0 la chaleur<\/td>\n<td><span><span><span><span><span><span>SUS310S<\/span><\/span><\/span><\/span><\/span><\/span><\/td>\n<td class=\"center\">1150<\/td>\n<td class=\"center\"><span><span><span><span><span><span>900<\/span><\/span><\/span><\/span><\/span><\/span><\/td>\n<td class=\"center\"><span><span><span><span><span><span>&#8211;<\/span><\/span><\/span><\/span><\/span><\/span><\/td>\n<td class=\"center\"><span><span><span><span><span><span>&#8211;<\/span><\/span><\/span><\/span><\/span><\/span><\/td>\n<\/tr>\n<tr>\n<td>SUH445<\/td>\n<td class=\"center\"><span><span><span><span><span><span>1200<\/span><\/span><\/span><\/span><\/span><\/span><\/td>\n<td class=\"center\"><span><span><span><span><span><span>1000<\/span><\/span><\/span><\/span><\/span><\/span><\/td>\n<td class=\"center\"><span><span><span><span><span><span>&#8211;<\/span><\/span><\/span><\/span><\/span><\/span><\/td>\n<td class=\"center\"><span><span><span><span><span><span>&#8211;<\/span><\/span><\/span><\/span><\/span><\/span><\/td>\n<\/tr>\n<tr>\n<td><span><span><span><span><span><span>Inconel600<\/span><\/span><\/span><\/span><\/span><\/span><\/td>\n<td class=\"center\">1050<\/td>\n<td class=\"center\"><span><span><span><span><span><span>1050<\/span><\/span><\/span><\/span><\/span><\/span><\/td>\n<td class=\"center\"><span><span><span><span><span><span>&#8211;<\/span><\/span><\/span><\/span><\/span><\/span><\/td>\n<td class=\"center\"><span><span><span><span><span><span>&#8211;<\/span><\/span><\/span><\/span><\/span><\/span><\/td>\n<\/tr>\n<tr>\n<td rowspan=\"5\" valign=\"top\">M\u00e9taux communs<\/td>\n<td><span><span><span><span><span><span>SUS316<\/span><\/span><\/span><\/span><\/span><\/span><\/td>\n<td class=\"center\"><span><span><span><span><span><span>1000<\/span><\/span><\/span><\/span><\/span><\/span><\/td>\n<td class=\"center\"><span><span><span><span><span><span>700<\/span><\/span><\/span><\/span><\/span><\/span><\/td>\n<td class=\"center\"><span><span><span><span><span><span>&#8211;<\/span><\/span><\/span><\/span><\/span><\/span><\/td>\n<td class=\"center\"><span><span><span><span><span><span>&#8211;<\/span><\/span><\/span><\/span><\/span><\/span><\/td>\n<\/tr>\n<tr>\n<td><span><span><span><span><span><span>SUS304<\/span><\/span><\/span><\/span><\/span><\/span><\/td>\n<td class=\"center\"><span><span><span><span><span><span>1000<\/span><\/span><\/span><\/span><\/span><\/span><\/td>\n<td class=\"center\"><span><span><span><span><span><span>700<\/span><\/span><\/span><\/span><\/span><\/span><\/td>\n<td class=\"center\"><span><span><span><span><span><span>&#8211;<\/span><\/span><\/span><\/span><\/span><\/span><\/td>\n<td class=\"center\"><span><span><span><span><span><span>&#8211;<\/span><\/span><\/span><\/span><\/span><\/span><\/td>\n<\/tr>\n<tr>\n<td>Fer<\/td>\n<td class=\"center\">550<\/td>\n<td class=\"center\"><span><span><span><span><span><span>&#8211;<\/span><\/span><\/span><\/span><\/span><\/span><\/td>\n<td class=\"center\"><span><span><span><span><span><span>&#8211;<\/span><\/span><\/span><\/span><\/span><\/span><\/td>\n<td class=\"center\"><span><span><span><span><span><span>&#8211;<\/span><\/span><\/span><\/span><\/span><\/span><\/td>\n<\/tr>\n<tr>\n<td>Aluminium<\/td>\n<td class=\"center\">400<\/td>\n<td class=\"center\"><span><span><span><span><span><span>&#8211;<\/span><\/span><\/span><\/span><\/span><\/span><\/td>\n<td class=\"center\"><span><span><span><span><span><span>&#8211;<\/span><\/span><\/span><\/span><\/span><\/span><\/td>\n<td class=\"center\"><span><span><span><span><span><span>&#8211;<\/span><\/span><\/span><\/span><\/span><\/span><\/td>\n<\/tr>\n<tr>\n<td>Cuivre<\/td>\n<td class=\"center\"><span><span><span><span><span><span>400<\/span><\/span><\/span><\/span><\/span><\/span><\/td>\n<td class=\"center\"><span><span><span><span><span><span>&#8211;<\/span><\/span><\/span><\/span><\/span><\/span><\/td>\n<td class=\"center\"><span><span><span><span><span><span>&#8211;<\/span><\/span><\/span><\/span><\/span><\/span><\/td>\n<td class=\"center\"><span><span><span><span><span><span>&#8211;<\/span><\/span><\/span><\/span><\/span><\/span><\/td>\n<\/tr>\n<\/tbody>\n<\/table><\/div>\n<div class=\"table-responsive\">\n<table class=\"table_style2\" id=\"guidehyou\" cellspacing=\"0\" cellpadding=\"0\">\n<tbody>\n<tr class=\"yellow\">\n<th colspan=\"3\"><\/th>\n<th class=\"center\"><span><span><span><span><span><span>Temp\u00e9rature d&#8217;utilisation maximale.<\/span><\/span><\/span><\/span><\/span><\/span><br \/>\n                    <span><span><span><span><span><span>  atmosph\u00e8re \/ \u00b0C<\/span><\/span><\/span><\/span><\/span><\/span><\/th>\n<th class=\"center\"><span><span><span><span><span><span>Temp\u00e9rature d&#8217;utilisation continue <\/span><\/span><\/span><\/span><\/span><\/span><br \/>\n                    <span><span><span><span><span><span>  atmosph\u00e8re \/ \u00b0C<\/span><\/span><\/span><\/span><\/span><\/span><\/th>\n<\/tr>\n<tr>\n<td rowspan=\"16\" valign=\"top\">Plastiques<\/td>\n<td rowspan=\"10\" valign=\"top\">Plastiques techniques<\/td>\n<td>Polyimide (PI)<\/td>\n<td class=\"center\"><span><span><span><span><span><span>&#8211;<\/span><\/span><\/span><\/span><\/span><\/span><\/td>\n<td class=\"center\">300<\/td>\n<\/tr>\n<tr>\n<td>Polybenzimidazole (PBI)<\/td>\n<td class=\"center\"><span><span><span><span><span><span>&#8211;<\/span><\/span><\/span><\/span><\/span><\/span><\/td>\n<td class=\"center\">310<\/td>\n<\/tr>\n<tr>\n<td><span><span><span><span><span><span>Polyamide-imide (PAI)<\/span><\/span><\/span><\/span><\/span><\/span><\/td>\n<td class=\"center\"><span><span><span><span><span><span>&#8211;<\/span><\/span><\/span><\/span><\/span><\/span><\/td>\n<td class=\"center\"><span><span><span><span><span><span>250<\/span><\/span><\/span><\/span><\/span><\/span><\/td>\n<\/tr>\n<tr>\n<td>Poly\u00e9therimide (PEI)<\/td>\n<td class=\"center\"><span><span><span><span><span><span>&#8211;<\/span><\/span><\/span><\/span><\/span><\/span><\/td>\n<td class=\"center\">170<\/td>\n<\/tr>\n<tr>\n<td><span><span><span><span><span><span>Polyoxym\u00e9thyl\u00e8ne (POM)<\/span><\/span><\/span><\/span><\/span><\/span><\/td>\n<td class=\"center\"><span><span><span><span><span><span>&#8211;<\/span><\/span><\/span><\/span><\/span><\/span><\/td>\n<td class=\"center\">80<\/td>\n<\/tr>\n<tr>\n<td>Sulfure de polyph\u00e9nyl\u00e8ne (PPS)<\/td>\n<td class=\"center\"><span><span><span><span><span><span>&#8211;<\/span><\/span><\/span><\/span><\/span><\/span><\/td>\n<td class=\"center\">220<\/td>\n<\/tr>\n<tr>\n<td>Poly\u00e9ther Ether C\u00e9tone (PEEK)<\/td>\n<td class=\"center\"><span><span><span><span><span><span>&#8211;<\/span><\/span><\/span><\/span><\/span><\/span><\/td>\n<td class=\"center\"><span><span><span><span><span><span>250<\/span><\/span><\/span><\/span><\/span><\/span><\/td>\n<\/tr>\n<tr>\n<td>Polyt\u00e9trafluoro\u00e9thyl\u00e8ne (PTFE)<\/td>\n<td class=\"center\"><span><span><span><span><span><span>&#8211;<\/span><\/span><\/span><\/span><\/span><\/span><\/td>\n<td class=\"center\">260<\/td>\n<\/tr>\n<tr>\n<td><span><span><span><span><span><span>Polymide 6 (PA6)<\/span><\/span><\/span><\/span><\/span><\/span><\/td>\n<td class=\"center\"><span><span><span><span><span><span>&#8211;<\/span><\/span><\/span><\/span><\/span><\/span><\/td>\n<td class=\"center\">110 ~ 120<\/td>\n<\/tr>\n<tr>\n<td>Poly\u00e9thyl\u00e8ne de masse molaire tr\u00e8s \u00e9lev\u00e9e (UHMPE)<\/td>\n<td class=\"center\"><span><span><span><span><span><span>&#8211;<\/span><\/span><\/span><\/span><\/span><\/span><\/td>\n<td class=\"center\"><span><span><span><span><span><span>80<\/span><\/span><\/span><\/span><\/span><\/span><\/td>\n<\/tr>\n<tr>\n<td rowspan=\"6\" valign=\"top\">Plastiques courants<\/td>\n<td><span><span><span><span><span><span>Polyethylene (PE)<\/span><\/span><\/span><\/span><\/span><\/span><\/td>\n<td class=\"center\"><span><span><span><span><span><span>&#8211;<\/span><\/span><\/span><\/span><\/span><\/span><\/td>\n<td class=\"center\">80 ~ 90<\/td>\n<\/tr>\n<tr>\n<td>Polypropyl\u00e8ne (PP)<\/td>\n<td class=\"center\"><span><span><span><span><span><span>&#8211;<\/span><\/span><\/span><\/span><\/span><\/span><\/td>\n<td class=\"center\">100 ~ 140<\/td>\n<\/tr>\n<tr>\n<td>R\u00e9sine de chlorure de vinyle (VC)<\/td>\n<td class=\"center\"><span><span><span><span><span><span>&#8211;<\/span><\/span><\/span><\/span><\/span><\/span><\/td>\n<td class=\"center\">60 ~ 80<\/td>\n<\/tr>\n<tr>\n<td>Polystyr\u00e8ne (PS)<\/td>\n<td class=\"center\"><span><span><span><span><span><span>&#8211;<\/span><\/span><\/span><\/span><\/span><\/span><\/td>\n<td class=\"center\"><span><span><span><span><span><span>80 ~ 90<\/span><\/span><\/span><\/span><\/span><\/span><\/td>\n<\/tr>\n<tr>\n<td>Polyt\u00e9r\u00e9phtalate d&#8217;\u00e9thyl\u00e8ne (PET)<\/td>\n<td class=\"center\"><span><span><span><span><span><span>&#8211;<\/span><\/span><\/span><\/span><\/span><\/span><\/td>\n<td class=\"center\">85 ~ 100<\/td>\n<\/tr>\n<tr>\n<td>Acrylonitrile butadi\u00e8ne styr\u00e8ne (ABS)<\/td>\n<td class=\"center\"><span><span><span><span><span><span>&#8211;<\/span><\/span><\/span><\/span><\/span><\/span><\/td>\n<td class=\"center\">70 ~ 100<\/td>\n<\/tr>\n<\/tbody>\n<\/table><\/div>\n<p>*Les donn\u00e9es pr\u00e9sent\u00e9es pour les mat\u00e9riaux manipul\u00e9s ne sont donn\u00e9es qu&#8217;\u00e0 titre indicatif.<\/p>\n<p>              <!-- \/.detail_area_in --><\/div>\n<\/section>\n<p>          <!-- container --><\/div>\n<\/article>\n","protected":false},"excerpt":{"rendered":"<p>Mat\u00e9riaux r\u00e9sistants \u00e0 la chaleur Temp\u00e9rature d&#8217;utilisation maximale atmosph\u00e8re \/ \u00b0C Temp\u00e9rature d&#8217;utilisation continue atmosph\u00e8re\/ \u00b0C C\u00e9ramiques C\u00e9ramiques avanc\u00e9es Alumine 1300 ~1600 &#8211; Zircone 1000 &#8211; Nitrure d&#8217;aluminium 1200 &#8211; Nitrure d&#8217;aluminium 900 &#8211; Carbure de silicium 1500 &#8211; Cordi\u00e9rite 1200 &#8211; Mullite 1200 &#8211; St\u00e9atite 1000 &#8211; Oxyde de calcium 1800 &#8211; Oxyde de magn\u00e9sium 1700 &#8211; Sialon 1300 &#8211; C\u00e9ramiques usinables Macerite HSP 700 &#8211; Photoveel \u2161 1000 &#8211; Photoveel \u2161-S 1000 &#8211; M-soft 1000 &#8211; BN HC 950 &#8211; BN N-1 950 &#8211; NB 950 &#8211; BA 950 &#8211; SBN 950 &#8211; Verre Verre universel 380 110 Verre tremp\u00e9 250 230 Tempax, Pyrex 500 230 Neoceram 800 [&hellip;]<\/p>\n","protected":false},"author":1,"featured_media":0,"parent":9032,"menu_order":0,"comment_status":"closed","ping_status":"closed","template":"page-guide.php","meta":{"om_disable_all_campaigns":false,"_monsterinsights_skip_tracking":false,"_monsterinsights_sitenote_active":false,"_monsterinsights_sitenote_note":"","_monsterinsights_sitenote_category":0,"footnotes":""},"aioseo_notices":[],"_links":{"self":[{"href":"https:\/\/top-seiko.com\/fr\/wp-json\/wp\/v2\/pages\/3315"}],"collection":[{"href":"https:\/\/top-seiko.com\/fr\/wp-json\/wp\/v2\/pages"}],"about":[{"href":"https:\/\/top-seiko.com\/fr\/wp-json\/wp\/v2\/types\/page"}],"author":[{"embeddable":true,"href":"https:\/\/top-seiko.com\/fr\/wp-json\/wp\/v2\/users\/1"}],"replies":[{"embeddable":true,"href":"https:\/\/top-seiko.com\/fr\/wp-json\/wp\/v2\/comments?post=3315"}],"version-history":[{"count":10,"href":"https:\/\/top-seiko.com\/fr\/wp-json\/wp\/v2\/pages\/3315\/revisions"}],"predecessor-version":[{"id":9067,"href":"https:\/\/top-seiko.com\/fr\/wp-json\/wp\/v2\/pages\/3315\/revisions\/9067"}],"up":[{"embeddable":true,"href":"https:\/\/top-seiko.com\/fr\/wp-json\/wp\/v2\/pages\/9032"}],"wp:attachment":[{"href":"https:\/\/top-seiko.com\/fr\/wp-json\/wp\/v2\/media?parent=3315"}],"curies":[{"name":"wp","href":"https:\/\/api.w.org\/{rel}","templated":true}]}}