{"id":7950,"date":"2016-09-08T14:18:18","date_gmt":"2016-09-08T05:18:18","guid":{"rendered":"https:\/\/top-seiko.com\/service-daide-a-la-selection-des-materiaux\/"},"modified":"2023-01-06T19:37:05","modified_gmt":"2023-01-06T10:37:05","slug":"propose","status":"publish","type":"page","link":"https:\/\/top-seiko.com\/fr\/propose\/","title":{"rendered":"Service d&#8217;aide \u00e0 la s\u00e9lection des mat\u00e9riaux"},"content":{"rendered":"<article class=\"m-propose\">\n  <!-- \u52a0\u5de5\u6280\u8853\u7d39\u4ecb --><\/p>\n<section class=\"propose mb0\">\n<div class=\"container\">\n<h2 class=\"ttl01\">\n        <span class=\"ja\">Service d&#8217;aide \u00e0 la s\u00e9lection des mat\u00e9riaux<\/span><br \/>\n      <\/h2>\n<div class=\"contents_top box-under-shadow row\">\n<div class=\"contents_top_text col-sm-7\">\n<h4>\n            En tant que fournisseur de solutions pour les mat\u00e9riaux ultra-durs,<br \/>\n          <\/h4>\n<p>\n            Top Seiko propose un service d&#8217;aide \u00e0 la s\u00e9lection des mat\u00e9riaux en<br \/>\n            recommandant des mat\u00e9riaux sur la base de leurs propri\u00e9t\u00e9s<br \/>\n            importantes pour votre application. Comme nous ne produisons pas de<br \/>\n            mat\u00e9riaux, vous pouvez compter sur notre connaissance impartiale des<br \/>\n            mat\u00e9riaux pour choisir le mat\u00e9riau le mieux adapt\u00e9 \u00e0 votre<br \/>\n            application. <br \/>\n            Nous proposons non seulement des mat\u00e9riaux provenant de fabricants<br \/>\n            japonais, mais aussi de fabricants \u00e9trangers. Nous avons \u00e9galement<br \/>\n            une grande vari\u00e9t\u00e9 de mat\u00e9riaux en stock pour une livraison rapide.<br \/>\n            <br \/>\n            Vous pouvez profiter de notre service complet d&#8217;usinage de<br \/>\n            pr\u00e9cision, y compris l&#8217;aide \u00e0 la s\u00e9lection des mat\u00e9riaux et<br \/>\n            l&#8217;approvisionnement en mat\u00e9riaux pour vos projets de d\u00e9veloppement<br \/>\n            de produits ! <br \/>\n            De plus, il existe de nombreux cas r\u00e9ussis de remplacement de<br \/>\n            mat\u00e9riaux qui ont permis d&#8217;am\u00e9liorer la qualit\u00e9, de prolonger la<br \/>\n            dur\u00e9e de vie et d&#8217;augmenter la productivit\u00e9\/le rendement des<br \/>\n            produits. Laissez-nous vous aider !\n          <\/p>\n<\/p><\/div>\n<div class=\"propose_img col-sm-5 tC\">\n          <img decoding=\"async\" src=\"\/img\/propose\/propose_img01.jpg\" alt=\"\" \/>\n        <\/div>\n<\/p><\/div>\n<div class=\"consultation\">\n<h3 class=\"ttl02\">\n          <span class=\"ja\"\n            >FAQ sur les mat\u00e9riaux concernant la performance thermique des<br \/>\n            mat\u00e9riaux<\/span\n          ><br \/>\n        <\/h3>\n<div class=\"table_area box-shadow table-responsive\">\n<table>\n<tr>\n<th>Propri\u00e9t\u00e9 requise<\/th>\n<th class=\"tbl_orange\">Applications et probl\u00e8mes<\/th>\n<th>Mat\u00e9riaux couramment utilis\u00e9s<\/th>\n<th>Mat\u00e9riaux recommand\u00e9s<\/th>\n<\/tr>\n<tr>\n<td>R\u00e9sistance aux hautes temp\u00e9ratures<\/td>\n<td>\n                \u30fbLa pi\u00e8ce utilis\u00e9e dans un environnement \u00e0 haute temp\u00e9rature<br \/>\n                n\u00e9cessite un remplacement fr\u00e9quent en raison de sa courte dur\u00e9e<br \/>\n                de vie, ce qui entra\u00eene des co\u00fbts \u00e9lev\u00e9s et des temps<br \/>\n                d&#8217;arr\u00eat.<br \/>\n                \u30fbLa pi\u00e8ce utilis\u00e9e \u00e0 haute temp\u00e9rature se d\u00e9forme et se d\u00e9forme<br \/>\n                en cours d&#8217;utilisation, et ces d\u00e9formations thermiques<br \/>\n                entra\u00eenent des diminutions de la pr\u00e9cision dimensionnelle des<br \/>\n                produits finaux qu&#8217;elle fabrique.\n              <\/td>\n<td>\n                Mat\u00e9riaux r\u00e9sistants \u00e0 la chaleur <br \/>\n                R\u00e9sine\/Plastique<br \/>\n                Aluminum Alloy Steel <br \/>\n                Acier inoxydable\n              <\/td>\n<td>\n                Verre de silice fondue <br \/>\n                Verre borosilicate <br \/>\n                Alumina <br \/>\n                Zircone <br \/>\n                Nitrure de silicium <br \/>\n                Molybd\u00e8ne \/ Molybd\u00e8ne Alloy <br \/>\n                Tungst\u00e8ne \/ Tungst\u00e8ne Alloy\n              <\/td>\n<\/tr>\n<tr>\n<td>Faible dilatation thermique<\/td>\n<td>\n                \u30fbEn raison de sa faible stabilit\u00e9 dimensionnelle, la pi\u00e8ce se<br \/>\n                dilate \u00e0 haute temp\u00e9rature, ce qui entra\u00eene des probl\u00e8mes de<br \/>\n                pr\u00e9cision dimensionnelle et de r\u00e9p\u00e9tabilit\u00e9 des produits finaux<br \/>\n                qu&#8217;elle fabrique.<br \/>\n                \u30fbUn mat\u00e9riau \u00e0 faible dilatation thermique est n\u00e9cessaire pour<br \/>\n                fabriquer une pi\u00e8ce qui peut maintenir ses performances et sa<br \/>\n                stabilit\u00e9 dimensionnelle sans \u00eatre affect\u00e9e par des changements<br \/>\n                constants de temp\u00e9rature.\n              <\/td>\n<td>\n                Aluminum Alloy Steel <br \/>\n                Acier inoxydable\n              <\/td>\n<td>\n                Alumina <br \/>\n                Nitrure d&#8217;aluminium<br \/>\n                SiC based MMC<br \/>\n                Molybd\u00e8ne<br \/>\n                Tungst\u00e8ne\n              <\/td>\n<\/tr>\n<tr>\n<td rowspan=\"2\">Conductivit\u00e9 thermique \u00e9lev\u00e9e<\/td>\n<td>\n                \u30fbUn mat\u00e9riau \u00e0 haute conductivit\u00e9 thermique est n\u00e9cessaire pour<br \/>\n                les applications \u00e0 haute temp\u00e9rature et \u00e0 \u00e9vacuation rapide de<br \/>\n                la chaleur.<br \/>\n                \u30fbEn raison de sa faible conductivit\u00e9 thermique \u00e0 haute<br \/>\n                temp\u00e9rature, les pi\u00e8ces critiques pour le collage par<br \/>\n                thermo-compression ne peuvent pas conduire suffisamment de<br \/>\n                chaleur, ce qui entra\u00eene une faible productivit\u00e9.\n              <\/td>\n<td>\n                Acier inoxydable <br \/>\n                Heat-Resistant<br \/>\n                Alloys<br \/>\n                C\u00e9ramiques\n              <\/td>\n<td>\n                Molybd\u00e8ne <br \/>\n                Tungst\u00e8ne <br \/>\n                Nitrure d&#8217;aluminium <br \/>\n                Carbure de silicium <br \/>\n                SiC based MMC\n              <\/td>\n<\/tr>\n<tr>\n<td class=\"fcb\">\n                \u30fbIl est tr\u00e8s difficile de trouver un mat\u00e9riau qui r\u00e9ponde \u00e0<br \/>\n                toutes les exigences : r\u00e9sistance aux hautes temp\u00e9ratures, bonne<br \/>\n                conductivit\u00e9 thermique et excellente propri\u00e9t\u00e9 d&#8217;isolation<br \/>\n                \u00e9lectrique.\n              <\/td>\n<td><\/td>\n<td>Nitrure d&#8217;aluminium<\/td>\n<\/tr>\n<tr>\n<td>R\u00e9sistance \u00e9lev\u00e9e aux chocs thermiques<\/td>\n<td>\n                \u30fbL&#8217;utilisation de mat\u00e9riaux peu r\u00e9sistants aux chocs thermiques<br \/>\n                emp\u00eache les fabricants d&#8217;am\u00e9liorer leur productivit\u00e9 qui peut<br \/>\n                \u00eatre obtenue par un chauffage et un refroidissement rapides. Par<br \/>\n                exemple, si le mat\u00e9riau du moule n&#8217;est pas assez r\u00e9sistant aux<br \/>\n                chocs thermiques, les changements rapides de temp\u00e9rature<br \/>\n                provoqueront des d\u00e9formations et des fissures dans les moules.\n              <\/td>\n<td>\n                Aluminum Alloy <br \/>\n                Acier <br \/>\n                Acier inoxydable <br \/>\n                C\u00e9ramiques\n              <\/td>\n<td>\n                Nitrure de silicium <br \/>\n                Nitrure d&#8217;aluminium <br \/>\n                Alumina <br \/>\n                Molybd\u00e8ne <br \/>\n                Tungst\u00e8ne\n              <\/td>\n<\/tr>\n<tr>\n<td>Faible conductivit\u00e9 thermique<\/td>\n<td>\n                \u30fbLa pi\u00e8ce fonctionnant \u00e0 des temp\u00e9ratures \u00e9lev\u00e9es perd de la<br \/>\n                chaleur trop rapidement en raison de sa conductivit\u00e9 thermique.<br \/>\n                Cette perte de chaleur par conduction provoque des variations<br \/>\n                dans la qualit\u00e9 des produits. <br \/>\n                Un mat\u00e9riau qui peut \u00e0 la fois conserver la chaleur plus<br \/>\n                longtemps et r\u00e9sister aux hautes temp\u00e9ratures est n\u00e9cessaire<br \/>\n                pour remplacer le mat\u00e9riau actuel afin de stabiliser la qualit\u00e9.\n              <\/td>\n<td>C\u00e9ramiques<\/td>\n<td>\n                Zircone <br \/>\n                C\u00e9ramiques usinables <br \/>\n                Verre de silice fondue <br \/>\n                Verre borosilicate\n              <\/td>\n<\/tr>\n<tr>\n<td rowspan=\"2\">\n                Duret\u00e9 \u00e9lev\u00e9e<br \/>R\u00e9sistance \u00e0 l&#8217;usure<br \/>R\u00e9sistance aux<br \/>\n                rayures\n              <\/td>\n<td>\n                \u30fbL&#8217;usure rapide fait perdre \u00e0 une pi\u00e8ce sa pr\u00e9cision<br \/>\n                dimensionnelle, ce qui entra\u00eene un remplacement fr\u00e9quent de la<br \/>\n                pi\u00e8ce.<br \/>\n                \u30fbUne haute r\u00e9sistance aux rayures est requise.\n              <\/td>\n<td>\n                Acier tremp\u00e9<br \/>\n                M\u00e9tal conventionnel (non r\u00e9fractaire)\n              <\/td>\n<td>\n                Alumine<br \/>\n                Zircone<br \/>\n                Carbure de silicium<br \/>\n                Nitrure de silicium<br \/>\n                Tungst\u00e8ne Carbide\n              <\/td>\n<\/tr>\n<tr>\n<td class=\"fcb\">\n                \u30fbLe composant optique ne peut pas rester transparent en raison<br \/>\n                de la surface endommag\u00e9e par les rayures et l&#8217;abrasion pendant<br \/>\n                l&#8217;utilisation. Un mat\u00e9riau optique extr\u00eamement dur est<br \/>\n                n\u00e9cessaire pour produire des composants optiques \u00e0 haute<br \/>\n                r\u00e9sistance aux rayures.\n              <\/td>\n<td>\n                Acrylic <br \/>\n                Verre\n              <\/td>\n<td>\n                Verre de silice fondue <br \/>\n                Saphir\n              <\/td>\n<\/tr>\n<tr>\n<td>\n                Haute r\u00e9sistance \u00e0 la rupture <br \/>T\u00e9nacit\u00e9 \u00e0 la rupture<br \/>\n                <br \/>R\u00e9sistance \u00e0 l&#8217;\u00e9caillage, \u00e0 la fissuration et \u00e0 la cassure\n              <\/td>\n<td>\n                \u30fbL&#8217;alumine est un mat\u00e9riau populaire pour les pi\u00e8ces usin\u00e9es de<br \/>\n                pr\u00e9cision. Cependant, elle est fragile et susceptible de se<br \/>\n                briser, de s&#8217;\u00e9br\u00e9cher ou de se fissurer sous l&#8217;effet d&#8217;un<br \/>\n                impact. <br \/>\n                Un mat\u00e9riau pr\u00e9sentant une plus grande t\u00e9nacit\u00e9 \u00e0 la rupture<br \/>\n                doit \u00eatre envisag\u00e9 comme mat\u00e9riau alternatif.\n              <\/td>\n<td>Alumine<\/td>\n<td>Zircone<br \/>Nitrure de silicium<\/td>\n<\/tr>\n<tr>\n<td>Propri\u00e9t\u00e9s d&#8217;isolation \u00e9lectrique \u00e0 haute temp\u00e9rature<\/td>\n<td>\u30fbUne haute r\u00e9sistance aux rayures est requise.<\/td>\n<td>&#8220;Heat-Resistant Resin\/Plastic &#8220;<\/td>\n<td>\n                Alumine<br \/>\n                C\u00e9ramiques usinables\n              <\/td>\n<\/tr>\n<tr>\n<td>Conductivit\u00e9 \u00e9lectrique \u00e9lev\u00e9e \u00e0 haute temp\u00e9rature<\/td>\n<td>\n                \u30fbLe composant optique ne peut pas rester transparent en raison<br \/>\n                de la surface endommag\u00e9e par les rayures et l&#8217;abrasion pendant<br \/>\n                l&#8217;utilisation. Un mat\u00e9riau optique extr\u00eamement dur est<br \/>\n                n\u00e9cessaire pour produire des composants optiques \u00e0 haute<br \/>\n                r\u00e9sistance aux rayures.\n              <\/td>\n<td>\n                Cuivre<br \/>\n                Autres m\u00e9taux conventionnels (non r\u00e9fractaires)\n              <\/td>\n<td>Molybd\u00e8ne<br \/>Tungst\u00e8ne<\/td>\n<\/tr>\n<tr>\n<td>Densit\u00e9 \u00e9lev\u00e9e<\/td>\n<td>\n                \u30fbL&#8217;alumine est un mat\u00e9riau populaire pour les pi\u00e8ces usin\u00e9es de<br \/>\n                pr\u00e9cision. Cependant, elle est fragile et susceptible de se<br \/>\n                briser, de s&#8217;\u00e9br\u00e9cher ou de se fissurer sous l&#8217;effet d&#8217;un<br \/>\n                impact.\n              <\/td>\n<td>M\u00e9tal conventionnel (non r\u00e9fractaire)<\/td>\n<td>Tungst\u00e8ne<br \/>Tungst\u00e8ne Alloy<\/td>\n<\/tr>\n<tr>\n<td>\n                R\u00e9sistance \u00e0 la corrosion<br \/>\n                R\u00e9sistance \u00e0 l&#8217;oxydation<br \/>\n                R\u00e9sistance aux alcalis\n              <\/td>\n<td>\n                Un mat\u00e9riau pr\u00e9sentant une plus grande t\u00e9nacit\u00e9 \u00e0 la rupture<br \/>\n                doit \u00eatre envisag\u00e9 comme mat\u00e9riau alternatif.\n              <\/td>\n<td>M\u00e9tal conventionnel (non r\u00e9fractaire)<\/td>\n<td>\n                Verre de silice fondue<br \/>\n                <br \/>Alumina<br \/>Zircone<br \/>(Zirconium Oxide)\n              <\/td>\n<\/tr>\n<tr>\n<td>Co\u00fbt<\/td>\n<td>\n                \u30fbUne r\u00e9duction des co\u00fbts des pi\u00e8ces en c\u00e9ramique avec des<br \/>\n                caract\u00e9ristiques fines et des formes complexes est<br \/>\n                n\u00e9cessaire.<br \/>\n                \u30fbLes pi\u00e8ces de haute pr\u00e9cision et complexes en c\u00e9ramique<br \/>\n                d&#8217;ing\u00e9nierie sont trop ch\u00e8res pour r\u00e9pondre aux exigences de<br \/>\n                co\u00fbt.\n              <\/td>\n<td>\n                Alumine<br \/>\n                Nitrure d&#8217;aluminium<br \/>\n                Nitrure de silicium<br \/>\n                Carbure de silicium\n              <\/td>\n<td>C\u00e9ramiques usinables<\/td>\n<\/tr>\n<\/table><\/div>\n<div class=\"btn_area row\">\n<div class=\"success_btn btn_grad_blue col-sm-12 col-xs-12\">\n            <a href=\"successful\/\"\n              >&#8220;Exemples de remplacement de mat\u00e9riaux &#8220;<i\n                class=\"fa fa-caret-right\"\n                aria-hidden=\"true\"\n              ><\/i\n            ><\/a>\n          <\/div>\n<\/p><\/div>\n<\/p><\/div>\n<p>      <!-- \n\n<div class=\"sample\">\n\t\t\t\t\n\n<h3 class=\"ttl03\">\u25cf \u30b5\u30f3\u30d7\u30eb\u4f8b<\/h3>\n\n\n\t\t\t\t\n\n<ul class=\"five_col_list clearfix\">\n\t\t\t\t\t\n\n<li class=\"\">\n\t\t\t\t\t\t<a href=\"..\/img\/propose\/pro_sample01.jpg\" data-lightbox=\"propose\"><img decoding=\"async\" src=\"..\/img\/propose\/pro_sample01.jpg\" alt=\"\"><\/a>\n\t\t\t\t\t<\/li>\n\n\n\t\t\t\t\t\n\n<li class=\"\">\n\t\t\t\t\t\t<a href=\"..\/img\/propose\/pro_sample02.jpg\" data-lightbox=\"propose\"><img decoding=\"async\" src=\"..\/img\/propose\/pro_sample02.jpg\" alt=\"\"><\/a>\n\t\t\t\t\t<\/li>\n\n\n\t\t\t\t\t\n\n<li class=\"\">\n\t\t\t\t\t\t<a href=\"..\/img\/propose\/pro_sample03.jpg\" data-lightbox=\"propose\"><img decoding=\"async\" src=\"..\/img\/propose\/pro_sample03.jpg\" alt=\"\"><\/a>\n\t\t\t\t\t<\/li>\n\n\n\t\t\t\t\t\n\n<li class=\"\">\n\t\t\t\t\t\t<a href=\"..\/img\/propose\/pro_sample04.jpg\" data-lightbox=\"propose\"><img decoding=\"async\" src=\"..\/img\/propose\/pro_sample04.jpg\" alt=\"\"><\/a>\n\t\t\t\t\t<\/li>\n\n\n\t\t\t\t\t\n\n<li class=\"\">\n\t\t\t\t\t\t<a href=\"..\/img\/propose\/pro_sample05.jpg\" data-lightbox=\"propose\"><img decoding=\"async\" src=\"..\/img\/propose\/pro_sample05.jpg\" alt=\"\"><\/a>\n\t\t\t\t\t<\/li>\n\n\n\t\t\t\t\t\n\n<li class=\"\">\n\t\t\t\t\t\t<a href=\"..\/img\/propose\/pro_sample06.jpg\" data-lightbox=\"propose\"><img decoding=\"async\" src=\"..\/img\/propose\/pro_sample06.jpg\" alt=\"\"><\/a>\n\t\t\t\t\t<\/li>\n\n\n\t\t\t\t\t\n\n<li class=\"\">\n\t\t\t\t\t\t<a href=\"..\/img\/propose\/pro_sample07.jpg\" data-lightbox=\"propose\"><img decoding=\"async\" src=\"..\/img\/propose\/pro_sample07.jpg\" alt=\"\"><\/a>\n\t\t\t\t\t<\/li>\n\n\n\t\t\t\t\t\n\n<li class=\"\">\n\t\t\t\t\t\t<a href=\"..\/img\/propose\/pro_sample08.jpg\" data-lightbox=\"propose\"><img decoding=\"async\" src=\"..\/img\/propose\/pro_sample08.jpg\" alt=\"\"><\/a>\n\t\t\t\t\t<\/li>\n\n\n\t\t\t\t\t\n\n<li class=\"\">\n\t\t\t\t\t\t<a href=\"..\/img\/propose\/pro_sample09.jpg\" data-lightbox=\"propose\"><img decoding=\"async\" src=\"..\/img\/propose\/pro_sample09.jpg\" alt=\"\"><\/a>\n\t\t\t\t\t<\/li>\n\n\n\t\t\t\t\t\n\n<li class=\"\">\n\t\t\t\t\t\t<a href=\"..\/img\/propose\/pro_sample10.jpg\" data-lightbox=\"propose\"><img decoding=\"async\" src=\"..\/img\/propose\/pro_sample10.jpg\" alt=\"\"><\/a>\n\t\t\t\t\t<\/li>\n\n\n\t\t\t\t\t\n\n<li class=\"\">\n\t\t\t\t\t\t<a href=\"..\/img\/propose\/pro_sample11.jpg\" data-lightbox=\"propose\"><img decoding=\"async\" src=\"..\/img\/propose\/pro_sample11.jpg\" alt=\"\"><\/a>\n\t\t\t\t\t<\/li>\n\n\n\t\t\t\t\t\n\n<li class=\"\">\n\t\t\t\t\t\t<a href=\"..\/img\/propose\/pro_sample12.jpg\" data-lightbox=\"propose\"><img decoding=\"async\" src=\"..\/img\/propose\/pro_sample12.jpg\" alt=\"\"><\/a>\n\t\t\t\t\t<\/li>\n\n\n\t\t\t\t\t\n\n<li class=\"\">\n\t\t\t\t\t\t<a href=\"..\/img\/propose\/pro_sample13.jpg\" data-lightbox=\"propose\"><img decoding=\"async\" src=\"..\/img\/propose\/pro_sample13.jpg\" alt=\"\"><\/a>\n\t\t\t\t\t<\/li>\n\n\n\t\t\t\t<\/ul>\n\n\n\t\t\t<\/div>\n\n\n--><\/p>\n<p>      <!-- container -->\n    <\/div>\n<\/section>\n<section class=\"common_area2\">\n<div class=\"common_area_top\">\n<div class=\"container\">\n<div class=\"contact_box\">\n<h3>\n            Nous sommes heureux d&#8217;aider votre R&amp;D avec notre technologie<br \/>\n            d&#8217;usinage de haute pr\u00e9cision et notre suggestion de mat\u00e9riau pour<br \/>\n            les mat\u00e9riaux ultra-durs.<br \/>\n          <\/h3>\n<div class=\"row\">\n<div class=\"contact_box_l col-sm-6\">\n<div class=\"logo\">\n                <img decoding=\"async\" src=\"\/common\/img\/ico\/common_logo_ico.png\" alt=\"\" \/>\n              <\/div>\n<div class=\"text_area\">\n<h4>Top Seiko Co., Ltd.<\/h4>\n<p>\n                  1197-4, Hosoe-cho, Nagahama City,<br \/>Shiga Pref., 526-0105<br \/>\n                  Japan <br \/>\n                  <a href=\"company\/address\/\" class=\"access_map_link\"\n                    >[ Access Map ]<\/a\n                  >\n                <\/p>\n<p>                <!-- \/.text_area -->\n              <\/div>\n<p>              <!-- \/.contact_box_logo col-sm-6 -->\n            <\/div>\n<div class=\"contact_box_r col-sm-6\">\n<div class=\"tel\">\n                Phone.+81-(0)749-51-9021<br \/>\n                <!-- \/.tel -->\n              <\/div>\n<div class=\"fax\">\n                FAX.+81-(0)749-51-9022<br \/>\n                <!-- \/.fax -->\n              <\/div>\n<div class=\"contact_btn btn_grad_blue2\">\n                <a href=\"..\/contact\"> Inquiry<\/a><br \/>\n                <!-- \/.contact_btn -->\n              <\/div>\n<div class=\"contact_btn btn_grad_blue\">\n                <a href=\"..\/download\">Documents Download<\/a><br \/>\n                <!-- \/.contact_btn -->\n              <\/div>\n<p>              <!-- \/.contact_box_other -->\n            <\/div>\n<p>            <!-- \/.row -->\n          <\/div>\n<p>          <!-- \/.contact_box -->\n        <\/div>\n<p>        <!-- \/.container -->\n      <\/div>\n<p>      <!-- \/.common_area_top -->\n    <\/div>\n<p>    <!-- \/.common_area --><br \/>\n  <\/section>\n<\/article>\n","protected":false},"excerpt":{"rendered":"<p>Service d&#8217;aide \u00e0 la s\u00e9lection des mat\u00e9riaux En tant que fournisseur de solutions pour les mat\u00e9riaux ultra-durs, Top Seiko propose un service d&#8217;aide \u00e0 la s\u00e9lection des mat\u00e9riaux en recommandant des mat\u00e9riaux sur la base de leurs propri\u00e9t\u00e9s importantes pour votre application. Comme nous ne produisons pas de mat\u00e9riaux, vous pouvez compter sur notre connaissance impartiale des mat\u00e9riaux pour choisir le mat\u00e9riau le mieux adapt\u00e9 \u00e0 votre application. Nous proposons non seulement des mat\u00e9riaux provenant de fabricants japonais, mais aussi de fabricants \u00e9trangers. Nous avons \u00e9galement une grande vari\u00e9t\u00e9 de mat\u00e9riaux en stock pour une livraison rapide. Vous pouvez profiter de notre service complet d&#8217;usinage de pr\u00e9cision, y compris l&#8217;aide [&hellip;]<\/p>\n","protected":false},"author":1,"featured_media":0,"parent":0,"menu_order":0,"comment_status":"closed","ping_status":"closed","template":"","meta":{"om_disable_all_campaigns":false,"_monsterinsights_skip_tracking":false,"_monsterinsights_sitenote_active":false,"_monsterinsights_sitenote_note":"","_monsterinsights_sitenote_category":0,"footnotes":""},"aioseo_notices":[],"_links":{"self":[{"href":"https:\/\/top-seiko.com\/fr\/wp-json\/wp\/v2\/pages\/7950"}],"collection":[{"href":"https:\/\/top-seiko.com\/fr\/wp-json\/wp\/v2\/pages"}],"about":[{"href":"https:\/\/top-seiko.com\/fr\/wp-json\/wp\/v2\/types\/page"}],"author":[{"embeddable":true,"href":"https:\/\/top-seiko.com\/fr\/wp-json\/wp\/v2\/users\/1"}],"replies":[{"embeddable":true,"href":"https:\/\/top-seiko.com\/fr\/wp-json\/wp\/v2\/comments?post=7950"}],"version-history":[{"count":3,"href":"https:\/\/top-seiko.com\/fr\/wp-json\/wp\/v2\/pages\/7950\/revisions"}],"predecessor-version":[{"id":7955,"href":"https:\/\/top-seiko.com\/fr\/wp-json\/wp\/v2\/pages\/7950\/revisions\/7955"}],"wp:attachment":[{"href":"https:\/\/top-seiko.com\/fr\/wp-json\/wp\/v2\/media?parent=7950"}],"curies":[{"name":"wp","href":"https:\/\/api.w.org\/{rel}","templated":true}]}}