{"id":8507,"date":"2016-09-08T14:32:40","date_gmt":"2016-09-08T05:32:40","guid":{"rendered":"https:\/\/top-seiko.com\/a-propos-de-nous\/"},"modified":"2023-01-13T17:20:24","modified_gmt":"2023-01-13T08:20:24","slug":"company","status":"publish","type":"page","link":"https:\/\/top-seiko.com\/fr\/company\/","title":{"rendered":"\u00c0 propos de nous"},"content":{"rendered":"<article class=\"m-company\">\n<section class=\"company\">\n<div class=\"container\">\n<h2 class=\"ttl01\"><span class=\"ja\">\u00c0 propos de nous<\/span><\/h2>\n<ul class=\"company_list row\">\n<li class=\"col-xs-12 col-sm-4 col-md-4 col-lg-4 row\">\n<div class=\"list_in\">\n<div class=\"col-sm-6 list_l\"><a href=\"overview\/\"><img decoding=\"async\" src=\"\/img\/company\/company_overview.jpg\" alt=\"Profil de l'entreprise \"><\/a><\/div>\n<div class=\"col-sm-6 list_r\">\n<h4>Profil de l&#8217;entreprise <\/h4>\n<p>\t\t\t\t\t\t\t<a href=\"overview\/\"><\/a>\n\t\t\t\t\t\t<\/div>\n<p>\t\t\t\t\t<!-- \/.list_in --><\/div>\n<\/li>\n<li class=\"col-xs-12 col-sm-4 col-md-4 col-lg-4 row\">\n<div class=\"list_in\">\n<div class=\"col-sm-6 list_l\"><a href=\"history\/\"><img decoding=\"async\" src=\"\/img\/company\/company_history.jpg\" alt=\"Historique de l'entreprise \"><\/a><\/div>\n<div class=\"col-sm-6 list_r\">\n<h4>Historique de l&#8217;entreprise <\/h4>\n<p>\t\t\t\t\t\t\t<a href=\"history\/\"><\/a>\n\t\t\t\t\t\t<\/div>\n<p>\t\t\t\t\t<!-- \/.list_in --><\/div>\n<\/li>\n<li class=\"col-xs-12 col-sm-4 col-md-4 col-lg-4 row\">\n<div class=\"list_in\">\n<div class=\"col-sm-6 list_l\"><a href=\"facility\/\"><img decoding=\"async\" src=\"\/img\/company\/company_facility.jpg\" alt=\"Liste des \u00e9quipements \"><\/a><\/div>\n<div class=\"col-sm-6 list_r\">\n<h4>Liste des \u00e9quipements <\/h4>\n<p>\t\t\t\t\t\t\t<a href=\"facility\/\"><\/a>\n\t\t\t\t\t\t<\/div>\n<p>\t\t\t\t\t<!-- \/.list_in --><\/div>\n<\/li>\n<li class=\"col-xs-12 col-sm-4 col-md-4 col-lg-4 row\">\n<div class=\"list_in\">\n<div class=\"col-sm-6 list_l\"><a href=\"address\/\"><img decoding=\"async\" src=\"\/img\/company\/company_address.jpg\" alt=\"Localisation \"><\/a><\/div>\n<div class=\"col-sm-6 list_r\">\n<h4>Localisation <\/h4>\n<p>\t\t\t\t\t\t\t<a href=\"address\/\"><\/a>\n\t\t\t\t\t\t<\/div>\n<p>\t\t\t\t\t<!-- \/.list_in --><\/div>\n<\/li>\n<li class=\"col-xs-12 col-sm-4 col-md-4 col-lg-4 row\">\n<div class=\"list_in\">\n<div class=\"col-sm-6 list_l\"><a href=\"greeting\/\"><img decoding=\"async\" src=\"\/img\/company\/company_greeting.jpg\" alt=\"Message du PDG \"><\/a><\/div>\n<div class=\"col-sm-6 list_r\">\n<h4>Message du PDG <\/h4>\n<p>\t\t\t\t\t\t\t<a href=\"greeting\/\"><\/a>\n\t\t\t\t\t\t<\/div>\n<p>\t\t\t\t\t<!-- \/.list_in --><\/div>\n<\/li>\n<li class=\"col-xs-12 col-sm-4 col-md-4 col-lg-4 row\">\n<div class=\"list_in\">\n<div class=\"col-sm-6 list_l\"><a href=\"philosophy\/\"><img decoding=\"async\" src=\"\/img\/company\/company_philosophy.jpg\" alt=\"Notre philosophie\"><\/a><\/div>\n<div class=\"col-sm-6 list_r\">\n<h4>Notre philosophie <\/h4>\n<p>\t\t\t\t\t\t\t<a href=\"philosophy\/\"><\/a>\n\t\t\t\t\t\t<\/div>\n<p>\t\t\t\t\t<!-- \/.list_in --><\/div>\n<\/li>\n<li class=\"col-xs-12 col-sm-4 col-md-4 col-lg-4 row\">\n<div class=\"list_in\">\n<div class=\"col-sm-6 list_l\"><a href=\"iso\/\"><img decoding=\"async\" src=\"\/img\/company\/company_iso.jpg\" alt=\"Certification ISO \"><\/a><\/div>\n<div class=\"col-sm-6 list_r\">\n<h4>Certification ISO <\/h4>\n<p>\t\t\t\t\t\t\t<a href=\"iso\/\"><\/a>\n\t\t\t\t\t\t<\/div>\n<p>\t\t\t\t\t<!-- \/.list_in --><\/div>\n<\/li>\n<li class=\"col-xs-12 col-sm-4 col-md-4 col-lg-4 row\">\n<div class=\"list_in\">\n<div class=\"col-sm-6 list_l\"><a href=\"..\/news\/\"><img decoding=\"async\" src=\"\/img\/company\/company_news.jpg\" alt=\"News\"><\/a><\/div>\n<div class=\"col-sm-6 list_r\">\n<h4>News<\/h4>\n<p>\t\t\t\t\t\t\t<a href=\"..\/news\/\"><\/a>\n\t\t\t\t\t\t<\/div>\n<p>\t\t\t\t\t<!-- \/.list_in --><\/div>\n<\/li>\n<li class=\"col-xs-12 col-sm-4 col-md-4 col-lg-4 row\">\n<div class=\"list_in\">\n<div class=\"col-sm-6 list_l\"><a href=\"https:\/\/top-seiko.com\/fr\/common\/pdf\/Top_Seiko_Terms_and_Conditions_of_Sales.pdf\" target=\"new\" rel=\"noopener\"><img decoding=\"async\" src=\"\/img\/company\/company_recruit.jpg\" alt=\"Modalit\u00e9s et conditions\"><\/a><\/div>\n<div class=\"col-sm-6 list_r\">\n<h4>Modalit\u00e9s et conditions<\/h4>\n<p>\t\t\t\t\t\t\t<a href=\"https:\/\/top-seiko.com\/fr\/common\/pdf\/Top_Seiko_Terms_and_Conditions_of_Sales.pdf\" target=\"new\" rel=\"noopener\"><\/a>\n\t\t\t\t\t\t<\/div>\n<p>\t\t\t\t\t<!-- \/.list_in --><\/div>\n<\/li>\n<\/ul>\n<div class=\"news\">\n<h2 class=\"ttl02\"><span class=\"ja\">Actualit\u00e9s <\/span><\/h2>\n<div class=\"news_table_area box-shadow\">\n<table class=\"table_style3 table-responsive2\">\n\t\t\t\t\t\t<tr>\n\t<th><time>2025.08.29<\/time><\/th>\n\t<td><a href=\"https:\/\/top-seiko.com\/fr\/news\/13808\/\">Prototypage rapide et mat\u00e9riaux pour semi-conducteurs<\/a><\/td>\n<\/tr><tr>\n\t<th><time>2025.08.08<\/time><\/th>\n\t<td><a href=\"https:\/\/top-seiko.com\/fr\/news\/13735\/\">\u00c0 quoi servent les composants soud\u00e9s par diffusion ?<\/a><\/td>\n<\/tr><tr>\n\t<th><time>2025.06.06<\/time><\/th>\n\t<td><a href=\"https:\/\/top-seiko.com\/fr\/news\/13643\/\">Pourquoi l&#8217;usinage de pr\u00e9cision est-il plus cher ?<\/a><\/td>\n<\/tr><br \/>\n\t\t\t\t\t<\/table>\n<\/p><\/div>\n<div class=\"all_news\">\n\t\t\t\t\t<a href=\"..\/news\/\">liste des actualit\u00e9s<i class=\"fa fa-caret-right\" aria-hidden=\"true\"><\/i><\/a>\n\t\t\t\t<\/div>\n<p>\t\t\t<!-- \/.news --><\/div>\n<p>\t\t<!-- container --><\/div>\n<\/section>\n<\/article>\n","protected":false},"excerpt":{"rendered":"<p>\u00c0 propos de nous Profil de l&#8217;entreprise Historique de l&#8217;entreprise Liste des \u00e9quipements Localisation Message du PDG Notre philosophie Certification ISO News Modalit\u00e9s et conditions Actualit\u00e9s liste des actualit\u00e9s<\/p>\n","protected":false},"author":1,"featured_media":0,"parent":0,"menu_order":0,"comment_status":"closed","ping_status":"closed","template":"","meta":{"om_disable_all_campaigns":false,"_monsterinsights_skip_tracking":false,"_monsterinsights_sitenote_active":false,"_monsterinsights_sitenote_note":"","_monsterinsights_sitenote_category":0,"footnotes":""},"aioseo_notices":[],"_links":{"self":[{"href":"https:\/\/top-seiko.com\/fr\/wp-json\/wp\/v2\/pages\/8507"}],"collection":[{"href":"https:\/\/top-seiko.com\/fr\/wp-json\/wp\/v2\/pages"}],"about":[{"href":"https:\/\/top-seiko.com\/fr\/wp-json\/wp\/v2\/types\/page"}],"author":[{"embeddable":true,"href":"https:\/\/top-seiko.com\/fr\/wp-json\/wp\/v2\/users\/1"}],"replies":[{"embeddable":true,"href":"https:\/\/top-seiko.com\/fr\/wp-json\/wp\/v2\/comments?post=8507"}],"version-history":[{"count":4,"href":"https:\/\/top-seiko.com\/fr\/wp-json\/wp\/v2\/pages\/8507\/revisions"}],"predecessor-version":[{"id":8575,"href":"https:\/\/top-seiko.com\/fr\/wp-json\/wp\/v2\/pages\/8507\/revisions\/8575"}],"wp:attachment":[{"href":"https:\/\/top-seiko.com\/fr\/wp-json\/wp\/v2\/media?parent=8507"}],"curies":[{"name":"wp","href":"https:\/\/api.w.org\/{rel}","templated":true}]}}