{"id":8516,"date":"2016-09-08T14:36:14","date_gmt":"2016-09-08T05:36:14","guid":{"rendered":"https:\/\/top-seiko.com\/company\/politique-de-qualite-iso-9001\/"},"modified":"2023-01-12T19:25:05","modified_gmt":"2023-01-12T10:25:05","slug":"iso","status":"publish","type":"page","link":"https:\/\/top-seiko.com\/fr\/company\/iso\/","title":{"rendered":"Politique de qualit\u00e9 ISO 9001"},"content":{"rendered":"<article class=\"m-iso\">\n<section class=\"iso\">\n<div class=\"container\">\n<h2 class=\"ttl02\"><span class=\"ja\">Politique de qualit\u00e9 ISO 9001<\/span><\/h2>\n<div class=\"detail_area_in box-shadow\">\n<div class=\"iso_heading\">\n En ao\u00fbt 2006, Top Seiko a obtenu les certifications ISO 9001:2000 et JISQ 9001:2000, deux normes internationales de syst\u00e8mes de gestion de la qualit\u00e9, dans le cadre d&#8217;un effort unifi\u00e9 des employ\u00e9s visant \u00e0 am\u00e9liorer davantage la satisfaction client et \u00e0 fournir des produits s\u00fbrs et de haute qualit\u00e9. Nous souhaitons continuer \u00e0 exploiter efficacement notre syst\u00e8me de gestion de la qualit\u00e9 \u00e0 l&#8217;avenir, et \u00eatre un &#8220;groupe d&#8217;ing\u00e9nierie&#8221; qui continue \u00e0 \u00eatre appr\u00e9ci\u00e9 par les clients.\n        <\/div>\n<div class=\"basic\">\n<h3 class=\"ttl03\">Politique de qualit\u00e9 g\u00e9n\u00e9rale<\/h3>\n<div class=\"basic_list\">\n<h4>Politique de qualit\u00e9<\/h4>\n<dl>\n<dt>1<\/dt>\n<dd>Nous focaliser sur nos clients est le pilier de notre gestion.<\/dd>\n<\/dl>\n<dl>\n<dt>2<\/dt>\n<dd>Nous continuons \u00e0 nous d\u00e9velopper et \u00e0 nous am\u00e9liorer gr\u00e2ce \u00e0 l&#8217;application efficace de notre syst\u00e8me de gestion.<\/dd>\n<\/dl>\n<dl>\n<dt>3<\/dt>\n<dd>Nous agirons en tenant compte de la pr\u00e9servation de l&#8217;environnement et de la sant\u00e9 de la population.<\/dd>\n<\/dl>\n<p>          <!-- \/.basic_list --><\/div>\n<p>        <!-- \/.detail_area_in --><\/div>\n<p>      <!-- \/.basic --><\/div>\n<p>    <!-- container --><\/div>\n<p>  <!-- iso --><\/section>\n<\/article>\n","protected":false},"excerpt":{"rendered":"<p>Politique de qualit\u00e9 ISO 9001 En ao\u00fbt 2006, Top Seiko a obtenu les certifications ISO 9001:2000 et JISQ 9001:2000, deux normes internationales de syst\u00e8mes de gestion de la qualit\u00e9, dans le cadre d&#8217;un effort unifi\u00e9 des employ\u00e9s visant \u00e0 am\u00e9liorer davantage la satisfaction client et \u00e0 fournir des produits s\u00fbrs et de haute qualit\u00e9. Nous souhaitons continuer \u00e0 exploiter efficacement notre syst\u00e8me de gestion de la qualit\u00e9 \u00e0 l&#8217;avenir, et \u00eatre un &#8220;groupe d&#8217;ing\u00e9nierie&#8221; qui continue \u00e0 \u00eatre appr\u00e9ci\u00e9 par les clients. Politique de qualit\u00e9 g\u00e9n\u00e9rale Politique de qualit\u00e9 1 Nous focaliser sur nos clients est le pilier de notre gestion. 2 Nous continuons \u00e0 nous d\u00e9velopper et \u00e0 nous [&hellip;]<\/p>\n","protected":false},"author":1,"featured_media":0,"parent":8507,"menu_order":0,"comment_status":"closed","ping_status":"closed","template":"page-child-company.php","meta":{"om_disable_all_campaigns":false,"_monsterinsights_skip_tracking":false,"_monsterinsights_sitenote_active":false,"_monsterinsights_sitenote_note":"","_monsterinsights_sitenote_category":0,"footnotes":""},"aioseo_notices":[],"_links":{"self":[{"href":"https:\/\/top-seiko.com\/fr\/wp-json\/wp\/v2\/pages\/8516"}],"collection":[{"href":"https:\/\/top-seiko.com\/fr\/wp-json\/wp\/v2\/pages"}],"about":[{"href":"https:\/\/top-seiko.com\/fr\/wp-json\/wp\/v2\/types\/page"}],"author":[{"embeddable":true,"href":"https:\/\/top-seiko.com\/fr\/wp-json\/wp\/v2\/users\/1"}],"replies":[{"embeddable":true,"href":"https:\/\/top-seiko.com\/fr\/wp-json\/wp\/v2\/comments?post=8516"}],"version-history":[{"count":1,"href":"https:\/\/top-seiko.com\/fr\/wp-json\/wp\/v2\/pages\/8516\/revisions"}],"predecessor-version":[{"id":8523,"href":"https:\/\/top-seiko.com\/fr\/wp-json\/wp\/v2\/pages\/8516\/revisions\/8523"}],"up":[{"embeddable":true,"href":"https:\/\/top-seiko.com\/fr\/wp-json\/wp\/v2\/pages\/8507"}],"wp:attachment":[{"href":"https:\/\/top-seiko.com\/fr\/wp-json\/wp\/v2\/media?parent=8516"}],"curies":[{"name":"wp","href":"https:\/\/api.w.org\/{rel}","templated":true}]}}