{"id":8553,"date":"2016-09-08T14:37:17","date_gmt":"2016-09-08T05:37:17","guid":{"rendered":"https:\/\/top-seiko.com\/soutien-au-developpement-de-produits\/"},"modified":"2023-02-06T15:21:56","modified_gmt":"2023-02-06T06:21:56","slug":"cooperation","status":"publish","type":"page","link":"https:\/\/top-seiko.com\/fr\/cooperation\/","title":{"rendered":"Soutien au d\u00e9veloppement de produits"},"content":{"rendered":"<article class=\"m-cooperation\">\n\t<!-- \u52a0\u5de5\u6280\u8853\u7d39\u4ecb --><\/p>\n<section class=\"cooperation\">\n<div class=\"container\">\n<h2 class=\"ttl01\">\n\t\t\t\t<span class=\"ja\">Soutien au d\u00e9veloppement de produits<\/span><br \/>\n\t\t\t<\/h2>\n<div class=\"contents_top box-shadow row\">\n<div class=\"contents_top_text col-sm-7\">\n<p>Avec nos machines les plus r\u00e9centes, divers types d&#8217;outils d&#8217;usinage en stock et des ing\u00e9nieurs et op\u00e9rateurs exp\u00e9riment\u00e9s, nous aidons nos clients \u00e0 d\u00e9marrer leurs projets de d\u00e9veloppement de produits le plus rapidement possible. <br \/>\n Vous pouvez compter sur nous pour vos besoins d&#8217;usinage aussi bien pour des prototypes \u00e0 faible volume que pour de la production \u00e0 grand volume. <\/p>\n<p>Pour vos besoins d&#8217;usinage les plus exigeants, nosu proc\u00e9dons \u00e0 un test d&#8217;usinage. En fonction des r\u00e9sultats de ce test, nous d\u00e9cidons des meilleurs conditions d&#8217;usinages afin d&#8217;atteindre et d\u00e9passer vos exigences les plus fortes. Nous continuerons les tests jusqu&#8217;\u00e0 obtention du r\u00e9sultat souhait\u00e9.  <\/p>\n<p>Profitez de la force combin\u00e9e de notre connaissance des mat\u00e9riaux et de notre savoir-faire en mati\u00e8re d&#8217;usinage, et faites en sorte que vos produits innovants et passionnants deviennent rapidement une r\u00e9alit\u00e9 commerciale !<\/p>\n<\/p><\/div>\n<div class=\"contents_img col-sm-5 tC\">\n\t\t\t\t\t<img decoding=\"async\" src=\"\/img\/cooperation\/cooperation_img01.jpg\" alt=\"\">\n\t\t\t\t<\/div>\n<\/p><\/div>\n<div class=\"flow\">\n<h3 class=\"ttl02\"><span class=\"ja\">De la demande \u00e0 la livraison<\/span><\/h3>\n<div class=\"flow_box box-shadow\">\n<ul class=\"row\">\n<li class=\"box_border_only col-sm-6\u3000col-md-6 col-lg-6 mb30\">\n<h4 class=\"ttl_grad_blue box-shadow tC\">01. Demande<\/h4>\n<div class=\"list_in\">\n<div class=\"image\"><img decoding=\"async\" src=\"\/img\/cooperation\/flow_img01.jpg\" alt=\"\"><\/div>\n<p>Vous pouvez tirer pleinement avantage de nos services en nous fournissant les informations les plus d\u00e9taill\u00e9es possibles pour votre application. Nous vous aiderons \u00e0 identifier la meilleure solution possible adapt\u00e9e \u00e0 vos besoins gr\u00e2ce \u00e0 notre connaissance approfondie des mat\u00e9riaux exotiques et notre solide exp\u00e9rience de l&#8217;usinage. <\/p>\n<dl>\n<dt>Choix du mat\u00e9riau<\/dt>\n<dd>Nous pouvons vous aider \u00e0 choisir le mat\u00e9riau avec les propri\u00e9t\u00e9s appropri\u00e9es pour votre application.<\/dd>\n<\/dl>\n<p>\t\t\t\t\t\t\t<!-- \/.list_in --><\/div>\n<\/li>\n<li class=\"box_border_only col-sm-6\u3000col-md-6 col-lg-6 mb30\">\n<h4 class=\"ttl_grad_blue box-shadow tC\">02. S\u00e9l\u00e9ction du proc\u00e9d\u00e9 d&#8217;usinage<\/h4>\n<div class=\"list_in\">\n<div class=\"image\"><img decoding=\"async\" src=\"\/img\/cooperation\/flow_img02.jpg\" alt=\"\"><\/div>\n<dl>\n<dt>Pour choisir le proc\u00e9d\u00e9 d&#8217;usinage, nous consid\u00e9rons:<\/dt>\n<dd>1. Les exigences en terme de qualit\u00e9 (dont les tol\u00e9rances dimensionnelles, la complexit\u00e9 de la forme et le traitement de surface) et de quantit\u00e9, ainsi que les co\u00fbts d&#8217;usinage.<\/dd>\n<dd>2. Les propri\u00e9t\u00e9s physiques du mat\u00e9riau, dont la duret\u00e9, la t\u00e9nacit\u00e9, la rigidit\u00e9 (module d&#8217;Young), le coefficient de dilatation thermique, la conductivit\u00e9 thermique et les caract\u00e9ristiques \u00e9l\u00e9ctriques.<\/dd>\n<dd>3. La composition chimique du mat\u00e9tiau.<\/dd>\n<\/dl>\n<p>\t\t\t\t\t\t\t<!-- \/.list_in --><\/div>\n<\/li>\n<\/ul>\n<div class=\"box_border_only mb30\">\n<h4 class=\"ttl_grad_blue box-shadow tC\">03. Acceptation de la commande<\/h4>\n<div class=\"list_in\">\n<div class=\"row\">\n<div class=\"col-sm-6\">\n<div class=\"image\"><img decoding=\"async\" src=\"\/img\/cooperation\/flow_img03.jpg\" alt=\"\"><\/div>\n<p>Nous serons ravis d&#8217;accepter vos commandes d\u00e8s lors que vous estimerez que notre service vous est b\u00e9n\u00e9fique. Nous voulons nous assurer que notre service est celui qui convient le mieux \u00e0 vos besoins d&#8217;usinage. <\/p>\n<dl>\n<dt>Recommandation d&#8217;une autre entreprise d&#8217;usinage <\/dt>\n<dd>Si vos besoins n\u00e9cessitent un proc\u00e9d\u00e9 ou traitement particulier que nous ne pouvons pas prendre en charge, nous vous recommanderons volontiers un autre sp\u00e9cialiste de l&#8217;usinage. Une fois que nous vous aurons communiqu\u00e9 leurs coordonn\u00e9es, vous pourrez les contacter directement.  <\/dd>\n<\/dl>\n<dl>\n<dt>Pr\u00e9paration pour l&#8217;usinage d&#8217;essai <\/dt>\n<dd>Si un usinage d&#8217;essai s&#8217;av\u00e8re n\u00e9cessaire, nous choisirons le ou les proc\u00e9d\u00e9s, machines, outils et conditions d&#8217;usinage sur la base des sp\u00e9cifications techniques de chaque pi\u00e8ce et de exigences des applications. <br \/>\n Nous disposons d&#8217;un stock large et vari\u00e9 d&#8217;outils d&#8217;usinage. Pour les essais d&#8217;usinage, effectuer le test avec des outils disponibles en stock est recommand\u00e9 pour obtenir des r\u00e9sultats dans un d\u00e9lai plus rapide et \u00e0 un co\u00fbt plus faible. <\/dd>\n<\/dl>\n<p>\t\t\t\t\t\t\t\t<!-- \/.col-sm-6 --><\/div>\n<div class=\"col-sm-6\">\n<dl>\n<dt>Usinage d&#8217;essai<\/dt>\n<dd>Parmi plusieurs types de machines, nous s\u00e9lectionnons la plus efficace pour r\u00e9aliser l&#8217;usinage d&#8217;essai dans les d\u00e9lais impartise. Notre op\u00e9rateur exp\u00e9riment\u00e9 surveillera la machine durant son fonctionnement pour d\u00e9tecter d&#8217;\u00e9ventuels probl\u00e8mes\/sons r\u00e9sultant d&#8217;une exc\u00e8s de charge d&#8217;usinage ou des vibrations. Si de tels probl\u00e8mes sont d\u00e9tect\u00e9s, nous effectuerons les ajustements n\u00e9cessaires \u00e0 un fonctionnement optimal .   <\/dd>\n<\/dl>\n<dl>\n<dt>\u00c9valuation des r\u00e9sultats<\/dt>\n<dd>Nous \u00e9valuons les r\u00e9sultats de l&#8217;usinage d&#8217;essai. S&#8217;ils ne sont pas satisfaisants, nous continuerons les tests jusqu&#8217;\u00e0 obtention des r\u00e9sultats souhait\u00e9s. Ensuite, nous finaliserons le choix des proc\u00e9d\u00e9s, outils et conditions d&#8217;usinage afin de poursuivre l&#8217;usinage du produit.  <\/dd>\n<\/dl>\n<p>\t\t\t\t\t\t\t\t<!-- \/.col-sm-6 --><\/div>\n<p>\t\t\t\t\t\t\t<!-- \/.row --><\/div>\n<p>\t\t\t\t\t\t<!-- \/.list_in --><\/div>\n<\/p><\/div>\n<ul class=\"row\">\n<li class=\"box_border_only col-sm-6\u3000col-md-6 col-lg-6\">\n<h4 class=\"ttl_grad_blue box-shadow tC\">04. Pr\u00e9paration pour l&#8217;usinage du produit<\/h4>\n<div class=\"list_in\">\n<div class=\"image\"><img decoding=\"async\" src=\"\/img\/cooperation\/flow_img04.jpg\" alt=\"\"><\/div>\n<p>Si ce projet n\u00e9cessite des outils ou des dispositifs de fixation et montage sp\u00e9cifiques, ils serons pr\u00e9par\u00e9s \u00e0 cette \u00e9tape.<\/p>\n<dl>\n<dt>Usinage des produits<\/dt>\n<dd>Les ajustements finaux seront fait afin de s&#8217;assurer que tous les proc\u00e9d\u00e9s d&#8217;usinage sont effectu\u00e9s dans des conditions optimales. <br \/>\n Pour chaque projet, les machines et les op\u00e9rateurs sont s\u00e9lectionn\u00e9s soigneusement pour \u00eatre s\u00fbr que nous satisfaisons et surpassons vos exigences. Vous pouvez m\u00eame observer les op\u00e9rations d&#8217;usinage si n\u00e9cessaire. Veillez \u00e0 faire une r\u00e9servation avant votre visite.  <\/dd>\n<\/dl>\n<dl>\n<dt>Inspection \/ Assurance qualit\u00e9<\/dt>\n<dd>Tous les produits passent une inspection pour s&#8217;assurer que nous ne fournissons que ceux qui r\u00e9pondent aux exigences de qualit\u00e9.<\/dd>\n<\/dl>\n<p>\t\t\t\t\t\t\t<!-- \/.list_in --><\/div>\n<\/li>\n<li class=\"box_border_only col-sm-6\u3000col-md-6 col-lg-6\">\n<h4 class=\"ttl_grad_blue box-shadow tC\">05. Livraison<\/h4>\n<div class=\"list_in\">\n<div class=\"image\"><img decoding=\"async\" src=\"\/img\/cooperation\/flow_img05.jpg\" alt=\"\"><\/div>\n<p>Tous nos produits sont livr\u00e9s avec des rapports d&#8217;inspection. Des informations sur nos proc\u00e9d\u00e9s de fabrication peuvent \u00eatre fournies sur demande.  <\/p>\n<p>\t\t\t\t\t\t\t<!-- \/.list_in --><\/div>\n<\/li>\n<\/ul>\n<p>\t\t\t\t<!-- \/.flow_box --><\/div>\n<\/p><\/div>\n<p>\t\t<!-- container --><\/div>\n<\/section>\n<section class=\"common_area2\">\n<div class=\"common_area_top\">\n<div class=\"container\">\n<div class=\"contact_box\">\n<h3>Nous sommes heureux d&#8217;aider votre R&amp;D avec notre technologie d&#8217;usinage de haute pr\u00e9cision et notre suggestion de mat\u00e9riau pour les mat\u00e9riaux ultra-durs.<\/h3>\n<div class=\"row\">\n<div class=\"contact_box_l col-sm-6\">\n<div class=\"logo\"><img decoding=\"async\" src=\"\/common\/img\/ico\/common_logo_ico.png\" alt=\"\"><\/div>\n<div class=\"text_area\">\n<h4>Top Seiko Co., Ltd.<\/h4>\n<p>\n 1197-4, Hosoe-cho, Nagahama City,<br \/>Shiga Pref., 526-0105 Japan <br \/>\n\t\t\t\t\t\t\t\t\t<a href=\"company\/address\/\" class=\"access_map_link\">[ Access Map ]<\/a>\n\t\t\t\t\t\t\t\t<\/p>\n<p>\t\t\t\t\t\t\t<!-- \/.text_area --><\/div>\n<p>\t\t\t\t\t\t<!-- \/.contact_box_logo col-sm-6 --><\/div>\n<div class=\"contact_box_r col-sm-6\">\n<div class=\"tel\">\n Phone.+81-(0)749-51-9021<br \/>\n\t\t\t\t\t\t\t<!-- \/.tel --><\/div>\n<div class=\"fax\">\n FAX.+81-(0)749-51-9022<br \/>\n\t\t\t\t\t\t\t<!-- \/.fax --><\/div>\n<div class=\"contact_btn btn_grad_blue2\">\n\t\t\t\t\t\t\t\t<a href=\"..\/contact\"> Inquiry<\/a><br \/>\n\t\t\t\t\t\t\t<!-- \/.contact_btn --><\/div>\n<div class=\"contact_btn btn_grad_blue\">\n\t\t\t\t\t\t\t\t<a href=\"..\/download\">Documents Download<\/a><br \/>\n\t\t\t\t\t\t\t<!-- \/.contact_btn --><\/div>\n<p>\t\t\t\t\t\t<!-- \/.contact_box_other --><\/div>\n<p>\t\t\t\t\t<!-- \/.row --><\/div>\n<p>\t\t\t\t<!-- \/.contact_box --><\/div>\n<p>\t\t\t<!-- \/.container --><\/div>\n<p>\t\t<!-- \/.common_area_top --><\/div>\n<p>\t<!-- \/.common_area --><\/section>\n<\/article>\n","protected":false},"excerpt":{"rendered":"<p>Soutien au d\u00e9veloppement de produits Avec nos machines les plus r\u00e9centes, divers types d&#8217;outils d&#8217;usinage en stock et des ing\u00e9nieurs et op\u00e9rateurs exp\u00e9riment\u00e9s, nous aidons nos clients \u00e0 d\u00e9marrer leurs projets de d\u00e9veloppement de produits le plus rapidement possible. Vous pouvez compter sur nous pour vos besoins d&#8217;usinage aussi bien pour des prototypes \u00e0 faible volume que pour de la production \u00e0 grand volume. Pour vos besoins d&#8217;usinage les plus exigeants, nosu proc\u00e9dons \u00e0 un test d&#8217;usinage. En fonction des r\u00e9sultats de ce test, nous d\u00e9cidons des meilleurs conditions d&#8217;usinages afin d&#8217;atteindre et d\u00e9passer vos exigences les plus fortes. Nous continuerons les tests jusqu&#8217;\u00e0 obtention du r\u00e9sultat souhait\u00e9. Profitez de [&hellip;]<\/p>\n","protected":false},"author":1,"featured_media":0,"parent":0,"menu_order":0,"comment_status":"closed","ping_status":"closed","template":"","meta":{"om_disable_all_campaigns":false,"_monsterinsights_skip_tracking":false,"_monsterinsights_sitenote_active":false,"_monsterinsights_sitenote_note":"","_monsterinsights_sitenote_category":0,"footnotes":""},"aioseo_notices":[],"_links":{"self":[{"href":"https:\/\/top-seiko.com\/fr\/wp-json\/wp\/v2\/pages\/8553"}],"collection":[{"href":"https:\/\/top-seiko.com\/fr\/wp-json\/wp\/v2\/pages"}],"about":[{"href":"https:\/\/top-seiko.com\/fr\/wp-json\/wp\/v2\/types\/page"}],"author":[{"embeddable":true,"href":"https:\/\/top-seiko.com\/fr\/wp-json\/wp\/v2\/users\/1"}],"replies":[{"embeddable":true,"href":"https:\/\/top-seiko.com\/fr\/wp-json\/wp\/v2\/comments?post=8553"}],"version-history":[{"count":4,"href":"https:\/\/top-seiko.com\/fr\/wp-json\/wp\/v2\/pages\/8553\/revisions"}],"predecessor-version":[{"id":8874,"href":"https:\/\/top-seiko.com\/fr\/wp-json\/wp\/v2\/pages\/8553\/revisions\/8874"}],"wp:attachment":[{"href":"https:\/\/top-seiko.com\/fr\/wp-json\/wp\/v2\/media?parent=8553"}],"curies":[{"name":"wp","href":"https:\/\/api.w.org\/{rel}","templated":true}]}}